{"id":84667,"date":"2026-04-14T16:32:20","date_gmt":"2026-04-14T14:32:20","guid":{"rendered":"https:\/\/www.koonings.com\/product\/roberto-vicentti-cor-30-22-690-spaccato\/"},"modified":"2025-06-05T13:55:46","modified_gmt":"2025-06-05T11:55:46","slug":"roberto-vicentti-cor-30-22-690-spaccato","status":"publish","type":"product","link":"https:\/\/www.koonings.com\/de\/product\/roberto-vicentti-cor-30-22-690-spaccato\/","title":{"rendered":"Roberto Vicentti Cor 30.22.690 Spaccato"},"content":{"rendered":"<p>Aus Koonings The Wedding Palace Kollektion: ein beige\/silberner Hochzeitsanzug mit Acetat und Wolle im Mikrodesign. Das spitz zulaufende, einkn\u00f6pfige Sakko bildet einen stilvollen Kontrast zu der zweireihigen Weste mit 4&#215;4 Kn\u00f6pfen, die durch eine Krawatte und ein Einstecktuch f\u00fcr einen raffinierten und eleganten Look erg\u00e4nzt wird. ROBERTO VICENTTI ist die richtige Wahl f\u00fcr den modernen Br\u00e4utigam, der bei seiner Hochzeit ein Statement abgeben m\u00f6chte. Zusammen mit seiner Braut gl\u00e4nzt er im Mittelpunkt dieses besonderen Tages. Mit einer perfekten Passform und raffinierten Stildetails bietet ein Roberto Vicentti Anzug die ultimative Kombination aus Eleganz und Exklusivit\u00e4t.    <\/p>\n","protected":false},"featured_media":81270,"template":"","meta":{"_acf_changed":false,"ghostkit_customizer_options":"","ghostkit_custom_css":"","ghostkit_custom_js_head":"","ghostkit_custom_js_foot":"","ghostkit_typography":""},"productdetails":[],"productneck":[],"productcolor":[501],"maat":[],"productsupplier":[449],"productsleeve":[],"productcategory":[227],"productsilhouette":[],"productstyle":[],"class_list":["post-84667","product","type-product","status-publish","has-post-thumbnail","hentry","productcolor-501","productsupplier-roberto-vicentti","productcategory-kostuum"],"acf":[],"yoast_head":"<!-- This site is optimized with the Yoast SEO plugin v27.3 - https:\/\/yoast.com\/product\/yoast-seo-wordpress\/ -->\n<title>Roberto Vicentti Cor 30.22.690 Spaccato | Koonings<\/title>\n<meta name=\"description\" content=\"Aus Koonings The Wedding Palace Kollektion: ein beige\/silberner Hochzeitsanzug mit Acetat und Wolle im Mikrodesign. Das spitz zulaufende, einkn\u00f6pfige Sakko bildet einen stilvollen Kontrast zu der zweireihigen Weste mit 4x4 Kn\u00f6pfen, die durch eine Krawatte und ein Einstecktuch f\u00fcr einen raffinierten und eleganten Look erg\u00e4nzt wird. ROBERTO VICENTTI ist die richtige Wahl f\u00fcr den modernen Br\u00e4utigam, der bei seiner Hochzeit ein Statement abgeben m\u00f6chte. Zusammen mit seiner Braut gl\u00e4nzt er im Mittelpunkt dieses besonderen Tages. Mit einer perfekten Passform und raffinierten Stildetails bietet ein Roberto Vicentti Anzug die ultimative Kombination aus Eleganz und Exklusivit\u00e4t.\" \/>\n<meta name=\"robots\" content=\"index, follow, max-snippet:-1, max-image-preview:large, max-video-preview:-1\" \/>\n<link rel=\"canonical\" href=\"https:\/\/www.koonings.com\/de\/product\/roberto-vicentti-cor-30-22-690-spaccato\/\" \/>\n<meta property=\"og:locale\" content=\"de_DE\" \/>\n<meta property=\"og:type\" content=\"article\" \/>\n<meta property=\"og:title\" content=\"Roberto Vicentti Cor 30.22.690 Spaccato | Koonings\" \/>\n<meta property=\"og:description\" content=\"Aus Koonings The Wedding Palace Kollektion: ein beige\/silberner Hochzeitsanzug mit Acetat und Wolle im Mikrodesign. Das spitz zulaufende, einkn\u00f6pfige Sakko bildet einen stilvollen Kontrast zu der zweireihigen Weste mit 4x4 Kn\u00f6pfen, die durch eine Krawatte und ein Einstecktuch f\u00fcr einen raffinierten und eleganten Look erg\u00e4nzt wird. ROBERTO VICENTTI ist die richtige Wahl f\u00fcr den modernen Br\u00e4utigam, der bei seiner Hochzeit ein Statement abgeben m\u00f6chte. Zusammen mit seiner Braut gl\u00e4nzt er im Mittelpunkt dieses besonderen Tages. Mit einer perfekten Passform und raffinierten Stildetails bietet ein Roberto Vicentti Anzug die ultimative Kombination aus Eleganz und Exklusivit\u00e4t.\" \/>\n<meta property=\"og:url\" content=\"https:\/\/www.koonings.com\/de\/product\/roberto-vicentti-cor-30-22-690-spaccato\/\" \/>\n<meta property=\"og:site_name\" content=\"Koonings\" \/>\n<meta property=\"article:publisher\" content=\"https:\/\/www.facebook.com\/kooningstheweddingpalace\" \/>\n<meta property=\"og:image\" content=\"https:\/\/www.koonings.com\/wp-content\/uploads\/2025\/02\/49833_7f7bd602b2cdfbdd9c104a71e1851d062240abc9737283bd062f1f8b6431e43b5b4149d5-scaled.jpeg\" \/>\n\t<meta property=\"og:image:width\" content=\"1580\" \/>\n\t<meta property=\"og:image:height\" content=\"2560\" \/>\n\t<meta property=\"og:image:type\" content=\"image\/jpeg\" \/>\n<meta name=\"twitter:card\" content=\"summary_large_image\" \/>\n<meta name=\"twitter:label1\" content=\"Gesch\u00e4tzte Lesezeit\" \/>\n\t<meta name=\"twitter:data1\" content=\"1\u00a0Minute\" \/>\n<script type=\"application\/ld+json\" class=\"yoast-schema-graph\">{\"@context\":\"https:\\\/\\\/schema.org\",\"@graph\":[{\"@type\":\"WebPage\",\"@id\":\"https:\\\/\\\/www.koonings.com\\\/de\\\/product\\\/roberto-vicentti-cor-30-22-690-spaccato\\\/\",\"url\":\"https:\\\/\\\/www.koonings.com\\\/de\\\/product\\\/roberto-vicentti-cor-30-22-690-spaccato\\\/\",\"name\":\"Roberto Vicentti Cor 30.22.690 Spaccato | Koonings\",\"isPartOf\":{\"@id\":\"https:\\\/\\\/www.koonings.com\\\/de\\\/#website\"},\"primaryImageOfPage\":{\"@id\":\"https:\\\/\\\/www.koonings.com\\\/de\\\/product\\\/roberto-vicentti-cor-30-22-690-spaccato\\\/#primaryimage\"},\"image\":{\"@id\":\"https:\\\/\\\/www.koonings.com\\\/de\\\/product\\\/roberto-vicentti-cor-30-22-690-spaccato\\\/#primaryimage\"},\"thumbnailUrl\":\"https:\\\/\\\/www.koonings.com\\\/wp-content\\\/uploads\\\/2025\\\/02\\\/49833_7f7bd602b2cdfbdd9c104a71e1851d062240abc9737283bd062f1f8b6431e43b5b4149d5-scaled.jpeg\",\"datePublished\":\"2026-04-14T14:32:20+00:00\",\"description\":\"Aus Koonings The Wedding Palace Kollektion: ein beige\\\/silberner Hochzeitsanzug mit Acetat und Wolle im Mikrodesign. Das spitz zulaufende, einkn\u00f6pfige Sakko bildet einen stilvollen Kontrast zu der zweireihigen Weste mit 4x4 Kn\u00f6pfen, die durch eine Krawatte und ein Einstecktuch f\u00fcr einen raffinierten und eleganten Look erg\u00e4nzt wird. ROBERTO VICENTTI ist die richtige Wahl f\u00fcr den modernen Br\u00e4utigam, der bei seiner Hochzeit ein Statement abgeben m\u00f6chte. Zusammen mit seiner Braut gl\u00e4nzt er im Mittelpunkt dieses besonderen Tages. Mit einer perfekten Passform und raffinierten Stildetails bietet ein Roberto Vicentti Anzug die ultimative Kombination aus Eleganz und Exklusivit\u00e4t.\",\"breadcrumb\":{\"@id\":\"https:\\\/\\\/www.koonings.com\\\/de\\\/product\\\/roberto-vicentti-cor-30-22-690-spaccato\\\/#breadcrumb\"},\"inLanguage\":\"de\",\"potentialAction\":[{\"@type\":\"ReadAction\",\"target\":[\"https:\\\/\\\/www.koonings.com\\\/de\\\/product\\\/roberto-vicentti-cor-30-22-690-spaccato\\\/\"]}]},{\"@type\":\"ImageObject\",\"inLanguage\":\"de\",\"@id\":\"https:\\\/\\\/www.koonings.com\\\/de\\\/product\\\/roberto-vicentti-cor-30-22-690-spaccato\\\/#primaryimage\",\"url\":\"https:\\\/\\\/www.koonings.com\\\/wp-content\\\/uploads\\\/2025\\\/02\\\/49833_7f7bd602b2cdfbdd9c104a71e1851d062240abc9737283bd062f1f8b6431e43b5b4149d5-scaled.jpeg\",\"contentUrl\":\"https:\\\/\\\/www.koonings.com\\\/wp-content\\\/uploads\\\/2025\\\/02\\\/49833_7f7bd602b2cdfbdd9c104a71e1851d062240abc9737283bd062f1f8b6431e43b5b4149d5-scaled.jpeg\",\"width\":1580,\"height\":2560},{\"@type\":\"BreadcrumbList\",\"@id\":\"https:\\\/\\\/www.koonings.com\\\/de\\\/product\\\/roberto-vicentti-cor-30-22-690-spaccato\\\/#breadcrumb\",\"itemListElement\":[{\"@type\":\"ListItem\",\"position\":1,\"name\":\"Home\",\"item\":\"https:\\\/\\\/www.koonings.com\\\/de\\\/\"},{\"@type\":\"ListItem\",\"position\":2,\"name\":\"Roberto Vicentti Cor 30.22.690 Spaccato\"}]},{\"@type\":\"WebSite\",\"@id\":\"https:\\\/\\\/www.koonings.com\\\/de\\\/#website\",\"url\":\"https:\\\/\\\/www.koonings.com\\\/de\\\/\",\"name\":\"Koonings\",\"description\":\"De grootste bruidsmodewinkel ter wereld\",\"publisher\":{\"@id\":\"https:\\\/\\\/www.koonings.com\\\/de\\\/#organization\"},\"potentialAction\":[{\"@type\":\"SearchAction\",\"target\":{\"@type\":\"EntryPoint\",\"urlTemplate\":\"https:\\\/\\\/www.koonings.com\\\/de\\\/?s={search_term_string}\"},\"query-input\":{\"@type\":\"PropertyValueSpecification\",\"valueRequired\":true,\"valueName\":\"search_term_string\"}}],\"inLanguage\":\"de\"},{\"@type\":\"Organization\",\"@id\":\"https:\\\/\\\/www.koonings.com\\\/de\\\/#organization\",\"name\":\"Koonings\",\"url\":\"https:\\\/\\\/www.koonings.com\\\/de\\\/\",\"logo\":{\"@type\":\"ImageObject\",\"inLanguage\":\"de\",\"@id\":\"https:\\\/\\\/www.koonings.com\\\/de\\\/#\\\/schema\\\/logo\\\/image\\\/\",\"url\":\"https:\\\/\\\/www.koonings.com\\\/wp-content\\\/uploads\\\/2024\\\/07\\\/logo.png\",\"contentUrl\":\"https:\\\/\\\/www.koonings.com\\\/wp-content\\\/uploads\\\/2024\\\/07\\\/logo.png\",\"width\":600,\"height\":428,\"caption\":\"Koonings\"},\"image\":{\"@id\":\"https:\\\/\\\/www.koonings.com\\\/de\\\/#\\\/schema\\\/logo\\\/image\\\/\"},\"sameAs\":[\"https:\\\/\\\/www.facebook.com\\\/kooningstheweddingpalace\",\"https:\\\/\\\/www.instagram.com\\\/kooningstheweddingpalace\",\"https:\\\/\\\/www.pinterest.com\\\/koonings\",\"https:\\\/\\\/www.youtube.com\\\/kooningstheweddingpalace\"]}]}<\/script>\n<!-- \/ Yoast SEO plugin. -->","yoast_head_json":{"title":"Roberto Vicentti Cor 30.22.690 Spaccato | Koonings","description":"Aus Koonings The Wedding Palace Kollektion: ein beige\/silberner Hochzeitsanzug mit Acetat und Wolle im Mikrodesign. Das spitz zulaufende, einkn\u00f6pfige Sakko bildet einen stilvollen Kontrast zu der zweireihigen Weste mit 4x4 Kn\u00f6pfen, die durch eine Krawatte und ein Einstecktuch f\u00fcr einen raffinierten und eleganten Look erg\u00e4nzt wird. ROBERTO VICENTTI ist die richtige Wahl f\u00fcr den modernen Br\u00e4utigam, der bei seiner Hochzeit ein Statement abgeben m\u00f6chte. Zusammen mit seiner Braut gl\u00e4nzt er im Mittelpunkt dieses besonderen Tages. Mit einer perfekten Passform und raffinierten Stildetails bietet ein Roberto Vicentti Anzug die ultimative Kombination aus Eleganz und Exklusivit\u00e4t.","robots":{"index":"index","follow":"follow","max-snippet":"max-snippet:-1","max-image-preview":"max-image-preview:large","max-video-preview":"max-video-preview:-1"},"canonical":"https:\/\/www.koonings.com\/de\/product\/roberto-vicentti-cor-30-22-690-spaccato\/","og_locale":"de_DE","og_type":"article","og_title":"Roberto Vicentti Cor 30.22.690 Spaccato | Koonings","og_description":"Aus Koonings The Wedding Palace Kollektion: ein beige\/silberner Hochzeitsanzug mit Acetat und Wolle im Mikrodesign. Das spitz zulaufende, einkn\u00f6pfige Sakko bildet einen stilvollen Kontrast zu der zweireihigen Weste mit 4x4 Kn\u00f6pfen, die durch eine Krawatte und ein Einstecktuch f\u00fcr einen raffinierten und eleganten Look erg\u00e4nzt wird. ROBERTO VICENTTI ist die richtige Wahl f\u00fcr den modernen Br\u00e4utigam, der bei seiner Hochzeit ein Statement abgeben m\u00f6chte. Zusammen mit seiner Braut gl\u00e4nzt er im Mittelpunkt dieses besonderen Tages. Mit einer perfekten Passform und raffinierten Stildetails bietet ein Roberto Vicentti Anzug die ultimative Kombination aus Eleganz und Exklusivit\u00e4t.","og_url":"https:\/\/www.koonings.com\/de\/product\/roberto-vicentti-cor-30-22-690-spaccato\/","og_site_name":"Koonings","article_publisher":"https:\/\/www.facebook.com\/kooningstheweddingpalace","og_image":[{"width":1580,"height":2560,"url":"https:\/\/www.koonings.com\/wp-content\/uploads\/2025\/02\/49833_7f7bd602b2cdfbdd9c104a71e1851d062240abc9737283bd062f1f8b6431e43b5b4149d5-scaled.jpeg","type":"image\/jpeg"}],"twitter_card":"summary_large_image","twitter_misc":{"Gesch\u00e4tzte Lesezeit":"1\u00a0Minute"},"schema":{"@context":"https:\/\/schema.org","@graph":[{"@type":"WebPage","@id":"https:\/\/www.koonings.com\/de\/product\/roberto-vicentti-cor-30-22-690-spaccato\/","url":"https:\/\/www.koonings.com\/de\/product\/roberto-vicentti-cor-30-22-690-spaccato\/","name":"Roberto Vicentti Cor 30.22.690 Spaccato | Koonings","isPartOf":{"@id":"https:\/\/www.koonings.com\/de\/#website"},"primaryImageOfPage":{"@id":"https:\/\/www.koonings.com\/de\/product\/roberto-vicentti-cor-30-22-690-spaccato\/#primaryimage"},"image":{"@id":"https:\/\/www.koonings.com\/de\/product\/roberto-vicentti-cor-30-22-690-spaccato\/#primaryimage"},"thumbnailUrl":"https:\/\/www.koonings.com\/wp-content\/uploads\/2025\/02\/49833_7f7bd602b2cdfbdd9c104a71e1851d062240abc9737283bd062f1f8b6431e43b5b4149d5-scaled.jpeg","datePublished":"2026-04-14T14:32:20+00:00","description":"Aus Koonings The Wedding Palace Kollektion: ein beige\/silberner Hochzeitsanzug mit Acetat und Wolle im Mikrodesign. Das spitz zulaufende, einkn\u00f6pfige Sakko bildet einen stilvollen Kontrast zu der zweireihigen Weste mit 4x4 Kn\u00f6pfen, die durch eine Krawatte und ein Einstecktuch f\u00fcr einen raffinierten und eleganten Look erg\u00e4nzt wird. ROBERTO VICENTTI ist die richtige Wahl f\u00fcr den modernen Br\u00e4utigam, der bei seiner Hochzeit ein Statement abgeben m\u00f6chte. Zusammen mit seiner Braut gl\u00e4nzt er im Mittelpunkt dieses besonderen Tages. Mit einer perfekten Passform und raffinierten Stildetails bietet ein Roberto Vicentti Anzug die ultimative Kombination aus Eleganz und Exklusivit\u00e4t.","breadcrumb":{"@id":"https:\/\/www.koonings.com\/de\/product\/roberto-vicentti-cor-30-22-690-spaccato\/#breadcrumb"},"inLanguage":"de","potentialAction":[{"@type":"ReadAction","target":["https:\/\/www.koonings.com\/de\/product\/roberto-vicentti-cor-30-22-690-spaccato\/"]}]},{"@type":"ImageObject","inLanguage":"de","@id":"https:\/\/www.koonings.com\/de\/product\/roberto-vicentti-cor-30-22-690-spaccato\/#primaryimage","url":"https:\/\/www.koonings.com\/wp-content\/uploads\/2025\/02\/49833_7f7bd602b2cdfbdd9c104a71e1851d062240abc9737283bd062f1f8b6431e43b5b4149d5-scaled.jpeg","contentUrl":"https:\/\/www.koonings.com\/wp-content\/uploads\/2025\/02\/49833_7f7bd602b2cdfbdd9c104a71e1851d062240abc9737283bd062f1f8b6431e43b5b4149d5-scaled.jpeg","width":1580,"height":2560},{"@type":"BreadcrumbList","@id":"https:\/\/www.koonings.com\/de\/product\/roberto-vicentti-cor-30-22-690-spaccato\/#breadcrumb","itemListElement":[{"@type":"ListItem","position":1,"name":"Home","item":"https:\/\/www.koonings.com\/de\/"},{"@type":"ListItem","position":2,"name":"Roberto Vicentti Cor 30.22.690 Spaccato"}]},{"@type":"WebSite","@id":"https:\/\/www.koonings.com\/de\/#website","url":"https:\/\/www.koonings.com\/de\/","name":"Koonings","description":"De grootste bruidsmodewinkel ter wereld","publisher":{"@id":"https:\/\/www.koonings.com\/de\/#organization"},"potentialAction":[{"@type":"SearchAction","target":{"@type":"EntryPoint","urlTemplate":"https:\/\/www.koonings.com\/de\/?s={search_term_string}"},"query-input":{"@type":"PropertyValueSpecification","valueRequired":true,"valueName":"search_term_string"}}],"inLanguage":"de"},{"@type":"Organization","@id":"https:\/\/www.koonings.com\/de\/#organization","name":"Koonings","url":"https:\/\/www.koonings.com\/de\/","logo":{"@type":"ImageObject","inLanguage":"de","@id":"https:\/\/www.koonings.com\/de\/#\/schema\/logo\/image\/","url":"https:\/\/www.koonings.com\/wp-content\/uploads\/2024\/07\/logo.png","contentUrl":"https:\/\/www.koonings.com\/wp-content\/uploads\/2024\/07\/logo.png","width":600,"height":428,"caption":"Koonings"},"image":{"@id":"https:\/\/www.koonings.com\/de\/#\/schema\/logo\/image\/"},"sameAs":["https:\/\/www.facebook.com\/kooningstheweddingpalace","https:\/\/www.instagram.com\/kooningstheweddingpalace","https:\/\/www.pinterest.com\/koonings","https:\/\/www.youtube.com\/kooningstheweddingpalace"]}]}},"_links":{"self":[{"href":"https:\/\/www.koonings.com\/de\/wp-json\/wp\/v2\/product\/84667","targetHints":{"allow":["GET"]}}],"collection":[{"href":"https:\/\/www.koonings.com\/de\/wp-json\/wp\/v2\/product"}],"about":[{"href":"https:\/\/www.koonings.com\/de\/wp-json\/wp\/v2\/types\/product"}],"wp:featuredmedia":[{"embeddable":true,"href":"https:\/\/www.koonings.com\/de\/wp-json\/wp\/v2\/media\/81270"}],"wp:attachment":[{"href":"https:\/\/www.koonings.com\/de\/wp-json\/wp\/v2\/media?parent=84667"}],"wp:term":[{"taxonomy":"productdetails","embeddable":true,"href":"https:\/\/www.koonings.com\/de\/wp-json\/wp\/v2\/productdetails?post=84667"},{"taxonomy":"productneck","embeddable":true,"href":"https:\/\/www.koonings.com\/de\/wp-json\/wp\/v2\/productneck?post=84667"},{"taxonomy":"productcolor","embeddable":true,"href":"https:\/\/www.koonings.com\/de\/wp-json\/wp\/v2\/productcolor?post=84667"},{"taxonomy":"maat","embeddable":true,"href":"https:\/\/www.koonings.com\/de\/wp-json\/wp\/v2\/maat?post=84667"},{"taxonomy":"productsupplier","embeddable":true,"href":"https:\/\/www.koonings.com\/de\/wp-json\/wp\/v2\/productsupplier?post=84667"},{"taxonomy":"productsleeve","embeddable":true,"href":"https:\/\/www.koonings.com\/de\/wp-json\/wp\/v2\/productsleeve?post=84667"},{"taxonomy":"productcategory","embeddable":true,"href":"https:\/\/www.koonings.com\/de\/wp-json\/wp\/v2\/productcategory?post=84667"},{"taxonomy":"productsilhouette","embeddable":true,"href":"https:\/\/www.koonings.com\/de\/wp-json\/wp\/v2\/productsilhouette?post=84667"},{"taxonomy":"productstyle","embeddable":true,"href":"https:\/\/www.koonings.com\/de\/wp-json\/wp\/v2\/productstyle?post=84667"}],"curies":[{"name":"wp","href":"https:\/\/api.w.org\/{rel}","templated":true}]}}