{"id":84652,"date":"2026-04-14T16:18:12","date_gmt":"2026-04-14T14:18:12","guid":{"rendered":"https:\/\/www.koonings.com\/product\/immediate-261-24112a-71-florence138-puglia-waistcoat\/"},"modified":"2025-06-05T13:55:54","modified_gmt":"2025-06-05T11:55:54","slug":"immediate-261-24112a-71-florence138-puglia-waistcoat","status":"publish","type":"product","link":"https:\/\/www.koonings.com\/de\/product\/immediate-261-24112a-71-florence138-puglia-waistcoat\/","title":{"rendered":"Immediate 261-24112A-71 Florence+138 Puglia Waistcoat"},"content":{"rendered":"<p>Die Hochzeitsanz\u00fcge aus der Kollektion von Koonings The Wedding Palace vereinen modernen Stil mit raffinierter Eleganz. Diese Hochzeitsanz\u00fcge wurden f\u00fcr den modebewussten Br\u00e4utigam entworfen, der auf der Suche nach einem trendigen und dennoch zeitlosen Look ist. Mit schlanken, ma\u00dfgeschneiderten Schnitten und einem Fokus auf hochwertige Materialien bieten die Anz\u00fcge die perfekte Balance zwischen Komfort und Luxus. Ob ein klassisches Design oder ein gewagter Schnitt, Immediate Fashion bietet verschiedene Stile, die zu jeder Hochzeit passen. Jeder Anzug strahlt Qualit\u00e4t aus und sorgt daf\u00fcr, dass sich der Br\u00e4utigam an seinem gro\u00dfen Tag sicher und stilvoll f\u00fchlt.    <\/p>\n","protected":false},"featured_media":81341,"template":"","meta":{"_acf_changed":false,"ghostkit_customizer_options":"","ghostkit_custom_css":"","ghostkit_custom_js_head":"","ghostkit_custom_js_foot":"","ghostkit_typography":""},"productdetails":[],"productneck":[],"productcolor":[501],"maat":[],"productsupplier":[452],"productsleeve":[],"productcategory":[227],"productsilhouette":[],"productstyle":[],"class_list":["post-84652","product","type-product","status-publish","has-post-thumbnail","hentry","productcolor-501","productsupplier-immediate","productcategory-kostuum"],"acf":[],"yoast_head":"<!-- This site is optimized with the Yoast SEO plugin v27.3 - https:\/\/yoast.com\/product\/yoast-seo-wordpress\/ -->\n<title>Immediate 261-24112A-71 Florence+138 Puglia Waistcoat | Koonings<\/title>\n<meta name=\"description\" content=\"Die Hochzeitsanz\u00fcge aus der Kollektion von Koonings The Wedding Palace vereinen modernen Stil mit raffinierter Eleganz. Diese Hochzeitsanz\u00fcge wurden f\u00fcr den modebewussten Br\u00e4utigam entworfen, der auf der Suche nach einem trendigen und dennoch zeitlosen Look ist. Mit schlanken, ma\u00dfgeschneiderten Schnitten und einem Fokus auf hochwertige Materialien bieten die Anz\u00fcge die perfekte Balance zwischen Komfort und Luxus. Ob ein klassisches Design oder ein gewagter Schnitt, Immediate Fashion bietet verschiedene Stile, die zu jeder Hochzeit passen. Jeder Anzug strahlt Qualit\u00e4t aus und sorgt daf\u00fcr, dass sich der Br\u00e4utigam an seinem gro\u00dfen Tag sicher und stilvoll f\u00fchlt.\" \/>\n<meta name=\"robots\" content=\"index, follow, max-snippet:-1, max-image-preview:large, max-video-preview:-1\" \/>\n<link rel=\"canonical\" href=\"https:\/\/www.koonings.com\/de\/product\/immediate-261-24112a-71-florence138-puglia-waistcoat\/\" \/>\n<meta property=\"og:locale\" content=\"de_DE\" \/>\n<meta property=\"og:type\" content=\"article\" \/>\n<meta property=\"og:title\" content=\"Immediate 261-24112A-71 Florence+138 Puglia Waistcoat | Koonings\" \/>\n<meta property=\"og:description\" content=\"Die Hochzeitsanz\u00fcge aus der Kollektion von Koonings The Wedding Palace vereinen modernen Stil mit raffinierter Eleganz. Diese Hochzeitsanz\u00fcge wurden f\u00fcr den modebewussten Br\u00e4utigam entworfen, der auf der Suche nach einem trendigen und dennoch zeitlosen Look ist. Mit schlanken, ma\u00dfgeschneiderten Schnitten und einem Fokus auf hochwertige Materialien bieten die Anz\u00fcge die perfekte Balance zwischen Komfort und Luxus. Ob ein klassisches Design oder ein gewagter Schnitt, Immediate Fashion bietet verschiedene Stile, die zu jeder Hochzeit passen. Jeder Anzug strahlt Qualit\u00e4t aus und sorgt daf\u00fcr, dass sich der Br\u00e4utigam an seinem gro\u00dfen Tag sicher und stilvoll f\u00fchlt.\" \/>\n<meta property=\"og:url\" content=\"https:\/\/www.koonings.com\/de\/product\/immediate-261-24112a-71-florence138-puglia-waistcoat\/\" \/>\n<meta property=\"og:site_name\" content=\"Koonings\" \/>\n<meta property=\"article:publisher\" content=\"https:\/\/www.facebook.com\/kooningstheweddingpalace\" \/>\n<meta property=\"og:image\" content=\"https:\/\/www.koonings.com\/wp-content\/uploads\/2025\/02\/40104_fa39d0af754c89f40eb3061996c5a7b4685157980560decf15ec69a54b2e4f797d8086a7-scaled.jpeg\" \/>\n\t<meta property=\"og:image:width\" content=\"1813\" \/>\n\t<meta property=\"og:image:height\" content=\"2560\" \/>\n\t<meta property=\"og:image:type\" content=\"image\/jpeg\" \/>\n<meta name=\"twitter:card\" content=\"summary_large_image\" \/>\n<meta name=\"twitter:label1\" content=\"Gesch\u00e4tzte Lesezeit\" \/>\n\t<meta name=\"twitter:data1\" content=\"1\u00a0Minute\" \/>\n<script type=\"application\/ld+json\" class=\"yoast-schema-graph\">{\"@context\":\"https:\\\/\\\/schema.org\",\"@graph\":[{\"@type\":\"WebPage\",\"@id\":\"https:\\\/\\\/www.koonings.com\\\/de\\\/product\\\/immediate-261-24112a-71-florence138-puglia-waistcoat\\\/\",\"url\":\"https:\\\/\\\/www.koonings.com\\\/de\\\/product\\\/immediate-261-24112a-71-florence138-puglia-waistcoat\\\/\",\"name\":\"Immediate 261-24112A-71 Florence+138 Puglia Waistcoat | Koonings\",\"isPartOf\":{\"@id\":\"https:\\\/\\\/www.koonings.com\\\/de\\\/#website\"},\"primaryImageOfPage\":{\"@id\":\"https:\\\/\\\/www.koonings.com\\\/de\\\/product\\\/immediate-261-24112a-71-florence138-puglia-waistcoat\\\/#primaryimage\"},\"image\":{\"@id\":\"https:\\\/\\\/www.koonings.com\\\/de\\\/product\\\/immediate-261-24112a-71-florence138-puglia-waistcoat\\\/#primaryimage\"},\"thumbnailUrl\":\"https:\\\/\\\/www.koonings.com\\\/wp-content\\\/uploads\\\/2025\\\/02\\\/40104_fa39d0af754c89f40eb3061996c5a7b4685157980560decf15ec69a54b2e4f797d8086a7-scaled.jpeg\",\"datePublished\":\"2026-04-14T14:18:12+00:00\",\"description\":\"Die Hochzeitsanz\u00fcge aus der Kollektion von Koonings The Wedding Palace vereinen modernen Stil mit raffinierter Eleganz. Diese Hochzeitsanz\u00fcge wurden f\u00fcr den modebewussten Br\u00e4utigam entworfen, der auf der Suche nach einem trendigen und dennoch zeitlosen Look ist. Mit schlanken, ma\u00dfgeschneiderten Schnitten und einem Fokus auf hochwertige Materialien bieten die Anz\u00fcge die perfekte Balance zwischen Komfort und Luxus. Ob ein klassisches Design oder ein gewagter Schnitt, Immediate Fashion bietet verschiedene Stile, die zu jeder Hochzeit passen. Jeder Anzug strahlt Qualit\u00e4t aus und sorgt daf\u00fcr, dass sich der Br\u00e4utigam an seinem gro\u00dfen Tag sicher und stilvoll f\u00fchlt.\",\"breadcrumb\":{\"@id\":\"https:\\\/\\\/www.koonings.com\\\/de\\\/product\\\/immediate-261-24112a-71-florence138-puglia-waistcoat\\\/#breadcrumb\"},\"inLanguage\":\"de\",\"potentialAction\":[{\"@type\":\"ReadAction\",\"target\":[\"https:\\\/\\\/www.koonings.com\\\/de\\\/product\\\/immediate-261-24112a-71-florence138-puglia-waistcoat\\\/\"]}]},{\"@type\":\"ImageObject\",\"inLanguage\":\"de\",\"@id\":\"https:\\\/\\\/www.koonings.com\\\/de\\\/product\\\/immediate-261-24112a-71-florence138-puglia-waistcoat\\\/#primaryimage\",\"url\":\"https:\\\/\\\/www.koonings.com\\\/wp-content\\\/uploads\\\/2025\\\/02\\\/40104_fa39d0af754c89f40eb3061996c5a7b4685157980560decf15ec69a54b2e4f797d8086a7-scaled.jpeg\",\"contentUrl\":\"https:\\\/\\\/www.koonings.com\\\/wp-content\\\/uploads\\\/2025\\\/02\\\/40104_fa39d0af754c89f40eb3061996c5a7b4685157980560decf15ec69a54b2e4f797d8086a7-scaled.jpeg\",\"width\":1813,\"height\":2560},{\"@type\":\"BreadcrumbList\",\"@id\":\"https:\\\/\\\/www.koonings.com\\\/de\\\/product\\\/immediate-261-24112a-71-florence138-puglia-waistcoat\\\/#breadcrumb\",\"itemListElement\":[{\"@type\":\"ListItem\",\"position\":1,\"name\":\"Home\",\"item\":\"https:\\\/\\\/www.koonings.com\\\/de\\\/\"},{\"@type\":\"ListItem\",\"position\":2,\"name\":\"Immediate 261-24112A-71 Florence+138 Puglia Waistcoat\"}]},{\"@type\":\"WebSite\",\"@id\":\"https:\\\/\\\/www.koonings.com\\\/de\\\/#website\",\"url\":\"https:\\\/\\\/www.koonings.com\\\/de\\\/\",\"name\":\"Koonings\",\"description\":\"De grootste bruidsmodewinkel ter wereld\",\"publisher\":{\"@id\":\"https:\\\/\\\/www.koonings.com\\\/de\\\/#organization\"},\"potentialAction\":[{\"@type\":\"SearchAction\",\"target\":{\"@type\":\"EntryPoint\",\"urlTemplate\":\"https:\\\/\\\/www.koonings.com\\\/de\\\/?s={search_term_string}\"},\"query-input\":{\"@type\":\"PropertyValueSpecification\",\"valueRequired\":true,\"valueName\":\"search_term_string\"}}],\"inLanguage\":\"de\"},{\"@type\":\"Organization\",\"@id\":\"https:\\\/\\\/www.koonings.com\\\/de\\\/#organization\",\"name\":\"Koonings\",\"url\":\"https:\\\/\\\/www.koonings.com\\\/de\\\/\",\"logo\":{\"@type\":\"ImageObject\",\"inLanguage\":\"de\",\"@id\":\"https:\\\/\\\/www.koonings.com\\\/de\\\/#\\\/schema\\\/logo\\\/image\\\/\",\"url\":\"https:\\\/\\\/www.koonings.com\\\/wp-content\\\/uploads\\\/2024\\\/07\\\/logo.png\",\"contentUrl\":\"https:\\\/\\\/www.koonings.com\\\/wp-content\\\/uploads\\\/2024\\\/07\\\/logo.png\",\"width\":600,\"height\":428,\"caption\":\"Koonings\"},\"image\":{\"@id\":\"https:\\\/\\\/www.koonings.com\\\/de\\\/#\\\/schema\\\/logo\\\/image\\\/\"},\"sameAs\":[\"https:\\\/\\\/www.facebook.com\\\/kooningstheweddingpalace\",\"https:\\\/\\\/www.instagram.com\\\/kooningstheweddingpalace\",\"https:\\\/\\\/www.pinterest.com\\\/koonings\",\"https:\\\/\\\/www.youtube.com\\\/kooningstheweddingpalace\"]}]}<\/script>\n<!-- \/ Yoast SEO plugin. -->","yoast_head_json":{"title":"Immediate 261-24112A-71 Florence+138 Puglia Waistcoat | Koonings","description":"Die Hochzeitsanz\u00fcge aus der Kollektion von Koonings The Wedding Palace vereinen modernen Stil mit raffinierter Eleganz. Diese Hochzeitsanz\u00fcge wurden f\u00fcr den modebewussten Br\u00e4utigam entworfen, der auf der Suche nach einem trendigen und dennoch zeitlosen Look ist. Mit schlanken, ma\u00dfgeschneiderten Schnitten und einem Fokus auf hochwertige Materialien bieten die Anz\u00fcge die perfekte Balance zwischen Komfort und Luxus. Ob ein klassisches Design oder ein gewagter Schnitt, Immediate Fashion bietet verschiedene Stile, die zu jeder Hochzeit passen. Jeder Anzug strahlt Qualit\u00e4t aus und sorgt daf\u00fcr, dass sich der Br\u00e4utigam an seinem gro\u00dfen Tag sicher und stilvoll f\u00fchlt.","robots":{"index":"index","follow":"follow","max-snippet":"max-snippet:-1","max-image-preview":"max-image-preview:large","max-video-preview":"max-video-preview:-1"},"canonical":"https:\/\/www.koonings.com\/de\/product\/immediate-261-24112a-71-florence138-puglia-waistcoat\/","og_locale":"de_DE","og_type":"article","og_title":"Immediate 261-24112A-71 Florence+138 Puglia Waistcoat | Koonings","og_description":"Die Hochzeitsanz\u00fcge aus der Kollektion von Koonings The Wedding Palace vereinen modernen Stil mit raffinierter Eleganz. Diese Hochzeitsanz\u00fcge wurden f\u00fcr den modebewussten Br\u00e4utigam entworfen, der auf der Suche nach einem trendigen und dennoch zeitlosen Look ist. Mit schlanken, ma\u00dfgeschneiderten Schnitten und einem Fokus auf hochwertige Materialien bieten die Anz\u00fcge die perfekte Balance zwischen Komfort und Luxus. Ob ein klassisches Design oder ein gewagter Schnitt, Immediate Fashion bietet verschiedene Stile, die zu jeder Hochzeit passen. Jeder Anzug strahlt Qualit\u00e4t aus und sorgt daf\u00fcr, dass sich der Br\u00e4utigam an seinem gro\u00dfen Tag sicher und stilvoll f\u00fchlt.","og_url":"https:\/\/www.koonings.com\/de\/product\/immediate-261-24112a-71-florence138-puglia-waistcoat\/","og_site_name":"Koonings","article_publisher":"https:\/\/www.facebook.com\/kooningstheweddingpalace","og_image":[{"width":1813,"height":2560,"url":"https:\/\/www.koonings.com\/wp-content\/uploads\/2025\/02\/40104_fa39d0af754c89f40eb3061996c5a7b4685157980560decf15ec69a54b2e4f797d8086a7-scaled.jpeg","type":"image\/jpeg"}],"twitter_card":"summary_large_image","twitter_misc":{"Gesch\u00e4tzte Lesezeit":"1\u00a0Minute"},"schema":{"@context":"https:\/\/schema.org","@graph":[{"@type":"WebPage","@id":"https:\/\/www.koonings.com\/de\/product\/immediate-261-24112a-71-florence138-puglia-waistcoat\/","url":"https:\/\/www.koonings.com\/de\/product\/immediate-261-24112a-71-florence138-puglia-waistcoat\/","name":"Immediate 261-24112A-71 Florence+138 Puglia Waistcoat | Koonings","isPartOf":{"@id":"https:\/\/www.koonings.com\/de\/#website"},"primaryImageOfPage":{"@id":"https:\/\/www.koonings.com\/de\/product\/immediate-261-24112a-71-florence138-puglia-waistcoat\/#primaryimage"},"image":{"@id":"https:\/\/www.koonings.com\/de\/product\/immediate-261-24112a-71-florence138-puglia-waistcoat\/#primaryimage"},"thumbnailUrl":"https:\/\/www.koonings.com\/wp-content\/uploads\/2025\/02\/40104_fa39d0af754c89f40eb3061996c5a7b4685157980560decf15ec69a54b2e4f797d8086a7-scaled.jpeg","datePublished":"2026-04-14T14:18:12+00:00","description":"Die Hochzeitsanz\u00fcge aus der Kollektion von Koonings The Wedding Palace vereinen modernen Stil mit raffinierter Eleganz. Diese Hochzeitsanz\u00fcge wurden f\u00fcr den modebewussten Br\u00e4utigam entworfen, der auf der Suche nach einem trendigen und dennoch zeitlosen Look ist. Mit schlanken, ma\u00dfgeschneiderten Schnitten und einem Fokus auf hochwertige Materialien bieten die Anz\u00fcge die perfekte Balance zwischen Komfort und Luxus. Ob ein klassisches Design oder ein gewagter Schnitt, Immediate Fashion bietet verschiedene Stile, die zu jeder Hochzeit passen. Jeder Anzug strahlt Qualit\u00e4t aus und sorgt daf\u00fcr, dass sich der Br\u00e4utigam an seinem gro\u00dfen Tag sicher und stilvoll f\u00fchlt.","breadcrumb":{"@id":"https:\/\/www.koonings.com\/de\/product\/immediate-261-24112a-71-florence138-puglia-waistcoat\/#breadcrumb"},"inLanguage":"de","potentialAction":[{"@type":"ReadAction","target":["https:\/\/www.koonings.com\/de\/product\/immediate-261-24112a-71-florence138-puglia-waistcoat\/"]}]},{"@type":"ImageObject","inLanguage":"de","@id":"https:\/\/www.koonings.com\/de\/product\/immediate-261-24112a-71-florence138-puglia-waistcoat\/#primaryimage","url":"https:\/\/www.koonings.com\/wp-content\/uploads\/2025\/02\/40104_fa39d0af754c89f40eb3061996c5a7b4685157980560decf15ec69a54b2e4f797d8086a7-scaled.jpeg","contentUrl":"https:\/\/www.koonings.com\/wp-content\/uploads\/2025\/02\/40104_fa39d0af754c89f40eb3061996c5a7b4685157980560decf15ec69a54b2e4f797d8086a7-scaled.jpeg","width":1813,"height":2560},{"@type":"BreadcrumbList","@id":"https:\/\/www.koonings.com\/de\/product\/immediate-261-24112a-71-florence138-puglia-waistcoat\/#breadcrumb","itemListElement":[{"@type":"ListItem","position":1,"name":"Home","item":"https:\/\/www.koonings.com\/de\/"},{"@type":"ListItem","position":2,"name":"Immediate 261-24112A-71 Florence+138 Puglia Waistcoat"}]},{"@type":"WebSite","@id":"https:\/\/www.koonings.com\/de\/#website","url":"https:\/\/www.koonings.com\/de\/","name":"Koonings","description":"De grootste bruidsmodewinkel ter wereld","publisher":{"@id":"https:\/\/www.koonings.com\/de\/#organization"},"potentialAction":[{"@type":"SearchAction","target":{"@type":"EntryPoint","urlTemplate":"https:\/\/www.koonings.com\/de\/?s={search_term_string}"},"query-input":{"@type":"PropertyValueSpecification","valueRequired":true,"valueName":"search_term_string"}}],"inLanguage":"de"},{"@type":"Organization","@id":"https:\/\/www.koonings.com\/de\/#organization","name":"Koonings","url":"https:\/\/www.koonings.com\/de\/","logo":{"@type":"ImageObject","inLanguage":"de","@id":"https:\/\/www.koonings.com\/de\/#\/schema\/logo\/image\/","url":"https:\/\/www.koonings.com\/wp-content\/uploads\/2024\/07\/logo.png","contentUrl":"https:\/\/www.koonings.com\/wp-content\/uploads\/2024\/07\/logo.png","width":600,"height":428,"caption":"Koonings"},"image":{"@id":"https:\/\/www.koonings.com\/de\/#\/schema\/logo\/image\/"},"sameAs":["https:\/\/www.facebook.com\/kooningstheweddingpalace","https:\/\/www.instagram.com\/kooningstheweddingpalace","https:\/\/www.pinterest.com\/koonings","https:\/\/www.youtube.com\/kooningstheweddingpalace"]}]}},"_links":{"self":[{"href":"https:\/\/www.koonings.com\/de\/wp-json\/wp\/v2\/product\/84652","targetHints":{"allow":["GET"]}}],"collection":[{"href":"https:\/\/www.koonings.com\/de\/wp-json\/wp\/v2\/product"}],"about":[{"href":"https:\/\/www.koonings.com\/de\/wp-json\/wp\/v2\/types\/product"}],"wp:featuredmedia":[{"embeddable":true,"href":"https:\/\/www.koonings.com\/de\/wp-json\/wp\/v2\/media\/81341"}],"wp:attachment":[{"href":"https:\/\/www.koonings.com\/de\/wp-json\/wp\/v2\/media?parent=84652"}],"wp:term":[{"taxonomy":"productdetails","embeddable":true,"href":"https:\/\/www.koonings.com\/de\/wp-json\/wp\/v2\/productdetails?post=84652"},{"taxonomy":"productneck","embeddable":true,"href":"https:\/\/www.koonings.com\/de\/wp-json\/wp\/v2\/productneck?post=84652"},{"taxonomy":"productcolor","embeddable":true,"href":"https:\/\/www.koonings.com\/de\/wp-json\/wp\/v2\/productcolor?post=84652"},{"taxonomy":"maat","embeddable":true,"href":"https:\/\/www.koonings.com\/de\/wp-json\/wp\/v2\/maat?post=84652"},{"taxonomy":"productsupplier","embeddable":true,"href":"https:\/\/www.koonings.com\/de\/wp-json\/wp\/v2\/productsupplier?post=84652"},{"taxonomy":"productsleeve","embeddable":true,"href":"https:\/\/www.koonings.com\/de\/wp-json\/wp\/v2\/productsleeve?post=84652"},{"taxonomy":"productcategory","embeddable":true,"href":"https:\/\/www.koonings.com\/de\/wp-json\/wp\/v2\/productcategory?post=84652"},{"taxonomy":"productsilhouette","embeddable":true,"href":"https:\/\/www.koonings.com\/de\/wp-json\/wp\/v2\/productsilhouette?post=84652"},{"taxonomy":"productstyle","embeddable":true,"href":"https:\/\/www.koonings.com\/de\/wp-json\/wp\/v2\/productstyle?post=84652"}],"curies":[{"name":"wp","href":"https:\/\/api.w.org\/{rel}","templated":true}]}}