{"id":82592,"date":"2025-09-09T15:50:39","date_gmt":"2025-09-09T13:50:39","guid":{"rendered":"https:\/\/www.koonings.com\/product\/disney-by-allure-d413-cinderella\/"},"modified":"2026-02-03T20:17:54","modified_gmt":"2026-02-03T19:17:54","slug":"disney-by-allure-d413-cinderella","status":"publish","type":"product","link":"https:\/\/www.koonings.com\/de\/product\/disney-by-allure-d413-cinderella\/","title":{"rendered":"Disney by Allure D413 Aschenputtel"},"content":{"rendered":"<p>Das von Cinderella inspirierte Brautkleid D413 aus der Kollektion Disney Fairy Tale Weddings von Allure Bridals verk\u00f6rpert die Magie und Eleganz dieses beliebten M\u00e4rchens. Dieses Ballkleid wurde aus luxuri\u00f6sem Mikado-Stoff gefertigt, der f\u00fcr einen eleganten und raffinierten Look sorgt. Das Design umfasst einen quadratischen Ausschnitt und eine nat\u00fcrliche Taille, die die klassische Silhouette unterstreicht. Das Kleid wird durch subtile Perlendetails und eine auff\u00e4llige Schleppe akzentuiert, die f\u00fcr einen zeitlosen und bezaubernden Look sorgen.<br \/>\nDieses wundersch\u00f6ne Kleid ist bei Koonings The Wedding Palace in Deurne erh\u00e4ltlich, wo Sie aus einer umfangreichen Kollektion von Brautkleidern in verschiedenen Stilen, Gr\u00f6\u00dfen und Preisklassen w\u00e4hlen k\u00f6nnen.  <\/p>\n","protected":false},"featured_media":81602,"template":"","meta":{"_acf_changed":false,"ghostkit_customizer_options":"","ghostkit_custom_css":"","ghostkit_custom_js_head":"","ghostkit_custom_js_foot":"","ghostkit_typography":""},"productdetails":[],"productneck":[352],"productcolor":[392],"maat":[],"productsupplier":[477],"productsleeve":[361],"productcategory":[18],"productsilhouette":[388],"productstyle":[369,366],"class_list":["post-82592","product","type-product","status-publish","has-post-thumbnail","hentry","productneck-352","productcolor-392","productsupplier-disney-by-allure","productsleeve-361","productcategory-trouwjurken","productsilhouette-388","productstyle-369","productstyle-366"],"acf":[],"yoast_head":"<!-- This site is optimized with the Yoast SEO plugin v27.3 - https:\/\/yoast.com\/product\/yoast-seo-wordpress\/ -->\n<title>Disney by Allure D413 Aschenputtel | Koonings<\/title>\n<meta name=\"description\" content=\"Das von Cinderella inspirierte Brautkleid D413 aus der Kollektion Disney Fairy Tale Weddings von Allure Bridals verk\u00f6rpert die Magie und Eleganz dieses beliebten M\u00e4rchens. Dieses Ballkleid wurde aus luxuri\u00f6sem Mikado-Stoff gefertigt, der f\u00fcr einen eleganten und raffinierten Look sorgt. Das Design umfasst einen quadratischen Ausschnitt und eine nat\u00fcrliche Taille, die die klassische Silhouette unterstreicht. Das Kleid wird durch subtile Perlendetails und eine auff\u00e4llige Schleppe akzentuiert, die f\u00fcr einen zeitlosen und bezaubernden Look sorgen. Dieses wundersch\u00f6ne Kleid ist bei Koonings The Wedding Palace in Deurne erh\u00e4ltlich, wo Sie aus einer umfangreichen Kollektion von Brautkleidern in verschiedenen Stilen, Gr\u00f6\u00dfen und Preisklassen w\u00e4hlen k\u00f6nnen.\" \/>\n<meta name=\"robots\" content=\"index, follow, max-snippet:-1, max-image-preview:large, max-video-preview:-1\" \/>\n<link rel=\"canonical\" href=\"https:\/\/www.koonings.com\/de\/product\/disney-by-allure-d413-cinderella\/\" \/>\n<meta property=\"og:locale\" content=\"de_DE\" \/>\n<meta property=\"og:type\" content=\"article\" \/>\n<meta property=\"og:title\" content=\"Disney by Allure D413 Aschenputtel | Koonings\" \/>\n<meta property=\"og:description\" content=\"Das von Cinderella inspirierte Brautkleid D413 aus der Kollektion Disney Fairy Tale Weddings von Allure Bridals verk\u00f6rpert die Magie und Eleganz dieses beliebten M\u00e4rchens. Dieses Ballkleid wurde aus luxuri\u00f6sem Mikado-Stoff gefertigt, der f\u00fcr einen eleganten und raffinierten Look sorgt. Das Design umfasst einen quadratischen Ausschnitt und eine nat\u00fcrliche Taille, die die klassische Silhouette unterstreicht. Das Kleid wird durch subtile Perlendetails und eine auff\u00e4llige Schleppe akzentuiert, die f\u00fcr einen zeitlosen und bezaubernden Look sorgen. Dieses wundersch\u00f6ne Kleid ist bei Koonings The Wedding Palace in Deurne erh\u00e4ltlich, wo Sie aus einer umfangreichen Kollektion von Brautkleidern in verschiedenen Stilen, Gr\u00f6\u00dfen und Preisklassen w\u00e4hlen k\u00f6nnen.\" \/>\n<meta property=\"og:url\" content=\"https:\/\/www.koonings.com\/de\/product\/disney-by-allure-d413-cinderella\/\" \/>\n<meta property=\"og:site_name\" content=\"Koonings\" \/>\n<meta property=\"article:publisher\" content=\"https:\/\/www.facebook.com\/kooningstheweddingpalace\" \/>\n<meta property=\"article:modified_time\" content=\"2026-02-03T19:17:54+00:00\" \/>\n<meta property=\"og:image\" content=\"https:\/\/www.koonings.com\/wp-content\/uploads\/2025\/03\/49821_c47ff1f9aeafb42f2c2477ac02b2fc87b7808b7dd3c5acff35b1f68160f93e46038831ed-scaled.jpeg\" \/>\n\t<meta property=\"og:image:width\" content=\"1920\" \/>\n\t<meta property=\"og:image:height\" content=\"2560\" \/>\n\t<meta property=\"og:image:type\" content=\"image\/jpeg\" \/>\n<meta name=\"twitter:card\" content=\"summary_large_image\" \/>\n<meta name=\"twitter:label1\" content=\"Gesch\u00e4tzte Lesezeit\" \/>\n\t<meta name=\"twitter:data1\" content=\"1\u00a0Minute\" \/>\n<script type=\"application\/ld+json\" class=\"yoast-schema-graph\">{\"@context\":\"https:\\\/\\\/schema.org\",\"@graph\":[{\"@type\":\"WebPage\",\"@id\":\"https:\\\/\\\/www.koonings.com\\\/de\\\/product\\\/disney-by-allure-d413-cinderella\\\/\",\"url\":\"https:\\\/\\\/www.koonings.com\\\/de\\\/product\\\/disney-by-allure-d413-cinderella\\\/\",\"name\":\"Disney by Allure D413 Aschenputtel | Koonings\",\"isPartOf\":{\"@id\":\"https:\\\/\\\/www.koonings.com\\\/de\\\/#website\"},\"primaryImageOfPage\":{\"@id\":\"https:\\\/\\\/www.koonings.com\\\/de\\\/product\\\/disney-by-allure-d413-cinderella\\\/#primaryimage\"},\"image\":{\"@id\":\"https:\\\/\\\/www.koonings.com\\\/de\\\/product\\\/disney-by-allure-d413-cinderella\\\/#primaryimage\"},\"thumbnailUrl\":\"https:\\\/\\\/www.koonings.com\\\/wp-content\\\/uploads\\\/2025\\\/03\\\/49821_c47ff1f9aeafb42f2c2477ac02b2fc87b7808b7dd3c5acff35b1f68160f93e46038831ed-scaled.jpeg\",\"datePublished\":\"2025-09-09T13:50:39+00:00\",\"dateModified\":\"2026-02-03T19:17:54+00:00\",\"description\":\"Das von Cinderella inspirierte Brautkleid D413 aus der Kollektion Disney Fairy Tale Weddings von Allure Bridals verk\u00f6rpert die Magie und Eleganz dieses beliebten M\u00e4rchens. Dieses Ballkleid wurde aus luxuri\u00f6sem Mikado-Stoff gefertigt, der f\u00fcr einen eleganten und raffinierten Look sorgt. Das Design umfasst einen quadratischen Ausschnitt und eine nat\u00fcrliche Taille, die die klassische Silhouette unterstreicht. Das Kleid wird durch subtile Perlendetails und eine auff\u00e4llige Schleppe akzentuiert, die f\u00fcr einen zeitlosen und bezaubernden Look sorgen. Dieses wundersch\u00f6ne Kleid ist bei Koonings The Wedding Palace in Deurne erh\u00e4ltlich, wo Sie aus einer umfangreichen Kollektion von Brautkleidern in verschiedenen Stilen, Gr\u00f6\u00dfen und Preisklassen w\u00e4hlen k\u00f6nnen.\",\"breadcrumb\":{\"@id\":\"https:\\\/\\\/www.koonings.com\\\/de\\\/product\\\/disney-by-allure-d413-cinderella\\\/#breadcrumb\"},\"inLanguage\":\"de\",\"potentialAction\":[{\"@type\":\"ReadAction\",\"target\":[\"https:\\\/\\\/www.koonings.com\\\/de\\\/product\\\/disney-by-allure-d413-cinderella\\\/\"]}]},{\"@type\":\"ImageObject\",\"inLanguage\":\"de\",\"@id\":\"https:\\\/\\\/www.koonings.com\\\/de\\\/product\\\/disney-by-allure-d413-cinderella\\\/#primaryimage\",\"url\":\"https:\\\/\\\/www.koonings.com\\\/wp-content\\\/uploads\\\/2025\\\/03\\\/49821_c47ff1f9aeafb42f2c2477ac02b2fc87b7808b7dd3c5acff35b1f68160f93e46038831ed-scaled.jpeg\",\"contentUrl\":\"https:\\\/\\\/www.koonings.com\\\/wp-content\\\/uploads\\\/2025\\\/03\\\/49821_c47ff1f9aeafb42f2c2477ac02b2fc87b7808b7dd3c5acff35b1f68160f93e46038831ed-scaled.jpeg\",\"width\":1920,\"height\":2560},{\"@type\":\"BreadcrumbList\",\"@id\":\"https:\\\/\\\/www.koonings.com\\\/de\\\/product\\\/disney-by-allure-d413-cinderella\\\/#breadcrumb\",\"itemListElement\":[{\"@type\":\"ListItem\",\"position\":1,\"name\":\"Home\",\"item\":\"https:\\\/\\\/www.koonings.com\\\/de\\\/\"},{\"@type\":\"ListItem\",\"position\":2,\"name\":\"Disney by Allure D413 Aschenputtel\"}]},{\"@type\":\"WebSite\",\"@id\":\"https:\\\/\\\/www.koonings.com\\\/de\\\/#website\",\"url\":\"https:\\\/\\\/www.koonings.com\\\/de\\\/\",\"name\":\"Koonings\",\"description\":\"De grootste bruidsmodewinkel ter wereld\",\"publisher\":{\"@id\":\"https:\\\/\\\/www.koonings.com\\\/de\\\/#organization\"},\"potentialAction\":[{\"@type\":\"SearchAction\",\"target\":{\"@type\":\"EntryPoint\",\"urlTemplate\":\"https:\\\/\\\/www.koonings.com\\\/de\\\/?s={search_term_string}\"},\"query-input\":{\"@type\":\"PropertyValueSpecification\",\"valueRequired\":true,\"valueName\":\"search_term_string\"}}],\"inLanguage\":\"de\"},{\"@type\":\"Organization\",\"@id\":\"https:\\\/\\\/www.koonings.com\\\/de\\\/#organization\",\"name\":\"Koonings\",\"url\":\"https:\\\/\\\/www.koonings.com\\\/de\\\/\",\"logo\":{\"@type\":\"ImageObject\",\"inLanguage\":\"de\",\"@id\":\"https:\\\/\\\/www.koonings.com\\\/de\\\/#\\\/schema\\\/logo\\\/image\\\/\",\"url\":\"https:\\\/\\\/www.koonings.com\\\/wp-content\\\/uploads\\\/2024\\\/07\\\/logo.png\",\"contentUrl\":\"https:\\\/\\\/www.koonings.com\\\/wp-content\\\/uploads\\\/2024\\\/07\\\/logo.png\",\"width\":600,\"height\":428,\"caption\":\"Koonings\"},\"image\":{\"@id\":\"https:\\\/\\\/www.koonings.com\\\/de\\\/#\\\/schema\\\/logo\\\/image\\\/\"},\"sameAs\":[\"https:\\\/\\\/www.facebook.com\\\/kooningstheweddingpalace\",\"https:\\\/\\\/www.instagram.com\\\/kooningstheweddingpalace\",\"https:\\\/\\\/www.pinterest.com\\\/koonings\",\"https:\\\/\\\/www.youtube.com\\\/kooningstheweddingpalace\"]}]}<\/script>\n<!-- \/ Yoast SEO plugin. -->","yoast_head_json":{"title":"Disney by Allure D413 Aschenputtel | Koonings","description":"Das von Cinderella inspirierte Brautkleid D413 aus der Kollektion Disney Fairy Tale Weddings von Allure Bridals verk\u00f6rpert die Magie und Eleganz dieses beliebten M\u00e4rchens. Dieses Ballkleid wurde aus luxuri\u00f6sem Mikado-Stoff gefertigt, der f\u00fcr einen eleganten und raffinierten Look sorgt. Das Design umfasst einen quadratischen Ausschnitt und eine nat\u00fcrliche Taille, die die klassische Silhouette unterstreicht. Das Kleid wird durch subtile Perlendetails und eine auff\u00e4llige Schleppe akzentuiert, die f\u00fcr einen zeitlosen und bezaubernden Look sorgen. Dieses wundersch\u00f6ne Kleid ist bei Koonings The Wedding Palace in Deurne erh\u00e4ltlich, wo Sie aus einer umfangreichen Kollektion von Brautkleidern in verschiedenen Stilen, Gr\u00f6\u00dfen und Preisklassen w\u00e4hlen k\u00f6nnen.","robots":{"index":"index","follow":"follow","max-snippet":"max-snippet:-1","max-image-preview":"max-image-preview:large","max-video-preview":"max-video-preview:-1"},"canonical":"https:\/\/www.koonings.com\/de\/product\/disney-by-allure-d413-cinderella\/","og_locale":"de_DE","og_type":"article","og_title":"Disney by Allure D413 Aschenputtel | Koonings","og_description":"Das von Cinderella inspirierte Brautkleid D413 aus der Kollektion Disney Fairy Tale Weddings von Allure Bridals verk\u00f6rpert die Magie und Eleganz dieses beliebten M\u00e4rchens. Dieses Ballkleid wurde aus luxuri\u00f6sem Mikado-Stoff gefertigt, der f\u00fcr einen eleganten und raffinierten Look sorgt. Das Design umfasst einen quadratischen Ausschnitt und eine nat\u00fcrliche Taille, die die klassische Silhouette unterstreicht. Das Kleid wird durch subtile Perlendetails und eine auff\u00e4llige Schleppe akzentuiert, die f\u00fcr einen zeitlosen und bezaubernden Look sorgen. Dieses wundersch\u00f6ne Kleid ist bei Koonings The Wedding Palace in Deurne erh\u00e4ltlich, wo Sie aus einer umfangreichen Kollektion von Brautkleidern in verschiedenen Stilen, Gr\u00f6\u00dfen und Preisklassen w\u00e4hlen k\u00f6nnen.","og_url":"https:\/\/www.koonings.com\/de\/product\/disney-by-allure-d413-cinderella\/","og_site_name":"Koonings","article_publisher":"https:\/\/www.facebook.com\/kooningstheweddingpalace","article_modified_time":"2026-02-03T19:17:54+00:00","og_image":[{"width":1920,"height":2560,"url":"https:\/\/www.koonings.com\/wp-content\/uploads\/2025\/03\/49821_c47ff1f9aeafb42f2c2477ac02b2fc87b7808b7dd3c5acff35b1f68160f93e46038831ed-scaled.jpeg","type":"image\/jpeg"}],"twitter_card":"summary_large_image","twitter_misc":{"Gesch\u00e4tzte Lesezeit":"1\u00a0Minute"},"schema":{"@context":"https:\/\/schema.org","@graph":[{"@type":"WebPage","@id":"https:\/\/www.koonings.com\/de\/product\/disney-by-allure-d413-cinderella\/","url":"https:\/\/www.koonings.com\/de\/product\/disney-by-allure-d413-cinderella\/","name":"Disney by Allure D413 Aschenputtel | Koonings","isPartOf":{"@id":"https:\/\/www.koonings.com\/de\/#website"},"primaryImageOfPage":{"@id":"https:\/\/www.koonings.com\/de\/product\/disney-by-allure-d413-cinderella\/#primaryimage"},"image":{"@id":"https:\/\/www.koonings.com\/de\/product\/disney-by-allure-d413-cinderella\/#primaryimage"},"thumbnailUrl":"https:\/\/www.koonings.com\/wp-content\/uploads\/2025\/03\/49821_c47ff1f9aeafb42f2c2477ac02b2fc87b7808b7dd3c5acff35b1f68160f93e46038831ed-scaled.jpeg","datePublished":"2025-09-09T13:50:39+00:00","dateModified":"2026-02-03T19:17:54+00:00","description":"Das von Cinderella inspirierte Brautkleid D413 aus der Kollektion Disney Fairy Tale Weddings von Allure Bridals verk\u00f6rpert die Magie und Eleganz dieses beliebten M\u00e4rchens. Dieses Ballkleid wurde aus luxuri\u00f6sem Mikado-Stoff gefertigt, der f\u00fcr einen eleganten und raffinierten Look sorgt. Das Design umfasst einen quadratischen Ausschnitt und eine nat\u00fcrliche Taille, die die klassische Silhouette unterstreicht. Das Kleid wird durch subtile Perlendetails und eine auff\u00e4llige Schleppe akzentuiert, die f\u00fcr einen zeitlosen und bezaubernden Look sorgen. Dieses wundersch\u00f6ne Kleid ist bei Koonings The Wedding Palace in Deurne erh\u00e4ltlich, wo Sie aus einer umfangreichen Kollektion von Brautkleidern in verschiedenen Stilen, Gr\u00f6\u00dfen und Preisklassen w\u00e4hlen k\u00f6nnen.","breadcrumb":{"@id":"https:\/\/www.koonings.com\/de\/product\/disney-by-allure-d413-cinderella\/#breadcrumb"},"inLanguage":"de","potentialAction":[{"@type":"ReadAction","target":["https:\/\/www.koonings.com\/de\/product\/disney-by-allure-d413-cinderella\/"]}]},{"@type":"ImageObject","inLanguage":"de","@id":"https:\/\/www.koonings.com\/de\/product\/disney-by-allure-d413-cinderella\/#primaryimage","url":"https:\/\/www.koonings.com\/wp-content\/uploads\/2025\/03\/49821_c47ff1f9aeafb42f2c2477ac02b2fc87b7808b7dd3c5acff35b1f68160f93e46038831ed-scaled.jpeg","contentUrl":"https:\/\/www.koonings.com\/wp-content\/uploads\/2025\/03\/49821_c47ff1f9aeafb42f2c2477ac02b2fc87b7808b7dd3c5acff35b1f68160f93e46038831ed-scaled.jpeg","width":1920,"height":2560},{"@type":"BreadcrumbList","@id":"https:\/\/www.koonings.com\/de\/product\/disney-by-allure-d413-cinderella\/#breadcrumb","itemListElement":[{"@type":"ListItem","position":1,"name":"Home","item":"https:\/\/www.koonings.com\/de\/"},{"@type":"ListItem","position":2,"name":"Disney by Allure D413 Aschenputtel"}]},{"@type":"WebSite","@id":"https:\/\/www.koonings.com\/de\/#website","url":"https:\/\/www.koonings.com\/de\/","name":"Koonings","description":"De grootste bruidsmodewinkel ter wereld","publisher":{"@id":"https:\/\/www.koonings.com\/de\/#organization"},"potentialAction":[{"@type":"SearchAction","target":{"@type":"EntryPoint","urlTemplate":"https:\/\/www.koonings.com\/de\/?s={search_term_string}"},"query-input":{"@type":"PropertyValueSpecification","valueRequired":true,"valueName":"search_term_string"}}],"inLanguage":"de"},{"@type":"Organization","@id":"https:\/\/www.koonings.com\/de\/#organization","name":"Koonings","url":"https:\/\/www.koonings.com\/de\/","logo":{"@type":"ImageObject","inLanguage":"de","@id":"https:\/\/www.koonings.com\/de\/#\/schema\/logo\/image\/","url":"https:\/\/www.koonings.com\/wp-content\/uploads\/2024\/07\/logo.png","contentUrl":"https:\/\/www.koonings.com\/wp-content\/uploads\/2024\/07\/logo.png","width":600,"height":428,"caption":"Koonings"},"image":{"@id":"https:\/\/www.koonings.com\/de\/#\/schema\/logo\/image\/"},"sameAs":["https:\/\/www.facebook.com\/kooningstheweddingpalace","https:\/\/www.instagram.com\/kooningstheweddingpalace","https:\/\/www.pinterest.com\/koonings","https:\/\/www.youtube.com\/kooningstheweddingpalace"]}]}},"_links":{"self":[{"href":"https:\/\/www.koonings.com\/de\/wp-json\/wp\/v2\/product\/82592","targetHints":{"allow":["GET"]}}],"collection":[{"href":"https:\/\/www.koonings.com\/de\/wp-json\/wp\/v2\/product"}],"about":[{"href":"https:\/\/www.koonings.com\/de\/wp-json\/wp\/v2\/types\/product"}],"wp:featuredmedia":[{"embeddable":true,"href":"https:\/\/www.koonings.com\/de\/wp-json\/wp\/v2\/media\/81602"}],"wp:attachment":[{"href":"https:\/\/www.koonings.com\/de\/wp-json\/wp\/v2\/media?parent=82592"}],"wp:term":[{"taxonomy":"productdetails","embeddable":true,"href":"https:\/\/www.koonings.com\/de\/wp-json\/wp\/v2\/productdetails?post=82592"},{"taxonomy":"productneck","embeddable":true,"href":"https:\/\/www.koonings.com\/de\/wp-json\/wp\/v2\/productneck?post=82592"},{"taxonomy":"productcolor","embeddable":true,"href":"https:\/\/www.koonings.com\/de\/wp-json\/wp\/v2\/productcolor?post=82592"},{"taxonomy":"maat","embeddable":true,"href":"https:\/\/www.koonings.com\/de\/wp-json\/wp\/v2\/maat?post=82592"},{"taxonomy":"productsupplier","embeddable":true,"href":"https:\/\/www.koonings.com\/de\/wp-json\/wp\/v2\/productsupplier?post=82592"},{"taxonomy":"productsleeve","embeddable":true,"href":"https:\/\/www.koonings.com\/de\/wp-json\/wp\/v2\/productsleeve?post=82592"},{"taxonomy":"productcategory","embeddable":true,"href":"https:\/\/www.koonings.com\/de\/wp-json\/wp\/v2\/productcategory?post=82592"},{"taxonomy":"productsilhouette","embeddable":true,"href":"https:\/\/www.koonings.com\/de\/wp-json\/wp\/v2\/productsilhouette?post=82592"},{"taxonomy":"productstyle","embeddable":true,"href":"https:\/\/www.koonings.com\/de\/wp-json\/wp\/v2\/productstyle?post=82592"}],"curies":[{"name":"wp","href":"https:\/\/api.w.org\/{rel}","templated":true}]}}