{"id":82586,"date":"2025-09-09T15:50:39","date_gmt":"2025-09-09T13:50:39","guid":{"rendered":"https:\/\/www.koonings.com\/product\/disney-by-allure-d414-jasmine\/"},"modified":"2026-02-03T20:18:01","modified_gmt":"2026-02-03T19:18:01","slug":"disney-by-allure-d414-jasmine","status":"publish","type":"product","link":"https:\/\/www.koonings.com\/de\/product\/disney-by-allure-d414-jasmine\/","title":{"rendered":"Disney by Allure D414 Jasmine"},"content":{"rendered":"<p>Inspiriert von Prinzessin Jasmin aus der Kollektion Disney Fairy Tale Weddings von Allure Bridals, strahlt das Brautkleid D414 bezaubernde Eleganz aus. Dieses Kleid in A-Linie ist aus glitzerndem T\u00fcll gefertigt und reich mit funkelnden Perlen verziert, die kunstvoll \u00fcber einem Kragen mit kalten Schultern und einer passenden Jacke drapiert sind. Das tr\u00e4gerlose, herzf\u00f6rmige Oberteil wird durch die abnehmbare Jacke akzentuiert und sorgt f\u00fcr einen vielseitigen und raffinierten Look.<br \/>\nDieses wundersch\u00f6ne Kleid ist bei Koonings The Wedding Palace in Deurne erh\u00e4ltlich, wo Sie aus einer umfangreichen Kollektion von Brautkleidern in verschiedenen Stilen, Gr\u00f6\u00dfen und Preisklassen w\u00e4hlen k\u00f6nnen.<\/p>\n","protected":false},"featured_media":81643,"template":"","meta":{"_acf_changed":false,"ghostkit_customizer_options":"","ghostkit_custom_css":"","ghostkit_custom_js_head":"","ghostkit_custom_js_foot":"","ghostkit_typography":""},"productdetails":[381],"productneck":[354,355],"productcolor":[393,392],"maat":[],"productsupplier":[477],"productsleeve":[],"productcategory":[18],"productsilhouette":[384],"productstyle":[372],"class_list":["post-82586","product","type-product","status-publish","has-post-thumbnail","hentry","productdetails-381","productneck-354","productneck-355","productcolor-393","productcolor-392","productsupplier-disney-by-allure","productcategory-trouwjurken","productsilhouette-384","productstyle-372"],"acf":[],"yoast_head":"<!-- This site is optimized with the Yoast SEO plugin v27.3 - https:\/\/yoast.com\/product\/yoast-seo-wordpress\/ -->\n<title>Disney by Allure D414 Jasmine | Koonings<\/title>\n<meta name=\"description\" content=\"Inspiriert von Prinzessin Jasmin aus der Kollektion Disney Fairy Tale Weddings von Allure Bridals, strahlt das Brautkleid D414 bezaubernde Eleganz aus. Dieses Kleid in A-Linie ist aus glitzerndem T\u00fcll gefertigt und reich mit funkelnden Perlen verziert, die kunstvoll \u00fcber einem Kragen mit kalten Schultern und einer passenden Jacke drapiert sind. Das tr\u00e4gerlose, herzf\u00f6rmige Oberteil wird durch die abnehmbare Jacke akzentuiert und sorgt f\u00fcr einen vielseitigen und raffinierten Look. Dieses wundersch\u00f6ne Kleid ist bei Koonings The Wedding Palace in Deurne erh\u00e4ltlich, wo Sie aus einer umfangreichen Kollektion von Brautkleidern in verschiedenen Stilen, Gr\u00f6\u00dfen und Preisklassen w\u00e4hlen k\u00f6nnen.\" \/>\n<meta name=\"robots\" content=\"index, follow, max-snippet:-1, max-image-preview:large, max-video-preview:-1\" \/>\n<link rel=\"canonical\" href=\"https:\/\/www.koonings.com\/de\/product\/disney-by-allure-d414-jasmine\/\" \/>\n<meta property=\"og:locale\" content=\"de_DE\" \/>\n<meta property=\"og:type\" content=\"article\" \/>\n<meta property=\"og:title\" content=\"Disney by Allure D414 Jasmine | Koonings\" \/>\n<meta property=\"og:description\" content=\"Inspiriert von Prinzessin Jasmin aus der Kollektion Disney Fairy Tale Weddings von Allure Bridals, strahlt das Brautkleid D414 bezaubernde Eleganz aus. Dieses Kleid in A-Linie ist aus glitzerndem T\u00fcll gefertigt und reich mit funkelnden Perlen verziert, die kunstvoll \u00fcber einem Kragen mit kalten Schultern und einer passenden Jacke drapiert sind. Das tr\u00e4gerlose, herzf\u00f6rmige Oberteil wird durch die abnehmbare Jacke akzentuiert und sorgt f\u00fcr einen vielseitigen und raffinierten Look. Dieses wundersch\u00f6ne Kleid ist bei Koonings The Wedding Palace in Deurne erh\u00e4ltlich, wo Sie aus einer umfangreichen Kollektion von Brautkleidern in verschiedenen Stilen, Gr\u00f6\u00dfen und Preisklassen w\u00e4hlen k\u00f6nnen.\" \/>\n<meta property=\"og:url\" content=\"https:\/\/www.koonings.com\/de\/product\/disney-by-allure-d414-jasmine\/\" \/>\n<meta property=\"og:site_name\" content=\"Koonings\" \/>\n<meta property=\"article:publisher\" content=\"https:\/\/www.facebook.com\/kooningstheweddingpalace\" \/>\n<meta property=\"article:modified_time\" content=\"2026-02-03T19:18:01+00:00\" \/>\n<meta property=\"og:image\" content=\"https:\/\/www.koonings.com\/wp-content\/uploads\/2025\/03\/49822_109b6e289132cf16a3453dd5093f0d3488cb8aba968e4244904488fbf928762d97eb71ee-scaled.jpeg\" \/>\n\t<meta property=\"og:image:width\" content=\"1920\" \/>\n\t<meta property=\"og:image:height\" content=\"2560\" \/>\n\t<meta property=\"og:image:type\" content=\"image\/jpeg\" \/>\n<meta name=\"twitter:card\" content=\"summary_large_image\" \/>\n<meta name=\"twitter:label1\" content=\"Gesch\u00e4tzte Lesezeit\" \/>\n\t<meta name=\"twitter:data1\" content=\"1\u00a0Minute\" \/>\n<script type=\"application\/ld+json\" class=\"yoast-schema-graph\">{\"@context\":\"https:\\\/\\\/schema.org\",\"@graph\":[{\"@type\":\"WebPage\",\"@id\":\"https:\\\/\\\/www.koonings.com\\\/de\\\/product\\\/disney-by-allure-d414-jasmine\\\/\",\"url\":\"https:\\\/\\\/www.koonings.com\\\/de\\\/product\\\/disney-by-allure-d414-jasmine\\\/\",\"name\":\"Disney by Allure D414 Jasmine | Koonings\",\"isPartOf\":{\"@id\":\"https:\\\/\\\/www.koonings.com\\\/de\\\/#website\"},\"primaryImageOfPage\":{\"@id\":\"https:\\\/\\\/www.koonings.com\\\/de\\\/product\\\/disney-by-allure-d414-jasmine\\\/#primaryimage\"},\"image\":{\"@id\":\"https:\\\/\\\/www.koonings.com\\\/de\\\/product\\\/disney-by-allure-d414-jasmine\\\/#primaryimage\"},\"thumbnailUrl\":\"https:\\\/\\\/www.koonings.com\\\/wp-content\\\/uploads\\\/2025\\\/03\\\/49822_109b6e289132cf16a3453dd5093f0d3488cb8aba968e4244904488fbf928762d97eb71ee-scaled.jpeg\",\"datePublished\":\"2025-09-09T13:50:39+00:00\",\"dateModified\":\"2026-02-03T19:18:01+00:00\",\"description\":\"Inspiriert von Prinzessin Jasmin aus der Kollektion Disney Fairy Tale Weddings von Allure Bridals, strahlt das Brautkleid D414 bezaubernde Eleganz aus. Dieses Kleid in A-Linie ist aus glitzerndem T\u00fcll gefertigt und reich mit funkelnden Perlen verziert, die kunstvoll \u00fcber einem Kragen mit kalten Schultern und einer passenden Jacke drapiert sind. Das tr\u00e4gerlose, herzf\u00f6rmige Oberteil wird durch die abnehmbare Jacke akzentuiert und sorgt f\u00fcr einen vielseitigen und raffinierten Look. Dieses wundersch\u00f6ne Kleid ist bei Koonings The Wedding Palace in Deurne erh\u00e4ltlich, wo Sie aus einer umfangreichen Kollektion von Brautkleidern in verschiedenen Stilen, Gr\u00f6\u00dfen und Preisklassen w\u00e4hlen k\u00f6nnen.\",\"breadcrumb\":{\"@id\":\"https:\\\/\\\/www.koonings.com\\\/de\\\/product\\\/disney-by-allure-d414-jasmine\\\/#breadcrumb\"},\"inLanguage\":\"de\",\"potentialAction\":[{\"@type\":\"ReadAction\",\"target\":[\"https:\\\/\\\/www.koonings.com\\\/de\\\/product\\\/disney-by-allure-d414-jasmine\\\/\"]}]},{\"@type\":\"ImageObject\",\"inLanguage\":\"de\",\"@id\":\"https:\\\/\\\/www.koonings.com\\\/de\\\/product\\\/disney-by-allure-d414-jasmine\\\/#primaryimage\",\"url\":\"https:\\\/\\\/www.koonings.com\\\/wp-content\\\/uploads\\\/2025\\\/03\\\/49822_109b6e289132cf16a3453dd5093f0d3488cb8aba968e4244904488fbf928762d97eb71ee-scaled.jpeg\",\"contentUrl\":\"https:\\\/\\\/www.koonings.com\\\/wp-content\\\/uploads\\\/2025\\\/03\\\/49822_109b6e289132cf16a3453dd5093f0d3488cb8aba968e4244904488fbf928762d97eb71ee-scaled.jpeg\",\"width\":1920,\"height\":2560},{\"@type\":\"BreadcrumbList\",\"@id\":\"https:\\\/\\\/www.koonings.com\\\/de\\\/product\\\/disney-by-allure-d414-jasmine\\\/#breadcrumb\",\"itemListElement\":[{\"@type\":\"ListItem\",\"position\":1,\"name\":\"Home\",\"item\":\"https:\\\/\\\/www.koonings.com\\\/de\\\/\"},{\"@type\":\"ListItem\",\"position\":2,\"name\":\"Disney by Allure D414 Jasmine\"}]},{\"@type\":\"WebSite\",\"@id\":\"https:\\\/\\\/www.koonings.com\\\/de\\\/#website\",\"url\":\"https:\\\/\\\/www.koonings.com\\\/de\\\/\",\"name\":\"Koonings\",\"description\":\"De grootste bruidsmodewinkel ter wereld\",\"publisher\":{\"@id\":\"https:\\\/\\\/www.koonings.com\\\/de\\\/#organization\"},\"potentialAction\":[{\"@type\":\"SearchAction\",\"target\":{\"@type\":\"EntryPoint\",\"urlTemplate\":\"https:\\\/\\\/www.koonings.com\\\/de\\\/?s={search_term_string}\"},\"query-input\":{\"@type\":\"PropertyValueSpecification\",\"valueRequired\":true,\"valueName\":\"search_term_string\"}}],\"inLanguage\":\"de\"},{\"@type\":\"Organization\",\"@id\":\"https:\\\/\\\/www.koonings.com\\\/de\\\/#organization\",\"name\":\"Koonings\",\"url\":\"https:\\\/\\\/www.koonings.com\\\/de\\\/\",\"logo\":{\"@type\":\"ImageObject\",\"inLanguage\":\"de\",\"@id\":\"https:\\\/\\\/www.koonings.com\\\/de\\\/#\\\/schema\\\/logo\\\/image\\\/\",\"url\":\"https:\\\/\\\/www.koonings.com\\\/wp-content\\\/uploads\\\/2024\\\/07\\\/logo.png\",\"contentUrl\":\"https:\\\/\\\/www.koonings.com\\\/wp-content\\\/uploads\\\/2024\\\/07\\\/logo.png\",\"width\":600,\"height\":428,\"caption\":\"Koonings\"},\"image\":{\"@id\":\"https:\\\/\\\/www.koonings.com\\\/de\\\/#\\\/schema\\\/logo\\\/image\\\/\"},\"sameAs\":[\"https:\\\/\\\/www.facebook.com\\\/kooningstheweddingpalace\",\"https:\\\/\\\/www.instagram.com\\\/kooningstheweddingpalace\",\"https:\\\/\\\/www.pinterest.com\\\/koonings\",\"https:\\\/\\\/www.youtube.com\\\/kooningstheweddingpalace\"]}]}<\/script>\n<!-- \/ Yoast SEO plugin. -->","yoast_head_json":{"title":"Disney by Allure D414 Jasmine | Koonings","description":"Inspiriert von Prinzessin Jasmin aus der Kollektion Disney Fairy Tale Weddings von Allure Bridals, strahlt das Brautkleid D414 bezaubernde Eleganz aus. Dieses Kleid in A-Linie ist aus glitzerndem T\u00fcll gefertigt und reich mit funkelnden Perlen verziert, die kunstvoll \u00fcber einem Kragen mit kalten Schultern und einer passenden Jacke drapiert sind. Das tr\u00e4gerlose, herzf\u00f6rmige Oberteil wird durch die abnehmbare Jacke akzentuiert und sorgt f\u00fcr einen vielseitigen und raffinierten Look. Dieses wundersch\u00f6ne Kleid ist bei Koonings The Wedding Palace in Deurne erh\u00e4ltlich, wo Sie aus einer umfangreichen Kollektion von Brautkleidern in verschiedenen Stilen, Gr\u00f6\u00dfen und Preisklassen w\u00e4hlen k\u00f6nnen.","robots":{"index":"index","follow":"follow","max-snippet":"max-snippet:-1","max-image-preview":"max-image-preview:large","max-video-preview":"max-video-preview:-1"},"canonical":"https:\/\/www.koonings.com\/de\/product\/disney-by-allure-d414-jasmine\/","og_locale":"de_DE","og_type":"article","og_title":"Disney by Allure D414 Jasmine | Koonings","og_description":"Inspiriert von Prinzessin Jasmin aus der Kollektion Disney Fairy Tale Weddings von Allure Bridals, strahlt das Brautkleid D414 bezaubernde Eleganz aus. Dieses Kleid in A-Linie ist aus glitzerndem T\u00fcll gefertigt und reich mit funkelnden Perlen verziert, die kunstvoll \u00fcber einem Kragen mit kalten Schultern und einer passenden Jacke drapiert sind. Das tr\u00e4gerlose, herzf\u00f6rmige Oberteil wird durch die abnehmbare Jacke akzentuiert und sorgt f\u00fcr einen vielseitigen und raffinierten Look. Dieses wundersch\u00f6ne Kleid ist bei Koonings The Wedding Palace in Deurne erh\u00e4ltlich, wo Sie aus einer umfangreichen Kollektion von Brautkleidern in verschiedenen Stilen, Gr\u00f6\u00dfen und Preisklassen w\u00e4hlen k\u00f6nnen.","og_url":"https:\/\/www.koonings.com\/de\/product\/disney-by-allure-d414-jasmine\/","og_site_name":"Koonings","article_publisher":"https:\/\/www.facebook.com\/kooningstheweddingpalace","article_modified_time":"2026-02-03T19:18:01+00:00","og_image":[{"width":1920,"height":2560,"url":"https:\/\/www.koonings.com\/wp-content\/uploads\/2025\/03\/49822_109b6e289132cf16a3453dd5093f0d3488cb8aba968e4244904488fbf928762d97eb71ee-scaled.jpeg","type":"image\/jpeg"}],"twitter_card":"summary_large_image","twitter_misc":{"Gesch\u00e4tzte Lesezeit":"1\u00a0Minute"},"schema":{"@context":"https:\/\/schema.org","@graph":[{"@type":"WebPage","@id":"https:\/\/www.koonings.com\/de\/product\/disney-by-allure-d414-jasmine\/","url":"https:\/\/www.koonings.com\/de\/product\/disney-by-allure-d414-jasmine\/","name":"Disney by Allure D414 Jasmine | Koonings","isPartOf":{"@id":"https:\/\/www.koonings.com\/de\/#website"},"primaryImageOfPage":{"@id":"https:\/\/www.koonings.com\/de\/product\/disney-by-allure-d414-jasmine\/#primaryimage"},"image":{"@id":"https:\/\/www.koonings.com\/de\/product\/disney-by-allure-d414-jasmine\/#primaryimage"},"thumbnailUrl":"https:\/\/www.koonings.com\/wp-content\/uploads\/2025\/03\/49822_109b6e289132cf16a3453dd5093f0d3488cb8aba968e4244904488fbf928762d97eb71ee-scaled.jpeg","datePublished":"2025-09-09T13:50:39+00:00","dateModified":"2026-02-03T19:18:01+00:00","description":"Inspiriert von Prinzessin Jasmin aus der Kollektion Disney Fairy Tale Weddings von Allure Bridals, strahlt das Brautkleid D414 bezaubernde Eleganz aus. Dieses Kleid in A-Linie ist aus glitzerndem T\u00fcll gefertigt und reich mit funkelnden Perlen verziert, die kunstvoll \u00fcber einem Kragen mit kalten Schultern und einer passenden Jacke drapiert sind. Das tr\u00e4gerlose, herzf\u00f6rmige Oberteil wird durch die abnehmbare Jacke akzentuiert und sorgt f\u00fcr einen vielseitigen und raffinierten Look. Dieses wundersch\u00f6ne Kleid ist bei Koonings The Wedding Palace in Deurne erh\u00e4ltlich, wo Sie aus einer umfangreichen Kollektion von Brautkleidern in verschiedenen Stilen, Gr\u00f6\u00dfen und Preisklassen w\u00e4hlen k\u00f6nnen.","breadcrumb":{"@id":"https:\/\/www.koonings.com\/de\/product\/disney-by-allure-d414-jasmine\/#breadcrumb"},"inLanguage":"de","potentialAction":[{"@type":"ReadAction","target":["https:\/\/www.koonings.com\/de\/product\/disney-by-allure-d414-jasmine\/"]}]},{"@type":"ImageObject","inLanguage":"de","@id":"https:\/\/www.koonings.com\/de\/product\/disney-by-allure-d414-jasmine\/#primaryimage","url":"https:\/\/www.koonings.com\/wp-content\/uploads\/2025\/03\/49822_109b6e289132cf16a3453dd5093f0d3488cb8aba968e4244904488fbf928762d97eb71ee-scaled.jpeg","contentUrl":"https:\/\/www.koonings.com\/wp-content\/uploads\/2025\/03\/49822_109b6e289132cf16a3453dd5093f0d3488cb8aba968e4244904488fbf928762d97eb71ee-scaled.jpeg","width":1920,"height":2560},{"@type":"BreadcrumbList","@id":"https:\/\/www.koonings.com\/de\/product\/disney-by-allure-d414-jasmine\/#breadcrumb","itemListElement":[{"@type":"ListItem","position":1,"name":"Home","item":"https:\/\/www.koonings.com\/de\/"},{"@type":"ListItem","position":2,"name":"Disney by Allure D414 Jasmine"}]},{"@type":"WebSite","@id":"https:\/\/www.koonings.com\/de\/#website","url":"https:\/\/www.koonings.com\/de\/","name":"Koonings","description":"De grootste bruidsmodewinkel ter wereld","publisher":{"@id":"https:\/\/www.koonings.com\/de\/#organization"},"potentialAction":[{"@type":"SearchAction","target":{"@type":"EntryPoint","urlTemplate":"https:\/\/www.koonings.com\/de\/?s={search_term_string}"},"query-input":{"@type":"PropertyValueSpecification","valueRequired":true,"valueName":"search_term_string"}}],"inLanguage":"de"},{"@type":"Organization","@id":"https:\/\/www.koonings.com\/de\/#organization","name":"Koonings","url":"https:\/\/www.koonings.com\/de\/","logo":{"@type":"ImageObject","inLanguage":"de","@id":"https:\/\/www.koonings.com\/de\/#\/schema\/logo\/image\/","url":"https:\/\/www.koonings.com\/wp-content\/uploads\/2024\/07\/logo.png","contentUrl":"https:\/\/www.koonings.com\/wp-content\/uploads\/2024\/07\/logo.png","width":600,"height":428,"caption":"Koonings"},"image":{"@id":"https:\/\/www.koonings.com\/de\/#\/schema\/logo\/image\/"},"sameAs":["https:\/\/www.facebook.com\/kooningstheweddingpalace","https:\/\/www.instagram.com\/kooningstheweddingpalace","https:\/\/www.pinterest.com\/koonings","https:\/\/www.youtube.com\/kooningstheweddingpalace"]}]}},"_links":{"self":[{"href":"https:\/\/www.koonings.com\/de\/wp-json\/wp\/v2\/product\/82586","targetHints":{"allow":["GET"]}}],"collection":[{"href":"https:\/\/www.koonings.com\/de\/wp-json\/wp\/v2\/product"}],"about":[{"href":"https:\/\/www.koonings.com\/de\/wp-json\/wp\/v2\/types\/product"}],"wp:featuredmedia":[{"embeddable":true,"href":"https:\/\/www.koonings.com\/de\/wp-json\/wp\/v2\/media\/81643"}],"wp:attachment":[{"href":"https:\/\/www.koonings.com\/de\/wp-json\/wp\/v2\/media?parent=82586"}],"wp:term":[{"taxonomy":"productdetails","embeddable":true,"href":"https:\/\/www.koonings.com\/de\/wp-json\/wp\/v2\/productdetails?post=82586"},{"taxonomy":"productneck","embeddable":true,"href":"https:\/\/www.koonings.com\/de\/wp-json\/wp\/v2\/productneck?post=82586"},{"taxonomy":"productcolor","embeddable":true,"href":"https:\/\/www.koonings.com\/de\/wp-json\/wp\/v2\/productcolor?post=82586"},{"taxonomy":"maat","embeddable":true,"href":"https:\/\/www.koonings.com\/de\/wp-json\/wp\/v2\/maat?post=82586"},{"taxonomy":"productsupplier","embeddable":true,"href":"https:\/\/www.koonings.com\/de\/wp-json\/wp\/v2\/productsupplier?post=82586"},{"taxonomy":"productsleeve","embeddable":true,"href":"https:\/\/www.koonings.com\/de\/wp-json\/wp\/v2\/productsleeve?post=82586"},{"taxonomy":"productcategory","embeddable":true,"href":"https:\/\/www.koonings.com\/de\/wp-json\/wp\/v2\/productcategory?post=82586"},{"taxonomy":"productsilhouette","embeddable":true,"href":"https:\/\/www.koonings.com\/de\/wp-json\/wp\/v2\/productsilhouette?post=82586"},{"taxonomy":"productstyle","embeddable":true,"href":"https:\/\/www.koonings.com\/de\/wp-json\/wp\/v2\/productstyle?post=82586"}],"curies":[{"name":"wp","href":"https:\/\/api.w.org\/{rel}","templated":true}]}}