{"id":82578,"date":"2025-09-09T15:50:42","date_gmt":"2025-09-09T13:50:42","guid":{"rendered":"https:\/\/www.koonings.com\/product\/disney-by-allure-dp401-dp401cp-aurora\/"},"modified":"2026-02-03T20:18:25","modified_gmt":"2026-02-03T19:18:25","slug":"disney-by-allure-dp401-dp401cp-aurora","status":"publish","type":"product","link":"https:\/\/www.koonings.com\/de\/product\/disney-by-allure-dp401-dp401cp-aurora\/","title":{"rendered":"Disney by Allure DP401 + DP401CP Aurora"},"content":{"rendered":"<p>Inspiriert von Prinzessin Aurora aus der Kollektion Disney Fairy Tale Weddings von Allure Bridals, spiegelt das DP401 Hochzeitskleid den anmutigen und romantischen Look dieser geliebten Prinzessin wider. Das Kleid ist aus gebl\u00fcmter Spitze und T\u00fcll gefertigt und verf\u00fcgt \u00fcber einen abnehmbaren Umhang, der ebenfalls aus gebl\u00fcmter Spitze besteht. Dieses Design spiegelt die elegante und korsettartige \u00c4sthetik von Prinzessin Aurora wider.<br \/>\nDieses wundersch\u00f6ne Kleid ist bei Koonings The Wedding Palace in Deurne erh\u00e4ltlich, wo Sie aus einer umfangreichen Kollektion von Brautkleidern in verschiedenen Stilen, Gr\u00f6\u00dfen und Preisklassen w\u00e4hlen k\u00f6nnen.<\/p>\n","protected":false},"featured_media":81738,"template":"","meta":{"_acf_changed":false,"ghostkit_customizer_options":"","ghostkit_custom_css":"","ghostkit_custom_js_head":"","ghostkit_custom_js_foot":"","ghostkit_typography":""},"productdetails":[379,381],"productneck":[354],"productcolor":[393,392],"maat":[],"productsupplier":[477],"productsleeve":[],"productcategory":[18],"productsilhouette":[387],"productstyle":[366],"class_list":["post-82578","product","type-product","status-publish","has-post-thumbnail","hentry","productdetails-379","productdetails-381","productneck-354","productcolor-393","productcolor-392","productsupplier-disney-by-allure","productcategory-trouwjurken","productsilhouette-387","productstyle-366"],"acf":[],"yoast_head":"<!-- This site is optimized with the Yoast SEO plugin v27.3 - https:\/\/yoast.com\/product\/yoast-seo-wordpress\/ -->\n<title>Disney by Allure DP401 + DP401CP Aurora | Koonings<\/title>\n<meta name=\"description\" content=\"Inspiriert von Prinzessin Aurora aus der Kollektion Disney Fairy Tale Weddings von Allure Bridals, spiegelt das DP401 Hochzeitskleid den anmutigen und romantischen Look dieser geliebten Prinzessin wider. Das Kleid ist aus gebl\u00fcmter Spitze und T\u00fcll gefertigt und verf\u00fcgt \u00fcber einen abnehmbaren Umhang, der ebenfalls aus gebl\u00fcmter Spitze besteht. Dieses Design spiegelt die elegante und korsettartige \u00c4sthetik von Prinzessin Aurora wider. Dieses wundersch\u00f6ne Kleid ist bei Koonings The Wedding Palace in Deurne erh\u00e4ltlich, wo Sie aus einer umfangreichen Kollektion von Brautkleidern in verschiedenen Stilen, Gr\u00f6\u00dfen und Preisklassen w\u00e4hlen k\u00f6nnen.\" \/>\n<meta name=\"robots\" content=\"index, follow, max-snippet:-1, max-image-preview:large, max-video-preview:-1\" \/>\n<link rel=\"canonical\" href=\"https:\/\/www.koonings.com\/de\/product\/disney-by-allure-dp401-dp401cp-aurora\/\" \/>\n<meta property=\"og:locale\" content=\"de_DE\" \/>\n<meta property=\"og:type\" content=\"article\" \/>\n<meta property=\"og:title\" content=\"Disney by Allure DP401 + DP401CP Aurora | Koonings\" \/>\n<meta property=\"og:description\" content=\"Inspiriert von Prinzessin Aurora aus der Kollektion Disney Fairy Tale Weddings von Allure Bridals, spiegelt das DP401 Hochzeitskleid den anmutigen und romantischen Look dieser geliebten Prinzessin wider. Das Kleid ist aus gebl\u00fcmter Spitze und T\u00fcll gefertigt und verf\u00fcgt \u00fcber einen abnehmbaren Umhang, der ebenfalls aus gebl\u00fcmter Spitze besteht. Dieses Design spiegelt die elegante und korsettartige \u00c4sthetik von Prinzessin Aurora wider. Dieses wundersch\u00f6ne Kleid ist bei Koonings The Wedding Palace in Deurne erh\u00e4ltlich, wo Sie aus einer umfangreichen Kollektion von Brautkleidern in verschiedenen Stilen, Gr\u00f6\u00dfen und Preisklassen w\u00e4hlen k\u00f6nnen.\" \/>\n<meta property=\"og:url\" content=\"https:\/\/www.koonings.com\/de\/product\/disney-by-allure-dp401-dp401cp-aurora\/\" \/>\n<meta property=\"og:site_name\" content=\"Koonings\" \/>\n<meta property=\"article:publisher\" content=\"https:\/\/www.facebook.com\/kooningstheweddingpalace\" \/>\n<meta property=\"article:modified_time\" content=\"2026-02-03T19:18:25+00:00\" \/>\n<meta property=\"og:image\" content=\"https:\/\/www.koonings.com\/wp-content\/uploads\/2025\/03\/49826_1bb352305fc173e98958555a45325fdc32452c687a74ee1883fda0ae58c14cb7a4b7afbd-scaled.jpeg\" \/>\n\t<meta property=\"og:image:width\" content=\"1920\" \/>\n\t<meta property=\"og:image:height\" content=\"2560\" \/>\n\t<meta property=\"og:image:type\" content=\"image\/jpeg\" \/>\n<meta name=\"twitter:card\" content=\"summary_large_image\" \/>\n<script type=\"application\/ld+json\" class=\"yoast-schema-graph\">{\"@context\":\"https:\\\/\\\/schema.org\",\"@graph\":[{\"@type\":\"WebPage\",\"@id\":\"https:\\\/\\\/www.koonings.com\\\/de\\\/product\\\/disney-by-allure-dp401-dp401cp-aurora\\\/\",\"url\":\"https:\\\/\\\/www.koonings.com\\\/de\\\/product\\\/disney-by-allure-dp401-dp401cp-aurora\\\/\",\"name\":\"Disney by Allure DP401 + DP401CP Aurora | Koonings\",\"isPartOf\":{\"@id\":\"https:\\\/\\\/www.koonings.com\\\/de\\\/#website\"},\"primaryImageOfPage\":{\"@id\":\"https:\\\/\\\/www.koonings.com\\\/de\\\/product\\\/disney-by-allure-dp401-dp401cp-aurora\\\/#primaryimage\"},\"image\":{\"@id\":\"https:\\\/\\\/www.koonings.com\\\/de\\\/product\\\/disney-by-allure-dp401-dp401cp-aurora\\\/#primaryimage\"},\"thumbnailUrl\":\"https:\\\/\\\/www.koonings.com\\\/wp-content\\\/uploads\\\/2025\\\/03\\\/49826_1bb352305fc173e98958555a45325fdc32452c687a74ee1883fda0ae58c14cb7a4b7afbd-scaled.jpeg\",\"datePublished\":\"2025-09-09T13:50:42+00:00\",\"dateModified\":\"2026-02-03T19:18:25+00:00\",\"description\":\"Inspiriert von Prinzessin Aurora aus der Kollektion Disney Fairy Tale Weddings von Allure Bridals, spiegelt das DP401 Hochzeitskleid den anmutigen und romantischen Look dieser geliebten Prinzessin wider. Das Kleid ist aus gebl\u00fcmter Spitze und T\u00fcll gefertigt und verf\u00fcgt \u00fcber einen abnehmbaren Umhang, der ebenfalls aus gebl\u00fcmter Spitze besteht. Dieses Design spiegelt die elegante und korsettartige \u00c4sthetik von Prinzessin Aurora wider. Dieses wundersch\u00f6ne Kleid ist bei Koonings The Wedding Palace in Deurne erh\u00e4ltlich, wo Sie aus einer umfangreichen Kollektion von Brautkleidern in verschiedenen Stilen, Gr\u00f6\u00dfen und Preisklassen w\u00e4hlen k\u00f6nnen.\",\"breadcrumb\":{\"@id\":\"https:\\\/\\\/www.koonings.com\\\/de\\\/product\\\/disney-by-allure-dp401-dp401cp-aurora\\\/#breadcrumb\"},\"inLanguage\":\"de\",\"potentialAction\":[{\"@type\":\"ReadAction\",\"target\":[\"https:\\\/\\\/www.koonings.com\\\/de\\\/product\\\/disney-by-allure-dp401-dp401cp-aurora\\\/\"]}]},{\"@type\":\"ImageObject\",\"inLanguage\":\"de\",\"@id\":\"https:\\\/\\\/www.koonings.com\\\/de\\\/product\\\/disney-by-allure-dp401-dp401cp-aurora\\\/#primaryimage\",\"url\":\"https:\\\/\\\/www.koonings.com\\\/wp-content\\\/uploads\\\/2025\\\/03\\\/49826_1bb352305fc173e98958555a45325fdc32452c687a74ee1883fda0ae58c14cb7a4b7afbd-scaled.jpeg\",\"contentUrl\":\"https:\\\/\\\/www.koonings.com\\\/wp-content\\\/uploads\\\/2025\\\/03\\\/49826_1bb352305fc173e98958555a45325fdc32452c687a74ee1883fda0ae58c14cb7a4b7afbd-scaled.jpeg\",\"width\":1920,\"height\":2560},{\"@type\":\"BreadcrumbList\",\"@id\":\"https:\\\/\\\/www.koonings.com\\\/de\\\/product\\\/disney-by-allure-dp401-dp401cp-aurora\\\/#breadcrumb\",\"itemListElement\":[{\"@type\":\"ListItem\",\"position\":1,\"name\":\"Home\",\"item\":\"https:\\\/\\\/www.koonings.com\\\/de\\\/\"},{\"@type\":\"ListItem\",\"position\":2,\"name\":\"Disney by Allure DP401 + DP401CP Aurora\"}]},{\"@type\":\"WebSite\",\"@id\":\"https:\\\/\\\/www.koonings.com\\\/de\\\/#website\",\"url\":\"https:\\\/\\\/www.koonings.com\\\/de\\\/\",\"name\":\"Koonings\",\"description\":\"De grootste bruidsmodewinkel ter wereld\",\"publisher\":{\"@id\":\"https:\\\/\\\/www.koonings.com\\\/de\\\/#organization\"},\"potentialAction\":[{\"@type\":\"SearchAction\",\"target\":{\"@type\":\"EntryPoint\",\"urlTemplate\":\"https:\\\/\\\/www.koonings.com\\\/de\\\/?s={search_term_string}\"},\"query-input\":{\"@type\":\"PropertyValueSpecification\",\"valueRequired\":true,\"valueName\":\"search_term_string\"}}],\"inLanguage\":\"de\"},{\"@type\":\"Organization\",\"@id\":\"https:\\\/\\\/www.koonings.com\\\/de\\\/#organization\",\"name\":\"Koonings\",\"url\":\"https:\\\/\\\/www.koonings.com\\\/de\\\/\",\"logo\":{\"@type\":\"ImageObject\",\"inLanguage\":\"de\",\"@id\":\"https:\\\/\\\/www.koonings.com\\\/de\\\/#\\\/schema\\\/logo\\\/image\\\/\",\"url\":\"https:\\\/\\\/www.koonings.com\\\/wp-content\\\/uploads\\\/2024\\\/07\\\/logo.png\",\"contentUrl\":\"https:\\\/\\\/www.koonings.com\\\/wp-content\\\/uploads\\\/2024\\\/07\\\/logo.png\",\"width\":600,\"height\":428,\"caption\":\"Koonings\"},\"image\":{\"@id\":\"https:\\\/\\\/www.koonings.com\\\/de\\\/#\\\/schema\\\/logo\\\/image\\\/\"},\"sameAs\":[\"https:\\\/\\\/www.facebook.com\\\/kooningstheweddingpalace\",\"https:\\\/\\\/www.instagram.com\\\/kooningstheweddingpalace\",\"https:\\\/\\\/www.pinterest.com\\\/koonings\",\"https:\\\/\\\/www.youtube.com\\\/kooningstheweddingpalace\"]}]}<\/script>\n<!-- \/ Yoast SEO plugin. -->","yoast_head_json":{"title":"Disney by Allure DP401 + DP401CP Aurora | Koonings","description":"Inspiriert von Prinzessin Aurora aus der Kollektion Disney Fairy Tale Weddings von Allure Bridals, spiegelt das DP401 Hochzeitskleid den anmutigen und romantischen Look dieser geliebten Prinzessin wider. Das Kleid ist aus gebl\u00fcmter Spitze und T\u00fcll gefertigt und verf\u00fcgt \u00fcber einen abnehmbaren Umhang, der ebenfalls aus gebl\u00fcmter Spitze besteht. Dieses Design spiegelt die elegante und korsettartige \u00c4sthetik von Prinzessin Aurora wider. Dieses wundersch\u00f6ne Kleid ist bei Koonings The Wedding Palace in Deurne erh\u00e4ltlich, wo Sie aus einer umfangreichen Kollektion von Brautkleidern in verschiedenen Stilen, Gr\u00f6\u00dfen und Preisklassen w\u00e4hlen k\u00f6nnen.","robots":{"index":"index","follow":"follow","max-snippet":"max-snippet:-1","max-image-preview":"max-image-preview:large","max-video-preview":"max-video-preview:-1"},"canonical":"https:\/\/www.koonings.com\/de\/product\/disney-by-allure-dp401-dp401cp-aurora\/","og_locale":"de_DE","og_type":"article","og_title":"Disney by Allure DP401 + DP401CP Aurora | Koonings","og_description":"Inspiriert von Prinzessin Aurora aus der Kollektion Disney Fairy Tale Weddings von Allure Bridals, spiegelt das DP401 Hochzeitskleid den anmutigen und romantischen Look dieser geliebten Prinzessin wider. Das Kleid ist aus gebl\u00fcmter Spitze und T\u00fcll gefertigt und verf\u00fcgt \u00fcber einen abnehmbaren Umhang, der ebenfalls aus gebl\u00fcmter Spitze besteht. Dieses Design spiegelt die elegante und korsettartige \u00c4sthetik von Prinzessin Aurora wider. Dieses wundersch\u00f6ne Kleid ist bei Koonings The Wedding Palace in Deurne erh\u00e4ltlich, wo Sie aus einer umfangreichen Kollektion von Brautkleidern in verschiedenen Stilen, Gr\u00f6\u00dfen und Preisklassen w\u00e4hlen k\u00f6nnen.","og_url":"https:\/\/www.koonings.com\/de\/product\/disney-by-allure-dp401-dp401cp-aurora\/","og_site_name":"Koonings","article_publisher":"https:\/\/www.facebook.com\/kooningstheweddingpalace","article_modified_time":"2026-02-03T19:18:25+00:00","og_image":[{"width":1920,"height":2560,"url":"https:\/\/www.koonings.com\/wp-content\/uploads\/2025\/03\/49826_1bb352305fc173e98958555a45325fdc32452c687a74ee1883fda0ae58c14cb7a4b7afbd-scaled.jpeg","type":"image\/jpeg"}],"twitter_card":"summary_large_image","schema":{"@context":"https:\/\/schema.org","@graph":[{"@type":"WebPage","@id":"https:\/\/www.koonings.com\/de\/product\/disney-by-allure-dp401-dp401cp-aurora\/","url":"https:\/\/www.koonings.com\/de\/product\/disney-by-allure-dp401-dp401cp-aurora\/","name":"Disney by Allure DP401 + DP401CP Aurora | Koonings","isPartOf":{"@id":"https:\/\/www.koonings.com\/de\/#website"},"primaryImageOfPage":{"@id":"https:\/\/www.koonings.com\/de\/product\/disney-by-allure-dp401-dp401cp-aurora\/#primaryimage"},"image":{"@id":"https:\/\/www.koonings.com\/de\/product\/disney-by-allure-dp401-dp401cp-aurora\/#primaryimage"},"thumbnailUrl":"https:\/\/www.koonings.com\/wp-content\/uploads\/2025\/03\/49826_1bb352305fc173e98958555a45325fdc32452c687a74ee1883fda0ae58c14cb7a4b7afbd-scaled.jpeg","datePublished":"2025-09-09T13:50:42+00:00","dateModified":"2026-02-03T19:18:25+00:00","description":"Inspiriert von Prinzessin Aurora aus der Kollektion Disney Fairy Tale Weddings von Allure Bridals, spiegelt das DP401 Hochzeitskleid den anmutigen und romantischen Look dieser geliebten Prinzessin wider. Das Kleid ist aus gebl\u00fcmter Spitze und T\u00fcll gefertigt und verf\u00fcgt \u00fcber einen abnehmbaren Umhang, der ebenfalls aus gebl\u00fcmter Spitze besteht. Dieses Design spiegelt die elegante und korsettartige \u00c4sthetik von Prinzessin Aurora wider. Dieses wundersch\u00f6ne Kleid ist bei Koonings The Wedding Palace in Deurne erh\u00e4ltlich, wo Sie aus einer umfangreichen Kollektion von Brautkleidern in verschiedenen Stilen, Gr\u00f6\u00dfen und Preisklassen w\u00e4hlen k\u00f6nnen.","breadcrumb":{"@id":"https:\/\/www.koonings.com\/de\/product\/disney-by-allure-dp401-dp401cp-aurora\/#breadcrumb"},"inLanguage":"de","potentialAction":[{"@type":"ReadAction","target":["https:\/\/www.koonings.com\/de\/product\/disney-by-allure-dp401-dp401cp-aurora\/"]}]},{"@type":"ImageObject","inLanguage":"de","@id":"https:\/\/www.koonings.com\/de\/product\/disney-by-allure-dp401-dp401cp-aurora\/#primaryimage","url":"https:\/\/www.koonings.com\/wp-content\/uploads\/2025\/03\/49826_1bb352305fc173e98958555a45325fdc32452c687a74ee1883fda0ae58c14cb7a4b7afbd-scaled.jpeg","contentUrl":"https:\/\/www.koonings.com\/wp-content\/uploads\/2025\/03\/49826_1bb352305fc173e98958555a45325fdc32452c687a74ee1883fda0ae58c14cb7a4b7afbd-scaled.jpeg","width":1920,"height":2560},{"@type":"BreadcrumbList","@id":"https:\/\/www.koonings.com\/de\/product\/disney-by-allure-dp401-dp401cp-aurora\/#breadcrumb","itemListElement":[{"@type":"ListItem","position":1,"name":"Home","item":"https:\/\/www.koonings.com\/de\/"},{"@type":"ListItem","position":2,"name":"Disney by Allure DP401 + DP401CP Aurora"}]},{"@type":"WebSite","@id":"https:\/\/www.koonings.com\/de\/#website","url":"https:\/\/www.koonings.com\/de\/","name":"Koonings","description":"De grootste bruidsmodewinkel ter wereld","publisher":{"@id":"https:\/\/www.koonings.com\/de\/#organization"},"potentialAction":[{"@type":"SearchAction","target":{"@type":"EntryPoint","urlTemplate":"https:\/\/www.koonings.com\/de\/?s={search_term_string}"},"query-input":{"@type":"PropertyValueSpecification","valueRequired":true,"valueName":"search_term_string"}}],"inLanguage":"de"},{"@type":"Organization","@id":"https:\/\/www.koonings.com\/de\/#organization","name":"Koonings","url":"https:\/\/www.koonings.com\/de\/","logo":{"@type":"ImageObject","inLanguage":"de","@id":"https:\/\/www.koonings.com\/de\/#\/schema\/logo\/image\/","url":"https:\/\/www.koonings.com\/wp-content\/uploads\/2024\/07\/logo.png","contentUrl":"https:\/\/www.koonings.com\/wp-content\/uploads\/2024\/07\/logo.png","width":600,"height":428,"caption":"Koonings"},"image":{"@id":"https:\/\/www.koonings.com\/de\/#\/schema\/logo\/image\/"},"sameAs":["https:\/\/www.facebook.com\/kooningstheweddingpalace","https:\/\/www.instagram.com\/kooningstheweddingpalace","https:\/\/www.pinterest.com\/koonings","https:\/\/www.youtube.com\/kooningstheweddingpalace"]}]}},"_links":{"self":[{"href":"https:\/\/www.koonings.com\/de\/wp-json\/wp\/v2\/product\/82578","targetHints":{"allow":["GET"]}}],"collection":[{"href":"https:\/\/www.koonings.com\/de\/wp-json\/wp\/v2\/product"}],"about":[{"href":"https:\/\/www.koonings.com\/de\/wp-json\/wp\/v2\/types\/product"}],"wp:featuredmedia":[{"embeddable":true,"href":"https:\/\/www.koonings.com\/de\/wp-json\/wp\/v2\/media\/81738"}],"wp:attachment":[{"href":"https:\/\/www.koonings.com\/de\/wp-json\/wp\/v2\/media?parent=82578"}],"wp:term":[{"taxonomy":"productdetails","embeddable":true,"href":"https:\/\/www.koonings.com\/de\/wp-json\/wp\/v2\/productdetails?post=82578"},{"taxonomy":"productneck","embeddable":true,"href":"https:\/\/www.koonings.com\/de\/wp-json\/wp\/v2\/productneck?post=82578"},{"taxonomy":"productcolor","embeddable":true,"href":"https:\/\/www.koonings.com\/de\/wp-json\/wp\/v2\/productcolor?post=82578"},{"taxonomy":"maat","embeddable":true,"href":"https:\/\/www.koonings.com\/de\/wp-json\/wp\/v2\/maat?post=82578"},{"taxonomy":"productsupplier","embeddable":true,"href":"https:\/\/www.koonings.com\/de\/wp-json\/wp\/v2\/productsupplier?post=82578"},{"taxonomy":"productsleeve","embeddable":true,"href":"https:\/\/www.koonings.com\/de\/wp-json\/wp\/v2\/productsleeve?post=82578"},{"taxonomy":"productcategory","embeddable":true,"href":"https:\/\/www.koonings.com\/de\/wp-json\/wp\/v2\/productcategory?post=82578"},{"taxonomy":"productsilhouette","embeddable":true,"href":"https:\/\/www.koonings.com\/de\/wp-json\/wp\/v2\/productsilhouette?post=82578"},{"taxonomy":"productstyle","embeddable":true,"href":"https:\/\/www.koonings.com\/de\/wp-json\/wp\/v2\/productstyle?post=82578"}],"curies":[{"name":"wp","href":"https:\/\/api.w.org\/{rel}","templated":true}]}}