{"id":80609,"date":"2026-04-28T18:16:40","date_gmt":"2026-04-28T16:16:40","guid":{"rendered":"https:\/\/www.koonings.com\/product\/muse-by-berta-24-p102\/"},"modified":"2025-06-05T13:53:30","modified_gmt":"2025-06-05T11:53:30","slug":"muse-by-berta-24-p102","status":"publish","type":"product","link":"https:\/\/www.koonings.com\/de\/product\/muse-by-berta-24-p102\/","title":{"rendered":"Muse by Berta 24-P102"},"content":{"rendered":"<p>Die atemberaubende Berta &#8211; Priv\u00e9e Kollektion, die bei Koonings The Wedding Palace erh\u00e4ltlich ist, kombiniert Bertas einzigartigen, k\u00fchnen Ansatz f\u00fcr Brautdesign mit zeitloser Brautinspiration. Klassische Silhouetten werden mit wundersch\u00f6nen transparenten Details, raffinierter Spitze und vielem mehr aufgewertet. So entsteht eine atemberaubende, hochwertige Linie von Brautkleidern, die m\u00fchelos moderne Mode mit traditioneller Eleganz verbindet. <\/p>\n","protected":false},"featured_media":76075,"template":"","meta":{"_acf_changed":false,"ghostkit_customizer_options":"","ghostkit_custom_css":"","ghostkit_custom_js_head":"","ghostkit_custom_js_foot":"","ghostkit_typography":""},"productdetails":[379,376],"productneck":[355],"productcolor":[392],"maat":[],"productsupplier":[399],"productsleeve":[363],"productcategory":[18],"productsilhouette":[389],"productstyle":[367,370],"class_list":["post-80609","product","type-product","status-publish","has-post-thumbnail","hentry","productdetails-379","productdetails-376","productneck-355","productcolor-392","productsupplier-muse-by-berta","productsleeve-363","productcategory-trouwjurken","productsilhouette-389","productstyle-367","productstyle-370"],"acf":[],"yoast_head":"<!-- This site is optimized with the Yoast SEO plugin v27.3 - https:\/\/yoast.com\/product\/yoast-seo-wordpress\/ -->\n<title>Muse by Berta 24-P102 | Koonings<\/title>\n<meta name=\"description\" content=\"Die atemberaubende Berta - Priv\u00e9e Kollektion, die bei Koonings The Wedding Palace erh\u00e4ltlich ist, kombiniert Bertas einzigartigen, k\u00fchnen Ansatz f\u00fcr Brautdesign mit zeitloser Brautinspiration. Klassische Silhouetten werden mit wundersch\u00f6nen transparenten Details, raffinierter Spitze und vielem mehr aufgewertet. So entsteht eine atemberaubende, hochwertige Linie von Brautkleidern, die m\u00fchelos moderne Mode mit traditioneller Eleganz verbindet.\" \/>\n<meta name=\"robots\" content=\"index, follow, max-snippet:-1, max-image-preview:large, max-video-preview:-1\" \/>\n<link rel=\"canonical\" href=\"https:\/\/www.koonings.com\/de\/product\/muse-by-berta-24-p102\/\" \/>\n<meta property=\"og:locale\" content=\"de_DE\" \/>\n<meta property=\"og:type\" content=\"article\" \/>\n<meta property=\"og:title\" content=\"Muse by Berta 24-P102 | Koonings\" \/>\n<meta property=\"og:description\" content=\"Die atemberaubende Berta - Priv\u00e9e Kollektion, die bei Koonings The Wedding Palace erh\u00e4ltlich ist, kombiniert Bertas einzigartigen, k\u00fchnen Ansatz f\u00fcr Brautdesign mit zeitloser Brautinspiration. Klassische Silhouetten werden mit wundersch\u00f6nen transparenten Details, raffinierter Spitze und vielem mehr aufgewertet. So entsteht eine atemberaubende, hochwertige Linie von Brautkleidern, die m\u00fchelos moderne Mode mit traditioneller Eleganz verbindet.\" \/>\n<meta property=\"og:url\" content=\"https:\/\/www.koonings.com\/de\/product\/muse-by-berta-24-p102\/\" \/>\n<meta property=\"og:site_name\" content=\"Koonings\" \/>\n<meta property=\"article:publisher\" content=\"https:\/\/www.facebook.com\/kooningstheweddingpalace\" \/>\n<meta property=\"og:image\" content=\"https:\/\/www.koonings.com\/wp-content\/uploads\/2024\/11\/40287_47e53b05a7746a5e3c85bae877cc3fd2e8aad7c667f3136271fb354e5290464475d084cb.jpeg\" \/>\n\t<meta property=\"og:image:width\" content=\"1574\" \/>\n\t<meta property=\"og:image:height\" content=\"2225\" \/>\n\t<meta property=\"og:image:type\" content=\"image\/jpeg\" \/>\n<meta name=\"twitter:card\" content=\"summary_large_image\" \/>\n<script type=\"application\/ld+json\" class=\"yoast-schema-graph\">{\"@context\":\"https:\\\/\\\/schema.org\",\"@graph\":[{\"@type\":\"WebPage\",\"@id\":\"https:\\\/\\\/www.koonings.com\\\/de\\\/product\\\/muse-by-berta-24-p102\\\/\",\"url\":\"https:\\\/\\\/www.koonings.com\\\/de\\\/product\\\/muse-by-berta-24-p102\\\/\",\"name\":\"Muse by Berta 24-P102 | Koonings\",\"isPartOf\":{\"@id\":\"https:\\\/\\\/www.koonings.com\\\/de\\\/#website\"},\"primaryImageOfPage\":{\"@id\":\"https:\\\/\\\/www.koonings.com\\\/de\\\/product\\\/muse-by-berta-24-p102\\\/#primaryimage\"},\"image\":{\"@id\":\"https:\\\/\\\/www.koonings.com\\\/de\\\/product\\\/muse-by-berta-24-p102\\\/#primaryimage\"},\"thumbnailUrl\":\"https:\\\/\\\/www.koonings.com\\\/wp-content\\\/uploads\\\/2024\\\/11\\\/40287_47e53b05a7746a5e3c85bae877cc3fd2e8aad7c667f3136271fb354e5290464475d084cb.jpeg\",\"datePublished\":\"2026-04-28T16:16:40+00:00\",\"description\":\"Die atemberaubende Berta - Priv\u00e9e Kollektion, die bei Koonings The Wedding Palace erh\u00e4ltlich ist, kombiniert Bertas einzigartigen, k\u00fchnen Ansatz f\u00fcr Brautdesign mit zeitloser Brautinspiration. Klassische Silhouetten werden mit wundersch\u00f6nen transparenten Details, raffinierter Spitze und vielem mehr aufgewertet. So entsteht eine atemberaubende, hochwertige Linie von Brautkleidern, die m\u00fchelos moderne Mode mit traditioneller Eleganz verbindet.\",\"breadcrumb\":{\"@id\":\"https:\\\/\\\/www.koonings.com\\\/de\\\/product\\\/muse-by-berta-24-p102\\\/#breadcrumb\"},\"inLanguage\":\"de\",\"potentialAction\":[{\"@type\":\"ReadAction\",\"target\":[\"https:\\\/\\\/www.koonings.com\\\/de\\\/product\\\/muse-by-berta-24-p102\\\/\"]}]},{\"@type\":\"ImageObject\",\"inLanguage\":\"de\",\"@id\":\"https:\\\/\\\/www.koonings.com\\\/de\\\/product\\\/muse-by-berta-24-p102\\\/#primaryimage\",\"url\":\"https:\\\/\\\/www.koonings.com\\\/wp-content\\\/uploads\\\/2024\\\/11\\\/40287_47e53b05a7746a5e3c85bae877cc3fd2e8aad7c667f3136271fb354e5290464475d084cb.jpeg\",\"contentUrl\":\"https:\\\/\\\/www.koonings.com\\\/wp-content\\\/uploads\\\/2024\\\/11\\\/40287_47e53b05a7746a5e3c85bae877cc3fd2e8aad7c667f3136271fb354e5290464475d084cb.jpeg\",\"width\":1574,\"height\":2225},{\"@type\":\"BreadcrumbList\",\"@id\":\"https:\\\/\\\/www.koonings.com\\\/de\\\/product\\\/muse-by-berta-24-p102\\\/#breadcrumb\",\"itemListElement\":[{\"@type\":\"ListItem\",\"position\":1,\"name\":\"Home\",\"item\":\"https:\\\/\\\/www.koonings.com\\\/de\\\/\"},{\"@type\":\"ListItem\",\"position\":2,\"name\":\"Muse by Berta 24-P102\"}]},{\"@type\":\"WebSite\",\"@id\":\"https:\\\/\\\/www.koonings.com\\\/de\\\/#website\",\"url\":\"https:\\\/\\\/www.koonings.com\\\/de\\\/\",\"name\":\"Koonings\",\"description\":\"De grootste bruidsmodewinkel ter wereld\",\"publisher\":{\"@id\":\"https:\\\/\\\/www.koonings.com\\\/de\\\/#organization\"},\"potentialAction\":[{\"@type\":\"SearchAction\",\"target\":{\"@type\":\"EntryPoint\",\"urlTemplate\":\"https:\\\/\\\/www.koonings.com\\\/de\\\/?s={search_term_string}\"},\"query-input\":{\"@type\":\"PropertyValueSpecification\",\"valueRequired\":true,\"valueName\":\"search_term_string\"}}],\"inLanguage\":\"de\"},{\"@type\":\"Organization\",\"@id\":\"https:\\\/\\\/www.koonings.com\\\/de\\\/#organization\",\"name\":\"Koonings\",\"url\":\"https:\\\/\\\/www.koonings.com\\\/de\\\/\",\"logo\":{\"@type\":\"ImageObject\",\"inLanguage\":\"de\",\"@id\":\"https:\\\/\\\/www.koonings.com\\\/de\\\/#\\\/schema\\\/logo\\\/image\\\/\",\"url\":\"https:\\\/\\\/www.koonings.com\\\/wp-content\\\/uploads\\\/2024\\\/07\\\/logo.png\",\"contentUrl\":\"https:\\\/\\\/www.koonings.com\\\/wp-content\\\/uploads\\\/2024\\\/07\\\/logo.png\",\"width\":600,\"height\":428,\"caption\":\"Koonings\"},\"image\":{\"@id\":\"https:\\\/\\\/www.koonings.com\\\/de\\\/#\\\/schema\\\/logo\\\/image\\\/\"},\"sameAs\":[\"https:\\\/\\\/www.facebook.com\\\/kooningstheweddingpalace\",\"https:\\\/\\\/www.instagram.com\\\/kooningstheweddingpalace\",\"https:\\\/\\\/www.pinterest.com\\\/koonings\",\"https:\\\/\\\/www.youtube.com\\\/kooningstheweddingpalace\"]}]}<\/script>\n<!-- \/ Yoast SEO plugin. -->","yoast_head_json":{"title":"Muse by Berta 24-P102 | Koonings","description":"Die atemberaubende Berta - Priv\u00e9e Kollektion, die bei Koonings The Wedding Palace erh\u00e4ltlich ist, kombiniert Bertas einzigartigen, k\u00fchnen Ansatz f\u00fcr Brautdesign mit zeitloser Brautinspiration. Klassische Silhouetten werden mit wundersch\u00f6nen transparenten Details, raffinierter Spitze und vielem mehr aufgewertet. So entsteht eine atemberaubende, hochwertige Linie von Brautkleidern, die m\u00fchelos moderne Mode mit traditioneller Eleganz verbindet.","robots":{"index":"index","follow":"follow","max-snippet":"max-snippet:-1","max-image-preview":"max-image-preview:large","max-video-preview":"max-video-preview:-1"},"canonical":"https:\/\/www.koonings.com\/de\/product\/muse-by-berta-24-p102\/","og_locale":"de_DE","og_type":"article","og_title":"Muse by Berta 24-P102 | Koonings","og_description":"Die atemberaubende Berta - Priv\u00e9e Kollektion, die bei Koonings The Wedding Palace erh\u00e4ltlich ist, kombiniert Bertas einzigartigen, k\u00fchnen Ansatz f\u00fcr Brautdesign mit zeitloser Brautinspiration. Klassische Silhouetten werden mit wundersch\u00f6nen transparenten Details, raffinierter Spitze und vielem mehr aufgewertet. So entsteht eine atemberaubende, hochwertige Linie von Brautkleidern, die m\u00fchelos moderne Mode mit traditioneller Eleganz verbindet.","og_url":"https:\/\/www.koonings.com\/de\/product\/muse-by-berta-24-p102\/","og_site_name":"Koonings","article_publisher":"https:\/\/www.facebook.com\/kooningstheweddingpalace","og_image":[{"width":1574,"height":2225,"url":"https:\/\/www.koonings.com\/wp-content\/uploads\/2024\/11\/40287_47e53b05a7746a5e3c85bae877cc3fd2e8aad7c667f3136271fb354e5290464475d084cb.jpeg","type":"image\/jpeg"}],"twitter_card":"summary_large_image","schema":{"@context":"https:\/\/schema.org","@graph":[{"@type":"WebPage","@id":"https:\/\/www.koonings.com\/de\/product\/muse-by-berta-24-p102\/","url":"https:\/\/www.koonings.com\/de\/product\/muse-by-berta-24-p102\/","name":"Muse by Berta 24-P102 | Koonings","isPartOf":{"@id":"https:\/\/www.koonings.com\/de\/#website"},"primaryImageOfPage":{"@id":"https:\/\/www.koonings.com\/de\/product\/muse-by-berta-24-p102\/#primaryimage"},"image":{"@id":"https:\/\/www.koonings.com\/de\/product\/muse-by-berta-24-p102\/#primaryimage"},"thumbnailUrl":"https:\/\/www.koonings.com\/wp-content\/uploads\/2024\/11\/40287_47e53b05a7746a5e3c85bae877cc3fd2e8aad7c667f3136271fb354e5290464475d084cb.jpeg","datePublished":"2026-04-28T16:16:40+00:00","description":"Die atemberaubende Berta - Priv\u00e9e Kollektion, die bei Koonings The Wedding Palace erh\u00e4ltlich ist, kombiniert Bertas einzigartigen, k\u00fchnen Ansatz f\u00fcr Brautdesign mit zeitloser Brautinspiration. Klassische Silhouetten werden mit wundersch\u00f6nen transparenten Details, raffinierter Spitze und vielem mehr aufgewertet. So entsteht eine atemberaubende, hochwertige Linie von Brautkleidern, die m\u00fchelos moderne Mode mit traditioneller Eleganz verbindet.","breadcrumb":{"@id":"https:\/\/www.koonings.com\/de\/product\/muse-by-berta-24-p102\/#breadcrumb"},"inLanguage":"de","potentialAction":[{"@type":"ReadAction","target":["https:\/\/www.koonings.com\/de\/product\/muse-by-berta-24-p102\/"]}]},{"@type":"ImageObject","inLanguage":"de","@id":"https:\/\/www.koonings.com\/de\/product\/muse-by-berta-24-p102\/#primaryimage","url":"https:\/\/www.koonings.com\/wp-content\/uploads\/2024\/11\/40287_47e53b05a7746a5e3c85bae877cc3fd2e8aad7c667f3136271fb354e5290464475d084cb.jpeg","contentUrl":"https:\/\/www.koonings.com\/wp-content\/uploads\/2024\/11\/40287_47e53b05a7746a5e3c85bae877cc3fd2e8aad7c667f3136271fb354e5290464475d084cb.jpeg","width":1574,"height":2225},{"@type":"BreadcrumbList","@id":"https:\/\/www.koonings.com\/de\/product\/muse-by-berta-24-p102\/#breadcrumb","itemListElement":[{"@type":"ListItem","position":1,"name":"Home","item":"https:\/\/www.koonings.com\/de\/"},{"@type":"ListItem","position":2,"name":"Muse by Berta 24-P102"}]},{"@type":"WebSite","@id":"https:\/\/www.koonings.com\/de\/#website","url":"https:\/\/www.koonings.com\/de\/","name":"Koonings","description":"De grootste bruidsmodewinkel ter wereld","publisher":{"@id":"https:\/\/www.koonings.com\/de\/#organization"},"potentialAction":[{"@type":"SearchAction","target":{"@type":"EntryPoint","urlTemplate":"https:\/\/www.koonings.com\/de\/?s={search_term_string}"},"query-input":{"@type":"PropertyValueSpecification","valueRequired":true,"valueName":"search_term_string"}}],"inLanguage":"de"},{"@type":"Organization","@id":"https:\/\/www.koonings.com\/de\/#organization","name":"Koonings","url":"https:\/\/www.koonings.com\/de\/","logo":{"@type":"ImageObject","inLanguage":"de","@id":"https:\/\/www.koonings.com\/de\/#\/schema\/logo\/image\/","url":"https:\/\/www.koonings.com\/wp-content\/uploads\/2024\/07\/logo.png","contentUrl":"https:\/\/www.koonings.com\/wp-content\/uploads\/2024\/07\/logo.png","width":600,"height":428,"caption":"Koonings"},"image":{"@id":"https:\/\/www.koonings.com\/de\/#\/schema\/logo\/image\/"},"sameAs":["https:\/\/www.facebook.com\/kooningstheweddingpalace","https:\/\/www.instagram.com\/kooningstheweddingpalace","https:\/\/www.pinterest.com\/koonings","https:\/\/www.youtube.com\/kooningstheweddingpalace"]}]}},"_links":{"self":[{"href":"https:\/\/www.koonings.com\/de\/wp-json\/wp\/v2\/product\/80609","targetHints":{"allow":["GET"]}}],"collection":[{"href":"https:\/\/www.koonings.com\/de\/wp-json\/wp\/v2\/product"}],"about":[{"href":"https:\/\/www.koonings.com\/de\/wp-json\/wp\/v2\/types\/product"}],"wp:featuredmedia":[{"embeddable":true,"href":"https:\/\/www.koonings.com\/de\/wp-json\/wp\/v2\/media\/76075"}],"wp:attachment":[{"href":"https:\/\/www.koonings.com\/de\/wp-json\/wp\/v2\/media?parent=80609"}],"wp:term":[{"taxonomy":"productdetails","embeddable":true,"href":"https:\/\/www.koonings.com\/de\/wp-json\/wp\/v2\/productdetails?post=80609"},{"taxonomy":"productneck","embeddable":true,"href":"https:\/\/www.koonings.com\/de\/wp-json\/wp\/v2\/productneck?post=80609"},{"taxonomy":"productcolor","embeddable":true,"href":"https:\/\/www.koonings.com\/de\/wp-json\/wp\/v2\/productcolor?post=80609"},{"taxonomy":"maat","embeddable":true,"href":"https:\/\/www.koonings.com\/de\/wp-json\/wp\/v2\/maat?post=80609"},{"taxonomy":"productsupplier","embeddable":true,"href":"https:\/\/www.koonings.com\/de\/wp-json\/wp\/v2\/productsupplier?post=80609"},{"taxonomy":"productsleeve","embeddable":true,"href":"https:\/\/www.koonings.com\/de\/wp-json\/wp\/v2\/productsleeve?post=80609"},{"taxonomy":"productcategory","embeddable":true,"href":"https:\/\/www.koonings.com\/de\/wp-json\/wp\/v2\/productcategory?post=80609"},{"taxonomy":"productsilhouette","embeddable":true,"href":"https:\/\/www.koonings.com\/de\/wp-json\/wp\/v2\/productsilhouette?post=80609"},{"taxonomy":"productstyle","embeddable":true,"href":"https:\/\/www.koonings.com\/de\/wp-json\/wp\/v2\/productstyle?post=80609"}],"curies":[{"name":"wp","href":"https:\/\/api.w.org\/{rel}","templated":true}]}}