{"id":80573,"date":"2026-04-14T16:18:43","date_gmt":"2026-04-14T14:18:43","guid":{"rendered":"https:\/\/www.koonings.com\/product\/le-papillon-by-modeca-emmy\/"},"modified":"2025-06-05T13:55:10","modified_gmt":"2025-06-05T11:55:10","slug":"le-papillon-by-modeca-emmy","status":"publish","type":"product","link":"https:\/\/www.koonings.com\/de\/product\/le-papillon-by-modeca-emmy\/","title":{"rendered":"Le Papillon by Modeca Emmy"},"content":{"rendered":"<p>Emmy ist ein bezauberndes Kleid in Passform &amp; Schlaghose, das durch seine schlichte Eleganz und seinen modernen Charme besticht. Das Mieder ist dezent mit aufw\u00e4ndiger Spitze und schimmernden Pailletten verziert, die diesem Look einen Hauch von Glanz verleihen. Die durchsichtigen \u00c4rmel aus Spitze verleihen dem Kleid einen subtilen, aber bezaubernden Touch. Der mit einer Reihe von Kn\u00f6pfen verzierte Illusionsr\u00fccken verleiht diesem Kleid einen Hauch von Dramatik und Raffinesse.   <\/p>\n","protected":false},"featured_media":76820,"template":"","meta":{"_acf_changed":false,"ghostkit_customizer_options":"","ghostkit_custom_css":"","ghostkit_custom_js_head":"","ghostkit_custom_js_foot":"","ghostkit_typography":""},"productdetails":[376],"productneck":[350],"productcolor":[392],"maat":[],"productsupplier":[411],"productsleeve":[362],"productcategory":[18],"productsilhouette":[387,389],"productstyle":[366,370],"class_list":["post-80573","product","type-product","status-publish","has-post-thumbnail","hentry","productdetails-376","productneck-350","productcolor-392","productsupplier-le-papillon-by-modeca","productsleeve-362","productcategory-trouwjurken","productsilhouette-387","productsilhouette-389","productstyle-366","productstyle-370"],"acf":[],"yoast_head":"<!-- This site is optimized with the Yoast SEO plugin v27.3 - https:\/\/yoast.com\/product\/yoast-seo-wordpress\/ -->\n<title>Le Papillon by Modeca Emmy | Koonings<\/title>\n<meta name=\"description\" content=\"Emmy ist ein bezauberndes Kleid in Passform &amp; Schlaghose, das durch seine schlichte Eleganz und seinen modernen Charme besticht. Das Mieder ist dezent mit aufw\u00e4ndiger Spitze und schimmernden Pailletten verziert, die diesem Look einen Hauch von Glanz verleihen. Die durchsichtigen \u00c4rmel aus Spitze verleihen dem Kleid einen subtilen, aber bezaubernden Touch. Der mit einer Reihe von Kn\u00f6pfen verzierte Illusionsr\u00fccken verleiht diesem Kleid einen Hauch von Dramatik und Raffinesse.\" \/>\n<meta name=\"robots\" content=\"index, follow, max-snippet:-1, max-image-preview:large, max-video-preview:-1\" \/>\n<link rel=\"canonical\" href=\"https:\/\/www.koonings.com\/de\/product\/le-papillon-by-modeca-emmy\/\" \/>\n<meta property=\"og:locale\" content=\"de_DE\" \/>\n<meta property=\"og:type\" content=\"article\" \/>\n<meta property=\"og:title\" content=\"Le Papillon by Modeca Emmy | Koonings\" \/>\n<meta property=\"og:description\" content=\"Emmy ist ein bezauberndes Kleid in Passform &amp; Schlaghose, das durch seine schlichte Eleganz und seinen modernen Charme besticht. Das Mieder ist dezent mit aufw\u00e4ndiger Spitze und schimmernden Pailletten verziert, die diesem Look einen Hauch von Glanz verleihen. Die durchsichtigen \u00c4rmel aus Spitze verleihen dem Kleid einen subtilen, aber bezaubernden Touch. Der mit einer Reihe von Kn\u00f6pfen verzierte Illusionsr\u00fccken verleiht diesem Kleid einen Hauch von Dramatik und Raffinesse.\" \/>\n<meta property=\"og:url\" content=\"https:\/\/www.koonings.com\/de\/product\/le-papillon-by-modeca-emmy\/\" \/>\n<meta property=\"og:site_name\" content=\"Koonings\" \/>\n<meta property=\"article:publisher\" content=\"https:\/\/www.facebook.com\/kooningstheweddingpalace\" \/>\n<meta property=\"og:image\" content=\"https:\/\/www.koonings.com\/wp-content\/uploads\/2024\/11\/40380_cd64e1da2f56898446f1332fb8b78fab7cf527b500eda0767a8828d8a5110134d4fccd0f.jpeg\" \/>\n\t<meta property=\"og:image:width\" content=\"721\" \/>\n\t<meta property=\"og:image:height\" content=\"1018\" \/>\n\t<meta property=\"og:image:type\" content=\"image\/jpeg\" \/>\n<meta name=\"twitter:card\" content=\"summary_large_image\" \/>\n<script type=\"application\/ld+json\" class=\"yoast-schema-graph\">{\"@context\":\"https:\\\/\\\/schema.org\",\"@graph\":[{\"@type\":\"WebPage\",\"@id\":\"https:\\\/\\\/www.koonings.com\\\/de\\\/product\\\/le-papillon-by-modeca-emmy\\\/\",\"url\":\"https:\\\/\\\/www.koonings.com\\\/de\\\/product\\\/le-papillon-by-modeca-emmy\\\/\",\"name\":\"Le Papillon by Modeca Emmy | Koonings\",\"isPartOf\":{\"@id\":\"https:\\\/\\\/www.koonings.com\\\/de\\\/#website\"},\"primaryImageOfPage\":{\"@id\":\"https:\\\/\\\/www.koonings.com\\\/de\\\/product\\\/le-papillon-by-modeca-emmy\\\/#primaryimage\"},\"image\":{\"@id\":\"https:\\\/\\\/www.koonings.com\\\/de\\\/product\\\/le-papillon-by-modeca-emmy\\\/#primaryimage\"},\"thumbnailUrl\":\"https:\\\/\\\/www.koonings.com\\\/wp-content\\\/uploads\\\/2024\\\/11\\\/40380_cd64e1da2f56898446f1332fb8b78fab7cf527b500eda0767a8828d8a5110134d4fccd0f.jpeg\",\"datePublished\":\"2026-04-14T14:18:43+00:00\",\"description\":\"Emmy ist ein bezauberndes Kleid in Passform & Schlaghose, das durch seine schlichte Eleganz und seinen modernen Charme besticht. Das Mieder ist dezent mit aufw\u00e4ndiger Spitze und schimmernden Pailletten verziert, die diesem Look einen Hauch von Glanz verleihen. Die durchsichtigen \u00c4rmel aus Spitze verleihen dem Kleid einen subtilen, aber bezaubernden Touch. Der mit einer Reihe von Kn\u00f6pfen verzierte Illusionsr\u00fccken verleiht diesem Kleid einen Hauch von Dramatik und Raffinesse.\",\"breadcrumb\":{\"@id\":\"https:\\\/\\\/www.koonings.com\\\/de\\\/product\\\/le-papillon-by-modeca-emmy\\\/#breadcrumb\"},\"inLanguage\":\"de\",\"potentialAction\":[{\"@type\":\"ReadAction\",\"target\":[\"https:\\\/\\\/www.koonings.com\\\/de\\\/product\\\/le-papillon-by-modeca-emmy\\\/\"]}]},{\"@type\":\"ImageObject\",\"inLanguage\":\"de\",\"@id\":\"https:\\\/\\\/www.koonings.com\\\/de\\\/product\\\/le-papillon-by-modeca-emmy\\\/#primaryimage\",\"url\":\"https:\\\/\\\/www.koonings.com\\\/wp-content\\\/uploads\\\/2024\\\/11\\\/40380_cd64e1da2f56898446f1332fb8b78fab7cf527b500eda0767a8828d8a5110134d4fccd0f.jpeg\",\"contentUrl\":\"https:\\\/\\\/www.koonings.com\\\/wp-content\\\/uploads\\\/2024\\\/11\\\/40380_cd64e1da2f56898446f1332fb8b78fab7cf527b500eda0767a8828d8a5110134d4fccd0f.jpeg\",\"width\":721,\"height\":1018},{\"@type\":\"BreadcrumbList\",\"@id\":\"https:\\\/\\\/www.koonings.com\\\/de\\\/product\\\/le-papillon-by-modeca-emmy\\\/#breadcrumb\",\"itemListElement\":[{\"@type\":\"ListItem\",\"position\":1,\"name\":\"Home\",\"item\":\"https:\\\/\\\/www.koonings.com\\\/de\\\/\"},{\"@type\":\"ListItem\",\"position\":2,\"name\":\"Le Papillon by Modeca Emmy\"}]},{\"@type\":\"WebSite\",\"@id\":\"https:\\\/\\\/www.koonings.com\\\/de\\\/#website\",\"url\":\"https:\\\/\\\/www.koonings.com\\\/de\\\/\",\"name\":\"Koonings\",\"description\":\"De grootste bruidsmodewinkel ter wereld\",\"publisher\":{\"@id\":\"https:\\\/\\\/www.koonings.com\\\/de\\\/#organization\"},\"potentialAction\":[{\"@type\":\"SearchAction\",\"target\":{\"@type\":\"EntryPoint\",\"urlTemplate\":\"https:\\\/\\\/www.koonings.com\\\/de\\\/?s={search_term_string}\"},\"query-input\":{\"@type\":\"PropertyValueSpecification\",\"valueRequired\":true,\"valueName\":\"search_term_string\"}}],\"inLanguage\":\"de\"},{\"@type\":\"Organization\",\"@id\":\"https:\\\/\\\/www.koonings.com\\\/de\\\/#organization\",\"name\":\"Koonings\",\"url\":\"https:\\\/\\\/www.koonings.com\\\/de\\\/\",\"logo\":{\"@type\":\"ImageObject\",\"inLanguage\":\"de\",\"@id\":\"https:\\\/\\\/www.koonings.com\\\/de\\\/#\\\/schema\\\/logo\\\/image\\\/\",\"url\":\"https:\\\/\\\/www.koonings.com\\\/wp-content\\\/uploads\\\/2024\\\/07\\\/logo.png\",\"contentUrl\":\"https:\\\/\\\/www.koonings.com\\\/wp-content\\\/uploads\\\/2024\\\/07\\\/logo.png\",\"width\":600,\"height\":428,\"caption\":\"Koonings\"},\"image\":{\"@id\":\"https:\\\/\\\/www.koonings.com\\\/de\\\/#\\\/schema\\\/logo\\\/image\\\/\"},\"sameAs\":[\"https:\\\/\\\/www.facebook.com\\\/kooningstheweddingpalace\",\"https:\\\/\\\/www.instagram.com\\\/kooningstheweddingpalace\",\"https:\\\/\\\/www.pinterest.com\\\/koonings\",\"https:\\\/\\\/www.youtube.com\\\/kooningstheweddingpalace\"]}]}<\/script>\n<!-- \/ Yoast SEO plugin. -->","yoast_head_json":{"title":"Le Papillon by Modeca Emmy | Koonings","description":"Emmy ist ein bezauberndes Kleid in Passform & Schlaghose, das durch seine schlichte Eleganz und seinen modernen Charme besticht. Das Mieder ist dezent mit aufw\u00e4ndiger Spitze und schimmernden Pailletten verziert, die diesem Look einen Hauch von Glanz verleihen. Die durchsichtigen \u00c4rmel aus Spitze verleihen dem Kleid einen subtilen, aber bezaubernden Touch. Der mit einer Reihe von Kn\u00f6pfen verzierte Illusionsr\u00fccken verleiht diesem Kleid einen Hauch von Dramatik und Raffinesse.","robots":{"index":"index","follow":"follow","max-snippet":"max-snippet:-1","max-image-preview":"max-image-preview:large","max-video-preview":"max-video-preview:-1"},"canonical":"https:\/\/www.koonings.com\/de\/product\/le-papillon-by-modeca-emmy\/","og_locale":"de_DE","og_type":"article","og_title":"Le Papillon by Modeca Emmy | Koonings","og_description":"Emmy ist ein bezauberndes Kleid in Passform & Schlaghose, das durch seine schlichte Eleganz und seinen modernen Charme besticht. Das Mieder ist dezent mit aufw\u00e4ndiger Spitze und schimmernden Pailletten verziert, die diesem Look einen Hauch von Glanz verleihen. Die durchsichtigen \u00c4rmel aus Spitze verleihen dem Kleid einen subtilen, aber bezaubernden Touch. Der mit einer Reihe von Kn\u00f6pfen verzierte Illusionsr\u00fccken verleiht diesem Kleid einen Hauch von Dramatik und Raffinesse.","og_url":"https:\/\/www.koonings.com\/de\/product\/le-papillon-by-modeca-emmy\/","og_site_name":"Koonings","article_publisher":"https:\/\/www.facebook.com\/kooningstheweddingpalace","og_image":[{"width":721,"height":1018,"url":"https:\/\/www.koonings.com\/wp-content\/uploads\/2024\/11\/40380_cd64e1da2f56898446f1332fb8b78fab7cf527b500eda0767a8828d8a5110134d4fccd0f.jpeg","type":"image\/jpeg"}],"twitter_card":"summary_large_image","schema":{"@context":"https:\/\/schema.org","@graph":[{"@type":"WebPage","@id":"https:\/\/www.koonings.com\/de\/product\/le-papillon-by-modeca-emmy\/","url":"https:\/\/www.koonings.com\/de\/product\/le-papillon-by-modeca-emmy\/","name":"Le Papillon by Modeca Emmy | Koonings","isPartOf":{"@id":"https:\/\/www.koonings.com\/de\/#website"},"primaryImageOfPage":{"@id":"https:\/\/www.koonings.com\/de\/product\/le-papillon-by-modeca-emmy\/#primaryimage"},"image":{"@id":"https:\/\/www.koonings.com\/de\/product\/le-papillon-by-modeca-emmy\/#primaryimage"},"thumbnailUrl":"https:\/\/www.koonings.com\/wp-content\/uploads\/2024\/11\/40380_cd64e1da2f56898446f1332fb8b78fab7cf527b500eda0767a8828d8a5110134d4fccd0f.jpeg","datePublished":"2026-04-14T14:18:43+00:00","description":"Emmy ist ein bezauberndes Kleid in Passform & Schlaghose, das durch seine schlichte Eleganz und seinen modernen Charme besticht. Das Mieder ist dezent mit aufw\u00e4ndiger Spitze und schimmernden Pailletten verziert, die diesem Look einen Hauch von Glanz verleihen. Die durchsichtigen \u00c4rmel aus Spitze verleihen dem Kleid einen subtilen, aber bezaubernden Touch. Der mit einer Reihe von Kn\u00f6pfen verzierte Illusionsr\u00fccken verleiht diesem Kleid einen Hauch von Dramatik und Raffinesse.","breadcrumb":{"@id":"https:\/\/www.koonings.com\/de\/product\/le-papillon-by-modeca-emmy\/#breadcrumb"},"inLanguage":"de","potentialAction":[{"@type":"ReadAction","target":["https:\/\/www.koonings.com\/de\/product\/le-papillon-by-modeca-emmy\/"]}]},{"@type":"ImageObject","inLanguage":"de","@id":"https:\/\/www.koonings.com\/de\/product\/le-papillon-by-modeca-emmy\/#primaryimage","url":"https:\/\/www.koonings.com\/wp-content\/uploads\/2024\/11\/40380_cd64e1da2f56898446f1332fb8b78fab7cf527b500eda0767a8828d8a5110134d4fccd0f.jpeg","contentUrl":"https:\/\/www.koonings.com\/wp-content\/uploads\/2024\/11\/40380_cd64e1da2f56898446f1332fb8b78fab7cf527b500eda0767a8828d8a5110134d4fccd0f.jpeg","width":721,"height":1018},{"@type":"BreadcrumbList","@id":"https:\/\/www.koonings.com\/de\/product\/le-papillon-by-modeca-emmy\/#breadcrumb","itemListElement":[{"@type":"ListItem","position":1,"name":"Home","item":"https:\/\/www.koonings.com\/de\/"},{"@type":"ListItem","position":2,"name":"Le Papillon by Modeca Emmy"}]},{"@type":"WebSite","@id":"https:\/\/www.koonings.com\/de\/#website","url":"https:\/\/www.koonings.com\/de\/","name":"Koonings","description":"De grootste bruidsmodewinkel ter wereld","publisher":{"@id":"https:\/\/www.koonings.com\/de\/#organization"},"potentialAction":[{"@type":"SearchAction","target":{"@type":"EntryPoint","urlTemplate":"https:\/\/www.koonings.com\/de\/?s={search_term_string}"},"query-input":{"@type":"PropertyValueSpecification","valueRequired":true,"valueName":"search_term_string"}}],"inLanguage":"de"},{"@type":"Organization","@id":"https:\/\/www.koonings.com\/de\/#organization","name":"Koonings","url":"https:\/\/www.koonings.com\/de\/","logo":{"@type":"ImageObject","inLanguage":"de","@id":"https:\/\/www.koonings.com\/de\/#\/schema\/logo\/image\/","url":"https:\/\/www.koonings.com\/wp-content\/uploads\/2024\/07\/logo.png","contentUrl":"https:\/\/www.koonings.com\/wp-content\/uploads\/2024\/07\/logo.png","width":600,"height":428,"caption":"Koonings"},"image":{"@id":"https:\/\/www.koonings.com\/de\/#\/schema\/logo\/image\/"},"sameAs":["https:\/\/www.facebook.com\/kooningstheweddingpalace","https:\/\/www.instagram.com\/kooningstheweddingpalace","https:\/\/www.pinterest.com\/koonings","https:\/\/www.youtube.com\/kooningstheweddingpalace"]}]}},"_links":{"self":[{"href":"https:\/\/www.koonings.com\/de\/wp-json\/wp\/v2\/product\/80573","targetHints":{"allow":["GET"]}}],"collection":[{"href":"https:\/\/www.koonings.com\/de\/wp-json\/wp\/v2\/product"}],"about":[{"href":"https:\/\/www.koonings.com\/de\/wp-json\/wp\/v2\/types\/product"}],"wp:featuredmedia":[{"embeddable":true,"href":"https:\/\/www.koonings.com\/de\/wp-json\/wp\/v2\/media\/76820"}],"wp:attachment":[{"href":"https:\/\/www.koonings.com\/de\/wp-json\/wp\/v2\/media?parent=80573"}],"wp:term":[{"taxonomy":"productdetails","embeddable":true,"href":"https:\/\/www.koonings.com\/de\/wp-json\/wp\/v2\/productdetails?post=80573"},{"taxonomy":"productneck","embeddable":true,"href":"https:\/\/www.koonings.com\/de\/wp-json\/wp\/v2\/productneck?post=80573"},{"taxonomy":"productcolor","embeddable":true,"href":"https:\/\/www.koonings.com\/de\/wp-json\/wp\/v2\/productcolor?post=80573"},{"taxonomy":"maat","embeddable":true,"href":"https:\/\/www.koonings.com\/de\/wp-json\/wp\/v2\/maat?post=80573"},{"taxonomy":"productsupplier","embeddable":true,"href":"https:\/\/www.koonings.com\/de\/wp-json\/wp\/v2\/productsupplier?post=80573"},{"taxonomy":"productsleeve","embeddable":true,"href":"https:\/\/www.koonings.com\/de\/wp-json\/wp\/v2\/productsleeve?post=80573"},{"taxonomy":"productcategory","embeddable":true,"href":"https:\/\/www.koonings.com\/de\/wp-json\/wp\/v2\/productcategory?post=80573"},{"taxonomy":"productsilhouette","embeddable":true,"href":"https:\/\/www.koonings.com\/de\/wp-json\/wp\/v2\/productsilhouette?post=80573"},{"taxonomy":"productstyle","embeddable":true,"href":"https:\/\/www.koonings.com\/de\/wp-json\/wp\/v2\/productstyle?post=80573"}],"curies":[{"name":"wp","href":"https:\/\/api.w.org\/{rel}","templated":true}]}}