{"id":80561,"date":"2026-05-06T15:18:26","date_gmt":"2026-05-06T13:18:26","guid":{"rendered":"https:\/\/www.koonings.com\/product\/le-papillon-by-modeca-elmyra-2\/"},"modified":"2026-02-16T15:05:42","modified_gmt":"2026-02-16T14:05:42","slug":"le-papillon-by-modeca-elmyra-2","status":"publish","type":"product","link":"https:\/\/www.koonings.com\/de\/product\/le-papillon-by-modeca-elmyra-2\/","title":{"rendered":"Le Papillon von Modeca Elmyra"},"content":{"rendered":"<p>Elmyra ist ein wundersch\u00f6nes Kleid in A-Linie mit einem herzf\u00f6rmigen Ausschnitt und einem pr\u00e4chtigen, mit Paillettenspitze verzierten Mieder. Der glitzernde T\u00fcllrock schafft eine traumhafte Silhouette, die einer modernen Prinzessin angemessen ist. Elmyra hat abnehmbare, schulterfreie Tr\u00e4ger, so dass Sie Ihren Look individuell gestalten k\u00f6nnen.  <\/p>\n","protected":false},"featured_media":76846,"template":"","meta":{"_acf_changed":false,"ghostkit_customizer_options":"","ghostkit_custom_css":"","ghostkit_custom_js_head":"","ghostkit_custom_js_foot":"","ghostkit_typography":""},"productdetails":[376,381],"productneck":[354,355],"productcolor":[393,392],"maat":[],"productsupplier":[411],"productsleeve":[363],"productcategory":[18],"productsilhouette":[384],"productstyle":[366,370],"class_list":["post-80561","product","type-product","status-publish","has-post-thumbnail","hentry","productdetails-376","productdetails-381","productneck-354","productneck-355","productcolor-393","productcolor-392","productsupplier-le-papillon-by-modeca","productsleeve-363","productcategory-trouwjurken","productsilhouette-384","productstyle-366","productstyle-370"],"acf":[],"yoast_head":"<!-- This site is optimized with the Yoast SEO plugin v27.3 - https:\/\/yoast.com\/product\/yoast-seo-wordpress\/ -->\n<title>Le Papillon von Modeca Elmyra | Koonings<\/title>\n<meta name=\"description\" content=\"Elmyra ist ein wundersch\u00f6nes Kleid in A-Linie mit einem herzf\u00f6rmigen Ausschnitt und einem pr\u00e4chtigen, mit Paillettenspitze verzierten Mieder. Der glitzernde T\u00fcllrock schafft eine traumhafte Silhouette, die einer modernen Prinzessin angemessen ist. Elmyra hat abnehmbare, schulterfreie Tr\u00e4ger, so dass Sie Ihren Look individuell gestalten k\u00f6nnen.\" \/>\n<meta name=\"robots\" content=\"index, follow, max-snippet:-1, max-image-preview:large, max-video-preview:-1\" \/>\n<link rel=\"canonical\" href=\"https:\/\/www.koonings.com\/de\/product\/le-papillon-by-modeca-elmyra-2\/\" \/>\n<meta property=\"og:locale\" content=\"de_DE\" \/>\n<meta property=\"og:type\" content=\"article\" \/>\n<meta property=\"og:title\" content=\"Le Papillon von Modeca Elmyra | Koonings\" \/>\n<meta property=\"og:description\" content=\"Elmyra ist ein wundersch\u00f6nes Kleid in A-Linie mit einem herzf\u00f6rmigen Ausschnitt und einem pr\u00e4chtigen, mit Paillettenspitze verzierten Mieder. Der glitzernde T\u00fcllrock schafft eine traumhafte Silhouette, die einer modernen Prinzessin angemessen ist. Elmyra hat abnehmbare, schulterfreie Tr\u00e4ger, so dass Sie Ihren Look individuell gestalten k\u00f6nnen.\" \/>\n<meta property=\"og:url\" content=\"https:\/\/www.koonings.com\/de\/product\/le-papillon-by-modeca-elmyra-2\/\" \/>\n<meta property=\"og:site_name\" content=\"Koonings\" \/>\n<meta property=\"article:publisher\" content=\"https:\/\/www.facebook.com\/kooningstheweddingpalace\" \/>\n<meta property=\"og:image\" content=\"https:\/\/www.koonings.com\/wp-content\/uploads\/2024\/11\/40413_0442de205bbf961fb0e0275f20f4215f85633d19c1a0352a54ef954fe3778bdc20051d0b.jpeg\" \/>\n\t<meta property=\"og:image:width\" content=\"881\" \/>\n\t<meta property=\"og:image:height\" content=\"1245\" \/>\n\t<meta property=\"og:image:type\" content=\"image\/jpeg\" \/>\n<meta name=\"twitter:card\" content=\"summary_large_image\" \/>\n<script type=\"application\/ld+json\" class=\"yoast-schema-graph\">{\"@context\":\"https:\\\/\\\/schema.org\",\"@graph\":[{\"@type\":\"WebPage\",\"@id\":\"https:\\\/\\\/www.koonings.com\\\/de\\\/product\\\/le-papillon-by-modeca-elmyra-2\\\/\",\"url\":\"https:\\\/\\\/www.koonings.com\\\/de\\\/product\\\/le-papillon-by-modeca-elmyra-2\\\/\",\"name\":\"Le Papillon von Modeca Elmyra | Koonings\",\"isPartOf\":{\"@id\":\"https:\\\/\\\/www.koonings.com\\\/de\\\/#website\"},\"primaryImageOfPage\":{\"@id\":\"https:\\\/\\\/www.koonings.com\\\/de\\\/product\\\/le-papillon-by-modeca-elmyra-2\\\/#primaryimage\"},\"image\":{\"@id\":\"https:\\\/\\\/www.koonings.com\\\/de\\\/product\\\/le-papillon-by-modeca-elmyra-2\\\/#primaryimage\"},\"thumbnailUrl\":\"https:\\\/\\\/www.koonings.com\\\/wp-content\\\/uploads\\\/2024\\\/11\\\/40413_0442de205bbf961fb0e0275f20f4215f85633d19c1a0352a54ef954fe3778bdc20051d0b.jpeg\",\"datePublished\":\"2026-05-06T13:18:26+00:00\",\"description\":\"Elmyra ist ein wundersch\u00f6nes Kleid in A-Linie mit einem herzf\u00f6rmigen Ausschnitt und einem pr\u00e4chtigen, mit Paillettenspitze verzierten Mieder. Der glitzernde T\u00fcllrock schafft eine traumhafte Silhouette, die einer modernen Prinzessin angemessen ist. Elmyra hat abnehmbare, schulterfreie Tr\u00e4ger, so dass Sie Ihren Look individuell gestalten k\u00f6nnen.\",\"breadcrumb\":{\"@id\":\"https:\\\/\\\/www.koonings.com\\\/de\\\/product\\\/le-papillon-by-modeca-elmyra-2\\\/#breadcrumb\"},\"inLanguage\":\"de\",\"potentialAction\":[{\"@type\":\"ReadAction\",\"target\":[\"https:\\\/\\\/www.koonings.com\\\/de\\\/product\\\/le-papillon-by-modeca-elmyra-2\\\/\"]}]},{\"@type\":\"ImageObject\",\"inLanguage\":\"de\",\"@id\":\"https:\\\/\\\/www.koonings.com\\\/de\\\/product\\\/le-papillon-by-modeca-elmyra-2\\\/#primaryimage\",\"url\":\"https:\\\/\\\/www.koonings.com\\\/wp-content\\\/uploads\\\/2024\\\/11\\\/40413_0442de205bbf961fb0e0275f20f4215f85633d19c1a0352a54ef954fe3778bdc20051d0b.jpeg\",\"contentUrl\":\"https:\\\/\\\/www.koonings.com\\\/wp-content\\\/uploads\\\/2024\\\/11\\\/40413_0442de205bbf961fb0e0275f20f4215f85633d19c1a0352a54ef954fe3778bdc20051d0b.jpeg\",\"width\":881,\"height\":1245},{\"@type\":\"BreadcrumbList\",\"@id\":\"https:\\\/\\\/www.koonings.com\\\/de\\\/product\\\/le-papillon-by-modeca-elmyra-2\\\/#breadcrumb\",\"itemListElement\":[{\"@type\":\"ListItem\",\"position\":1,\"name\":\"Home\",\"item\":\"https:\\\/\\\/www.koonings.com\\\/de\\\/\"},{\"@type\":\"ListItem\",\"position\":2,\"name\":\"Le Papillon von Modeca Elmyra\"}]},{\"@type\":\"WebSite\",\"@id\":\"https:\\\/\\\/www.koonings.com\\\/de\\\/#website\",\"url\":\"https:\\\/\\\/www.koonings.com\\\/de\\\/\",\"name\":\"Koonings\",\"description\":\"De grootste bruidsmodewinkel ter wereld\",\"publisher\":{\"@id\":\"https:\\\/\\\/www.koonings.com\\\/de\\\/#organization\"},\"potentialAction\":[{\"@type\":\"SearchAction\",\"target\":{\"@type\":\"EntryPoint\",\"urlTemplate\":\"https:\\\/\\\/www.koonings.com\\\/de\\\/?s={search_term_string}\"},\"query-input\":{\"@type\":\"PropertyValueSpecification\",\"valueRequired\":true,\"valueName\":\"search_term_string\"}}],\"inLanguage\":\"de\"},{\"@type\":\"Organization\",\"@id\":\"https:\\\/\\\/www.koonings.com\\\/de\\\/#organization\",\"name\":\"Koonings\",\"url\":\"https:\\\/\\\/www.koonings.com\\\/de\\\/\",\"logo\":{\"@type\":\"ImageObject\",\"inLanguage\":\"de\",\"@id\":\"https:\\\/\\\/www.koonings.com\\\/de\\\/#\\\/schema\\\/logo\\\/image\\\/\",\"url\":\"https:\\\/\\\/www.koonings.com\\\/wp-content\\\/uploads\\\/2024\\\/07\\\/logo.png\",\"contentUrl\":\"https:\\\/\\\/www.koonings.com\\\/wp-content\\\/uploads\\\/2024\\\/07\\\/logo.png\",\"width\":600,\"height\":428,\"caption\":\"Koonings\"},\"image\":{\"@id\":\"https:\\\/\\\/www.koonings.com\\\/de\\\/#\\\/schema\\\/logo\\\/image\\\/\"},\"sameAs\":[\"https:\\\/\\\/www.facebook.com\\\/kooningstheweddingpalace\",\"https:\\\/\\\/www.instagram.com\\\/kooningstheweddingpalace\",\"https:\\\/\\\/www.pinterest.com\\\/koonings\",\"https:\\\/\\\/www.youtube.com\\\/kooningstheweddingpalace\"]}]}<\/script>\n<!-- \/ Yoast SEO plugin. -->","yoast_head_json":{"title":"Le Papillon von Modeca Elmyra | Koonings","description":"Elmyra ist ein wundersch\u00f6nes Kleid in A-Linie mit einem herzf\u00f6rmigen Ausschnitt und einem pr\u00e4chtigen, mit Paillettenspitze verzierten Mieder. Der glitzernde T\u00fcllrock schafft eine traumhafte Silhouette, die einer modernen Prinzessin angemessen ist. Elmyra hat abnehmbare, schulterfreie Tr\u00e4ger, so dass Sie Ihren Look individuell gestalten k\u00f6nnen.","robots":{"index":"index","follow":"follow","max-snippet":"max-snippet:-1","max-image-preview":"max-image-preview:large","max-video-preview":"max-video-preview:-1"},"canonical":"https:\/\/www.koonings.com\/de\/product\/le-papillon-by-modeca-elmyra-2\/","og_locale":"de_DE","og_type":"article","og_title":"Le Papillon von Modeca Elmyra | Koonings","og_description":"Elmyra ist ein wundersch\u00f6nes Kleid in A-Linie mit einem herzf\u00f6rmigen Ausschnitt und einem pr\u00e4chtigen, mit Paillettenspitze verzierten Mieder. Der glitzernde T\u00fcllrock schafft eine traumhafte Silhouette, die einer modernen Prinzessin angemessen ist. Elmyra hat abnehmbare, schulterfreie Tr\u00e4ger, so dass Sie Ihren Look individuell gestalten k\u00f6nnen.","og_url":"https:\/\/www.koonings.com\/de\/product\/le-papillon-by-modeca-elmyra-2\/","og_site_name":"Koonings","article_publisher":"https:\/\/www.facebook.com\/kooningstheweddingpalace","og_image":[{"width":881,"height":1245,"url":"https:\/\/www.koonings.com\/wp-content\/uploads\/2024\/11\/40413_0442de205bbf961fb0e0275f20f4215f85633d19c1a0352a54ef954fe3778bdc20051d0b.jpeg","type":"image\/jpeg"}],"twitter_card":"summary_large_image","schema":{"@context":"https:\/\/schema.org","@graph":[{"@type":"WebPage","@id":"https:\/\/www.koonings.com\/de\/product\/le-papillon-by-modeca-elmyra-2\/","url":"https:\/\/www.koonings.com\/de\/product\/le-papillon-by-modeca-elmyra-2\/","name":"Le Papillon von Modeca Elmyra | Koonings","isPartOf":{"@id":"https:\/\/www.koonings.com\/de\/#website"},"primaryImageOfPage":{"@id":"https:\/\/www.koonings.com\/de\/product\/le-papillon-by-modeca-elmyra-2\/#primaryimage"},"image":{"@id":"https:\/\/www.koonings.com\/de\/product\/le-papillon-by-modeca-elmyra-2\/#primaryimage"},"thumbnailUrl":"https:\/\/www.koonings.com\/wp-content\/uploads\/2024\/11\/40413_0442de205bbf961fb0e0275f20f4215f85633d19c1a0352a54ef954fe3778bdc20051d0b.jpeg","datePublished":"2026-05-06T13:18:26+00:00","description":"Elmyra ist ein wundersch\u00f6nes Kleid in A-Linie mit einem herzf\u00f6rmigen Ausschnitt und einem pr\u00e4chtigen, mit Paillettenspitze verzierten Mieder. Der glitzernde T\u00fcllrock schafft eine traumhafte Silhouette, die einer modernen Prinzessin angemessen ist. Elmyra hat abnehmbare, schulterfreie Tr\u00e4ger, so dass Sie Ihren Look individuell gestalten k\u00f6nnen.","breadcrumb":{"@id":"https:\/\/www.koonings.com\/de\/product\/le-papillon-by-modeca-elmyra-2\/#breadcrumb"},"inLanguage":"de","potentialAction":[{"@type":"ReadAction","target":["https:\/\/www.koonings.com\/de\/product\/le-papillon-by-modeca-elmyra-2\/"]}]},{"@type":"ImageObject","inLanguage":"de","@id":"https:\/\/www.koonings.com\/de\/product\/le-papillon-by-modeca-elmyra-2\/#primaryimage","url":"https:\/\/www.koonings.com\/wp-content\/uploads\/2024\/11\/40413_0442de205bbf961fb0e0275f20f4215f85633d19c1a0352a54ef954fe3778bdc20051d0b.jpeg","contentUrl":"https:\/\/www.koonings.com\/wp-content\/uploads\/2024\/11\/40413_0442de205bbf961fb0e0275f20f4215f85633d19c1a0352a54ef954fe3778bdc20051d0b.jpeg","width":881,"height":1245},{"@type":"BreadcrumbList","@id":"https:\/\/www.koonings.com\/de\/product\/le-papillon-by-modeca-elmyra-2\/#breadcrumb","itemListElement":[{"@type":"ListItem","position":1,"name":"Home","item":"https:\/\/www.koonings.com\/de\/"},{"@type":"ListItem","position":2,"name":"Le Papillon von Modeca Elmyra"}]},{"@type":"WebSite","@id":"https:\/\/www.koonings.com\/de\/#website","url":"https:\/\/www.koonings.com\/de\/","name":"Koonings","description":"De grootste bruidsmodewinkel ter wereld","publisher":{"@id":"https:\/\/www.koonings.com\/de\/#organization"},"potentialAction":[{"@type":"SearchAction","target":{"@type":"EntryPoint","urlTemplate":"https:\/\/www.koonings.com\/de\/?s={search_term_string}"},"query-input":{"@type":"PropertyValueSpecification","valueRequired":true,"valueName":"search_term_string"}}],"inLanguage":"de"},{"@type":"Organization","@id":"https:\/\/www.koonings.com\/de\/#organization","name":"Koonings","url":"https:\/\/www.koonings.com\/de\/","logo":{"@type":"ImageObject","inLanguage":"de","@id":"https:\/\/www.koonings.com\/de\/#\/schema\/logo\/image\/","url":"https:\/\/www.koonings.com\/wp-content\/uploads\/2024\/07\/logo.png","contentUrl":"https:\/\/www.koonings.com\/wp-content\/uploads\/2024\/07\/logo.png","width":600,"height":428,"caption":"Koonings"},"image":{"@id":"https:\/\/www.koonings.com\/de\/#\/schema\/logo\/image\/"},"sameAs":["https:\/\/www.facebook.com\/kooningstheweddingpalace","https:\/\/www.instagram.com\/kooningstheweddingpalace","https:\/\/www.pinterest.com\/koonings","https:\/\/www.youtube.com\/kooningstheweddingpalace"]}]}},"_links":{"self":[{"href":"https:\/\/www.koonings.com\/de\/wp-json\/wp\/v2\/product\/80561","targetHints":{"allow":["GET"]}}],"collection":[{"href":"https:\/\/www.koonings.com\/de\/wp-json\/wp\/v2\/product"}],"about":[{"href":"https:\/\/www.koonings.com\/de\/wp-json\/wp\/v2\/types\/product"}],"wp:featuredmedia":[{"embeddable":true,"href":"https:\/\/www.koonings.com\/de\/wp-json\/wp\/v2\/media\/76846"}],"wp:attachment":[{"href":"https:\/\/www.koonings.com\/de\/wp-json\/wp\/v2\/media?parent=80561"}],"wp:term":[{"taxonomy":"productdetails","embeddable":true,"href":"https:\/\/www.koonings.com\/de\/wp-json\/wp\/v2\/productdetails?post=80561"},{"taxonomy":"productneck","embeddable":true,"href":"https:\/\/www.koonings.com\/de\/wp-json\/wp\/v2\/productneck?post=80561"},{"taxonomy":"productcolor","embeddable":true,"href":"https:\/\/www.koonings.com\/de\/wp-json\/wp\/v2\/productcolor?post=80561"},{"taxonomy":"maat","embeddable":true,"href":"https:\/\/www.koonings.com\/de\/wp-json\/wp\/v2\/maat?post=80561"},{"taxonomy":"productsupplier","embeddable":true,"href":"https:\/\/www.koonings.com\/de\/wp-json\/wp\/v2\/productsupplier?post=80561"},{"taxonomy":"productsleeve","embeddable":true,"href":"https:\/\/www.koonings.com\/de\/wp-json\/wp\/v2\/productsleeve?post=80561"},{"taxonomy":"productcategory","embeddable":true,"href":"https:\/\/www.koonings.com\/de\/wp-json\/wp\/v2\/productcategory?post=80561"},{"taxonomy":"productsilhouette","embeddable":true,"href":"https:\/\/www.koonings.com\/de\/wp-json\/wp\/v2\/productsilhouette?post=80561"},{"taxonomy":"productstyle","embeddable":true,"href":"https:\/\/www.koonings.com\/de\/wp-json\/wp\/v2\/productstyle?post=80561"}],"curies":[{"name":"wp","href":"https:\/\/api.w.org\/{rel}","templated":true}]}}