{"id":80554,"date":"2026-05-06T15:02:10","date_gmt":"2026-05-06T13:02:10","guid":{"rendered":"https:\/\/www.koonings.com\/product\/berta-bridal-18-102\/"},"modified":"2026-02-16T15:01:16","modified_gmt":"2026-02-16T14:01:16","slug":"berta-bridal-18-102","status":"publish","type":"product","link":"https:\/\/www.koonings.com\/de\/product\/berta-bridal-18-102\/","title":{"rendered":"Berta Braut 18-102"},"content":{"rendered":"<p>Dieses elfenbeinfarbene Hochzeitskleid von Berta Bridal hat eine Meerjungfrauen-Silhouette. Dieses Kleid hat ein Oberteil aus Spitze mit einem sehr tiefen Ausschnitt. Der Rock ist komplett mit sch\u00f6ner Spitze \u00fcberzogen. Au\u00dferdem hat das Kleid einen sch\u00f6nen offenen R\u00fccken, kurze \u00c4rmel und kleine Federn auf dem ganzen Kleid.   <\/p>\n","protected":false},"featured_media":76026,"template":"","meta":{"_acf_changed":false,"ghostkit_customizer_options":"","ghostkit_custom_css":"","ghostkit_custom_js_head":"","ghostkit_custom_js_foot":"","ghostkit_typography":""},"productdetails":[],"productneck":[351,356],"productcolor":[392],"maat":[],"productsupplier":[463],"productsleeve":[361],"productcategory":[18],"productsilhouette":[384,387,389],"productstyle":[367],"class_list":["post-80554","product","type-product","status-publish","has-post-thumbnail","hentry","productneck-351","productneck-356","productcolor-392","productsupplier-berta-bridal","productsleeve-361","productcategory-trouwjurken","productsilhouette-384","productsilhouette-387","productsilhouette-389","productstyle-367"],"acf":[],"yoast_head":"<!-- This site is optimized with the Yoast SEO plugin v27.3 - https:\/\/yoast.com\/product\/yoast-seo-wordpress\/ -->\n<title>Berta Braut 18-102 | Koonings<\/title>\n<meta name=\"description\" content=\"Dieses elfenbeinfarbene Hochzeitskleid von Berta Bridal hat eine Meerjungfrauen-Silhouette. Dieses Kleid hat ein Oberteil aus Spitze mit einem sehr tiefen Ausschnitt. Der Rock ist komplett mit sch\u00f6ner Spitze \u00fcberzogen. Au\u00dferdem hat das Kleid einen sch\u00f6nen offenen R\u00fccken, kurze \u00c4rmel und kleine Federn auf dem ganzen Kleid.\" \/>\n<meta name=\"robots\" content=\"index, follow, max-snippet:-1, max-image-preview:large, max-video-preview:-1\" \/>\n<link rel=\"canonical\" href=\"https:\/\/www.koonings.com\/de\/product\/berta-bridal-18-102\/\" \/>\n<meta property=\"og:locale\" content=\"de_DE\" \/>\n<meta property=\"og:type\" content=\"article\" \/>\n<meta property=\"og:title\" content=\"Berta Braut 18-102 | Koonings\" \/>\n<meta property=\"og:description\" content=\"Dieses elfenbeinfarbene Hochzeitskleid von Berta Bridal hat eine Meerjungfrauen-Silhouette. Dieses Kleid hat ein Oberteil aus Spitze mit einem sehr tiefen Ausschnitt. Der Rock ist komplett mit sch\u00f6ner Spitze \u00fcberzogen. Au\u00dferdem hat das Kleid einen sch\u00f6nen offenen R\u00fccken, kurze \u00c4rmel und kleine Federn auf dem ganzen Kleid.\" \/>\n<meta property=\"og:url\" content=\"https:\/\/www.koonings.com\/de\/product\/berta-bridal-18-102\/\" \/>\n<meta property=\"og:site_name\" content=\"Koonings\" \/>\n<meta property=\"article:publisher\" content=\"https:\/\/www.facebook.com\/kooningstheweddingpalace\" \/>\n<meta property=\"og:image\" content=\"https:\/\/www.koonings.com\/wp-content\/uploads\/2024\/11\/1076_94bc2ce723e8bd71a84b3f50ab627e0cc466e33bb729b01d1d0df58c64434c6595a9c8d5-scaled.jpeg\" \/>\n\t<meta property=\"og:image:width\" content=\"1812\" \/>\n\t<meta property=\"og:image:height\" content=\"2560\" \/>\n\t<meta property=\"og:image:type\" content=\"image\/jpeg\" \/>\n<meta name=\"twitter:card\" content=\"summary_large_image\" \/>\n<script type=\"application\/ld+json\" class=\"yoast-schema-graph\">{\"@context\":\"https:\\\/\\\/schema.org\",\"@graph\":[{\"@type\":\"WebPage\",\"@id\":\"https:\\\/\\\/www.koonings.com\\\/de\\\/product\\\/berta-bridal-18-102\\\/\",\"url\":\"https:\\\/\\\/www.koonings.com\\\/de\\\/product\\\/berta-bridal-18-102\\\/\",\"name\":\"Berta Braut 18-102 | Koonings\",\"isPartOf\":{\"@id\":\"https:\\\/\\\/www.koonings.com\\\/de\\\/#website\"},\"primaryImageOfPage\":{\"@id\":\"https:\\\/\\\/www.koonings.com\\\/de\\\/product\\\/berta-bridal-18-102\\\/#primaryimage\"},\"image\":{\"@id\":\"https:\\\/\\\/www.koonings.com\\\/de\\\/product\\\/berta-bridal-18-102\\\/#primaryimage\"},\"thumbnailUrl\":\"https:\\\/\\\/www.koonings.com\\\/wp-content\\\/uploads\\\/2024\\\/11\\\/1076_94bc2ce723e8bd71a84b3f50ab627e0cc466e33bb729b01d1d0df58c64434c6595a9c8d5-scaled.jpeg\",\"datePublished\":\"2026-05-06T13:02:10+00:00\",\"description\":\"Dieses elfenbeinfarbene Hochzeitskleid von Berta Bridal hat eine Meerjungfrauen-Silhouette. Dieses Kleid hat ein Oberteil aus Spitze mit einem sehr tiefen Ausschnitt. Der Rock ist komplett mit sch\u00f6ner Spitze \u00fcberzogen. Au\u00dferdem hat das Kleid einen sch\u00f6nen offenen R\u00fccken, kurze \u00c4rmel und kleine Federn auf dem ganzen Kleid.\",\"breadcrumb\":{\"@id\":\"https:\\\/\\\/www.koonings.com\\\/de\\\/product\\\/berta-bridal-18-102\\\/#breadcrumb\"},\"inLanguage\":\"de\",\"potentialAction\":[{\"@type\":\"ReadAction\",\"target\":[\"https:\\\/\\\/www.koonings.com\\\/de\\\/product\\\/berta-bridal-18-102\\\/\"]}]},{\"@type\":\"ImageObject\",\"inLanguage\":\"de\",\"@id\":\"https:\\\/\\\/www.koonings.com\\\/de\\\/product\\\/berta-bridal-18-102\\\/#primaryimage\",\"url\":\"https:\\\/\\\/www.koonings.com\\\/wp-content\\\/uploads\\\/2024\\\/11\\\/1076_94bc2ce723e8bd71a84b3f50ab627e0cc466e33bb729b01d1d0df58c64434c6595a9c8d5-scaled.jpeg\",\"contentUrl\":\"https:\\\/\\\/www.koonings.com\\\/wp-content\\\/uploads\\\/2024\\\/11\\\/1076_94bc2ce723e8bd71a84b3f50ab627e0cc466e33bb729b01d1d0df58c64434c6595a9c8d5-scaled.jpeg\",\"width\":1812,\"height\":2560},{\"@type\":\"BreadcrumbList\",\"@id\":\"https:\\\/\\\/www.koonings.com\\\/de\\\/product\\\/berta-bridal-18-102\\\/#breadcrumb\",\"itemListElement\":[{\"@type\":\"ListItem\",\"position\":1,\"name\":\"Home\",\"item\":\"https:\\\/\\\/www.koonings.com\\\/de\\\/\"},{\"@type\":\"ListItem\",\"position\":2,\"name\":\"Berta Braut 18-102\"}]},{\"@type\":\"WebSite\",\"@id\":\"https:\\\/\\\/www.koonings.com\\\/de\\\/#website\",\"url\":\"https:\\\/\\\/www.koonings.com\\\/de\\\/\",\"name\":\"Koonings\",\"description\":\"De grootste bruidsmodewinkel ter wereld\",\"publisher\":{\"@id\":\"https:\\\/\\\/www.koonings.com\\\/de\\\/#organization\"},\"potentialAction\":[{\"@type\":\"SearchAction\",\"target\":{\"@type\":\"EntryPoint\",\"urlTemplate\":\"https:\\\/\\\/www.koonings.com\\\/de\\\/?s={search_term_string}\"},\"query-input\":{\"@type\":\"PropertyValueSpecification\",\"valueRequired\":true,\"valueName\":\"search_term_string\"}}],\"inLanguage\":\"de\"},{\"@type\":\"Organization\",\"@id\":\"https:\\\/\\\/www.koonings.com\\\/de\\\/#organization\",\"name\":\"Koonings\",\"url\":\"https:\\\/\\\/www.koonings.com\\\/de\\\/\",\"logo\":{\"@type\":\"ImageObject\",\"inLanguage\":\"de\",\"@id\":\"https:\\\/\\\/www.koonings.com\\\/de\\\/#\\\/schema\\\/logo\\\/image\\\/\",\"url\":\"https:\\\/\\\/www.koonings.com\\\/wp-content\\\/uploads\\\/2024\\\/07\\\/logo.png\",\"contentUrl\":\"https:\\\/\\\/www.koonings.com\\\/wp-content\\\/uploads\\\/2024\\\/07\\\/logo.png\",\"width\":600,\"height\":428,\"caption\":\"Koonings\"},\"image\":{\"@id\":\"https:\\\/\\\/www.koonings.com\\\/de\\\/#\\\/schema\\\/logo\\\/image\\\/\"},\"sameAs\":[\"https:\\\/\\\/www.facebook.com\\\/kooningstheweddingpalace\",\"https:\\\/\\\/www.instagram.com\\\/kooningstheweddingpalace\",\"https:\\\/\\\/www.pinterest.com\\\/koonings\",\"https:\\\/\\\/www.youtube.com\\\/kooningstheweddingpalace\"]}]}<\/script>\n<!-- \/ Yoast SEO plugin. -->","yoast_head_json":{"title":"Berta Braut 18-102 | Koonings","description":"Dieses elfenbeinfarbene Hochzeitskleid von Berta Bridal hat eine Meerjungfrauen-Silhouette. Dieses Kleid hat ein Oberteil aus Spitze mit einem sehr tiefen Ausschnitt. Der Rock ist komplett mit sch\u00f6ner Spitze \u00fcberzogen. Au\u00dferdem hat das Kleid einen sch\u00f6nen offenen R\u00fccken, kurze \u00c4rmel und kleine Federn auf dem ganzen Kleid.","robots":{"index":"index","follow":"follow","max-snippet":"max-snippet:-1","max-image-preview":"max-image-preview:large","max-video-preview":"max-video-preview:-1"},"canonical":"https:\/\/www.koonings.com\/de\/product\/berta-bridal-18-102\/","og_locale":"de_DE","og_type":"article","og_title":"Berta Braut 18-102 | Koonings","og_description":"Dieses elfenbeinfarbene Hochzeitskleid von Berta Bridal hat eine Meerjungfrauen-Silhouette. Dieses Kleid hat ein Oberteil aus Spitze mit einem sehr tiefen Ausschnitt. Der Rock ist komplett mit sch\u00f6ner Spitze \u00fcberzogen. Au\u00dferdem hat das Kleid einen sch\u00f6nen offenen R\u00fccken, kurze \u00c4rmel und kleine Federn auf dem ganzen Kleid.","og_url":"https:\/\/www.koonings.com\/de\/product\/berta-bridal-18-102\/","og_site_name":"Koonings","article_publisher":"https:\/\/www.facebook.com\/kooningstheweddingpalace","og_image":[{"width":1812,"height":2560,"url":"https:\/\/www.koonings.com\/wp-content\/uploads\/2024\/11\/1076_94bc2ce723e8bd71a84b3f50ab627e0cc466e33bb729b01d1d0df58c64434c6595a9c8d5-scaled.jpeg","type":"image\/jpeg"}],"twitter_card":"summary_large_image","schema":{"@context":"https:\/\/schema.org","@graph":[{"@type":"WebPage","@id":"https:\/\/www.koonings.com\/de\/product\/berta-bridal-18-102\/","url":"https:\/\/www.koonings.com\/de\/product\/berta-bridal-18-102\/","name":"Berta Braut 18-102 | Koonings","isPartOf":{"@id":"https:\/\/www.koonings.com\/de\/#website"},"primaryImageOfPage":{"@id":"https:\/\/www.koonings.com\/de\/product\/berta-bridal-18-102\/#primaryimage"},"image":{"@id":"https:\/\/www.koonings.com\/de\/product\/berta-bridal-18-102\/#primaryimage"},"thumbnailUrl":"https:\/\/www.koonings.com\/wp-content\/uploads\/2024\/11\/1076_94bc2ce723e8bd71a84b3f50ab627e0cc466e33bb729b01d1d0df58c64434c6595a9c8d5-scaled.jpeg","datePublished":"2026-05-06T13:02:10+00:00","description":"Dieses elfenbeinfarbene Hochzeitskleid von Berta Bridal hat eine Meerjungfrauen-Silhouette. Dieses Kleid hat ein Oberteil aus Spitze mit einem sehr tiefen Ausschnitt. Der Rock ist komplett mit sch\u00f6ner Spitze \u00fcberzogen. Au\u00dferdem hat das Kleid einen sch\u00f6nen offenen R\u00fccken, kurze \u00c4rmel und kleine Federn auf dem ganzen Kleid.","breadcrumb":{"@id":"https:\/\/www.koonings.com\/de\/product\/berta-bridal-18-102\/#breadcrumb"},"inLanguage":"de","potentialAction":[{"@type":"ReadAction","target":["https:\/\/www.koonings.com\/de\/product\/berta-bridal-18-102\/"]}]},{"@type":"ImageObject","inLanguage":"de","@id":"https:\/\/www.koonings.com\/de\/product\/berta-bridal-18-102\/#primaryimage","url":"https:\/\/www.koonings.com\/wp-content\/uploads\/2024\/11\/1076_94bc2ce723e8bd71a84b3f50ab627e0cc466e33bb729b01d1d0df58c64434c6595a9c8d5-scaled.jpeg","contentUrl":"https:\/\/www.koonings.com\/wp-content\/uploads\/2024\/11\/1076_94bc2ce723e8bd71a84b3f50ab627e0cc466e33bb729b01d1d0df58c64434c6595a9c8d5-scaled.jpeg","width":1812,"height":2560},{"@type":"BreadcrumbList","@id":"https:\/\/www.koonings.com\/de\/product\/berta-bridal-18-102\/#breadcrumb","itemListElement":[{"@type":"ListItem","position":1,"name":"Home","item":"https:\/\/www.koonings.com\/de\/"},{"@type":"ListItem","position":2,"name":"Berta Braut 18-102"}]},{"@type":"WebSite","@id":"https:\/\/www.koonings.com\/de\/#website","url":"https:\/\/www.koonings.com\/de\/","name":"Koonings","description":"De grootste bruidsmodewinkel ter wereld","publisher":{"@id":"https:\/\/www.koonings.com\/de\/#organization"},"potentialAction":[{"@type":"SearchAction","target":{"@type":"EntryPoint","urlTemplate":"https:\/\/www.koonings.com\/de\/?s={search_term_string}"},"query-input":{"@type":"PropertyValueSpecification","valueRequired":true,"valueName":"search_term_string"}}],"inLanguage":"de"},{"@type":"Organization","@id":"https:\/\/www.koonings.com\/de\/#organization","name":"Koonings","url":"https:\/\/www.koonings.com\/de\/","logo":{"@type":"ImageObject","inLanguage":"de","@id":"https:\/\/www.koonings.com\/de\/#\/schema\/logo\/image\/","url":"https:\/\/www.koonings.com\/wp-content\/uploads\/2024\/07\/logo.png","contentUrl":"https:\/\/www.koonings.com\/wp-content\/uploads\/2024\/07\/logo.png","width":600,"height":428,"caption":"Koonings"},"image":{"@id":"https:\/\/www.koonings.com\/de\/#\/schema\/logo\/image\/"},"sameAs":["https:\/\/www.facebook.com\/kooningstheweddingpalace","https:\/\/www.instagram.com\/kooningstheweddingpalace","https:\/\/www.pinterest.com\/koonings","https:\/\/www.youtube.com\/kooningstheweddingpalace"]}]}},"_links":{"self":[{"href":"https:\/\/www.koonings.com\/de\/wp-json\/wp\/v2\/product\/80554","targetHints":{"allow":["GET"]}}],"collection":[{"href":"https:\/\/www.koonings.com\/de\/wp-json\/wp\/v2\/product"}],"about":[{"href":"https:\/\/www.koonings.com\/de\/wp-json\/wp\/v2\/types\/product"}],"wp:featuredmedia":[{"embeddable":true,"href":"https:\/\/www.koonings.com\/de\/wp-json\/wp\/v2\/media\/76026"}],"wp:attachment":[{"href":"https:\/\/www.koonings.com\/de\/wp-json\/wp\/v2\/media?parent=80554"}],"wp:term":[{"taxonomy":"productdetails","embeddable":true,"href":"https:\/\/www.koonings.com\/de\/wp-json\/wp\/v2\/productdetails?post=80554"},{"taxonomy":"productneck","embeddable":true,"href":"https:\/\/www.koonings.com\/de\/wp-json\/wp\/v2\/productneck?post=80554"},{"taxonomy":"productcolor","embeddable":true,"href":"https:\/\/www.koonings.com\/de\/wp-json\/wp\/v2\/productcolor?post=80554"},{"taxonomy":"maat","embeddable":true,"href":"https:\/\/www.koonings.com\/de\/wp-json\/wp\/v2\/maat?post=80554"},{"taxonomy":"productsupplier","embeddable":true,"href":"https:\/\/www.koonings.com\/de\/wp-json\/wp\/v2\/productsupplier?post=80554"},{"taxonomy":"productsleeve","embeddable":true,"href":"https:\/\/www.koonings.com\/de\/wp-json\/wp\/v2\/productsleeve?post=80554"},{"taxonomy":"productcategory","embeddable":true,"href":"https:\/\/www.koonings.com\/de\/wp-json\/wp\/v2\/productcategory?post=80554"},{"taxonomy":"productsilhouette","embeddable":true,"href":"https:\/\/www.koonings.com\/de\/wp-json\/wp\/v2\/productsilhouette?post=80554"},{"taxonomy":"productstyle","embeddable":true,"href":"https:\/\/www.koonings.com\/de\/wp-json\/wp\/v2\/productstyle?post=80554"}],"curies":[{"name":"wp","href":"https:\/\/api.w.org\/{rel}","templated":true}]}}