{"id":80549,"date":"2026-04-28T18:02:10","date_gmt":"2026-04-28T16:02:10","guid":{"rendered":"https:\/\/www.koonings.com\/product\/berta-bridal-18-109\/"},"modified":"2026-02-16T15:01:15","modified_gmt":"2026-02-16T14:01:15","slug":"berta-bridal-18-109","status":"publish","type":"product","link":"https:\/\/www.koonings.com\/de\/product\/berta-bridal-18-109\/","title":{"rendered":"Berta Braut 18-109"},"content":{"rendered":"<p>Dieses elfenbeinfarbene Hochzeitskleid von Berta Bridal hat eine taillierte Silhouette. Das Kleid hat ein Oberteil aus Spitze und einen Rock aus der gleichen Spitze. Au\u00dferdem verf\u00fcgt das Kleid \u00fcber lange \u00c4rmel, einen offenen R\u00fccken und 3D-Blumen auf dem ganzen Kleid. All dies zusammen ergibt einen extravaganten Look.   <\/p>\n","protected":false},"featured_media":76039,"template":"","meta":{"_acf_changed":false,"ghostkit_customizer_options":"","ghostkit_custom_css":"","ghostkit_custom_js_head":"","ghostkit_custom_js_foot":"","ghostkit_typography":""},"productdetails":[],"productneck":[350,356],"productcolor":[392],"maat":[],"productsupplier":[463],"productsleeve":[362],"productcategory":[18],"productsilhouette":[389],"productstyle":[367,370],"class_list":["post-80549","product","type-product","status-publish","has-post-thumbnail","hentry","productneck-350","productneck-356","productcolor-392","productsupplier-berta-bridal","productsleeve-362","productcategory-trouwjurken","productsilhouette-389","productstyle-367","productstyle-370"],"acf":[],"yoast_head":"<!-- This site is optimized with the Yoast SEO plugin v27.3 - https:\/\/yoast.com\/product\/yoast-seo-wordpress\/ -->\n<title>Berta Braut 18-109 | Koonings<\/title>\n<meta name=\"description\" content=\"Dieses elfenbeinfarbene Hochzeitskleid von Berta Bridal hat eine taillierte Silhouette. Das Kleid hat ein Oberteil aus Spitze und einen Rock aus der gleichen Spitze. Au\u00dferdem verf\u00fcgt das Kleid \u00fcber lange \u00c4rmel, einen offenen R\u00fccken und 3D-Blumen auf dem ganzen Kleid. All dies zusammen ergibt einen extravaganten Look.\" \/>\n<meta name=\"robots\" content=\"index, follow, max-snippet:-1, max-image-preview:large, max-video-preview:-1\" \/>\n<link rel=\"canonical\" href=\"https:\/\/www.koonings.com\/de\/product\/berta-bridal-18-109\/\" \/>\n<meta property=\"og:locale\" content=\"de_DE\" \/>\n<meta property=\"og:type\" content=\"article\" \/>\n<meta property=\"og:title\" content=\"Berta Braut 18-109 | Koonings\" \/>\n<meta property=\"og:description\" content=\"Dieses elfenbeinfarbene Hochzeitskleid von Berta Bridal hat eine taillierte Silhouette. Das Kleid hat ein Oberteil aus Spitze und einen Rock aus der gleichen Spitze. Au\u00dferdem verf\u00fcgt das Kleid \u00fcber lange \u00c4rmel, einen offenen R\u00fccken und 3D-Blumen auf dem ganzen Kleid. All dies zusammen ergibt einen extravaganten Look.\" \/>\n<meta property=\"og:url\" content=\"https:\/\/www.koonings.com\/de\/product\/berta-bridal-18-109\/\" \/>\n<meta property=\"og:site_name\" content=\"Koonings\" \/>\n<meta property=\"article:publisher\" content=\"https:\/\/www.facebook.com\/kooningstheweddingpalace\" \/>\n<meta property=\"og:image\" content=\"https:\/\/www.koonings.com\/wp-content\/uploads\/2024\/11\/1078_adac247a70870c11b982849d5ade34633f4198a8c88afa7a1c55e5488731a98315778976.jpeg\" \/>\n\t<meta property=\"og:image:width\" content=\"1756\" \/>\n\t<meta property=\"og:image:height\" content=\"2482\" \/>\n\t<meta property=\"og:image:type\" content=\"image\/jpeg\" \/>\n<meta name=\"twitter:card\" content=\"summary_large_image\" \/>\n<script type=\"application\/ld+json\" class=\"yoast-schema-graph\">{\"@context\":\"https:\\\/\\\/schema.org\",\"@graph\":[{\"@type\":\"WebPage\",\"@id\":\"https:\\\/\\\/www.koonings.com\\\/de\\\/product\\\/berta-bridal-18-109\\\/\",\"url\":\"https:\\\/\\\/www.koonings.com\\\/de\\\/product\\\/berta-bridal-18-109\\\/\",\"name\":\"Berta Braut 18-109 | Koonings\",\"isPartOf\":{\"@id\":\"https:\\\/\\\/www.koonings.com\\\/de\\\/#website\"},\"primaryImageOfPage\":{\"@id\":\"https:\\\/\\\/www.koonings.com\\\/de\\\/product\\\/berta-bridal-18-109\\\/#primaryimage\"},\"image\":{\"@id\":\"https:\\\/\\\/www.koonings.com\\\/de\\\/product\\\/berta-bridal-18-109\\\/#primaryimage\"},\"thumbnailUrl\":\"https:\\\/\\\/www.koonings.com\\\/wp-content\\\/uploads\\\/2024\\\/11\\\/1078_adac247a70870c11b982849d5ade34633f4198a8c88afa7a1c55e5488731a98315778976.jpeg\",\"datePublished\":\"2026-04-28T16:02:10+00:00\",\"description\":\"Dieses elfenbeinfarbene Hochzeitskleid von Berta Bridal hat eine taillierte Silhouette. Das Kleid hat ein Oberteil aus Spitze und einen Rock aus der gleichen Spitze. Au\u00dferdem verf\u00fcgt das Kleid \u00fcber lange \u00c4rmel, einen offenen R\u00fccken und 3D-Blumen auf dem ganzen Kleid. All dies zusammen ergibt einen extravaganten Look.\",\"breadcrumb\":{\"@id\":\"https:\\\/\\\/www.koonings.com\\\/de\\\/product\\\/berta-bridal-18-109\\\/#breadcrumb\"},\"inLanguage\":\"de\",\"potentialAction\":[{\"@type\":\"ReadAction\",\"target\":[\"https:\\\/\\\/www.koonings.com\\\/de\\\/product\\\/berta-bridal-18-109\\\/\"]}]},{\"@type\":\"ImageObject\",\"inLanguage\":\"de\",\"@id\":\"https:\\\/\\\/www.koonings.com\\\/de\\\/product\\\/berta-bridal-18-109\\\/#primaryimage\",\"url\":\"https:\\\/\\\/www.koonings.com\\\/wp-content\\\/uploads\\\/2024\\\/11\\\/1078_adac247a70870c11b982849d5ade34633f4198a8c88afa7a1c55e5488731a98315778976.jpeg\",\"contentUrl\":\"https:\\\/\\\/www.koonings.com\\\/wp-content\\\/uploads\\\/2024\\\/11\\\/1078_adac247a70870c11b982849d5ade34633f4198a8c88afa7a1c55e5488731a98315778976.jpeg\",\"width\":1756,\"height\":2482},{\"@type\":\"BreadcrumbList\",\"@id\":\"https:\\\/\\\/www.koonings.com\\\/de\\\/product\\\/berta-bridal-18-109\\\/#breadcrumb\",\"itemListElement\":[{\"@type\":\"ListItem\",\"position\":1,\"name\":\"Home\",\"item\":\"https:\\\/\\\/www.koonings.com\\\/de\\\/\"},{\"@type\":\"ListItem\",\"position\":2,\"name\":\"Berta Braut 18-109\"}]},{\"@type\":\"WebSite\",\"@id\":\"https:\\\/\\\/www.koonings.com\\\/de\\\/#website\",\"url\":\"https:\\\/\\\/www.koonings.com\\\/de\\\/\",\"name\":\"Koonings\",\"description\":\"De grootste bruidsmodewinkel ter wereld\",\"publisher\":{\"@id\":\"https:\\\/\\\/www.koonings.com\\\/de\\\/#organization\"},\"potentialAction\":[{\"@type\":\"SearchAction\",\"target\":{\"@type\":\"EntryPoint\",\"urlTemplate\":\"https:\\\/\\\/www.koonings.com\\\/de\\\/?s={search_term_string}\"},\"query-input\":{\"@type\":\"PropertyValueSpecification\",\"valueRequired\":true,\"valueName\":\"search_term_string\"}}],\"inLanguage\":\"de\"},{\"@type\":\"Organization\",\"@id\":\"https:\\\/\\\/www.koonings.com\\\/de\\\/#organization\",\"name\":\"Koonings\",\"url\":\"https:\\\/\\\/www.koonings.com\\\/de\\\/\",\"logo\":{\"@type\":\"ImageObject\",\"inLanguage\":\"de\",\"@id\":\"https:\\\/\\\/www.koonings.com\\\/de\\\/#\\\/schema\\\/logo\\\/image\\\/\",\"url\":\"https:\\\/\\\/www.koonings.com\\\/wp-content\\\/uploads\\\/2024\\\/07\\\/logo.png\",\"contentUrl\":\"https:\\\/\\\/www.koonings.com\\\/wp-content\\\/uploads\\\/2024\\\/07\\\/logo.png\",\"width\":600,\"height\":428,\"caption\":\"Koonings\"},\"image\":{\"@id\":\"https:\\\/\\\/www.koonings.com\\\/de\\\/#\\\/schema\\\/logo\\\/image\\\/\"},\"sameAs\":[\"https:\\\/\\\/www.facebook.com\\\/kooningstheweddingpalace\",\"https:\\\/\\\/www.instagram.com\\\/kooningstheweddingpalace\",\"https:\\\/\\\/www.pinterest.com\\\/koonings\",\"https:\\\/\\\/www.youtube.com\\\/kooningstheweddingpalace\"]}]}<\/script>\n<!-- \/ Yoast SEO plugin. -->","yoast_head_json":{"title":"Berta Braut 18-109 | Koonings","description":"Dieses elfenbeinfarbene Hochzeitskleid von Berta Bridal hat eine taillierte Silhouette. Das Kleid hat ein Oberteil aus Spitze und einen Rock aus der gleichen Spitze. Au\u00dferdem verf\u00fcgt das Kleid \u00fcber lange \u00c4rmel, einen offenen R\u00fccken und 3D-Blumen auf dem ganzen Kleid. All dies zusammen ergibt einen extravaganten Look.","robots":{"index":"index","follow":"follow","max-snippet":"max-snippet:-1","max-image-preview":"max-image-preview:large","max-video-preview":"max-video-preview:-1"},"canonical":"https:\/\/www.koonings.com\/de\/product\/berta-bridal-18-109\/","og_locale":"de_DE","og_type":"article","og_title":"Berta Braut 18-109 | Koonings","og_description":"Dieses elfenbeinfarbene Hochzeitskleid von Berta Bridal hat eine taillierte Silhouette. Das Kleid hat ein Oberteil aus Spitze und einen Rock aus der gleichen Spitze. Au\u00dferdem verf\u00fcgt das Kleid \u00fcber lange \u00c4rmel, einen offenen R\u00fccken und 3D-Blumen auf dem ganzen Kleid. All dies zusammen ergibt einen extravaganten Look.","og_url":"https:\/\/www.koonings.com\/de\/product\/berta-bridal-18-109\/","og_site_name":"Koonings","article_publisher":"https:\/\/www.facebook.com\/kooningstheweddingpalace","og_image":[{"width":1756,"height":2482,"url":"https:\/\/www.koonings.com\/wp-content\/uploads\/2024\/11\/1078_adac247a70870c11b982849d5ade34633f4198a8c88afa7a1c55e5488731a98315778976.jpeg","type":"image\/jpeg"}],"twitter_card":"summary_large_image","schema":{"@context":"https:\/\/schema.org","@graph":[{"@type":"WebPage","@id":"https:\/\/www.koonings.com\/de\/product\/berta-bridal-18-109\/","url":"https:\/\/www.koonings.com\/de\/product\/berta-bridal-18-109\/","name":"Berta Braut 18-109 | Koonings","isPartOf":{"@id":"https:\/\/www.koonings.com\/de\/#website"},"primaryImageOfPage":{"@id":"https:\/\/www.koonings.com\/de\/product\/berta-bridal-18-109\/#primaryimage"},"image":{"@id":"https:\/\/www.koonings.com\/de\/product\/berta-bridal-18-109\/#primaryimage"},"thumbnailUrl":"https:\/\/www.koonings.com\/wp-content\/uploads\/2024\/11\/1078_adac247a70870c11b982849d5ade34633f4198a8c88afa7a1c55e5488731a98315778976.jpeg","datePublished":"2026-04-28T16:02:10+00:00","description":"Dieses elfenbeinfarbene Hochzeitskleid von Berta Bridal hat eine taillierte Silhouette. Das Kleid hat ein Oberteil aus Spitze und einen Rock aus der gleichen Spitze. Au\u00dferdem verf\u00fcgt das Kleid \u00fcber lange \u00c4rmel, einen offenen R\u00fccken und 3D-Blumen auf dem ganzen Kleid. All dies zusammen ergibt einen extravaganten Look.","breadcrumb":{"@id":"https:\/\/www.koonings.com\/de\/product\/berta-bridal-18-109\/#breadcrumb"},"inLanguage":"de","potentialAction":[{"@type":"ReadAction","target":["https:\/\/www.koonings.com\/de\/product\/berta-bridal-18-109\/"]}]},{"@type":"ImageObject","inLanguage":"de","@id":"https:\/\/www.koonings.com\/de\/product\/berta-bridal-18-109\/#primaryimage","url":"https:\/\/www.koonings.com\/wp-content\/uploads\/2024\/11\/1078_adac247a70870c11b982849d5ade34633f4198a8c88afa7a1c55e5488731a98315778976.jpeg","contentUrl":"https:\/\/www.koonings.com\/wp-content\/uploads\/2024\/11\/1078_adac247a70870c11b982849d5ade34633f4198a8c88afa7a1c55e5488731a98315778976.jpeg","width":1756,"height":2482},{"@type":"BreadcrumbList","@id":"https:\/\/www.koonings.com\/de\/product\/berta-bridal-18-109\/#breadcrumb","itemListElement":[{"@type":"ListItem","position":1,"name":"Home","item":"https:\/\/www.koonings.com\/de\/"},{"@type":"ListItem","position":2,"name":"Berta Braut 18-109"}]},{"@type":"WebSite","@id":"https:\/\/www.koonings.com\/de\/#website","url":"https:\/\/www.koonings.com\/de\/","name":"Koonings","description":"De grootste bruidsmodewinkel ter wereld","publisher":{"@id":"https:\/\/www.koonings.com\/de\/#organization"},"potentialAction":[{"@type":"SearchAction","target":{"@type":"EntryPoint","urlTemplate":"https:\/\/www.koonings.com\/de\/?s={search_term_string}"},"query-input":{"@type":"PropertyValueSpecification","valueRequired":true,"valueName":"search_term_string"}}],"inLanguage":"de"},{"@type":"Organization","@id":"https:\/\/www.koonings.com\/de\/#organization","name":"Koonings","url":"https:\/\/www.koonings.com\/de\/","logo":{"@type":"ImageObject","inLanguage":"de","@id":"https:\/\/www.koonings.com\/de\/#\/schema\/logo\/image\/","url":"https:\/\/www.koonings.com\/wp-content\/uploads\/2024\/07\/logo.png","contentUrl":"https:\/\/www.koonings.com\/wp-content\/uploads\/2024\/07\/logo.png","width":600,"height":428,"caption":"Koonings"},"image":{"@id":"https:\/\/www.koonings.com\/de\/#\/schema\/logo\/image\/"},"sameAs":["https:\/\/www.facebook.com\/kooningstheweddingpalace","https:\/\/www.instagram.com\/kooningstheweddingpalace","https:\/\/www.pinterest.com\/koonings","https:\/\/www.youtube.com\/kooningstheweddingpalace"]}]}},"_links":{"self":[{"href":"https:\/\/www.koonings.com\/de\/wp-json\/wp\/v2\/product\/80549","targetHints":{"allow":["GET"]}}],"collection":[{"href":"https:\/\/www.koonings.com\/de\/wp-json\/wp\/v2\/product"}],"about":[{"href":"https:\/\/www.koonings.com\/de\/wp-json\/wp\/v2\/types\/product"}],"wp:featuredmedia":[{"embeddable":true,"href":"https:\/\/www.koonings.com\/de\/wp-json\/wp\/v2\/media\/76039"}],"wp:attachment":[{"href":"https:\/\/www.koonings.com\/de\/wp-json\/wp\/v2\/media?parent=80549"}],"wp:term":[{"taxonomy":"productdetails","embeddable":true,"href":"https:\/\/www.koonings.com\/de\/wp-json\/wp\/v2\/productdetails?post=80549"},{"taxonomy":"productneck","embeddable":true,"href":"https:\/\/www.koonings.com\/de\/wp-json\/wp\/v2\/productneck?post=80549"},{"taxonomy":"productcolor","embeddable":true,"href":"https:\/\/www.koonings.com\/de\/wp-json\/wp\/v2\/productcolor?post=80549"},{"taxonomy":"maat","embeddable":true,"href":"https:\/\/www.koonings.com\/de\/wp-json\/wp\/v2\/maat?post=80549"},{"taxonomy":"productsupplier","embeddable":true,"href":"https:\/\/www.koonings.com\/de\/wp-json\/wp\/v2\/productsupplier?post=80549"},{"taxonomy":"productsleeve","embeddable":true,"href":"https:\/\/www.koonings.com\/de\/wp-json\/wp\/v2\/productsleeve?post=80549"},{"taxonomy":"productcategory","embeddable":true,"href":"https:\/\/www.koonings.com\/de\/wp-json\/wp\/v2\/productcategory?post=80549"},{"taxonomy":"productsilhouette","embeddable":true,"href":"https:\/\/www.koonings.com\/de\/wp-json\/wp\/v2\/productsilhouette?post=80549"},{"taxonomy":"productstyle","embeddable":true,"href":"https:\/\/www.koonings.com\/de\/wp-json\/wp\/v2\/productstyle?post=80549"}],"curies":[{"name":"wp","href":"https:\/\/api.w.org\/{rel}","templated":true}]}}