{"id":80508,"date":"2026-04-28T18:02:11","date_gmt":"2026-04-28T16:02:11","guid":{"rendered":"https:\/\/www.koonings.com\/product\/berta-bridal-18-111\/"},"modified":"2026-02-16T15:02:44","modified_gmt":"2026-02-16T14:02:44","slug":"berta-bridal-18-111","status":"publish","type":"product","link":"https:\/\/www.koonings.com\/de\/product\/berta-bridal-18-111\/","title":{"rendered":"Berta Braut 18-111"},"content":{"rendered":"<p>F\u00fcr die Braut, die ein Statement setzen m\u00f6chte, ist dieses Brautkleid von Berta Bridal die perfekte Wahl. Die elfenbeinfarbene Meerjungfrau mit herzf\u00f6rmigem Ausschnitt hat schmale Tr\u00e4ger und ein tiefes V. Mit diesem sexy Spitzenkleid und Glitzersteinen werden Sie garantiert alle Blicke auf sich ziehen.  <\/p>\n","protected":false},"featured_media":76233,"template":"","meta":{"_acf_changed":false,"ghostkit_customizer_options":"","ghostkit_custom_css":"","ghostkit_custom_js_head":"","ghostkit_custom_js_foot":"","ghostkit_typography":""},"productdetails":[379],"productneck":[355,356],"productcolor":[392],"maat":[],"productsupplier":[463],"productsleeve":[359],"productcategory":[18],"productsilhouette":[387],"productstyle":[367],"class_list":["post-80508","product","type-product","status-publish","has-post-thumbnail","hentry","productdetails-379","productneck-355","productneck-356","productcolor-392","productsupplier-berta-bridal","productsleeve-359","productcategory-trouwjurken","productsilhouette-387","productstyle-367"],"acf":[],"yoast_head":"<!-- This site is optimized with the Yoast SEO plugin v27.3 - https:\/\/yoast.com\/product\/yoast-seo-wordpress\/ -->\n<title>Berta Braut 18-111 | Koonings<\/title>\n<meta name=\"description\" content=\"F\u00fcr die Braut, die ein Statement setzen m\u00f6chte, ist dieses Brautkleid von Berta Bridal die perfekte Wahl. Die elfenbeinfarbene Meerjungfrau mit herzf\u00f6rmigem Ausschnitt hat schmale Tr\u00e4ger und ein tiefes V. Mit diesem sexy Spitzenkleid und Glitzersteinen werden Sie garantiert alle Blicke auf sich ziehen.\" \/>\n<meta name=\"robots\" content=\"index, follow, max-snippet:-1, max-image-preview:large, max-video-preview:-1\" \/>\n<link rel=\"canonical\" href=\"https:\/\/www.koonings.com\/de\/product\/berta-bridal-18-111\/\" \/>\n<meta property=\"og:locale\" content=\"de_DE\" \/>\n<meta property=\"og:type\" content=\"article\" \/>\n<meta property=\"og:title\" content=\"Berta Braut 18-111 | Koonings\" \/>\n<meta property=\"og:description\" content=\"F\u00fcr die Braut, die ein Statement setzen m\u00f6chte, ist dieses Brautkleid von Berta Bridal die perfekte Wahl. Die elfenbeinfarbene Meerjungfrau mit herzf\u00f6rmigem Ausschnitt hat schmale Tr\u00e4ger und ein tiefes V. Mit diesem sexy Spitzenkleid und Glitzersteinen werden Sie garantiert alle Blicke auf sich ziehen.\" \/>\n<meta property=\"og:url\" content=\"https:\/\/www.koonings.com\/de\/product\/berta-bridal-18-111\/\" \/>\n<meta property=\"og:site_name\" content=\"Koonings\" \/>\n<meta property=\"article:publisher\" content=\"https:\/\/www.facebook.com\/kooningstheweddingpalace\" \/>\n<meta property=\"og:image\" content=\"https:\/\/www.koonings.com\/wp-content\/uploads\/2024\/11\/1081_0a20b778424d85366fd8ffa772fe3cb4b8aa077ba4742a89361b0e0edf3e388e39e56dd8.jpeg\" \/>\n\t<meta property=\"og:image:width\" content=\"1231\" \/>\n\t<meta property=\"og:image:height\" content=\"1740\" \/>\n\t<meta property=\"og:image:type\" content=\"image\/jpeg\" \/>\n<meta name=\"twitter:card\" content=\"summary_large_image\" \/>\n<script type=\"application\/ld+json\" class=\"yoast-schema-graph\">{\"@context\":\"https:\\\/\\\/schema.org\",\"@graph\":[{\"@type\":\"WebPage\",\"@id\":\"https:\\\/\\\/www.koonings.com\\\/de\\\/product\\\/berta-bridal-18-111\\\/\",\"url\":\"https:\\\/\\\/www.koonings.com\\\/de\\\/product\\\/berta-bridal-18-111\\\/\",\"name\":\"Berta Braut 18-111 | Koonings\",\"isPartOf\":{\"@id\":\"https:\\\/\\\/www.koonings.com\\\/de\\\/#website\"},\"primaryImageOfPage\":{\"@id\":\"https:\\\/\\\/www.koonings.com\\\/de\\\/product\\\/berta-bridal-18-111\\\/#primaryimage\"},\"image\":{\"@id\":\"https:\\\/\\\/www.koonings.com\\\/de\\\/product\\\/berta-bridal-18-111\\\/#primaryimage\"},\"thumbnailUrl\":\"https:\\\/\\\/www.koonings.com\\\/wp-content\\\/uploads\\\/2024\\\/11\\\/1081_0a20b778424d85366fd8ffa772fe3cb4b8aa077ba4742a89361b0e0edf3e388e39e56dd8.jpeg\",\"datePublished\":\"2026-04-28T16:02:11+00:00\",\"description\":\"F\u00fcr die Braut, die ein Statement setzen m\u00f6chte, ist dieses Brautkleid von Berta Bridal die perfekte Wahl. Die elfenbeinfarbene Meerjungfrau mit herzf\u00f6rmigem Ausschnitt hat schmale Tr\u00e4ger und ein tiefes V. Mit diesem sexy Spitzenkleid und Glitzersteinen werden Sie garantiert alle Blicke auf sich ziehen.\",\"breadcrumb\":{\"@id\":\"https:\\\/\\\/www.koonings.com\\\/de\\\/product\\\/berta-bridal-18-111\\\/#breadcrumb\"},\"inLanguage\":\"de\",\"potentialAction\":[{\"@type\":\"ReadAction\",\"target\":[\"https:\\\/\\\/www.koonings.com\\\/de\\\/product\\\/berta-bridal-18-111\\\/\"]}]},{\"@type\":\"ImageObject\",\"inLanguage\":\"de\",\"@id\":\"https:\\\/\\\/www.koonings.com\\\/de\\\/product\\\/berta-bridal-18-111\\\/#primaryimage\",\"url\":\"https:\\\/\\\/www.koonings.com\\\/wp-content\\\/uploads\\\/2024\\\/11\\\/1081_0a20b778424d85366fd8ffa772fe3cb4b8aa077ba4742a89361b0e0edf3e388e39e56dd8.jpeg\",\"contentUrl\":\"https:\\\/\\\/www.koonings.com\\\/wp-content\\\/uploads\\\/2024\\\/11\\\/1081_0a20b778424d85366fd8ffa772fe3cb4b8aa077ba4742a89361b0e0edf3e388e39e56dd8.jpeg\",\"width\":1231,\"height\":1740},{\"@type\":\"BreadcrumbList\",\"@id\":\"https:\\\/\\\/www.koonings.com\\\/de\\\/product\\\/berta-bridal-18-111\\\/#breadcrumb\",\"itemListElement\":[{\"@type\":\"ListItem\",\"position\":1,\"name\":\"Home\",\"item\":\"https:\\\/\\\/www.koonings.com\\\/de\\\/\"},{\"@type\":\"ListItem\",\"position\":2,\"name\":\"Berta Braut 18-111\"}]},{\"@type\":\"WebSite\",\"@id\":\"https:\\\/\\\/www.koonings.com\\\/de\\\/#website\",\"url\":\"https:\\\/\\\/www.koonings.com\\\/de\\\/\",\"name\":\"Koonings\",\"description\":\"De grootste bruidsmodewinkel ter wereld\",\"publisher\":{\"@id\":\"https:\\\/\\\/www.koonings.com\\\/de\\\/#organization\"},\"potentialAction\":[{\"@type\":\"SearchAction\",\"target\":{\"@type\":\"EntryPoint\",\"urlTemplate\":\"https:\\\/\\\/www.koonings.com\\\/de\\\/?s={search_term_string}\"},\"query-input\":{\"@type\":\"PropertyValueSpecification\",\"valueRequired\":true,\"valueName\":\"search_term_string\"}}],\"inLanguage\":\"de\"},{\"@type\":\"Organization\",\"@id\":\"https:\\\/\\\/www.koonings.com\\\/de\\\/#organization\",\"name\":\"Koonings\",\"url\":\"https:\\\/\\\/www.koonings.com\\\/de\\\/\",\"logo\":{\"@type\":\"ImageObject\",\"inLanguage\":\"de\",\"@id\":\"https:\\\/\\\/www.koonings.com\\\/de\\\/#\\\/schema\\\/logo\\\/image\\\/\",\"url\":\"https:\\\/\\\/www.koonings.com\\\/wp-content\\\/uploads\\\/2024\\\/07\\\/logo.png\",\"contentUrl\":\"https:\\\/\\\/www.koonings.com\\\/wp-content\\\/uploads\\\/2024\\\/07\\\/logo.png\",\"width\":600,\"height\":428,\"caption\":\"Koonings\"},\"image\":{\"@id\":\"https:\\\/\\\/www.koonings.com\\\/de\\\/#\\\/schema\\\/logo\\\/image\\\/\"},\"sameAs\":[\"https:\\\/\\\/www.facebook.com\\\/kooningstheweddingpalace\",\"https:\\\/\\\/www.instagram.com\\\/kooningstheweddingpalace\",\"https:\\\/\\\/www.pinterest.com\\\/koonings\",\"https:\\\/\\\/www.youtube.com\\\/kooningstheweddingpalace\"]}]}<\/script>\n<!-- \/ Yoast SEO plugin. -->","yoast_head_json":{"title":"Berta Braut 18-111 | Koonings","description":"F\u00fcr die Braut, die ein Statement setzen m\u00f6chte, ist dieses Brautkleid von Berta Bridal die perfekte Wahl. Die elfenbeinfarbene Meerjungfrau mit herzf\u00f6rmigem Ausschnitt hat schmale Tr\u00e4ger und ein tiefes V. Mit diesem sexy Spitzenkleid und Glitzersteinen werden Sie garantiert alle Blicke auf sich ziehen.","robots":{"index":"index","follow":"follow","max-snippet":"max-snippet:-1","max-image-preview":"max-image-preview:large","max-video-preview":"max-video-preview:-1"},"canonical":"https:\/\/www.koonings.com\/de\/product\/berta-bridal-18-111\/","og_locale":"de_DE","og_type":"article","og_title":"Berta Braut 18-111 | Koonings","og_description":"F\u00fcr die Braut, die ein Statement setzen m\u00f6chte, ist dieses Brautkleid von Berta Bridal die perfekte Wahl. Die elfenbeinfarbene Meerjungfrau mit herzf\u00f6rmigem Ausschnitt hat schmale Tr\u00e4ger und ein tiefes V. Mit diesem sexy Spitzenkleid und Glitzersteinen werden Sie garantiert alle Blicke auf sich ziehen.","og_url":"https:\/\/www.koonings.com\/de\/product\/berta-bridal-18-111\/","og_site_name":"Koonings","article_publisher":"https:\/\/www.facebook.com\/kooningstheweddingpalace","og_image":[{"width":1231,"height":1740,"url":"https:\/\/www.koonings.com\/wp-content\/uploads\/2024\/11\/1081_0a20b778424d85366fd8ffa772fe3cb4b8aa077ba4742a89361b0e0edf3e388e39e56dd8.jpeg","type":"image\/jpeg"}],"twitter_card":"summary_large_image","schema":{"@context":"https:\/\/schema.org","@graph":[{"@type":"WebPage","@id":"https:\/\/www.koonings.com\/de\/product\/berta-bridal-18-111\/","url":"https:\/\/www.koonings.com\/de\/product\/berta-bridal-18-111\/","name":"Berta Braut 18-111 | Koonings","isPartOf":{"@id":"https:\/\/www.koonings.com\/de\/#website"},"primaryImageOfPage":{"@id":"https:\/\/www.koonings.com\/de\/product\/berta-bridal-18-111\/#primaryimage"},"image":{"@id":"https:\/\/www.koonings.com\/de\/product\/berta-bridal-18-111\/#primaryimage"},"thumbnailUrl":"https:\/\/www.koonings.com\/wp-content\/uploads\/2024\/11\/1081_0a20b778424d85366fd8ffa772fe3cb4b8aa077ba4742a89361b0e0edf3e388e39e56dd8.jpeg","datePublished":"2026-04-28T16:02:11+00:00","description":"F\u00fcr die Braut, die ein Statement setzen m\u00f6chte, ist dieses Brautkleid von Berta Bridal die perfekte Wahl. Die elfenbeinfarbene Meerjungfrau mit herzf\u00f6rmigem Ausschnitt hat schmale Tr\u00e4ger und ein tiefes V. Mit diesem sexy Spitzenkleid und Glitzersteinen werden Sie garantiert alle Blicke auf sich ziehen.","breadcrumb":{"@id":"https:\/\/www.koonings.com\/de\/product\/berta-bridal-18-111\/#breadcrumb"},"inLanguage":"de","potentialAction":[{"@type":"ReadAction","target":["https:\/\/www.koonings.com\/de\/product\/berta-bridal-18-111\/"]}]},{"@type":"ImageObject","inLanguage":"de","@id":"https:\/\/www.koonings.com\/de\/product\/berta-bridal-18-111\/#primaryimage","url":"https:\/\/www.koonings.com\/wp-content\/uploads\/2024\/11\/1081_0a20b778424d85366fd8ffa772fe3cb4b8aa077ba4742a89361b0e0edf3e388e39e56dd8.jpeg","contentUrl":"https:\/\/www.koonings.com\/wp-content\/uploads\/2024\/11\/1081_0a20b778424d85366fd8ffa772fe3cb4b8aa077ba4742a89361b0e0edf3e388e39e56dd8.jpeg","width":1231,"height":1740},{"@type":"BreadcrumbList","@id":"https:\/\/www.koonings.com\/de\/product\/berta-bridal-18-111\/#breadcrumb","itemListElement":[{"@type":"ListItem","position":1,"name":"Home","item":"https:\/\/www.koonings.com\/de\/"},{"@type":"ListItem","position":2,"name":"Berta Braut 18-111"}]},{"@type":"WebSite","@id":"https:\/\/www.koonings.com\/de\/#website","url":"https:\/\/www.koonings.com\/de\/","name":"Koonings","description":"De grootste bruidsmodewinkel ter wereld","publisher":{"@id":"https:\/\/www.koonings.com\/de\/#organization"},"potentialAction":[{"@type":"SearchAction","target":{"@type":"EntryPoint","urlTemplate":"https:\/\/www.koonings.com\/de\/?s={search_term_string}"},"query-input":{"@type":"PropertyValueSpecification","valueRequired":true,"valueName":"search_term_string"}}],"inLanguage":"de"},{"@type":"Organization","@id":"https:\/\/www.koonings.com\/de\/#organization","name":"Koonings","url":"https:\/\/www.koonings.com\/de\/","logo":{"@type":"ImageObject","inLanguage":"de","@id":"https:\/\/www.koonings.com\/de\/#\/schema\/logo\/image\/","url":"https:\/\/www.koonings.com\/wp-content\/uploads\/2024\/07\/logo.png","contentUrl":"https:\/\/www.koonings.com\/wp-content\/uploads\/2024\/07\/logo.png","width":600,"height":428,"caption":"Koonings"},"image":{"@id":"https:\/\/www.koonings.com\/de\/#\/schema\/logo\/image\/"},"sameAs":["https:\/\/www.facebook.com\/kooningstheweddingpalace","https:\/\/www.instagram.com\/kooningstheweddingpalace","https:\/\/www.pinterest.com\/koonings","https:\/\/www.youtube.com\/kooningstheweddingpalace"]}]}},"_links":{"self":[{"href":"https:\/\/www.koonings.com\/de\/wp-json\/wp\/v2\/product\/80508","targetHints":{"allow":["GET"]}}],"collection":[{"href":"https:\/\/www.koonings.com\/de\/wp-json\/wp\/v2\/product"}],"about":[{"href":"https:\/\/www.koonings.com\/de\/wp-json\/wp\/v2\/types\/product"}],"wp:featuredmedia":[{"embeddable":true,"href":"https:\/\/www.koonings.com\/de\/wp-json\/wp\/v2\/media\/76233"}],"wp:attachment":[{"href":"https:\/\/www.koonings.com\/de\/wp-json\/wp\/v2\/media?parent=80508"}],"wp:term":[{"taxonomy":"productdetails","embeddable":true,"href":"https:\/\/www.koonings.com\/de\/wp-json\/wp\/v2\/productdetails?post=80508"},{"taxonomy":"productneck","embeddable":true,"href":"https:\/\/www.koonings.com\/de\/wp-json\/wp\/v2\/productneck?post=80508"},{"taxonomy":"productcolor","embeddable":true,"href":"https:\/\/www.koonings.com\/de\/wp-json\/wp\/v2\/productcolor?post=80508"},{"taxonomy":"maat","embeddable":true,"href":"https:\/\/www.koonings.com\/de\/wp-json\/wp\/v2\/maat?post=80508"},{"taxonomy":"productsupplier","embeddable":true,"href":"https:\/\/www.koonings.com\/de\/wp-json\/wp\/v2\/productsupplier?post=80508"},{"taxonomy":"productsleeve","embeddable":true,"href":"https:\/\/www.koonings.com\/de\/wp-json\/wp\/v2\/productsleeve?post=80508"},{"taxonomy":"productcategory","embeddable":true,"href":"https:\/\/www.koonings.com\/de\/wp-json\/wp\/v2\/productcategory?post=80508"},{"taxonomy":"productsilhouette","embeddable":true,"href":"https:\/\/www.koonings.com\/de\/wp-json\/wp\/v2\/productsilhouette?post=80508"},{"taxonomy":"productstyle","embeddable":true,"href":"https:\/\/www.koonings.com\/de\/wp-json\/wp\/v2\/productstyle?post=80508"}],"curies":[{"name":"wp","href":"https:\/\/api.w.org\/{rel}","templated":true}]}}