{"id":80484,"date":"2025-12-15T00:20:41","date_gmt":"2025-12-14T23:20:41","guid":{"rendered":"https:\/\/www.koonings.com\/product\/ladybird-cati-lb124bz1\/"},"modified":"2026-02-03T20:14:33","modified_gmt":"2026-02-03T19:14:33","slug":"ladybird-cati-lb124bz1","status":"publish","type":"product","link":"https:\/\/www.koonings.com\/de\/product\/ladybird-cati-lb124bz1\/","title":{"rendered":"Marienk\u00e4fer Cati LB124BZ1"},"content":{"rendered":"<p>Ein atemberaubendes Ballkleid, das minimalistisch, aber glamour\u00f6s ist, mit einem perlenbesetzten Ausschnitt, trendigen nackten Seiteneins\u00e4tzen und einem tief ausgeschnittenen R\u00fccken. Es ist aus schimmerndem Satin mit Korsettstruktur gefertigt, wodurch es leicht zu tragen ist und eine perfekte Passform hat. Der Beinschlitz sorgt f\u00fcr Bewegung und einen zus\u00e4tzlichen Hauch von Verf\u00fchrung.  <\/p>\n","protected":false},"featured_media":76357,"template":"","meta":{"_acf_changed":false,"ghostkit_customizer_options":"","ghostkit_custom_css":"","ghostkit_custom_js_head":"","ghostkit_custom_js_foot":"","ghostkit_typography":""},"productdetails":[378],"productneck":[356],"productcolor":[392],"maat":[],"productsupplier":[437],"productsleeve":[359],"productcategory":[18],"productsilhouette":[384,388],"productstyle":[372,366],"class_list":["post-80484","product","type-product","status-publish","has-post-thumbnail","hentry","productdetails-378","productneck-356","productcolor-392","productsupplier-ladybird","productsleeve-359","productcategory-trouwjurken","productsilhouette-384","productsilhouette-388","productstyle-372","productstyle-366"],"acf":[],"yoast_head":"<!-- This site is optimized with the Yoast SEO plugin v27.3 - https:\/\/yoast.com\/product\/yoast-seo-wordpress\/ -->\n<title>Marienk\u00e4fer Cati LB124BZ1 | Koonings<\/title>\n<meta name=\"description\" content=\"Ein atemberaubendes Ballkleid, das minimalistisch, aber glamour\u00f6s ist, mit einem perlenbesetzten Ausschnitt, trendigen nackten Seiteneins\u00e4tzen und einem tief ausgeschnittenen R\u00fccken. Es ist aus schimmerndem Satin mit Korsettstruktur gefertigt, wodurch es leicht zu tragen ist und eine perfekte Passform hat. Der Beinschlitz sorgt f\u00fcr Bewegung und einen zus\u00e4tzlichen Hauch von Verf\u00fchrung.\" \/>\n<meta name=\"robots\" content=\"index, follow, max-snippet:-1, max-image-preview:large, max-video-preview:-1\" \/>\n<link rel=\"canonical\" href=\"https:\/\/www.koonings.com\/de\/product\/ladybird-cati-lb124bz1\/\" \/>\n<meta property=\"og:locale\" content=\"de_DE\" \/>\n<meta property=\"og:type\" content=\"article\" \/>\n<meta property=\"og:title\" content=\"Marienk\u00e4fer Cati LB124BZ1 | Koonings\" \/>\n<meta property=\"og:description\" content=\"Ein atemberaubendes Ballkleid, das minimalistisch, aber glamour\u00f6s ist, mit einem perlenbesetzten Ausschnitt, trendigen nackten Seiteneins\u00e4tzen und einem tief ausgeschnittenen R\u00fccken. Es ist aus schimmerndem Satin mit Korsettstruktur gefertigt, wodurch es leicht zu tragen ist und eine perfekte Passform hat. Der Beinschlitz sorgt f\u00fcr Bewegung und einen zus\u00e4tzlichen Hauch von Verf\u00fchrung.\" \/>\n<meta property=\"og:url\" content=\"https:\/\/www.koonings.com\/de\/product\/ladybird-cati-lb124bz1\/\" \/>\n<meta property=\"og:site_name\" content=\"Koonings\" \/>\n<meta property=\"article:publisher\" content=\"https:\/\/www.facebook.com\/kooningstheweddingpalace\" \/>\n<meta property=\"article:modified_time\" content=\"2026-02-03T19:14:33+00:00\" \/>\n<meta property=\"og:image\" content=\"https:\/\/www.koonings.com\/wp-content\/uploads\/2024\/11\/39329_96eb097154026d0bdafede6f2e8cc40ad181ff553c1c4d650d3ad15d1b8cd055a1229adb.webp\" \/>\n\t<meta property=\"og:image:width\" content=\"1691\" \/>\n\t<meta property=\"og:image:height\" content=\"2255\" \/>\n\t<meta property=\"og:image:type\" content=\"image\/webp\" \/>\n<meta name=\"twitter:card\" content=\"summary_large_image\" \/>\n<script type=\"application\/ld+json\" class=\"yoast-schema-graph\">{\"@context\":\"https:\\\/\\\/schema.org\",\"@graph\":[{\"@type\":\"WebPage\",\"@id\":\"https:\\\/\\\/www.koonings.com\\\/de\\\/product\\\/ladybird-cati-lb124bz1\\\/\",\"url\":\"https:\\\/\\\/www.koonings.com\\\/de\\\/product\\\/ladybird-cati-lb124bz1\\\/\",\"name\":\"Marienk\u00e4fer Cati LB124BZ1 | Koonings\",\"isPartOf\":{\"@id\":\"https:\\\/\\\/www.koonings.com\\\/de\\\/#website\"},\"primaryImageOfPage\":{\"@id\":\"https:\\\/\\\/www.koonings.com\\\/de\\\/product\\\/ladybird-cati-lb124bz1\\\/#primaryimage\"},\"image\":{\"@id\":\"https:\\\/\\\/www.koonings.com\\\/de\\\/product\\\/ladybird-cati-lb124bz1\\\/#primaryimage\"},\"thumbnailUrl\":\"https:\\\/\\\/www.koonings.com\\\/wp-content\\\/uploads\\\/2024\\\/11\\\/39329_96eb097154026d0bdafede6f2e8cc40ad181ff553c1c4d650d3ad15d1b8cd055a1229adb.webp\",\"datePublished\":\"2025-12-14T23:20:41+00:00\",\"dateModified\":\"2026-02-03T19:14:33+00:00\",\"description\":\"Ein atemberaubendes Ballkleid, das minimalistisch, aber glamour\u00f6s ist, mit einem perlenbesetzten Ausschnitt, trendigen nackten Seiteneins\u00e4tzen und einem tief ausgeschnittenen R\u00fccken. Es ist aus schimmerndem Satin mit Korsettstruktur gefertigt, wodurch es leicht zu tragen ist und eine perfekte Passform hat. Der Beinschlitz sorgt f\u00fcr Bewegung und einen zus\u00e4tzlichen Hauch von Verf\u00fchrung.\",\"breadcrumb\":{\"@id\":\"https:\\\/\\\/www.koonings.com\\\/de\\\/product\\\/ladybird-cati-lb124bz1\\\/#breadcrumb\"},\"inLanguage\":\"de\",\"potentialAction\":[{\"@type\":\"ReadAction\",\"target\":[\"https:\\\/\\\/www.koonings.com\\\/de\\\/product\\\/ladybird-cati-lb124bz1\\\/\"]}]},{\"@type\":\"ImageObject\",\"inLanguage\":\"de\",\"@id\":\"https:\\\/\\\/www.koonings.com\\\/de\\\/product\\\/ladybird-cati-lb124bz1\\\/#primaryimage\",\"url\":\"https:\\\/\\\/www.koonings.com\\\/wp-content\\\/uploads\\\/2024\\\/11\\\/39329_96eb097154026d0bdafede6f2e8cc40ad181ff553c1c4d650d3ad15d1b8cd055a1229adb.webp\",\"contentUrl\":\"https:\\\/\\\/www.koonings.com\\\/wp-content\\\/uploads\\\/2024\\\/11\\\/39329_96eb097154026d0bdafede6f2e8cc40ad181ff553c1c4d650d3ad15d1b8cd055a1229adb.webp\",\"width\":1691,\"height\":2255},{\"@type\":\"BreadcrumbList\",\"@id\":\"https:\\\/\\\/www.koonings.com\\\/de\\\/product\\\/ladybird-cati-lb124bz1\\\/#breadcrumb\",\"itemListElement\":[{\"@type\":\"ListItem\",\"position\":1,\"name\":\"Home\",\"item\":\"https:\\\/\\\/www.koonings.com\\\/de\\\/\"},{\"@type\":\"ListItem\",\"position\":2,\"name\":\"Marienk\u00e4fer Cati LB124BZ1\"}]},{\"@type\":\"WebSite\",\"@id\":\"https:\\\/\\\/www.koonings.com\\\/de\\\/#website\",\"url\":\"https:\\\/\\\/www.koonings.com\\\/de\\\/\",\"name\":\"Koonings\",\"description\":\"De grootste bruidsmodewinkel ter wereld\",\"publisher\":{\"@id\":\"https:\\\/\\\/www.koonings.com\\\/de\\\/#organization\"},\"potentialAction\":[{\"@type\":\"SearchAction\",\"target\":{\"@type\":\"EntryPoint\",\"urlTemplate\":\"https:\\\/\\\/www.koonings.com\\\/de\\\/?s={search_term_string}\"},\"query-input\":{\"@type\":\"PropertyValueSpecification\",\"valueRequired\":true,\"valueName\":\"search_term_string\"}}],\"inLanguage\":\"de\"},{\"@type\":\"Organization\",\"@id\":\"https:\\\/\\\/www.koonings.com\\\/de\\\/#organization\",\"name\":\"Koonings\",\"url\":\"https:\\\/\\\/www.koonings.com\\\/de\\\/\",\"logo\":{\"@type\":\"ImageObject\",\"inLanguage\":\"de\",\"@id\":\"https:\\\/\\\/www.koonings.com\\\/de\\\/#\\\/schema\\\/logo\\\/image\\\/\",\"url\":\"https:\\\/\\\/www.koonings.com\\\/wp-content\\\/uploads\\\/2024\\\/07\\\/logo.png\",\"contentUrl\":\"https:\\\/\\\/www.koonings.com\\\/wp-content\\\/uploads\\\/2024\\\/07\\\/logo.png\",\"width\":600,\"height\":428,\"caption\":\"Koonings\"},\"image\":{\"@id\":\"https:\\\/\\\/www.koonings.com\\\/de\\\/#\\\/schema\\\/logo\\\/image\\\/\"},\"sameAs\":[\"https:\\\/\\\/www.facebook.com\\\/kooningstheweddingpalace\",\"https:\\\/\\\/www.instagram.com\\\/kooningstheweddingpalace\",\"https:\\\/\\\/www.pinterest.com\\\/koonings\",\"https:\\\/\\\/www.youtube.com\\\/kooningstheweddingpalace\"]}]}<\/script>\n<!-- \/ Yoast SEO plugin. -->","yoast_head_json":{"title":"Marienk\u00e4fer Cati LB124BZ1 | Koonings","description":"Ein atemberaubendes Ballkleid, das minimalistisch, aber glamour\u00f6s ist, mit einem perlenbesetzten Ausschnitt, trendigen nackten Seiteneins\u00e4tzen und einem tief ausgeschnittenen R\u00fccken. Es ist aus schimmerndem Satin mit Korsettstruktur gefertigt, wodurch es leicht zu tragen ist und eine perfekte Passform hat. Der Beinschlitz sorgt f\u00fcr Bewegung und einen zus\u00e4tzlichen Hauch von Verf\u00fchrung.","robots":{"index":"index","follow":"follow","max-snippet":"max-snippet:-1","max-image-preview":"max-image-preview:large","max-video-preview":"max-video-preview:-1"},"canonical":"https:\/\/www.koonings.com\/de\/product\/ladybird-cati-lb124bz1\/","og_locale":"de_DE","og_type":"article","og_title":"Marienk\u00e4fer Cati LB124BZ1 | Koonings","og_description":"Ein atemberaubendes Ballkleid, das minimalistisch, aber glamour\u00f6s ist, mit einem perlenbesetzten Ausschnitt, trendigen nackten Seiteneins\u00e4tzen und einem tief ausgeschnittenen R\u00fccken. Es ist aus schimmerndem Satin mit Korsettstruktur gefertigt, wodurch es leicht zu tragen ist und eine perfekte Passform hat. Der Beinschlitz sorgt f\u00fcr Bewegung und einen zus\u00e4tzlichen Hauch von Verf\u00fchrung.","og_url":"https:\/\/www.koonings.com\/de\/product\/ladybird-cati-lb124bz1\/","og_site_name":"Koonings","article_publisher":"https:\/\/www.facebook.com\/kooningstheweddingpalace","article_modified_time":"2026-02-03T19:14:33+00:00","og_image":[{"width":1691,"height":2255,"url":"https:\/\/www.koonings.com\/wp-content\/uploads\/2024\/11\/39329_96eb097154026d0bdafede6f2e8cc40ad181ff553c1c4d650d3ad15d1b8cd055a1229adb.webp","type":"image\/webp"}],"twitter_card":"summary_large_image","schema":{"@context":"https:\/\/schema.org","@graph":[{"@type":"WebPage","@id":"https:\/\/www.koonings.com\/de\/product\/ladybird-cati-lb124bz1\/","url":"https:\/\/www.koonings.com\/de\/product\/ladybird-cati-lb124bz1\/","name":"Marienk\u00e4fer Cati LB124BZ1 | Koonings","isPartOf":{"@id":"https:\/\/www.koonings.com\/de\/#website"},"primaryImageOfPage":{"@id":"https:\/\/www.koonings.com\/de\/product\/ladybird-cati-lb124bz1\/#primaryimage"},"image":{"@id":"https:\/\/www.koonings.com\/de\/product\/ladybird-cati-lb124bz1\/#primaryimage"},"thumbnailUrl":"https:\/\/www.koonings.com\/wp-content\/uploads\/2024\/11\/39329_96eb097154026d0bdafede6f2e8cc40ad181ff553c1c4d650d3ad15d1b8cd055a1229adb.webp","datePublished":"2025-12-14T23:20:41+00:00","dateModified":"2026-02-03T19:14:33+00:00","description":"Ein atemberaubendes Ballkleid, das minimalistisch, aber glamour\u00f6s ist, mit einem perlenbesetzten Ausschnitt, trendigen nackten Seiteneins\u00e4tzen und einem tief ausgeschnittenen R\u00fccken. Es ist aus schimmerndem Satin mit Korsettstruktur gefertigt, wodurch es leicht zu tragen ist und eine perfekte Passform hat. Der Beinschlitz sorgt f\u00fcr Bewegung und einen zus\u00e4tzlichen Hauch von Verf\u00fchrung.","breadcrumb":{"@id":"https:\/\/www.koonings.com\/de\/product\/ladybird-cati-lb124bz1\/#breadcrumb"},"inLanguage":"de","potentialAction":[{"@type":"ReadAction","target":["https:\/\/www.koonings.com\/de\/product\/ladybird-cati-lb124bz1\/"]}]},{"@type":"ImageObject","inLanguage":"de","@id":"https:\/\/www.koonings.com\/de\/product\/ladybird-cati-lb124bz1\/#primaryimage","url":"https:\/\/www.koonings.com\/wp-content\/uploads\/2024\/11\/39329_96eb097154026d0bdafede6f2e8cc40ad181ff553c1c4d650d3ad15d1b8cd055a1229adb.webp","contentUrl":"https:\/\/www.koonings.com\/wp-content\/uploads\/2024\/11\/39329_96eb097154026d0bdafede6f2e8cc40ad181ff553c1c4d650d3ad15d1b8cd055a1229adb.webp","width":1691,"height":2255},{"@type":"BreadcrumbList","@id":"https:\/\/www.koonings.com\/de\/product\/ladybird-cati-lb124bz1\/#breadcrumb","itemListElement":[{"@type":"ListItem","position":1,"name":"Home","item":"https:\/\/www.koonings.com\/de\/"},{"@type":"ListItem","position":2,"name":"Marienk\u00e4fer Cati LB124BZ1"}]},{"@type":"WebSite","@id":"https:\/\/www.koonings.com\/de\/#website","url":"https:\/\/www.koonings.com\/de\/","name":"Koonings","description":"De grootste bruidsmodewinkel ter wereld","publisher":{"@id":"https:\/\/www.koonings.com\/de\/#organization"},"potentialAction":[{"@type":"SearchAction","target":{"@type":"EntryPoint","urlTemplate":"https:\/\/www.koonings.com\/de\/?s={search_term_string}"},"query-input":{"@type":"PropertyValueSpecification","valueRequired":true,"valueName":"search_term_string"}}],"inLanguage":"de"},{"@type":"Organization","@id":"https:\/\/www.koonings.com\/de\/#organization","name":"Koonings","url":"https:\/\/www.koonings.com\/de\/","logo":{"@type":"ImageObject","inLanguage":"de","@id":"https:\/\/www.koonings.com\/de\/#\/schema\/logo\/image\/","url":"https:\/\/www.koonings.com\/wp-content\/uploads\/2024\/07\/logo.png","contentUrl":"https:\/\/www.koonings.com\/wp-content\/uploads\/2024\/07\/logo.png","width":600,"height":428,"caption":"Koonings"},"image":{"@id":"https:\/\/www.koonings.com\/de\/#\/schema\/logo\/image\/"},"sameAs":["https:\/\/www.facebook.com\/kooningstheweddingpalace","https:\/\/www.instagram.com\/kooningstheweddingpalace","https:\/\/www.pinterest.com\/koonings","https:\/\/www.youtube.com\/kooningstheweddingpalace"]}]}},"_links":{"self":[{"href":"https:\/\/www.koonings.com\/de\/wp-json\/wp\/v2\/product\/80484","targetHints":{"allow":["GET"]}}],"collection":[{"href":"https:\/\/www.koonings.com\/de\/wp-json\/wp\/v2\/product"}],"about":[{"href":"https:\/\/www.koonings.com\/de\/wp-json\/wp\/v2\/types\/product"}],"wp:featuredmedia":[{"embeddable":true,"href":"https:\/\/www.koonings.com\/de\/wp-json\/wp\/v2\/media\/76357"}],"wp:attachment":[{"href":"https:\/\/www.koonings.com\/de\/wp-json\/wp\/v2\/media?parent=80484"}],"wp:term":[{"taxonomy":"productdetails","embeddable":true,"href":"https:\/\/www.koonings.com\/de\/wp-json\/wp\/v2\/productdetails?post=80484"},{"taxonomy":"productneck","embeddable":true,"href":"https:\/\/www.koonings.com\/de\/wp-json\/wp\/v2\/productneck?post=80484"},{"taxonomy":"productcolor","embeddable":true,"href":"https:\/\/www.koonings.com\/de\/wp-json\/wp\/v2\/productcolor?post=80484"},{"taxonomy":"maat","embeddable":true,"href":"https:\/\/www.koonings.com\/de\/wp-json\/wp\/v2\/maat?post=80484"},{"taxonomy":"productsupplier","embeddable":true,"href":"https:\/\/www.koonings.com\/de\/wp-json\/wp\/v2\/productsupplier?post=80484"},{"taxonomy":"productsleeve","embeddable":true,"href":"https:\/\/www.koonings.com\/de\/wp-json\/wp\/v2\/productsleeve?post=80484"},{"taxonomy":"productcategory","embeddable":true,"href":"https:\/\/www.koonings.com\/de\/wp-json\/wp\/v2\/productcategory?post=80484"},{"taxonomy":"productsilhouette","embeddable":true,"href":"https:\/\/www.koonings.com\/de\/wp-json\/wp\/v2\/productsilhouette?post=80484"},{"taxonomy":"productstyle","embeddable":true,"href":"https:\/\/www.koonings.com\/de\/wp-json\/wp\/v2\/productstyle?post=80484"}],"curies":[{"name":"wp","href":"https:\/\/api.w.org\/{rel}","templated":true}]}}