{"id":80467,"date":"2026-04-14T16:16:20","date_gmt":"2026-04-14T14:16:20","guid":{"rendered":"https:\/\/www.koonings.com\/product\/viktor-and-rolf-vrm372\/"},"modified":"2025-06-05T13:54:35","modified_gmt":"2025-06-05T11:54:35","slug":"viktor-and-rolf-vrm372","status":"publish","type":"product","link":"https:\/\/www.koonings.com\/de\/product\/viktor-and-rolf-vrm372\/","title":{"rendered":"Viktor and Rolf VRM372"},"content":{"rendered":"<p>Hochzeitskleid mit Bootsausschnitt und \u00c4rmeln, verziert mit Perlenverzierungen und einem klassischen Empire-Bund, der die Taille umschlie\u00dft.<br \/>\nDas Kleid hat einen quadratischen, offenen R\u00fccken, der den R\u00fccken interessant macht. <\/p>\n","protected":false},"featured_media":76457,"template":"","meta":{"_acf_changed":false,"ghostkit_customizer_options":"","ghostkit_custom_css":"","ghostkit_custom_js_head":"","ghostkit_custom_js_foot":"","ghostkit_typography":""},"productdetails":[],"productneck":[349],"productcolor":[392],"maat":[],"productsupplier":[440],"productsleeve":[362],"productcategory":[18],"productsilhouette":[389],"productstyle":[367,369],"class_list":["post-80467","product","type-product","status-publish","has-post-thumbnail","hentry","productneck-349","productcolor-392","productsupplier-viktor-and-rolf","productsleeve-362","productcategory-trouwjurken","productsilhouette-389","productstyle-367","productstyle-369"],"acf":[],"yoast_head":"<!-- This site is optimized with the Yoast SEO plugin v27.3 - https:\/\/yoast.com\/product\/yoast-seo-wordpress\/ -->\n<title>Viktor and Rolf VRM372 | Koonings<\/title>\n<meta name=\"description\" content=\"Hochzeitskleid mit Bootsausschnitt und \u00c4rmeln, verziert mit Perlenverzierungen und einem klassischen Empire-Bund, der die Taille umschlie\u00dft. Das Kleid hat einen quadratischen, offenen R\u00fccken, der den R\u00fccken interessant macht.\" \/>\n<meta name=\"robots\" content=\"index, follow, max-snippet:-1, max-image-preview:large, max-video-preview:-1\" \/>\n<link rel=\"canonical\" href=\"https:\/\/www.koonings.com\/de\/product\/viktor-and-rolf-vrm372\/\" \/>\n<meta property=\"og:locale\" content=\"de_DE\" \/>\n<meta property=\"og:type\" content=\"article\" \/>\n<meta property=\"og:title\" content=\"Viktor and Rolf VRM372 | Koonings\" \/>\n<meta property=\"og:description\" content=\"Hochzeitskleid mit Bootsausschnitt und \u00c4rmeln, verziert mit Perlenverzierungen und einem klassischen Empire-Bund, der die Taille umschlie\u00dft. Das Kleid hat einen quadratischen, offenen R\u00fccken, der den R\u00fccken interessant macht.\" \/>\n<meta property=\"og:url\" content=\"https:\/\/www.koonings.com\/de\/product\/viktor-and-rolf-vrm372\/\" \/>\n<meta property=\"og:site_name\" content=\"Koonings\" \/>\n<meta property=\"article:publisher\" content=\"https:\/\/www.facebook.com\/kooningstheweddingpalace\" \/>\n<meta property=\"og:image\" content=\"https:\/\/www.koonings.com\/wp-content\/uploads\/2024\/11\/39745_ad26ad85b24c92b47943d2e33ec4f6de081138e0b47f8b7f0f0fa17a566bc88b890d229a-scaled.jpeg\" \/>\n\t<meta property=\"og:image:width\" content=\"1707\" \/>\n\t<meta property=\"og:image:height\" content=\"2560\" \/>\n\t<meta property=\"og:image:type\" content=\"image\/jpeg\" \/>\n<meta name=\"twitter:card\" content=\"summary_large_image\" \/>\n<script type=\"application\/ld+json\" class=\"yoast-schema-graph\">{\"@context\":\"https:\\\/\\\/schema.org\",\"@graph\":[{\"@type\":\"WebPage\",\"@id\":\"https:\\\/\\\/www.koonings.com\\\/de\\\/product\\\/viktor-and-rolf-vrm372\\\/\",\"url\":\"https:\\\/\\\/www.koonings.com\\\/de\\\/product\\\/viktor-and-rolf-vrm372\\\/\",\"name\":\"Viktor and Rolf VRM372 | Koonings\",\"isPartOf\":{\"@id\":\"https:\\\/\\\/www.koonings.com\\\/de\\\/#website\"},\"primaryImageOfPage\":{\"@id\":\"https:\\\/\\\/www.koonings.com\\\/de\\\/product\\\/viktor-and-rolf-vrm372\\\/#primaryimage\"},\"image\":{\"@id\":\"https:\\\/\\\/www.koonings.com\\\/de\\\/product\\\/viktor-and-rolf-vrm372\\\/#primaryimage\"},\"thumbnailUrl\":\"https:\\\/\\\/www.koonings.com\\\/wp-content\\\/uploads\\\/2024\\\/11\\\/39745_ad26ad85b24c92b47943d2e33ec4f6de081138e0b47f8b7f0f0fa17a566bc88b890d229a-scaled.jpeg\",\"datePublished\":\"2026-04-14T14:16:20+00:00\",\"description\":\"Hochzeitskleid mit Bootsausschnitt und \u00c4rmeln, verziert mit Perlenverzierungen und einem klassischen Empire-Bund, der die Taille umschlie\u00dft. Das Kleid hat einen quadratischen, offenen R\u00fccken, der den R\u00fccken interessant macht.\",\"breadcrumb\":{\"@id\":\"https:\\\/\\\/www.koonings.com\\\/de\\\/product\\\/viktor-and-rolf-vrm372\\\/#breadcrumb\"},\"inLanguage\":\"de\",\"potentialAction\":[{\"@type\":\"ReadAction\",\"target\":[\"https:\\\/\\\/www.koonings.com\\\/de\\\/product\\\/viktor-and-rolf-vrm372\\\/\"]}]},{\"@type\":\"ImageObject\",\"inLanguage\":\"de\",\"@id\":\"https:\\\/\\\/www.koonings.com\\\/de\\\/product\\\/viktor-and-rolf-vrm372\\\/#primaryimage\",\"url\":\"https:\\\/\\\/www.koonings.com\\\/wp-content\\\/uploads\\\/2024\\\/11\\\/39745_ad26ad85b24c92b47943d2e33ec4f6de081138e0b47f8b7f0f0fa17a566bc88b890d229a-scaled.jpeg\",\"contentUrl\":\"https:\\\/\\\/www.koonings.com\\\/wp-content\\\/uploads\\\/2024\\\/11\\\/39745_ad26ad85b24c92b47943d2e33ec4f6de081138e0b47f8b7f0f0fa17a566bc88b890d229a-scaled.jpeg\",\"width\":1707,\"height\":2560},{\"@type\":\"BreadcrumbList\",\"@id\":\"https:\\\/\\\/www.koonings.com\\\/de\\\/product\\\/viktor-and-rolf-vrm372\\\/#breadcrumb\",\"itemListElement\":[{\"@type\":\"ListItem\",\"position\":1,\"name\":\"Home\",\"item\":\"https:\\\/\\\/www.koonings.com\\\/de\\\/\"},{\"@type\":\"ListItem\",\"position\":2,\"name\":\"Viktor and Rolf VRM372\"}]},{\"@type\":\"WebSite\",\"@id\":\"https:\\\/\\\/www.koonings.com\\\/de\\\/#website\",\"url\":\"https:\\\/\\\/www.koonings.com\\\/de\\\/\",\"name\":\"Koonings\",\"description\":\"De grootste bruidsmodewinkel ter wereld\",\"publisher\":{\"@id\":\"https:\\\/\\\/www.koonings.com\\\/de\\\/#organization\"},\"potentialAction\":[{\"@type\":\"SearchAction\",\"target\":{\"@type\":\"EntryPoint\",\"urlTemplate\":\"https:\\\/\\\/www.koonings.com\\\/de\\\/?s={search_term_string}\"},\"query-input\":{\"@type\":\"PropertyValueSpecification\",\"valueRequired\":true,\"valueName\":\"search_term_string\"}}],\"inLanguage\":\"de\"},{\"@type\":\"Organization\",\"@id\":\"https:\\\/\\\/www.koonings.com\\\/de\\\/#organization\",\"name\":\"Koonings\",\"url\":\"https:\\\/\\\/www.koonings.com\\\/de\\\/\",\"logo\":{\"@type\":\"ImageObject\",\"inLanguage\":\"de\",\"@id\":\"https:\\\/\\\/www.koonings.com\\\/de\\\/#\\\/schema\\\/logo\\\/image\\\/\",\"url\":\"https:\\\/\\\/www.koonings.com\\\/wp-content\\\/uploads\\\/2024\\\/07\\\/logo.png\",\"contentUrl\":\"https:\\\/\\\/www.koonings.com\\\/wp-content\\\/uploads\\\/2024\\\/07\\\/logo.png\",\"width\":600,\"height\":428,\"caption\":\"Koonings\"},\"image\":{\"@id\":\"https:\\\/\\\/www.koonings.com\\\/de\\\/#\\\/schema\\\/logo\\\/image\\\/\"},\"sameAs\":[\"https:\\\/\\\/www.facebook.com\\\/kooningstheweddingpalace\",\"https:\\\/\\\/www.instagram.com\\\/kooningstheweddingpalace\",\"https:\\\/\\\/www.pinterest.com\\\/koonings\",\"https:\\\/\\\/www.youtube.com\\\/kooningstheweddingpalace\"]}]}<\/script>\n<!-- \/ Yoast SEO plugin. -->","yoast_head_json":{"title":"Viktor and Rolf VRM372 | Koonings","description":"Hochzeitskleid mit Bootsausschnitt und \u00c4rmeln, verziert mit Perlenverzierungen und einem klassischen Empire-Bund, der die Taille umschlie\u00dft. Das Kleid hat einen quadratischen, offenen R\u00fccken, der den R\u00fccken interessant macht.","robots":{"index":"index","follow":"follow","max-snippet":"max-snippet:-1","max-image-preview":"max-image-preview:large","max-video-preview":"max-video-preview:-1"},"canonical":"https:\/\/www.koonings.com\/de\/product\/viktor-and-rolf-vrm372\/","og_locale":"de_DE","og_type":"article","og_title":"Viktor and Rolf VRM372 | Koonings","og_description":"Hochzeitskleid mit Bootsausschnitt und \u00c4rmeln, verziert mit Perlenverzierungen und einem klassischen Empire-Bund, der die Taille umschlie\u00dft. Das Kleid hat einen quadratischen, offenen R\u00fccken, der den R\u00fccken interessant macht.","og_url":"https:\/\/www.koonings.com\/de\/product\/viktor-and-rolf-vrm372\/","og_site_name":"Koonings","article_publisher":"https:\/\/www.facebook.com\/kooningstheweddingpalace","og_image":[{"width":1707,"height":2560,"url":"https:\/\/www.koonings.com\/wp-content\/uploads\/2024\/11\/39745_ad26ad85b24c92b47943d2e33ec4f6de081138e0b47f8b7f0f0fa17a566bc88b890d229a-scaled.jpeg","type":"image\/jpeg"}],"twitter_card":"summary_large_image","schema":{"@context":"https:\/\/schema.org","@graph":[{"@type":"WebPage","@id":"https:\/\/www.koonings.com\/de\/product\/viktor-and-rolf-vrm372\/","url":"https:\/\/www.koonings.com\/de\/product\/viktor-and-rolf-vrm372\/","name":"Viktor and Rolf VRM372 | Koonings","isPartOf":{"@id":"https:\/\/www.koonings.com\/de\/#website"},"primaryImageOfPage":{"@id":"https:\/\/www.koonings.com\/de\/product\/viktor-and-rolf-vrm372\/#primaryimage"},"image":{"@id":"https:\/\/www.koonings.com\/de\/product\/viktor-and-rolf-vrm372\/#primaryimage"},"thumbnailUrl":"https:\/\/www.koonings.com\/wp-content\/uploads\/2024\/11\/39745_ad26ad85b24c92b47943d2e33ec4f6de081138e0b47f8b7f0f0fa17a566bc88b890d229a-scaled.jpeg","datePublished":"2026-04-14T14:16:20+00:00","description":"Hochzeitskleid mit Bootsausschnitt und \u00c4rmeln, verziert mit Perlenverzierungen und einem klassischen Empire-Bund, der die Taille umschlie\u00dft. Das Kleid hat einen quadratischen, offenen R\u00fccken, der den R\u00fccken interessant macht.","breadcrumb":{"@id":"https:\/\/www.koonings.com\/de\/product\/viktor-and-rolf-vrm372\/#breadcrumb"},"inLanguage":"de","potentialAction":[{"@type":"ReadAction","target":["https:\/\/www.koonings.com\/de\/product\/viktor-and-rolf-vrm372\/"]}]},{"@type":"ImageObject","inLanguage":"de","@id":"https:\/\/www.koonings.com\/de\/product\/viktor-and-rolf-vrm372\/#primaryimage","url":"https:\/\/www.koonings.com\/wp-content\/uploads\/2024\/11\/39745_ad26ad85b24c92b47943d2e33ec4f6de081138e0b47f8b7f0f0fa17a566bc88b890d229a-scaled.jpeg","contentUrl":"https:\/\/www.koonings.com\/wp-content\/uploads\/2024\/11\/39745_ad26ad85b24c92b47943d2e33ec4f6de081138e0b47f8b7f0f0fa17a566bc88b890d229a-scaled.jpeg","width":1707,"height":2560},{"@type":"BreadcrumbList","@id":"https:\/\/www.koonings.com\/de\/product\/viktor-and-rolf-vrm372\/#breadcrumb","itemListElement":[{"@type":"ListItem","position":1,"name":"Home","item":"https:\/\/www.koonings.com\/de\/"},{"@type":"ListItem","position":2,"name":"Viktor and Rolf VRM372"}]},{"@type":"WebSite","@id":"https:\/\/www.koonings.com\/de\/#website","url":"https:\/\/www.koonings.com\/de\/","name":"Koonings","description":"De grootste bruidsmodewinkel ter wereld","publisher":{"@id":"https:\/\/www.koonings.com\/de\/#organization"},"potentialAction":[{"@type":"SearchAction","target":{"@type":"EntryPoint","urlTemplate":"https:\/\/www.koonings.com\/de\/?s={search_term_string}"},"query-input":{"@type":"PropertyValueSpecification","valueRequired":true,"valueName":"search_term_string"}}],"inLanguage":"de"},{"@type":"Organization","@id":"https:\/\/www.koonings.com\/de\/#organization","name":"Koonings","url":"https:\/\/www.koonings.com\/de\/","logo":{"@type":"ImageObject","inLanguage":"de","@id":"https:\/\/www.koonings.com\/de\/#\/schema\/logo\/image\/","url":"https:\/\/www.koonings.com\/wp-content\/uploads\/2024\/07\/logo.png","contentUrl":"https:\/\/www.koonings.com\/wp-content\/uploads\/2024\/07\/logo.png","width":600,"height":428,"caption":"Koonings"},"image":{"@id":"https:\/\/www.koonings.com\/de\/#\/schema\/logo\/image\/"},"sameAs":["https:\/\/www.facebook.com\/kooningstheweddingpalace","https:\/\/www.instagram.com\/kooningstheweddingpalace","https:\/\/www.pinterest.com\/koonings","https:\/\/www.youtube.com\/kooningstheweddingpalace"]}]}},"_links":{"self":[{"href":"https:\/\/www.koonings.com\/de\/wp-json\/wp\/v2\/product\/80467","targetHints":{"allow":["GET"]}}],"collection":[{"href":"https:\/\/www.koonings.com\/de\/wp-json\/wp\/v2\/product"}],"about":[{"href":"https:\/\/www.koonings.com\/de\/wp-json\/wp\/v2\/types\/product"}],"wp:featuredmedia":[{"embeddable":true,"href":"https:\/\/www.koonings.com\/de\/wp-json\/wp\/v2\/media\/76457"}],"wp:attachment":[{"href":"https:\/\/www.koonings.com\/de\/wp-json\/wp\/v2\/media?parent=80467"}],"wp:term":[{"taxonomy":"productdetails","embeddable":true,"href":"https:\/\/www.koonings.com\/de\/wp-json\/wp\/v2\/productdetails?post=80467"},{"taxonomy":"productneck","embeddable":true,"href":"https:\/\/www.koonings.com\/de\/wp-json\/wp\/v2\/productneck?post=80467"},{"taxonomy":"productcolor","embeddable":true,"href":"https:\/\/www.koonings.com\/de\/wp-json\/wp\/v2\/productcolor?post=80467"},{"taxonomy":"maat","embeddable":true,"href":"https:\/\/www.koonings.com\/de\/wp-json\/wp\/v2\/maat?post=80467"},{"taxonomy":"productsupplier","embeddable":true,"href":"https:\/\/www.koonings.com\/de\/wp-json\/wp\/v2\/productsupplier?post=80467"},{"taxonomy":"productsleeve","embeddable":true,"href":"https:\/\/www.koonings.com\/de\/wp-json\/wp\/v2\/productsleeve?post=80467"},{"taxonomy":"productcategory","embeddable":true,"href":"https:\/\/www.koonings.com\/de\/wp-json\/wp\/v2\/productcategory?post=80467"},{"taxonomy":"productsilhouette","embeddable":true,"href":"https:\/\/www.koonings.com\/de\/wp-json\/wp\/v2\/productsilhouette?post=80467"},{"taxonomy":"productstyle","embeddable":true,"href":"https:\/\/www.koonings.com\/de\/wp-json\/wp\/v2\/productstyle?post=80467"}],"curies":[{"name":"wp","href":"https:\/\/api.w.org\/{rel}","templated":true}]}}