{"id":80419,"date":"2026-04-14T16:24:25","date_gmt":"2026-04-14T14:24:25","guid":{"rendered":"https:\/\/www.koonings.com\/product\/demetrios-by-you-t237\/"},"modified":"2026-02-16T14:58:03","modified_gmt":"2026-02-16T13:58:03","slug":"demetrios-by-you-t237","status":"publish","type":"product","link":"https:\/\/www.koonings.com\/de\/product\/demetrios-by-you-t237\/","title":{"rendered":"Demetrios By You T237"},"content":{"rendered":"<p>Romantischer Spitzenbodysuit mit herzf\u00f6rmigem Ausschnitt und Schn\u00fcrung am R\u00fccken. Kombinieren Sie ihn mit einem Rock oder einer Hose, um Ihr perfektes Ensemble f\u00fcr die Braut zu kreieren. Abgebildet mit Rock SK22.  <\/p>\n","protected":false},"featured_media":74512,"template":"","meta":{"_acf_changed":false,"ghostkit_customizer_options":"","ghostkit_custom_css":"","ghostkit_custom_js_head":"","ghostkit_custom_js_foot":"","ghostkit_typography":""},"productdetails":[376],"productneck":[354,355],"productcolor":[392],"maat":[],"productsupplier":[467],"productsleeve":[],"productcategory":[18],"productsilhouette":[391],"productstyle":[364,366],"class_list":["post-80419","product","type-product","status-publish","has-post-thumbnail","hentry","productdetails-376","productneck-354","productneck-355","productcolor-392","productsupplier-demetrios-by-you","productcategory-trouwjurken","productsilhouette-391","productstyle-364","productstyle-366"],"acf":[],"yoast_head":"<!-- This site is optimized with the Yoast SEO plugin v27.3 - https:\/\/yoast.com\/product\/yoast-seo-wordpress\/ -->\n<title>Demetrios By You T237 | Koonings<\/title>\n<meta name=\"description\" content=\"Romantischer Spitzenbodysuit mit herzf\u00f6rmigem Ausschnitt und Schn\u00fcrung am R\u00fccken. Kombinieren Sie ihn mit einem Rock oder einer Hose, um Ihr perfektes Ensemble f\u00fcr die Braut zu kreieren. Abgebildet mit Rock SK22.\" \/>\n<meta name=\"robots\" content=\"index, follow, max-snippet:-1, max-image-preview:large, max-video-preview:-1\" \/>\n<link rel=\"canonical\" href=\"https:\/\/www.koonings.com\/de\/product\/demetrios-by-you-t237\/\" \/>\n<meta property=\"og:locale\" content=\"de_DE\" \/>\n<meta property=\"og:type\" content=\"article\" \/>\n<meta property=\"og:title\" content=\"Demetrios By You T237 | Koonings\" \/>\n<meta property=\"og:description\" content=\"Romantischer Spitzenbodysuit mit herzf\u00f6rmigem Ausschnitt und Schn\u00fcrung am R\u00fccken. Kombinieren Sie ihn mit einem Rock oder einer Hose, um Ihr perfektes Ensemble f\u00fcr die Braut zu kreieren. Abgebildet mit Rock SK22.\" \/>\n<meta property=\"og:url\" content=\"https:\/\/www.koonings.com\/de\/product\/demetrios-by-you-t237\/\" \/>\n<meta property=\"og:site_name\" content=\"Koonings\" \/>\n<meta property=\"article:publisher\" content=\"https:\/\/www.facebook.com\/kooningstheweddingpalace\" \/>\n<meta property=\"og:image\" content=\"https:\/\/www.koonings.com\/wp-content\/uploads\/2024\/11\/40877_d17c673773e102d45c02d0c524053424abc6ab0f13df563045ccd75378f37324e591a108-scaled.jpeg\" \/>\n\t<meta property=\"og:image:width\" content=\"1814\" \/>\n\t<meta property=\"og:image:height\" content=\"2560\" \/>\n\t<meta property=\"og:image:type\" content=\"image\/jpeg\" \/>\n<meta name=\"twitter:card\" content=\"summary_large_image\" \/>\n<script type=\"application\/ld+json\" class=\"yoast-schema-graph\">{\"@context\":\"https:\\\/\\\/schema.org\",\"@graph\":[{\"@type\":\"WebPage\",\"@id\":\"https:\\\/\\\/www.koonings.com\\\/de\\\/product\\\/demetrios-by-you-t237\\\/\",\"url\":\"https:\\\/\\\/www.koonings.com\\\/de\\\/product\\\/demetrios-by-you-t237\\\/\",\"name\":\"Demetrios By You T237 | Koonings\",\"isPartOf\":{\"@id\":\"https:\\\/\\\/www.koonings.com\\\/de\\\/#website\"},\"primaryImageOfPage\":{\"@id\":\"https:\\\/\\\/www.koonings.com\\\/de\\\/product\\\/demetrios-by-you-t237\\\/#primaryimage\"},\"image\":{\"@id\":\"https:\\\/\\\/www.koonings.com\\\/de\\\/product\\\/demetrios-by-you-t237\\\/#primaryimage\"},\"thumbnailUrl\":\"https:\\\/\\\/www.koonings.com\\\/wp-content\\\/uploads\\\/2024\\\/11\\\/40877_d17c673773e102d45c02d0c524053424abc6ab0f13df563045ccd75378f37324e591a108-scaled.jpeg\",\"datePublished\":\"2026-04-14T14:24:25+00:00\",\"description\":\"Romantischer Spitzenbodysuit mit herzf\u00f6rmigem Ausschnitt und Schn\u00fcrung am R\u00fccken. Kombinieren Sie ihn mit einem Rock oder einer Hose, um Ihr perfektes Ensemble f\u00fcr die Braut zu kreieren. Abgebildet mit Rock SK22.\",\"breadcrumb\":{\"@id\":\"https:\\\/\\\/www.koonings.com\\\/de\\\/product\\\/demetrios-by-you-t237\\\/#breadcrumb\"},\"inLanguage\":\"de\",\"potentialAction\":[{\"@type\":\"ReadAction\",\"target\":[\"https:\\\/\\\/www.koonings.com\\\/de\\\/product\\\/demetrios-by-you-t237\\\/\"]}]},{\"@type\":\"ImageObject\",\"inLanguage\":\"de\",\"@id\":\"https:\\\/\\\/www.koonings.com\\\/de\\\/product\\\/demetrios-by-you-t237\\\/#primaryimage\",\"url\":\"https:\\\/\\\/www.koonings.com\\\/wp-content\\\/uploads\\\/2024\\\/11\\\/40877_d17c673773e102d45c02d0c524053424abc6ab0f13df563045ccd75378f37324e591a108-scaled.jpeg\",\"contentUrl\":\"https:\\\/\\\/www.koonings.com\\\/wp-content\\\/uploads\\\/2024\\\/11\\\/40877_d17c673773e102d45c02d0c524053424abc6ab0f13df563045ccd75378f37324e591a108-scaled.jpeg\",\"width\":1814,\"height\":2560},{\"@type\":\"BreadcrumbList\",\"@id\":\"https:\\\/\\\/www.koonings.com\\\/de\\\/product\\\/demetrios-by-you-t237\\\/#breadcrumb\",\"itemListElement\":[{\"@type\":\"ListItem\",\"position\":1,\"name\":\"Home\",\"item\":\"https:\\\/\\\/www.koonings.com\\\/de\\\/\"},{\"@type\":\"ListItem\",\"position\":2,\"name\":\"Demetrios By You T237\"}]},{\"@type\":\"WebSite\",\"@id\":\"https:\\\/\\\/www.koonings.com\\\/de\\\/#website\",\"url\":\"https:\\\/\\\/www.koonings.com\\\/de\\\/\",\"name\":\"Koonings\",\"description\":\"De grootste bruidsmodewinkel ter wereld\",\"publisher\":{\"@id\":\"https:\\\/\\\/www.koonings.com\\\/de\\\/#organization\"},\"potentialAction\":[{\"@type\":\"SearchAction\",\"target\":{\"@type\":\"EntryPoint\",\"urlTemplate\":\"https:\\\/\\\/www.koonings.com\\\/de\\\/?s={search_term_string}\"},\"query-input\":{\"@type\":\"PropertyValueSpecification\",\"valueRequired\":true,\"valueName\":\"search_term_string\"}}],\"inLanguage\":\"de\"},{\"@type\":\"Organization\",\"@id\":\"https:\\\/\\\/www.koonings.com\\\/de\\\/#organization\",\"name\":\"Koonings\",\"url\":\"https:\\\/\\\/www.koonings.com\\\/de\\\/\",\"logo\":{\"@type\":\"ImageObject\",\"inLanguage\":\"de\",\"@id\":\"https:\\\/\\\/www.koonings.com\\\/de\\\/#\\\/schema\\\/logo\\\/image\\\/\",\"url\":\"https:\\\/\\\/www.koonings.com\\\/wp-content\\\/uploads\\\/2024\\\/07\\\/logo.png\",\"contentUrl\":\"https:\\\/\\\/www.koonings.com\\\/wp-content\\\/uploads\\\/2024\\\/07\\\/logo.png\",\"width\":600,\"height\":428,\"caption\":\"Koonings\"},\"image\":{\"@id\":\"https:\\\/\\\/www.koonings.com\\\/de\\\/#\\\/schema\\\/logo\\\/image\\\/\"},\"sameAs\":[\"https:\\\/\\\/www.facebook.com\\\/kooningstheweddingpalace\",\"https:\\\/\\\/www.instagram.com\\\/kooningstheweddingpalace\",\"https:\\\/\\\/www.pinterest.com\\\/koonings\",\"https:\\\/\\\/www.youtube.com\\\/kooningstheweddingpalace\"]}]}<\/script>\n<!-- \/ Yoast SEO plugin. -->","yoast_head_json":{"title":"Demetrios By You T237 | Koonings","description":"Romantischer Spitzenbodysuit mit herzf\u00f6rmigem Ausschnitt und Schn\u00fcrung am R\u00fccken. Kombinieren Sie ihn mit einem Rock oder einer Hose, um Ihr perfektes Ensemble f\u00fcr die Braut zu kreieren. Abgebildet mit Rock SK22.","robots":{"index":"index","follow":"follow","max-snippet":"max-snippet:-1","max-image-preview":"max-image-preview:large","max-video-preview":"max-video-preview:-1"},"canonical":"https:\/\/www.koonings.com\/de\/product\/demetrios-by-you-t237\/","og_locale":"de_DE","og_type":"article","og_title":"Demetrios By You T237 | Koonings","og_description":"Romantischer Spitzenbodysuit mit herzf\u00f6rmigem Ausschnitt und Schn\u00fcrung am R\u00fccken. Kombinieren Sie ihn mit einem Rock oder einer Hose, um Ihr perfektes Ensemble f\u00fcr die Braut zu kreieren. Abgebildet mit Rock SK22.","og_url":"https:\/\/www.koonings.com\/de\/product\/demetrios-by-you-t237\/","og_site_name":"Koonings","article_publisher":"https:\/\/www.facebook.com\/kooningstheweddingpalace","og_image":[{"width":1814,"height":2560,"url":"https:\/\/www.koonings.com\/wp-content\/uploads\/2024\/11\/40877_d17c673773e102d45c02d0c524053424abc6ab0f13df563045ccd75378f37324e591a108-scaled.jpeg","type":"image\/jpeg"}],"twitter_card":"summary_large_image","schema":{"@context":"https:\/\/schema.org","@graph":[{"@type":"WebPage","@id":"https:\/\/www.koonings.com\/de\/product\/demetrios-by-you-t237\/","url":"https:\/\/www.koonings.com\/de\/product\/demetrios-by-you-t237\/","name":"Demetrios By You T237 | Koonings","isPartOf":{"@id":"https:\/\/www.koonings.com\/de\/#website"},"primaryImageOfPage":{"@id":"https:\/\/www.koonings.com\/de\/product\/demetrios-by-you-t237\/#primaryimage"},"image":{"@id":"https:\/\/www.koonings.com\/de\/product\/demetrios-by-you-t237\/#primaryimage"},"thumbnailUrl":"https:\/\/www.koonings.com\/wp-content\/uploads\/2024\/11\/40877_d17c673773e102d45c02d0c524053424abc6ab0f13df563045ccd75378f37324e591a108-scaled.jpeg","datePublished":"2026-04-14T14:24:25+00:00","description":"Romantischer Spitzenbodysuit mit herzf\u00f6rmigem Ausschnitt und Schn\u00fcrung am R\u00fccken. Kombinieren Sie ihn mit einem Rock oder einer Hose, um Ihr perfektes Ensemble f\u00fcr die Braut zu kreieren. Abgebildet mit Rock SK22.","breadcrumb":{"@id":"https:\/\/www.koonings.com\/de\/product\/demetrios-by-you-t237\/#breadcrumb"},"inLanguage":"de","potentialAction":[{"@type":"ReadAction","target":["https:\/\/www.koonings.com\/de\/product\/demetrios-by-you-t237\/"]}]},{"@type":"ImageObject","inLanguage":"de","@id":"https:\/\/www.koonings.com\/de\/product\/demetrios-by-you-t237\/#primaryimage","url":"https:\/\/www.koonings.com\/wp-content\/uploads\/2024\/11\/40877_d17c673773e102d45c02d0c524053424abc6ab0f13df563045ccd75378f37324e591a108-scaled.jpeg","contentUrl":"https:\/\/www.koonings.com\/wp-content\/uploads\/2024\/11\/40877_d17c673773e102d45c02d0c524053424abc6ab0f13df563045ccd75378f37324e591a108-scaled.jpeg","width":1814,"height":2560},{"@type":"BreadcrumbList","@id":"https:\/\/www.koonings.com\/de\/product\/demetrios-by-you-t237\/#breadcrumb","itemListElement":[{"@type":"ListItem","position":1,"name":"Home","item":"https:\/\/www.koonings.com\/de\/"},{"@type":"ListItem","position":2,"name":"Demetrios By You T237"}]},{"@type":"WebSite","@id":"https:\/\/www.koonings.com\/de\/#website","url":"https:\/\/www.koonings.com\/de\/","name":"Koonings","description":"De grootste bruidsmodewinkel ter wereld","publisher":{"@id":"https:\/\/www.koonings.com\/de\/#organization"},"potentialAction":[{"@type":"SearchAction","target":{"@type":"EntryPoint","urlTemplate":"https:\/\/www.koonings.com\/de\/?s={search_term_string}"},"query-input":{"@type":"PropertyValueSpecification","valueRequired":true,"valueName":"search_term_string"}}],"inLanguage":"de"},{"@type":"Organization","@id":"https:\/\/www.koonings.com\/de\/#organization","name":"Koonings","url":"https:\/\/www.koonings.com\/de\/","logo":{"@type":"ImageObject","inLanguage":"de","@id":"https:\/\/www.koonings.com\/de\/#\/schema\/logo\/image\/","url":"https:\/\/www.koonings.com\/wp-content\/uploads\/2024\/07\/logo.png","contentUrl":"https:\/\/www.koonings.com\/wp-content\/uploads\/2024\/07\/logo.png","width":600,"height":428,"caption":"Koonings"},"image":{"@id":"https:\/\/www.koonings.com\/de\/#\/schema\/logo\/image\/"},"sameAs":["https:\/\/www.facebook.com\/kooningstheweddingpalace","https:\/\/www.instagram.com\/kooningstheweddingpalace","https:\/\/www.pinterest.com\/koonings","https:\/\/www.youtube.com\/kooningstheweddingpalace"]}]}},"_links":{"self":[{"href":"https:\/\/www.koonings.com\/de\/wp-json\/wp\/v2\/product\/80419","targetHints":{"allow":["GET"]}}],"collection":[{"href":"https:\/\/www.koonings.com\/de\/wp-json\/wp\/v2\/product"}],"about":[{"href":"https:\/\/www.koonings.com\/de\/wp-json\/wp\/v2\/types\/product"}],"wp:featuredmedia":[{"embeddable":true,"href":"https:\/\/www.koonings.com\/de\/wp-json\/wp\/v2\/media\/74512"}],"wp:attachment":[{"href":"https:\/\/www.koonings.com\/de\/wp-json\/wp\/v2\/media?parent=80419"}],"wp:term":[{"taxonomy":"productdetails","embeddable":true,"href":"https:\/\/www.koonings.com\/de\/wp-json\/wp\/v2\/productdetails?post=80419"},{"taxonomy":"productneck","embeddable":true,"href":"https:\/\/www.koonings.com\/de\/wp-json\/wp\/v2\/productneck?post=80419"},{"taxonomy":"productcolor","embeddable":true,"href":"https:\/\/www.koonings.com\/de\/wp-json\/wp\/v2\/productcolor?post=80419"},{"taxonomy":"maat","embeddable":true,"href":"https:\/\/www.koonings.com\/de\/wp-json\/wp\/v2\/maat?post=80419"},{"taxonomy":"productsupplier","embeddable":true,"href":"https:\/\/www.koonings.com\/de\/wp-json\/wp\/v2\/productsupplier?post=80419"},{"taxonomy":"productsleeve","embeddable":true,"href":"https:\/\/www.koonings.com\/de\/wp-json\/wp\/v2\/productsleeve?post=80419"},{"taxonomy":"productcategory","embeddable":true,"href":"https:\/\/www.koonings.com\/de\/wp-json\/wp\/v2\/productcategory?post=80419"},{"taxonomy":"productsilhouette","embeddable":true,"href":"https:\/\/www.koonings.com\/de\/wp-json\/wp\/v2\/productsilhouette?post=80419"},{"taxonomy":"productstyle","embeddable":true,"href":"https:\/\/www.koonings.com\/de\/wp-json\/wp\/v2\/productstyle?post=80419"}],"curies":[{"name":"wp","href":"https:\/\/api.w.org\/{rel}","templated":true}]}}