{"id":80390,"date":"2026-04-21T18:18:10","date_gmt":"2026-04-21T16:18:10","guid":{"rendered":"https:\/\/www.koonings.com\/product\/viktor-and-rolf-vrm403\/"},"modified":"2025-06-05T13:54:43","modified_gmt":"2025-06-05T11:54:43","slug":"viktor-and-rolf-vrm403","status":"publish","type":"product","link":"https:\/\/www.koonings.com\/de\/product\/viktor-and-rolf-vrm403\/","title":{"rendered":"Viktor and Rolf VRM403"},"content":{"rendered":"<p>Vertr\u00e4umtes A-Linien-Kleid aus T\u00fcll mit einem mit zarten Gartenblumen verzierten Mieder aus Cr\u00eape. Der schulterfreie herzf\u00f6rmige Ausschnitt wird durch abnehmbare, lange drapierte \u00c4rmel aus T\u00fcll erg\u00e4nzt. Das Kleid geht in einen bezaubernden T\u00fcllrock \u00fcber, der in einem langen, eleganten R\u00fccken endet.  <\/p>\n","protected":false},"featured_media":76510,"template":"","meta":{"_acf_changed":false,"ghostkit_customizer_options":"","ghostkit_custom_css":"","ghostkit_custom_js_head":"","ghostkit_custom_js_foot":"","ghostkit_typography":""},"productdetails":[379,381],"productneck":[355],"productcolor":[392],"maat":[],"productsupplier":[440],"productsleeve":[363],"productcategory":[18],"productsilhouette":[384],"productstyle":[367,366],"class_list":["post-80390","product","type-product","status-publish","has-post-thumbnail","hentry","productdetails-379","productdetails-381","productneck-355","productcolor-392","productsupplier-viktor-and-rolf","productsleeve-363","productcategory-trouwjurken","productsilhouette-384","productstyle-367","productstyle-366"],"acf":[],"yoast_head":"<!-- This site is optimized with the Yoast SEO plugin v27.3 - https:\/\/yoast.com\/product\/yoast-seo-wordpress\/ -->\n<title>Viktor and Rolf VRM403 | Koonings<\/title>\n<meta name=\"description\" content=\"Vertr\u00e4umtes A-Linien-Kleid aus T\u00fcll mit einem mit zarten Gartenblumen verzierten Mieder aus Cr\u00eape. Der schulterfreie herzf\u00f6rmige Ausschnitt wird durch abnehmbare, lange drapierte \u00c4rmel aus T\u00fcll erg\u00e4nzt. Das Kleid geht in einen bezaubernden T\u00fcllrock \u00fcber, der in einem langen, eleganten R\u00fccken endet.\" \/>\n<meta name=\"robots\" content=\"index, follow, max-snippet:-1, max-image-preview:large, max-video-preview:-1\" \/>\n<link rel=\"canonical\" href=\"https:\/\/www.koonings.com\/de\/product\/viktor-and-rolf-vrm403\/\" \/>\n<meta property=\"og:locale\" content=\"de_DE\" \/>\n<meta property=\"og:type\" content=\"article\" \/>\n<meta property=\"og:title\" content=\"Viktor and Rolf VRM403 | Koonings\" \/>\n<meta property=\"og:description\" content=\"Vertr\u00e4umtes A-Linien-Kleid aus T\u00fcll mit einem mit zarten Gartenblumen verzierten Mieder aus Cr\u00eape. Der schulterfreie herzf\u00f6rmige Ausschnitt wird durch abnehmbare, lange drapierte \u00c4rmel aus T\u00fcll erg\u00e4nzt. Das Kleid geht in einen bezaubernden T\u00fcllrock \u00fcber, der in einem langen, eleganten R\u00fccken endet.\" \/>\n<meta property=\"og:url\" content=\"https:\/\/www.koonings.com\/de\/product\/viktor-and-rolf-vrm403\/\" \/>\n<meta property=\"og:site_name\" content=\"Koonings\" \/>\n<meta property=\"article:publisher\" content=\"https:\/\/www.facebook.com\/kooningstheweddingpalace\" \/>\n<meta property=\"og:image\" content=\"https:\/\/www.koonings.com\/wp-content\/uploads\/2024\/11\/40302_9ec40d7b6ea9237b2488093a32af71ebd8473872c2caa341128af3f8a897c2541e4466be-scaled.webp\" \/>\n\t<meta property=\"og:image:width\" content=\"2048\" \/>\n\t<meta property=\"og:image:height\" content=\"2560\" \/>\n\t<meta property=\"og:image:type\" content=\"image\/webp\" \/>\n<meta name=\"twitter:card\" content=\"summary_large_image\" \/>\n<script type=\"application\/ld+json\" class=\"yoast-schema-graph\">{\"@context\":\"https:\\\/\\\/schema.org\",\"@graph\":[{\"@type\":\"WebPage\",\"@id\":\"https:\\\/\\\/www.koonings.com\\\/de\\\/product\\\/viktor-and-rolf-vrm403\\\/\",\"url\":\"https:\\\/\\\/www.koonings.com\\\/de\\\/product\\\/viktor-and-rolf-vrm403\\\/\",\"name\":\"Viktor and Rolf VRM403 | Koonings\",\"isPartOf\":{\"@id\":\"https:\\\/\\\/www.koonings.com\\\/de\\\/#website\"},\"primaryImageOfPage\":{\"@id\":\"https:\\\/\\\/www.koonings.com\\\/de\\\/product\\\/viktor-and-rolf-vrm403\\\/#primaryimage\"},\"image\":{\"@id\":\"https:\\\/\\\/www.koonings.com\\\/de\\\/product\\\/viktor-and-rolf-vrm403\\\/#primaryimage\"},\"thumbnailUrl\":\"https:\\\/\\\/www.koonings.com\\\/wp-content\\\/uploads\\\/2024\\\/11\\\/40302_9ec40d7b6ea9237b2488093a32af71ebd8473872c2caa341128af3f8a897c2541e4466be-scaled.webp\",\"datePublished\":\"2026-04-21T16:18:10+00:00\",\"description\":\"Vertr\u00e4umtes A-Linien-Kleid aus T\u00fcll mit einem mit zarten Gartenblumen verzierten Mieder aus Cr\u00eape. Der schulterfreie herzf\u00f6rmige Ausschnitt wird durch abnehmbare, lange drapierte \u00c4rmel aus T\u00fcll erg\u00e4nzt. Das Kleid geht in einen bezaubernden T\u00fcllrock \u00fcber, der in einem langen, eleganten R\u00fccken endet.\",\"breadcrumb\":{\"@id\":\"https:\\\/\\\/www.koonings.com\\\/de\\\/product\\\/viktor-and-rolf-vrm403\\\/#breadcrumb\"},\"inLanguage\":\"de\",\"potentialAction\":[{\"@type\":\"ReadAction\",\"target\":[\"https:\\\/\\\/www.koonings.com\\\/de\\\/product\\\/viktor-and-rolf-vrm403\\\/\"]}]},{\"@type\":\"ImageObject\",\"inLanguage\":\"de\",\"@id\":\"https:\\\/\\\/www.koonings.com\\\/de\\\/product\\\/viktor-and-rolf-vrm403\\\/#primaryimage\",\"url\":\"https:\\\/\\\/www.koonings.com\\\/wp-content\\\/uploads\\\/2024\\\/11\\\/40302_9ec40d7b6ea9237b2488093a32af71ebd8473872c2caa341128af3f8a897c2541e4466be-scaled.webp\",\"contentUrl\":\"https:\\\/\\\/www.koonings.com\\\/wp-content\\\/uploads\\\/2024\\\/11\\\/40302_9ec40d7b6ea9237b2488093a32af71ebd8473872c2caa341128af3f8a897c2541e4466be-scaled.webp\",\"width\":2048,\"height\":2560},{\"@type\":\"BreadcrumbList\",\"@id\":\"https:\\\/\\\/www.koonings.com\\\/de\\\/product\\\/viktor-and-rolf-vrm403\\\/#breadcrumb\",\"itemListElement\":[{\"@type\":\"ListItem\",\"position\":1,\"name\":\"Home\",\"item\":\"https:\\\/\\\/www.koonings.com\\\/de\\\/\"},{\"@type\":\"ListItem\",\"position\":2,\"name\":\"Viktor and Rolf VRM403\"}]},{\"@type\":\"WebSite\",\"@id\":\"https:\\\/\\\/www.koonings.com\\\/de\\\/#website\",\"url\":\"https:\\\/\\\/www.koonings.com\\\/de\\\/\",\"name\":\"Koonings\",\"description\":\"De grootste bruidsmodewinkel ter wereld\",\"publisher\":{\"@id\":\"https:\\\/\\\/www.koonings.com\\\/de\\\/#organization\"},\"potentialAction\":[{\"@type\":\"SearchAction\",\"target\":{\"@type\":\"EntryPoint\",\"urlTemplate\":\"https:\\\/\\\/www.koonings.com\\\/de\\\/?s={search_term_string}\"},\"query-input\":{\"@type\":\"PropertyValueSpecification\",\"valueRequired\":true,\"valueName\":\"search_term_string\"}}],\"inLanguage\":\"de\"},{\"@type\":\"Organization\",\"@id\":\"https:\\\/\\\/www.koonings.com\\\/de\\\/#organization\",\"name\":\"Koonings\",\"url\":\"https:\\\/\\\/www.koonings.com\\\/de\\\/\",\"logo\":{\"@type\":\"ImageObject\",\"inLanguage\":\"de\",\"@id\":\"https:\\\/\\\/www.koonings.com\\\/de\\\/#\\\/schema\\\/logo\\\/image\\\/\",\"url\":\"https:\\\/\\\/www.koonings.com\\\/wp-content\\\/uploads\\\/2024\\\/07\\\/logo.png\",\"contentUrl\":\"https:\\\/\\\/www.koonings.com\\\/wp-content\\\/uploads\\\/2024\\\/07\\\/logo.png\",\"width\":600,\"height\":428,\"caption\":\"Koonings\"},\"image\":{\"@id\":\"https:\\\/\\\/www.koonings.com\\\/de\\\/#\\\/schema\\\/logo\\\/image\\\/\"},\"sameAs\":[\"https:\\\/\\\/www.facebook.com\\\/kooningstheweddingpalace\",\"https:\\\/\\\/www.instagram.com\\\/kooningstheweddingpalace\",\"https:\\\/\\\/www.pinterest.com\\\/koonings\",\"https:\\\/\\\/www.youtube.com\\\/kooningstheweddingpalace\"]}]}<\/script>\n<!-- \/ Yoast SEO plugin. -->","yoast_head_json":{"title":"Viktor and Rolf VRM403 | Koonings","description":"Vertr\u00e4umtes A-Linien-Kleid aus T\u00fcll mit einem mit zarten Gartenblumen verzierten Mieder aus Cr\u00eape. Der schulterfreie herzf\u00f6rmige Ausschnitt wird durch abnehmbare, lange drapierte \u00c4rmel aus T\u00fcll erg\u00e4nzt. Das Kleid geht in einen bezaubernden T\u00fcllrock \u00fcber, der in einem langen, eleganten R\u00fccken endet.","robots":{"index":"index","follow":"follow","max-snippet":"max-snippet:-1","max-image-preview":"max-image-preview:large","max-video-preview":"max-video-preview:-1"},"canonical":"https:\/\/www.koonings.com\/de\/product\/viktor-and-rolf-vrm403\/","og_locale":"de_DE","og_type":"article","og_title":"Viktor and Rolf VRM403 | Koonings","og_description":"Vertr\u00e4umtes A-Linien-Kleid aus T\u00fcll mit einem mit zarten Gartenblumen verzierten Mieder aus Cr\u00eape. Der schulterfreie herzf\u00f6rmige Ausschnitt wird durch abnehmbare, lange drapierte \u00c4rmel aus T\u00fcll erg\u00e4nzt. Das Kleid geht in einen bezaubernden T\u00fcllrock \u00fcber, der in einem langen, eleganten R\u00fccken endet.","og_url":"https:\/\/www.koonings.com\/de\/product\/viktor-and-rolf-vrm403\/","og_site_name":"Koonings","article_publisher":"https:\/\/www.facebook.com\/kooningstheweddingpalace","og_image":[{"width":2048,"height":2560,"url":"https:\/\/www.koonings.com\/wp-content\/uploads\/2024\/11\/40302_9ec40d7b6ea9237b2488093a32af71ebd8473872c2caa341128af3f8a897c2541e4466be-scaled.webp","type":"image\/webp"}],"twitter_card":"summary_large_image","schema":{"@context":"https:\/\/schema.org","@graph":[{"@type":"WebPage","@id":"https:\/\/www.koonings.com\/de\/product\/viktor-and-rolf-vrm403\/","url":"https:\/\/www.koonings.com\/de\/product\/viktor-and-rolf-vrm403\/","name":"Viktor and Rolf VRM403 | Koonings","isPartOf":{"@id":"https:\/\/www.koonings.com\/de\/#website"},"primaryImageOfPage":{"@id":"https:\/\/www.koonings.com\/de\/product\/viktor-and-rolf-vrm403\/#primaryimage"},"image":{"@id":"https:\/\/www.koonings.com\/de\/product\/viktor-and-rolf-vrm403\/#primaryimage"},"thumbnailUrl":"https:\/\/www.koonings.com\/wp-content\/uploads\/2024\/11\/40302_9ec40d7b6ea9237b2488093a32af71ebd8473872c2caa341128af3f8a897c2541e4466be-scaled.webp","datePublished":"2026-04-21T16:18:10+00:00","description":"Vertr\u00e4umtes A-Linien-Kleid aus T\u00fcll mit einem mit zarten Gartenblumen verzierten Mieder aus Cr\u00eape. Der schulterfreie herzf\u00f6rmige Ausschnitt wird durch abnehmbare, lange drapierte \u00c4rmel aus T\u00fcll erg\u00e4nzt. Das Kleid geht in einen bezaubernden T\u00fcllrock \u00fcber, der in einem langen, eleganten R\u00fccken endet.","breadcrumb":{"@id":"https:\/\/www.koonings.com\/de\/product\/viktor-and-rolf-vrm403\/#breadcrumb"},"inLanguage":"de","potentialAction":[{"@type":"ReadAction","target":["https:\/\/www.koonings.com\/de\/product\/viktor-and-rolf-vrm403\/"]}]},{"@type":"ImageObject","inLanguage":"de","@id":"https:\/\/www.koonings.com\/de\/product\/viktor-and-rolf-vrm403\/#primaryimage","url":"https:\/\/www.koonings.com\/wp-content\/uploads\/2024\/11\/40302_9ec40d7b6ea9237b2488093a32af71ebd8473872c2caa341128af3f8a897c2541e4466be-scaled.webp","contentUrl":"https:\/\/www.koonings.com\/wp-content\/uploads\/2024\/11\/40302_9ec40d7b6ea9237b2488093a32af71ebd8473872c2caa341128af3f8a897c2541e4466be-scaled.webp","width":2048,"height":2560},{"@type":"BreadcrumbList","@id":"https:\/\/www.koonings.com\/de\/product\/viktor-and-rolf-vrm403\/#breadcrumb","itemListElement":[{"@type":"ListItem","position":1,"name":"Home","item":"https:\/\/www.koonings.com\/de\/"},{"@type":"ListItem","position":2,"name":"Viktor and Rolf VRM403"}]},{"@type":"WebSite","@id":"https:\/\/www.koonings.com\/de\/#website","url":"https:\/\/www.koonings.com\/de\/","name":"Koonings","description":"De grootste bruidsmodewinkel ter wereld","publisher":{"@id":"https:\/\/www.koonings.com\/de\/#organization"},"potentialAction":[{"@type":"SearchAction","target":{"@type":"EntryPoint","urlTemplate":"https:\/\/www.koonings.com\/de\/?s={search_term_string}"},"query-input":{"@type":"PropertyValueSpecification","valueRequired":true,"valueName":"search_term_string"}}],"inLanguage":"de"},{"@type":"Organization","@id":"https:\/\/www.koonings.com\/de\/#organization","name":"Koonings","url":"https:\/\/www.koonings.com\/de\/","logo":{"@type":"ImageObject","inLanguage":"de","@id":"https:\/\/www.koonings.com\/de\/#\/schema\/logo\/image\/","url":"https:\/\/www.koonings.com\/wp-content\/uploads\/2024\/07\/logo.png","contentUrl":"https:\/\/www.koonings.com\/wp-content\/uploads\/2024\/07\/logo.png","width":600,"height":428,"caption":"Koonings"},"image":{"@id":"https:\/\/www.koonings.com\/de\/#\/schema\/logo\/image\/"},"sameAs":["https:\/\/www.facebook.com\/kooningstheweddingpalace","https:\/\/www.instagram.com\/kooningstheweddingpalace","https:\/\/www.pinterest.com\/koonings","https:\/\/www.youtube.com\/kooningstheweddingpalace"]}]}},"_links":{"self":[{"href":"https:\/\/www.koonings.com\/de\/wp-json\/wp\/v2\/product\/80390","targetHints":{"allow":["GET"]}}],"collection":[{"href":"https:\/\/www.koonings.com\/de\/wp-json\/wp\/v2\/product"}],"about":[{"href":"https:\/\/www.koonings.com\/de\/wp-json\/wp\/v2\/types\/product"}],"wp:featuredmedia":[{"embeddable":true,"href":"https:\/\/www.koonings.com\/de\/wp-json\/wp\/v2\/media\/76510"}],"wp:attachment":[{"href":"https:\/\/www.koonings.com\/de\/wp-json\/wp\/v2\/media?parent=80390"}],"wp:term":[{"taxonomy":"productdetails","embeddable":true,"href":"https:\/\/www.koonings.com\/de\/wp-json\/wp\/v2\/productdetails?post=80390"},{"taxonomy":"productneck","embeddable":true,"href":"https:\/\/www.koonings.com\/de\/wp-json\/wp\/v2\/productneck?post=80390"},{"taxonomy":"productcolor","embeddable":true,"href":"https:\/\/www.koonings.com\/de\/wp-json\/wp\/v2\/productcolor?post=80390"},{"taxonomy":"maat","embeddable":true,"href":"https:\/\/www.koonings.com\/de\/wp-json\/wp\/v2\/maat?post=80390"},{"taxonomy":"productsupplier","embeddable":true,"href":"https:\/\/www.koonings.com\/de\/wp-json\/wp\/v2\/productsupplier?post=80390"},{"taxonomy":"productsleeve","embeddable":true,"href":"https:\/\/www.koonings.com\/de\/wp-json\/wp\/v2\/productsleeve?post=80390"},{"taxonomy":"productcategory","embeddable":true,"href":"https:\/\/www.koonings.com\/de\/wp-json\/wp\/v2\/productcategory?post=80390"},{"taxonomy":"productsilhouette","embeddable":true,"href":"https:\/\/www.koonings.com\/de\/wp-json\/wp\/v2\/productsilhouette?post=80390"},{"taxonomy":"productstyle","embeddable":true,"href":"https:\/\/www.koonings.com\/de\/wp-json\/wp\/v2\/productstyle?post=80390"}],"curies":[{"name":"wp","href":"https:\/\/api.w.org\/{rel}","templated":true}]}}