{"id":80355,"date":"2025-12-15T00:08:15","date_gmt":"2025-12-14T23:08:15","guid":{"rendered":"https:\/\/www.koonings.com\/product\/ramona-koonings-couture-kn2115-1-rising\/"},"modified":"2026-02-03T20:16:20","modified_gmt":"2026-02-03T19:16:20","slug":"ramona-koonings-couture-kn2115-1-rising","status":"publish","type":"product","link":"https:\/\/www.koonings.com\/de\/product\/ramona-koonings-couture-kn2115-1-rising\/","title":{"rendered":"Ramona Koonings Couture KN2115-1 Steigend"},"content":{"rendered":"<p>Die ungew\u00f6hnlichen Semi-Offshoulder-\u00c4rmel dieses einzigartigen Brautkleides von Ramona Koonings sind mit wundersch\u00f6nen 3D-Blumen besetzt. Die einzigartige Form des Mieders passt wunderbar dazu. Wie die \u00c4rmel, das Mieder und der Rock ist auch die lange Schleppe mit fr\u00f6hlichen und stilvollen Blumen verziert.  <\/p>\n","protected":false},"featured_media":76672,"template":"","meta":{"_acf_changed":false,"ghostkit_customizer_options":"","ghostkit_custom_css":"","ghostkit_custom_js_head":"","ghostkit_custom_js_foot":"","ghostkit_typography":""},"productdetails":[379],"productneck":[356],"productcolor":[392],"maat":[375],"productsupplier":[419],"productsleeve":[362],"productcategory":[18],"productsilhouette":[384],"productstyle":[366],"class_list":["post-80355","product","type-product","status-publish","has-post-thumbnail","hentry","productdetails-379","productneck-356","productcolor-392","maat-375","productsupplier-ramona-koonings-couture","productsleeve-362","productcategory-trouwjurken","productsilhouette-384","productstyle-366"],"acf":[],"yoast_head":"<!-- This site is optimized with the Yoast SEO plugin v27.3 - https:\/\/yoast.com\/product\/yoast-seo-wordpress\/ -->\n<title>Ramona Koonings Couture KN2115-1 Steigend | Koonings<\/title>\n<meta name=\"description\" content=\"Die ungew\u00f6hnlichen Semi-Offshoulder-\u00c4rmel dieses einzigartigen Brautkleides von Ramona Koonings sind mit wundersch\u00f6nen 3D-Blumen besetzt. Die einzigartige Form des Mieders passt wunderbar dazu. Wie die \u00c4rmel, das Mieder und der Rock ist auch die lange Schleppe mit fr\u00f6hlichen und stilvollen Blumen verziert.\" \/>\n<meta name=\"robots\" content=\"index, follow, max-snippet:-1, max-image-preview:large, max-video-preview:-1\" \/>\n<link rel=\"canonical\" href=\"https:\/\/www.koonings.com\/de\/product\/ramona-koonings-couture-kn2115-1-rising\/\" \/>\n<meta property=\"og:locale\" content=\"de_DE\" \/>\n<meta property=\"og:type\" content=\"article\" \/>\n<meta property=\"og:title\" content=\"Ramona Koonings Couture KN2115-1 Steigend | Koonings\" \/>\n<meta property=\"og:description\" content=\"Die ungew\u00f6hnlichen Semi-Offshoulder-\u00c4rmel dieses einzigartigen Brautkleides von Ramona Koonings sind mit wundersch\u00f6nen 3D-Blumen besetzt. Die einzigartige Form des Mieders passt wunderbar dazu. Wie die \u00c4rmel, das Mieder und der Rock ist auch die lange Schleppe mit fr\u00f6hlichen und stilvollen Blumen verziert.\" \/>\n<meta property=\"og:url\" content=\"https:\/\/www.koonings.com\/de\/product\/ramona-koonings-couture-kn2115-1-rising\/\" \/>\n<meta property=\"og:site_name\" content=\"Koonings\" \/>\n<meta property=\"article:publisher\" content=\"https:\/\/www.facebook.com\/kooningstheweddingpalace\" \/>\n<meta property=\"article:modified_time\" content=\"2026-02-03T19:16:20+00:00\" \/>\n<meta property=\"og:image\" content=\"https:\/\/www.koonings.com\/wp-content\/uploads\/2024\/11\/36211_3edad3f27e5cf47b69914eba349c2525cf9727d06757330e78839edfdc09181fb83adf0e.jpeg\" \/>\n\t<meta property=\"og:image:width\" content=\"1148\" \/>\n\t<meta property=\"og:image:height\" content=\"1618\" \/>\n\t<meta property=\"og:image:type\" content=\"image\/jpeg\" \/>\n<meta name=\"twitter:card\" content=\"summary_large_image\" \/>\n<script type=\"application\/ld+json\" class=\"yoast-schema-graph\">{\"@context\":\"https:\\\/\\\/schema.org\",\"@graph\":[{\"@type\":\"WebPage\",\"@id\":\"https:\\\/\\\/www.koonings.com\\\/de\\\/product\\\/ramona-koonings-couture-kn2115-1-rising\\\/\",\"url\":\"https:\\\/\\\/www.koonings.com\\\/de\\\/product\\\/ramona-koonings-couture-kn2115-1-rising\\\/\",\"name\":\"Ramona Koonings Couture KN2115-1 Steigend | Koonings\",\"isPartOf\":{\"@id\":\"https:\\\/\\\/www.koonings.com\\\/de\\\/#website\"},\"primaryImageOfPage\":{\"@id\":\"https:\\\/\\\/www.koonings.com\\\/de\\\/product\\\/ramona-koonings-couture-kn2115-1-rising\\\/#primaryimage\"},\"image\":{\"@id\":\"https:\\\/\\\/www.koonings.com\\\/de\\\/product\\\/ramona-koonings-couture-kn2115-1-rising\\\/#primaryimage\"},\"thumbnailUrl\":\"https:\\\/\\\/www.koonings.com\\\/wp-content\\\/uploads\\\/2024\\\/11\\\/36211_3edad3f27e5cf47b69914eba349c2525cf9727d06757330e78839edfdc09181fb83adf0e.jpeg\",\"datePublished\":\"2025-12-14T23:08:15+00:00\",\"dateModified\":\"2026-02-03T19:16:20+00:00\",\"description\":\"Die ungew\u00f6hnlichen Semi-Offshoulder-\u00c4rmel dieses einzigartigen Brautkleides von Ramona Koonings sind mit wundersch\u00f6nen 3D-Blumen besetzt. Die einzigartige Form des Mieders passt wunderbar dazu. Wie die \u00c4rmel, das Mieder und der Rock ist auch die lange Schleppe mit fr\u00f6hlichen und stilvollen Blumen verziert.\",\"breadcrumb\":{\"@id\":\"https:\\\/\\\/www.koonings.com\\\/de\\\/product\\\/ramona-koonings-couture-kn2115-1-rising\\\/#breadcrumb\"},\"inLanguage\":\"de\",\"potentialAction\":[{\"@type\":\"ReadAction\",\"target\":[\"https:\\\/\\\/www.koonings.com\\\/de\\\/product\\\/ramona-koonings-couture-kn2115-1-rising\\\/\"]}]},{\"@type\":\"ImageObject\",\"inLanguage\":\"de\",\"@id\":\"https:\\\/\\\/www.koonings.com\\\/de\\\/product\\\/ramona-koonings-couture-kn2115-1-rising\\\/#primaryimage\",\"url\":\"https:\\\/\\\/www.koonings.com\\\/wp-content\\\/uploads\\\/2024\\\/11\\\/36211_3edad3f27e5cf47b69914eba349c2525cf9727d06757330e78839edfdc09181fb83adf0e.jpeg\",\"contentUrl\":\"https:\\\/\\\/www.koonings.com\\\/wp-content\\\/uploads\\\/2024\\\/11\\\/36211_3edad3f27e5cf47b69914eba349c2525cf9727d06757330e78839edfdc09181fb83adf0e.jpeg\",\"width\":1148,\"height\":1618},{\"@type\":\"BreadcrumbList\",\"@id\":\"https:\\\/\\\/www.koonings.com\\\/de\\\/product\\\/ramona-koonings-couture-kn2115-1-rising\\\/#breadcrumb\",\"itemListElement\":[{\"@type\":\"ListItem\",\"position\":1,\"name\":\"Home\",\"item\":\"https:\\\/\\\/www.koonings.com\\\/de\\\/\"},{\"@type\":\"ListItem\",\"position\":2,\"name\":\"Ramona Koonings Couture KN2115-1 Steigend\"}]},{\"@type\":\"WebSite\",\"@id\":\"https:\\\/\\\/www.koonings.com\\\/de\\\/#website\",\"url\":\"https:\\\/\\\/www.koonings.com\\\/de\\\/\",\"name\":\"Koonings\",\"description\":\"De grootste bruidsmodewinkel ter wereld\",\"publisher\":{\"@id\":\"https:\\\/\\\/www.koonings.com\\\/de\\\/#organization\"},\"potentialAction\":[{\"@type\":\"SearchAction\",\"target\":{\"@type\":\"EntryPoint\",\"urlTemplate\":\"https:\\\/\\\/www.koonings.com\\\/de\\\/?s={search_term_string}\"},\"query-input\":{\"@type\":\"PropertyValueSpecification\",\"valueRequired\":true,\"valueName\":\"search_term_string\"}}],\"inLanguage\":\"de\"},{\"@type\":\"Organization\",\"@id\":\"https:\\\/\\\/www.koonings.com\\\/de\\\/#organization\",\"name\":\"Koonings\",\"url\":\"https:\\\/\\\/www.koonings.com\\\/de\\\/\",\"logo\":{\"@type\":\"ImageObject\",\"inLanguage\":\"de\",\"@id\":\"https:\\\/\\\/www.koonings.com\\\/de\\\/#\\\/schema\\\/logo\\\/image\\\/\",\"url\":\"https:\\\/\\\/www.koonings.com\\\/wp-content\\\/uploads\\\/2024\\\/07\\\/logo.png\",\"contentUrl\":\"https:\\\/\\\/www.koonings.com\\\/wp-content\\\/uploads\\\/2024\\\/07\\\/logo.png\",\"width\":600,\"height\":428,\"caption\":\"Koonings\"},\"image\":{\"@id\":\"https:\\\/\\\/www.koonings.com\\\/de\\\/#\\\/schema\\\/logo\\\/image\\\/\"},\"sameAs\":[\"https:\\\/\\\/www.facebook.com\\\/kooningstheweddingpalace\",\"https:\\\/\\\/www.instagram.com\\\/kooningstheweddingpalace\",\"https:\\\/\\\/www.pinterest.com\\\/koonings\",\"https:\\\/\\\/www.youtube.com\\\/kooningstheweddingpalace\"]}]}<\/script>\n<!-- \/ Yoast SEO plugin. -->","yoast_head_json":{"title":"Ramona Koonings Couture KN2115-1 Steigend | Koonings","description":"Die ungew\u00f6hnlichen Semi-Offshoulder-\u00c4rmel dieses einzigartigen Brautkleides von Ramona Koonings sind mit wundersch\u00f6nen 3D-Blumen besetzt. Die einzigartige Form des Mieders passt wunderbar dazu. Wie die \u00c4rmel, das Mieder und der Rock ist auch die lange Schleppe mit fr\u00f6hlichen und stilvollen Blumen verziert.","robots":{"index":"index","follow":"follow","max-snippet":"max-snippet:-1","max-image-preview":"max-image-preview:large","max-video-preview":"max-video-preview:-1"},"canonical":"https:\/\/www.koonings.com\/de\/product\/ramona-koonings-couture-kn2115-1-rising\/","og_locale":"de_DE","og_type":"article","og_title":"Ramona Koonings Couture KN2115-1 Steigend | Koonings","og_description":"Die ungew\u00f6hnlichen Semi-Offshoulder-\u00c4rmel dieses einzigartigen Brautkleides von Ramona Koonings sind mit wundersch\u00f6nen 3D-Blumen besetzt. Die einzigartige Form des Mieders passt wunderbar dazu. Wie die \u00c4rmel, das Mieder und der Rock ist auch die lange Schleppe mit fr\u00f6hlichen und stilvollen Blumen verziert.","og_url":"https:\/\/www.koonings.com\/de\/product\/ramona-koonings-couture-kn2115-1-rising\/","og_site_name":"Koonings","article_publisher":"https:\/\/www.facebook.com\/kooningstheweddingpalace","article_modified_time":"2026-02-03T19:16:20+00:00","og_image":[{"width":1148,"height":1618,"url":"https:\/\/www.koonings.com\/wp-content\/uploads\/2024\/11\/36211_3edad3f27e5cf47b69914eba349c2525cf9727d06757330e78839edfdc09181fb83adf0e.jpeg","type":"image\/jpeg"}],"twitter_card":"summary_large_image","schema":{"@context":"https:\/\/schema.org","@graph":[{"@type":"WebPage","@id":"https:\/\/www.koonings.com\/de\/product\/ramona-koonings-couture-kn2115-1-rising\/","url":"https:\/\/www.koonings.com\/de\/product\/ramona-koonings-couture-kn2115-1-rising\/","name":"Ramona Koonings Couture KN2115-1 Steigend | Koonings","isPartOf":{"@id":"https:\/\/www.koonings.com\/de\/#website"},"primaryImageOfPage":{"@id":"https:\/\/www.koonings.com\/de\/product\/ramona-koonings-couture-kn2115-1-rising\/#primaryimage"},"image":{"@id":"https:\/\/www.koonings.com\/de\/product\/ramona-koonings-couture-kn2115-1-rising\/#primaryimage"},"thumbnailUrl":"https:\/\/www.koonings.com\/wp-content\/uploads\/2024\/11\/36211_3edad3f27e5cf47b69914eba349c2525cf9727d06757330e78839edfdc09181fb83adf0e.jpeg","datePublished":"2025-12-14T23:08:15+00:00","dateModified":"2026-02-03T19:16:20+00:00","description":"Die ungew\u00f6hnlichen Semi-Offshoulder-\u00c4rmel dieses einzigartigen Brautkleides von Ramona Koonings sind mit wundersch\u00f6nen 3D-Blumen besetzt. Die einzigartige Form des Mieders passt wunderbar dazu. Wie die \u00c4rmel, das Mieder und der Rock ist auch die lange Schleppe mit fr\u00f6hlichen und stilvollen Blumen verziert.","breadcrumb":{"@id":"https:\/\/www.koonings.com\/de\/product\/ramona-koonings-couture-kn2115-1-rising\/#breadcrumb"},"inLanguage":"de","potentialAction":[{"@type":"ReadAction","target":["https:\/\/www.koonings.com\/de\/product\/ramona-koonings-couture-kn2115-1-rising\/"]}]},{"@type":"ImageObject","inLanguage":"de","@id":"https:\/\/www.koonings.com\/de\/product\/ramona-koonings-couture-kn2115-1-rising\/#primaryimage","url":"https:\/\/www.koonings.com\/wp-content\/uploads\/2024\/11\/36211_3edad3f27e5cf47b69914eba349c2525cf9727d06757330e78839edfdc09181fb83adf0e.jpeg","contentUrl":"https:\/\/www.koonings.com\/wp-content\/uploads\/2024\/11\/36211_3edad3f27e5cf47b69914eba349c2525cf9727d06757330e78839edfdc09181fb83adf0e.jpeg","width":1148,"height":1618},{"@type":"BreadcrumbList","@id":"https:\/\/www.koonings.com\/de\/product\/ramona-koonings-couture-kn2115-1-rising\/#breadcrumb","itemListElement":[{"@type":"ListItem","position":1,"name":"Home","item":"https:\/\/www.koonings.com\/de\/"},{"@type":"ListItem","position":2,"name":"Ramona Koonings Couture KN2115-1 Steigend"}]},{"@type":"WebSite","@id":"https:\/\/www.koonings.com\/de\/#website","url":"https:\/\/www.koonings.com\/de\/","name":"Koonings","description":"De grootste bruidsmodewinkel ter wereld","publisher":{"@id":"https:\/\/www.koonings.com\/de\/#organization"},"potentialAction":[{"@type":"SearchAction","target":{"@type":"EntryPoint","urlTemplate":"https:\/\/www.koonings.com\/de\/?s={search_term_string}"},"query-input":{"@type":"PropertyValueSpecification","valueRequired":true,"valueName":"search_term_string"}}],"inLanguage":"de"},{"@type":"Organization","@id":"https:\/\/www.koonings.com\/de\/#organization","name":"Koonings","url":"https:\/\/www.koonings.com\/de\/","logo":{"@type":"ImageObject","inLanguage":"de","@id":"https:\/\/www.koonings.com\/de\/#\/schema\/logo\/image\/","url":"https:\/\/www.koonings.com\/wp-content\/uploads\/2024\/07\/logo.png","contentUrl":"https:\/\/www.koonings.com\/wp-content\/uploads\/2024\/07\/logo.png","width":600,"height":428,"caption":"Koonings"},"image":{"@id":"https:\/\/www.koonings.com\/de\/#\/schema\/logo\/image\/"},"sameAs":["https:\/\/www.facebook.com\/kooningstheweddingpalace","https:\/\/www.instagram.com\/kooningstheweddingpalace","https:\/\/www.pinterest.com\/koonings","https:\/\/www.youtube.com\/kooningstheweddingpalace"]}]}},"_links":{"self":[{"href":"https:\/\/www.koonings.com\/de\/wp-json\/wp\/v2\/product\/80355","targetHints":{"allow":["GET"]}}],"collection":[{"href":"https:\/\/www.koonings.com\/de\/wp-json\/wp\/v2\/product"}],"about":[{"href":"https:\/\/www.koonings.com\/de\/wp-json\/wp\/v2\/types\/product"}],"wp:featuredmedia":[{"embeddable":true,"href":"https:\/\/www.koonings.com\/de\/wp-json\/wp\/v2\/media\/76672"}],"wp:attachment":[{"href":"https:\/\/www.koonings.com\/de\/wp-json\/wp\/v2\/media?parent=80355"}],"wp:term":[{"taxonomy":"productdetails","embeddable":true,"href":"https:\/\/www.koonings.com\/de\/wp-json\/wp\/v2\/productdetails?post=80355"},{"taxonomy":"productneck","embeddable":true,"href":"https:\/\/www.koonings.com\/de\/wp-json\/wp\/v2\/productneck?post=80355"},{"taxonomy":"productcolor","embeddable":true,"href":"https:\/\/www.koonings.com\/de\/wp-json\/wp\/v2\/productcolor?post=80355"},{"taxonomy":"maat","embeddable":true,"href":"https:\/\/www.koonings.com\/de\/wp-json\/wp\/v2\/maat?post=80355"},{"taxonomy":"productsupplier","embeddable":true,"href":"https:\/\/www.koonings.com\/de\/wp-json\/wp\/v2\/productsupplier?post=80355"},{"taxonomy":"productsleeve","embeddable":true,"href":"https:\/\/www.koonings.com\/de\/wp-json\/wp\/v2\/productsleeve?post=80355"},{"taxonomy":"productcategory","embeddable":true,"href":"https:\/\/www.koonings.com\/de\/wp-json\/wp\/v2\/productcategory?post=80355"},{"taxonomy":"productsilhouette","embeddable":true,"href":"https:\/\/www.koonings.com\/de\/wp-json\/wp\/v2\/productsilhouette?post=80355"},{"taxonomy":"productstyle","embeddable":true,"href":"https:\/\/www.koonings.com\/de\/wp-json\/wp\/v2\/productstyle?post=80355"}],"curies":[{"name":"wp","href":"https:\/\/api.w.org\/{rel}","templated":true}]}}