{"id":80347,"date":"2026-04-28T18:22:52","date_gmt":"2026-04-28T16:22:52","guid":{"rendered":"https:\/\/www.koonings.com\/product\/demetrios-by-you-pa107\/"},"modified":"2026-02-16T14:58:41","modified_gmt":"2026-02-16T13:58:41","slug":"demetrios-by-you-pa107","status":"publish","type":"product","link":"https:\/\/www.koonings.com\/de\/product\/demetrios-by-you-pa107\/","title":{"rendered":"Demetrios By You PA107"},"content":{"rendered":"<p>Hose mit weitem Bein aus Cr\u00eape. Kombinieren Sie die Hose mit einem beliebigen Body, um Ihr perfektes Ensemble f\u00fcr die Braut zu kreieren. Die abnehmbare Schleppe ist separat erh\u00e4ltlich. Abgebildet mit dem Mieder T233.   <\/p>\n","protected":false},"featured_media":74739,"template":"","meta":{"_acf_changed":false,"ghostkit_customizer_options":"","ghostkit_custom_css":"","ghostkit_custom_js_head":"","ghostkit_custom_js_foot":"","ghostkit_typography":""},"productdetails":[],"productneck":[],"productcolor":[392],"maat":[],"productsupplier":[467],"productsleeve":[],"productcategory":[18],"productsilhouette":[385],"productstyle":[369,365],"class_list":["post-80347","product","type-product","status-publish","has-post-thumbnail","hentry","productcolor-392","productsupplier-demetrios-by-you","productcategory-trouwjurken","productsilhouette-385","productstyle-369","productstyle-365"],"acf":[],"yoast_head":"<!-- This site is optimized with the Yoast SEO plugin v27.3 - https:\/\/yoast.com\/product\/yoast-seo-wordpress\/ -->\n<title>Demetrios By You PA107 | Koonings<\/title>\n<meta name=\"description\" content=\"Hose mit weitem Bein aus Cr\u00eape. Kombinieren Sie die Hose mit einem beliebigen Body, um Ihr perfektes Ensemble f\u00fcr die Braut zu kreieren. Die abnehmbare Schleppe ist separat erh\u00e4ltlich. Abgebildet mit dem Mieder T233.\" \/>\n<meta name=\"robots\" content=\"index, follow, max-snippet:-1, max-image-preview:large, max-video-preview:-1\" \/>\n<link rel=\"canonical\" href=\"https:\/\/www.koonings.com\/de\/product\/demetrios-by-you-pa107\/\" \/>\n<meta property=\"og:locale\" content=\"de_DE\" \/>\n<meta property=\"og:type\" content=\"article\" \/>\n<meta property=\"og:title\" content=\"Demetrios By You PA107 | Koonings\" \/>\n<meta property=\"og:description\" content=\"Hose mit weitem Bein aus Cr\u00eape. Kombinieren Sie die Hose mit einem beliebigen Body, um Ihr perfektes Ensemble f\u00fcr die Braut zu kreieren. Die abnehmbare Schleppe ist separat erh\u00e4ltlich. Abgebildet mit dem Mieder T233.\" \/>\n<meta property=\"og:url\" content=\"https:\/\/www.koonings.com\/de\/product\/demetrios-by-you-pa107\/\" \/>\n<meta property=\"og:site_name\" content=\"Koonings\" \/>\n<meta property=\"article:publisher\" content=\"https:\/\/www.facebook.com\/kooningstheweddingpalace\" \/>\n<meta property=\"og:image\" content=\"https:\/\/www.koonings.com\/wp-content\/uploads\/2024\/11\/40897_f79d12f62d2a8b29c7c1e2e0c59f41bbffecad3805c26bffd9774a0f3d084d6411da0f12-scaled.jpeg\" \/>\n\t<meta property=\"og:image:width\" content=\"1814\" \/>\n\t<meta property=\"og:image:height\" content=\"2560\" \/>\n\t<meta property=\"og:image:type\" content=\"image\/jpeg\" \/>\n<meta name=\"twitter:card\" content=\"summary_large_image\" \/>\n<script type=\"application\/ld+json\" class=\"yoast-schema-graph\">{\"@context\":\"https:\\\/\\\/schema.org\",\"@graph\":[{\"@type\":\"WebPage\",\"@id\":\"https:\\\/\\\/www.koonings.com\\\/de\\\/product\\\/demetrios-by-you-pa107\\\/\",\"url\":\"https:\\\/\\\/www.koonings.com\\\/de\\\/product\\\/demetrios-by-you-pa107\\\/\",\"name\":\"Demetrios By You PA107 | Koonings\",\"isPartOf\":{\"@id\":\"https:\\\/\\\/www.koonings.com\\\/de\\\/#website\"},\"primaryImageOfPage\":{\"@id\":\"https:\\\/\\\/www.koonings.com\\\/de\\\/product\\\/demetrios-by-you-pa107\\\/#primaryimage\"},\"image\":{\"@id\":\"https:\\\/\\\/www.koonings.com\\\/de\\\/product\\\/demetrios-by-you-pa107\\\/#primaryimage\"},\"thumbnailUrl\":\"https:\\\/\\\/www.koonings.com\\\/wp-content\\\/uploads\\\/2024\\\/11\\\/40897_f79d12f62d2a8b29c7c1e2e0c59f41bbffecad3805c26bffd9774a0f3d084d6411da0f12-scaled.jpeg\",\"datePublished\":\"2026-04-28T16:22:52+00:00\",\"description\":\"Hose mit weitem Bein aus Cr\u00eape. Kombinieren Sie die Hose mit einem beliebigen Body, um Ihr perfektes Ensemble f\u00fcr die Braut zu kreieren. Die abnehmbare Schleppe ist separat erh\u00e4ltlich. Abgebildet mit dem Mieder T233.\",\"breadcrumb\":{\"@id\":\"https:\\\/\\\/www.koonings.com\\\/de\\\/product\\\/demetrios-by-you-pa107\\\/#breadcrumb\"},\"inLanguage\":\"de\",\"potentialAction\":[{\"@type\":\"ReadAction\",\"target\":[\"https:\\\/\\\/www.koonings.com\\\/de\\\/product\\\/demetrios-by-you-pa107\\\/\"]}]},{\"@type\":\"ImageObject\",\"inLanguage\":\"de\",\"@id\":\"https:\\\/\\\/www.koonings.com\\\/de\\\/product\\\/demetrios-by-you-pa107\\\/#primaryimage\",\"url\":\"https:\\\/\\\/www.koonings.com\\\/wp-content\\\/uploads\\\/2024\\\/11\\\/40897_f79d12f62d2a8b29c7c1e2e0c59f41bbffecad3805c26bffd9774a0f3d084d6411da0f12-scaled.jpeg\",\"contentUrl\":\"https:\\\/\\\/www.koonings.com\\\/wp-content\\\/uploads\\\/2024\\\/11\\\/40897_f79d12f62d2a8b29c7c1e2e0c59f41bbffecad3805c26bffd9774a0f3d084d6411da0f12-scaled.jpeg\",\"width\":1814,\"height\":2560},{\"@type\":\"BreadcrumbList\",\"@id\":\"https:\\\/\\\/www.koonings.com\\\/de\\\/product\\\/demetrios-by-you-pa107\\\/#breadcrumb\",\"itemListElement\":[{\"@type\":\"ListItem\",\"position\":1,\"name\":\"Home\",\"item\":\"https:\\\/\\\/www.koonings.com\\\/de\\\/\"},{\"@type\":\"ListItem\",\"position\":2,\"name\":\"Demetrios By You PA107\"}]},{\"@type\":\"WebSite\",\"@id\":\"https:\\\/\\\/www.koonings.com\\\/de\\\/#website\",\"url\":\"https:\\\/\\\/www.koonings.com\\\/de\\\/\",\"name\":\"Koonings\",\"description\":\"De grootste bruidsmodewinkel ter wereld\",\"publisher\":{\"@id\":\"https:\\\/\\\/www.koonings.com\\\/de\\\/#organization\"},\"potentialAction\":[{\"@type\":\"SearchAction\",\"target\":{\"@type\":\"EntryPoint\",\"urlTemplate\":\"https:\\\/\\\/www.koonings.com\\\/de\\\/?s={search_term_string}\"},\"query-input\":{\"@type\":\"PropertyValueSpecification\",\"valueRequired\":true,\"valueName\":\"search_term_string\"}}],\"inLanguage\":\"de\"},{\"@type\":\"Organization\",\"@id\":\"https:\\\/\\\/www.koonings.com\\\/de\\\/#organization\",\"name\":\"Koonings\",\"url\":\"https:\\\/\\\/www.koonings.com\\\/de\\\/\",\"logo\":{\"@type\":\"ImageObject\",\"inLanguage\":\"de\",\"@id\":\"https:\\\/\\\/www.koonings.com\\\/de\\\/#\\\/schema\\\/logo\\\/image\\\/\",\"url\":\"https:\\\/\\\/www.koonings.com\\\/wp-content\\\/uploads\\\/2024\\\/07\\\/logo.png\",\"contentUrl\":\"https:\\\/\\\/www.koonings.com\\\/wp-content\\\/uploads\\\/2024\\\/07\\\/logo.png\",\"width\":600,\"height\":428,\"caption\":\"Koonings\"},\"image\":{\"@id\":\"https:\\\/\\\/www.koonings.com\\\/de\\\/#\\\/schema\\\/logo\\\/image\\\/\"},\"sameAs\":[\"https:\\\/\\\/www.facebook.com\\\/kooningstheweddingpalace\",\"https:\\\/\\\/www.instagram.com\\\/kooningstheweddingpalace\",\"https:\\\/\\\/www.pinterest.com\\\/koonings\",\"https:\\\/\\\/www.youtube.com\\\/kooningstheweddingpalace\"]}]}<\/script>\n<!-- \/ Yoast SEO plugin. -->","yoast_head_json":{"title":"Demetrios By You PA107 | Koonings","description":"Hose mit weitem Bein aus Cr\u00eape. Kombinieren Sie die Hose mit einem beliebigen Body, um Ihr perfektes Ensemble f\u00fcr die Braut zu kreieren. Die abnehmbare Schleppe ist separat erh\u00e4ltlich. Abgebildet mit dem Mieder T233.","robots":{"index":"index","follow":"follow","max-snippet":"max-snippet:-1","max-image-preview":"max-image-preview:large","max-video-preview":"max-video-preview:-1"},"canonical":"https:\/\/www.koonings.com\/de\/product\/demetrios-by-you-pa107\/","og_locale":"de_DE","og_type":"article","og_title":"Demetrios By You PA107 | Koonings","og_description":"Hose mit weitem Bein aus Cr\u00eape. Kombinieren Sie die Hose mit einem beliebigen Body, um Ihr perfektes Ensemble f\u00fcr die Braut zu kreieren. Die abnehmbare Schleppe ist separat erh\u00e4ltlich. Abgebildet mit dem Mieder T233.","og_url":"https:\/\/www.koonings.com\/de\/product\/demetrios-by-you-pa107\/","og_site_name":"Koonings","article_publisher":"https:\/\/www.facebook.com\/kooningstheweddingpalace","og_image":[{"width":1814,"height":2560,"url":"https:\/\/www.koonings.com\/wp-content\/uploads\/2024\/11\/40897_f79d12f62d2a8b29c7c1e2e0c59f41bbffecad3805c26bffd9774a0f3d084d6411da0f12-scaled.jpeg","type":"image\/jpeg"}],"twitter_card":"summary_large_image","schema":{"@context":"https:\/\/schema.org","@graph":[{"@type":"WebPage","@id":"https:\/\/www.koonings.com\/de\/product\/demetrios-by-you-pa107\/","url":"https:\/\/www.koonings.com\/de\/product\/demetrios-by-you-pa107\/","name":"Demetrios By You PA107 | Koonings","isPartOf":{"@id":"https:\/\/www.koonings.com\/de\/#website"},"primaryImageOfPage":{"@id":"https:\/\/www.koonings.com\/de\/product\/demetrios-by-you-pa107\/#primaryimage"},"image":{"@id":"https:\/\/www.koonings.com\/de\/product\/demetrios-by-you-pa107\/#primaryimage"},"thumbnailUrl":"https:\/\/www.koonings.com\/wp-content\/uploads\/2024\/11\/40897_f79d12f62d2a8b29c7c1e2e0c59f41bbffecad3805c26bffd9774a0f3d084d6411da0f12-scaled.jpeg","datePublished":"2026-04-28T16:22:52+00:00","description":"Hose mit weitem Bein aus Cr\u00eape. Kombinieren Sie die Hose mit einem beliebigen Body, um Ihr perfektes Ensemble f\u00fcr die Braut zu kreieren. Die abnehmbare Schleppe ist separat erh\u00e4ltlich. Abgebildet mit dem Mieder T233.","breadcrumb":{"@id":"https:\/\/www.koonings.com\/de\/product\/demetrios-by-you-pa107\/#breadcrumb"},"inLanguage":"de","potentialAction":[{"@type":"ReadAction","target":["https:\/\/www.koonings.com\/de\/product\/demetrios-by-you-pa107\/"]}]},{"@type":"ImageObject","inLanguage":"de","@id":"https:\/\/www.koonings.com\/de\/product\/demetrios-by-you-pa107\/#primaryimage","url":"https:\/\/www.koonings.com\/wp-content\/uploads\/2024\/11\/40897_f79d12f62d2a8b29c7c1e2e0c59f41bbffecad3805c26bffd9774a0f3d084d6411da0f12-scaled.jpeg","contentUrl":"https:\/\/www.koonings.com\/wp-content\/uploads\/2024\/11\/40897_f79d12f62d2a8b29c7c1e2e0c59f41bbffecad3805c26bffd9774a0f3d084d6411da0f12-scaled.jpeg","width":1814,"height":2560},{"@type":"BreadcrumbList","@id":"https:\/\/www.koonings.com\/de\/product\/demetrios-by-you-pa107\/#breadcrumb","itemListElement":[{"@type":"ListItem","position":1,"name":"Home","item":"https:\/\/www.koonings.com\/de\/"},{"@type":"ListItem","position":2,"name":"Demetrios By You PA107"}]},{"@type":"WebSite","@id":"https:\/\/www.koonings.com\/de\/#website","url":"https:\/\/www.koonings.com\/de\/","name":"Koonings","description":"De grootste bruidsmodewinkel ter wereld","publisher":{"@id":"https:\/\/www.koonings.com\/de\/#organization"},"potentialAction":[{"@type":"SearchAction","target":{"@type":"EntryPoint","urlTemplate":"https:\/\/www.koonings.com\/de\/?s={search_term_string}"},"query-input":{"@type":"PropertyValueSpecification","valueRequired":true,"valueName":"search_term_string"}}],"inLanguage":"de"},{"@type":"Organization","@id":"https:\/\/www.koonings.com\/de\/#organization","name":"Koonings","url":"https:\/\/www.koonings.com\/de\/","logo":{"@type":"ImageObject","inLanguage":"de","@id":"https:\/\/www.koonings.com\/de\/#\/schema\/logo\/image\/","url":"https:\/\/www.koonings.com\/wp-content\/uploads\/2024\/07\/logo.png","contentUrl":"https:\/\/www.koonings.com\/wp-content\/uploads\/2024\/07\/logo.png","width":600,"height":428,"caption":"Koonings"},"image":{"@id":"https:\/\/www.koonings.com\/de\/#\/schema\/logo\/image\/"},"sameAs":["https:\/\/www.facebook.com\/kooningstheweddingpalace","https:\/\/www.instagram.com\/kooningstheweddingpalace","https:\/\/www.pinterest.com\/koonings","https:\/\/www.youtube.com\/kooningstheweddingpalace"]}]}},"_links":{"self":[{"href":"https:\/\/www.koonings.com\/de\/wp-json\/wp\/v2\/product\/80347","targetHints":{"allow":["GET"]}}],"collection":[{"href":"https:\/\/www.koonings.com\/de\/wp-json\/wp\/v2\/product"}],"about":[{"href":"https:\/\/www.koonings.com\/de\/wp-json\/wp\/v2\/types\/product"}],"wp:featuredmedia":[{"embeddable":true,"href":"https:\/\/www.koonings.com\/de\/wp-json\/wp\/v2\/media\/74739"}],"wp:attachment":[{"href":"https:\/\/www.koonings.com\/de\/wp-json\/wp\/v2\/media?parent=80347"}],"wp:term":[{"taxonomy":"productdetails","embeddable":true,"href":"https:\/\/www.koonings.com\/de\/wp-json\/wp\/v2\/productdetails?post=80347"},{"taxonomy":"productneck","embeddable":true,"href":"https:\/\/www.koonings.com\/de\/wp-json\/wp\/v2\/productneck?post=80347"},{"taxonomy":"productcolor","embeddable":true,"href":"https:\/\/www.koonings.com\/de\/wp-json\/wp\/v2\/productcolor?post=80347"},{"taxonomy":"maat","embeddable":true,"href":"https:\/\/www.koonings.com\/de\/wp-json\/wp\/v2\/maat?post=80347"},{"taxonomy":"productsupplier","embeddable":true,"href":"https:\/\/www.koonings.com\/de\/wp-json\/wp\/v2\/productsupplier?post=80347"},{"taxonomy":"productsleeve","embeddable":true,"href":"https:\/\/www.koonings.com\/de\/wp-json\/wp\/v2\/productsleeve?post=80347"},{"taxonomy":"productcategory","embeddable":true,"href":"https:\/\/www.koonings.com\/de\/wp-json\/wp\/v2\/productcategory?post=80347"},{"taxonomy":"productsilhouette","embeddable":true,"href":"https:\/\/www.koonings.com\/de\/wp-json\/wp\/v2\/productsilhouette?post=80347"},{"taxonomy":"productstyle","embeddable":true,"href":"https:\/\/www.koonings.com\/de\/wp-json\/wp\/v2\/productstyle?post=80347"}],"curies":[{"name":"wp","href":"https:\/\/api.w.org\/{rel}","templated":true}]}}