{"id":80233,"date":"2026-05-06T15:18:08","date_gmt":"2026-05-06T13:18:08","guid":{"rendered":"https:\/\/www.koonings.com\/product\/modeca-deen\/"},"modified":"2025-06-05T13:52:30","modified_gmt":"2025-06-05T11:52:30","slug":"modeca-deen","status":"publish","type":"product","link":"https:\/\/www.koonings.com\/de\/product\/modeca-deen\/","title":{"rendered":"Modeca Deen"},"content":{"rendered":"<p>Nat\u00fcrlichkeit trifft auf g\u00f6ttliche Inspiration in diesem verbindenden Brautkleid Dane. Der bezaubernde V-Ausschnitt betont Ihr Dekollet\u00e9, w\u00e4hrend die schicken Kappen\u00e4rmel mit aufw\u00e4ndigen 3D-Blumenspitzendetails diesem Look einen Hauch von Romantik verleihen. Mit seinem offenen R\u00fccken und der abnehmbaren Schleppe bietet Dane Vielseitigkeit und Dramatik f\u00fcr einen wirklich unvergesslichen Tag. Dieses Kleid ist auch ohne die abnehmbare Schleppe erh\u00e4ltlich &#8211; Dane-D.   <\/p>\n","protected":false},"featured_media":75487,"template":"","meta":{"_acf_changed":false,"ghostkit_customizer_options":"","ghostkit_custom_css":"","ghostkit_custom_js_head":"","ghostkit_custom_js_foot":"","ghostkit_typography":""},"productdetails":[379,376],"productneck":[356],"productcolor":[393,392],"maat":[],"productsupplier":[434],"productsleeve":[359,361],"productcategory":[18],"productsilhouette":[389],"productstyle":[366],"class_list":["post-80233","product","type-product","status-publish","has-post-thumbnail","hentry","productdetails-379","productdetails-376","productneck-356","productcolor-393","productcolor-392","productsupplier-modeca","productsleeve-359","productsleeve-361","productcategory-trouwjurken","productsilhouette-389","productstyle-366"],"acf":[],"yoast_head":"<!-- This site is optimized with the Yoast SEO plugin v27.3 - https:\/\/yoast.com\/product\/yoast-seo-wordpress\/ -->\n<title>Modeca Deen | Koonings<\/title>\n<meta name=\"description\" content=\"Nat\u00fcrlichkeit trifft auf g\u00f6ttliche Inspiration in diesem verbindenden Brautkleid Dane. Der bezaubernde V-Ausschnitt betont Ihr Dekollet\u00e9, w\u00e4hrend die schicken Kappen\u00e4rmel mit aufw\u00e4ndigen 3D-Blumenspitzendetails diesem Look einen Hauch von Romantik verleihen. Mit seinem offenen R\u00fccken und der abnehmbaren Schleppe bietet Dane Vielseitigkeit und Dramatik f\u00fcr einen wirklich unvergesslichen Tag. Dieses Kleid ist auch ohne die abnehmbare Schleppe erh\u00e4ltlich - Dane-D.\" \/>\n<meta name=\"robots\" content=\"index, follow, max-snippet:-1, max-image-preview:large, max-video-preview:-1\" \/>\n<link rel=\"canonical\" href=\"https:\/\/www.koonings.com\/de\/product\/modeca-deen\/\" \/>\n<meta property=\"og:locale\" content=\"de_DE\" \/>\n<meta property=\"og:type\" content=\"article\" \/>\n<meta property=\"og:title\" content=\"Modeca Deen | Koonings\" \/>\n<meta property=\"og:description\" content=\"Nat\u00fcrlichkeit trifft auf g\u00f6ttliche Inspiration in diesem verbindenden Brautkleid Dane. Der bezaubernde V-Ausschnitt betont Ihr Dekollet\u00e9, w\u00e4hrend die schicken Kappen\u00e4rmel mit aufw\u00e4ndigen 3D-Blumenspitzendetails diesem Look einen Hauch von Romantik verleihen. Mit seinem offenen R\u00fccken und der abnehmbaren Schleppe bietet Dane Vielseitigkeit und Dramatik f\u00fcr einen wirklich unvergesslichen Tag. Dieses Kleid ist auch ohne die abnehmbare Schleppe erh\u00e4ltlich - Dane-D.\" \/>\n<meta property=\"og:url\" content=\"https:\/\/www.koonings.com\/de\/product\/modeca-deen\/\" \/>\n<meta property=\"og:site_name\" content=\"Koonings\" \/>\n<meta property=\"article:publisher\" content=\"https:\/\/www.facebook.com\/kooningstheweddingpalace\" \/>\n<meta property=\"og:image\" content=\"https:\/\/www.koonings.com\/wp-content\/uploads\/2024\/11\/40332_dfd90dfef85b50ec2b543f605b63878abf325523fb8d2814d431f9db0231aa7cf6baa4f7.jpeg\" \/>\n\t<meta property=\"og:image:width\" content=\"836\" \/>\n\t<meta property=\"og:image:height\" content=\"1183\" \/>\n\t<meta property=\"og:image:type\" content=\"image\/jpeg\" \/>\n<meta name=\"twitter:card\" content=\"summary_large_image\" \/>\n<script type=\"application\/ld+json\" class=\"yoast-schema-graph\">{\"@context\":\"https:\\\/\\\/schema.org\",\"@graph\":[{\"@type\":\"WebPage\",\"@id\":\"https:\\\/\\\/www.koonings.com\\\/de\\\/product\\\/modeca-deen\\\/\",\"url\":\"https:\\\/\\\/www.koonings.com\\\/de\\\/product\\\/modeca-deen\\\/\",\"name\":\"Modeca Deen | Koonings\",\"isPartOf\":{\"@id\":\"https:\\\/\\\/www.koonings.com\\\/de\\\/#website\"},\"primaryImageOfPage\":{\"@id\":\"https:\\\/\\\/www.koonings.com\\\/de\\\/product\\\/modeca-deen\\\/#primaryimage\"},\"image\":{\"@id\":\"https:\\\/\\\/www.koonings.com\\\/de\\\/product\\\/modeca-deen\\\/#primaryimage\"},\"thumbnailUrl\":\"https:\\\/\\\/www.koonings.com\\\/wp-content\\\/uploads\\\/2024\\\/11\\\/40332_dfd90dfef85b50ec2b543f605b63878abf325523fb8d2814d431f9db0231aa7cf6baa4f7.jpeg\",\"datePublished\":\"2026-05-06T13:18:08+00:00\",\"description\":\"Nat\u00fcrlichkeit trifft auf g\u00f6ttliche Inspiration in diesem verbindenden Brautkleid Dane. Der bezaubernde V-Ausschnitt betont Ihr Dekollet\u00e9, w\u00e4hrend die schicken Kappen\u00e4rmel mit aufw\u00e4ndigen 3D-Blumenspitzendetails diesem Look einen Hauch von Romantik verleihen. Mit seinem offenen R\u00fccken und der abnehmbaren Schleppe bietet Dane Vielseitigkeit und Dramatik f\u00fcr einen wirklich unvergesslichen Tag. Dieses Kleid ist auch ohne die abnehmbare Schleppe erh\u00e4ltlich - Dane-D.\",\"breadcrumb\":{\"@id\":\"https:\\\/\\\/www.koonings.com\\\/de\\\/product\\\/modeca-deen\\\/#breadcrumb\"},\"inLanguage\":\"de\",\"potentialAction\":[{\"@type\":\"ReadAction\",\"target\":[\"https:\\\/\\\/www.koonings.com\\\/de\\\/product\\\/modeca-deen\\\/\"]}]},{\"@type\":\"ImageObject\",\"inLanguage\":\"de\",\"@id\":\"https:\\\/\\\/www.koonings.com\\\/de\\\/product\\\/modeca-deen\\\/#primaryimage\",\"url\":\"https:\\\/\\\/www.koonings.com\\\/wp-content\\\/uploads\\\/2024\\\/11\\\/40332_dfd90dfef85b50ec2b543f605b63878abf325523fb8d2814d431f9db0231aa7cf6baa4f7.jpeg\",\"contentUrl\":\"https:\\\/\\\/www.koonings.com\\\/wp-content\\\/uploads\\\/2024\\\/11\\\/40332_dfd90dfef85b50ec2b543f605b63878abf325523fb8d2814d431f9db0231aa7cf6baa4f7.jpeg\",\"width\":836,\"height\":1183},{\"@type\":\"BreadcrumbList\",\"@id\":\"https:\\\/\\\/www.koonings.com\\\/de\\\/product\\\/modeca-deen\\\/#breadcrumb\",\"itemListElement\":[{\"@type\":\"ListItem\",\"position\":1,\"name\":\"Home\",\"item\":\"https:\\\/\\\/www.koonings.com\\\/de\\\/\"},{\"@type\":\"ListItem\",\"position\":2,\"name\":\"Modeca Deen\"}]},{\"@type\":\"WebSite\",\"@id\":\"https:\\\/\\\/www.koonings.com\\\/de\\\/#website\",\"url\":\"https:\\\/\\\/www.koonings.com\\\/de\\\/\",\"name\":\"Koonings\",\"description\":\"De grootste bruidsmodewinkel ter wereld\",\"publisher\":{\"@id\":\"https:\\\/\\\/www.koonings.com\\\/de\\\/#organization\"},\"potentialAction\":[{\"@type\":\"SearchAction\",\"target\":{\"@type\":\"EntryPoint\",\"urlTemplate\":\"https:\\\/\\\/www.koonings.com\\\/de\\\/?s={search_term_string}\"},\"query-input\":{\"@type\":\"PropertyValueSpecification\",\"valueRequired\":true,\"valueName\":\"search_term_string\"}}],\"inLanguage\":\"de\"},{\"@type\":\"Organization\",\"@id\":\"https:\\\/\\\/www.koonings.com\\\/de\\\/#organization\",\"name\":\"Koonings\",\"url\":\"https:\\\/\\\/www.koonings.com\\\/de\\\/\",\"logo\":{\"@type\":\"ImageObject\",\"inLanguage\":\"de\",\"@id\":\"https:\\\/\\\/www.koonings.com\\\/de\\\/#\\\/schema\\\/logo\\\/image\\\/\",\"url\":\"https:\\\/\\\/www.koonings.com\\\/wp-content\\\/uploads\\\/2024\\\/07\\\/logo.png\",\"contentUrl\":\"https:\\\/\\\/www.koonings.com\\\/wp-content\\\/uploads\\\/2024\\\/07\\\/logo.png\",\"width\":600,\"height\":428,\"caption\":\"Koonings\"},\"image\":{\"@id\":\"https:\\\/\\\/www.koonings.com\\\/de\\\/#\\\/schema\\\/logo\\\/image\\\/\"},\"sameAs\":[\"https:\\\/\\\/www.facebook.com\\\/kooningstheweddingpalace\",\"https:\\\/\\\/www.instagram.com\\\/kooningstheweddingpalace\",\"https:\\\/\\\/www.pinterest.com\\\/koonings\",\"https:\\\/\\\/www.youtube.com\\\/kooningstheweddingpalace\"]}]}<\/script>\n<!-- \/ Yoast SEO plugin. -->","yoast_head_json":{"title":"Modeca Deen | Koonings","description":"Nat\u00fcrlichkeit trifft auf g\u00f6ttliche Inspiration in diesem verbindenden Brautkleid Dane. Der bezaubernde V-Ausschnitt betont Ihr Dekollet\u00e9, w\u00e4hrend die schicken Kappen\u00e4rmel mit aufw\u00e4ndigen 3D-Blumenspitzendetails diesem Look einen Hauch von Romantik verleihen. Mit seinem offenen R\u00fccken und der abnehmbaren Schleppe bietet Dane Vielseitigkeit und Dramatik f\u00fcr einen wirklich unvergesslichen Tag. Dieses Kleid ist auch ohne die abnehmbare Schleppe erh\u00e4ltlich - Dane-D.","robots":{"index":"index","follow":"follow","max-snippet":"max-snippet:-1","max-image-preview":"max-image-preview:large","max-video-preview":"max-video-preview:-1"},"canonical":"https:\/\/www.koonings.com\/de\/product\/modeca-deen\/","og_locale":"de_DE","og_type":"article","og_title":"Modeca Deen | Koonings","og_description":"Nat\u00fcrlichkeit trifft auf g\u00f6ttliche Inspiration in diesem verbindenden Brautkleid Dane. Der bezaubernde V-Ausschnitt betont Ihr Dekollet\u00e9, w\u00e4hrend die schicken Kappen\u00e4rmel mit aufw\u00e4ndigen 3D-Blumenspitzendetails diesem Look einen Hauch von Romantik verleihen. Mit seinem offenen R\u00fccken und der abnehmbaren Schleppe bietet Dane Vielseitigkeit und Dramatik f\u00fcr einen wirklich unvergesslichen Tag. Dieses Kleid ist auch ohne die abnehmbare Schleppe erh\u00e4ltlich - Dane-D.","og_url":"https:\/\/www.koonings.com\/de\/product\/modeca-deen\/","og_site_name":"Koonings","article_publisher":"https:\/\/www.facebook.com\/kooningstheweddingpalace","og_image":[{"width":836,"height":1183,"url":"https:\/\/www.koonings.com\/wp-content\/uploads\/2024\/11\/40332_dfd90dfef85b50ec2b543f605b63878abf325523fb8d2814d431f9db0231aa7cf6baa4f7.jpeg","type":"image\/jpeg"}],"twitter_card":"summary_large_image","schema":{"@context":"https:\/\/schema.org","@graph":[{"@type":"WebPage","@id":"https:\/\/www.koonings.com\/de\/product\/modeca-deen\/","url":"https:\/\/www.koonings.com\/de\/product\/modeca-deen\/","name":"Modeca Deen | Koonings","isPartOf":{"@id":"https:\/\/www.koonings.com\/de\/#website"},"primaryImageOfPage":{"@id":"https:\/\/www.koonings.com\/de\/product\/modeca-deen\/#primaryimage"},"image":{"@id":"https:\/\/www.koonings.com\/de\/product\/modeca-deen\/#primaryimage"},"thumbnailUrl":"https:\/\/www.koonings.com\/wp-content\/uploads\/2024\/11\/40332_dfd90dfef85b50ec2b543f605b63878abf325523fb8d2814d431f9db0231aa7cf6baa4f7.jpeg","datePublished":"2026-05-06T13:18:08+00:00","description":"Nat\u00fcrlichkeit trifft auf g\u00f6ttliche Inspiration in diesem verbindenden Brautkleid Dane. Der bezaubernde V-Ausschnitt betont Ihr Dekollet\u00e9, w\u00e4hrend die schicken Kappen\u00e4rmel mit aufw\u00e4ndigen 3D-Blumenspitzendetails diesem Look einen Hauch von Romantik verleihen. Mit seinem offenen R\u00fccken und der abnehmbaren Schleppe bietet Dane Vielseitigkeit und Dramatik f\u00fcr einen wirklich unvergesslichen Tag. Dieses Kleid ist auch ohne die abnehmbare Schleppe erh\u00e4ltlich - Dane-D.","breadcrumb":{"@id":"https:\/\/www.koonings.com\/de\/product\/modeca-deen\/#breadcrumb"},"inLanguage":"de","potentialAction":[{"@type":"ReadAction","target":["https:\/\/www.koonings.com\/de\/product\/modeca-deen\/"]}]},{"@type":"ImageObject","inLanguage":"de","@id":"https:\/\/www.koonings.com\/de\/product\/modeca-deen\/#primaryimage","url":"https:\/\/www.koonings.com\/wp-content\/uploads\/2024\/11\/40332_dfd90dfef85b50ec2b543f605b63878abf325523fb8d2814d431f9db0231aa7cf6baa4f7.jpeg","contentUrl":"https:\/\/www.koonings.com\/wp-content\/uploads\/2024\/11\/40332_dfd90dfef85b50ec2b543f605b63878abf325523fb8d2814d431f9db0231aa7cf6baa4f7.jpeg","width":836,"height":1183},{"@type":"BreadcrumbList","@id":"https:\/\/www.koonings.com\/de\/product\/modeca-deen\/#breadcrumb","itemListElement":[{"@type":"ListItem","position":1,"name":"Home","item":"https:\/\/www.koonings.com\/de\/"},{"@type":"ListItem","position":2,"name":"Modeca Deen"}]},{"@type":"WebSite","@id":"https:\/\/www.koonings.com\/de\/#website","url":"https:\/\/www.koonings.com\/de\/","name":"Koonings","description":"De grootste bruidsmodewinkel ter wereld","publisher":{"@id":"https:\/\/www.koonings.com\/de\/#organization"},"potentialAction":[{"@type":"SearchAction","target":{"@type":"EntryPoint","urlTemplate":"https:\/\/www.koonings.com\/de\/?s={search_term_string}"},"query-input":{"@type":"PropertyValueSpecification","valueRequired":true,"valueName":"search_term_string"}}],"inLanguage":"de"},{"@type":"Organization","@id":"https:\/\/www.koonings.com\/de\/#organization","name":"Koonings","url":"https:\/\/www.koonings.com\/de\/","logo":{"@type":"ImageObject","inLanguage":"de","@id":"https:\/\/www.koonings.com\/de\/#\/schema\/logo\/image\/","url":"https:\/\/www.koonings.com\/wp-content\/uploads\/2024\/07\/logo.png","contentUrl":"https:\/\/www.koonings.com\/wp-content\/uploads\/2024\/07\/logo.png","width":600,"height":428,"caption":"Koonings"},"image":{"@id":"https:\/\/www.koonings.com\/de\/#\/schema\/logo\/image\/"},"sameAs":["https:\/\/www.facebook.com\/kooningstheweddingpalace","https:\/\/www.instagram.com\/kooningstheweddingpalace","https:\/\/www.pinterest.com\/koonings","https:\/\/www.youtube.com\/kooningstheweddingpalace"]}]}},"_links":{"self":[{"href":"https:\/\/www.koonings.com\/de\/wp-json\/wp\/v2\/product\/80233","targetHints":{"allow":["GET"]}}],"collection":[{"href":"https:\/\/www.koonings.com\/de\/wp-json\/wp\/v2\/product"}],"about":[{"href":"https:\/\/www.koonings.com\/de\/wp-json\/wp\/v2\/types\/product"}],"wp:featuredmedia":[{"embeddable":true,"href":"https:\/\/www.koonings.com\/de\/wp-json\/wp\/v2\/media\/75487"}],"wp:attachment":[{"href":"https:\/\/www.koonings.com\/de\/wp-json\/wp\/v2\/media?parent=80233"}],"wp:term":[{"taxonomy":"productdetails","embeddable":true,"href":"https:\/\/www.koonings.com\/de\/wp-json\/wp\/v2\/productdetails?post=80233"},{"taxonomy":"productneck","embeddable":true,"href":"https:\/\/www.koonings.com\/de\/wp-json\/wp\/v2\/productneck?post=80233"},{"taxonomy":"productcolor","embeddable":true,"href":"https:\/\/www.koonings.com\/de\/wp-json\/wp\/v2\/productcolor?post=80233"},{"taxonomy":"maat","embeddable":true,"href":"https:\/\/www.koonings.com\/de\/wp-json\/wp\/v2\/maat?post=80233"},{"taxonomy":"productsupplier","embeddable":true,"href":"https:\/\/www.koonings.com\/de\/wp-json\/wp\/v2\/productsupplier?post=80233"},{"taxonomy":"productsleeve","embeddable":true,"href":"https:\/\/www.koonings.com\/de\/wp-json\/wp\/v2\/productsleeve?post=80233"},{"taxonomy":"productcategory","embeddable":true,"href":"https:\/\/www.koonings.com\/de\/wp-json\/wp\/v2\/productcategory?post=80233"},{"taxonomy":"productsilhouette","embeddable":true,"href":"https:\/\/www.koonings.com\/de\/wp-json\/wp\/v2\/productsilhouette?post=80233"},{"taxonomy":"productstyle","embeddable":true,"href":"https:\/\/www.koonings.com\/de\/wp-json\/wp\/v2\/productstyle?post=80233"}],"curies":[{"name":"wp","href":"https:\/\/api.w.org\/{rel}","templated":true}]}}