{"id":80189,"date":"2026-04-28T18:18:04","date_gmt":"2026-04-28T16:18:04","guid":{"rendered":"https:\/\/www.koonings.com\/product\/modeca-dottie\/"},"modified":"2025-06-05T13:52:56","modified_gmt":"2025-06-05T11:52:56","slug":"modeca-dottie","status":"publish","type":"product","link":"https:\/\/www.koonings.com\/de\/product\/modeca-dottie\/","title":{"rendered":"Modeca Dottie"},"content":{"rendered":"<p>Dottie, ein bezauberndes Mikado-Ballkleid f\u00fcr eine moderne Prinzessin. Zarte Illusionsausschnitte an den Seiten schaffen eine bezaubernde Silhouette, w\u00e4hrend ein k\u00fchner Schlitz am Rock f\u00fcr m\u00fchelose Bewegung und einen Hauch von Drama sorgt. Dieses Kleid ist mit wundersch\u00f6ner Perlenspitze verziert, die sorgf\u00e4ltig auf dem Mieder und den Ausschnitten platziert wurde. Das subtile Schl\u00fcsselloch im R\u00fccken verst\u00e4rkt den Charme dieses Looks und harmoniert wunderbar mit den abnehmbaren \u00c4rmeln in zarter Blumenform. Dieses Kleid ist auch ohne die abnehmbaren \u00c4rmel erh\u00e4ltlich &#8211; Dottie-D.    <\/p>\n","protected":false},"featured_media":75800,"template":"","meta":{"_acf_changed":false,"ghostkit_customizer_options":"","ghostkit_custom_css":"","ghostkit_custom_js_head":"","ghostkit_custom_js_foot":"","ghostkit_typography":""},"productdetails":[376,378],"productneck":[356],"productcolor":[393,392],"maat":[],"productsupplier":[434],"productsleeve":[359],"productcategory":[18],"productsilhouette":[388],"productstyle":[372,366],"class_list":["post-80189","product","type-product","status-publish","has-post-thumbnail","hentry","productdetails-376","productdetails-378","productneck-356","productcolor-393","productcolor-392","productsupplier-modeca","productsleeve-359","productcategory-trouwjurken","productsilhouette-388","productstyle-372","productstyle-366"],"acf":[],"yoast_head":"<!-- This site is optimized with the Yoast SEO plugin v27.3 - https:\/\/yoast.com\/product\/yoast-seo-wordpress\/ -->\n<title>Modeca Dottie | Koonings<\/title>\n<meta name=\"description\" content=\"Dottie, ein bezauberndes Mikado-Ballkleid f\u00fcr eine moderne Prinzessin. Zarte Illusionsausschnitte an den Seiten schaffen eine bezaubernde Silhouette, w\u00e4hrend ein k\u00fchner Schlitz am Rock f\u00fcr m\u00fchelose Bewegung und einen Hauch von Drama sorgt. Dieses Kleid ist mit wundersch\u00f6ner Perlenspitze verziert, die sorgf\u00e4ltig auf dem Mieder und den Ausschnitten platziert wurde. Das subtile Schl\u00fcsselloch im R\u00fccken verst\u00e4rkt den Charme dieses Looks und harmoniert wunderbar mit den abnehmbaren \u00c4rmeln in zarter Blumenform. Dieses Kleid ist auch ohne die abnehmbaren \u00c4rmel erh\u00e4ltlich - Dottie-D.\" \/>\n<meta name=\"robots\" content=\"index, follow, max-snippet:-1, max-image-preview:large, max-video-preview:-1\" \/>\n<link rel=\"canonical\" href=\"https:\/\/www.koonings.com\/de\/product\/modeca-dottie\/\" \/>\n<meta property=\"og:locale\" content=\"de_DE\" \/>\n<meta property=\"og:type\" content=\"article\" \/>\n<meta property=\"og:title\" content=\"Modeca Dottie | Koonings\" \/>\n<meta property=\"og:description\" content=\"Dottie, ein bezauberndes Mikado-Ballkleid f\u00fcr eine moderne Prinzessin. Zarte Illusionsausschnitte an den Seiten schaffen eine bezaubernde Silhouette, w\u00e4hrend ein k\u00fchner Schlitz am Rock f\u00fcr m\u00fchelose Bewegung und einen Hauch von Drama sorgt. Dieses Kleid ist mit wundersch\u00f6ner Perlenspitze verziert, die sorgf\u00e4ltig auf dem Mieder und den Ausschnitten platziert wurde. Das subtile Schl\u00fcsselloch im R\u00fccken verst\u00e4rkt den Charme dieses Looks und harmoniert wunderbar mit den abnehmbaren \u00c4rmeln in zarter Blumenform. Dieses Kleid ist auch ohne die abnehmbaren \u00c4rmel erh\u00e4ltlich - Dottie-D.\" \/>\n<meta property=\"og:url\" content=\"https:\/\/www.koonings.com\/de\/product\/modeca-dottie\/\" \/>\n<meta property=\"og:site_name\" content=\"Koonings\" \/>\n<meta property=\"article:publisher\" content=\"https:\/\/www.facebook.com\/kooningstheweddingpalace\" \/>\n<meta property=\"og:image\" content=\"https:\/\/www.koonings.com\/wp-content\/uploads\/2024\/11\/40365_2817f73ec089474fdbb8e1ea29267abbb1b17260c01721388de0d18164babf3e57c5e12a.jpeg\" \/>\n\t<meta property=\"og:image:width\" content=\"829\" \/>\n\t<meta property=\"og:image:height\" content=\"1171\" \/>\n\t<meta property=\"og:image:type\" content=\"image\/jpeg\" \/>\n<meta name=\"twitter:card\" content=\"summary_large_image\" \/>\n<script type=\"application\/ld+json\" class=\"yoast-schema-graph\">{\"@context\":\"https:\\\/\\\/schema.org\",\"@graph\":[{\"@type\":\"WebPage\",\"@id\":\"https:\\\/\\\/www.koonings.com\\\/de\\\/product\\\/modeca-dottie\\\/\",\"url\":\"https:\\\/\\\/www.koonings.com\\\/de\\\/product\\\/modeca-dottie\\\/\",\"name\":\"Modeca Dottie | Koonings\",\"isPartOf\":{\"@id\":\"https:\\\/\\\/www.koonings.com\\\/de\\\/#website\"},\"primaryImageOfPage\":{\"@id\":\"https:\\\/\\\/www.koonings.com\\\/de\\\/product\\\/modeca-dottie\\\/#primaryimage\"},\"image\":{\"@id\":\"https:\\\/\\\/www.koonings.com\\\/de\\\/product\\\/modeca-dottie\\\/#primaryimage\"},\"thumbnailUrl\":\"https:\\\/\\\/www.koonings.com\\\/wp-content\\\/uploads\\\/2024\\\/11\\\/40365_2817f73ec089474fdbb8e1ea29267abbb1b17260c01721388de0d18164babf3e57c5e12a.jpeg\",\"datePublished\":\"2026-04-28T16:18:04+00:00\",\"description\":\"Dottie, ein bezauberndes Mikado-Ballkleid f\u00fcr eine moderne Prinzessin. Zarte Illusionsausschnitte an den Seiten schaffen eine bezaubernde Silhouette, w\u00e4hrend ein k\u00fchner Schlitz am Rock f\u00fcr m\u00fchelose Bewegung und einen Hauch von Drama sorgt. Dieses Kleid ist mit wundersch\u00f6ner Perlenspitze verziert, die sorgf\u00e4ltig auf dem Mieder und den Ausschnitten platziert wurde. Das subtile Schl\u00fcsselloch im R\u00fccken verst\u00e4rkt den Charme dieses Looks und harmoniert wunderbar mit den abnehmbaren \u00c4rmeln in zarter Blumenform. Dieses Kleid ist auch ohne die abnehmbaren \u00c4rmel erh\u00e4ltlich - Dottie-D.\",\"breadcrumb\":{\"@id\":\"https:\\\/\\\/www.koonings.com\\\/de\\\/product\\\/modeca-dottie\\\/#breadcrumb\"},\"inLanguage\":\"de\",\"potentialAction\":[{\"@type\":\"ReadAction\",\"target\":[\"https:\\\/\\\/www.koonings.com\\\/de\\\/product\\\/modeca-dottie\\\/\"]}]},{\"@type\":\"ImageObject\",\"inLanguage\":\"de\",\"@id\":\"https:\\\/\\\/www.koonings.com\\\/de\\\/product\\\/modeca-dottie\\\/#primaryimage\",\"url\":\"https:\\\/\\\/www.koonings.com\\\/wp-content\\\/uploads\\\/2024\\\/11\\\/40365_2817f73ec089474fdbb8e1ea29267abbb1b17260c01721388de0d18164babf3e57c5e12a.jpeg\",\"contentUrl\":\"https:\\\/\\\/www.koonings.com\\\/wp-content\\\/uploads\\\/2024\\\/11\\\/40365_2817f73ec089474fdbb8e1ea29267abbb1b17260c01721388de0d18164babf3e57c5e12a.jpeg\",\"width\":829,\"height\":1171},{\"@type\":\"BreadcrumbList\",\"@id\":\"https:\\\/\\\/www.koonings.com\\\/de\\\/product\\\/modeca-dottie\\\/#breadcrumb\",\"itemListElement\":[{\"@type\":\"ListItem\",\"position\":1,\"name\":\"Home\",\"item\":\"https:\\\/\\\/www.koonings.com\\\/de\\\/\"},{\"@type\":\"ListItem\",\"position\":2,\"name\":\"Modeca Dottie\"}]},{\"@type\":\"WebSite\",\"@id\":\"https:\\\/\\\/www.koonings.com\\\/de\\\/#website\",\"url\":\"https:\\\/\\\/www.koonings.com\\\/de\\\/\",\"name\":\"Koonings\",\"description\":\"De grootste bruidsmodewinkel ter wereld\",\"publisher\":{\"@id\":\"https:\\\/\\\/www.koonings.com\\\/de\\\/#organization\"},\"potentialAction\":[{\"@type\":\"SearchAction\",\"target\":{\"@type\":\"EntryPoint\",\"urlTemplate\":\"https:\\\/\\\/www.koonings.com\\\/de\\\/?s={search_term_string}\"},\"query-input\":{\"@type\":\"PropertyValueSpecification\",\"valueRequired\":true,\"valueName\":\"search_term_string\"}}],\"inLanguage\":\"de\"},{\"@type\":\"Organization\",\"@id\":\"https:\\\/\\\/www.koonings.com\\\/de\\\/#organization\",\"name\":\"Koonings\",\"url\":\"https:\\\/\\\/www.koonings.com\\\/de\\\/\",\"logo\":{\"@type\":\"ImageObject\",\"inLanguage\":\"de\",\"@id\":\"https:\\\/\\\/www.koonings.com\\\/de\\\/#\\\/schema\\\/logo\\\/image\\\/\",\"url\":\"https:\\\/\\\/www.koonings.com\\\/wp-content\\\/uploads\\\/2024\\\/07\\\/logo.png\",\"contentUrl\":\"https:\\\/\\\/www.koonings.com\\\/wp-content\\\/uploads\\\/2024\\\/07\\\/logo.png\",\"width\":600,\"height\":428,\"caption\":\"Koonings\"},\"image\":{\"@id\":\"https:\\\/\\\/www.koonings.com\\\/de\\\/#\\\/schema\\\/logo\\\/image\\\/\"},\"sameAs\":[\"https:\\\/\\\/www.facebook.com\\\/kooningstheweddingpalace\",\"https:\\\/\\\/www.instagram.com\\\/kooningstheweddingpalace\",\"https:\\\/\\\/www.pinterest.com\\\/koonings\",\"https:\\\/\\\/www.youtube.com\\\/kooningstheweddingpalace\"]}]}<\/script>\n<!-- \/ Yoast SEO plugin. -->","yoast_head_json":{"title":"Modeca Dottie | Koonings","description":"Dottie, ein bezauberndes Mikado-Ballkleid f\u00fcr eine moderne Prinzessin. Zarte Illusionsausschnitte an den Seiten schaffen eine bezaubernde Silhouette, w\u00e4hrend ein k\u00fchner Schlitz am Rock f\u00fcr m\u00fchelose Bewegung und einen Hauch von Drama sorgt. Dieses Kleid ist mit wundersch\u00f6ner Perlenspitze verziert, die sorgf\u00e4ltig auf dem Mieder und den Ausschnitten platziert wurde. Das subtile Schl\u00fcsselloch im R\u00fccken verst\u00e4rkt den Charme dieses Looks und harmoniert wunderbar mit den abnehmbaren \u00c4rmeln in zarter Blumenform. Dieses Kleid ist auch ohne die abnehmbaren \u00c4rmel erh\u00e4ltlich - Dottie-D.","robots":{"index":"index","follow":"follow","max-snippet":"max-snippet:-1","max-image-preview":"max-image-preview:large","max-video-preview":"max-video-preview:-1"},"canonical":"https:\/\/www.koonings.com\/de\/product\/modeca-dottie\/","og_locale":"de_DE","og_type":"article","og_title":"Modeca Dottie | Koonings","og_description":"Dottie, ein bezauberndes Mikado-Ballkleid f\u00fcr eine moderne Prinzessin. Zarte Illusionsausschnitte an den Seiten schaffen eine bezaubernde Silhouette, w\u00e4hrend ein k\u00fchner Schlitz am Rock f\u00fcr m\u00fchelose Bewegung und einen Hauch von Drama sorgt. Dieses Kleid ist mit wundersch\u00f6ner Perlenspitze verziert, die sorgf\u00e4ltig auf dem Mieder und den Ausschnitten platziert wurde. Das subtile Schl\u00fcsselloch im R\u00fccken verst\u00e4rkt den Charme dieses Looks und harmoniert wunderbar mit den abnehmbaren \u00c4rmeln in zarter Blumenform. Dieses Kleid ist auch ohne die abnehmbaren \u00c4rmel erh\u00e4ltlich - Dottie-D.","og_url":"https:\/\/www.koonings.com\/de\/product\/modeca-dottie\/","og_site_name":"Koonings","article_publisher":"https:\/\/www.facebook.com\/kooningstheweddingpalace","og_image":[{"width":829,"height":1171,"url":"https:\/\/www.koonings.com\/wp-content\/uploads\/2024\/11\/40365_2817f73ec089474fdbb8e1ea29267abbb1b17260c01721388de0d18164babf3e57c5e12a.jpeg","type":"image\/jpeg"}],"twitter_card":"summary_large_image","schema":{"@context":"https:\/\/schema.org","@graph":[{"@type":"WebPage","@id":"https:\/\/www.koonings.com\/de\/product\/modeca-dottie\/","url":"https:\/\/www.koonings.com\/de\/product\/modeca-dottie\/","name":"Modeca Dottie | Koonings","isPartOf":{"@id":"https:\/\/www.koonings.com\/de\/#website"},"primaryImageOfPage":{"@id":"https:\/\/www.koonings.com\/de\/product\/modeca-dottie\/#primaryimage"},"image":{"@id":"https:\/\/www.koonings.com\/de\/product\/modeca-dottie\/#primaryimage"},"thumbnailUrl":"https:\/\/www.koonings.com\/wp-content\/uploads\/2024\/11\/40365_2817f73ec089474fdbb8e1ea29267abbb1b17260c01721388de0d18164babf3e57c5e12a.jpeg","datePublished":"2026-04-28T16:18:04+00:00","description":"Dottie, ein bezauberndes Mikado-Ballkleid f\u00fcr eine moderne Prinzessin. Zarte Illusionsausschnitte an den Seiten schaffen eine bezaubernde Silhouette, w\u00e4hrend ein k\u00fchner Schlitz am Rock f\u00fcr m\u00fchelose Bewegung und einen Hauch von Drama sorgt. Dieses Kleid ist mit wundersch\u00f6ner Perlenspitze verziert, die sorgf\u00e4ltig auf dem Mieder und den Ausschnitten platziert wurde. Das subtile Schl\u00fcsselloch im R\u00fccken verst\u00e4rkt den Charme dieses Looks und harmoniert wunderbar mit den abnehmbaren \u00c4rmeln in zarter Blumenform. Dieses Kleid ist auch ohne die abnehmbaren \u00c4rmel erh\u00e4ltlich - Dottie-D.","breadcrumb":{"@id":"https:\/\/www.koonings.com\/de\/product\/modeca-dottie\/#breadcrumb"},"inLanguage":"de","potentialAction":[{"@type":"ReadAction","target":["https:\/\/www.koonings.com\/de\/product\/modeca-dottie\/"]}]},{"@type":"ImageObject","inLanguage":"de","@id":"https:\/\/www.koonings.com\/de\/product\/modeca-dottie\/#primaryimage","url":"https:\/\/www.koonings.com\/wp-content\/uploads\/2024\/11\/40365_2817f73ec089474fdbb8e1ea29267abbb1b17260c01721388de0d18164babf3e57c5e12a.jpeg","contentUrl":"https:\/\/www.koonings.com\/wp-content\/uploads\/2024\/11\/40365_2817f73ec089474fdbb8e1ea29267abbb1b17260c01721388de0d18164babf3e57c5e12a.jpeg","width":829,"height":1171},{"@type":"BreadcrumbList","@id":"https:\/\/www.koonings.com\/de\/product\/modeca-dottie\/#breadcrumb","itemListElement":[{"@type":"ListItem","position":1,"name":"Home","item":"https:\/\/www.koonings.com\/de\/"},{"@type":"ListItem","position":2,"name":"Modeca Dottie"}]},{"@type":"WebSite","@id":"https:\/\/www.koonings.com\/de\/#website","url":"https:\/\/www.koonings.com\/de\/","name":"Koonings","description":"De grootste bruidsmodewinkel ter wereld","publisher":{"@id":"https:\/\/www.koonings.com\/de\/#organization"},"potentialAction":[{"@type":"SearchAction","target":{"@type":"EntryPoint","urlTemplate":"https:\/\/www.koonings.com\/de\/?s={search_term_string}"},"query-input":{"@type":"PropertyValueSpecification","valueRequired":true,"valueName":"search_term_string"}}],"inLanguage":"de"},{"@type":"Organization","@id":"https:\/\/www.koonings.com\/de\/#organization","name":"Koonings","url":"https:\/\/www.koonings.com\/de\/","logo":{"@type":"ImageObject","inLanguage":"de","@id":"https:\/\/www.koonings.com\/de\/#\/schema\/logo\/image\/","url":"https:\/\/www.koonings.com\/wp-content\/uploads\/2024\/07\/logo.png","contentUrl":"https:\/\/www.koonings.com\/wp-content\/uploads\/2024\/07\/logo.png","width":600,"height":428,"caption":"Koonings"},"image":{"@id":"https:\/\/www.koonings.com\/de\/#\/schema\/logo\/image\/"},"sameAs":["https:\/\/www.facebook.com\/kooningstheweddingpalace","https:\/\/www.instagram.com\/kooningstheweddingpalace","https:\/\/www.pinterest.com\/koonings","https:\/\/www.youtube.com\/kooningstheweddingpalace"]}]}},"_links":{"self":[{"href":"https:\/\/www.koonings.com\/de\/wp-json\/wp\/v2\/product\/80189","targetHints":{"allow":["GET"]}}],"collection":[{"href":"https:\/\/www.koonings.com\/de\/wp-json\/wp\/v2\/product"}],"about":[{"href":"https:\/\/www.koonings.com\/de\/wp-json\/wp\/v2\/types\/product"}],"wp:featuredmedia":[{"embeddable":true,"href":"https:\/\/www.koonings.com\/de\/wp-json\/wp\/v2\/media\/75800"}],"wp:attachment":[{"href":"https:\/\/www.koonings.com\/de\/wp-json\/wp\/v2\/media?parent=80189"}],"wp:term":[{"taxonomy":"productdetails","embeddable":true,"href":"https:\/\/www.koonings.com\/de\/wp-json\/wp\/v2\/productdetails?post=80189"},{"taxonomy":"productneck","embeddable":true,"href":"https:\/\/www.koonings.com\/de\/wp-json\/wp\/v2\/productneck?post=80189"},{"taxonomy":"productcolor","embeddable":true,"href":"https:\/\/www.koonings.com\/de\/wp-json\/wp\/v2\/productcolor?post=80189"},{"taxonomy":"maat","embeddable":true,"href":"https:\/\/www.koonings.com\/de\/wp-json\/wp\/v2\/maat?post=80189"},{"taxonomy":"productsupplier","embeddable":true,"href":"https:\/\/www.koonings.com\/de\/wp-json\/wp\/v2\/productsupplier?post=80189"},{"taxonomy":"productsleeve","embeddable":true,"href":"https:\/\/www.koonings.com\/de\/wp-json\/wp\/v2\/productsleeve?post=80189"},{"taxonomy":"productcategory","embeddable":true,"href":"https:\/\/www.koonings.com\/de\/wp-json\/wp\/v2\/productcategory?post=80189"},{"taxonomy":"productsilhouette","embeddable":true,"href":"https:\/\/www.koonings.com\/de\/wp-json\/wp\/v2\/productsilhouette?post=80189"},{"taxonomy":"productstyle","embeddable":true,"href":"https:\/\/www.koonings.com\/de\/wp-json\/wp\/v2\/productstyle?post=80189"}],"curies":[{"name":"wp","href":"https:\/\/api.w.org\/{rel}","templated":true}]}}