{"id":80169,"date":"2026-04-14T16:18:47","date_gmt":"2026-04-14T14:18:47","guid":{"rendered":"https:\/\/www.koonings.com\/product\/le-papillon-by-modeca-earth\/"},"modified":"2025-06-05T13:53:03","modified_gmt":"2025-06-05T11:53:03","slug":"le-papillon-by-modeca-earth","status":"publish","type":"product","link":"https:\/\/www.koonings.com\/de\/product\/le-papillon-by-modeca-earth\/","title":{"rendered":"Le Papillon by Modeca Earth"},"content":{"rendered":"<p>Earth ist ein schmeichelhaftes Fit &amp; Flare Kleid, das durch seinen \u00e4therischen Charme besticht. Das Kleid ist aus glitzerndem T\u00fcll gefertigt und mit aufw\u00e4ndiger Spitze und schimmernden Pailletten besetzt, die sowohl das Mieder als auch den Rock zieren. Der Illusionsausschnitt bildet eine anmutige V-Form, die sich in der eleganten V-R\u00fcckseite widerspiegelt und diesem auff\u00e4lligen Design eine elegante Note verleiht.  <\/p>\n","protected":false},"featured_media":75881,"template":"","meta":{"_acf_changed":false,"ghostkit_customizer_options":"","ghostkit_custom_css":"","ghostkit_custom_js_head":"","ghostkit_custom_js_foot":"","ghostkit_typography":""},"productdetails":[376,381],"productneck":[356],"productcolor":[393,392],"maat":[],"productsupplier":[411],"productsleeve":[359],"productcategory":[18],"productsilhouette":[387],"productstyle":[366,370],"class_list":["post-80169","product","type-product","status-publish","has-post-thumbnail","hentry","productdetails-376","productdetails-381","productneck-356","productcolor-393","productcolor-392","productsupplier-le-papillon-by-modeca","productsleeve-359","productcategory-trouwjurken","productsilhouette-387","productstyle-366","productstyle-370"],"acf":[],"yoast_head":"<!-- This site is optimized with the Yoast SEO plugin v27.3 - https:\/\/yoast.com\/product\/yoast-seo-wordpress\/ -->\n<title>Le Papillon by Modeca Earth | Koonings<\/title>\n<meta name=\"description\" content=\"Earth ist ein schmeichelhaftes Fit &amp; Flare Kleid, das durch seinen \u00e4therischen Charme besticht. Das Kleid ist aus glitzerndem T\u00fcll gefertigt und mit aufw\u00e4ndiger Spitze und schimmernden Pailletten besetzt, die sowohl das Mieder als auch den Rock zieren. Der Illusionsausschnitt bildet eine anmutige V-Form, die sich in der eleganten V-R\u00fcckseite widerspiegelt und diesem auff\u00e4lligen Design eine elegante Note verleiht.\" \/>\n<meta name=\"robots\" content=\"index, follow, max-snippet:-1, max-image-preview:large, max-video-preview:-1\" \/>\n<link rel=\"canonical\" href=\"https:\/\/www.koonings.com\/de\/product\/le-papillon-by-modeca-earth\/\" \/>\n<meta property=\"og:locale\" content=\"de_DE\" \/>\n<meta property=\"og:type\" content=\"article\" \/>\n<meta property=\"og:title\" content=\"Le Papillon by Modeca Earth | Koonings\" \/>\n<meta property=\"og:description\" content=\"Earth ist ein schmeichelhaftes Fit &amp; Flare Kleid, das durch seinen \u00e4therischen Charme besticht. Das Kleid ist aus glitzerndem T\u00fcll gefertigt und mit aufw\u00e4ndiger Spitze und schimmernden Pailletten besetzt, die sowohl das Mieder als auch den Rock zieren. Der Illusionsausschnitt bildet eine anmutige V-Form, die sich in der eleganten V-R\u00fcckseite widerspiegelt und diesem auff\u00e4lligen Design eine elegante Note verleiht.\" \/>\n<meta property=\"og:url\" content=\"https:\/\/www.koonings.com\/de\/product\/le-papillon-by-modeca-earth\/\" \/>\n<meta property=\"og:site_name\" content=\"Koonings\" \/>\n<meta property=\"article:publisher\" content=\"https:\/\/www.facebook.com\/kooningstheweddingpalace\" \/>\n<meta property=\"og:image\" content=\"https:\/\/www.koonings.com\/wp-content\/uploads\/2024\/11\/40390_2cec97d1640da77ce0043da4904549349526a2d1eebfae3e07a3c6f1a60479cc01694b78.jpeg\" \/>\n\t<meta property=\"og:image:width\" content=\"715\" \/>\n\t<meta property=\"og:image:height\" content=\"1011\" \/>\n\t<meta property=\"og:image:type\" content=\"image\/jpeg\" \/>\n<meta name=\"twitter:card\" content=\"summary_large_image\" \/>\n<script type=\"application\/ld+json\" class=\"yoast-schema-graph\">{\"@context\":\"https:\\\/\\\/schema.org\",\"@graph\":[{\"@type\":\"WebPage\",\"@id\":\"https:\\\/\\\/www.koonings.com\\\/de\\\/product\\\/le-papillon-by-modeca-earth\\\/\",\"url\":\"https:\\\/\\\/www.koonings.com\\\/de\\\/product\\\/le-papillon-by-modeca-earth\\\/\",\"name\":\"Le Papillon by Modeca Earth | Koonings\",\"isPartOf\":{\"@id\":\"https:\\\/\\\/www.koonings.com\\\/de\\\/#website\"},\"primaryImageOfPage\":{\"@id\":\"https:\\\/\\\/www.koonings.com\\\/de\\\/product\\\/le-papillon-by-modeca-earth\\\/#primaryimage\"},\"image\":{\"@id\":\"https:\\\/\\\/www.koonings.com\\\/de\\\/product\\\/le-papillon-by-modeca-earth\\\/#primaryimage\"},\"thumbnailUrl\":\"https:\\\/\\\/www.koonings.com\\\/wp-content\\\/uploads\\\/2024\\\/11\\\/40390_2cec97d1640da77ce0043da4904549349526a2d1eebfae3e07a3c6f1a60479cc01694b78.jpeg\",\"datePublished\":\"2026-04-14T14:18:47+00:00\",\"description\":\"Earth ist ein schmeichelhaftes Fit & Flare Kleid, das durch seinen \u00e4therischen Charme besticht. Das Kleid ist aus glitzerndem T\u00fcll gefertigt und mit aufw\u00e4ndiger Spitze und schimmernden Pailletten besetzt, die sowohl das Mieder als auch den Rock zieren. Der Illusionsausschnitt bildet eine anmutige V-Form, die sich in der eleganten V-R\u00fcckseite widerspiegelt und diesem auff\u00e4lligen Design eine elegante Note verleiht.\",\"breadcrumb\":{\"@id\":\"https:\\\/\\\/www.koonings.com\\\/de\\\/product\\\/le-papillon-by-modeca-earth\\\/#breadcrumb\"},\"inLanguage\":\"de\",\"potentialAction\":[{\"@type\":\"ReadAction\",\"target\":[\"https:\\\/\\\/www.koonings.com\\\/de\\\/product\\\/le-papillon-by-modeca-earth\\\/\"]}]},{\"@type\":\"ImageObject\",\"inLanguage\":\"de\",\"@id\":\"https:\\\/\\\/www.koonings.com\\\/de\\\/product\\\/le-papillon-by-modeca-earth\\\/#primaryimage\",\"url\":\"https:\\\/\\\/www.koonings.com\\\/wp-content\\\/uploads\\\/2024\\\/11\\\/40390_2cec97d1640da77ce0043da4904549349526a2d1eebfae3e07a3c6f1a60479cc01694b78.jpeg\",\"contentUrl\":\"https:\\\/\\\/www.koonings.com\\\/wp-content\\\/uploads\\\/2024\\\/11\\\/40390_2cec97d1640da77ce0043da4904549349526a2d1eebfae3e07a3c6f1a60479cc01694b78.jpeg\",\"width\":715,\"height\":1011},{\"@type\":\"BreadcrumbList\",\"@id\":\"https:\\\/\\\/www.koonings.com\\\/de\\\/product\\\/le-papillon-by-modeca-earth\\\/#breadcrumb\",\"itemListElement\":[{\"@type\":\"ListItem\",\"position\":1,\"name\":\"Home\",\"item\":\"https:\\\/\\\/www.koonings.com\\\/de\\\/\"},{\"@type\":\"ListItem\",\"position\":2,\"name\":\"Le Papillon by Modeca Earth\"}]},{\"@type\":\"WebSite\",\"@id\":\"https:\\\/\\\/www.koonings.com\\\/de\\\/#website\",\"url\":\"https:\\\/\\\/www.koonings.com\\\/de\\\/\",\"name\":\"Koonings\",\"description\":\"De grootste bruidsmodewinkel ter wereld\",\"publisher\":{\"@id\":\"https:\\\/\\\/www.koonings.com\\\/de\\\/#organization\"},\"potentialAction\":[{\"@type\":\"SearchAction\",\"target\":{\"@type\":\"EntryPoint\",\"urlTemplate\":\"https:\\\/\\\/www.koonings.com\\\/de\\\/?s={search_term_string}\"},\"query-input\":{\"@type\":\"PropertyValueSpecification\",\"valueRequired\":true,\"valueName\":\"search_term_string\"}}],\"inLanguage\":\"de\"},{\"@type\":\"Organization\",\"@id\":\"https:\\\/\\\/www.koonings.com\\\/de\\\/#organization\",\"name\":\"Koonings\",\"url\":\"https:\\\/\\\/www.koonings.com\\\/de\\\/\",\"logo\":{\"@type\":\"ImageObject\",\"inLanguage\":\"de\",\"@id\":\"https:\\\/\\\/www.koonings.com\\\/de\\\/#\\\/schema\\\/logo\\\/image\\\/\",\"url\":\"https:\\\/\\\/www.koonings.com\\\/wp-content\\\/uploads\\\/2024\\\/07\\\/logo.png\",\"contentUrl\":\"https:\\\/\\\/www.koonings.com\\\/wp-content\\\/uploads\\\/2024\\\/07\\\/logo.png\",\"width\":600,\"height\":428,\"caption\":\"Koonings\"},\"image\":{\"@id\":\"https:\\\/\\\/www.koonings.com\\\/de\\\/#\\\/schema\\\/logo\\\/image\\\/\"},\"sameAs\":[\"https:\\\/\\\/www.facebook.com\\\/kooningstheweddingpalace\",\"https:\\\/\\\/www.instagram.com\\\/kooningstheweddingpalace\",\"https:\\\/\\\/www.pinterest.com\\\/koonings\",\"https:\\\/\\\/www.youtube.com\\\/kooningstheweddingpalace\"]}]}<\/script>\n<!-- \/ Yoast SEO plugin. -->","yoast_head_json":{"title":"Le Papillon by Modeca Earth | Koonings","description":"Earth ist ein schmeichelhaftes Fit & Flare Kleid, das durch seinen \u00e4therischen Charme besticht. Das Kleid ist aus glitzerndem T\u00fcll gefertigt und mit aufw\u00e4ndiger Spitze und schimmernden Pailletten besetzt, die sowohl das Mieder als auch den Rock zieren. Der Illusionsausschnitt bildet eine anmutige V-Form, die sich in der eleganten V-R\u00fcckseite widerspiegelt und diesem auff\u00e4lligen Design eine elegante Note verleiht.","robots":{"index":"index","follow":"follow","max-snippet":"max-snippet:-1","max-image-preview":"max-image-preview:large","max-video-preview":"max-video-preview:-1"},"canonical":"https:\/\/www.koonings.com\/de\/product\/le-papillon-by-modeca-earth\/","og_locale":"de_DE","og_type":"article","og_title":"Le Papillon by Modeca Earth | Koonings","og_description":"Earth ist ein schmeichelhaftes Fit & Flare Kleid, das durch seinen \u00e4therischen Charme besticht. Das Kleid ist aus glitzerndem T\u00fcll gefertigt und mit aufw\u00e4ndiger Spitze und schimmernden Pailletten besetzt, die sowohl das Mieder als auch den Rock zieren. Der Illusionsausschnitt bildet eine anmutige V-Form, die sich in der eleganten V-R\u00fcckseite widerspiegelt und diesem auff\u00e4lligen Design eine elegante Note verleiht.","og_url":"https:\/\/www.koonings.com\/de\/product\/le-papillon-by-modeca-earth\/","og_site_name":"Koonings","article_publisher":"https:\/\/www.facebook.com\/kooningstheweddingpalace","og_image":[{"width":715,"height":1011,"url":"https:\/\/www.koonings.com\/wp-content\/uploads\/2024\/11\/40390_2cec97d1640da77ce0043da4904549349526a2d1eebfae3e07a3c6f1a60479cc01694b78.jpeg","type":"image\/jpeg"}],"twitter_card":"summary_large_image","schema":{"@context":"https:\/\/schema.org","@graph":[{"@type":"WebPage","@id":"https:\/\/www.koonings.com\/de\/product\/le-papillon-by-modeca-earth\/","url":"https:\/\/www.koonings.com\/de\/product\/le-papillon-by-modeca-earth\/","name":"Le Papillon by Modeca Earth | Koonings","isPartOf":{"@id":"https:\/\/www.koonings.com\/de\/#website"},"primaryImageOfPage":{"@id":"https:\/\/www.koonings.com\/de\/product\/le-papillon-by-modeca-earth\/#primaryimage"},"image":{"@id":"https:\/\/www.koonings.com\/de\/product\/le-papillon-by-modeca-earth\/#primaryimage"},"thumbnailUrl":"https:\/\/www.koonings.com\/wp-content\/uploads\/2024\/11\/40390_2cec97d1640da77ce0043da4904549349526a2d1eebfae3e07a3c6f1a60479cc01694b78.jpeg","datePublished":"2026-04-14T14:18:47+00:00","description":"Earth ist ein schmeichelhaftes Fit & Flare Kleid, das durch seinen \u00e4therischen Charme besticht. Das Kleid ist aus glitzerndem T\u00fcll gefertigt und mit aufw\u00e4ndiger Spitze und schimmernden Pailletten besetzt, die sowohl das Mieder als auch den Rock zieren. Der Illusionsausschnitt bildet eine anmutige V-Form, die sich in der eleganten V-R\u00fcckseite widerspiegelt und diesem auff\u00e4lligen Design eine elegante Note verleiht.","breadcrumb":{"@id":"https:\/\/www.koonings.com\/de\/product\/le-papillon-by-modeca-earth\/#breadcrumb"},"inLanguage":"de","potentialAction":[{"@type":"ReadAction","target":["https:\/\/www.koonings.com\/de\/product\/le-papillon-by-modeca-earth\/"]}]},{"@type":"ImageObject","inLanguage":"de","@id":"https:\/\/www.koonings.com\/de\/product\/le-papillon-by-modeca-earth\/#primaryimage","url":"https:\/\/www.koonings.com\/wp-content\/uploads\/2024\/11\/40390_2cec97d1640da77ce0043da4904549349526a2d1eebfae3e07a3c6f1a60479cc01694b78.jpeg","contentUrl":"https:\/\/www.koonings.com\/wp-content\/uploads\/2024\/11\/40390_2cec97d1640da77ce0043da4904549349526a2d1eebfae3e07a3c6f1a60479cc01694b78.jpeg","width":715,"height":1011},{"@type":"BreadcrumbList","@id":"https:\/\/www.koonings.com\/de\/product\/le-papillon-by-modeca-earth\/#breadcrumb","itemListElement":[{"@type":"ListItem","position":1,"name":"Home","item":"https:\/\/www.koonings.com\/de\/"},{"@type":"ListItem","position":2,"name":"Le Papillon by Modeca Earth"}]},{"@type":"WebSite","@id":"https:\/\/www.koonings.com\/de\/#website","url":"https:\/\/www.koonings.com\/de\/","name":"Koonings","description":"De grootste bruidsmodewinkel ter wereld","publisher":{"@id":"https:\/\/www.koonings.com\/de\/#organization"},"potentialAction":[{"@type":"SearchAction","target":{"@type":"EntryPoint","urlTemplate":"https:\/\/www.koonings.com\/de\/?s={search_term_string}"},"query-input":{"@type":"PropertyValueSpecification","valueRequired":true,"valueName":"search_term_string"}}],"inLanguage":"de"},{"@type":"Organization","@id":"https:\/\/www.koonings.com\/de\/#organization","name":"Koonings","url":"https:\/\/www.koonings.com\/de\/","logo":{"@type":"ImageObject","inLanguage":"de","@id":"https:\/\/www.koonings.com\/de\/#\/schema\/logo\/image\/","url":"https:\/\/www.koonings.com\/wp-content\/uploads\/2024\/07\/logo.png","contentUrl":"https:\/\/www.koonings.com\/wp-content\/uploads\/2024\/07\/logo.png","width":600,"height":428,"caption":"Koonings"},"image":{"@id":"https:\/\/www.koonings.com\/de\/#\/schema\/logo\/image\/"},"sameAs":["https:\/\/www.facebook.com\/kooningstheweddingpalace","https:\/\/www.instagram.com\/kooningstheweddingpalace","https:\/\/www.pinterest.com\/koonings","https:\/\/www.youtube.com\/kooningstheweddingpalace"]}]}},"_links":{"self":[{"href":"https:\/\/www.koonings.com\/de\/wp-json\/wp\/v2\/product\/80169","targetHints":{"allow":["GET"]}}],"collection":[{"href":"https:\/\/www.koonings.com\/de\/wp-json\/wp\/v2\/product"}],"about":[{"href":"https:\/\/www.koonings.com\/de\/wp-json\/wp\/v2\/types\/product"}],"wp:featuredmedia":[{"embeddable":true,"href":"https:\/\/www.koonings.com\/de\/wp-json\/wp\/v2\/media\/75881"}],"wp:attachment":[{"href":"https:\/\/www.koonings.com\/de\/wp-json\/wp\/v2\/media?parent=80169"}],"wp:term":[{"taxonomy":"productdetails","embeddable":true,"href":"https:\/\/www.koonings.com\/de\/wp-json\/wp\/v2\/productdetails?post=80169"},{"taxonomy":"productneck","embeddable":true,"href":"https:\/\/www.koonings.com\/de\/wp-json\/wp\/v2\/productneck?post=80169"},{"taxonomy":"productcolor","embeddable":true,"href":"https:\/\/www.koonings.com\/de\/wp-json\/wp\/v2\/productcolor?post=80169"},{"taxonomy":"maat","embeddable":true,"href":"https:\/\/www.koonings.com\/de\/wp-json\/wp\/v2\/maat?post=80169"},{"taxonomy":"productsupplier","embeddable":true,"href":"https:\/\/www.koonings.com\/de\/wp-json\/wp\/v2\/productsupplier?post=80169"},{"taxonomy":"productsleeve","embeddable":true,"href":"https:\/\/www.koonings.com\/de\/wp-json\/wp\/v2\/productsleeve?post=80169"},{"taxonomy":"productcategory","embeddable":true,"href":"https:\/\/www.koonings.com\/de\/wp-json\/wp\/v2\/productcategory?post=80169"},{"taxonomy":"productsilhouette","embeddable":true,"href":"https:\/\/www.koonings.com\/de\/wp-json\/wp\/v2\/productsilhouette?post=80169"},{"taxonomy":"productstyle","embeddable":true,"href":"https:\/\/www.koonings.com\/de\/wp-json\/wp\/v2\/productstyle?post=80169"}],"curies":[{"name":"wp","href":"https:\/\/api.w.org\/{rel}","templated":true}]}}