{"id":80156,"date":"2025-12-15T00:06:04","date_gmt":"2025-12-14T23:06:04","guid":{"rendered":"https:\/\/www.koonings.com\/product\/tarik-ediz-93430-tr\/"},"modified":"2026-02-03T20:13:15","modified_gmt":"2026-02-03T19:13:15","slug":"tarik-ediz-93430-tr","status":"publish","type":"product","link":"https:\/\/www.koonings.com\/de\/product\/tarik-ediz-93430-tr\/","title":{"rendered":"Tarik Ediz 93430 + TR"},"content":{"rendered":"<p>Dieses Abendkleid von Tarik Ediz hat eine wundersch\u00f6ne rote Farbe. Das Kleid hat einen sch\u00f6nen Illusionsausschnitt mit schulterfreien Tr\u00e4gern. Das Kleid f\u00e4llt wundersch\u00f6n gerade bis zum Boden. F\u00fcr den zus\u00e4tzlichen Wow-Effekt ist das Kleid mit einem \u00dcberrock aus wundersch\u00f6ner roter Spitze versehen. Das Kleid hat eine kleine Schleppe und ist die perfekte Passe, wenn Sie bei einer Gala, einer Premiere oder einer anderen Veranstaltung mit rotem Teppich im Rampenlicht stehen m\u00f6chten.    <\/p>\n","protected":false},"featured_media":75969,"template":"","meta":{"_acf_changed":false,"ghostkit_customizer_options":"","ghostkit_custom_css":"","ghostkit_custom_js_head":"","ghostkit_custom_js_foot":"","ghostkit_typography":""},"productdetails":[],"productneck":[],"productcolor":[394],"maat":[],"productsupplier":[472],"productsleeve":[],"productcategory":[259],"productsilhouette":[],"productstyle":[],"class_list":["post-80156","product","type-product","status-publish","has-post-thumbnail","hentry","productcolor-394","productsupplier-tarik-ediz","productcategory-avondkleding"],"acf":[],"yoast_head":"<!-- This site is optimized with the Yoast SEO plugin v27.3 - https:\/\/yoast.com\/product\/yoast-seo-wordpress\/ -->\n<title>Tarik Ediz 93430 + TR | Koonings<\/title>\n<meta name=\"description\" content=\"Dieses Abendkleid von Tarik Ediz hat eine wundersch\u00f6ne rote Farbe. Das Kleid hat einen sch\u00f6nen Illusionsausschnitt mit schulterfreien Tr\u00e4gern. Das Kleid f\u00e4llt wundersch\u00f6n gerade bis zum Boden. F\u00fcr den zus\u00e4tzlichen Wow-Effekt ist das Kleid mit einem \u00dcberrock aus wundersch\u00f6ner roter Spitze versehen. Das Kleid hat eine kleine Schleppe und ist die perfekte Passe, wenn Sie bei einer Gala, einer Premiere oder einer anderen Veranstaltung mit rotem Teppich im Rampenlicht stehen m\u00f6chten.\" \/>\n<meta name=\"robots\" content=\"index, follow, max-snippet:-1, max-image-preview:large, max-video-preview:-1\" \/>\n<link rel=\"canonical\" href=\"https:\/\/www.koonings.com\/de\/product\/tarik-ediz-93430-tr\/\" \/>\n<meta property=\"og:locale\" content=\"de_DE\" \/>\n<meta property=\"og:type\" content=\"article\" \/>\n<meta property=\"og:title\" content=\"Tarik Ediz 93430 + TR | Koonings\" \/>\n<meta property=\"og:description\" content=\"Dieses Abendkleid von Tarik Ediz hat eine wundersch\u00f6ne rote Farbe. Das Kleid hat einen sch\u00f6nen Illusionsausschnitt mit schulterfreien Tr\u00e4gern. Das Kleid f\u00e4llt wundersch\u00f6n gerade bis zum Boden. F\u00fcr den zus\u00e4tzlichen Wow-Effekt ist das Kleid mit einem \u00dcberrock aus wundersch\u00f6ner roter Spitze versehen. Das Kleid hat eine kleine Schleppe und ist die perfekte Passe, wenn Sie bei einer Gala, einer Premiere oder einer anderen Veranstaltung mit rotem Teppich im Rampenlicht stehen m\u00f6chten.\" \/>\n<meta property=\"og:url\" content=\"https:\/\/www.koonings.com\/de\/product\/tarik-ediz-93430-tr\/\" \/>\n<meta property=\"og:site_name\" content=\"Koonings\" \/>\n<meta property=\"article:publisher\" content=\"https:\/\/www.facebook.com\/kooningstheweddingpalace\" \/>\n<meta property=\"article:modified_time\" content=\"2026-02-03T19:13:15+00:00\" \/>\n<meta property=\"og:image\" content=\"https:\/\/www.koonings.com\/wp-content\/uploads\/2024\/11\/20660_a261c9eb9157241b75ca2ddb1a08da47a66fb94a314a418c875d63b2c8c599e41730cbf2-scaled.jpeg\" \/>\n\t<meta property=\"og:image:width\" content=\"1810\" \/>\n\t<meta property=\"og:image:height\" content=\"2560\" \/>\n\t<meta property=\"og:image:type\" content=\"image\/jpeg\" \/>\n<meta name=\"twitter:card\" content=\"summary_large_image\" \/>\n<script type=\"application\/ld+json\" class=\"yoast-schema-graph\">{\"@context\":\"https:\\\/\\\/schema.org\",\"@graph\":[{\"@type\":\"WebPage\",\"@id\":\"https:\\\/\\\/www.koonings.com\\\/de\\\/product\\\/tarik-ediz-93430-tr\\\/\",\"url\":\"https:\\\/\\\/www.koonings.com\\\/de\\\/product\\\/tarik-ediz-93430-tr\\\/\",\"name\":\"Tarik Ediz 93430 + TR | Koonings\",\"isPartOf\":{\"@id\":\"https:\\\/\\\/www.koonings.com\\\/de\\\/#website\"},\"primaryImageOfPage\":{\"@id\":\"https:\\\/\\\/www.koonings.com\\\/de\\\/product\\\/tarik-ediz-93430-tr\\\/#primaryimage\"},\"image\":{\"@id\":\"https:\\\/\\\/www.koonings.com\\\/de\\\/product\\\/tarik-ediz-93430-tr\\\/#primaryimage\"},\"thumbnailUrl\":\"https:\\\/\\\/www.koonings.com\\\/wp-content\\\/uploads\\\/2024\\\/11\\\/20660_a261c9eb9157241b75ca2ddb1a08da47a66fb94a314a418c875d63b2c8c599e41730cbf2-scaled.jpeg\",\"datePublished\":\"2025-12-14T23:06:04+00:00\",\"dateModified\":\"2026-02-03T19:13:15+00:00\",\"description\":\"Dieses Abendkleid von Tarik Ediz hat eine wundersch\u00f6ne rote Farbe. Das Kleid hat einen sch\u00f6nen Illusionsausschnitt mit schulterfreien Tr\u00e4gern. Das Kleid f\u00e4llt wundersch\u00f6n gerade bis zum Boden. F\u00fcr den zus\u00e4tzlichen Wow-Effekt ist das Kleid mit einem \u00dcberrock aus wundersch\u00f6ner roter Spitze versehen. Das Kleid hat eine kleine Schleppe und ist die perfekte Passe, wenn Sie bei einer Gala, einer Premiere oder einer anderen Veranstaltung mit rotem Teppich im Rampenlicht stehen m\u00f6chten.\",\"breadcrumb\":{\"@id\":\"https:\\\/\\\/www.koonings.com\\\/de\\\/product\\\/tarik-ediz-93430-tr\\\/#breadcrumb\"},\"inLanguage\":\"de\",\"potentialAction\":[{\"@type\":\"ReadAction\",\"target\":[\"https:\\\/\\\/www.koonings.com\\\/de\\\/product\\\/tarik-ediz-93430-tr\\\/\"]}]},{\"@type\":\"ImageObject\",\"inLanguage\":\"de\",\"@id\":\"https:\\\/\\\/www.koonings.com\\\/de\\\/product\\\/tarik-ediz-93430-tr\\\/#primaryimage\",\"url\":\"https:\\\/\\\/www.koonings.com\\\/wp-content\\\/uploads\\\/2024\\\/11\\\/20660_a261c9eb9157241b75ca2ddb1a08da47a66fb94a314a418c875d63b2c8c599e41730cbf2-scaled.jpeg\",\"contentUrl\":\"https:\\\/\\\/www.koonings.com\\\/wp-content\\\/uploads\\\/2024\\\/11\\\/20660_a261c9eb9157241b75ca2ddb1a08da47a66fb94a314a418c875d63b2c8c599e41730cbf2-scaled.jpeg\",\"width\":1810,\"height\":2560},{\"@type\":\"BreadcrumbList\",\"@id\":\"https:\\\/\\\/www.koonings.com\\\/de\\\/product\\\/tarik-ediz-93430-tr\\\/#breadcrumb\",\"itemListElement\":[{\"@type\":\"ListItem\",\"position\":1,\"name\":\"Home\",\"item\":\"https:\\\/\\\/www.koonings.com\\\/de\\\/\"},{\"@type\":\"ListItem\",\"position\":2,\"name\":\"Tarik Ediz 93430 + TR\"}]},{\"@type\":\"WebSite\",\"@id\":\"https:\\\/\\\/www.koonings.com\\\/de\\\/#website\",\"url\":\"https:\\\/\\\/www.koonings.com\\\/de\\\/\",\"name\":\"Koonings\",\"description\":\"De grootste bruidsmodewinkel ter wereld\",\"publisher\":{\"@id\":\"https:\\\/\\\/www.koonings.com\\\/de\\\/#organization\"},\"potentialAction\":[{\"@type\":\"SearchAction\",\"target\":{\"@type\":\"EntryPoint\",\"urlTemplate\":\"https:\\\/\\\/www.koonings.com\\\/de\\\/?s={search_term_string}\"},\"query-input\":{\"@type\":\"PropertyValueSpecification\",\"valueRequired\":true,\"valueName\":\"search_term_string\"}}],\"inLanguage\":\"de\"},{\"@type\":\"Organization\",\"@id\":\"https:\\\/\\\/www.koonings.com\\\/de\\\/#organization\",\"name\":\"Koonings\",\"url\":\"https:\\\/\\\/www.koonings.com\\\/de\\\/\",\"logo\":{\"@type\":\"ImageObject\",\"inLanguage\":\"de\",\"@id\":\"https:\\\/\\\/www.koonings.com\\\/de\\\/#\\\/schema\\\/logo\\\/image\\\/\",\"url\":\"https:\\\/\\\/www.koonings.com\\\/wp-content\\\/uploads\\\/2024\\\/07\\\/logo.png\",\"contentUrl\":\"https:\\\/\\\/www.koonings.com\\\/wp-content\\\/uploads\\\/2024\\\/07\\\/logo.png\",\"width\":600,\"height\":428,\"caption\":\"Koonings\"},\"image\":{\"@id\":\"https:\\\/\\\/www.koonings.com\\\/de\\\/#\\\/schema\\\/logo\\\/image\\\/\"},\"sameAs\":[\"https:\\\/\\\/www.facebook.com\\\/kooningstheweddingpalace\",\"https:\\\/\\\/www.instagram.com\\\/kooningstheweddingpalace\",\"https:\\\/\\\/www.pinterest.com\\\/koonings\",\"https:\\\/\\\/www.youtube.com\\\/kooningstheweddingpalace\"]}]}<\/script>\n<!-- \/ Yoast SEO plugin. -->","yoast_head_json":{"title":"Tarik Ediz 93430 + TR | Koonings","description":"Dieses Abendkleid von Tarik Ediz hat eine wundersch\u00f6ne rote Farbe. Das Kleid hat einen sch\u00f6nen Illusionsausschnitt mit schulterfreien Tr\u00e4gern. Das Kleid f\u00e4llt wundersch\u00f6n gerade bis zum Boden. F\u00fcr den zus\u00e4tzlichen Wow-Effekt ist das Kleid mit einem \u00dcberrock aus wundersch\u00f6ner roter Spitze versehen. Das Kleid hat eine kleine Schleppe und ist die perfekte Passe, wenn Sie bei einer Gala, einer Premiere oder einer anderen Veranstaltung mit rotem Teppich im Rampenlicht stehen m\u00f6chten.","robots":{"index":"index","follow":"follow","max-snippet":"max-snippet:-1","max-image-preview":"max-image-preview:large","max-video-preview":"max-video-preview:-1"},"canonical":"https:\/\/www.koonings.com\/de\/product\/tarik-ediz-93430-tr\/","og_locale":"de_DE","og_type":"article","og_title":"Tarik Ediz 93430 + TR | Koonings","og_description":"Dieses Abendkleid von Tarik Ediz hat eine wundersch\u00f6ne rote Farbe. Das Kleid hat einen sch\u00f6nen Illusionsausschnitt mit schulterfreien Tr\u00e4gern. Das Kleid f\u00e4llt wundersch\u00f6n gerade bis zum Boden. F\u00fcr den zus\u00e4tzlichen Wow-Effekt ist das Kleid mit einem \u00dcberrock aus wundersch\u00f6ner roter Spitze versehen. Das Kleid hat eine kleine Schleppe und ist die perfekte Passe, wenn Sie bei einer Gala, einer Premiere oder einer anderen Veranstaltung mit rotem Teppich im Rampenlicht stehen m\u00f6chten.","og_url":"https:\/\/www.koonings.com\/de\/product\/tarik-ediz-93430-tr\/","og_site_name":"Koonings","article_publisher":"https:\/\/www.facebook.com\/kooningstheweddingpalace","article_modified_time":"2026-02-03T19:13:15+00:00","og_image":[{"width":1810,"height":2560,"url":"https:\/\/www.koonings.com\/wp-content\/uploads\/2024\/11\/20660_a261c9eb9157241b75ca2ddb1a08da47a66fb94a314a418c875d63b2c8c599e41730cbf2-scaled.jpeg","type":"image\/jpeg"}],"twitter_card":"summary_large_image","schema":{"@context":"https:\/\/schema.org","@graph":[{"@type":"WebPage","@id":"https:\/\/www.koonings.com\/de\/product\/tarik-ediz-93430-tr\/","url":"https:\/\/www.koonings.com\/de\/product\/tarik-ediz-93430-tr\/","name":"Tarik Ediz 93430 + TR | Koonings","isPartOf":{"@id":"https:\/\/www.koonings.com\/de\/#website"},"primaryImageOfPage":{"@id":"https:\/\/www.koonings.com\/de\/product\/tarik-ediz-93430-tr\/#primaryimage"},"image":{"@id":"https:\/\/www.koonings.com\/de\/product\/tarik-ediz-93430-tr\/#primaryimage"},"thumbnailUrl":"https:\/\/www.koonings.com\/wp-content\/uploads\/2024\/11\/20660_a261c9eb9157241b75ca2ddb1a08da47a66fb94a314a418c875d63b2c8c599e41730cbf2-scaled.jpeg","datePublished":"2025-12-14T23:06:04+00:00","dateModified":"2026-02-03T19:13:15+00:00","description":"Dieses Abendkleid von Tarik Ediz hat eine wundersch\u00f6ne rote Farbe. Das Kleid hat einen sch\u00f6nen Illusionsausschnitt mit schulterfreien Tr\u00e4gern. Das Kleid f\u00e4llt wundersch\u00f6n gerade bis zum Boden. F\u00fcr den zus\u00e4tzlichen Wow-Effekt ist das Kleid mit einem \u00dcberrock aus wundersch\u00f6ner roter Spitze versehen. Das Kleid hat eine kleine Schleppe und ist die perfekte Passe, wenn Sie bei einer Gala, einer Premiere oder einer anderen Veranstaltung mit rotem Teppich im Rampenlicht stehen m\u00f6chten.","breadcrumb":{"@id":"https:\/\/www.koonings.com\/de\/product\/tarik-ediz-93430-tr\/#breadcrumb"},"inLanguage":"de","potentialAction":[{"@type":"ReadAction","target":["https:\/\/www.koonings.com\/de\/product\/tarik-ediz-93430-tr\/"]}]},{"@type":"ImageObject","inLanguage":"de","@id":"https:\/\/www.koonings.com\/de\/product\/tarik-ediz-93430-tr\/#primaryimage","url":"https:\/\/www.koonings.com\/wp-content\/uploads\/2024\/11\/20660_a261c9eb9157241b75ca2ddb1a08da47a66fb94a314a418c875d63b2c8c599e41730cbf2-scaled.jpeg","contentUrl":"https:\/\/www.koonings.com\/wp-content\/uploads\/2024\/11\/20660_a261c9eb9157241b75ca2ddb1a08da47a66fb94a314a418c875d63b2c8c599e41730cbf2-scaled.jpeg","width":1810,"height":2560},{"@type":"BreadcrumbList","@id":"https:\/\/www.koonings.com\/de\/product\/tarik-ediz-93430-tr\/#breadcrumb","itemListElement":[{"@type":"ListItem","position":1,"name":"Home","item":"https:\/\/www.koonings.com\/de\/"},{"@type":"ListItem","position":2,"name":"Tarik Ediz 93430 + TR"}]},{"@type":"WebSite","@id":"https:\/\/www.koonings.com\/de\/#website","url":"https:\/\/www.koonings.com\/de\/","name":"Koonings","description":"De grootste bruidsmodewinkel ter wereld","publisher":{"@id":"https:\/\/www.koonings.com\/de\/#organization"},"potentialAction":[{"@type":"SearchAction","target":{"@type":"EntryPoint","urlTemplate":"https:\/\/www.koonings.com\/de\/?s={search_term_string}"},"query-input":{"@type":"PropertyValueSpecification","valueRequired":true,"valueName":"search_term_string"}}],"inLanguage":"de"},{"@type":"Organization","@id":"https:\/\/www.koonings.com\/de\/#organization","name":"Koonings","url":"https:\/\/www.koonings.com\/de\/","logo":{"@type":"ImageObject","inLanguage":"de","@id":"https:\/\/www.koonings.com\/de\/#\/schema\/logo\/image\/","url":"https:\/\/www.koonings.com\/wp-content\/uploads\/2024\/07\/logo.png","contentUrl":"https:\/\/www.koonings.com\/wp-content\/uploads\/2024\/07\/logo.png","width":600,"height":428,"caption":"Koonings"},"image":{"@id":"https:\/\/www.koonings.com\/de\/#\/schema\/logo\/image\/"},"sameAs":["https:\/\/www.facebook.com\/kooningstheweddingpalace","https:\/\/www.instagram.com\/kooningstheweddingpalace","https:\/\/www.pinterest.com\/koonings","https:\/\/www.youtube.com\/kooningstheweddingpalace"]}]}},"_links":{"self":[{"href":"https:\/\/www.koonings.com\/de\/wp-json\/wp\/v2\/product\/80156","targetHints":{"allow":["GET"]}}],"collection":[{"href":"https:\/\/www.koonings.com\/de\/wp-json\/wp\/v2\/product"}],"about":[{"href":"https:\/\/www.koonings.com\/de\/wp-json\/wp\/v2\/types\/product"}],"wp:featuredmedia":[{"embeddable":true,"href":"https:\/\/www.koonings.com\/de\/wp-json\/wp\/v2\/media\/75969"}],"wp:attachment":[{"href":"https:\/\/www.koonings.com\/de\/wp-json\/wp\/v2\/media?parent=80156"}],"wp:term":[{"taxonomy":"productdetails","embeddable":true,"href":"https:\/\/www.koonings.com\/de\/wp-json\/wp\/v2\/productdetails?post=80156"},{"taxonomy":"productneck","embeddable":true,"href":"https:\/\/www.koonings.com\/de\/wp-json\/wp\/v2\/productneck?post=80156"},{"taxonomy":"productcolor","embeddable":true,"href":"https:\/\/www.koonings.com\/de\/wp-json\/wp\/v2\/productcolor?post=80156"},{"taxonomy":"maat","embeddable":true,"href":"https:\/\/www.koonings.com\/de\/wp-json\/wp\/v2\/maat?post=80156"},{"taxonomy":"productsupplier","embeddable":true,"href":"https:\/\/www.koonings.com\/de\/wp-json\/wp\/v2\/productsupplier?post=80156"},{"taxonomy":"productsleeve","embeddable":true,"href":"https:\/\/www.koonings.com\/de\/wp-json\/wp\/v2\/productsleeve?post=80156"},{"taxonomy":"productcategory","embeddable":true,"href":"https:\/\/www.koonings.com\/de\/wp-json\/wp\/v2\/productcategory?post=80156"},{"taxonomy":"productsilhouette","embeddable":true,"href":"https:\/\/www.koonings.com\/de\/wp-json\/wp\/v2\/productsilhouette?post=80156"},{"taxonomy":"productstyle","embeddable":true,"href":"https:\/\/www.koonings.com\/de\/wp-json\/wp\/v2\/productstyle?post=80156"}],"curies":[{"name":"wp","href":"https:\/\/api.w.org\/{rel}","templated":true}]}}