{"id":80140,"date":"2025-12-15T00:40:32","date_gmt":"2025-12-14T23:40:32","guid":{"rendered":"https:\/\/www.koonings.com\/product\/fashion-queen-amera-vera-light-al128\/"},"modified":"2026-02-03T20:04:58","modified_gmt":"2026-02-03T19:04:58","slug":"fashion-queen-amera-vera-light-al128","status":"publish","type":"product","link":"https:\/\/www.koonings.com\/de\/product\/fashion-queen-amera-vera-light-al128\/","title":{"rendered":"Fashion Queen Amera Vera Light AL128"},"content":{"rendered":"<p>Das Amera Vera Light AL128 von Fashion Queen ist ein atemberaubendes Hochzeitskleid, das sowohl romantisch als auch modern ist. Das Design unterstreicht feminine Formen mit einer eleganten, flie\u00dfenden Silhouette, w\u00e4hrend die luxuri\u00f6sen Stoffe dem Kleid einen raffinierten Look verleihen. Die subtilen Details und der leichte Stoff sorgen f\u00fcr einen vertr\u00e4umten und zugleich schicken Look, perfekt f\u00fcr die Braut, die nach einem zeitlosen und eleganten Stil sucht. Dieses Kleid bietet die perfekte Kombination aus Luxus und Komfort, damit Sie sich an Ihrem gro\u00dfen Tag umwerfend und selbstbewusst f\u00fchlen.   <\/p>\n","protected":false},"featured_media":72855,"template":"","meta":{"_acf_changed":false,"ghostkit_customizer_options":"","ghostkit_custom_css":"","ghostkit_custom_js_head":"","ghostkit_custom_js_foot":"","ghostkit_typography":""},"productdetails":[378],"productneck":[355],"productcolor":[392],"maat":[],"productsupplier":[480],"productsleeve":[359],"productcategory":[18],"productsilhouette":[384],"productstyle":[365],"class_list":["post-80140","product","type-product","status-publish","has-post-thumbnail","hentry","productdetails-378","productneck-355","productcolor-392","productsupplier-fashion-queen","productsleeve-359","productcategory-trouwjurken","productsilhouette-384","productstyle-365"],"acf":[],"yoast_head":"<!-- This site is optimized with the Yoast SEO plugin v27.3 - https:\/\/yoast.com\/product\/yoast-seo-wordpress\/ -->\n<title>Fashion Queen Amera Vera Light AL128 | Koonings<\/title>\n<meta name=\"description\" content=\"Das Amera Vera Light AL128 von Fashion Queen ist ein atemberaubendes Hochzeitskleid, das sowohl romantisch als auch modern ist. Das Design unterstreicht feminine Formen mit einer eleganten, flie\u00dfenden Silhouette, w\u00e4hrend die luxuri\u00f6sen Stoffe dem Kleid einen raffinierten Look verleihen. Die subtilen Details und der leichte Stoff sorgen f\u00fcr einen vertr\u00e4umten und zugleich schicken Look, perfekt f\u00fcr die Braut, die nach einem zeitlosen und eleganten Stil sucht. Dieses Kleid bietet die perfekte Kombination aus Luxus und Komfort, damit Sie sich an Ihrem gro\u00dfen Tag umwerfend und selbstbewusst f\u00fchlen.\" \/>\n<meta name=\"robots\" content=\"index, follow, max-snippet:-1, max-image-preview:large, max-video-preview:-1\" \/>\n<link rel=\"canonical\" href=\"https:\/\/www.koonings.com\/de\/product\/fashion-queen-amera-vera-light-al128\/\" \/>\n<meta property=\"og:locale\" content=\"de_DE\" \/>\n<meta property=\"og:type\" content=\"article\" \/>\n<meta property=\"og:title\" content=\"Fashion Queen Amera Vera Light AL128 | Koonings\" \/>\n<meta property=\"og:description\" content=\"Das Amera Vera Light AL128 von Fashion Queen ist ein atemberaubendes Hochzeitskleid, das sowohl romantisch als auch modern ist. Das Design unterstreicht feminine Formen mit einer eleganten, flie\u00dfenden Silhouette, w\u00e4hrend die luxuri\u00f6sen Stoffe dem Kleid einen raffinierten Look verleihen. Die subtilen Details und der leichte Stoff sorgen f\u00fcr einen vertr\u00e4umten und zugleich schicken Look, perfekt f\u00fcr die Braut, die nach einem zeitlosen und eleganten Stil sucht. Dieses Kleid bietet die perfekte Kombination aus Luxus und Komfort, damit Sie sich an Ihrem gro\u00dfen Tag umwerfend und selbstbewusst f\u00fchlen.\" \/>\n<meta property=\"og:url\" content=\"https:\/\/www.koonings.com\/de\/product\/fashion-queen-amera-vera-light-al128\/\" \/>\n<meta property=\"og:site_name\" content=\"Koonings\" \/>\n<meta property=\"article:publisher\" content=\"https:\/\/www.facebook.com\/kooningstheweddingpalace\" \/>\n<meta property=\"article:modified_time\" content=\"2026-02-03T19:04:58+00:00\" \/>\n<meta property=\"og:image\" content=\"https:\/\/www.koonings.com\/wp-content\/uploads\/2024\/11\/41125_bff9838e1d4be7f24e48b72998ace622efe6ca33925ed2c2b65cc093b062a338a544ba22.jpeg\" \/>\n\t<meta property=\"og:image:width\" content=\"1338\" \/>\n\t<meta property=\"og:image:height\" content=\"1978\" \/>\n\t<meta property=\"og:image:type\" content=\"image\/jpeg\" \/>\n<meta name=\"twitter:card\" content=\"summary_large_image\" \/>\n<script type=\"application\/ld+json\" class=\"yoast-schema-graph\">{\"@context\":\"https:\\\/\\\/schema.org\",\"@graph\":[{\"@type\":\"WebPage\",\"@id\":\"https:\\\/\\\/www.koonings.com\\\/de\\\/product\\\/fashion-queen-amera-vera-light-al128\\\/\",\"url\":\"https:\\\/\\\/www.koonings.com\\\/de\\\/product\\\/fashion-queen-amera-vera-light-al128\\\/\",\"name\":\"Fashion Queen Amera Vera Light AL128 | Koonings\",\"isPartOf\":{\"@id\":\"https:\\\/\\\/www.koonings.com\\\/de\\\/#website\"},\"primaryImageOfPage\":{\"@id\":\"https:\\\/\\\/www.koonings.com\\\/de\\\/product\\\/fashion-queen-amera-vera-light-al128\\\/#primaryimage\"},\"image\":{\"@id\":\"https:\\\/\\\/www.koonings.com\\\/de\\\/product\\\/fashion-queen-amera-vera-light-al128\\\/#primaryimage\"},\"thumbnailUrl\":\"https:\\\/\\\/www.koonings.com\\\/wp-content\\\/uploads\\\/2024\\\/11\\\/41125_bff9838e1d4be7f24e48b72998ace622efe6ca33925ed2c2b65cc093b062a338a544ba22.jpeg\",\"datePublished\":\"2025-12-14T23:40:32+00:00\",\"dateModified\":\"2026-02-03T19:04:58+00:00\",\"description\":\"Das Amera Vera Light AL128 von Fashion Queen ist ein atemberaubendes Hochzeitskleid, das sowohl romantisch als auch modern ist. Das Design unterstreicht feminine Formen mit einer eleganten, flie\u00dfenden Silhouette, w\u00e4hrend die luxuri\u00f6sen Stoffe dem Kleid einen raffinierten Look verleihen. Die subtilen Details und der leichte Stoff sorgen f\u00fcr einen vertr\u00e4umten und zugleich schicken Look, perfekt f\u00fcr die Braut, die nach einem zeitlosen und eleganten Stil sucht. Dieses Kleid bietet die perfekte Kombination aus Luxus und Komfort, damit Sie sich an Ihrem gro\u00dfen Tag umwerfend und selbstbewusst f\u00fchlen.\",\"breadcrumb\":{\"@id\":\"https:\\\/\\\/www.koonings.com\\\/de\\\/product\\\/fashion-queen-amera-vera-light-al128\\\/#breadcrumb\"},\"inLanguage\":\"de\",\"potentialAction\":[{\"@type\":\"ReadAction\",\"target\":[\"https:\\\/\\\/www.koonings.com\\\/de\\\/product\\\/fashion-queen-amera-vera-light-al128\\\/\"]}]},{\"@type\":\"ImageObject\",\"inLanguage\":\"de\",\"@id\":\"https:\\\/\\\/www.koonings.com\\\/de\\\/product\\\/fashion-queen-amera-vera-light-al128\\\/#primaryimage\",\"url\":\"https:\\\/\\\/www.koonings.com\\\/wp-content\\\/uploads\\\/2024\\\/11\\\/41125_bff9838e1d4be7f24e48b72998ace622efe6ca33925ed2c2b65cc093b062a338a544ba22.jpeg\",\"contentUrl\":\"https:\\\/\\\/www.koonings.com\\\/wp-content\\\/uploads\\\/2024\\\/11\\\/41125_bff9838e1d4be7f24e48b72998ace622efe6ca33925ed2c2b65cc093b062a338a544ba22.jpeg\",\"width\":1338,\"height\":1978},{\"@type\":\"BreadcrumbList\",\"@id\":\"https:\\\/\\\/www.koonings.com\\\/de\\\/product\\\/fashion-queen-amera-vera-light-al128\\\/#breadcrumb\",\"itemListElement\":[{\"@type\":\"ListItem\",\"position\":1,\"name\":\"Home\",\"item\":\"https:\\\/\\\/www.koonings.com\\\/de\\\/\"},{\"@type\":\"ListItem\",\"position\":2,\"name\":\"Fashion Queen Amera Vera Light AL128\"}]},{\"@type\":\"WebSite\",\"@id\":\"https:\\\/\\\/www.koonings.com\\\/de\\\/#website\",\"url\":\"https:\\\/\\\/www.koonings.com\\\/de\\\/\",\"name\":\"Koonings\",\"description\":\"De grootste bruidsmodewinkel ter wereld\",\"publisher\":{\"@id\":\"https:\\\/\\\/www.koonings.com\\\/de\\\/#organization\"},\"potentialAction\":[{\"@type\":\"SearchAction\",\"target\":{\"@type\":\"EntryPoint\",\"urlTemplate\":\"https:\\\/\\\/www.koonings.com\\\/de\\\/?s={search_term_string}\"},\"query-input\":{\"@type\":\"PropertyValueSpecification\",\"valueRequired\":true,\"valueName\":\"search_term_string\"}}],\"inLanguage\":\"de\"},{\"@type\":\"Organization\",\"@id\":\"https:\\\/\\\/www.koonings.com\\\/de\\\/#organization\",\"name\":\"Koonings\",\"url\":\"https:\\\/\\\/www.koonings.com\\\/de\\\/\",\"logo\":{\"@type\":\"ImageObject\",\"inLanguage\":\"de\",\"@id\":\"https:\\\/\\\/www.koonings.com\\\/de\\\/#\\\/schema\\\/logo\\\/image\\\/\",\"url\":\"https:\\\/\\\/www.koonings.com\\\/wp-content\\\/uploads\\\/2024\\\/07\\\/logo.png\",\"contentUrl\":\"https:\\\/\\\/www.koonings.com\\\/wp-content\\\/uploads\\\/2024\\\/07\\\/logo.png\",\"width\":600,\"height\":428,\"caption\":\"Koonings\"},\"image\":{\"@id\":\"https:\\\/\\\/www.koonings.com\\\/de\\\/#\\\/schema\\\/logo\\\/image\\\/\"},\"sameAs\":[\"https:\\\/\\\/www.facebook.com\\\/kooningstheweddingpalace\",\"https:\\\/\\\/www.instagram.com\\\/kooningstheweddingpalace\",\"https:\\\/\\\/www.pinterest.com\\\/koonings\",\"https:\\\/\\\/www.youtube.com\\\/kooningstheweddingpalace\"]}]}<\/script>\n<!-- \/ Yoast SEO plugin. -->","yoast_head_json":{"title":"Fashion Queen Amera Vera Light AL128 | Koonings","description":"Das Amera Vera Light AL128 von Fashion Queen ist ein atemberaubendes Hochzeitskleid, das sowohl romantisch als auch modern ist. Das Design unterstreicht feminine Formen mit einer eleganten, flie\u00dfenden Silhouette, w\u00e4hrend die luxuri\u00f6sen Stoffe dem Kleid einen raffinierten Look verleihen. Die subtilen Details und der leichte Stoff sorgen f\u00fcr einen vertr\u00e4umten und zugleich schicken Look, perfekt f\u00fcr die Braut, die nach einem zeitlosen und eleganten Stil sucht. Dieses Kleid bietet die perfekte Kombination aus Luxus und Komfort, damit Sie sich an Ihrem gro\u00dfen Tag umwerfend und selbstbewusst f\u00fchlen.","robots":{"index":"index","follow":"follow","max-snippet":"max-snippet:-1","max-image-preview":"max-image-preview:large","max-video-preview":"max-video-preview:-1"},"canonical":"https:\/\/www.koonings.com\/de\/product\/fashion-queen-amera-vera-light-al128\/","og_locale":"de_DE","og_type":"article","og_title":"Fashion Queen Amera Vera Light AL128 | Koonings","og_description":"Das Amera Vera Light AL128 von Fashion Queen ist ein atemberaubendes Hochzeitskleid, das sowohl romantisch als auch modern ist. Das Design unterstreicht feminine Formen mit einer eleganten, flie\u00dfenden Silhouette, w\u00e4hrend die luxuri\u00f6sen Stoffe dem Kleid einen raffinierten Look verleihen. Die subtilen Details und der leichte Stoff sorgen f\u00fcr einen vertr\u00e4umten und zugleich schicken Look, perfekt f\u00fcr die Braut, die nach einem zeitlosen und eleganten Stil sucht. Dieses Kleid bietet die perfekte Kombination aus Luxus und Komfort, damit Sie sich an Ihrem gro\u00dfen Tag umwerfend und selbstbewusst f\u00fchlen.","og_url":"https:\/\/www.koonings.com\/de\/product\/fashion-queen-amera-vera-light-al128\/","og_site_name":"Koonings","article_publisher":"https:\/\/www.facebook.com\/kooningstheweddingpalace","article_modified_time":"2026-02-03T19:04:58+00:00","og_image":[{"width":1338,"height":1978,"url":"https:\/\/www.koonings.com\/wp-content\/uploads\/2024\/11\/41125_bff9838e1d4be7f24e48b72998ace622efe6ca33925ed2c2b65cc093b062a338a544ba22.jpeg","type":"image\/jpeg"}],"twitter_card":"summary_large_image","schema":{"@context":"https:\/\/schema.org","@graph":[{"@type":"WebPage","@id":"https:\/\/www.koonings.com\/de\/product\/fashion-queen-amera-vera-light-al128\/","url":"https:\/\/www.koonings.com\/de\/product\/fashion-queen-amera-vera-light-al128\/","name":"Fashion Queen Amera Vera Light AL128 | Koonings","isPartOf":{"@id":"https:\/\/www.koonings.com\/de\/#website"},"primaryImageOfPage":{"@id":"https:\/\/www.koonings.com\/de\/product\/fashion-queen-amera-vera-light-al128\/#primaryimage"},"image":{"@id":"https:\/\/www.koonings.com\/de\/product\/fashion-queen-amera-vera-light-al128\/#primaryimage"},"thumbnailUrl":"https:\/\/www.koonings.com\/wp-content\/uploads\/2024\/11\/41125_bff9838e1d4be7f24e48b72998ace622efe6ca33925ed2c2b65cc093b062a338a544ba22.jpeg","datePublished":"2025-12-14T23:40:32+00:00","dateModified":"2026-02-03T19:04:58+00:00","description":"Das Amera Vera Light AL128 von Fashion Queen ist ein atemberaubendes Hochzeitskleid, das sowohl romantisch als auch modern ist. Das Design unterstreicht feminine Formen mit einer eleganten, flie\u00dfenden Silhouette, w\u00e4hrend die luxuri\u00f6sen Stoffe dem Kleid einen raffinierten Look verleihen. Die subtilen Details und der leichte Stoff sorgen f\u00fcr einen vertr\u00e4umten und zugleich schicken Look, perfekt f\u00fcr die Braut, die nach einem zeitlosen und eleganten Stil sucht. Dieses Kleid bietet die perfekte Kombination aus Luxus und Komfort, damit Sie sich an Ihrem gro\u00dfen Tag umwerfend und selbstbewusst f\u00fchlen.","breadcrumb":{"@id":"https:\/\/www.koonings.com\/de\/product\/fashion-queen-amera-vera-light-al128\/#breadcrumb"},"inLanguage":"de","potentialAction":[{"@type":"ReadAction","target":["https:\/\/www.koonings.com\/de\/product\/fashion-queen-amera-vera-light-al128\/"]}]},{"@type":"ImageObject","inLanguage":"de","@id":"https:\/\/www.koonings.com\/de\/product\/fashion-queen-amera-vera-light-al128\/#primaryimage","url":"https:\/\/www.koonings.com\/wp-content\/uploads\/2024\/11\/41125_bff9838e1d4be7f24e48b72998ace622efe6ca33925ed2c2b65cc093b062a338a544ba22.jpeg","contentUrl":"https:\/\/www.koonings.com\/wp-content\/uploads\/2024\/11\/41125_bff9838e1d4be7f24e48b72998ace622efe6ca33925ed2c2b65cc093b062a338a544ba22.jpeg","width":1338,"height":1978},{"@type":"BreadcrumbList","@id":"https:\/\/www.koonings.com\/de\/product\/fashion-queen-amera-vera-light-al128\/#breadcrumb","itemListElement":[{"@type":"ListItem","position":1,"name":"Home","item":"https:\/\/www.koonings.com\/de\/"},{"@type":"ListItem","position":2,"name":"Fashion Queen Amera Vera Light AL128"}]},{"@type":"WebSite","@id":"https:\/\/www.koonings.com\/de\/#website","url":"https:\/\/www.koonings.com\/de\/","name":"Koonings","description":"De grootste bruidsmodewinkel ter wereld","publisher":{"@id":"https:\/\/www.koonings.com\/de\/#organization"},"potentialAction":[{"@type":"SearchAction","target":{"@type":"EntryPoint","urlTemplate":"https:\/\/www.koonings.com\/de\/?s={search_term_string}"},"query-input":{"@type":"PropertyValueSpecification","valueRequired":true,"valueName":"search_term_string"}}],"inLanguage":"de"},{"@type":"Organization","@id":"https:\/\/www.koonings.com\/de\/#organization","name":"Koonings","url":"https:\/\/www.koonings.com\/de\/","logo":{"@type":"ImageObject","inLanguage":"de","@id":"https:\/\/www.koonings.com\/de\/#\/schema\/logo\/image\/","url":"https:\/\/www.koonings.com\/wp-content\/uploads\/2024\/07\/logo.png","contentUrl":"https:\/\/www.koonings.com\/wp-content\/uploads\/2024\/07\/logo.png","width":600,"height":428,"caption":"Koonings"},"image":{"@id":"https:\/\/www.koonings.com\/de\/#\/schema\/logo\/image\/"},"sameAs":["https:\/\/www.facebook.com\/kooningstheweddingpalace","https:\/\/www.instagram.com\/kooningstheweddingpalace","https:\/\/www.pinterest.com\/koonings","https:\/\/www.youtube.com\/kooningstheweddingpalace"]}]}},"_links":{"self":[{"href":"https:\/\/www.koonings.com\/de\/wp-json\/wp\/v2\/product\/80140","targetHints":{"allow":["GET"]}}],"collection":[{"href":"https:\/\/www.koonings.com\/de\/wp-json\/wp\/v2\/product"}],"about":[{"href":"https:\/\/www.koonings.com\/de\/wp-json\/wp\/v2\/types\/product"}],"wp:featuredmedia":[{"embeddable":true,"href":"https:\/\/www.koonings.com\/de\/wp-json\/wp\/v2\/media\/72855"}],"wp:attachment":[{"href":"https:\/\/www.koonings.com\/de\/wp-json\/wp\/v2\/media?parent=80140"}],"wp:term":[{"taxonomy":"productdetails","embeddable":true,"href":"https:\/\/www.koonings.com\/de\/wp-json\/wp\/v2\/productdetails?post=80140"},{"taxonomy":"productneck","embeddable":true,"href":"https:\/\/www.koonings.com\/de\/wp-json\/wp\/v2\/productneck?post=80140"},{"taxonomy":"productcolor","embeddable":true,"href":"https:\/\/www.koonings.com\/de\/wp-json\/wp\/v2\/productcolor?post=80140"},{"taxonomy":"maat","embeddable":true,"href":"https:\/\/www.koonings.com\/de\/wp-json\/wp\/v2\/maat?post=80140"},{"taxonomy":"productsupplier","embeddable":true,"href":"https:\/\/www.koonings.com\/de\/wp-json\/wp\/v2\/productsupplier?post=80140"},{"taxonomy":"productsleeve","embeddable":true,"href":"https:\/\/www.koonings.com\/de\/wp-json\/wp\/v2\/productsleeve?post=80140"},{"taxonomy":"productcategory","embeddable":true,"href":"https:\/\/www.koonings.com\/de\/wp-json\/wp\/v2\/productcategory?post=80140"},{"taxonomy":"productsilhouette","embeddable":true,"href":"https:\/\/www.koonings.com\/de\/wp-json\/wp\/v2\/productsilhouette?post=80140"},{"taxonomy":"productstyle","embeddable":true,"href":"https:\/\/www.koonings.com\/de\/wp-json\/wp\/v2\/productstyle?post=80140"}],"curies":[{"name":"wp","href":"https:\/\/api.w.org\/{rel}","templated":true}]}}