{"id":80048,"date":"2026-04-14T16:02:51","date_gmt":"2026-04-14T14:02:51","guid":{"rendered":"https:\/\/www.koonings.com\/product\/chic-holland-802-2\/"},"modified":"2026-02-16T14:55:22","modified_gmt":"2026-02-16T13:55:22","slug":"chic-holland-802-2","status":"publish","type":"product","link":"https:\/\/www.koonings.com\/de\/product\/chic-holland-802-2\/","title":{"rendered":"Chic &amp; Holland 802"},"content":{"rendered":"<p>Dieses wundersch\u00f6ne Abendkleid von Chic &amp; Holland hat eine err\u00f6tende Farbe und ist komplett mit Glitter\/Strasssteinen verziert. Das Kleid hat eine Art Stola aus Glitter, die am Kleid befestigt ist. Dank der Strasssteine und des taillierten Modells kreiert dieses schicke Kleid einen exklusiven, glamour\u00f6sen Look, der perfekt f\u00fcr den roten Teppich, einen Sch\u00f6nheitswettbewerb oder eine Gala ist.  <\/p>\n","protected":false},"featured_media":73405,"template":"","meta":{"_acf_changed":false,"ghostkit_customizer_options":"","ghostkit_custom_css":"","ghostkit_custom_js_head":"","ghostkit_custom_js_foot":"","ghostkit_typography":""},"productdetails":[],"productneck":[],"productcolor":[394],"maat":[],"productsupplier":[494],"productsleeve":[],"productcategory":[259],"productsilhouette":[],"productstyle":[],"class_list":["post-80048","product","type-product","status-publish","has-post-thumbnail","hentry","productcolor-394","productsupplier-chic-holland","productcategory-avondkleding"],"acf":[],"yoast_head":"<!-- This site is optimized with the Yoast SEO plugin v27.3 - https:\/\/yoast.com\/product\/yoast-seo-wordpress\/ -->\n<title>Chic &amp; Holland 802 | Koonings<\/title>\n<meta name=\"description\" content=\"Dieses wundersch\u00f6ne Abendkleid von Chic &amp; Holland hat eine err\u00f6tende Farbe und ist komplett mit Glitter\/Strasssteinen verziert. Das Kleid hat eine Art Stola aus Glitter, die am Kleid befestigt ist. Dank der Strasssteine und des taillierten Modells kreiert dieses schicke Kleid einen exklusiven, glamour\u00f6sen Look, der perfekt f\u00fcr den roten Teppich, einen Sch\u00f6nheitswettbewerb oder eine Gala ist.\" \/>\n<meta name=\"robots\" content=\"index, follow, max-snippet:-1, max-image-preview:large, max-video-preview:-1\" \/>\n<link rel=\"canonical\" href=\"https:\/\/www.koonings.com\/de\/product\/chic-holland-802-2\/\" \/>\n<meta property=\"og:locale\" content=\"de_DE\" \/>\n<meta property=\"og:type\" content=\"article\" \/>\n<meta property=\"og:title\" content=\"Chic &amp; Holland 802 | Koonings\" \/>\n<meta property=\"og:description\" content=\"Dieses wundersch\u00f6ne Abendkleid von Chic &amp; Holland hat eine err\u00f6tende Farbe und ist komplett mit Glitter\/Strasssteinen verziert. Das Kleid hat eine Art Stola aus Glitter, die am Kleid befestigt ist. Dank der Strasssteine und des taillierten Modells kreiert dieses schicke Kleid einen exklusiven, glamour\u00f6sen Look, der perfekt f\u00fcr den roten Teppich, einen Sch\u00f6nheitswettbewerb oder eine Gala ist.\" \/>\n<meta property=\"og:url\" content=\"https:\/\/www.koonings.com\/de\/product\/chic-holland-802-2\/\" \/>\n<meta property=\"og:site_name\" content=\"Koonings\" \/>\n<meta property=\"article:publisher\" content=\"https:\/\/www.facebook.com\/kooningstheweddingpalace\" \/>\n<meta property=\"og:image\" content=\"https:\/\/www.koonings.com\/wp-content\/uploads\/2024\/11\/21384_04e0649d0c4f27d1b658e4db29def8fa390c281ea1fae0760ca284c819e3c91918b89460-scaled.jpeg\" \/>\n\t<meta property=\"og:image:width\" content=\"1806\" \/>\n\t<meta property=\"og:image:height\" content=\"2560\" \/>\n\t<meta property=\"og:image:type\" content=\"image\/jpeg\" \/>\n<meta name=\"twitter:card\" content=\"summary_large_image\" \/>\n<script type=\"application\/ld+json\" class=\"yoast-schema-graph\">{\"@context\":\"https:\\\/\\\/schema.org\",\"@graph\":[{\"@type\":\"WebPage\",\"@id\":\"https:\\\/\\\/www.koonings.com\\\/de\\\/product\\\/chic-holland-802-2\\\/\",\"url\":\"https:\\\/\\\/www.koonings.com\\\/de\\\/product\\\/chic-holland-802-2\\\/\",\"name\":\"Chic &amp; Holland 802 | Koonings\",\"isPartOf\":{\"@id\":\"https:\\\/\\\/www.koonings.com\\\/de\\\/#website\"},\"primaryImageOfPage\":{\"@id\":\"https:\\\/\\\/www.koonings.com\\\/de\\\/product\\\/chic-holland-802-2\\\/#primaryimage\"},\"image\":{\"@id\":\"https:\\\/\\\/www.koonings.com\\\/de\\\/product\\\/chic-holland-802-2\\\/#primaryimage\"},\"thumbnailUrl\":\"https:\\\/\\\/www.koonings.com\\\/wp-content\\\/uploads\\\/2024\\\/11\\\/21384_04e0649d0c4f27d1b658e4db29def8fa390c281ea1fae0760ca284c819e3c91918b89460-scaled.jpeg\",\"datePublished\":\"2026-04-14T14:02:51+00:00\",\"description\":\"Dieses wundersch\u00f6ne Abendkleid von Chic & Holland hat eine err\u00f6tende Farbe und ist komplett mit Glitter\\\/Strasssteinen verziert. Das Kleid hat eine Art Stola aus Glitter, die am Kleid befestigt ist. Dank der Strasssteine und des taillierten Modells kreiert dieses schicke Kleid einen exklusiven, glamour\u00f6sen Look, der perfekt f\u00fcr den roten Teppich, einen Sch\u00f6nheitswettbewerb oder eine Gala ist.\",\"breadcrumb\":{\"@id\":\"https:\\\/\\\/www.koonings.com\\\/de\\\/product\\\/chic-holland-802-2\\\/#breadcrumb\"},\"inLanguage\":\"de\",\"potentialAction\":[{\"@type\":\"ReadAction\",\"target\":[\"https:\\\/\\\/www.koonings.com\\\/de\\\/product\\\/chic-holland-802-2\\\/\"]}]},{\"@type\":\"ImageObject\",\"inLanguage\":\"de\",\"@id\":\"https:\\\/\\\/www.koonings.com\\\/de\\\/product\\\/chic-holland-802-2\\\/#primaryimage\",\"url\":\"https:\\\/\\\/www.koonings.com\\\/wp-content\\\/uploads\\\/2024\\\/11\\\/21384_04e0649d0c4f27d1b658e4db29def8fa390c281ea1fae0760ca284c819e3c91918b89460-scaled.jpeg\",\"contentUrl\":\"https:\\\/\\\/www.koonings.com\\\/wp-content\\\/uploads\\\/2024\\\/11\\\/21384_04e0649d0c4f27d1b658e4db29def8fa390c281ea1fae0760ca284c819e3c91918b89460-scaled.jpeg\",\"width\":1806,\"height\":2560},{\"@type\":\"BreadcrumbList\",\"@id\":\"https:\\\/\\\/www.koonings.com\\\/de\\\/product\\\/chic-holland-802-2\\\/#breadcrumb\",\"itemListElement\":[{\"@type\":\"ListItem\",\"position\":1,\"name\":\"Home\",\"item\":\"https:\\\/\\\/www.koonings.com\\\/de\\\/\"},{\"@type\":\"ListItem\",\"position\":2,\"name\":\"Chic &amp; Holland 802\"}]},{\"@type\":\"WebSite\",\"@id\":\"https:\\\/\\\/www.koonings.com\\\/de\\\/#website\",\"url\":\"https:\\\/\\\/www.koonings.com\\\/de\\\/\",\"name\":\"Koonings\",\"description\":\"De grootste bruidsmodewinkel ter wereld\",\"publisher\":{\"@id\":\"https:\\\/\\\/www.koonings.com\\\/de\\\/#organization\"},\"potentialAction\":[{\"@type\":\"SearchAction\",\"target\":{\"@type\":\"EntryPoint\",\"urlTemplate\":\"https:\\\/\\\/www.koonings.com\\\/de\\\/?s={search_term_string}\"},\"query-input\":{\"@type\":\"PropertyValueSpecification\",\"valueRequired\":true,\"valueName\":\"search_term_string\"}}],\"inLanguage\":\"de\"},{\"@type\":\"Organization\",\"@id\":\"https:\\\/\\\/www.koonings.com\\\/de\\\/#organization\",\"name\":\"Koonings\",\"url\":\"https:\\\/\\\/www.koonings.com\\\/de\\\/\",\"logo\":{\"@type\":\"ImageObject\",\"inLanguage\":\"de\",\"@id\":\"https:\\\/\\\/www.koonings.com\\\/de\\\/#\\\/schema\\\/logo\\\/image\\\/\",\"url\":\"https:\\\/\\\/www.koonings.com\\\/wp-content\\\/uploads\\\/2024\\\/07\\\/logo.png\",\"contentUrl\":\"https:\\\/\\\/www.koonings.com\\\/wp-content\\\/uploads\\\/2024\\\/07\\\/logo.png\",\"width\":600,\"height\":428,\"caption\":\"Koonings\"},\"image\":{\"@id\":\"https:\\\/\\\/www.koonings.com\\\/de\\\/#\\\/schema\\\/logo\\\/image\\\/\"},\"sameAs\":[\"https:\\\/\\\/www.facebook.com\\\/kooningstheweddingpalace\",\"https:\\\/\\\/www.instagram.com\\\/kooningstheweddingpalace\",\"https:\\\/\\\/www.pinterest.com\\\/koonings\",\"https:\\\/\\\/www.youtube.com\\\/kooningstheweddingpalace\"]}]}<\/script>\n<!-- \/ Yoast SEO plugin. -->","yoast_head_json":{"title":"Chic &amp; Holland 802 | Koonings","description":"Dieses wundersch\u00f6ne Abendkleid von Chic & Holland hat eine err\u00f6tende Farbe und ist komplett mit Glitter\/Strasssteinen verziert. Das Kleid hat eine Art Stola aus Glitter, die am Kleid befestigt ist. Dank der Strasssteine und des taillierten Modells kreiert dieses schicke Kleid einen exklusiven, glamour\u00f6sen Look, der perfekt f\u00fcr den roten Teppich, einen Sch\u00f6nheitswettbewerb oder eine Gala ist.","robots":{"index":"index","follow":"follow","max-snippet":"max-snippet:-1","max-image-preview":"max-image-preview:large","max-video-preview":"max-video-preview:-1"},"canonical":"https:\/\/www.koonings.com\/de\/product\/chic-holland-802-2\/","og_locale":"de_DE","og_type":"article","og_title":"Chic &amp; Holland 802 | Koonings","og_description":"Dieses wundersch\u00f6ne Abendkleid von Chic & Holland hat eine err\u00f6tende Farbe und ist komplett mit Glitter\/Strasssteinen verziert. Das Kleid hat eine Art Stola aus Glitter, die am Kleid befestigt ist. Dank der Strasssteine und des taillierten Modells kreiert dieses schicke Kleid einen exklusiven, glamour\u00f6sen Look, der perfekt f\u00fcr den roten Teppich, einen Sch\u00f6nheitswettbewerb oder eine Gala ist.","og_url":"https:\/\/www.koonings.com\/de\/product\/chic-holland-802-2\/","og_site_name":"Koonings","article_publisher":"https:\/\/www.facebook.com\/kooningstheweddingpalace","og_image":[{"width":1806,"height":2560,"url":"https:\/\/www.koonings.com\/wp-content\/uploads\/2024\/11\/21384_04e0649d0c4f27d1b658e4db29def8fa390c281ea1fae0760ca284c819e3c91918b89460-scaled.jpeg","type":"image\/jpeg"}],"twitter_card":"summary_large_image","schema":{"@context":"https:\/\/schema.org","@graph":[{"@type":"WebPage","@id":"https:\/\/www.koonings.com\/de\/product\/chic-holland-802-2\/","url":"https:\/\/www.koonings.com\/de\/product\/chic-holland-802-2\/","name":"Chic &amp; Holland 802 | Koonings","isPartOf":{"@id":"https:\/\/www.koonings.com\/de\/#website"},"primaryImageOfPage":{"@id":"https:\/\/www.koonings.com\/de\/product\/chic-holland-802-2\/#primaryimage"},"image":{"@id":"https:\/\/www.koonings.com\/de\/product\/chic-holland-802-2\/#primaryimage"},"thumbnailUrl":"https:\/\/www.koonings.com\/wp-content\/uploads\/2024\/11\/21384_04e0649d0c4f27d1b658e4db29def8fa390c281ea1fae0760ca284c819e3c91918b89460-scaled.jpeg","datePublished":"2026-04-14T14:02:51+00:00","description":"Dieses wundersch\u00f6ne Abendkleid von Chic & Holland hat eine err\u00f6tende Farbe und ist komplett mit Glitter\/Strasssteinen verziert. Das Kleid hat eine Art Stola aus Glitter, die am Kleid befestigt ist. Dank der Strasssteine und des taillierten Modells kreiert dieses schicke Kleid einen exklusiven, glamour\u00f6sen Look, der perfekt f\u00fcr den roten Teppich, einen Sch\u00f6nheitswettbewerb oder eine Gala ist.","breadcrumb":{"@id":"https:\/\/www.koonings.com\/de\/product\/chic-holland-802-2\/#breadcrumb"},"inLanguage":"de","potentialAction":[{"@type":"ReadAction","target":["https:\/\/www.koonings.com\/de\/product\/chic-holland-802-2\/"]}]},{"@type":"ImageObject","inLanguage":"de","@id":"https:\/\/www.koonings.com\/de\/product\/chic-holland-802-2\/#primaryimage","url":"https:\/\/www.koonings.com\/wp-content\/uploads\/2024\/11\/21384_04e0649d0c4f27d1b658e4db29def8fa390c281ea1fae0760ca284c819e3c91918b89460-scaled.jpeg","contentUrl":"https:\/\/www.koonings.com\/wp-content\/uploads\/2024\/11\/21384_04e0649d0c4f27d1b658e4db29def8fa390c281ea1fae0760ca284c819e3c91918b89460-scaled.jpeg","width":1806,"height":2560},{"@type":"BreadcrumbList","@id":"https:\/\/www.koonings.com\/de\/product\/chic-holland-802-2\/#breadcrumb","itemListElement":[{"@type":"ListItem","position":1,"name":"Home","item":"https:\/\/www.koonings.com\/de\/"},{"@type":"ListItem","position":2,"name":"Chic &amp; Holland 802"}]},{"@type":"WebSite","@id":"https:\/\/www.koonings.com\/de\/#website","url":"https:\/\/www.koonings.com\/de\/","name":"Koonings","description":"De grootste bruidsmodewinkel ter wereld","publisher":{"@id":"https:\/\/www.koonings.com\/de\/#organization"},"potentialAction":[{"@type":"SearchAction","target":{"@type":"EntryPoint","urlTemplate":"https:\/\/www.koonings.com\/de\/?s={search_term_string}"},"query-input":{"@type":"PropertyValueSpecification","valueRequired":true,"valueName":"search_term_string"}}],"inLanguage":"de"},{"@type":"Organization","@id":"https:\/\/www.koonings.com\/de\/#organization","name":"Koonings","url":"https:\/\/www.koonings.com\/de\/","logo":{"@type":"ImageObject","inLanguage":"de","@id":"https:\/\/www.koonings.com\/de\/#\/schema\/logo\/image\/","url":"https:\/\/www.koonings.com\/wp-content\/uploads\/2024\/07\/logo.png","contentUrl":"https:\/\/www.koonings.com\/wp-content\/uploads\/2024\/07\/logo.png","width":600,"height":428,"caption":"Koonings"},"image":{"@id":"https:\/\/www.koonings.com\/de\/#\/schema\/logo\/image\/"},"sameAs":["https:\/\/www.facebook.com\/kooningstheweddingpalace","https:\/\/www.instagram.com\/kooningstheweddingpalace","https:\/\/www.pinterest.com\/koonings","https:\/\/www.youtube.com\/kooningstheweddingpalace"]}]}},"_links":{"self":[{"href":"https:\/\/www.koonings.com\/de\/wp-json\/wp\/v2\/product\/80048","targetHints":{"allow":["GET"]}}],"collection":[{"href":"https:\/\/www.koonings.com\/de\/wp-json\/wp\/v2\/product"}],"about":[{"href":"https:\/\/www.koonings.com\/de\/wp-json\/wp\/v2\/types\/product"}],"wp:featuredmedia":[{"embeddable":true,"href":"https:\/\/www.koonings.com\/de\/wp-json\/wp\/v2\/media\/73405"}],"wp:attachment":[{"href":"https:\/\/www.koonings.com\/de\/wp-json\/wp\/v2\/media?parent=80048"}],"wp:term":[{"taxonomy":"productdetails","embeddable":true,"href":"https:\/\/www.koonings.com\/de\/wp-json\/wp\/v2\/productdetails?post=80048"},{"taxonomy":"productneck","embeddable":true,"href":"https:\/\/www.koonings.com\/de\/wp-json\/wp\/v2\/productneck?post=80048"},{"taxonomy":"productcolor","embeddable":true,"href":"https:\/\/www.koonings.com\/de\/wp-json\/wp\/v2\/productcolor?post=80048"},{"taxonomy":"maat","embeddable":true,"href":"https:\/\/www.koonings.com\/de\/wp-json\/wp\/v2\/maat?post=80048"},{"taxonomy":"productsupplier","embeddable":true,"href":"https:\/\/www.koonings.com\/de\/wp-json\/wp\/v2\/productsupplier?post=80048"},{"taxonomy":"productsleeve","embeddable":true,"href":"https:\/\/www.koonings.com\/de\/wp-json\/wp\/v2\/productsleeve?post=80048"},{"taxonomy":"productcategory","embeddable":true,"href":"https:\/\/www.koonings.com\/de\/wp-json\/wp\/v2\/productcategory?post=80048"},{"taxonomy":"productsilhouette","embeddable":true,"href":"https:\/\/www.koonings.com\/de\/wp-json\/wp\/v2\/productsilhouette?post=80048"},{"taxonomy":"productstyle","embeddable":true,"href":"https:\/\/www.koonings.com\/de\/wp-json\/wp\/v2\/productstyle?post=80048"}],"curies":[{"name":"wp","href":"https:\/\/api.w.org\/{rel}","templated":true}]}}