{"id":80041,"date":"2026-05-06T15:02:44","date_gmt":"2026-05-06T13:02:44","guid":{"rendered":"https:\/\/www.koonings.com\/product\/chic-holland-911\/"},"modified":"2026-02-16T14:55:24","modified_gmt":"2026-02-16T13:55:24","slug":"chic-holland-911","status":"publish","type":"product","link":"https:\/\/www.koonings.com\/de\/product\/chic-holland-911\/","title":{"rendered":"Chic &amp; Holland 911"},"content":{"rendered":"<p>Dieses Chic &amp; Holland Kleid ist champagnerfarben mit silbernen Details. Das Kleid hat lange \u00c4rmel mit h\u00fcbschen R\u00fcschen. Das Kleid ist mit Glitzersteinen besetzt und hat eine taillierte Silhouette. Ein glamour\u00f6ses und sexy Kleid, das perfekt ist, wenn Sie zu einer Gala gehen oder an einer Miss-Wahl teilnehmen.   <\/p>\n","protected":false},"featured_media":73414,"template":"","meta":{"_acf_changed":false,"ghostkit_customizer_options":"","ghostkit_custom_css":"","ghostkit_custom_js_head":"","ghostkit_custom_js_foot":"","ghostkit_typography":""},"productdetails":[],"productneck":[],"productcolor":[394],"maat":[],"productsupplier":[494],"productsleeve":[],"productcategory":[259],"productsilhouette":[],"productstyle":[],"class_list":["post-80041","product","type-product","status-publish","has-post-thumbnail","hentry","productcolor-394","productsupplier-chic-holland","productcategory-avondkleding"],"acf":[],"yoast_head":"<!-- This site is optimized with the Yoast SEO plugin v27.3 - https:\/\/yoast.com\/product\/yoast-seo-wordpress\/ -->\n<title>Chic &amp; Holland 911 | Koonings<\/title>\n<meta name=\"description\" content=\"Dieses Chic &amp; Holland Kleid ist champagnerfarben mit silbernen Details. Das Kleid hat lange \u00c4rmel mit h\u00fcbschen R\u00fcschen. Das Kleid ist mit Glitzersteinen besetzt und hat eine taillierte Silhouette. Ein glamour\u00f6ses und sexy Kleid, das perfekt ist, wenn Sie zu einer Gala gehen oder an einer Miss-Wahl teilnehmen.\" \/>\n<meta name=\"robots\" content=\"index, follow, max-snippet:-1, max-image-preview:large, max-video-preview:-1\" \/>\n<link rel=\"canonical\" href=\"https:\/\/www.koonings.com\/de\/product\/chic-holland-911\/\" \/>\n<meta property=\"og:locale\" content=\"de_DE\" \/>\n<meta property=\"og:type\" content=\"article\" \/>\n<meta property=\"og:title\" content=\"Chic &amp; Holland 911 | Koonings\" \/>\n<meta property=\"og:description\" content=\"Dieses Chic &amp; Holland Kleid ist champagnerfarben mit silbernen Details. Das Kleid hat lange \u00c4rmel mit h\u00fcbschen R\u00fcschen. Das Kleid ist mit Glitzersteinen besetzt und hat eine taillierte Silhouette. Ein glamour\u00f6ses und sexy Kleid, das perfekt ist, wenn Sie zu einer Gala gehen oder an einer Miss-Wahl teilnehmen.\" \/>\n<meta property=\"og:url\" content=\"https:\/\/www.koonings.com\/de\/product\/chic-holland-911\/\" \/>\n<meta property=\"og:site_name\" content=\"Koonings\" \/>\n<meta property=\"article:publisher\" content=\"https:\/\/www.facebook.com\/kooningstheweddingpalace\" \/>\n<meta property=\"og:image\" content=\"https:\/\/www.koonings.com\/wp-content\/uploads\/2024\/11\/21385_26a83a34d539fcd168a87c625558752a9888576183a788efbf7d9ec2cd09fcd4477b8ec6.jpeg\" \/>\n\t<meta property=\"og:image:width\" content=\"1124\" \/>\n\t<meta property=\"og:image:height\" content=\"1590\" \/>\n\t<meta property=\"og:image:type\" content=\"image\/jpeg\" \/>\n<meta name=\"twitter:card\" content=\"summary_large_image\" \/>\n<script type=\"application\/ld+json\" class=\"yoast-schema-graph\">{\"@context\":\"https:\\\/\\\/schema.org\",\"@graph\":[{\"@type\":\"WebPage\",\"@id\":\"https:\\\/\\\/www.koonings.com\\\/de\\\/product\\\/chic-holland-911\\\/\",\"url\":\"https:\\\/\\\/www.koonings.com\\\/de\\\/product\\\/chic-holland-911\\\/\",\"name\":\"Chic &amp; Holland 911 | Koonings\",\"isPartOf\":{\"@id\":\"https:\\\/\\\/www.koonings.com\\\/de\\\/#website\"},\"primaryImageOfPage\":{\"@id\":\"https:\\\/\\\/www.koonings.com\\\/de\\\/product\\\/chic-holland-911\\\/#primaryimage\"},\"image\":{\"@id\":\"https:\\\/\\\/www.koonings.com\\\/de\\\/product\\\/chic-holland-911\\\/#primaryimage\"},\"thumbnailUrl\":\"https:\\\/\\\/www.koonings.com\\\/wp-content\\\/uploads\\\/2024\\\/11\\\/21385_26a83a34d539fcd168a87c625558752a9888576183a788efbf7d9ec2cd09fcd4477b8ec6.jpeg\",\"datePublished\":\"2026-05-06T13:02:44+00:00\",\"description\":\"Dieses Chic & Holland Kleid ist champagnerfarben mit silbernen Details. Das Kleid hat lange \u00c4rmel mit h\u00fcbschen R\u00fcschen. Das Kleid ist mit Glitzersteinen besetzt und hat eine taillierte Silhouette. Ein glamour\u00f6ses und sexy Kleid, das perfekt ist, wenn Sie zu einer Gala gehen oder an einer Miss-Wahl teilnehmen.\",\"breadcrumb\":{\"@id\":\"https:\\\/\\\/www.koonings.com\\\/de\\\/product\\\/chic-holland-911\\\/#breadcrumb\"},\"inLanguage\":\"de\",\"potentialAction\":[{\"@type\":\"ReadAction\",\"target\":[\"https:\\\/\\\/www.koonings.com\\\/de\\\/product\\\/chic-holland-911\\\/\"]}]},{\"@type\":\"ImageObject\",\"inLanguage\":\"de\",\"@id\":\"https:\\\/\\\/www.koonings.com\\\/de\\\/product\\\/chic-holland-911\\\/#primaryimage\",\"url\":\"https:\\\/\\\/www.koonings.com\\\/wp-content\\\/uploads\\\/2024\\\/11\\\/21385_26a83a34d539fcd168a87c625558752a9888576183a788efbf7d9ec2cd09fcd4477b8ec6.jpeg\",\"contentUrl\":\"https:\\\/\\\/www.koonings.com\\\/wp-content\\\/uploads\\\/2024\\\/11\\\/21385_26a83a34d539fcd168a87c625558752a9888576183a788efbf7d9ec2cd09fcd4477b8ec6.jpeg\",\"width\":1124,\"height\":1590},{\"@type\":\"BreadcrumbList\",\"@id\":\"https:\\\/\\\/www.koonings.com\\\/de\\\/product\\\/chic-holland-911\\\/#breadcrumb\",\"itemListElement\":[{\"@type\":\"ListItem\",\"position\":1,\"name\":\"Home\",\"item\":\"https:\\\/\\\/www.koonings.com\\\/de\\\/\"},{\"@type\":\"ListItem\",\"position\":2,\"name\":\"Chic &amp; Holland 911\"}]},{\"@type\":\"WebSite\",\"@id\":\"https:\\\/\\\/www.koonings.com\\\/de\\\/#website\",\"url\":\"https:\\\/\\\/www.koonings.com\\\/de\\\/\",\"name\":\"Koonings\",\"description\":\"De grootste bruidsmodewinkel ter wereld\",\"publisher\":{\"@id\":\"https:\\\/\\\/www.koonings.com\\\/de\\\/#organization\"},\"potentialAction\":[{\"@type\":\"SearchAction\",\"target\":{\"@type\":\"EntryPoint\",\"urlTemplate\":\"https:\\\/\\\/www.koonings.com\\\/de\\\/?s={search_term_string}\"},\"query-input\":{\"@type\":\"PropertyValueSpecification\",\"valueRequired\":true,\"valueName\":\"search_term_string\"}}],\"inLanguage\":\"de\"},{\"@type\":\"Organization\",\"@id\":\"https:\\\/\\\/www.koonings.com\\\/de\\\/#organization\",\"name\":\"Koonings\",\"url\":\"https:\\\/\\\/www.koonings.com\\\/de\\\/\",\"logo\":{\"@type\":\"ImageObject\",\"inLanguage\":\"de\",\"@id\":\"https:\\\/\\\/www.koonings.com\\\/de\\\/#\\\/schema\\\/logo\\\/image\\\/\",\"url\":\"https:\\\/\\\/www.koonings.com\\\/wp-content\\\/uploads\\\/2024\\\/07\\\/logo.png\",\"contentUrl\":\"https:\\\/\\\/www.koonings.com\\\/wp-content\\\/uploads\\\/2024\\\/07\\\/logo.png\",\"width\":600,\"height\":428,\"caption\":\"Koonings\"},\"image\":{\"@id\":\"https:\\\/\\\/www.koonings.com\\\/de\\\/#\\\/schema\\\/logo\\\/image\\\/\"},\"sameAs\":[\"https:\\\/\\\/www.facebook.com\\\/kooningstheweddingpalace\",\"https:\\\/\\\/www.instagram.com\\\/kooningstheweddingpalace\",\"https:\\\/\\\/www.pinterest.com\\\/koonings\",\"https:\\\/\\\/www.youtube.com\\\/kooningstheweddingpalace\"]}]}<\/script>\n<!-- \/ Yoast SEO plugin. -->","yoast_head_json":{"title":"Chic &amp; Holland 911 | Koonings","description":"Dieses Chic & Holland Kleid ist champagnerfarben mit silbernen Details. Das Kleid hat lange \u00c4rmel mit h\u00fcbschen R\u00fcschen. Das Kleid ist mit Glitzersteinen besetzt und hat eine taillierte Silhouette. Ein glamour\u00f6ses und sexy Kleid, das perfekt ist, wenn Sie zu einer Gala gehen oder an einer Miss-Wahl teilnehmen.","robots":{"index":"index","follow":"follow","max-snippet":"max-snippet:-1","max-image-preview":"max-image-preview:large","max-video-preview":"max-video-preview:-1"},"canonical":"https:\/\/www.koonings.com\/de\/product\/chic-holland-911\/","og_locale":"de_DE","og_type":"article","og_title":"Chic &amp; Holland 911 | Koonings","og_description":"Dieses Chic & Holland Kleid ist champagnerfarben mit silbernen Details. Das Kleid hat lange \u00c4rmel mit h\u00fcbschen R\u00fcschen. Das Kleid ist mit Glitzersteinen besetzt und hat eine taillierte Silhouette. Ein glamour\u00f6ses und sexy Kleid, das perfekt ist, wenn Sie zu einer Gala gehen oder an einer Miss-Wahl teilnehmen.","og_url":"https:\/\/www.koonings.com\/de\/product\/chic-holland-911\/","og_site_name":"Koonings","article_publisher":"https:\/\/www.facebook.com\/kooningstheweddingpalace","og_image":[{"width":1124,"height":1590,"url":"https:\/\/www.koonings.com\/wp-content\/uploads\/2024\/11\/21385_26a83a34d539fcd168a87c625558752a9888576183a788efbf7d9ec2cd09fcd4477b8ec6.jpeg","type":"image\/jpeg"}],"twitter_card":"summary_large_image","schema":{"@context":"https:\/\/schema.org","@graph":[{"@type":"WebPage","@id":"https:\/\/www.koonings.com\/de\/product\/chic-holland-911\/","url":"https:\/\/www.koonings.com\/de\/product\/chic-holland-911\/","name":"Chic &amp; Holland 911 | Koonings","isPartOf":{"@id":"https:\/\/www.koonings.com\/de\/#website"},"primaryImageOfPage":{"@id":"https:\/\/www.koonings.com\/de\/product\/chic-holland-911\/#primaryimage"},"image":{"@id":"https:\/\/www.koonings.com\/de\/product\/chic-holland-911\/#primaryimage"},"thumbnailUrl":"https:\/\/www.koonings.com\/wp-content\/uploads\/2024\/11\/21385_26a83a34d539fcd168a87c625558752a9888576183a788efbf7d9ec2cd09fcd4477b8ec6.jpeg","datePublished":"2026-05-06T13:02:44+00:00","description":"Dieses Chic & Holland Kleid ist champagnerfarben mit silbernen Details. Das Kleid hat lange \u00c4rmel mit h\u00fcbschen R\u00fcschen. Das Kleid ist mit Glitzersteinen besetzt und hat eine taillierte Silhouette. Ein glamour\u00f6ses und sexy Kleid, das perfekt ist, wenn Sie zu einer Gala gehen oder an einer Miss-Wahl teilnehmen.","breadcrumb":{"@id":"https:\/\/www.koonings.com\/de\/product\/chic-holland-911\/#breadcrumb"},"inLanguage":"de","potentialAction":[{"@type":"ReadAction","target":["https:\/\/www.koonings.com\/de\/product\/chic-holland-911\/"]}]},{"@type":"ImageObject","inLanguage":"de","@id":"https:\/\/www.koonings.com\/de\/product\/chic-holland-911\/#primaryimage","url":"https:\/\/www.koonings.com\/wp-content\/uploads\/2024\/11\/21385_26a83a34d539fcd168a87c625558752a9888576183a788efbf7d9ec2cd09fcd4477b8ec6.jpeg","contentUrl":"https:\/\/www.koonings.com\/wp-content\/uploads\/2024\/11\/21385_26a83a34d539fcd168a87c625558752a9888576183a788efbf7d9ec2cd09fcd4477b8ec6.jpeg","width":1124,"height":1590},{"@type":"BreadcrumbList","@id":"https:\/\/www.koonings.com\/de\/product\/chic-holland-911\/#breadcrumb","itemListElement":[{"@type":"ListItem","position":1,"name":"Home","item":"https:\/\/www.koonings.com\/de\/"},{"@type":"ListItem","position":2,"name":"Chic &amp; Holland 911"}]},{"@type":"WebSite","@id":"https:\/\/www.koonings.com\/de\/#website","url":"https:\/\/www.koonings.com\/de\/","name":"Koonings","description":"De grootste bruidsmodewinkel ter wereld","publisher":{"@id":"https:\/\/www.koonings.com\/de\/#organization"},"potentialAction":[{"@type":"SearchAction","target":{"@type":"EntryPoint","urlTemplate":"https:\/\/www.koonings.com\/de\/?s={search_term_string}"},"query-input":{"@type":"PropertyValueSpecification","valueRequired":true,"valueName":"search_term_string"}}],"inLanguage":"de"},{"@type":"Organization","@id":"https:\/\/www.koonings.com\/de\/#organization","name":"Koonings","url":"https:\/\/www.koonings.com\/de\/","logo":{"@type":"ImageObject","inLanguage":"de","@id":"https:\/\/www.koonings.com\/de\/#\/schema\/logo\/image\/","url":"https:\/\/www.koonings.com\/wp-content\/uploads\/2024\/07\/logo.png","contentUrl":"https:\/\/www.koonings.com\/wp-content\/uploads\/2024\/07\/logo.png","width":600,"height":428,"caption":"Koonings"},"image":{"@id":"https:\/\/www.koonings.com\/de\/#\/schema\/logo\/image\/"},"sameAs":["https:\/\/www.facebook.com\/kooningstheweddingpalace","https:\/\/www.instagram.com\/kooningstheweddingpalace","https:\/\/www.pinterest.com\/koonings","https:\/\/www.youtube.com\/kooningstheweddingpalace"]}]}},"_links":{"self":[{"href":"https:\/\/www.koonings.com\/de\/wp-json\/wp\/v2\/product\/80041","targetHints":{"allow":["GET"]}}],"collection":[{"href":"https:\/\/www.koonings.com\/de\/wp-json\/wp\/v2\/product"}],"about":[{"href":"https:\/\/www.koonings.com\/de\/wp-json\/wp\/v2\/types\/product"}],"wp:featuredmedia":[{"embeddable":true,"href":"https:\/\/www.koonings.com\/de\/wp-json\/wp\/v2\/media\/73414"}],"wp:attachment":[{"href":"https:\/\/www.koonings.com\/de\/wp-json\/wp\/v2\/media?parent=80041"}],"wp:term":[{"taxonomy":"productdetails","embeddable":true,"href":"https:\/\/www.koonings.com\/de\/wp-json\/wp\/v2\/productdetails?post=80041"},{"taxonomy":"productneck","embeddable":true,"href":"https:\/\/www.koonings.com\/de\/wp-json\/wp\/v2\/productneck?post=80041"},{"taxonomy":"productcolor","embeddable":true,"href":"https:\/\/www.koonings.com\/de\/wp-json\/wp\/v2\/productcolor?post=80041"},{"taxonomy":"maat","embeddable":true,"href":"https:\/\/www.koonings.com\/de\/wp-json\/wp\/v2\/maat?post=80041"},{"taxonomy":"productsupplier","embeddable":true,"href":"https:\/\/www.koonings.com\/de\/wp-json\/wp\/v2\/productsupplier?post=80041"},{"taxonomy":"productsleeve","embeddable":true,"href":"https:\/\/www.koonings.com\/de\/wp-json\/wp\/v2\/productsleeve?post=80041"},{"taxonomy":"productcategory","embeddable":true,"href":"https:\/\/www.koonings.com\/de\/wp-json\/wp\/v2\/productcategory?post=80041"},{"taxonomy":"productsilhouette","embeddable":true,"href":"https:\/\/www.koonings.com\/de\/wp-json\/wp\/v2\/productsilhouette?post=80041"},{"taxonomy":"productstyle","embeddable":true,"href":"https:\/\/www.koonings.com\/de\/wp-json\/wp\/v2\/productstyle?post=80041"}],"curies":[{"name":"wp","href":"https:\/\/api.w.org\/{rel}","templated":true}]}}