{"id":80035,"date":"2025-12-15T00:06:09","date_gmt":"2025-12-14T23:06:09","guid":{"rendered":"https:\/\/www.koonings.com\/product\/chic-holland-916\/"},"modified":"2026-02-03T20:06:53","modified_gmt":"2026-02-03T19:06:53","slug":"chic-holland-916","status":"publish","type":"product","link":"https:\/\/www.koonings.com\/de\/product\/chic-holland-916\/","title":{"rendered":"Chic &amp; Holland 916"},"content":{"rendered":"<p>Dieses silber- und nudefarbene Kleid von Chic &amp; Holland hat eine stilvolle, taillierte Passform. Das Kleid ist mit Strasssteinen, Glitter und Pailletten verziert. Das Oberteil hat einen V-Ausschnitt und einen sexy offenen R\u00fccken. Der Rock sitzt an den H\u00fcften gut und f\u00e4llt bis zum Boden. Dieses Kleid ist perfekt f\u00fcr jede Gala, Abendgarderobe, Hochzeit oder Veranstaltung auf dem roten Teppich.    <\/p>\n","protected":false},"featured_media":73427,"template":"","meta":{"_acf_changed":false,"ghostkit_customizer_options":"","ghostkit_custom_css":"","ghostkit_custom_js_head":"","ghostkit_custom_js_foot":"","ghostkit_typography":""},"productdetails":[],"productneck":[],"productcolor":[394],"maat":[],"productsupplier":[494],"productsleeve":[],"productcategory":[259],"productsilhouette":[],"productstyle":[],"class_list":["post-80035","product","type-product","status-publish","has-post-thumbnail","hentry","productcolor-394","productsupplier-chic-holland","productcategory-avondkleding"],"acf":[],"yoast_head":"<!-- This site is optimized with the Yoast SEO plugin v26.8 - https:\/\/yoast.com\/product\/yoast-seo-wordpress\/ -->\n<title>Chic &amp; Holland 916 | Koonings<\/title>\n<meta name=\"description\" content=\"Dieses silber- und nudefarbene Kleid von Chic &amp; Holland hat eine stilvolle, taillierte Passform. Das Kleid ist mit Strasssteinen, Glitter und Pailletten verziert. Das Oberteil hat einen V-Ausschnitt und einen sexy offenen R\u00fccken. Der Rock sitzt an den H\u00fcften gut und f\u00e4llt bis zum Boden. Dieses Kleid ist perfekt f\u00fcr jede Gala, Abendgarderobe, Hochzeit oder Veranstaltung auf dem roten Teppich.\" \/>\n<meta name=\"robots\" content=\"index, follow, max-snippet:-1, max-image-preview:large, max-video-preview:-1\" \/>\n<link rel=\"canonical\" href=\"https:\/\/www.koonings.com\/de\/product\/chic-holland-916\/\" \/>\n<meta property=\"og:locale\" content=\"de_DE\" \/>\n<meta property=\"og:type\" content=\"article\" \/>\n<meta property=\"og:title\" content=\"Chic &amp; Holland 916 | Koonings\" \/>\n<meta property=\"og:description\" content=\"Dieses silber- und nudefarbene Kleid von Chic &amp; Holland hat eine stilvolle, taillierte Passform. Das Kleid ist mit Strasssteinen, Glitter und Pailletten verziert. Das Oberteil hat einen V-Ausschnitt und einen sexy offenen R\u00fccken. Der Rock sitzt an den H\u00fcften gut und f\u00e4llt bis zum Boden. Dieses Kleid ist perfekt f\u00fcr jede Gala, Abendgarderobe, Hochzeit oder Veranstaltung auf dem roten Teppich.\" \/>\n<meta property=\"og:url\" content=\"https:\/\/www.koonings.com\/de\/product\/chic-holland-916\/\" \/>\n<meta property=\"og:site_name\" content=\"Koonings\" \/>\n<meta property=\"article:publisher\" content=\"https:\/\/www.facebook.com\/kooningstheweddingpalace\" \/>\n<meta property=\"article:modified_time\" content=\"2026-02-03T19:06:53+00:00\" \/>\n<meta property=\"og:image\" content=\"https:\/\/www.koonings.com\/wp-content\/uploads\/2024\/11\/21392_913e489f6e97fc84d74134f4ed5d33401175834e4dd27a4bf1312e1ece11322706834dda.jpeg\" \/>\n\t<meta property=\"og:image:width\" content=\"662\" \/>\n\t<meta property=\"og:image:height\" content=\"933\" \/>\n\t<meta property=\"og:image:type\" content=\"image\/jpeg\" \/>\n<meta name=\"twitter:card\" content=\"summary_large_image\" \/>\n<script type=\"application\/ld+json\" class=\"yoast-schema-graph\">{\"@context\":\"https:\/\/schema.org\",\"@graph\":[{\"@type\":\"WebPage\",\"@id\":\"https:\/\/www.koonings.com\/de\/product\/chic-holland-916\/\",\"url\":\"https:\/\/www.koonings.com\/de\/product\/chic-holland-916\/\",\"name\":\"Chic &amp; Holland 916 | Koonings\",\"isPartOf\":{\"@id\":\"https:\/\/www.koonings.com\/de\/#website\"},\"primaryImageOfPage\":{\"@id\":\"https:\/\/www.koonings.com\/de\/product\/chic-holland-916\/#primaryimage\"},\"image\":{\"@id\":\"https:\/\/www.koonings.com\/de\/product\/chic-holland-916\/#primaryimage\"},\"thumbnailUrl\":\"https:\/\/www.koonings.com\/wp-content\/uploads\/2024\/11\/21392_913e489f6e97fc84d74134f4ed5d33401175834e4dd27a4bf1312e1ece11322706834dda.jpeg\",\"datePublished\":\"2025-12-14T23:06:09+00:00\",\"dateModified\":\"2026-02-03T19:06:53+00:00\",\"description\":\"Dieses silber- und nudefarbene Kleid von Chic & Holland hat eine stilvolle, taillierte Passform. Das Kleid ist mit Strasssteinen, Glitter und Pailletten verziert. Das Oberteil hat einen V-Ausschnitt und einen sexy offenen R\u00fccken. Der Rock sitzt an den H\u00fcften gut und f\u00e4llt bis zum Boden. Dieses Kleid ist perfekt f\u00fcr jede Gala, Abendgarderobe, Hochzeit oder Veranstaltung auf dem roten Teppich.\",\"breadcrumb\":{\"@id\":\"https:\/\/www.koonings.com\/de\/product\/chic-holland-916\/#breadcrumb\"},\"inLanguage\":\"de\",\"potentialAction\":[{\"@type\":\"ReadAction\",\"target\":[\"https:\/\/www.koonings.com\/de\/product\/chic-holland-916\/\"]}]},{\"@type\":\"ImageObject\",\"inLanguage\":\"de\",\"@id\":\"https:\/\/www.koonings.com\/de\/product\/chic-holland-916\/#primaryimage\",\"url\":\"https:\/\/www.koonings.com\/wp-content\/uploads\/2024\/11\/21392_913e489f6e97fc84d74134f4ed5d33401175834e4dd27a4bf1312e1ece11322706834dda.jpeg\",\"contentUrl\":\"https:\/\/www.koonings.com\/wp-content\/uploads\/2024\/11\/21392_913e489f6e97fc84d74134f4ed5d33401175834e4dd27a4bf1312e1ece11322706834dda.jpeg\",\"width\":662,\"height\":933},{\"@type\":\"BreadcrumbList\",\"@id\":\"https:\/\/www.koonings.com\/de\/product\/chic-holland-916\/#breadcrumb\",\"itemListElement\":[{\"@type\":\"ListItem\",\"position\":1,\"name\":\"Home\",\"item\":\"https:\/\/www.koonings.com\/de\/\"},{\"@type\":\"ListItem\",\"position\":2,\"name\":\"Chic &amp; Holland 916\"}]},{\"@type\":\"WebSite\",\"@id\":\"https:\/\/www.koonings.com\/de\/#website\",\"url\":\"https:\/\/www.koonings.com\/de\/\",\"name\":\"Koonings\",\"description\":\"De grootste bruidsmodewinkel ter wereld\",\"publisher\":{\"@id\":\"https:\/\/www.koonings.com\/de\/#organization\"},\"potentialAction\":[{\"@type\":\"SearchAction\",\"target\":{\"@type\":\"EntryPoint\",\"urlTemplate\":\"https:\/\/www.koonings.com\/de\/?s={search_term_string}\"},\"query-input\":{\"@type\":\"PropertyValueSpecification\",\"valueRequired\":true,\"valueName\":\"search_term_string\"}}],\"inLanguage\":\"de\"},{\"@type\":\"Organization\",\"@id\":\"https:\/\/www.koonings.com\/de\/#organization\",\"name\":\"Koonings\",\"url\":\"https:\/\/www.koonings.com\/de\/\",\"logo\":{\"@type\":\"ImageObject\",\"inLanguage\":\"de\",\"@id\":\"https:\/\/www.koonings.com\/de\/#\/schema\/logo\/image\/\",\"url\":\"https:\/\/www.koonings.com\/wp-content\/uploads\/2024\/07\/logo.png\",\"contentUrl\":\"https:\/\/www.koonings.com\/wp-content\/uploads\/2024\/07\/logo.png\",\"width\":600,\"height\":428,\"caption\":\"Koonings\"},\"image\":{\"@id\":\"https:\/\/www.koonings.com\/de\/#\/schema\/logo\/image\/\"},\"sameAs\":[\"https:\/\/www.facebook.com\/kooningstheweddingpalace\",\"https:\/\/www.instagram.com\/kooningstheweddingpalace\",\"https:\/\/www.pinterest.com\/koonings\",\"https:\/\/www.youtube.com\/kooningstheweddingpalace\"]}]}<\/script>\n<!-- \/ Yoast SEO plugin. -->","yoast_head_json":{"title":"Chic &amp; Holland 916 | Koonings","description":"Dieses silber- und nudefarbene Kleid von Chic & Holland hat eine stilvolle, taillierte Passform. Das Kleid ist mit Strasssteinen, Glitter und Pailletten verziert. Das Oberteil hat einen V-Ausschnitt und einen sexy offenen R\u00fccken. Der Rock sitzt an den H\u00fcften gut und f\u00e4llt bis zum Boden. Dieses Kleid ist perfekt f\u00fcr jede Gala, Abendgarderobe, Hochzeit oder Veranstaltung auf dem roten Teppich.","robots":{"index":"index","follow":"follow","max-snippet":"max-snippet:-1","max-image-preview":"max-image-preview:large","max-video-preview":"max-video-preview:-1"},"canonical":"https:\/\/www.koonings.com\/de\/product\/chic-holland-916\/","og_locale":"de_DE","og_type":"article","og_title":"Chic &amp; Holland 916 | Koonings","og_description":"Dieses silber- und nudefarbene Kleid von Chic & Holland hat eine stilvolle, taillierte Passform. Das Kleid ist mit Strasssteinen, Glitter und Pailletten verziert. Das Oberteil hat einen V-Ausschnitt und einen sexy offenen R\u00fccken. Der Rock sitzt an den H\u00fcften gut und f\u00e4llt bis zum Boden. Dieses Kleid ist perfekt f\u00fcr jede Gala, Abendgarderobe, Hochzeit oder Veranstaltung auf dem roten Teppich.","og_url":"https:\/\/www.koonings.com\/de\/product\/chic-holland-916\/","og_site_name":"Koonings","article_publisher":"https:\/\/www.facebook.com\/kooningstheweddingpalace","article_modified_time":"2026-02-03T19:06:53+00:00","og_image":[{"width":662,"height":933,"url":"https:\/\/www.koonings.com\/wp-content\/uploads\/2024\/11\/21392_913e489f6e97fc84d74134f4ed5d33401175834e4dd27a4bf1312e1ece11322706834dda.jpeg","type":"image\/jpeg"}],"twitter_card":"summary_large_image","schema":{"@context":"https:\/\/schema.org","@graph":[{"@type":"WebPage","@id":"https:\/\/www.koonings.com\/de\/product\/chic-holland-916\/","url":"https:\/\/www.koonings.com\/de\/product\/chic-holland-916\/","name":"Chic &amp; Holland 916 | Koonings","isPartOf":{"@id":"https:\/\/www.koonings.com\/de\/#website"},"primaryImageOfPage":{"@id":"https:\/\/www.koonings.com\/de\/product\/chic-holland-916\/#primaryimage"},"image":{"@id":"https:\/\/www.koonings.com\/de\/product\/chic-holland-916\/#primaryimage"},"thumbnailUrl":"https:\/\/www.koonings.com\/wp-content\/uploads\/2024\/11\/21392_913e489f6e97fc84d74134f4ed5d33401175834e4dd27a4bf1312e1ece11322706834dda.jpeg","datePublished":"2025-12-14T23:06:09+00:00","dateModified":"2026-02-03T19:06:53+00:00","description":"Dieses silber- und nudefarbene Kleid von Chic & Holland hat eine stilvolle, taillierte Passform. Das Kleid ist mit Strasssteinen, Glitter und Pailletten verziert. Das Oberteil hat einen V-Ausschnitt und einen sexy offenen R\u00fccken. Der Rock sitzt an den H\u00fcften gut und f\u00e4llt bis zum Boden. Dieses Kleid ist perfekt f\u00fcr jede Gala, Abendgarderobe, Hochzeit oder Veranstaltung auf dem roten Teppich.","breadcrumb":{"@id":"https:\/\/www.koonings.com\/de\/product\/chic-holland-916\/#breadcrumb"},"inLanguage":"de","potentialAction":[{"@type":"ReadAction","target":["https:\/\/www.koonings.com\/de\/product\/chic-holland-916\/"]}]},{"@type":"ImageObject","inLanguage":"de","@id":"https:\/\/www.koonings.com\/de\/product\/chic-holland-916\/#primaryimage","url":"https:\/\/www.koonings.com\/wp-content\/uploads\/2024\/11\/21392_913e489f6e97fc84d74134f4ed5d33401175834e4dd27a4bf1312e1ece11322706834dda.jpeg","contentUrl":"https:\/\/www.koonings.com\/wp-content\/uploads\/2024\/11\/21392_913e489f6e97fc84d74134f4ed5d33401175834e4dd27a4bf1312e1ece11322706834dda.jpeg","width":662,"height":933},{"@type":"BreadcrumbList","@id":"https:\/\/www.koonings.com\/de\/product\/chic-holland-916\/#breadcrumb","itemListElement":[{"@type":"ListItem","position":1,"name":"Home","item":"https:\/\/www.koonings.com\/de\/"},{"@type":"ListItem","position":2,"name":"Chic &amp; Holland 916"}]},{"@type":"WebSite","@id":"https:\/\/www.koonings.com\/de\/#website","url":"https:\/\/www.koonings.com\/de\/","name":"Koonings","description":"De grootste bruidsmodewinkel ter wereld","publisher":{"@id":"https:\/\/www.koonings.com\/de\/#organization"},"potentialAction":[{"@type":"SearchAction","target":{"@type":"EntryPoint","urlTemplate":"https:\/\/www.koonings.com\/de\/?s={search_term_string}"},"query-input":{"@type":"PropertyValueSpecification","valueRequired":true,"valueName":"search_term_string"}}],"inLanguage":"de"},{"@type":"Organization","@id":"https:\/\/www.koonings.com\/de\/#organization","name":"Koonings","url":"https:\/\/www.koonings.com\/de\/","logo":{"@type":"ImageObject","inLanguage":"de","@id":"https:\/\/www.koonings.com\/de\/#\/schema\/logo\/image\/","url":"https:\/\/www.koonings.com\/wp-content\/uploads\/2024\/07\/logo.png","contentUrl":"https:\/\/www.koonings.com\/wp-content\/uploads\/2024\/07\/logo.png","width":600,"height":428,"caption":"Koonings"},"image":{"@id":"https:\/\/www.koonings.com\/de\/#\/schema\/logo\/image\/"},"sameAs":["https:\/\/www.facebook.com\/kooningstheweddingpalace","https:\/\/www.instagram.com\/kooningstheweddingpalace","https:\/\/www.pinterest.com\/koonings","https:\/\/www.youtube.com\/kooningstheweddingpalace"]}]}},"_links":{"self":[{"href":"https:\/\/www.koonings.com\/de\/wp-json\/wp\/v2\/product\/80035","targetHints":{"allow":["GET"]}}],"collection":[{"href":"https:\/\/www.koonings.com\/de\/wp-json\/wp\/v2\/product"}],"about":[{"href":"https:\/\/www.koonings.com\/de\/wp-json\/wp\/v2\/types\/product"}],"wp:featuredmedia":[{"embeddable":true,"href":"https:\/\/www.koonings.com\/de\/wp-json\/wp\/v2\/media\/73427"}],"wp:attachment":[{"href":"https:\/\/www.koonings.com\/de\/wp-json\/wp\/v2\/media?parent=80035"}],"wp:term":[{"taxonomy":"productdetails","embeddable":true,"href":"https:\/\/www.koonings.com\/de\/wp-json\/wp\/v2\/productdetails?post=80035"},{"taxonomy":"productneck","embeddable":true,"href":"https:\/\/www.koonings.com\/de\/wp-json\/wp\/v2\/productneck?post=80035"},{"taxonomy":"productcolor","embeddable":true,"href":"https:\/\/www.koonings.com\/de\/wp-json\/wp\/v2\/productcolor?post=80035"},{"taxonomy":"maat","embeddable":true,"href":"https:\/\/www.koonings.com\/de\/wp-json\/wp\/v2\/maat?post=80035"},{"taxonomy":"productsupplier","embeddable":true,"href":"https:\/\/www.koonings.com\/de\/wp-json\/wp\/v2\/productsupplier?post=80035"},{"taxonomy":"productsleeve","embeddable":true,"href":"https:\/\/www.koonings.com\/de\/wp-json\/wp\/v2\/productsleeve?post=80035"},{"taxonomy":"productcategory","embeddable":true,"href":"https:\/\/www.koonings.com\/de\/wp-json\/wp\/v2\/productcategory?post=80035"},{"taxonomy":"productsilhouette","embeddable":true,"href":"https:\/\/www.koonings.com\/de\/wp-json\/wp\/v2\/productsilhouette?post=80035"},{"taxonomy":"productstyle","embeddable":true,"href":"https:\/\/www.koonings.com\/de\/wp-json\/wp\/v2\/productstyle?post=80035"}],"curies":[{"name":"wp","href":"https:\/\/api.w.org\/{rel}","templated":true}]}}