{"id":80034,"date":"2026-05-06T15:02:44","date_gmt":"2026-05-06T13:02:44","guid":{"rendered":"https:\/\/www.koonings.com\/product\/chic-holland-822\/"},"modified":"2026-02-16T14:55:26","modified_gmt":"2026-02-16T13:55:26","slug":"chic-holland-822","status":"publish","type":"product","link":"https:\/\/www.koonings.com\/de\/product\/chic-holland-822\/","title":{"rendered":"Chic &amp; Holland 822"},"content":{"rendered":"<p>Dieses wundersch\u00f6ne Galakleid von Chic &amp; Holland hat eine taillierte Silhouette und ist in einem err\u00f6tenden Farbton gehalten. Die Glitzersteine und Strasssteine, die in einem sch\u00f6nen Muster verlaufen, verleihen dem Kleid einen exklusiven, glamour\u00f6sen Look. Das Abendkleid ist f\u00fcr einen Anlass wie eine Gala, einen Sch\u00f6nheitswettbewerb oder eine Hochzeit geeignet.  <\/p>\n","protected":false},"featured_media":73453,"template":"","meta":{"_acf_changed":false,"ghostkit_customizer_options":"","ghostkit_custom_css":"","ghostkit_custom_js_head":"","ghostkit_custom_js_foot":"","ghostkit_typography":""},"productdetails":[],"productneck":[],"productcolor":[394],"maat":[],"productsupplier":[494],"productsleeve":[],"productcategory":[259],"productsilhouette":[],"productstyle":[],"class_list":["post-80034","product","type-product","status-publish","has-post-thumbnail","hentry","productcolor-394","productsupplier-chic-holland","productcategory-avondkleding"],"acf":[],"yoast_head":"<!-- This site is optimized with the Yoast SEO plugin v27.3 - https:\/\/yoast.com\/product\/yoast-seo-wordpress\/ -->\n<title>Chic &amp; Holland 822 | Koonings<\/title>\n<meta name=\"description\" content=\"Dieses wundersch\u00f6ne Galakleid von Chic &amp; Holland hat eine taillierte Silhouette und ist in einem err\u00f6tenden Farbton gehalten. Die Glitzersteine und Strasssteine, die in einem sch\u00f6nen Muster verlaufen, verleihen dem Kleid einen exklusiven, glamour\u00f6sen Look. Das Abendkleid ist f\u00fcr einen Anlass wie eine Gala, einen Sch\u00f6nheitswettbewerb oder eine Hochzeit geeignet.\" \/>\n<meta name=\"robots\" content=\"index, follow, max-snippet:-1, max-image-preview:large, max-video-preview:-1\" \/>\n<link rel=\"canonical\" href=\"https:\/\/www.koonings.com\/de\/product\/chic-holland-822\/\" \/>\n<meta property=\"og:locale\" content=\"de_DE\" \/>\n<meta property=\"og:type\" content=\"article\" \/>\n<meta property=\"og:title\" content=\"Chic &amp; Holland 822 | Koonings\" \/>\n<meta property=\"og:description\" content=\"Dieses wundersch\u00f6ne Galakleid von Chic &amp; Holland hat eine taillierte Silhouette und ist in einem err\u00f6tenden Farbton gehalten. Die Glitzersteine und Strasssteine, die in einem sch\u00f6nen Muster verlaufen, verleihen dem Kleid einen exklusiven, glamour\u00f6sen Look. Das Abendkleid ist f\u00fcr einen Anlass wie eine Gala, einen Sch\u00f6nheitswettbewerb oder eine Hochzeit geeignet.\" \/>\n<meta property=\"og:url\" content=\"https:\/\/www.koonings.com\/de\/product\/chic-holland-822\/\" \/>\n<meta property=\"og:site_name\" content=\"Koonings\" \/>\n<meta property=\"article:publisher\" content=\"https:\/\/www.facebook.com\/kooningstheweddingpalace\" \/>\n<meta property=\"og:image\" content=\"https:\/\/www.koonings.com\/wp-content\/uploads\/2024\/11\/21400_137a6939b04ed6e0638501c6f7f7c68bafb5dbed40db36292be542a7a4e39c98f5c7727b.jpeg\" \/>\n\t<meta property=\"og:image:width\" content=\"1137\" \/>\n\t<meta property=\"og:image:height\" content=\"1605\" \/>\n\t<meta property=\"og:image:type\" content=\"image\/jpeg\" \/>\n<meta name=\"twitter:card\" content=\"summary_large_image\" \/>\n<script type=\"application\/ld+json\" class=\"yoast-schema-graph\">{\"@context\":\"https:\\\/\\\/schema.org\",\"@graph\":[{\"@type\":\"WebPage\",\"@id\":\"https:\\\/\\\/www.koonings.com\\\/de\\\/product\\\/chic-holland-822\\\/\",\"url\":\"https:\\\/\\\/www.koonings.com\\\/de\\\/product\\\/chic-holland-822\\\/\",\"name\":\"Chic &amp; Holland 822 | Koonings\",\"isPartOf\":{\"@id\":\"https:\\\/\\\/www.koonings.com\\\/de\\\/#website\"},\"primaryImageOfPage\":{\"@id\":\"https:\\\/\\\/www.koonings.com\\\/de\\\/product\\\/chic-holland-822\\\/#primaryimage\"},\"image\":{\"@id\":\"https:\\\/\\\/www.koonings.com\\\/de\\\/product\\\/chic-holland-822\\\/#primaryimage\"},\"thumbnailUrl\":\"https:\\\/\\\/www.koonings.com\\\/wp-content\\\/uploads\\\/2024\\\/11\\\/21400_137a6939b04ed6e0638501c6f7f7c68bafb5dbed40db36292be542a7a4e39c98f5c7727b.jpeg\",\"datePublished\":\"2026-05-06T13:02:44+00:00\",\"description\":\"Dieses wundersch\u00f6ne Galakleid von Chic & Holland hat eine taillierte Silhouette und ist in einem err\u00f6tenden Farbton gehalten. Die Glitzersteine und Strasssteine, die in einem sch\u00f6nen Muster verlaufen, verleihen dem Kleid einen exklusiven, glamour\u00f6sen Look. Das Abendkleid ist f\u00fcr einen Anlass wie eine Gala, einen Sch\u00f6nheitswettbewerb oder eine Hochzeit geeignet.\",\"breadcrumb\":{\"@id\":\"https:\\\/\\\/www.koonings.com\\\/de\\\/product\\\/chic-holland-822\\\/#breadcrumb\"},\"inLanguage\":\"de\",\"potentialAction\":[{\"@type\":\"ReadAction\",\"target\":[\"https:\\\/\\\/www.koonings.com\\\/de\\\/product\\\/chic-holland-822\\\/\"]}]},{\"@type\":\"ImageObject\",\"inLanguage\":\"de\",\"@id\":\"https:\\\/\\\/www.koonings.com\\\/de\\\/product\\\/chic-holland-822\\\/#primaryimage\",\"url\":\"https:\\\/\\\/www.koonings.com\\\/wp-content\\\/uploads\\\/2024\\\/11\\\/21400_137a6939b04ed6e0638501c6f7f7c68bafb5dbed40db36292be542a7a4e39c98f5c7727b.jpeg\",\"contentUrl\":\"https:\\\/\\\/www.koonings.com\\\/wp-content\\\/uploads\\\/2024\\\/11\\\/21400_137a6939b04ed6e0638501c6f7f7c68bafb5dbed40db36292be542a7a4e39c98f5c7727b.jpeg\",\"width\":1137,\"height\":1605},{\"@type\":\"BreadcrumbList\",\"@id\":\"https:\\\/\\\/www.koonings.com\\\/de\\\/product\\\/chic-holland-822\\\/#breadcrumb\",\"itemListElement\":[{\"@type\":\"ListItem\",\"position\":1,\"name\":\"Home\",\"item\":\"https:\\\/\\\/www.koonings.com\\\/de\\\/\"},{\"@type\":\"ListItem\",\"position\":2,\"name\":\"Chic &amp; Holland 822\"}]},{\"@type\":\"WebSite\",\"@id\":\"https:\\\/\\\/www.koonings.com\\\/de\\\/#website\",\"url\":\"https:\\\/\\\/www.koonings.com\\\/de\\\/\",\"name\":\"Koonings\",\"description\":\"De grootste bruidsmodewinkel ter wereld\",\"publisher\":{\"@id\":\"https:\\\/\\\/www.koonings.com\\\/de\\\/#organization\"},\"potentialAction\":[{\"@type\":\"SearchAction\",\"target\":{\"@type\":\"EntryPoint\",\"urlTemplate\":\"https:\\\/\\\/www.koonings.com\\\/de\\\/?s={search_term_string}\"},\"query-input\":{\"@type\":\"PropertyValueSpecification\",\"valueRequired\":true,\"valueName\":\"search_term_string\"}}],\"inLanguage\":\"de\"},{\"@type\":\"Organization\",\"@id\":\"https:\\\/\\\/www.koonings.com\\\/de\\\/#organization\",\"name\":\"Koonings\",\"url\":\"https:\\\/\\\/www.koonings.com\\\/de\\\/\",\"logo\":{\"@type\":\"ImageObject\",\"inLanguage\":\"de\",\"@id\":\"https:\\\/\\\/www.koonings.com\\\/de\\\/#\\\/schema\\\/logo\\\/image\\\/\",\"url\":\"https:\\\/\\\/www.koonings.com\\\/wp-content\\\/uploads\\\/2024\\\/07\\\/logo.png\",\"contentUrl\":\"https:\\\/\\\/www.koonings.com\\\/wp-content\\\/uploads\\\/2024\\\/07\\\/logo.png\",\"width\":600,\"height\":428,\"caption\":\"Koonings\"},\"image\":{\"@id\":\"https:\\\/\\\/www.koonings.com\\\/de\\\/#\\\/schema\\\/logo\\\/image\\\/\"},\"sameAs\":[\"https:\\\/\\\/www.facebook.com\\\/kooningstheweddingpalace\",\"https:\\\/\\\/www.instagram.com\\\/kooningstheweddingpalace\",\"https:\\\/\\\/www.pinterest.com\\\/koonings\",\"https:\\\/\\\/www.youtube.com\\\/kooningstheweddingpalace\"]}]}<\/script>\n<!-- \/ Yoast SEO plugin. -->","yoast_head_json":{"title":"Chic &amp; Holland 822 | Koonings","description":"Dieses wundersch\u00f6ne Galakleid von Chic & Holland hat eine taillierte Silhouette und ist in einem err\u00f6tenden Farbton gehalten. Die Glitzersteine und Strasssteine, die in einem sch\u00f6nen Muster verlaufen, verleihen dem Kleid einen exklusiven, glamour\u00f6sen Look. Das Abendkleid ist f\u00fcr einen Anlass wie eine Gala, einen Sch\u00f6nheitswettbewerb oder eine Hochzeit geeignet.","robots":{"index":"index","follow":"follow","max-snippet":"max-snippet:-1","max-image-preview":"max-image-preview:large","max-video-preview":"max-video-preview:-1"},"canonical":"https:\/\/www.koonings.com\/de\/product\/chic-holland-822\/","og_locale":"de_DE","og_type":"article","og_title":"Chic &amp; Holland 822 | Koonings","og_description":"Dieses wundersch\u00f6ne Galakleid von Chic & Holland hat eine taillierte Silhouette und ist in einem err\u00f6tenden Farbton gehalten. Die Glitzersteine und Strasssteine, die in einem sch\u00f6nen Muster verlaufen, verleihen dem Kleid einen exklusiven, glamour\u00f6sen Look. Das Abendkleid ist f\u00fcr einen Anlass wie eine Gala, einen Sch\u00f6nheitswettbewerb oder eine Hochzeit geeignet.","og_url":"https:\/\/www.koonings.com\/de\/product\/chic-holland-822\/","og_site_name":"Koonings","article_publisher":"https:\/\/www.facebook.com\/kooningstheweddingpalace","og_image":[{"width":1137,"height":1605,"url":"https:\/\/www.koonings.com\/wp-content\/uploads\/2024\/11\/21400_137a6939b04ed6e0638501c6f7f7c68bafb5dbed40db36292be542a7a4e39c98f5c7727b.jpeg","type":"image\/jpeg"}],"twitter_card":"summary_large_image","schema":{"@context":"https:\/\/schema.org","@graph":[{"@type":"WebPage","@id":"https:\/\/www.koonings.com\/de\/product\/chic-holland-822\/","url":"https:\/\/www.koonings.com\/de\/product\/chic-holland-822\/","name":"Chic &amp; Holland 822 | Koonings","isPartOf":{"@id":"https:\/\/www.koonings.com\/de\/#website"},"primaryImageOfPage":{"@id":"https:\/\/www.koonings.com\/de\/product\/chic-holland-822\/#primaryimage"},"image":{"@id":"https:\/\/www.koonings.com\/de\/product\/chic-holland-822\/#primaryimage"},"thumbnailUrl":"https:\/\/www.koonings.com\/wp-content\/uploads\/2024\/11\/21400_137a6939b04ed6e0638501c6f7f7c68bafb5dbed40db36292be542a7a4e39c98f5c7727b.jpeg","datePublished":"2026-05-06T13:02:44+00:00","description":"Dieses wundersch\u00f6ne Galakleid von Chic & Holland hat eine taillierte Silhouette und ist in einem err\u00f6tenden Farbton gehalten. Die Glitzersteine und Strasssteine, die in einem sch\u00f6nen Muster verlaufen, verleihen dem Kleid einen exklusiven, glamour\u00f6sen Look. Das Abendkleid ist f\u00fcr einen Anlass wie eine Gala, einen Sch\u00f6nheitswettbewerb oder eine Hochzeit geeignet.","breadcrumb":{"@id":"https:\/\/www.koonings.com\/de\/product\/chic-holland-822\/#breadcrumb"},"inLanguage":"de","potentialAction":[{"@type":"ReadAction","target":["https:\/\/www.koonings.com\/de\/product\/chic-holland-822\/"]}]},{"@type":"ImageObject","inLanguage":"de","@id":"https:\/\/www.koonings.com\/de\/product\/chic-holland-822\/#primaryimage","url":"https:\/\/www.koonings.com\/wp-content\/uploads\/2024\/11\/21400_137a6939b04ed6e0638501c6f7f7c68bafb5dbed40db36292be542a7a4e39c98f5c7727b.jpeg","contentUrl":"https:\/\/www.koonings.com\/wp-content\/uploads\/2024\/11\/21400_137a6939b04ed6e0638501c6f7f7c68bafb5dbed40db36292be542a7a4e39c98f5c7727b.jpeg","width":1137,"height":1605},{"@type":"BreadcrumbList","@id":"https:\/\/www.koonings.com\/de\/product\/chic-holland-822\/#breadcrumb","itemListElement":[{"@type":"ListItem","position":1,"name":"Home","item":"https:\/\/www.koonings.com\/de\/"},{"@type":"ListItem","position":2,"name":"Chic &amp; Holland 822"}]},{"@type":"WebSite","@id":"https:\/\/www.koonings.com\/de\/#website","url":"https:\/\/www.koonings.com\/de\/","name":"Koonings","description":"De grootste bruidsmodewinkel ter wereld","publisher":{"@id":"https:\/\/www.koonings.com\/de\/#organization"},"potentialAction":[{"@type":"SearchAction","target":{"@type":"EntryPoint","urlTemplate":"https:\/\/www.koonings.com\/de\/?s={search_term_string}"},"query-input":{"@type":"PropertyValueSpecification","valueRequired":true,"valueName":"search_term_string"}}],"inLanguage":"de"},{"@type":"Organization","@id":"https:\/\/www.koonings.com\/de\/#organization","name":"Koonings","url":"https:\/\/www.koonings.com\/de\/","logo":{"@type":"ImageObject","inLanguage":"de","@id":"https:\/\/www.koonings.com\/de\/#\/schema\/logo\/image\/","url":"https:\/\/www.koonings.com\/wp-content\/uploads\/2024\/07\/logo.png","contentUrl":"https:\/\/www.koonings.com\/wp-content\/uploads\/2024\/07\/logo.png","width":600,"height":428,"caption":"Koonings"},"image":{"@id":"https:\/\/www.koonings.com\/de\/#\/schema\/logo\/image\/"},"sameAs":["https:\/\/www.facebook.com\/kooningstheweddingpalace","https:\/\/www.instagram.com\/kooningstheweddingpalace","https:\/\/www.pinterest.com\/koonings","https:\/\/www.youtube.com\/kooningstheweddingpalace"]}]}},"_links":{"self":[{"href":"https:\/\/www.koonings.com\/de\/wp-json\/wp\/v2\/product\/80034","targetHints":{"allow":["GET"]}}],"collection":[{"href":"https:\/\/www.koonings.com\/de\/wp-json\/wp\/v2\/product"}],"about":[{"href":"https:\/\/www.koonings.com\/de\/wp-json\/wp\/v2\/types\/product"}],"wp:featuredmedia":[{"embeddable":true,"href":"https:\/\/www.koonings.com\/de\/wp-json\/wp\/v2\/media\/73453"}],"wp:attachment":[{"href":"https:\/\/www.koonings.com\/de\/wp-json\/wp\/v2\/media?parent=80034"}],"wp:term":[{"taxonomy":"productdetails","embeddable":true,"href":"https:\/\/www.koonings.com\/de\/wp-json\/wp\/v2\/productdetails?post=80034"},{"taxonomy":"productneck","embeddable":true,"href":"https:\/\/www.koonings.com\/de\/wp-json\/wp\/v2\/productneck?post=80034"},{"taxonomy":"productcolor","embeddable":true,"href":"https:\/\/www.koonings.com\/de\/wp-json\/wp\/v2\/productcolor?post=80034"},{"taxonomy":"maat","embeddable":true,"href":"https:\/\/www.koonings.com\/de\/wp-json\/wp\/v2\/maat?post=80034"},{"taxonomy":"productsupplier","embeddable":true,"href":"https:\/\/www.koonings.com\/de\/wp-json\/wp\/v2\/productsupplier?post=80034"},{"taxonomy":"productsleeve","embeddable":true,"href":"https:\/\/www.koonings.com\/de\/wp-json\/wp\/v2\/productsleeve?post=80034"},{"taxonomy":"productcategory","embeddable":true,"href":"https:\/\/www.koonings.com\/de\/wp-json\/wp\/v2\/productcategory?post=80034"},{"taxonomy":"productsilhouette","embeddable":true,"href":"https:\/\/www.koonings.com\/de\/wp-json\/wp\/v2\/productsilhouette?post=80034"},{"taxonomy":"productstyle","embeddable":true,"href":"https:\/\/www.koonings.com\/de\/wp-json\/wp\/v2\/productstyle?post=80034"}],"curies":[{"name":"wp","href":"https:\/\/api.w.org\/{rel}","templated":true}]}}