{"id":79975,"date":"2026-04-14T16:06:28","date_gmt":"2026-04-14T14:06:28","guid":{"rendered":"https:\/\/www.koonings.com\/product\/chic-holland-hf917\/"},"modified":"2026-02-16T14:55:54","modified_gmt":"2026-02-16T13:55:54","slug":"chic-holland-hf917","status":"publish","type":"product","link":"https:\/\/www.koonings.com\/de\/product\/chic-holland-hf917\/","title":{"rendered":"Chic &amp; Holland HF917"},"content":{"rendered":"<p>Dieses glamour\u00f6se graue Kleid von Chic &amp; Holland hat eine figurumspielende Silhouette. Das Kleid f\u00e4llt sch\u00f6n bis zum Boden und hat einen V-Ausschnitt und einen tiefen offenen R\u00fccken. Das Kleid ist mit Strasssteinen und Glitter verziert. Dieses Kleid ist perfekt f\u00fcr eine Gala, Smoking, Hochzeit oder einen roten Teppich.   <\/p>\n","protected":false},"featured_media":73694,"template":"","meta":{"_acf_changed":false,"ghostkit_customizer_options":"","ghostkit_custom_css":"","ghostkit_custom_js_head":"","ghostkit_custom_js_foot":"","ghostkit_typography":""},"productdetails":[],"productneck":[],"productcolor":[394],"maat":[],"productsupplier":[494],"productsleeve":[],"productcategory":[259],"productsilhouette":[],"productstyle":[],"class_list":["post-79975","product","type-product","status-publish","has-post-thumbnail","hentry","productcolor-394","productsupplier-chic-holland","productcategory-avondkleding"],"acf":[],"yoast_head":"<!-- This site is optimized with the Yoast SEO plugin v27.3 - https:\/\/yoast.com\/product\/yoast-seo-wordpress\/ -->\n<title>Chic &amp; Holland HF917 | Koonings<\/title>\n<meta name=\"description\" content=\"Dieses glamour\u00f6se graue Kleid von Chic &amp; Holland hat eine figurumspielende Silhouette. Das Kleid f\u00e4llt sch\u00f6n bis zum Boden und hat einen V-Ausschnitt und einen tiefen offenen R\u00fccken. Das Kleid ist mit Strasssteinen und Glitter verziert. Dieses Kleid ist perfekt f\u00fcr eine Gala, Smoking, Hochzeit oder einen roten Teppich.\" \/>\n<meta name=\"robots\" content=\"index, follow, max-snippet:-1, max-image-preview:large, max-video-preview:-1\" \/>\n<link rel=\"canonical\" href=\"https:\/\/www.koonings.com\/de\/product\/chic-holland-hf917\/\" \/>\n<meta property=\"og:locale\" content=\"de_DE\" \/>\n<meta property=\"og:type\" content=\"article\" \/>\n<meta property=\"og:title\" content=\"Chic &amp; Holland HF917 | Koonings\" \/>\n<meta property=\"og:description\" content=\"Dieses glamour\u00f6se graue Kleid von Chic &amp; Holland hat eine figurumspielende Silhouette. Das Kleid f\u00e4llt sch\u00f6n bis zum Boden und hat einen V-Ausschnitt und einen tiefen offenen R\u00fccken. Das Kleid ist mit Strasssteinen und Glitter verziert. Dieses Kleid ist perfekt f\u00fcr eine Gala, Smoking, Hochzeit oder einen roten Teppich.\" \/>\n<meta property=\"og:url\" content=\"https:\/\/www.koonings.com\/de\/product\/chic-holland-hf917\/\" \/>\n<meta property=\"og:site_name\" content=\"Koonings\" \/>\n<meta property=\"article:publisher\" content=\"https:\/\/www.facebook.com\/kooningstheweddingpalace\" \/>\n<meta property=\"og:image\" content=\"https:\/\/www.koonings.com\/wp-content\/uploads\/2024\/11\/28413_cb42b94da3af772c15f0cf32fc50282626b96567ebe635f5703e07a2244c815b4963bb48.jpeg\" \/>\n\t<meta property=\"og:image:width\" content=\"1198\" \/>\n\t<meta property=\"og:image:height\" content=\"1693\" \/>\n\t<meta property=\"og:image:type\" content=\"image\/jpeg\" \/>\n<meta name=\"twitter:card\" content=\"summary_large_image\" \/>\n<script type=\"application\/ld+json\" class=\"yoast-schema-graph\">{\"@context\":\"https:\\\/\\\/schema.org\",\"@graph\":[{\"@type\":\"WebPage\",\"@id\":\"https:\\\/\\\/www.koonings.com\\\/de\\\/product\\\/chic-holland-hf917\\\/\",\"url\":\"https:\\\/\\\/www.koonings.com\\\/de\\\/product\\\/chic-holland-hf917\\\/\",\"name\":\"Chic &amp; Holland HF917 | Koonings\",\"isPartOf\":{\"@id\":\"https:\\\/\\\/www.koonings.com\\\/de\\\/#website\"},\"primaryImageOfPage\":{\"@id\":\"https:\\\/\\\/www.koonings.com\\\/de\\\/product\\\/chic-holland-hf917\\\/#primaryimage\"},\"image\":{\"@id\":\"https:\\\/\\\/www.koonings.com\\\/de\\\/product\\\/chic-holland-hf917\\\/#primaryimage\"},\"thumbnailUrl\":\"https:\\\/\\\/www.koonings.com\\\/wp-content\\\/uploads\\\/2024\\\/11\\\/28413_cb42b94da3af772c15f0cf32fc50282626b96567ebe635f5703e07a2244c815b4963bb48.jpeg\",\"datePublished\":\"2026-04-14T14:06:28+00:00\",\"description\":\"Dieses glamour\u00f6se graue Kleid von Chic & Holland hat eine figurumspielende Silhouette. Das Kleid f\u00e4llt sch\u00f6n bis zum Boden und hat einen V-Ausschnitt und einen tiefen offenen R\u00fccken. Das Kleid ist mit Strasssteinen und Glitter verziert. Dieses Kleid ist perfekt f\u00fcr eine Gala, Smoking, Hochzeit oder einen roten Teppich.\",\"breadcrumb\":{\"@id\":\"https:\\\/\\\/www.koonings.com\\\/de\\\/product\\\/chic-holland-hf917\\\/#breadcrumb\"},\"inLanguage\":\"de\",\"potentialAction\":[{\"@type\":\"ReadAction\",\"target\":[\"https:\\\/\\\/www.koonings.com\\\/de\\\/product\\\/chic-holland-hf917\\\/\"]}]},{\"@type\":\"ImageObject\",\"inLanguage\":\"de\",\"@id\":\"https:\\\/\\\/www.koonings.com\\\/de\\\/product\\\/chic-holland-hf917\\\/#primaryimage\",\"url\":\"https:\\\/\\\/www.koonings.com\\\/wp-content\\\/uploads\\\/2024\\\/11\\\/28413_cb42b94da3af772c15f0cf32fc50282626b96567ebe635f5703e07a2244c815b4963bb48.jpeg\",\"contentUrl\":\"https:\\\/\\\/www.koonings.com\\\/wp-content\\\/uploads\\\/2024\\\/11\\\/28413_cb42b94da3af772c15f0cf32fc50282626b96567ebe635f5703e07a2244c815b4963bb48.jpeg\",\"width\":1198,\"height\":1693},{\"@type\":\"BreadcrumbList\",\"@id\":\"https:\\\/\\\/www.koonings.com\\\/de\\\/product\\\/chic-holland-hf917\\\/#breadcrumb\",\"itemListElement\":[{\"@type\":\"ListItem\",\"position\":1,\"name\":\"Home\",\"item\":\"https:\\\/\\\/www.koonings.com\\\/de\\\/\"},{\"@type\":\"ListItem\",\"position\":2,\"name\":\"Chic &amp; Holland HF917\"}]},{\"@type\":\"WebSite\",\"@id\":\"https:\\\/\\\/www.koonings.com\\\/de\\\/#website\",\"url\":\"https:\\\/\\\/www.koonings.com\\\/de\\\/\",\"name\":\"Koonings\",\"description\":\"De grootste bruidsmodewinkel ter wereld\",\"publisher\":{\"@id\":\"https:\\\/\\\/www.koonings.com\\\/de\\\/#organization\"},\"potentialAction\":[{\"@type\":\"SearchAction\",\"target\":{\"@type\":\"EntryPoint\",\"urlTemplate\":\"https:\\\/\\\/www.koonings.com\\\/de\\\/?s={search_term_string}\"},\"query-input\":{\"@type\":\"PropertyValueSpecification\",\"valueRequired\":true,\"valueName\":\"search_term_string\"}}],\"inLanguage\":\"de\"},{\"@type\":\"Organization\",\"@id\":\"https:\\\/\\\/www.koonings.com\\\/de\\\/#organization\",\"name\":\"Koonings\",\"url\":\"https:\\\/\\\/www.koonings.com\\\/de\\\/\",\"logo\":{\"@type\":\"ImageObject\",\"inLanguage\":\"de\",\"@id\":\"https:\\\/\\\/www.koonings.com\\\/de\\\/#\\\/schema\\\/logo\\\/image\\\/\",\"url\":\"https:\\\/\\\/www.koonings.com\\\/wp-content\\\/uploads\\\/2024\\\/07\\\/logo.png\",\"contentUrl\":\"https:\\\/\\\/www.koonings.com\\\/wp-content\\\/uploads\\\/2024\\\/07\\\/logo.png\",\"width\":600,\"height\":428,\"caption\":\"Koonings\"},\"image\":{\"@id\":\"https:\\\/\\\/www.koonings.com\\\/de\\\/#\\\/schema\\\/logo\\\/image\\\/\"},\"sameAs\":[\"https:\\\/\\\/www.facebook.com\\\/kooningstheweddingpalace\",\"https:\\\/\\\/www.instagram.com\\\/kooningstheweddingpalace\",\"https:\\\/\\\/www.pinterest.com\\\/koonings\",\"https:\\\/\\\/www.youtube.com\\\/kooningstheweddingpalace\"]}]}<\/script>\n<!-- \/ Yoast SEO plugin. -->","yoast_head_json":{"title":"Chic &amp; Holland HF917 | Koonings","description":"Dieses glamour\u00f6se graue Kleid von Chic & Holland hat eine figurumspielende Silhouette. Das Kleid f\u00e4llt sch\u00f6n bis zum Boden und hat einen V-Ausschnitt und einen tiefen offenen R\u00fccken. Das Kleid ist mit Strasssteinen und Glitter verziert. Dieses Kleid ist perfekt f\u00fcr eine Gala, Smoking, Hochzeit oder einen roten Teppich.","robots":{"index":"index","follow":"follow","max-snippet":"max-snippet:-1","max-image-preview":"max-image-preview:large","max-video-preview":"max-video-preview:-1"},"canonical":"https:\/\/www.koonings.com\/de\/product\/chic-holland-hf917\/","og_locale":"de_DE","og_type":"article","og_title":"Chic &amp; Holland HF917 | Koonings","og_description":"Dieses glamour\u00f6se graue Kleid von Chic & Holland hat eine figurumspielende Silhouette. Das Kleid f\u00e4llt sch\u00f6n bis zum Boden und hat einen V-Ausschnitt und einen tiefen offenen R\u00fccken. Das Kleid ist mit Strasssteinen und Glitter verziert. Dieses Kleid ist perfekt f\u00fcr eine Gala, Smoking, Hochzeit oder einen roten Teppich.","og_url":"https:\/\/www.koonings.com\/de\/product\/chic-holland-hf917\/","og_site_name":"Koonings","article_publisher":"https:\/\/www.facebook.com\/kooningstheweddingpalace","og_image":[{"width":1198,"height":1693,"url":"https:\/\/www.koonings.com\/wp-content\/uploads\/2024\/11\/28413_cb42b94da3af772c15f0cf32fc50282626b96567ebe635f5703e07a2244c815b4963bb48.jpeg","type":"image\/jpeg"}],"twitter_card":"summary_large_image","schema":{"@context":"https:\/\/schema.org","@graph":[{"@type":"WebPage","@id":"https:\/\/www.koonings.com\/de\/product\/chic-holland-hf917\/","url":"https:\/\/www.koonings.com\/de\/product\/chic-holland-hf917\/","name":"Chic &amp; Holland HF917 | Koonings","isPartOf":{"@id":"https:\/\/www.koonings.com\/de\/#website"},"primaryImageOfPage":{"@id":"https:\/\/www.koonings.com\/de\/product\/chic-holland-hf917\/#primaryimage"},"image":{"@id":"https:\/\/www.koonings.com\/de\/product\/chic-holland-hf917\/#primaryimage"},"thumbnailUrl":"https:\/\/www.koonings.com\/wp-content\/uploads\/2024\/11\/28413_cb42b94da3af772c15f0cf32fc50282626b96567ebe635f5703e07a2244c815b4963bb48.jpeg","datePublished":"2026-04-14T14:06:28+00:00","description":"Dieses glamour\u00f6se graue Kleid von Chic & Holland hat eine figurumspielende Silhouette. Das Kleid f\u00e4llt sch\u00f6n bis zum Boden und hat einen V-Ausschnitt und einen tiefen offenen R\u00fccken. Das Kleid ist mit Strasssteinen und Glitter verziert. Dieses Kleid ist perfekt f\u00fcr eine Gala, Smoking, Hochzeit oder einen roten Teppich.","breadcrumb":{"@id":"https:\/\/www.koonings.com\/de\/product\/chic-holland-hf917\/#breadcrumb"},"inLanguage":"de","potentialAction":[{"@type":"ReadAction","target":["https:\/\/www.koonings.com\/de\/product\/chic-holland-hf917\/"]}]},{"@type":"ImageObject","inLanguage":"de","@id":"https:\/\/www.koonings.com\/de\/product\/chic-holland-hf917\/#primaryimage","url":"https:\/\/www.koonings.com\/wp-content\/uploads\/2024\/11\/28413_cb42b94da3af772c15f0cf32fc50282626b96567ebe635f5703e07a2244c815b4963bb48.jpeg","contentUrl":"https:\/\/www.koonings.com\/wp-content\/uploads\/2024\/11\/28413_cb42b94da3af772c15f0cf32fc50282626b96567ebe635f5703e07a2244c815b4963bb48.jpeg","width":1198,"height":1693},{"@type":"BreadcrumbList","@id":"https:\/\/www.koonings.com\/de\/product\/chic-holland-hf917\/#breadcrumb","itemListElement":[{"@type":"ListItem","position":1,"name":"Home","item":"https:\/\/www.koonings.com\/de\/"},{"@type":"ListItem","position":2,"name":"Chic &amp; Holland HF917"}]},{"@type":"WebSite","@id":"https:\/\/www.koonings.com\/de\/#website","url":"https:\/\/www.koonings.com\/de\/","name":"Koonings","description":"De grootste bruidsmodewinkel ter wereld","publisher":{"@id":"https:\/\/www.koonings.com\/de\/#organization"},"potentialAction":[{"@type":"SearchAction","target":{"@type":"EntryPoint","urlTemplate":"https:\/\/www.koonings.com\/de\/?s={search_term_string}"},"query-input":{"@type":"PropertyValueSpecification","valueRequired":true,"valueName":"search_term_string"}}],"inLanguage":"de"},{"@type":"Organization","@id":"https:\/\/www.koonings.com\/de\/#organization","name":"Koonings","url":"https:\/\/www.koonings.com\/de\/","logo":{"@type":"ImageObject","inLanguage":"de","@id":"https:\/\/www.koonings.com\/de\/#\/schema\/logo\/image\/","url":"https:\/\/www.koonings.com\/wp-content\/uploads\/2024\/07\/logo.png","contentUrl":"https:\/\/www.koonings.com\/wp-content\/uploads\/2024\/07\/logo.png","width":600,"height":428,"caption":"Koonings"},"image":{"@id":"https:\/\/www.koonings.com\/de\/#\/schema\/logo\/image\/"},"sameAs":["https:\/\/www.facebook.com\/kooningstheweddingpalace","https:\/\/www.instagram.com\/kooningstheweddingpalace","https:\/\/www.pinterest.com\/koonings","https:\/\/www.youtube.com\/kooningstheweddingpalace"]}]}},"_links":{"self":[{"href":"https:\/\/www.koonings.com\/de\/wp-json\/wp\/v2\/product\/79975","targetHints":{"allow":["GET"]}}],"collection":[{"href":"https:\/\/www.koonings.com\/de\/wp-json\/wp\/v2\/product"}],"about":[{"href":"https:\/\/www.koonings.com\/de\/wp-json\/wp\/v2\/types\/product"}],"wp:featuredmedia":[{"embeddable":true,"href":"https:\/\/www.koonings.com\/de\/wp-json\/wp\/v2\/media\/73694"}],"wp:attachment":[{"href":"https:\/\/www.koonings.com\/de\/wp-json\/wp\/v2\/media?parent=79975"}],"wp:term":[{"taxonomy":"productdetails","embeddable":true,"href":"https:\/\/www.koonings.com\/de\/wp-json\/wp\/v2\/productdetails?post=79975"},{"taxonomy":"productneck","embeddable":true,"href":"https:\/\/www.koonings.com\/de\/wp-json\/wp\/v2\/productneck?post=79975"},{"taxonomy":"productcolor","embeddable":true,"href":"https:\/\/www.koonings.com\/de\/wp-json\/wp\/v2\/productcolor?post=79975"},{"taxonomy":"maat","embeddable":true,"href":"https:\/\/www.koonings.com\/de\/wp-json\/wp\/v2\/maat?post=79975"},{"taxonomy":"productsupplier","embeddable":true,"href":"https:\/\/www.koonings.com\/de\/wp-json\/wp\/v2\/productsupplier?post=79975"},{"taxonomy":"productsleeve","embeddable":true,"href":"https:\/\/www.koonings.com\/de\/wp-json\/wp\/v2\/productsleeve?post=79975"},{"taxonomy":"productcategory","embeddable":true,"href":"https:\/\/www.koonings.com\/de\/wp-json\/wp\/v2\/productcategory?post=79975"},{"taxonomy":"productsilhouette","embeddable":true,"href":"https:\/\/www.koonings.com\/de\/wp-json\/wp\/v2\/productsilhouette?post=79975"},{"taxonomy":"productstyle","embeddable":true,"href":"https:\/\/www.koonings.com\/de\/wp-json\/wp\/v2\/productstyle?post=79975"}],"curies":[{"name":"wp","href":"https:\/\/api.w.org\/{rel}","templated":true}]}}