{"id":79823,"date":"2026-05-06T15:22:49","date_gmt":"2026-05-06T13:22:49","guid":{"rendered":"https:\/\/www.koonings.com\/product\/milla-nova-perpetua-bollero\/"},"modified":"2025-06-05T13:45:06","modified_gmt":"2025-06-05T11:45:06","slug":"milla-nova-perpetua-bollero","status":"publish","type":"product","link":"https:\/\/www.koonings.com\/de\/product\/milla-nova-perpetua-bollero\/","title":{"rendered":"Milla Nova Perpetua + bollero"},"content":{"rendered":"<p>Prinzessinnenhaftes, halbtransparentes Hochzeitskleid aus zarter Spitze und T\u00fcll. Mit einem herzf\u00f6rmigen, halbtransparenten viktorianischen V-Korsett mit eingebauten Cups, die mit floraler Spitze verziert sind, einem Rei\u00dfverschluss am R\u00fccken und einem bauschigen T\u00fcllrock mit unterlegter Spitze und einer langen Schleppe. Kann mit einem durchsichtigen Bolero mit Rollkragen und langen \u00c4rmeln, die mit floralen Spitzenapplikationen verziert sind, erg\u00e4nzt werden.  <\/p>\n","protected":false},"featured_media":71056,"template":"","meta":{"_acf_changed":false,"ghostkit_customizer_options":"","ghostkit_custom_css":"","ghostkit_custom_js_head":"","ghostkit_custom_js_foot":"","ghostkit_typography":""},"productdetails":[381],"productneck":[355],"productcolor":[392],"maat":[],"productsupplier":[446],"productsleeve":[362],"productcategory":[18],"productsilhouette":[388],"productstyle":[372,366],"class_list":["post-79823","product","type-product","status-publish","has-post-thumbnail","hentry","productdetails-381","productneck-355","productcolor-392","productsupplier-milla-nova","productsleeve-362","productcategory-trouwjurken","productsilhouette-388","productstyle-372","productstyle-366"],"acf":[],"yoast_head":"<!-- This site is optimized with the Yoast SEO plugin v27.3 - https:\/\/yoast.com\/product\/yoast-seo-wordpress\/ -->\n<title>Milla Nova Perpetua + bollero | Koonings<\/title>\n<meta name=\"description\" content=\"Prinzessinnenhaftes, halbtransparentes Hochzeitskleid aus zarter Spitze und T\u00fcll. Mit einem herzf\u00f6rmigen, halbtransparenten viktorianischen V-Korsett mit eingebauten Cups, die mit floraler Spitze verziert sind, einem Rei\u00dfverschluss am R\u00fccken und einem bauschigen T\u00fcllrock mit unterlegter Spitze und einer langen Schleppe. Kann mit einem durchsichtigen Bolero mit Rollkragen und langen \u00c4rmeln, die mit floralen Spitzenapplikationen verziert sind, erg\u00e4nzt werden.\" \/>\n<meta name=\"robots\" content=\"index, follow, max-snippet:-1, max-image-preview:large, max-video-preview:-1\" \/>\n<link rel=\"canonical\" href=\"https:\/\/www.koonings.com\/de\/product\/milla-nova-perpetua-bollero\/\" \/>\n<meta property=\"og:locale\" content=\"de_DE\" \/>\n<meta property=\"og:type\" content=\"article\" \/>\n<meta property=\"og:title\" content=\"Milla Nova Perpetua + bollero | Koonings\" \/>\n<meta property=\"og:description\" content=\"Prinzessinnenhaftes, halbtransparentes Hochzeitskleid aus zarter Spitze und T\u00fcll. Mit einem herzf\u00f6rmigen, halbtransparenten viktorianischen V-Korsett mit eingebauten Cups, die mit floraler Spitze verziert sind, einem Rei\u00dfverschluss am R\u00fccken und einem bauschigen T\u00fcllrock mit unterlegter Spitze und einer langen Schleppe. Kann mit einem durchsichtigen Bolero mit Rollkragen und langen \u00c4rmeln, die mit floralen Spitzenapplikationen verziert sind, erg\u00e4nzt werden.\" \/>\n<meta property=\"og:url\" content=\"https:\/\/www.koonings.com\/de\/product\/milla-nova-perpetua-bollero\/\" \/>\n<meta property=\"og:site_name\" content=\"Koonings\" \/>\n<meta property=\"article:publisher\" content=\"https:\/\/www.facebook.com\/kooningstheweddingpalace\" \/>\n<meta property=\"og:image\" content=\"https:\/\/www.koonings.com\/wp-content\/uploads\/2024\/11\/40856_5d91f2ed30707fb7b5d0c367a776b7afa6c605ba462113b20a96b357c50c7f1ce6c7c915-scaled.jpeg\" \/>\n\t<meta property=\"og:image:width\" content=\"1811\" \/>\n\t<meta property=\"og:image:height\" content=\"2560\" \/>\n\t<meta property=\"og:image:type\" content=\"image\/jpeg\" \/>\n<meta name=\"twitter:card\" content=\"summary_large_image\" \/>\n<script type=\"application\/ld+json\" class=\"yoast-schema-graph\">{\"@context\":\"https:\\\/\\\/schema.org\",\"@graph\":[{\"@type\":\"WebPage\",\"@id\":\"https:\\\/\\\/www.koonings.com\\\/de\\\/product\\\/milla-nova-perpetua-bollero\\\/\",\"url\":\"https:\\\/\\\/www.koonings.com\\\/de\\\/product\\\/milla-nova-perpetua-bollero\\\/\",\"name\":\"Milla Nova Perpetua + bollero | Koonings\",\"isPartOf\":{\"@id\":\"https:\\\/\\\/www.koonings.com\\\/de\\\/#website\"},\"primaryImageOfPage\":{\"@id\":\"https:\\\/\\\/www.koonings.com\\\/de\\\/product\\\/milla-nova-perpetua-bollero\\\/#primaryimage\"},\"image\":{\"@id\":\"https:\\\/\\\/www.koonings.com\\\/de\\\/product\\\/milla-nova-perpetua-bollero\\\/#primaryimage\"},\"thumbnailUrl\":\"https:\\\/\\\/www.koonings.com\\\/wp-content\\\/uploads\\\/2024\\\/11\\\/40856_5d91f2ed30707fb7b5d0c367a776b7afa6c605ba462113b20a96b357c50c7f1ce6c7c915-scaled.jpeg\",\"datePublished\":\"2026-05-06T13:22:49+00:00\",\"description\":\"Prinzessinnenhaftes, halbtransparentes Hochzeitskleid aus zarter Spitze und T\u00fcll. Mit einem herzf\u00f6rmigen, halbtransparenten viktorianischen V-Korsett mit eingebauten Cups, die mit floraler Spitze verziert sind, einem Rei\u00dfverschluss am R\u00fccken und einem bauschigen T\u00fcllrock mit unterlegter Spitze und einer langen Schleppe. Kann mit einem durchsichtigen Bolero mit Rollkragen und langen \u00c4rmeln, die mit floralen Spitzenapplikationen verziert sind, erg\u00e4nzt werden.\",\"breadcrumb\":{\"@id\":\"https:\\\/\\\/www.koonings.com\\\/de\\\/product\\\/milla-nova-perpetua-bollero\\\/#breadcrumb\"},\"inLanguage\":\"de\",\"potentialAction\":[{\"@type\":\"ReadAction\",\"target\":[\"https:\\\/\\\/www.koonings.com\\\/de\\\/product\\\/milla-nova-perpetua-bollero\\\/\"]}]},{\"@type\":\"ImageObject\",\"inLanguage\":\"de\",\"@id\":\"https:\\\/\\\/www.koonings.com\\\/de\\\/product\\\/milla-nova-perpetua-bollero\\\/#primaryimage\",\"url\":\"https:\\\/\\\/www.koonings.com\\\/wp-content\\\/uploads\\\/2024\\\/11\\\/40856_5d91f2ed30707fb7b5d0c367a776b7afa6c605ba462113b20a96b357c50c7f1ce6c7c915-scaled.jpeg\",\"contentUrl\":\"https:\\\/\\\/www.koonings.com\\\/wp-content\\\/uploads\\\/2024\\\/11\\\/40856_5d91f2ed30707fb7b5d0c367a776b7afa6c605ba462113b20a96b357c50c7f1ce6c7c915-scaled.jpeg\",\"width\":1811,\"height\":2560},{\"@type\":\"BreadcrumbList\",\"@id\":\"https:\\\/\\\/www.koonings.com\\\/de\\\/product\\\/milla-nova-perpetua-bollero\\\/#breadcrumb\",\"itemListElement\":[{\"@type\":\"ListItem\",\"position\":1,\"name\":\"Home\",\"item\":\"https:\\\/\\\/www.koonings.com\\\/de\\\/\"},{\"@type\":\"ListItem\",\"position\":2,\"name\":\"Milla Nova Perpetua + bollero\"}]},{\"@type\":\"WebSite\",\"@id\":\"https:\\\/\\\/www.koonings.com\\\/de\\\/#website\",\"url\":\"https:\\\/\\\/www.koonings.com\\\/de\\\/\",\"name\":\"Koonings\",\"description\":\"De grootste bruidsmodewinkel ter wereld\",\"publisher\":{\"@id\":\"https:\\\/\\\/www.koonings.com\\\/de\\\/#organization\"},\"potentialAction\":[{\"@type\":\"SearchAction\",\"target\":{\"@type\":\"EntryPoint\",\"urlTemplate\":\"https:\\\/\\\/www.koonings.com\\\/de\\\/?s={search_term_string}\"},\"query-input\":{\"@type\":\"PropertyValueSpecification\",\"valueRequired\":true,\"valueName\":\"search_term_string\"}}],\"inLanguage\":\"de\"},{\"@type\":\"Organization\",\"@id\":\"https:\\\/\\\/www.koonings.com\\\/de\\\/#organization\",\"name\":\"Koonings\",\"url\":\"https:\\\/\\\/www.koonings.com\\\/de\\\/\",\"logo\":{\"@type\":\"ImageObject\",\"inLanguage\":\"de\",\"@id\":\"https:\\\/\\\/www.koonings.com\\\/de\\\/#\\\/schema\\\/logo\\\/image\\\/\",\"url\":\"https:\\\/\\\/www.koonings.com\\\/wp-content\\\/uploads\\\/2024\\\/07\\\/logo.png\",\"contentUrl\":\"https:\\\/\\\/www.koonings.com\\\/wp-content\\\/uploads\\\/2024\\\/07\\\/logo.png\",\"width\":600,\"height\":428,\"caption\":\"Koonings\"},\"image\":{\"@id\":\"https:\\\/\\\/www.koonings.com\\\/de\\\/#\\\/schema\\\/logo\\\/image\\\/\"},\"sameAs\":[\"https:\\\/\\\/www.facebook.com\\\/kooningstheweddingpalace\",\"https:\\\/\\\/www.instagram.com\\\/kooningstheweddingpalace\",\"https:\\\/\\\/www.pinterest.com\\\/koonings\",\"https:\\\/\\\/www.youtube.com\\\/kooningstheweddingpalace\"]}]}<\/script>\n<!-- \/ Yoast SEO plugin. -->","yoast_head_json":{"title":"Milla Nova Perpetua + bollero | Koonings","description":"Prinzessinnenhaftes, halbtransparentes Hochzeitskleid aus zarter Spitze und T\u00fcll. Mit einem herzf\u00f6rmigen, halbtransparenten viktorianischen V-Korsett mit eingebauten Cups, die mit floraler Spitze verziert sind, einem Rei\u00dfverschluss am R\u00fccken und einem bauschigen T\u00fcllrock mit unterlegter Spitze und einer langen Schleppe. Kann mit einem durchsichtigen Bolero mit Rollkragen und langen \u00c4rmeln, die mit floralen Spitzenapplikationen verziert sind, erg\u00e4nzt werden.","robots":{"index":"index","follow":"follow","max-snippet":"max-snippet:-1","max-image-preview":"max-image-preview:large","max-video-preview":"max-video-preview:-1"},"canonical":"https:\/\/www.koonings.com\/de\/product\/milla-nova-perpetua-bollero\/","og_locale":"de_DE","og_type":"article","og_title":"Milla Nova Perpetua + bollero | Koonings","og_description":"Prinzessinnenhaftes, halbtransparentes Hochzeitskleid aus zarter Spitze und T\u00fcll. Mit einem herzf\u00f6rmigen, halbtransparenten viktorianischen V-Korsett mit eingebauten Cups, die mit floraler Spitze verziert sind, einem Rei\u00dfverschluss am R\u00fccken und einem bauschigen T\u00fcllrock mit unterlegter Spitze und einer langen Schleppe. Kann mit einem durchsichtigen Bolero mit Rollkragen und langen \u00c4rmeln, die mit floralen Spitzenapplikationen verziert sind, erg\u00e4nzt werden.","og_url":"https:\/\/www.koonings.com\/de\/product\/milla-nova-perpetua-bollero\/","og_site_name":"Koonings","article_publisher":"https:\/\/www.facebook.com\/kooningstheweddingpalace","og_image":[{"width":1811,"height":2560,"url":"https:\/\/www.koonings.com\/wp-content\/uploads\/2024\/11\/40856_5d91f2ed30707fb7b5d0c367a776b7afa6c605ba462113b20a96b357c50c7f1ce6c7c915-scaled.jpeg","type":"image\/jpeg"}],"twitter_card":"summary_large_image","schema":{"@context":"https:\/\/schema.org","@graph":[{"@type":"WebPage","@id":"https:\/\/www.koonings.com\/de\/product\/milla-nova-perpetua-bollero\/","url":"https:\/\/www.koonings.com\/de\/product\/milla-nova-perpetua-bollero\/","name":"Milla Nova Perpetua + bollero | Koonings","isPartOf":{"@id":"https:\/\/www.koonings.com\/de\/#website"},"primaryImageOfPage":{"@id":"https:\/\/www.koonings.com\/de\/product\/milla-nova-perpetua-bollero\/#primaryimage"},"image":{"@id":"https:\/\/www.koonings.com\/de\/product\/milla-nova-perpetua-bollero\/#primaryimage"},"thumbnailUrl":"https:\/\/www.koonings.com\/wp-content\/uploads\/2024\/11\/40856_5d91f2ed30707fb7b5d0c367a776b7afa6c605ba462113b20a96b357c50c7f1ce6c7c915-scaled.jpeg","datePublished":"2026-05-06T13:22:49+00:00","description":"Prinzessinnenhaftes, halbtransparentes Hochzeitskleid aus zarter Spitze und T\u00fcll. Mit einem herzf\u00f6rmigen, halbtransparenten viktorianischen V-Korsett mit eingebauten Cups, die mit floraler Spitze verziert sind, einem Rei\u00dfverschluss am R\u00fccken und einem bauschigen T\u00fcllrock mit unterlegter Spitze und einer langen Schleppe. Kann mit einem durchsichtigen Bolero mit Rollkragen und langen \u00c4rmeln, die mit floralen Spitzenapplikationen verziert sind, erg\u00e4nzt werden.","breadcrumb":{"@id":"https:\/\/www.koonings.com\/de\/product\/milla-nova-perpetua-bollero\/#breadcrumb"},"inLanguage":"de","potentialAction":[{"@type":"ReadAction","target":["https:\/\/www.koonings.com\/de\/product\/milla-nova-perpetua-bollero\/"]}]},{"@type":"ImageObject","inLanguage":"de","@id":"https:\/\/www.koonings.com\/de\/product\/milla-nova-perpetua-bollero\/#primaryimage","url":"https:\/\/www.koonings.com\/wp-content\/uploads\/2024\/11\/40856_5d91f2ed30707fb7b5d0c367a776b7afa6c605ba462113b20a96b357c50c7f1ce6c7c915-scaled.jpeg","contentUrl":"https:\/\/www.koonings.com\/wp-content\/uploads\/2024\/11\/40856_5d91f2ed30707fb7b5d0c367a776b7afa6c605ba462113b20a96b357c50c7f1ce6c7c915-scaled.jpeg","width":1811,"height":2560},{"@type":"BreadcrumbList","@id":"https:\/\/www.koonings.com\/de\/product\/milla-nova-perpetua-bollero\/#breadcrumb","itemListElement":[{"@type":"ListItem","position":1,"name":"Home","item":"https:\/\/www.koonings.com\/de\/"},{"@type":"ListItem","position":2,"name":"Milla Nova Perpetua + bollero"}]},{"@type":"WebSite","@id":"https:\/\/www.koonings.com\/de\/#website","url":"https:\/\/www.koonings.com\/de\/","name":"Koonings","description":"De grootste bruidsmodewinkel ter wereld","publisher":{"@id":"https:\/\/www.koonings.com\/de\/#organization"},"potentialAction":[{"@type":"SearchAction","target":{"@type":"EntryPoint","urlTemplate":"https:\/\/www.koonings.com\/de\/?s={search_term_string}"},"query-input":{"@type":"PropertyValueSpecification","valueRequired":true,"valueName":"search_term_string"}}],"inLanguage":"de"},{"@type":"Organization","@id":"https:\/\/www.koonings.com\/de\/#organization","name":"Koonings","url":"https:\/\/www.koonings.com\/de\/","logo":{"@type":"ImageObject","inLanguage":"de","@id":"https:\/\/www.koonings.com\/de\/#\/schema\/logo\/image\/","url":"https:\/\/www.koonings.com\/wp-content\/uploads\/2024\/07\/logo.png","contentUrl":"https:\/\/www.koonings.com\/wp-content\/uploads\/2024\/07\/logo.png","width":600,"height":428,"caption":"Koonings"},"image":{"@id":"https:\/\/www.koonings.com\/de\/#\/schema\/logo\/image\/"},"sameAs":["https:\/\/www.facebook.com\/kooningstheweddingpalace","https:\/\/www.instagram.com\/kooningstheweddingpalace","https:\/\/www.pinterest.com\/koonings","https:\/\/www.youtube.com\/kooningstheweddingpalace"]}]}},"_links":{"self":[{"href":"https:\/\/www.koonings.com\/de\/wp-json\/wp\/v2\/product\/79823","targetHints":{"allow":["GET"]}}],"collection":[{"href":"https:\/\/www.koonings.com\/de\/wp-json\/wp\/v2\/product"}],"about":[{"href":"https:\/\/www.koonings.com\/de\/wp-json\/wp\/v2\/types\/product"}],"wp:featuredmedia":[{"embeddable":true,"href":"https:\/\/www.koonings.com\/de\/wp-json\/wp\/v2\/media\/71056"}],"wp:attachment":[{"href":"https:\/\/www.koonings.com\/de\/wp-json\/wp\/v2\/media?parent=79823"}],"wp:term":[{"taxonomy":"productdetails","embeddable":true,"href":"https:\/\/www.koonings.com\/de\/wp-json\/wp\/v2\/productdetails?post=79823"},{"taxonomy":"productneck","embeddable":true,"href":"https:\/\/www.koonings.com\/de\/wp-json\/wp\/v2\/productneck?post=79823"},{"taxonomy":"productcolor","embeddable":true,"href":"https:\/\/www.koonings.com\/de\/wp-json\/wp\/v2\/productcolor?post=79823"},{"taxonomy":"maat","embeddable":true,"href":"https:\/\/www.koonings.com\/de\/wp-json\/wp\/v2\/maat?post=79823"},{"taxonomy":"productsupplier","embeddable":true,"href":"https:\/\/www.koonings.com\/de\/wp-json\/wp\/v2\/productsupplier?post=79823"},{"taxonomy":"productsleeve","embeddable":true,"href":"https:\/\/www.koonings.com\/de\/wp-json\/wp\/v2\/productsleeve?post=79823"},{"taxonomy":"productcategory","embeddable":true,"href":"https:\/\/www.koonings.com\/de\/wp-json\/wp\/v2\/productcategory?post=79823"},{"taxonomy":"productsilhouette","embeddable":true,"href":"https:\/\/www.koonings.com\/de\/wp-json\/wp\/v2\/productsilhouette?post=79823"},{"taxonomy":"productstyle","embeddable":true,"href":"https:\/\/www.koonings.com\/de\/wp-json\/wp\/v2\/productstyle?post=79823"}],"curies":[{"name":"wp","href":"https:\/\/api.w.org\/{rel}","templated":true}]}}