{"id":79822,"date":"2026-05-06T15:22:50","date_gmt":"2026-05-06T13:22:50","guid":{"rendered":"https:\/\/www.koonings.com\/product\/milla-nova-quillara\/"},"modified":"2025-06-05T13:45:20","modified_gmt":"2025-06-05T11:45:20","slug":"milla-nova-quillara","status":"publish","type":"product","link":"https:\/\/www.koonings.com\/de\/product\/milla-nova-quillara\/","title":{"rendered":"Milla Nova Quillara"},"content":{"rendered":"<p>Zartes lang\u00e4rmeliges Hochzeitskleid, das von Hand mit floralen Spitzenapplikationen und Perlen verziert wurde. Es besteht aus einem halbtransparenten, mit Perlen verzierten Korsett mit St\u00e4bchen, einem tiefen Illusionsausschnitt, durchsichtigen langen \u00c4rmeln mit Blumen, einem offenen R\u00fccken mit Knopfverschluss und einem elegant flie\u00dfenden Rock mit Midischleppe. <\/p>\n","protected":false},"featured_media":71098,"template":"","meta":{"_acf_changed":false,"ghostkit_customizer_options":"","ghostkit_custom_css":"","ghostkit_custom_js_head":"","ghostkit_custom_js_foot":"","ghostkit_typography":""},"productdetails":[379,376],"productneck":[351],"productcolor":[393,392],"maat":[],"productsupplier":[446],"productsleeve":[362],"productcategory":[18],"productsilhouette":[384,389],"productstyle":[366,370],"class_list":["post-79822","product","type-product","status-publish","has-post-thumbnail","hentry","productdetails-379","productdetails-376","productneck-351","productcolor-393","productcolor-392","productsupplier-milla-nova","productsleeve-362","productcategory-trouwjurken","productsilhouette-384","productsilhouette-389","productstyle-366","productstyle-370"],"acf":[],"yoast_head":"<!-- This site is optimized with the Yoast SEO plugin v27.3 - https:\/\/yoast.com\/product\/yoast-seo-wordpress\/ -->\n<title>Milla Nova Quillara | Koonings<\/title>\n<meta name=\"description\" content=\"Zartes lang\u00e4rmeliges Hochzeitskleid, das von Hand mit floralen Spitzenapplikationen und Perlen verziert wurde. Es besteht aus einem halbtransparenten, mit Perlen verzierten Korsett mit St\u00e4bchen, einem tiefen Illusionsausschnitt, durchsichtigen langen \u00c4rmeln mit Blumen, einem offenen R\u00fccken mit Knopfverschluss und einem elegant flie\u00dfenden Rock mit Midischleppe.\" \/>\n<meta name=\"robots\" content=\"index, follow, max-snippet:-1, max-image-preview:large, max-video-preview:-1\" \/>\n<link rel=\"canonical\" href=\"https:\/\/www.koonings.com\/de\/product\/milla-nova-quillara\/\" \/>\n<meta property=\"og:locale\" content=\"de_DE\" \/>\n<meta property=\"og:type\" content=\"article\" \/>\n<meta property=\"og:title\" content=\"Milla Nova Quillara | Koonings\" \/>\n<meta property=\"og:description\" content=\"Zartes lang\u00e4rmeliges Hochzeitskleid, das von Hand mit floralen Spitzenapplikationen und Perlen verziert wurde. Es besteht aus einem halbtransparenten, mit Perlen verzierten Korsett mit St\u00e4bchen, einem tiefen Illusionsausschnitt, durchsichtigen langen \u00c4rmeln mit Blumen, einem offenen R\u00fccken mit Knopfverschluss und einem elegant flie\u00dfenden Rock mit Midischleppe.\" \/>\n<meta property=\"og:url\" content=\"https:\/\/www.koonings.com\/de\/product\/milla-nova-quillara\/\" \/>\n<meta property=\"og:site_name\" content=\"Koonings\" \/>\n<meta property=\"article:publisher\" content=\"https:\/\/www.facebook.com\/kooningstheweddingpalace\" \/>\n<meta property=\"og:image\" content=\"https:\/\/www.koonings.com\/wp-content\/uploads\/2024\/11\/40858_54e7b2b04c68362bf1dc2677356c17c3f77c33c9fd7380875f7f3d3f9c1302a32f26f498-scaled.jpeg\" \/>\n\t<meta property=\"og:image:width\" content=\"1811\" \/>\n\t<meta property=\"og:image:height\" content=\"2560\" \/>\n\t<meta property=\"og:image:type\" content=\"image\/jpeg\" \/>\n<meta name=\"twitter:card\" content=\"summary_large_image\" \/>\n<script type=\"application\/ld+json\" class=\"yoast-schema-graph\">{\"@context\":\"https:\\\/\\\/schema.org\",\"@graph\":[{\"@type\":\"WebPage\",\"@id\":\"https:\\\/\\\/www.koonings.com\\\/de\\\/product\\\/milla-nova-quillara\\\/\",\"url\":\"https:\\\/\\\/www.koonings.com\\\/de\\\/product\\\/milla-nova-quillara\\\/\",\"name\":\"Milla Nova Quillara | Koonings\",\"isPartOf\":{\"@id\":\"https:\\\/\\\/www.koonings.com\\\/de\\\/#website\"},\"primaryImageOfPage\":{\"@id\":\"https:\\\/\\\/www.koonings.com\\\/de\\\/product\\\/milla-nova-quillara\\\/#primaryimage\"},\"image\":{\"@id\":\"https:\\\/\\\/www.koonings.com\\\/de\\\/product\\\/milla-nova-quillara\\\/#primaryimage\"},\"thumbnailUrl\":\"https:\\\/\\\/www.koonings.com\\\/wp-content\\\/uploads\\\/2024\\\/11\\\/40858_54e7b2b04c68362bf1dc2677356c17c3f77c33c9fd7380875f7f3d3f9c1302a32f26f498-scaled.jpeg\",\"datePublished\":\"2026-05-06T13:22:50+00:00\",\"description\":\"Zartes lang\u00e4rmeliges Hochzeitskleid, das von Hand mit floralen Spitzenapplikationen und Perlen verziert wurde. Es besteht aus einem halbtransparenten, mit Perlen verzierten Korsett mit St\u00e4bchen, einem tiefen Illusionsausschnitt, durchsichtigen langen \u00c4rmeln mit Blumen, einem offenen R\u00fccken mit Knopfverschluss und einem elegant flie\u00dfenden Rock mit Midischleppe.\",\"breadcrumb\":{\"@id\":\"https:\\\/\\\/www.koonings.com\\\/de\\\/product\\\/milla-nova-quillara\\\/#breadcrumb\"},\"inLanguage\":\"de\",\"potentialAction\":[{\"@type\":\"ReadAction\",\"target\":[\"https:\\\/\\\/www.koonings.com\\\/de\\\/product\\\/milla-nova-quillara\\\/\"]}]},{\"@type\":\"ImageObject\",\"inLanguage\":\"de\",\"@id\":\"https:\\\/\\\/www.koonings.com\\\/de\\\/product\\\/milla-nova-quillara\\\/#primaryimage\",\"url\":\"https:\\\/\\\/www.koonings.com\\\/wp-content\\\/uploads\\\/2024\\\/11\\\/40858_54e7b2b04c68362bf1dc2677356c17c3f77c33c9fd7380875f7f3d3f9c1302a32f26f498-scaled.jpeg\",\"contentUrl\":\"https:\\\/\\\/www.koonings.com\\\/wp-content\\\/uploads\\\/2024\\\/11\\\/40858_54e7b2b04c68362bf1dc2677356c17c3f77c33c9fd7380875f7f3d3f9c1302a32f26f498-scaled.jpeg\",\"width\":1811,\"height\":2560},{\"@type\":\"BreadcrumbList\",\"@id\":\"https:\\\/\\\/www.koonings.com\\\/de\\\/product\\\/milla-nova-quillara\\\/#breadcrumb\",\"itemListElement\":[{\"@type\":\"ListItem\",\"position\":1,\"name\":\"Home\",\"item\":\"https:\\\/\\\/www.koonings.com\\\/de\\\/\"},{\"@type\":\"ListItem\",\"position\":2,\"name\":\"Milla Nova Quillara\"}]},{\"@type\":\"WebSite\",\"@id\":\"https:\\\/\\\/www.koonings.com\\\/de\\\/#website\",\"url\":\"https:\\\/\\\/www.koonings.com\\\/de\\\/\",\"name\":\"Koonings\",\"description\":\"De grootste bruidsmodewinkel ter wereld\",\"publisher\":{\"@id\":\"https:\\\/\\\/www.koonings.com\\\/de\\\/#organization\"},\"potentialAction\":[{\"@type\":\"SearchAction\",\"target\":{\"@type\":\"EntryPoint\",\"urlTemplate\":\"https:\\\/\\\/www.koonings.com\\\/de\\\/?s={search_term_string}\"},\"query-input\":{\"@type\":\"PropertyValueSpecification\",\"valueRequired\":true,\"valueName\":\"search_term_string\"}}],\"inLanguage\":\"de\"},{\"@type\":\"Organization\",\"@id\":\"https:\\\/\\\/www.koonings.com\\\/de\\\/#organization\",\"name\":\"Koonings\",\"url\":\"https:\\\/\\\/www.koonings.com\\\/de\\\/\",\"logo\":{\"@type\":\"ImageObject\",\"inLanguage\":\"de\",\"@id\":\"https:\\\/\\\/www.koonings.com\\\/de\\\/#\\\/schema\\\/logo\\\/image\\\/\",\"url\":\"https:\\\/\\\/www.koonings.com\\\/wp-content\\\/uploads\\\/2024\\\/07\\\/logo.png\",\"contentUrl\":\"https:\\\/\\\/www.koonings.com\\\/wp-content\\\/uploads\\\/2024\\\/07\\\/logo.png\",\"width\":600,\"height\":428,\"caption\":\"Koonings\"},\"image\":{\"@id\":\"https:\\\/\\\/www.koonings.com\\\/de\\\/#\\\/schema\\\/logo\\\/image\\\/\"},\"sameAs\":[\"https:\\\/\\\/www.facebook.com\\\/kooningstheweddingpalace\",\"https:\\\/\\\/www.instagram.com\\\/kooningstheweddingpalace\",\"https:\\\/\\\/www.pinterest.com\\\/koonings\",\"https:\\\/\\\/www.youtube.com\\\/kooningstheweddingpalace\"]}]}<\/script>\n<!-- \/ Yoast SEO plugin. -->","yoast_head_json":{"title":"Milla Nova Quillara | Koonings","description":"Zartes lang\u00e4rmeliges Hochzeitskleid, das von Hand mit floralen Spitzenapplikationen und Perlen verziert wurde. Es besteht aus einem halbtransparenten, mit Perlen verzierten Korsett mit St\u00e4bchen, einem tiefen Illusionsausschnitt, durchsichtigen langen \u00c4rmeln mit Blumen, einem offenen R\u00fccken mit Knopfverschluss und einem elegant flie\u00dfenden Rock mit Midischleppe.","robots":{"index":"index","follow":"follow","max-snippet":"max-snippet:-1","max-image-preview":"max-image-preview:large","max-video-preview":"max-video-preview:-1"},"canonical":"https:\/\/www.koonings.com\/de\/product\/milla-nova-quillara\/","og_locale":"de_DE","og_type":"article","og_title":"Milla Nova Quillara | Koonings","og_description":"Zartes lang\u00e4rmeliges Hochzeitskleid, das von Hand mit floralen Spitzenapplikationen und Perlen verziert wurde. Es besteht aus einem halbtransparenten, mit Perlen verzierten Korsett mit St\u00e4bchen, einem tiefen Illusionsausschnitt, durchsichtigen langen \u00c4rmeln mit Blumen, einem offenen R\u00fccken mit Knopfverschluss und einem elegant flie\u00dfenden Rock mit Midischleppe.","og_url":"https:\/\/www.koonings.com\/de\/product\/milla-nova-quillara\/","og_site_name":"Koonings","article_publisher":"https:\/\/www.facebook.com\/kooningstheweddingpalace","og_image":[{"width":1811,"height":2560,"url":"https:\/\/www.koonings.com\/wp-content\/uploads\/2024\/11\/40858_54e7b2b04c68362bf1dc2677356c17c3f77c33c9fd7380875f7f3d3f9c1302a32f26f498-scaled.jpeg","type":"image\/jpeg"}],"twitter_card":"summary_large_image","schema":{"@context":"https:\/\/schema.org","@graph":[{"@type":"WebPage","@id":"https:\/\/www.koonings.com\/de\/product\/milla-nova-quillara\/","url":"https:\/\/www.koonings.com\/de\/product\/milla-nova-quillara\/","name":"Milla Nova Quillara | Koonings","isPartOf":{"@id":"https:\/\/www.koonings.com\/de\/#website"},"primaryImageOfPage":{"@id":"https:\/\/www.koonings.com\/de\/product\/milla-nova-quillara\/#primaryimage"},"image":{"@id":"https:\/\/www.koonings.com\/de\/product\/milla-nova-quillara\/#primaryimage"},"thumbnailUrl":"https:\/\/www.koonings.com\/wp-content\/uploads\/2024\/11\/40858_54e7b2b04c68362bf1dc2677356c17c3f77c33c9fd7380875f7f3d3f9c1302a32f26f498-scaled.jpeg","datePublished":"2026-05-06T13:22:50+00:00","description":"Zartes lang\u00e4rmeliges Hochzeitskleid, das von Hand mit floralen Spitzenapplikationen und Perlen verziert wurde. Es besteht aus einem halbtransparenten, mit Perlen verzierten Korsett mit St\u00e4bchen, einem tiefen Illusionsausschnitt, durchsichtigen langen \u00c4rmeln mit Blumen, einem offenen R\u00fccken mit Knopfverschluss und einem elegant flie\u00dfenden Rock mit Midischleppe.","breadcrumb":{"@id":"https:\/\/www.koonings.com\/de\/product\/milla-nova-quillara\/#breadcrumb"},"inLanguage":"de","potentialAction":[{"@type":"ReadAction","target":["https:\/\/www.koonings.com\/de\/product\/milla-nova-quillara\/"]}]},{"@type":"ImageObject","inLanguage":"de","@id":"https:\/\/www.koonings.com\/de\/product\/milla-nova-quillara\/#primaryimage","url":"https:\/\/www.koonings.com\/wp-content\/uploads\/2024\/11\/40858_54e7b2b04c68362bf1dc2677356c17c3f77c33c9fd7380875f7f3d3f9c1302a32f26f498-scaled.jpeg","contentUrl":"https:\/\/www.koonings.com\/wp-content\/uploads\/2024\/11\/40858_54e7b2b04c68362bf1dc2677356c17c3f77c33c9fd7380875f7f3d3f9c1302a32f26f498-scaled.jpeg","width":1811,"height":2560},{"@type":"BreadcrumbList","@id":"https:\/\/www.koonings.com\/de\/product\/milla-nova-quillara\/#breadcrumb","itemListElement":[{"@type":"ListItem","position":1,"name":"Home","item":"https:\/\/www.koonings.com\/de\/"},{"@type":"ListItem","position":2,"name":"Milla Nova Quillara"}]},{"@type":"WebSite","@id":"https:\/\/www.koonings.com\/de\/#website","url":"https:\/\/www.koonings.com\/de\/","name":"Koonings","description":"De grootste bruidsmodewinkel ter wereld","publisher":{"@id":"https:\/\/www.koonings.com\/de\/#organization"},"potentialAction":[{"@type":"SearchAction","target":{"@type":"EntryPoint","urlTemplate":"https:\/\/www.koonings.com\/de\/?s={search_term_string}"},"query-input":{"@type":"PropertyValueSpecification","valueRequired":true,"valueName":"search_term_string"}}],"inLanguage":"de"},{"@type":"Organization","@id":"https:\/\/www.koonings.com\/de\/#organization","name":"Koonings","url":"https:\/\/www.koonings.com\/de\/","logo":{"@type":"ImageObject","inLanguage":"de","@id":"https:\/\/www.koonings.com\/de\/#\/schema\/logo\/image\/","url":"https:\/\/www.koonings.com\/wp-content\/uploads\/2024\/07\/logo.png","contentUrl":"https:\/\/www.koonings.com\/wp-content\/uploads\/2024\/07\/logo.png","width":600,"height":428,"caption":"Koonings"},"image":{"@id":"https:\/\/www.koonings.com\/de\/#\/schema\/logo\/image\/"},"sameAs":["https:\/\/www.facebook.com\/kooningstheweddingpalace","https:\/\/www.instagram.com\/kooningstheweddingpalace","https:\/\/www.pinterest.com\/koonings","https:\/\/www.youtube.com\/kooningstheweddingpalace"]}]}},"_links":{"self":[{"href":"https:\/\/www.koonings.com\/de\/wp-json\/wp\/v2\/product\/79822","targetHints":{"allow":["GET"]}}],"collection":[{"href":"https:\/\/www.koonings.com\/de\/wp-json\/wp\/v2\/product"}],"about":[{"href":"https:\/\/www.koonings.com\/de\/wp-json\/wp\/v2\/types\/product"}],"wp:featuredmedia":[{"embeddable":true,"href":"https:\/\/www.koonings.com\/de\/wp-json\/wp\/v2\/media\/71098"}],"wp:attachment":[{"href":"https:\/\/www.koonings.com\/de\/wp-json\/wp\/v2\/media?parent=79822"}],"wp:term":[{"taxonomy":"productdetails","embeddable":true,"href":"https:\/\/www.koonings.com\/de\/wp-json\/wp\/v2\/productdetails?post=79822"},{"taxonomy":"productneck","embeddable":true,"href":"https:\/\/www.koonings.com\/de\/wp-json\/wp\/v2\/productneck?post=79822"},{"taxonomy":"productcolor","embeddable":true,"href":"https:\/\/www.koonings.com\/de\/wp-json\/wp\/v2\/productcolor?post=79822"},{"taxonomy":"maat","embeddable":true,"href":"https:\/\/www.koonings.com\/de\/wp-json\/wp\/v2\/maat?post=79822"},{"taxonomy":"productsupplier","embeddable":true,"href":"https:\/\/www.koonings.com\/de\/wp-json\/wp\/v2\/productsupplier?post=79822"},{"taxonomy":"productsleeve","embeddable":true,"href":"https:\/\/www.koonings.com\/de\/wp-json\/wp\/v2\/productsleeve?post=79822"},{"taxonomy":"productcategory","embeddable":true,"href":"https:\/\/www.koonings.com\/de\/wp-json\/wp\/v2\/productcategory?post=79822"},{"taxonomy":"productsilhouette","embeddable":true,"href":"https:\/\/www.koonings.com\/de\/wp-json\/wp\/v2\/productsilhouette?post=79822"},{"taxonomy":"productstyle","embeddable":true,"href":"https:\/\/www.koonings.com\/de\/wp-json\/wp\/v2\/productstyle?post=79822"}],"curies":[{"name":"wp","href":"https:\/\/api.w.org\/{rel}","templated":true}]}}