{"id":79812,"date":"2026-04-28T18:22:36","date_gmt":"2026-04-28T16:22:36","guid":{"rendered":"https:\/\/www.koonings.com\/product\/milla-nova-realita\/"},"modified":"2025-06-05T13:46:10","modified_gmt":"2025-06-05T11:46:10","slug":"milla-nova-realita","status":"publish","type":"product","link":"https:\/\/www.koonings.com\/de\/product\/milla-nova-realita\/","title":{"rendered":"Milla Nova Realita"},"content":{"rendered":"<p>Bezauberndes schulterfreies Hochzeitskleid aus T\u00fcll, virtuos verziert mit handgefertigten volumin\u00f6sen Blumenapplikationen. Es besteht aus einem Maxirock aus bauschigem T\u00fcll mit einer langen Schleppe, einem herzf\u00f6rmigen Korsettmieder mit schulterfreien \u00c4rmeln aus T\u00fcll, die mit einer Schleife am R\u00fccken gebunden werden k\u00f6nnen, und einem Schn\u00fcrverschluss aus T\u00fcll. <\/p>\n","protected":false},"featured_media":71158,"template":"","meta":{"_acf_changed":false,"ghostkit_customizer_options":"","ghostkit_custom_css":"","ghostkit_custom_js_head":"","ghostkit_custom_js_foot":"","ghostkit_typography":""},"productdetails":[379,378,381],"productneck":[352],"productcolor":[393,392],"maat":[],"productsupplier":[446],"productsleeve":[363],"productcategory":[18],"productsilhouette":[384,389],"productstyle":[366,370],"class_list":["post-79812","product","type-product","status-publish","has-post-thumbnail","hentry","productdetails-379","productdetails-378","productdetails-381","productneck-352","productcolor-393","productcolor-392","productsupplier-milla-nova","productsleeve-363","productcategory-trouwjurken","productsilhouette-384","productsilhouette-389","productstyle-366","productstyle-370"],"acf":[],"yoast_head":"<!-- This site is optimized with the Yoast SEO plugin v27.3 - https:\/\/yoast.com\/product\/yoast-seo-wordpress\/ -->\n<title>Milla Nova Realita | Koonings<\/title>\n<meta name=\"description\" content=\"Bezauberndes schulterfreies Hochzeitskleid aus T\u00fcll, virtuos verziert mit handgefertigten volumin\u00f6sen Blumenapplikationen. Es besteht aus einem Maxirock aus bauschigem T\u00fcll mit einer langen Schleppe, einem herzf\u00f6rmigen Korsettmieder mit schulterfreien \u00c4rmeln aus T\u00fcll, die mit einer Schleife am R\u00fccken gebunden werden k\u00f6nnen, und einem Schn\u00fcrverschluss aus T\u00fcll.\" \/>\n<meta name=\"robots\" content=\"index, follow, max-snippet:-1, max-image-preview:large, max-video-preview:-1\" \/>\n<link rel=\"canonical\" href=\"https:\/\/www.koonings.com\/de\/product\/milla-nova-realita\/\" \/>\n<meta property=\"og:locale\" content=\"de_DE\" \/>\n<meta property=\"og:type\" content=\"article\" \/>\n<meta property=\"og:title\" content=\"Milla Nova Realita | Koonings\" \/>\n<meta property=\"og:description\" content=\"Bezauberndes schulterfreies Hochzeitskleid aus T\u00fcll, virtuos verziert mit handgefertigten volumin\u00f6sen Blumenapplikationen. Es besteht aus einem Maxirock aus bauschigem T\u00fcll mit einer langen Schleppe, einem herzf\u00f6rmigen Korsettmieder mit schulterfreien \u00c4rmeln aus T\u00fcll, die mit einer Schleife am R\u00fccken gebunden werden k\u00f6nnen, und einem Schn\u00fcrverschluss aus T\u00fcll.\" \/>\n<meta property=\"og:url\" content=\"https:\/\/www.koonings.com\/de\/product\/milla-nova-realita\/\" \/>\n<meta property=\"og:site_name\" content=\"Koonings\" \/>\n<meta property=\"article:publisher\" content=\"https:\/\/www.facebook.com\/kooningstheweddingpalace\" \/>\n<meta property=\"og:image\" content=\"https:\/\/www.koonings.com\/wp-content\/uploads\/2024\/11\/40862_98ea6d49233db974baa314bfe966bf638687d90dfa95ef815d41fcec2a4c14234da833d8-scaled.jpeg\" \/>\n\t<meta property=\"og:image:width\" content=\"1814\" \/>\n\t<meta property=\"og:image:height\" content=\"2560\" \/>\n\t<meta property=\"og:image:type\" content=\"image\/jpeg\" \/>\n<meta name=\"twitter:card\" content=\"summary_large_image\" \/>\n<script type=\"application\/ld+json\" class=\"yoast-schema-graph\">{\"@context\":\"https:\\\/\\\/schema.org\",\"@graph\":[{\"@type\":\"WebPage\",\"@id\":\"https:\\\/\\\/www.koonings.com\\\/de\\\/product\\\/milla-nova-realita\\\/\",\"url\":\"https:\\\/\\\/www.koonings.com\\\/de\\\/product\\\/milla-nova-realita\\\/\",\"name\":\"Milla Nova Realita | Koonings\",\"isPartOf\":{\"@id\":\"https:\\\/\\\/www.koonings.com\\\/de\\\/#website\"},\"primaryImageOfPage\":{\"@id\":\"https:\\\/\\\/www.koonings.com\\\/de\\\/product\\\/milla-nova-realita\\\/#primaryimage\"},\"image\":{\"@id\":\"https:\\\/\\\/www.koonings.com\\\/de\\\/product\\\/milla-nova-realita\\\/#primaryimage\"},\"thumbnailUrl\":\"https:\\\/\\\/www.koonings.com\\\/wp-content\\\/uploads\\\/2024\\\/11\\\/40862_98ea6d49233db974baa314bfe966bf638687d90dfa95ef815d41fcec2a4c14234da833d8-scaled.jpeg\",\"datePublished\":\"2026-04-28T16:22:36+00:00\",\"description\":\"Bezauberndes schulterfreies Hochzeitskleid aus T\u00fcll, virtuos verziert mit handgefertigten volumin\u00f6sen Blumenapplikationen. Es besteht aus einem Maxirock aus bauschigem T\u00fcll mit einer langen Schleppe, einem herzf\u00f6rmigen Korsettmieder mit schulterfreien \u00c4rmeln aus T\u00fcll, die mit einer Schleife am R\u00fccken gebunden werden k\u00f6nnen, und einem Schn\u00fcrverschluss aus T\u00fcll.\",\"breadcrumb\":{\"@id\":\"https:\\\/\\\/www.koonings.com\\\/de\\\/product\\\/milla-nova-realita\\\/#breadcrumb\"},\"inLanguage\":\"de\",\"potentialAction\":[{\"@type\":\"ReadAction\",\"target\":[\"https:\\\/\\\/www.koonings.com\\\/de\\\/product\\\/milla-nova-realita\\\/\"]}]},{\"@type\":\"ImageObject\",\"inLanguage\":\"de\",\"@id\":\"https:\\\/\\\/www.koonings.com\\\/de\\\/product\\\/milla-nova-realita\\\/#primaryimage\",\"url\":\"https:\\\/\\\/www.koonings.com\\\/wp-content\\\/uploads\\\/2024\\\/11\\\/40862_98ea6d49233db974baa314bfe966bf638687d90dfa95ef815d41fcec2a4c14234da833d8-scaled.jpeg\",\"contentUrl\":\"https:\\\/\\\/www.koonings.com\\\/wp-content\\\/uploads\\\/2024\\\/11\\\/40862_98ea6d49233db974baa314bfe966bf638687d90dfa95ef815d41fcec2a4c14234da833d8-scaled.jpeg\",\"width\":1814,\"height\":2560},{\"@type\":\"BreadcrumbList\",\"@id\":\"https:\\\/\\\/www.koonings.com\\\/de\\\/product\\\/milla-nova-realita\\\/#breadcrumb\",\"itemListElement\":[{\"@type\":\"ListItem\",\"position\":1,\"name\":\"Home\",\"item\":\"https:\\\/\\\/www.koonings.com\\\/de\\\/\"},{\"@type\":\"ListItem\",\"position\":2,\"name\":\"Milla Nova Realita\"}]},{\"@type\":\"WebSite\",\"@id\":\"https:\\\/\\\/www.koonings.com\\\/de\\\/#website\",\"url\":\"https:\\\/\\\/www.koonings.com\\\/de\\\/\",\"name\":\"Koonings\",\"description\":\"De grootste bruidsmodewinkel ter wereld\",\"publisher\":{\"@id\":\"https:\\\/\\\/www.koonings.com\\\/de\\\/#organization\"},\"potentialAction\":[{\"@type\":\"SearchAction\",\"target\":{\"@type\":\"EntryPoint\",\"urlTemplate\":\"https:\\\/\\\/www.koonings.com\\\/de\\\/?s={search_term_string}\"},\"query-input\":{\"@type\":\"PropertyValueSpecification\",\"valueRequired\":true,\"valueName\":\"search_term_string\"}}],\"inLanguage\":\"de\"},{\"@type\":\"Organization\",\"@id\":\"https:\\\/\\\/www.koonings.com\\\/de\\\/#organization\",\"name\":\"Koonings\",\"url\":\"https:\\\/\\\/www.koonings.com\\\/de\\\/\",\"logo\":{\"@type\":\"ImageObject\",\"inLanguage\":\"de\",\"@id\":\"https:\\\/\\\/www.koonings.com\\\/de\\\/#\\\/schema\\\/logo\\\/image\\\/\",\"url\":\"https:\\\/\\\/www.koonings.com\\\/wp-content\\\/uploads\\\/2024\\\/07\\\/logo.png\",\"contentUrl\":\"https:\\\/\\\/www.koonings.com\\\/wp-content\\\/uploads\\\/2024\\\/07\\\/logo.png\",\"width\":600,\"height\":428,\"caption\":\"Koonings\"},\"image\":{\"@id\":\"https:\\\/\\\/www.koonings.com\\\/de\\\/#\\\/schema\\\/logo\\\/image\\\/\"},\"sameAs\":[\"https:\\\/\\\/www.facebook.com\\\/kooningstheweddingpalace\",\"https:\\\/\\\/www.instagram.com\\\/kooningstheweddingpalace\",\"https:\\\/\\\/www.pinterest.com\\\/koonings\",\"https:\\\/\\\/www.youtube.com\\\/kooningstheweddingpalace\"]}]}<\/script>\n<!-- \/ Yoast SEO plugin. -->","yoast_head_json":{"title":"Milla Nova Realita | Koonings","description":"Bezauberndes schulterfreies Hochzeitskleid aus T\u00fcll, virtuos verziert mit handgefertigten volumin\u00f6sen Blumenapplikationen. Es besteht aus einem Maxirock aus bauschigem T\u00fcll mit einer langen Schleppe, einem herzf\u00f6rmigen Korsettmieder mit schulterfreien \u00c4rmeln aus T\u00fcll, die mit einer Schleife am R\u00fccken gebunden werden k\u00f6nnen, und einem Schn\u00fcrverschluss aus T\u00fcll.","robots":{"index":"index","follow":"follow","max-snippet":"max-snippet:-1","max-image-preview":"max-image-preview:large","max-video-preview":"max-video-preview:-1"},"canonical":"https:\/\/www.koonings.com\/de\/product\/milla-nova-realita\/","og_locale":"de_DE","og_type":"article","og_title":"Milla Nova Realita | Koonings","og_description":"Bezauberndes schulterfreies Hochzeitskleid aus T\u00fcll, virtuos verziert mit handgefertigten volumin\u00f6sen Blumenapplikationen. Es besteht aus einem Maxirock aus bauschigem T\u00fcll mit einer langen Schleppe, einem herzf\u00f6rmigen Korsettmieder mit schulterfreien \u00c4rmeln aus T\u00fcll, die mit einer Schleife am R\u00fccken gebunden werden k\u00f6nnen, und einem Schn\u00fcrverschluss aus T\u00fcll.","og_url":"https:\/\/www.koonings.com\/de\/product\/milla-nova-realita\/","og_site_name":"Koonings","article_publisher":"https:\/\/www.facebook.com\/kooningstheweddingpalace","og_image":[{"width":1814,"height":2560,"url":"https:\/\/www.koonings.com\/wp-content\/uploads\/2024\/11\/40862_98ea6d49233db974baa314bfe966bf638687d90dfa95ef815d41fcec2a4c14234da833d8-scaled.jpeg","type":"image\/jpeg"}],"twitter_card":"summary_large_image","schema":{"@context":"https:\/\/schema.org","@graph":[{"@type":"WebPage","@id":"https:\/\/www.koonings.com\/de\/product\/milla-nova-realita\/","url":"https:\/\/www.koonings.com\/de\/product\/milla-nova-realita\/","name":"Milla Nova Realita | Koonings","isPartOf":{"@id":"https:\/\/www.koonings.com\/de\/#website"},"primaryImageOfPage":{"@id":"https:\/\/www.koonings.com\/de\/product\/milla-nova-realita\/#primaryimage"},"image":{"@id":"https:\/\/www.koonings.com\/de\/product\/milla-nova-realita\/#primaryimage"},"thumbnailUrl":"https:\/\/www.koonings.com\/wp-content\/uploads\/2024\/11\/40862_98ea6d49233db974baa314bfe966bf638687d90dfa95ef815d41fcec2a4c14234da833d8-scaled.jpeg","datePublished":"2026-04-28T16:22:36+00:00","description":"Bezauberndes schulterfreies Hochzeitskleid aus T\u00fcll, virtuos verziert mit handgefertigten volumin\u00f6sen Blumenapplikationen. Es besteht aus einem Maxirock aus bauschigem T\u00fcll mit einer langen Schleppe, einem herzf\u00f6rmigen Korsettmieder mit schulterfreien \u00c4rmeln aus T\u00fcll, die mit einer Schleife am R\u00fccken gebunden werden k\u00f6nnen, und einem Schn\u00fcrverschluss aus T\u00fcll.","breadcrumb":{"@id":"https:\/\/www.koonings.com\/de\/product\/milla-nova-realita\/#breadcrumb"},"inLanguage":"de","potentialAction":[{"@type":"ReadAction","target":["https:\/\/www.koonings.com\/de\/product\/milla-nova-realita\/"]}]},{"@type":"ImageObject","inLanguage":"de","@id":"https:\/\/www.koonings.com\/de\/product\/milla-nova-realita\/#primaryimage","url":"https:\/\/www.koonings.com\/wp-content\/uploads\/2024\/11\/40862_98ea6d49233db974baa314bfe966bf638687d90dfa95ef815d41fcec2a4c14234da833d8-scaled.jpeg","contentUrl":"https:\/\/www.koonings.com\/wp-content\/uploads\/2024\/11\/40862_98ea6d49233db974baa314bfe966bf638687d90dfa95ef815d41fcec2a4c14234da833d8-scaled.jpeg","width":1814,"height":2560},{"@type":"BreadcrumbList","@id":"https:\/\/www.koonings.com\/de\/product\/milla-nova-realita\/#breadcrumb","itemListElement":[{"@type":"ListItem","position":1,"name":"Home","item":"https:\/\/www.koonings.com\/de\/"},{"@type":"ListItem","position":2,"name":"Milla Nova Realita"}]},{"@type":"WebSite","@id":"https:\/\/www.koonings.com\/de\/#website","url":"https:\/\/www.koonings.com\/de\/","name":"Koonings","description":"De grootste bruidsmodewinkel ter wereld","publisher":{"@id":"https:\/\/www.koonings.com\/de\/#organization"},"potentialAction":[{"@type":"SearchAction","target":{"@type":"EntryPoint","urlTemplate":"https:\/\/www.koonings.com\/de\/?s={search_term_string}"},"query-input":{"@type":"PropertyValueSpecification","valueRequired":true,"valueName":"search_term_string"}}],"inLanguage":"de"},{"@type":"Organization","@id":"https:\/\/www.koonings.com\/de\/#organization","name":"Koonings","url":"https:\/\/www.koonings.com\/de\/","logo":{"@type":"ImageObject","inLanguage":"de","@id":"https:\/\/www.koonings.com\/de\/#\/schema\/logo\/image\/","url":"https:\/\/www.koonings.com\/wp-content\/uploads\/2024\/07\/logo.png","contentUrl":"https:\/\/www.koonings.com\/wp-content\/uploads\/2024\/07\/logo.png","width":600,"height":428,"caption":"Koonings"},"image":{"@id":"https:\/\/www.koonings.com\/de\/#\/schema\/logo\/image\/"},"sameAs":["https:\/\/www.facebook.com\/kooningstheweddingpalace","https:\/\/www.instagram.com\/kooningstheweddingpalace","https:\/\/www.pinterest.com\/koonings","https:\/\/www.youtube.com\/kooningstheweddingpalace"]}]}},"_links":{"self":[{"href":"https:\/\/www.koonings.com\/de\/wp-json\/wp\/v2\/product\/79812","targetHints":{"allow":["GET"]}}],"collection":[{"href":"https:\/\/www.koonings.com\/de\/wp-json\/wp\/v2\/product"}],"about":[{"href":"https:\/\/www.koonings.com\/de\/wp-json\/wp\/v2\/types\/product"}],"wp:featuredmedia":[{"embeddable":true,"href":"https:\/\/www.koonings.com\/de\/wp-json\/wp\/v2\/media\/71158"}],"wp:attachment":[{"href":"https:\/\/www.koonings.com\/de\/wp-json\/wp\/v2\/media?parent=79812"}],"wp:term":[{"taxonomy":"productdetails","embeddable":true,"href":"https:\/\/www.koonings.com\/de\/wp-json\/wp\/v2\/productdetails?post=79812"},{"taxonomy":"productneck","embeddable":true,"href":"https:\/\/www.koonings.com\/de\/wp-json\/wp\/v2\/productneck?post=79812"},{"taxonomy":"productcolor","embeddable":true,"href":"https:\/\/www.koonings.com\/de\/wp-json\/wp\/v2\/productcolor?post=79812"},{"taxonomy":"maat","embeddable":true,"href":"https:\/\/www.koonings.com\/de\/wp-json\/wp\/v2\/maat?post=79812"},{"taxonomy":"productsupplier","embeddable":true,"href":"https:\/\/www.koonings.com\/de\/wp-json\/wp\/v2\/productsupplier?post=79812"},{"taxonomy":"productsleeve","embeddable":true,"href":"https:\/\/www.koonings.com\/de\/wp-json\/wp\/v2\/productsleeve?post=79812"},{"taxonomy":"productcategory","embeddable":true,"href":"https:\/\/www.koonings.com\/de\/wp-json\/wp\/v2\/productcategory?post=79812"},{"taxonomy":"productsilhouette","embeddable":true,"href":"https:\/\/www.koonings.com\/de\/wp-json\/wp\/v2\/productsilhouette?post=79812"},{"taxonomy":"productstyle","embeddable":true,"href":"https:\/\/www.koonings.com\/de\/wp-json\/wp\/v2\/productstyle?post=79812"}],"curies":[{"name":"wp","href":"https:\/\/api.w.org\/{rel}","templated":true}]}}