{"id":79791,"date":"2026-05-06T15:22:26","date_gmt":"2026-05-06T13:22:26","guid":{"rendered":"https:\/\/www.koonings.com\/product\/milla-nova-killian\/"},"modified":"2025-06-05T13:45:47","modified_gmt":"2025-06-05T11:45:47","slug":"milla-nova-killian","status":"publish","type":"product","link":"https:\/\/www.koonings.com\/de\/product\/milla-nova-killian\/","title":{"rendered":"Milla Nova Killian"},"content":{"rendered":"<p>Wundersch\u00f6nes schimmerndes Hochzeitskleid aus Spitze, das von Hand mit Dutzenden von Perlen verziert ist. Mit einem Korsett mit St\u00e4bchen und integrierten K\u00f6rbchen, einem schulterfreien, herzf\u00f6rmigen Ausschnitt, einem Rei\u00dfverschluss am R\u00fccken, einem leichten Maxirock und einer kurzen Schleppe. Entworfen, um einer Reihe von Gr\u00f6\u00dfen zu schmeicheln.  <\/p>\n","protected":false},"featured_media":71298,"template":"","meta":{"_acf_changed":false,"ghostkit_customizer_options":"","ghostkit_custom_css":"","ghostkit_custom_js_head":"","ghostkit_custom_js_foot":"","ghostkit_typography":""},"productdetails":[377,376],"productneck":[354,355],"productcolor":[393,392],"maat":[],"productsupplier":[446],"productsleeve":[],"productcategory":[18],"productsilhouette":[384,389],"productstyle":[366,370],"class_list":["post-79791","product","type-product","status-publish","has-post-thumbnail","hentry","productdetails-377","productdetails-376","productneck-354","productneck-355","productcolor-393","productcolor-392","productsupplier-milla-nova","productcategory-trouwjurken","productsilhouette-384","productsilhouette-389","productstyle-366","productstyle-370"],"acf":[],"yoast_head":"<!-- This site is optimized with the Yoast SEO plugin v27.3 - https:\/\/yoast.com\/product\/yoast-seo-wordpress\/ -->\n<title>Milla Nova Killian | Koonings<\/title>\n<meta name=\"description\" content=\"Wundersch\u00f6nes schimmerndes Hochzeitskleid aus Spitze, das von Hand mit Dutzenden von Perlen verziert ist. Mit einem Korsett mit St\u00e4bchen und integrierten K\u00f6rbchen, einem schulterfreien, herzf\u00f6rmigen Ausschnitt, einem Rei\u00dfverschluss am R\u00fccken, einem leichten Maxirock und einer kurzen Schleppe. Entworfen, um einer Reihe von Gr\u00f6\u00dfen zu schmeicheln.\" \/>\n<meta name=\"robots\" content=\"index, follow, max-snippet:-1, max-image-preview:large, max-video-preview:-1\" \/>\n<link rel=\"canonical\" href=\"https:\/\/www.koonings.com\/de\/product\/milla-nova-killian\/\" \/>\n<meta property=\"og:locale\" content=\"de_DE\" \/>\n<meta property=\"og:type\" content=\"article\" \/>\n<meta property=\"og:title\" content=\"Milla Nova Killian | Koonings\" \/>\n<meta property=\"og:description\" content=\"Wundersch\u00f6nes schimmerndes Hochzeitskleid aus Spitze, das von Hand mit Dutzenden von Perlen verziert ist. Mit einem Korsett mit St\u00e4bchen und integrierten K\u00f6rbchen, einem schulterfreien, herzf\u00f6rmigen Ausschnitt, einem Rei\u00dfverschluss am R\u00fccken, einem leichten Maxirock und einer kurzen Schleppe. Entworfen, um einer Reihe von Gr\u00f6\u00dfen zu schmeicheln.\" \/>\n<meta property=\"og:url\" content=\"https:\/\/www.koonings.com\/de\/product\/milla-nova-killian\/\" \/>\n<meta property=\"og:site_name\" content=\"Koonings\" \/>\n<meta property=\"article:publisher\" content=\"https:\/\/www.facebook.com\/kooningstheweddingpalace\" \/>\n<meta property=\"og:image\" content=\"https:\/\/www.koonings.com\/wp-content\/uploads\/2024\/11\/40793_64647e01dc34b9a5f21157a54117570bb37c045e2bef03ae33e447d565b3e4f1109cebb9-scaled.jpeg\" \/>\n\t<meta property=\"og:image:width\" content=\"1809\" \/>\n\t<meta property=\"og:image:height\" content=\"2560\" \/>\n\t<meta property=\"og:image:type\" content=\"image\/jpeg\" \/>\n<meta name=\"twitter:card\" content=\"summary_large_image\" \/>\n<script type=\"application\/ld+json\" class=\"yoast-schema-graph\">{\"@context\":\"https:\\\/\\\/schema.org\",\"@graph\":[{\"@type\":\"WebPage\",\"@id\":\"https:\\\/\\\/www.koonings.com\\\/de\\\/product\\\/milla-nova-killian\\\/\",\"url\":\"https:\\\/\\\/www.koonings.com\\\/de\\\/product\\\/milla-nova-killian\\\/\",\"name\":\"Milla Nova Killian | Koonings\",\"isPartOf\":{\"@id\":\"https:\\\/\\\/www.koonings.com\\\/de\\\/#website\"},\"primaryImageOfPage\":{\"@id\":\"https:\\\/\\\/www.koonings.com\\\/de\\\/product\\\/milla-nova-killian\\\/#primaryimage\"},\"image\":{\"@id\":\"https:\\\/\\\/www.koonings.com\\\/de\\\/product\\\/milla-nova-killian\\\/#primaryimage\"},\"thumbnailUrl\":\"https:\\\/\\\/www.koonings.com\\\/wp-content\\\/uploads\\\/2024\\\/11\\\/40793_64647e01dc34b9a5f21157a54117570bb37c045e2bef03ae33e447d565b3e4f1109cebb9-scaled.jpeg\",\"datePublished\":\"2026-05-06T13:22:26+00:00\",\"description\":\"Wundersch\u00f6nes schimmerndes Hochzeitskleid aus Spitze, das von Hand mit Dutzenden von Perlen verziert ist. Mit einem Korsett mit St\u00e4bchen und integrierten K\u00f6rbchen, einem schulterfreien, herzf\u00f6rmigen Ausschnitt, einem Rei\u00dfverschluss am R\u00fccken, einem leichten Maxirock und einer kurzen Schleppe. Entworfen, um einer Reihe von Gr\u00f6\u00dfen zu schmeicheln.\",\"breadcrumb\":{\"@id\":\"https:\\\/\\\/www.koonings.com\\\/de\\\/product\\\/milla-nova-killian\\\/#breadcrumb\"},\"inLanguage\":\"de\",\"potentialAction\":[{\"@type\":\"ReadAction\",\"target\":[\"https:\\\/\\\/www.koonings.com\\\/de\\\/product\\\/milla-nova-killian\\\/\"]}]},{\"@type\":\"ImageObject\",\"inLanguage\":\"de\",\"@id\":\"https:\\\/\\\/www.koonings.com\\\/de\\\/product\\\/milla-nova-killian\\\/#primaryimage\",\"url\":\"https:\\\/\\\/www.koonings.com\\\/wp-content\\\/uploads\\\/2024\\\/11\\\/40793_64647e01dc34b9a5f21157a54117570bb37c045e2bef03ae33e447d565b3e4f1109cebb9-scaled.jpeg\",\"contentUrl\":\"https:\\\/\\\/www.koonings.com\\\/wp-content\\\/uploads\\\/2024\\\/11\\\/40793_64647e01dc34b9a5f21157a54117570bb37c045e2bef03ae33e447d565b3e4f1109cebb9-scaled.jpeg\",\"width\":1809,\"height\":2560},{\"@type\":\"BreadcrumbList\",\"@id\":\"https:\\\/\\\/www.koonings.com\\\/de\\\/product\\\/milla-nova-killian\\\/#breadcrumb\",\"itemListElement\":[{\"@type\":\"ListItem\",\"position\":1,\"name\":\"Home\",\"item\":\"https:\\\/\\\/www.koonings.com\\\/de\\\/\"},{\"@type\":\"ListItem\",\"position\":2,\"name\":\"Milla Nova Killian\"}]},{\"@type\":\"WebSite\",\"@id\":\"https:\\\/\\\/www.koonings.com\\\/de\\\/#website\",\"url\":\"https:\\\/\\\/www.koonings.com\\\/de\\\/\",\"name\":\"Koonings\",\"description\":\"De grootste bruidsmodewinkel ter wereld\",\"publisher\":{\"@id\":\"https:\\\/\\\/www.koonings.com\\\/de\\\/#organization\"},\"potentialAction\":[{\"@type\":\"SearchAction\",\"target\":{\"@type\":\"EntryPoint\",\"urlTemplate\":\"https:\\\/\\\/www.koonings.com\\\/de\\\/?s={search_term_string}\"},\"query-input\":{\"@type\":\"PropertyValueSpecification\",\"valueRequired\":true,\"valueName\":\"search_term_string\"}}],\"inLanguage\":\"de\"},{\"@type\":\"Organization\",\"@id\":\"https:\\\/\\\/www.koonings.com\\\/de\\\/#organization\",\"name\":\"Koonings\",\"url\":\"https:\\\/\\\/www.koonings.com\\\/de\\\/\",\"logo\":{\"@type\":\"ImageObject\",\"inLanguage\":\"de\",\"@id\":\"https:\\\/\\\/www.koonings.com\\\/de\\\/#\\\/schema\\\/logo\\\/image\\\/\",\"url\":\"https:\\\/\\\/www.koonings.com\\\/wp-content\\\/uploads\\\/2024\\\/07\\\/logo.png\",\"contentUrl\":\"https:\\\/\\\/www.koonings.com\\\/wp-content\\\/uploads\\\/2024\\\/07\\\/logo.png\",\"width\":600,\"height\":428,\"caption\":\"Koonings\"},\"image\":{\"@id\":\"https:\\\/\\\/www.koonings.com\\\/de\\\/#\\\/schema\\\/logo\\\/image\\\/\"},\"sameAs\":[\"https:\\\/\\\/www.facebook.com\\\/kooningstheweddingpalace\",\"https:\\\/\\\/www.instagram.com\\\/kooningstheweddingpalace\",\"https:\\\/\\\/www.pinterest.com\\\/koonings\",\"https:\\\/\\\/www.youtube.com\\\/kooningstheweddingpalace\"]}]}<\/script>\n<!-- \/ Yoast SEO plugin. -->","yoast_head_json":{"title":"Milla Nova Killian | Koonings","description":"Wundersch\u00f6nes schimmerndes Hochzeitskleid aus Spitze, das von Hand mit Dutzenden von Perlen verziert ist. Mit einem Korsett mit St\u00e4bchen und integrierten K\u00f6rbchen, einem schulterfreien, herzf\u00f6rmigen Ausschnitt, einem Rei\u00dfverschluss am R\u00fccken, einem leichten Maxirock und einer kurzen Schleppe. Entworfen, um einer Reihe von Gr\u00f6\u00dfen zu schmeicheln.","robots":{"index":"index","follow":"follow","max-snippet":"max-snippet:-1","max-image-preview":"max-image-preview:large","max-video-preview":"max-video-preview:-1"},"canonical":"https:\/\/www.koonings.com\/de\/product\/milla-nova-killian\/","og_locale":"de_DE","og_type":"article","og_title":"Milla Nova Killian | Koonings","og_description":"Wundersch\u00f6nes schimmerndes Hochzeitskleid aus Spitze, das von Hand mit Dutzenden von Perlen verziert ist. Mit einem Korsett mit St\u00e4bchen und integrierten K\u00f6rbchen, einem schulterfreien, herzf\u00f6rmigen Ausschnitt, einem Rei\u00dfverschluss am R\u00fccken, einem leichten Maxirock und einer kurzen Schleppe. Entworfen, um einer Reihe von Gr\u00f6\u00dfen zu schmeicheln.","og_url":"https:\/\/www.koonings.com\/de\/product\/milla-nova-killian\/","og_site_name":"Koonings","article_publisher":"https:\/\/www.facebook.com\/kooningstheweddingpalace","og_image":[{"width":1809,"height":2560,"url":"https:\/\/www.koonings.com\/wp-content\/uploads\/2024\/11\/40793_64647e01dc34b9a5f21157a54117570bb37c045e2bef03ae33e447d565b3e4f1109cebb9-scaled.jpeg","type":"image\/jpeg"}],"twitter_card":"summary_large_image","schema":{"@context":"https:\/\/schema.org","@graph":[{"@type":"WebPage","@id":"https:\/\/www.koonings.com\/de\/product\/milla-nova-killian\/","url":"https:\/\/www.koonings.com\/de\/product\/milla-nova-killian\/","name":"Milla Nova Killian | Koonings","isPartOf":{"@id":"https:\/\/www.koonings.com\/de\/#website"},"primaryImageOfPage":{"@id":"https:\/\/www.koonings.com\/de\/product\/milla-nova-killian\/#primaryimage"},"image":{"@id":"https:\/\/www.koonings.com\/de\/product\/milla-nova-killian\/#primaryimage"},"thumbnailUrl":"https:\/\/www.koonings.com\/wp-content\/uploads\/2024\/11\/40793_64647e01dc34b9a5f21157a54117570bb37c045e2bef03ae33e447d565b3e4f1109cebb9-scaled.jpeg","datePublished":"2026-05-06T13:22:26+00:00","description":"Wundersch\u00f6nes schimmerndes Hochzeitskleid aus Spitze, das von Hand mit Dutzenden von Perlen verziert ist. Mit einem Korsett mit St\u00e4bchen und integrierten K\u00f6rbchen, einem schulterfreien, herzf\u00f6rmigen Ausschnitt, einem Rei\u00dfverschluss am R\u00fccken, einem leichten Maxirock und einer kurzen Schleppe. Entworfen, um einer Reihe von Gr\u00f6\u00dfen zu schmeicheln.","breadcrumb":{"@id":"https:\/\/www.koonings.com\/de\/product\/milla-nova-killian\/#breadcrumb"},"inLanguage":"de","potentialAction":[{"@type":"ReadAction","target":["https:\/\/www.koonings.com\/de\/product\/milla-nova-killian\/"]}]},{"@type":"ImageObject","inLanguage":"de","@id":"https:\/\/www.koonings.com\/de\/product\/milla-nova-killian\/#primaryimage","url":"https:\/\/www.koonings.com\/wp-content\/uploads\/2024\/11\/40793_64647e01dc34b9a5f21157a54117570bb37c045e2bef03ae33e447d565b3e4f1109cebb9-scaled.jpeg","contentUrl":"https:\/\/www.koonings.com\/wp-content\/uploads\/2024\/11\/40793_64647e01dc34b9a5f21157a54117570bb37c045e2bef03ae33e447d565b3e4f1109cebb9-scaled.jpeg","width":1809,"height":2560},{"@type":"BreadcrumbList","@id":"https:\/\/www.koonings.com\/de\/product\/milla-nova-killian\/#breadcrumb","itemListElement":[{"@type":"ListItem","position":1,"name":"Home","item":"https:\/\/www.koonings.com\/de\/"},{"@type":"ListItem","position":2,"name":"Milla Nova Killian"}]},{"@type":"WebSite","@id":"https:\/\/www.koonings.com\/de\/#website","url":"https:\/\/www.koonings.com\/de\/","name":"Koonings","description":"De grootste bruidsmodewinkel ter wereld","publisher":{"@id":"https:\/\/www.koonings.com\/de\/#organization"},"potentialAction":[{"@type":"SearchAction","target":{"@type":"EntryPoint","urlTemplate":"https:\/\/www.koonings.com\/de\/?s={search_term_string}"},"query-input":{"@type":"PropertyValueSpecification","valueRequired":true,"valueName":"search_term_string"}}],"inLanguage":"de"},{"@type":"Organization","@id":"https:\/\/www.koonings.com\/de\/#organization","name":"Koonings","url":"https:\/\/www.koonings.com\/de\/","logo":{"@type":"ImageObject","inLanguage":"de","@id":"https:\/\/www.koonings.com\/de\/#\/schema\/logo\/image\/","url":"https:\/\/www.koonings.com\/wp-content\/uploads\/2024\/07\/logo.png","contentUrl":"https:\/\/www.koonings.com\/wp-content\/uploads\/2024\/07\/logo.png","width":600,"height":428,"caption":"Koonings"},"image":{"@id":"https:\/\/www.koonings.com\/de\/#\/schema\/logo\/image\/"},"sameAs":["https:\/\/www.facebook.com\/kooningstheweddingpalace","https:\/\/www.instagram.com\/kooningstheweddingpalace","https:\/\/www.pinterest.com\/koonings","https:\/\/www.youtube.com\/kooningstheweddingpalace"]}]}},"_links":{"self":[{"href":"https:\/\/www.koonings.com\/de\/wp-json\/wp\/v2\/product\/79791","targetHints":{"allow":["GET"]}}],"collection":[{"href":"https:\/\/www.koonings.com\/de\/wp-json\/wp\/v2\/product"}],"about":[{"href":"https:\/\/www.koonings.com\/de\/wp-json\/wp\/v2\/types\/product"}],"wp:featuredmedia":[{"embeddable":true,"href":"https:\/\/www.koonings.com\/de\/wp-json\/wp\/v2\/media\/71298"}],"wp:attachment":[{"href":"https:\/\/www.koonings.com\/de\/wp-json\/wp\/v2\/media?parent=79791"}],"wp:term":[{"taxonomy":"productdetails","embeddable":true,"href":"https:\/\/www.koonings.com\/de\/wp-json\/wp\/v2\/productdetails?post=79791"},{"taxonomy":"productneck","embeddable":true,"href":"https:\/\/www.koonings.com\/de\/wp-json\/wp\/v2\/productneck?post=79791"},{"taxonomy":"productcolor","embeddable":true,"href":"https:\/\/www.koonings.com\/de\/wp-json\/wp\/v2\/productcolor?post=79791"},{"taxonomy":"maat","embeddable":true,"href":"https:\/\/www.koonings.com\/de\/wp-json\/wp\/v2\/maat?post=79791"},{"taxonomy":"productsupplier","embeddable":true,"href":"https:\/\/www.koonings.com\/de\/wp-json\/wp\/v2\/productsupplier?post=79791"},{"taxonomy":"productsleeve","embeddable":true,"href":"https:\/\/www.koonings.com\/de\/wp-json\/wp\/v2\/productsleeve?post=79791"},{"taxonomy":"productcategory","embeddable":true,"href":"https:\/\/www.koonings.com\/de\/wp-json\/wp\/v2\/productcategory?post=79791"},{"taxonomy":"productsilhouette","embeddable":true,"href":"https:\/\/www.koonings.com\/de\/wp-json\/wp\/v2\/productsilhouette?post=79791"},{"taxonomy":"productstyle","embeddable":true,"href":"https:\/\/www.koonings.com\/de\/wp-json\/wp\/v2\/productstyle?post=79791"}],"curies":[{"name":"wp","href":"https:\/\/api.w.org\/{rel}","templated":true}]}}