{"id":79779,"date":"2026-04-28T18:22:30","date_gmt":"2026-04-28T16:22:30","guid":{"rendered":"https:\/\/www.koonings.com\/product\/milla-nova-fidella\/"},"modified":"2025-06-05T13:44:46","modified_gmt":"2025-06-05T11:44:46","slug":"milla-nova-fidella","status":"publish","type":"product","link":"https:\/\/www.koonings.com\/de\/product\/milla-nova-fidella\/","title":{"rendered":"Milla Nova Fidella"},"content":{"rendered":"<p>Atemberaubendes lang\u00e4rmeliges Hochzeitskleid aus floral gemusterter Spitze, die von Hand mit Pailletten verziert wurde. Das Kleid besteht aus einem halbtransparenten Oberteil mit tiefem, k\u00fchnem Illusionsausschnitt, durchsichtigen langen \u00c4rmeln mit Blumen, einem illusionsoffenen R\u00fccken mit Kn\u00f6pfen und einem elegant sitzenden Rock mit nudefarbenem Futter und kurzer Schleppe. <\/p>\n","protected":false},"featured_media":71382,"template":"","meta":{"_acf_changed":false,"ghostkit_customizer_options":"","ghostkit_custom_css":"","ghostkit_custom_js_head":"","ghostkit_custom_js_foot":"","ghostkit_typography":""},"productdetails":[376],"productneck":[351,356],"productcolor":[393,392],"maat":[],"productsupplier":[446],"productsleeve":[362],"productcategory":[18],"productsilhouette":[389],"productstyle":[366,370],"class_list":["post-79779","product","type-product","status-publish","has-post-thumbnail","hentry","productdetails-376","productneck-351","productneck-356","productcolor-393","productcolor-392","productsupplier-milla-nova","productsleeve-362","productcategory-trouwjurken","productsilhouette-389","productstyle-366","productstyle-370"],"acf":[],"yoast_head":"<!-- This site is optimized with the Yoast SEO plugin v27.3 - https:\/\/yoast.com\/product\/yoast-seo-wordpress\/ -->\n<title>Milla Nova Fidella | Koonings<\/title>\n<meta name=\"description\" content=\"Atemberaubendes lang\u00e4rmeliges Hochzeitskleid aus floral gemusterter Spitze, die von Hand mit Pailletten verziert wurde. Das Kleid besteht aus einem halbtransparenten Oberteil mit tiefem, k\u00fchnem Illusionsausschnitt, durchsichtigen langen \u00c4rmeln mit Blumen, einem illusionsoffenen R\u00fccken mit Kn\u00f6pfen und einem elegant sitzenden Rock mit nudefarbenem Futter und kurzer Schleppe.\" \/>\n<meta name=\"robots\" content=\"index, follow, max-snippet:-1, max-image-preview:large, max-video-preview:-1\" \/>\n<link rel=\"canonical\" href=\"https:\/\/www.koonings.com\/de\/product\/milla-nova-fidella\/\" \/>\n<meta property=\"og:locale\" content=\"de_DE\" \/>\n<meta property=\"og:type\" content=\"article\" \/>\n<meta property=\"og:title\" content=\"Milla Nova Fidella | Koonings\" \/>\n<meta property=\"og:description\" content=\"Atemberaubendes lang\u00e4rmeliges Hochzeitskleid aus floral gemusterter Spitze, die von Hand mit Pailletten verziert wurde. Das Kleid besteht aus einem halbtransparenten Oberteil mit tiefem, k\u00fchnem Illusionsausschnitt, durchsichtigen langen \u00c4rmeln mit Blumen, einem illusionsoffenen R\u00fccken mit Kn\u00f6pfen und einem elegant sitzenden Rock mit nudefarbenem Futter und kurzer Schleppe.\" \/>\n<meta property=\"og:url\" content=\"https:\/\/www.koonings.com\/de\/product\/milla-nova-fidella\/\" \/>\n<meta property=\"og:site_name\" content=\"Koonings\" \/>\n<meta property=\"article:publisher\" content=\"https:\/\/www.facebook.com\/kooningstheweddingpalace\" \/>\n<meta property=\"og:image\" content=\"https:\/\/www.koonings.com\/wp-content\/uploads\/2024\/11\/40849_2c1c86d1b4a688ef112d4644af649f2fe727f6c69636dcb0d3ebb7a3cecf1045cb0072c0-scaled.jpeg\" \/>\n\t<meta property=\"og:image:width\" content=\"1806\" \/>\n\t<meta property=\"og:image:height\" content=\"2560\" \/>\n\t<meta property=\"og:image:type\" content=\"image\/jpeg\" \/>\n<meta name=\"twitter:card\" content=\"summary_large_image\" \/>\n<script type=\"application\/ld+json\" class=\"yoast-schema-graph\">{\"@context\":\"https:\\\/\\\/schema.org\",\"@graph\":[{\"@type\":\"WebPage\",\"@id\":\"https:\\\/\\\/www.koonings.com\\\/de\\\/product\\\/milla-nova-fidella\\\/\",\"url\":\"https:\\\/\\\/www.koonings.com\\\/de\\\/product\\\/milla-nova-fidella\\\/\",\"name\":\"Milla Nova Fidella | Koonings\",\"isPartOf\":{\"@id\":\"https:\\\/\\\/www.koonings.com\\\/de\\\/#website\"},\"primaryImageOfPage\":{\"@id\":\"https:\\\/\\\/www.koonings.com\\\/de\\\/product\\\/milla-nova-fidella\\\/#primaryimage\"},\"image\":{\"@id\":\"https:\\\/\\\/www.koonings.com\\\/de\\\/product\\\/milla-nova-fidella\\\/#primaryimage\"},\"thumbnailUrl\":\"https:\\\/\\\/www.koonings.com\\\/wp-content\\\/uploads\\\/2024\\\/11\\\/40849_2c1c86d1b4a688ef112d4644af649f2fe727f6c69636dcb0d3ebb7a3cecf1045cb0072c0-scaled.jpeg\",\"datePublished\":\"2026-04-28T16:22:30+00:00\",\"description\":\"Atemberaubendes lang\u00e4rmeliges Hochzeitskleid aus floral gemusterter Spitze, die von Hand mit Pailletten verziert wurde. Das Kleid besteht aus einem halbtransparenten Oberteil mit tiefem, k\u00fchnem Illusionsausschnitt, durchsichtigen langen \u00c4rmeln mit Blumen, einem illusionsoffenen R\u00fccken mit Kn\u00f6pfen und einem elegant sitzenden Rock mit nudefarbenem Futter und kurzer Schleppe.\",\"breadcrumb\":{\"@id\":\"https:\\\/\\\/www.koonings.com\\\/de\\\/product\\\/milla-nova-fidella\\\/#breadcrumb\"},\"inLanguage\":\"de\",\"potentialAction\":[{\"@type\":\"ReadAction\",\"target\":[\"https:\\\/\\\/www.koonings.com\\\/de\\\/product\\\/milla-nova-fidella\\\/\"]}]},{\"@type\":\"ImageObject\",\"inLanguage\":\"de\",\"@id\":\"https:\\\/\\\/www.koonings.com\\\/de\\\/product\\\/milla-nova-fidella\\\/#primaryimage\",\"url\":\"https:\\\/\\\/www.koonings.com\\\/wp-content\\\/uploads\\\/2024\\\/11\\\/40849_2c1c86d1b4a688ef112d4644af649f2fe727f6c69636dcb0d3ebb7a3cecf1045cb0072c0-scaled.jpeg\",\"contentUrl\":\"https:\\\/\\\/www.koonings.com\\\/wp-content\\\/uploads\\\/2024\\\/11\\\/40849_2c1c86d1b4a688ef112d4644af649f2fe727f6c69636dcb0d3ebb7a3cecf1045cb0072c0-scaled.jpeg\",\"width\":1806,\"height\":2560},{\"@type\":\"BreadcrumbList\",\"@id\":\"https:\\\/\\\/www.koonings.com\\\/de\\\/product\\\/milla-nova-fidella\\\/#breadcrumb\",\"itemListElement\":[{\"@type\":\"ListItem\",\"position\":1,\"name\":\"Home\",\"item\":\"https:\\\/\\\/www.koonings.com\\\/de\\\/\"},{\"@type\":\"ListItem\",\"position\":2,\"name\":\"Milla Nova Fidella\"}]},{\"@type\":\"WebSite\",\"@id\":\"https:\\\/\\\/www.koonings.com\\\/de\\\/#website\",\"url\":\"https:\\\/\\\/www.koonings.com\\\/de\\\/\",\"name\":\"Koonings\",\"description\":\"De grootste bruidsmodewinkel ter wereld\",\"publisher\":{\"@id\":\"https:\\\/\\\/www.koonings.com\\\/de\\\/#organization\"},\"potentialAction\":[{\"@type\":\"SearchAction\",\"target\":{\"@type\":\"EntryPoint\",\"urlTemplate\":\"https:\\\/\\\/www.koonings.com\\\/de\\\/?s={search_term_string}\"},\"query-input\":{\"@type\":\"PropertyValueSpecification\",\"valueRequired\":true,\"valueName\":\"search_term_string\"}}],\"inLanguage\":\"de\"},{\"@type\":\"Organization\",\"@id\":\"https:\\\/\\\/www.koonings.com\\\/de\\\/#organization\",\"name\":\"Koonings\",\"url\":\"https:\\\/\\\/www.koonings.com\\\/de\\\/\",\"logo\":{\"@type\":\"ImageObject\",\"inLanguage\":\"de\",\"@id\":\"https:\\\/\\\/www.koonings.com\\\/de\\\/#\\\/schema\\\/logo\\\/image\\\/\",\"url\":\"https:\\\/\\\/www.koonings.com\\\/wp-content\\\/uploads\\\/2024\\\/07\\\/logo.png\",\"contentUrl\":\"https:\\\/\\\/www.koonings.com\\\/wp-content\\\/uploads\\\/2024\\\/07\\\/logo.png\",\"width\":600,\"height\":428,\"caption\":\"Koonings\"},\"image\":{\"@id\":\"https:\\\/\\\/www.koonings.com\\\/de\\\/#\\\/schema\\\/logo\\\/image\\\/\"},\"sameAs\":[\"https:\\\/\\\/www.facebook.com\\\/kooningstheweddingpalace\",\"https:\\\/\\\/www.instagram.com\\\/kooningstheweddingpalace\",\"https:\\\/\\\/www.pinterest.com\\\/koonings\",\"https:\\\/\\\/www.youtube.com\\\/kooningstheweddingpalace\"]}]}<\/script>\n<!-- \/ Yoast SEO plugin. -->","yoast_head_json":{"title":"Milla Nova Fidella | Koonings","description":"Atemberaubendes lang\u00e4rmeliges Hochzeitskleid aus floral gemusterter Spitze, die von Hand mit Pailletten verziert wurde. Das Kleid besteht aus einem halbtransparenten Oberteil mit tiefem, k\u00fchnem Illusionsausschnitt, durchsichtigen langen \u00c4rmeln mit Blumen, einem illusionsoffenen R\u00fccken mit Kn\u00f6pfen und einem elegant sitzenden Rock mit nudefarbenem Futter und kurzer Schleppe.","robots":{"index":"index","follow":"follow","max-snippet":"max-snippet:-1","max-image-preview":"max-image-preview:large","max-video-preview":"max-video-preview:-1"},"canonical":"https:\/\/www.koonings.com\/de\/product\/milla-nova-fidella\/","og_locale":"de_DE","og_type":"article","og_title":"Milla Nova Fidella | Koonings","og_description":"Atemberaubendes lang\u00e4rmeliges Hochzeitskleid aus floral gemusterter Spitze, die von Hand mit Pailletten verziert wurde. Das Kleid besteht aus einem halbtransparenten Oberteil mit tiefem, k\u00fchnem Illusionsausschnitt, durchsichtigen langen \u00c4rmeln mit Blumen, einem illusionsoffenen R\u00fccken mit Kn\u00f6pfen und einem elegant sitzenden Rock mit nudefarbenem Futter und kurzer Schleppe.","og_url":"https:\/\/www.koonings.com\/de\/product\/milla-nova-fidella\/","og_site_name":"Koonings","article_publisher":"https:\/\/www.facebook.com\/kooningstheweddingpalace","og_image":[{"width":1806,"height":2560,"url":"https:\/\/www.koonings.com\/wp-content\/uploads\/2024\/11\/40849_2c1c86d1b4a688ef112d4644af649f2fe727f6c69636dcb0d3ebb7a3cecf1045cb0072c0-scaled.jpeg","type":"image\/jpeg"}],"twitter_card":"summary_large_image","schema":{"@context":"https:\/\/schema.org","@graph":[{"@type":"WebPage","@id":"https:\/\/www.koonings.com\/de\/product\/milla-nova-fidella\/","url":"https:\/\/www.koonings.com\/de\/product\/milla-nova-fidella\/","name":"Milla Nova Fidella | Koonings","isPartOf":{"@id":"https:\/\/www.koonings.com\/de\/#website"},"primaryImageOfPage":{"@id":"https:\/\/www.koonings.com\/de\/product\/milla-nova-fidella\/#primaryimage"},"image":{"@id":"https:\/\/www.koonings.com\/de\/product\/milla-nova-fidella\/#primaryimage"},"thumbnailUrl":"https:\/\/www.koonings.com\/wp-content\/uploads\/2024\/11\/40849_2c1c86d1b4a688ef112d4644af649f2fe727f6c69636dcb0d3ebb7a3cecf1045cb0072c0-scaled.jpeg","datePublished":"2026-04-28T16:22:30+00:00","description":"Atemberaubendes lang\u00e4rmeliges Hochzeitskleid aus floral gemusterter Spitze, die von Hand mit Pailletten verziert wurde. Das Kleid besteht aus einem halbtransparenten Oberteil mit tiefem, k\u00fchnem Illusionsausschnitt, durchsichtigen langen \u00c4rmeln mit Blumen, einem illusionsoffenen R\u00fccken mit Kn\u00f6pfen und einem elegant sitzenden Rock mit nudefarbenem Futter und kurzer Schleppe.","breadcrumb":{"@id":"https:\/\/www.koonings.com\/de\/product\/milla-nova-fidella\/#breadcrumb"},"inLanguage":"de","potentialAction":[{"@type":"ReadAction","target":["https:\/\/www.koonings.com\/de\/product\/milla-nova-fidella\/"]}]},{"@type":"ImageObject","inLanguage":"de","@id":"https:\/\/www.koonings.com\/de\/product\/milla-nova-fidella\/#primaryimage","url":"https:\/\/www.koonings.com\/wp-content\/uploads\/2024\/11\/40849_2c1c86d1b4a688ef112d4644af649f2fe727f6c69636dcb0d3ebb7a3cecf1045cb0072c0-scaled.jpeg","contentUrl":"https:\/\/www.koonings.com\/wp-content\/uploads\/2024\/11\/40849_2c1c86d1b4a688ef112d4644af649f2fe727f6c69636dcb0d3ebb7a3cecf1045cb0072c0-scaled.jpeg","width":1806,"height":2560},{"@type":"BreadcrumbList","@id":"https:\/\/www.koonings.com\/de\/product\/milla-nova-fidella\/#breadcrumb","itemListElement":[{"@type":"ListItem","position":1,"name":"Home","item":"https:\/\/www.koonings.com\/de\/"},{"@type":"ListItem","position":2,"name":"Milla Nova Fidella"}]},{"@type":"WebSite","@id":"https:\/\/www.koonings.com\/de\/#website","url":"https:\/\/www.koonings.com\/de\/","name":"Koonings","description":"De grootste bruidsmodewinkel ter wereld","publisher":{"@id":"https:\/\/www.koonings.com\/de\/#organization"},"potentialAction":[{"@type":"SearchAction","target":{"@type":"EntryPoint","urlTemplate":"https:\/\/www.koonings.com\/de\/?s={search_term_string}"},"query-input":{"@type":"PropertyValueSpecification","valueRequired":true,"valueName":"search_term_string"}}],"inLanguage":"de"},{"@type":"Organization","@id":"https:\/\/www.koonings.com\/de\/#organization","name":"Koonings","url":"https:\/\/www.koonings.com\/de\/","logo":{"@type":"ImageObject","inLanguage":"de","@id":"https:\/\/www.koonings.com\/de\/#\/schema\/logo\/image\/","url":"https:\/\/www.koonings.com\/wp-content\/uploads\/2024\/07\/logo.png","contentUrl":"https:\/\/www.koonings.com\/wp-content\/uploads\/2024\/07\/logo.png","width":600,"height":428,"caption":"Koonings"},"image":{"@id":"https:\/\/www.koonings.com\/de\/#\/schema\/logo\/image\/"},"sameAs":["https:\/\/www.facebook.com\/kooningstheweddingpalace","https:\/\/www.instagram.com\/kooningstheweddingpalace","https:\/\/www.pinterest.com\/koonings","https:\/\/www.youtube.com\/kooningstheweddingpalace"]}]}},"_links":{"self":[{"href":"https:\/\/www.koonings.com\/de\/wp-json\/wp\/v2\/product\/79779","targetHints":{"allow":["GET"]}}],"collection":[{"href":"https:\/\/www.koonings.com\/de\/wp-json\/wp\/v2\/product"}],"about":[{"href":"https:\/\/www.koonings.com\/de\/wp-json\/wp\/v2\/types\/product"}],"wp:featuredmedia":[{"embeddable":true,"href":"https:\/\/www.koonings.com\/de\/wp-json\/wp\/v2\/media\/71382"}],"wp:attachment":[{"href":"https:\/\/www.koonings.com\/de\/wp-json\/wp\/v2\/media?parent=79779"}],"wp:term":[{"taxonomy":"productdetails","embeddable":true,"href":"https:\/\/www.koonings.com\/de\/wp-json\/wp\/v2\/productdetails?post=79779"},{"taxonomy":"productneck","embeddable":true,"href":"https:\/\/www.koonings.com\/de\/wp-json\/wp\/v2\/productneck?post=79779"},{"taxonomy":"productcolor","embeddable":true,"href":"https:\/\/www.koonings.com\/de\/wp-json\/wp\/v2\/productcolor?post=79779"},{"taxonomy":"maat","embeddable":true,"href":"https:\/\/www.koonings.com\/de\/wp-json\/wp\/v2\/maat?post=79779"},{"taxonomy":"productsupplier","embeddable":true,"href":"https:\/\/www.koonings.com\/de\/wp-json\/wp\/v2\/productsupplier?post=79779"},{"taxonomy":"productsleeve","embeddable":true,"href":"https:\/\/www.koonings.com\/de\/wp-json\/wp\/v2\/productsleeve?post=79779"},{"taxonomy":"productcategory","embeddable":true,"href":"https:\/\/www.koonings.com\/de\/wp-json\/wp\/v2\/productcategory?post=79779"},{"taxonomy":"productsilhouette","embeddable":true,"href":"https:\/\/www.koonings.com\/de\/wp-json\/wp\/v2\/productsilhouette?post=79779"},{"taxonomy":"productstyle","embeddable":true,"href":"https:\/\/www.koonings.com\/de\/wp-json\/wp\/v2\/productstyle?post=79779"}],"curies":[{"name":"wp","href":"https:\/\/api.w.org\/{rel}","templated":true}]}}