{"id":79778,"date":"2026-04-14T16:24:16","date_gmt":"2026-04-14T14:24:16","guid":{"rendered":"https:\/\/www.koonings.com\/product\/milla-nova-gwendolin\/"},"modified":"2025-06-05T13:46:34","modified_gmt":"2025-06-05T11:46:34","slug":"milla-nova-gwendolin","status":"publish","type":"product","link":"https:\/\/www.koonings.com\/de\/product\/milla-nova-gwendolin\/","title":{"rendered":"Milla Nova Gwendolin"},"content":{"rendered":"<p>Romantisches Meerjungfrauen-Hochzeitskleid mit Tr\u00e4gern. Das aus Spitze gefertigte Kleid ist mit 3D-Blumenapplikationen aus Chiffon verziert und verf\u00fcgt \u00fcber einen quadratischen Korsettausschnitt mit optimalen St\u00e4bchen, um die Figur zu betonen. Der taillierte Rock geht anmutig in eine kurze Schleppe \u00fcber, die dem Kleid einen Hauch von Charme verleiht.  <\/p>\n","protected":false},"featured_media":71416,"template":"","meta":{"_acf_changed":false,"ghostkit_customizer_options":"","ghostkit_custom_css":"","ghostkit_custom_js_head":"","ghostkit_custom_js_foot":"","ghostkit_typography":""},"productdetails":[379,376],"productneck":[352],"productcolor":[393,392],"maat":[],"productsupplier":[446],"productsleeve":[359],"productcategory":[18],"productsilhouette":[387],"productstyle":[366],"class_list":["post-79778","product","type-product","status-publish","has-post-thumbnail","hentry","productdetails-379","productdetails-376","productneck-352","productcolor-393","productcolor-392","productsupplier-milla-nova","productsleeve-359","productcategory-trouwjurken","productsilhouette-387","productstyle-366"],"acf":[],"yoast_head":"<!-- This site is optimized with the Yoast SEO plugin v27.3 - https:\/\/yoast.com\/product\/yoast-seo-wordpress\/ -->\n<title>Milla Nova Gwendolin | Koonings<\/title>\n<meta name=\"description\" content=\"Romantisches Meerjungfrauen-Hochzeitskleid mit Tr\u00e4gern. Das aus Spitze gefertigte Kleid ist mit 3D-Blumenapplikationen aus Chiffon verziert und verf\u00fcgt \u00fcber einen quadratischen Korsettausschnitt mit optimalen St\u00e4bchen, um die Figur zu betonen. Der taillierte Rock geht anmutig in eine kurze Schleppe \u00fcber, die dem Kleid einen Hauch von Charme verleiht.\" \/>\n<meta name=\"robots\" content=\"index, follow, max-snippet:-1, max-image-preview:large, max-video-preview:-1\" \/>\n<link rel=\"canonical\" href=\"https:\/\/www.koonings.com\/de\/product\/milla-nova-gwendolin\/\" \/>\n<meta property=\"og:locale\" content=\"de_DE\" \/>\n<meta property=\"og:type\" content=\"article\" \/>\n<meta property=\"og:title\" content=\"Milla Nova Gwendolin | Koonings\" \/>\n<meta property=\"og:description\" content=\"Romantisches Meerjungfrauen-Hochzeitskleid mit Tr\u00e4gern. Das aus Spitze gefertigte Kleid ist mit 3D-Blumenapplikationen aus Chiffon verziert und verf\u00fcgt \u00fcber einen quadratischen Korsettausschnitt mit optimalen St\u00e4bchen, um die Figur zu betonen. Der taillierte Rock geht anmutig in eine kurze Schleppe \u00fcber, die dem Kleid einen Hauch von Charme verleiht.\" \/>\n<meta property=\"og:url\" content=\"https:\/\/www.koonings.com\/de\/product\/milla-nova-gwendolin\/\" \/>\n<meta property=\"og:site_name\" content=\"Koonings\" \/>\n<meta property=\"article:publisher\" content=\"https:\/\/www.facebook.com\/kooningstheweddingpalace\" \/>\n<meta property=\"og:image\" content=\"https:\/\/www.koonings.com\/wp-content\/uploads\/2024\/11\/40851_e1d5fe5b2635b0b9ec92242cdfe00ce92537a3056a0b161f4ca2d634cbd638ed3d5d13b1-scaled.jpeg\" \/>\n\t<meta property=\"og:image:width\" content=\"1809\" \/>\n\t<meta property=\"og:image:height\" content=\"2560\" \/>\n\t<meta property=\"og:image:type\" content=\"image\/jpeg\" \/>\n<meta name=\"twitter:card\" content=\"summary_large_image\" \/>\n<script type=\"application\/ld+json\" class=\"yoast-schema-graph\">{\"@context\":\"https:\\\/\\\/schema.org\",\"@graph\":[{\"@type\":\"WebPage\",\"@id\":\"https:\\\/\\\/www.koonings.com\\\/de\\\/product\\\/milla-nova-gwendolin\\\/\",\"url\":\"https:\\\/\\\/www.koonings.com\\\/de\\\/product\\\/milla-nova-gwendolin\\\/\",\"name\":\"Milla Nova Gwendolin | Koonings\",\"isPartOf\":{\"@id\":\"https:\\\/\\\/www.koonings.com\\\/de\\\/#website\"},\"primaryImageOfPage\":{\"@id\":\"https:\\\/\\\/www.koonings.com\\\/de\\\/product\\\/milla-nova-gwendolin\\\/#primaryimage\"},\"image\":{\"@id\":\"https:\\\/\\\/www.koonings.com\\\/de\\\/product\\\/milla-nova-gwendolin\\\/#primaryimage\"},\"thumbnailUrl\":\"https:\\\/\\\/www.koonings.com\\\/wp-content\\\/uploads\\\/2024\\\/11\\\/40851_e1d5fe5b2635b0b9ec92242cdfe00ce92537a3056a0b161f4ca2d634cbd638ed3d5d13b1-scaled.jpeg\",\"datePublished\":\"2026-04-14T14:24:16+00:00\",\"description\":\"Romantisches Meerjungfrauen-Hochzeitskleid mit Tr\u00e4gern. Das aus Spitze gefertigte Kleid ist mit 3D-Blumenapplikationen aus Chiffon verziert und verf\u00fcgt \u00fcber einen quadratischen Korsettausschnitt mit optimalen St\u00e4bchen, um die Figur zu betonen. Der taillierte Rock geht anmutig in eine kurze Schleppe \u00fcber, die dem Kleid einen Hauch von Charme verleiht.\",\"breadcrumb\":{\"@id\":\"https:\\\/\\\/www.koonings.com\\\/de\\\/product\\\/milla-nova-gwendolin\\\/#breadcrumb\"},\"inLanguage\":\"de\",\"potentialAction\":[{\"@type\":\"ReadAction\",\"target\":[\"https:\\\/\\\/www.koonings.com\\\/de\\\/product\\\/milla-nova-gwendolin\\\/\"]}]},{\"@type\":\"ImageObject\",\"inLanguage\":\"de\",\"@id\":\"https:\\\/\\\/www.koonings.com\\\/de\\\/product\\\/milla-nova-gwendolin\\\/#primaryimage\",\"url\":\"https:\\\/\\\/www.koonings.com\\\/wp-content\\\/uploads\\\/2024\\\/11\\\/40851_e1d5fe5b2635b0b9ec92242cdfe00ce92537a3056a0b161f4ca2d634cbd638ed3d5d13b1-scaled.jpeg\",\"contentUrl\":\"https:\\\/\\\/www.koonings.com\\\/wp-content\\\/uploads\\\/2024\\\/11\\\/40851_e1d5fe5b2635b0b9ec92242cdfe00ce92537a3056a0b161f4ca2d634cbd638ed3d5d13b1-scaled.jpeg\",\"width\":1809,\"height\":2560},{\"@type\":\"BreadcrumbList\",\"@id\":\"https:\\\/\\\/www.koonings.com\\\/de\\\/product\\\/milla-nova-gwendolin\\\/#breadcrumb\",\"itemListElement\":[{\"@type\":\"ListItem\",\"position\":1,\"name\":\"Home\",\"item\":\"https:\\\/\\\/www.koonings.com\\\/de\\\/\"},{\"@type\":\"ListItem\",\"position\":2,\"name\":\"Milla Nova Gwendolin\"}]},{\"@type\":\"WebSite\",\"@id\":\"https:\\\/\\\/www.koonings.com\\\/de\\\/#website\",\"url\":\"https:\\\/\\\/www.koonings.com\\\/de\\\/\",\"name\":\"Koonings\",\"description\":\"De grootste bruidsmodewinkel ter wereld\",\"publisher\":{\"@id\":\"https:\\\/\\\/www.koonings.com\\\/de\\\/#organization\"},\"potentialAction\":[{\"@type\":\"SearchAction\",\"target\":{\"@type\":\"EntryPoint\",\"urlTemplate\":\"https:\\\/\\\/www.koonings.com\\\/de\\\/?s={search_term_string}\"},\"query-input\":{\"@type\":\"PropertyValueSpecification\",\"valueRequired\":true,\"valueName\":\"search_term_string\"}}],\"inLanguage\":\"de\"},{\"@type\":\"Organization\",\"@id\":\"https:\\\/\\\/www.koonings.com\\\/de\\\/#organization\",\"name\":\"Koonings\",\"url\":\"https:\\\/\\\/www.koonings.com\\\/de\\\/\",\"logo\":{\"@type\":\"ImageObject\",\"inLanguage\":\"de\",\"@id\":\"https:\\\/\\\/www.koonings.com\\\/de\\\/#\\\/schema\\\/logo\\\/image\\\/\",\"url\":\"https:\\\/\\\/www.koonings.com\\\/wp-content\\\/uploads\\\/2024\\\/07\\\/logo.png\",\"contentUrl\":\"https:\\\/\\\/www.koonings.com\\\/wp-content\\\/uploads\\\/2024\\\/07\\\/logo.png\",\"width\":600,\"height\":428,\"caption\":\"Koonings\"},\"image\":{\"@id\":\"https:\\\/\\\/www.koonings.com\\\/de\\\/#\\\/schema\\\/logo\\\/image\\\/\"},\"sameAs\":[\"https:\\\/\\\/www.facebook.com\\\/kooningstheweddingpalace\",\"https:\\\/\\\/www.instagram.com\\\/kooningstheweddingpalace\",\"https:\\\/\\\/www.pinterest.com\\\/koonings\",\"https:\\\/\\\/www.youtube.com\\\/kooningstheweddingpalace\"]}]}<\/script>\n<!-- \/ Yoast SEO plugin. -->","yoast_head_json":{"title":"Milla Nova Gwendolin | Koonings","description":"Romantisches Meerjungfrauen-Hochzeitskleid mit Tr\u00e4gern. Das aus Spitze gefertigte Kleid ist mit 3D-Blumenapplikationen aus Chiffon verziert und verf\u00fcgt \u00fcber einen quadratischen Korsettausschnitt mit optimalen St\u00e4bchen, um die Figur zu betonen. Der taillierte Rock geht anmutig in eine kurze Schleppe \u00fcber, die dem Kleid einen Hauch von Charme verleiht.","robots":{"index":"index","follow":"follow","max-snippet":"max-snippet:-1","max-image-preview":"max-image-preview:large","max-video-preview":"max-video-preview:-1"},"canonical":"https:\/\/www.koonings.com\/de\/product\/milla-nova-gwendolin\/","og_locale":"de_DE","og_type":"article","og_title":"Milla Nova Gwendolin | Koonings","og_description":"Romantisches Meerjungfrauen-Hochzeitskleid mit Tr\u00e4gern. Das aus Spitze gefertigte Kleid ist mit 3D-Blumenapplikationen aus Chiffon verziert und verf\u00fcgt \u00fcber einen quadratischen Korsettausschnitt mit optimalen St\u00e4bchen, um die Figur zu betonen. Der taillierte Rock geht anmutig in eine kurze Schleppe \u00fcber, die dem Kleid einen Hauch von Charme verleiht.","og_url":"https:\/\/www.koonings.com\/de\/product\/milla-nova-gwendolin\/","og_site_name":"Koonings","article_publisher":"https:\/\/www.facebook.com\/kooningstheweddingpalace","og_image":[{"width":1809,"height":2560,"url":"https:\/\/www.koonings.com\/wp-content\/uploads\/2024\/11\/40851_e1d5fe5b2635b0b9ec92242cdfe00ce92537a3056a0b161f4ca2d634cbd638ed3d5d13b1-scaled.jpeg","type":"image\/jpeg"}],"twitter_card":"summary_large_image","schema":{"@context":"https:\/\/schema.org","@graph":[{"@type":"WebPage","@id":"https:\/\/www.koonings.com\/de\/product\/milla-nova-gwendolin\/","url":"https:\/\/www.koonings.com\/de\/product\/milla-nova-gwendolin\/","name":"Milla Nova Gwendolin | Koonings","isPartOf":{"@id":"https:\/\/www.koonings.com\/de\/#website"},"primaryImageOfPage":{"@id":"https:\/\/www.koonings.com\/de\/product\/milla-nova-gwendolin\/#primaryimage"},"image":{"@id":"https:\/\/www.koonings.com\/de\/product\/milla-nova-gwendolin\/#primaryimage"},"thumbnailUrl":"https:\/\/www.koonings.com\/wp-content\/uploads\/2024\/11\/40851_e1d5fe5b2635b0b9ec92242cdfe00ce92537a3056a0b161f4ca2d634cbd638ed3d5d13b1-scaled.jpeg","datePublished":"2026-04-14T14:24:16+00:00","description":"Romantisches Meerjungfrauen-Hochzeitskleid mit Tr\u00e4gern. Das aus Spitze gefertigte Kleid ist mit 3D-Blumenapplikationen aus Chiffon verziert und verf\u00fcgt \u00fcber einen quadratischen Korsettausschnitt mit optimalen St\u00e4bchen, um die Figur zu betonen. Der taillierte Rock geht anmutig in eine kurze Schleppe \u00fcber, die dem Kleid einen Hauch von Charme verleiht.","breadcrumb":{"@id":"https:\/\/www.koonings.com\/de\/product\/milla-nova-gwendolin\/#breadcrumb"},"inLanguage":"de","potentialAction":[{"@type":"ReadAction","target":["https:\/\/www.koonings.com\/de\/product\/milla-nova-gwendolin\/"]}]},{"@type":"ImageObject","inLanguage":"de","@id":"https:\/\/www.koonings.com\/de\/product\/milla-nova-gwendolin\/#primaryimage","url":"https:\/\/www.koonings.com\/wp-content\/uploads\/2024\/11\/40851_e1d5fe5b2635b0b9ec92242cdfe00ce92537a3056a0b161f4ca2d634cbd638ed3d5d13b1-scaled.jpeg","contentUrl":"https:\/\/www.koonings.com\/wp-content\/uploads\/2024\/11\/40851_e1d5fe5b2635b0b9ec92242cdfe00ce92537a3056a0b161f4ca2d634cbd638ed3d5d13b1-scaled.jpeg","width":1809,"height":2560},{"@type":"BreadcrumbList","@id":"https:\/\/www.koonings.com\/de\/product\/milla-nova-gwendolin\/#breadcrumb","itemListElement":[{"@type":"ListItem","position":1,"name":"Home","item":"https:\/\/www.koonings.com\/de\/"},{"@type":"ListItem","position":2,"name":"Milla Nova Gwendolin"}]},{"@type":"WebSite","@id":"https:\/\/www.koonings.com\/de\/#website","url":"https:\/\/www.koonings.com\/de\/","name":"Koonings","description":"De grootste bruidsmodewinkel ter wereld","publisher":{"@id":"https:\/\/www.koonings.com\/de\/#organization"},"potentialAction":[{"@type":"SearchAction","target":{"@type":"EntryPoint","urlTemplate":"https:\/\/www.koonings.com\/de\/?s={search_term_string}"},"query-input":{"@type":"PropertyValueSpecification","valueRequired":true,"valueName":"search_term_string"}}],"inLanguage":"de"},{"@type":"Organization","@id":"https:\/\/www.koonings.com\/de\/#organization","name":"Koonings","url":"https:\/\/www.koonings.com\/de\/","logo":{"@type":"ImageObject","inLanguage":"de","@id":"https:\/\/www.koonings.com\/de\/#\/schema\/logo\/image\/","url":"https:\/\/www.koonings.com\/wp-content\/uploads\/2024\/07\/logo.png","contentUrl":"https:\/\/www.koonings.com\/wp-content\/uploads\/2024\/07\/logo.png","width":600,"height":428,"caption":"Koonings"},"image":{"@id":"https:\/\/www.koonings.com\/de\/#\/schema\/logo\/image\/"},"sameAs":["https:\/\/www.facebook.com\/kooningstheweddingpalace","https:\/\/www.instagram.com\/kooningstheweddingpalace","https:\/\/www.pinterest.com\/koonings","https:\/\/www.youtube.com\/kooningstheweddingpalace"]}]}},"_links":{"self":[{"href":"https:\/\/www.koonings.com\/de\/wp-json\/wp\/v2\/product\/79778","targetHints":{"allow":["GET"]}}],"collection":[{"href":"https:\/\/www.koonings.com\/de\/wp-json\/wp\/v2\/product"}],"about":[{"href":"https:\/\/www.koonings.com\/de\/wp-json\/wp\/v2\/types\/product"}],"wp:featuredmedia":[{"embeddable":true,"href":"https:\/\/www.koonings.com\/de\/wp-json\/wp\/v2\/media\/71416"}],"wp:attachment":[{"href":"https:\/\/www.koonings.com\/de\/wp-json\/wp\/v2\/media?parent=79778"}],"wp:term":[{"taxonomy":"productdetails","embeddable":true,"href":"https:\/\/www.koonings.com\/de\/wp-json\/wp\/v2\/productdetails?post=79778"},{"taxonomy":"productneck","embeddable":true,"href":"https:\/\/www.koonings.com\/de\/wp-json\/wp\/v2\/productneck?post=79778"},{"taxonomy":"productcolor","embeddable":true,"href":"https:\/\/www.koonings.com\/de\/wp-json\/wp\/v2\/productcolor?post=79778"},{"taxonomy":"maat","embeddable":true,"href":"https:\/\/www.koonings.com\/de\/wp-json\/wp\/v2\/maat?post=79778"},{"taxonomy":"productsupplier","embeddable":true,"href":"https:\/\/www.koonings.com\/de\/wp-json\/wp\/v2\/productsupplier?post=79778"},{"taxonomy":"productsleeve","embeddable":true,"href":"https:\/\/www.koonings.com\/de\/wp-json\/wp\/v2\/productsleeve?post=79778"},{"taxonomy":"productcategory","embeddable":true,"href":"https:\/\/www.koonings.com\/de\/wp-json\/wp\/v2\/productcategory?post=79778"},{"taxonomy":"productsilhouette","embeddable":true,"href":"https:\/\/www.koonings.com\/de\/wp-json\/wp\/v2\/productsilhouette?post=79778"},{"taxonomy":"productstyle","embeddable":true,"href":"https:\/\/www.koonings.com\/de\/wp-json\/wp\/v2\/productstyle?post=79778"}],"curies":[{"name":"wp","href":"https:\/\/api.w.org\/{rel}","templated":true}]}}