{"id":79762,"date":"2026-04-21T18:24:09","date_gmt":"2026-04-21T16:24:09","guid":{"rendered":"https:\/\/www.koonings.com\/product\/milla-nova-madeira-train\/"},"modified":"2025-06-05T13:46:28","modified_gmt":"2025-06-05T11:46:28","slug":"milla-nova-madeira-train","status":"publish","type":"product","link":"https:\/\/www.koonings.com\/de\/product\/milla-nova-madeira-train\/","title":{"rendered":"Milla Nova Madeira + train"},"content":{"rendered":"<p>Aufsehenerregendes schulterfreies Meerjungfrauenkleid aus halbtransparenter Spitze, das von Hand mit Paillettenverzierungen entlang des gesamten Kleides kunstvoll verziert wurde.<br \/>\nMit einem herzf\u00f6rmigen Ausschnitt, einem schimmernden Korsett mit St\u00e4bchen und eingebauten Cups, schulterfreien langen \u00c4rmeln, einem Rei\u00dfverschluss am R\u00fccken und einem taillierten Rock mit kurzer Schleppe. Der Brautlook kann durch eine dramatische lange, abnehmbare Madeira-Schleppe aus Dutzenden von Lagen Organza, die in Handarbeit zu volumin\u00f6sen R\u00fcschen verarbeitet wurden, erweitert werden. Erweiterbar mit der langen, abnehmbaren Fashionista-Schleppe aus Dutzenden von Organza-Lagen, die von Hand zu volumin\u00f6sen R\u00fcschen verarbeitet wurden.  <\/p>\n","protected":false},"featured_media":71491,"template":"","meta":{"_acf_changed":false,"ghostkit_customizer_options":"","ghostkit_custom_css":"","ghostkit_custom_js_head":"","ghostkit_custom_js_foot":"","ghostkit_typography":""},"productdetails":[],"productneck":[355],"productcolor":[393,392],"maat":[],"productsupplier":[446],"productsleeve":[363],"productcategory":[18],"productsilhouette":[387],"productstyle":[367,366],"class_list":["post-79762","product","type-product","status-publish","has-post-thumbnail","hentry","productneck-355","productcolor-393","productcolor-392","productsupplier-milla-nova","productsleeve-363","productcategory-trouwjurken","productsilhouette-387","productstyle-367","productstyle-366"],"acf":[],"yoast_head":"<!-- This site is optimized with the Yoast SEO plugin v27.3 - https:\/\/yoast.com\/product\/yoast-seo-wordpress\/ -->\n<title>Milla Nova Madeira + train | Koonings<\/title>\n<meta name=\"description\" content=\"Aufsehenerregendes schulterfreies Meerjungfrauenkleid aus halbtransparenter Spitze, das von Hand mit Paillettenverzierungen entlang des gesamten Kleides kunstvoll verziert wurde. Mit einem herzf\u00f6rmigen Ausschnitt, einem schimmernden Korsett mit St\u00e4bchen und eingebauten Cups, schulterfreien langen \u00c4rmeln, einem Rei\u00dfverschluss am R\u00fccken und einem taillierten Rock mit kurzer Schleppe. Der Brautlook kann durch eine dramatische lange, abnehmbare Madeira-Schleppe aus Dutzenden von Lagen Organza, die in Handarbeit zu volumin\u00f6sen R\u00fcschen verarbeitet wurden, erweitert werden. Erweiterbar mit der langen, abnehmbaren Fashionista-Schleppe aus Dutzenden von Organza-Lagen, die von Hand zu volumin\u00f6sen R\u00fcschen verarbeitet wurden.\" \/>\n<meta name=\"robots\" content=\"index, follow, max-snippet:-1, max-image-preview:large, max-video-preview:-1\" \/>\n<link rel=\"canonical\" href=\"https:\/\/www.koonings.com\/de\/product\/milla-nova-madeira-train\/\" \/>\n<meta property=\"og:locale\" content=\"de_DE\" \/>\n<meta property=\"og:type\" content=\"article\" \/>\n<meta property=\"og:title\" content=\"Milla Nova Madeira + train | Koonings\" \/>\n<meta property=\"og:description\" content=\"Aufsehenerregendes schulterfreies Meerjungfrauenkleid aus halbtransparenter Spitze, das von Hand mit Paillettenverzierungen entlang des gesamten Kleides kunstvoll verziert wurde. Mit einem herzf\u00f6rmigen Ausschnitt, einem schimmernden Korsett mit St\u00e4bchen und eingebauten Cups, schulterfreien langen \u00c4rmeln, einem Rei\u00dfverschluss am R\u00fccken und einem taillierten Rock mit kurzer Schleppe. Der Brautlook kann durch eine dramatische lange, abnehmbare Madeira-Schleppe aus Dutzenden von Lagen Organza, die in Handarbeit zu volumin\u00f6sen R\u00fcschen verarbeitet wurden, erweitert werden. Erweiterbar mit der langen, abnehmbaren Fashionista-Schleppe aus Dutzenden von Organza-Lagen, die von Hand zu volumin\u00f6sen R\u00fcschen verarbeitet wurden.\" \/>\n<meta property=\"og:url\" content=\"https:\/\/www.koonings.com\/de\/product\/milla-nova-madeira-train\/\" \/>\n<meta property=\"og:site_name\" content=\"Koonings\" \/>\n<meta property=\"article:publisher\" content=\"https:\/\/www.facebook.com\/kooningstheweddingpalace\" \/>\n<meta property=\"og:image\" content=\"https:\/\/www.koonings.com\/wp-content\/uploads\/2024\/11\/40854_8b19637d1d6226343e2bd0a3785db385572901311e0ba84be9c15a4e93339bba4ed09aa0-scaled.jpeg\" \/>\n\t<meta property=\"og:image:width\" content=\"1809\" \/>\n\t<meta property=\"og:image:height\" content=\"2560\" \/>\n\t<meta property=\"og:image:type\" content=\"image\/jpeg\" \/>\n<meta name=\"twitter:card\" content=\"summary_large_image\" \/>\n<script type=\"application\/ld+json\" class=\"yoast-schema-graph\">{\"@context\":\"https:\\\/\\\/schema.org\",\"@graph\":[{\"@type\":\"WebPage\",\"@id\":\"https:\\\/\\\/www.koonings.com\\\/de\\\/product\\\/milla-nova-madeira-train\\\/\",\"url\":\"https:\\\/\\\/www.koonings.com\\\/de\\\/product\\\/milla-nova-madeira-train\\\/\",\"name\":\"Milla Nova Madeira + train | Koonings\",\"isPartOf\":{\"@id\":\"https:\\\/\\\/www.koonings.com\\\/de\\\/#website\"},\"primaryImageOfPage\":{\"@id\":\"https:\\\/\\\/www.koonings.com\\\/de\\\/product\\\/milla-nova-madeira-train\\\/#primaryimage\"},\"image\":{\"@id\":\"https:\\\/\\\/www.koonings.com\\\/de\\\/product\\\/milla-nova-madeira-train\\\/#primaryimage\"},\"thumbnailUrl\":\"https:\\\/\\\/www.koonings.com\\\/wp-content\\\/uploads\\\/2024\\\/11\\\/40854_8b19637d1d6226343e2bd0a3785db385572901311e0ba84be9c15a4e93339bba4ed09aa0-scaled.jpeg\",\"datePublished\":\"2026-04-21T16:24:09+00:00\",\"description\":\"Aufsehenerregendes schulterfreies Meerjungfrauenkleid aus halbtransparenter Spitze, das von Hand mit Paillettenverzierungen entlang des gesamten Kleides kunstvoll verziert wurde. Mit einem herzf\u00f6rmigen Ausschnitt, einem schimmernden Korsett mit St\u00e4bchen und eingebauten Cups, schulterfreien langen \u00c4rmeln, einem Rei\u00dfverschluss am R\u00fccken und einem taillierten Rock mit kurzer Schleppe. Der Brautlook kann durch eine dramatische lange, abnehmbare Madeira-Schleppe aus Dutzenden von Lagen Organza, die in Handarbeit zu volumin\u00f6sen R\u00fcschen verarbeitet wurden, erweitert werden. Erweiterbar mit der langen, abnehmbaren Fashionista-Schleppe aus Dutzenden von Organza-Lagen, die von Hand zu volumin\u00f6sen R\u00fcschen verarbeitet wurden.\",\"breadcrumb\":{\"@id\":\"https:\\\/\\\/www.koonings.com\\\/de\\\/product\\\/milla-nova-madeira-train\\\/#breadcrumb\"},\"inLanguage\":\"de\",\"potentialAction\":[{\"@type\":\"ReadAction\",\"target\":[\"https:\\\/\\\/www.koonings.com\\\/de\\\/product\\\/milla-nova-madeira-train\\\/\"]}]},{\"@type\":\"ImageObject\",\"inLanguage\":\"de\",\"@id\":\"https:\\\/\\\/www.koonings.com\\\/de\\\/product\\\/milla-nova-madeira-train\\\/#primaryimage\",\"url\":\"https:\\\/\\\/www.koonings.com\\\/wp-content\\\/uploads\\\/2024\\\/11\\\/40854_8b19637d1d6226343e2bd0a3785db385572901311e0ba84be9c15a4e93339bba4ed09aa0-scaled.jpeg\",\"contentUrl\":\"https:\\\/\\\/www.koonings.com\\\/wp-content\\\/uploads\\\/2024\\\/11\\\/40854_8b19637d1d6226343e2bd0a3785db385572901311e0ba84be9c15a4e93339bba4ed09aa0-scaled.jpeg\",\"width\":1809,\"height\":2560},{\"@type\":\"BreadcrumbList\",\"@id\":\"https:\\\/\\\/www.koonings.com\\\/de\\\/product\\\/milla-nova-madeira-train\\\/#breadcrumb\",\"itemListElement\":[{\"@type\":\"ListItem\",\"position\":1,\"name\":\"Home\",\"item\":\"https:\\\/\\\/www.koonings.com\\\/de\\\/\"},{\"@type\":\"ListItem\",\"position\":2,\"name\":\"Milla Nova Madeira + train\"}]},{\"@type\":\"WebSite\",\"@id\":\"https:\\\/\\\/www.koonings.com\\\/de\\\/#website\",\"url\":\"https:\\\/\\\/www.koonings.com\\\/de\\\/\",\"name\":\"Koonings\",\"description\":\"De grootste bruidsmodewinkel ter wereld\",\"publisher\":{\"@id\":\"https:\\\/\\\/www.koonings.com\\\/de\\\/#organization\"},\"potentialAction\":[{\"@type\":\"SearchAction\",\"target\":{\"@type\":\"EntryPoint\",\"urlTemplate\":\"https:\\\/\\\/www.koonings.com\\\/de\\\/?s={search_term_string}\"},\"query-input\":{\"@type\":\"PropertyValueSpecification\",\"valueRequired\":true,\"valueName\":\"search_term_string\"}}],\"inLanguage\":\"de\"},{\"@type\":\"Organization\",\"@id\":\"https:\\\/\\\/www.koonings.com\\\/de\\\/#organization\",\"name\":\"Koonings\",\"url\":\"https:\\\/\\\/www.koonings.com\\\/de\\\/\",\"logo\":{\"@type\":\"ImageObject\",\"inLanguage\":\"de\",\"@id\":\"https:\\\/\\\/www.koonings.com\\\/de\\\/#\\\/schema\\\/logo\\\/image\\\/\",\"url\":\"https:\\\/\\\/www.koonings.com\\\/wp-content\\\/uploads\\\/2024\\\/07\\\/logo.png\",\"contentUrl\":\"https:\\\/\\\/www.koonings.com\\\/wp-content\\\/uploads\\\/2024\\\/07\\\/logo.png\",\"width\":600,\"height\":428,\"caption\":\"Koonings\"},\"image\":{\"@id\":\"https:\\\/\\\/www.koonings.com\\\/de\\\/#\\\/schema\\\/logo\\\/image\\\/\"},\"sameAs\":[\"https:\\\/\\\/www.facebook.com\\\/kooningstheweddingpalace\",\"https:\\\/\\\/www.instagram.com\\\/kooningstheweddingpalace\",\"https:\\\/\\\/www.pinterest.com\\\/koonings\",\"https:\\\/\\\/www.youtube.com\\\/kooningstheweddingpalace\"]}]}<\/script>\n<!-- \/ Yoast SEO plugin. -->","yoast_head_json":{"title":"Milla Nova Madeira + train | Koonings","description":"Aufsehenerregendes schulterfreies Meerjungfrauenkleid aus halbtransparenter Spitze, das von Hand mit Paillettenverzierungen entlang des gesamten Kleides kunstvoll verziert wurde. Mit einem herzf\u00f6rmigen Ausschnitt, einem schimmernden Korsett mit St\u00e4bchen und eingebauten Cups, schulterfreien langen \u00c4rmeln, einem Rei\u00dfverschluss am R\u00fccken und einem taillierten Rock mit kurzer Schleppe. Der Brautlook kann durch eine dramatische lange, abnehmbare Madeira-Schleppe aus Dutzenden von Lagen Organza, die in Handarbeit zu volumin\u00f6sen R\u00fcschen verarbeitet wurden, erweitert werden. Erweiterbar mit der langen, abnehmbaren Fashionista-Schleppe aus Dutzenden von Organza-Lagen, die von Hand zu volumin\u00f6sen R\u00fcschen verarbeitet wurden.","robots":{"index":"index","follow":"follow","max-snippet":"max-snippet:-1","max-image-preview":"max-image-preview:large","max-video-preview":"max-video-preview:-1"},"canonical":"https:\/\/www.koonings.com\/de\/product\/milla-nova-madeira-train\/","og_locale":"de_DE","og_type":"article","og_title":"Milla Nova Madeira + train | Koonings","og_description":"Aufsehenerregendes schulterfreies Meerjungfrauenkleid aus halbtransparenter Spitze, das von Hand mit Paillettenverzierungen entlang des gesamten Kleides kunstvoll verziert wurde. Mit einem herzf\u00f6rmigen Ausschnitt, einem schimmernden Korsett mit St\u00e4bchen und eingebauten Cups, schulterfreien langen \u00c4rmeln, einem Rei\u00dfverschluss am R\u00fccken und einem taillierten Rock mit kurzer Schleppe. Der Brautlook kann durch eine dramatische lange, abnehmbare Madeira-Schleppe aus Dutzenden von Lagen Organza, die in Handarbeit zu volumin\u00f6sen R\u00fcschen verarbeitet wurden, erweitert werden. Erweiterbar mit der langen, abnehmbaren Fashionista-Schleppe aus Dutzenden von Organza-Lagen, die von Hand zu volumin\u00f6sen R\u00fcschen verarbeitet wurden.","og_url":"https:\/\/www.koonings.com\/de\/product\/milla-nova-madeira-train\/","og_site_name":"Koonings","article_publisher":"https:\/\/www.facebook.com\/kooningstheweddingpalace","og_image":[{"width":1809,"height":2560,"url":"https:\/\/www.koonings.com\/wp-content\/uploads\/2024\/11\/40854_8b19637d1d6226343e2bd0a3785db385572901311e0ba84be9c15a4e93339bba4ed09aa0-scaled.jpeg","type":"image\/jpeg"}],"twitter_card":"summary_large_image","schema":{"@context":"https:\/\/schema.org","@graph":[{"@type":"WebPage","@id":"https:\/\/www.koonings.com\/de\/product\/milla-nova-madeira-train\/","url":"https:\/\/www.koonings.com\/de\/product\/milla-nova-madeira-train\/","name":"Milla Nova Madeira + train | Koonings","isPartOf":{"@id":"https:\/\/www.koonings.com\/de\/#website"},"primaryImageOfPage":{"@id":"https:\/\/www.koonings.com\/de\/product\/milla-nova-madeira-train\/#primaryimage"},"image":{"@id":"https:\/\/www.koonings.com\/de\/product\/milla-nova-madeira-train\/#primaryimage"},"thumbnailUrl":"https:\/\/www.koonings.com\/wp-content\/uploads\/2024\/11\/40854_8b19637d1d6226343e2bd0a3785db385572901311e0ba84be9c15a4e93339bba4ed09aa0-scaled.jpeg","datePublished":"2026-04-21T16:24:09+00:00","description":"Aufsehenerregendes schulterfreies Meerjungfrauenkleid aus halbtransparenter Spitze, das von Hand mit Paillettenverzierungen entlang des gesamten Kleides kunstvoll verziert wurde. Mit einem herzf\u00f6rmigen Ausschnitt, einem schimmernden Korsett mit St\u00e4bchen und eingebauten Cups, schulterfreien langen \u00c4rmeln, einem Rei\u00dfverschluss am R\u00fccken und einem taillierten Rock mit kurzer Schleppe. Der Brautlook kann durch eine dramatische lange, abnehmbare Madeira-Schleppe aus Dutzenden von Lagen Organza, die in Handarbeit zu volumin\u00f6sen R\u00fcschen verarbeitet wurden, erweitert werden. Erweiterbar mit der langen, abnehmbaren Fashionista-Schleppe aus Dutzenden von Organza-Lagen, die von Hand zu volumin\u00f6sen R\u00fcschen verarbeitet wurden.","breadcrumb":{"@id":"https:\/\/www.koonings.com\/de\/product\/milla-nova-madeira-train\/#breadcrumb"},"inLanguage":"de","potentialAction":[{"@type":"ReadAction","target":["https:\/\/www.koonings.com\/de\/product\/milla-nova-madeira-train\/"]}]},{"@type":"ImageObject","inLanguage":"de","@id":"https:\/\/www.koonings.com\/de\/product\/milla-nova-madeira-train\/#primaryimage","url":"https:\/\/www.koonings.com\/wp-content\/uploads\/2024\/11\/40854_8b19637d1d6226343e2bd0a3785db385572901311e0ba84be9c15a4e93339bba4ed09aa0-scaled.jpeg","contentUrl":"https:\/\/www.koonings.com\/wp-content\/uploads\/2024\/11\/40854_8b19637d1d6226343e2bd0a3785db385572901311e0ba84be9c15a4e93339bba4ed09aa0-scaled.jpeg","width":1809,"height":2560},{"@type":"BreadcrumbList","@id":"https:\/\/www.koonings.com\/de\/product\/milla-nova-madeira-train\/#breadcrumb","itemListElement":[{"@type":"ListItem","position":1,"name":"Home","item":"https:\/\/www.koonings.com\/de\/"},{"@type":"ListItem","position":2,"name":"Milla Nova Madeira + train"}]},{"@type":"WebSite","@id":"https:\/\/www.koonings.com\/de\/#website","url":"https:\/\/www.koonings.com\/de\/","name":"Koonings","description":"De grootste bruidsmodewinkel ter wereld","publisher":{"@id":"https:\/\/www.koonings.com\/de\/#organization"},"potentialAction":[{"@type":"SearchAction","target":{"@type":"EntryPoint","urlTemplate":"https:\/\/www.koonings.com\/de\/?s={search_term_string}"},"query-input":{"@type":"PropertyValueSpecification","valueRequired":true,"valueName":"search_term_string"}}],"inLanguage":"de"},{"@type":"Organization","@id":"https:\/\/www.koonings.com\/de\/#organization","name":"Koonings","url":"https:\/\/www.koonings.com\/de\/","logo":{"@type":"ImageObject","inLanguage":"de","@id":"https:\/\/www.koonings.com\/de\/#\/schema\/logo\/image\/","url":"https:\/\/www.koonings.com\/wp-content\/uploads\/2024\/07\/logo.png","contentUrl":"https:\/\/www.koonings.com\/wp-content\/uploads\/2024\/07\/logo.png","width":600,"height":428,"caption":"Koonings"},"image":{"@id":"https:\/\/www.koonings.com\/de\/#\/schema\/logo\/image\/"},"sameAs":["https:\/\/www.facebook.com\/kooningstheweddingpalace","https:\/\/www.instagram.com\/kooningstheweddingpalace","https:\/\/www.pinterest.com\/koonings","https:\/\/www.youtube.com\/kooningstheweddingpalace"]}]}},"_links":{"self":[{"href":"https:\/\/www.koonings.com\/de\/wp-json\/wp\/v2\/product\/79762","targetHints":{"allow":["GET"]}}],"collection":[{"href":"https:\/\/www.koonings.com\/de\/wp-json\/wp\/v2\/product"}],"about":[{"href":"https:\/\/www.koonings.com\/de\/wp-json\/wp\/v2\/types\/product"}],"wp:featuredmedia":[{"embeddable":true,"href":"https:\/\/www.koonings.com\/de\/wp-json\/wp\/v2\/media\/71491"}],"wp:attachment":[{"href":"https:\/\/www.koonings.com\/de\/wp-json\/wp\/v2\/media?parent=79762"}],"wp:term":[{"taxonomy":"productdetails","embeddable":true,"href":"https:\/\/www.koonings.com\/de\/wp-json\/wp\/v2\/productdetails?post=79762"},{"taxonomy":"productneck","embeddable":true,"href":"https:\/\/www.koonings.com\/de\/wp-json\/wp\/v2\/productneck?post=79762"},{"taxonomy":"productcolor","embeddable":true,"href":"https:\/\/www.koonings.com\/de\/wp-json\/wp\/v2\/productcolor?post=79762"},{"taxonomy":"maat","embeddable":true,"href":"https:\/\/www.koonings.com\/de\/wp-json\/wp\/v2\/maat?post=79762"},{"taxonomy":"productsupplier","embeddable":true,"href":"https:\/\/www.koonings.com\/de\/wp-json\/wp\/v2\/productsupplier?post=79762"},{"taxonomy":"productsleeve","embeddable":true,"href":"https:\/\/www.koonings.com\/de\/wp-json\/wp\/v2\/productsleeve?post=79762"},{"taxonomy":"productcategory","embeddable":true,"href":"https:\/\/www.koonings.com\/de\/wp-json\/wp\/v2\/productcategory?post=79762"},{"taxonomy":"productsilhouette","embeddable":true,"href":"https:\/\/www.koonings.com\/de\/wp-json\/wp\/v2\/productsilhouette?post=79762"},{"taxonomy":"productstyle","embeddable":true,"href":"https:\/\/www.koonings.com\/de\/wp-json\/wp\/v2\/productstyle?post=79762"}],"curies":[{"name":"wp","href":"https:\/\/api.w.org\/{rel}","templated":true}]}}