{"id":79740,"date":"2026-04-28T18:22:10","date_gmt":"2026-04-28T16:22:10","guid":{"rendered":"https:\/\/www.koonings.com\/product\/milla-nova-newtonsleeves\/"},"modified":"2025-06-05T13:46:56","modified_gmt":"2025-06-05T11:46:56","slug":"milla-nova-newtonsleeves","status":"publish","type":"product","link":"https:\/\/www.koonings.com\/de\/product\/milla-nova-newtonsleeves\/","title":{"rendered":"Milla Nova Newton+sleeves"},"content":{"rendered":"<p>Anmutiges tr\u00e4gerloses A-Linien-Hochzeitskleid mit einem geraden, drapierten Ausschnitt und einem verf\u00fchrerischen offenen R\u00fccken, der mit einer volumin\u00f6sen Schleife verziert ist. Das bodenlange Kleid aus Satin hat einen Maxischlupf und kann mit abnehmbaren Puff\u00e4rmeln erg\u00e4nzt werden. <\/p>\n","protected":false},"featured_media":71640,"template":"","meta":{"_acf_changed":false,"ghostkit_customizer_options":"","ghostkit_custom_css":"","ghostkit_custom_js_head":"","ghostkit_custom_js_foot":"","ghostkit_typography":""},"productdetails":[],"productneck":[352],"productcolor":[392],"maat":[],"productsupplier":[446],"productsleeve":[357],"productcategory":[18],"productsilhouette":[384],"productstyle":[365,366],"class_list":["post-79740","product","type-product","status-publish","has-post-thumbnail","hentry","productneck-352","productcolor-392","productsupplier-milla-nova","productsleeve-357","productcategory-trouwjurken","productsilhouette-384","productstyle-365","productstyle-366"],"acf":[],"yoast_head":"<!-- This site is optimized with the Yoast SEO plugin v27.3 - https:\/\/yoast.com\/product\/yoast-seo-wordpress\/ -->\n<title>Milla Nova Newton+sleeves | Koonings<\/title>\n<meta name=\"description\" content=\"Anmutiges tr\u00e4gerloses A-Linien-Hochzeitskleid mit einem geraden, drapierten Ausschnitt und einem verf\u00fchrerischen offenen R\u00fccken, der mit einer volumin\u00f6sen Schleife verziert ist. Das bodenlange Kleid aus Satin hat einen Maxischlupf und kann mit abnehmbaren Puff\u00e4rmeln erg\u00e4nzt werden.\" \/>\n<meta name=\"robots\" content=\"index, follow, max-snippet:-1, max-image-preview:large, max-video-preview:-1\" \/>\n<link rel=\"canonical\" href=\"https:\/\/www.koonings.com\/de\/product\/milla-nova-newtonsleeves\/\" \/>\n<meta property=\"og:locale\" content=\"de_DE\" \/>\n<meta property=\"og:type\" content=\"article\" \/>\n<meta property=\"og:title\" content=\"Milla Nova Newton+sleeves | Koonings\" \/>\n<meta property=\"og:description\" content=\"Anmutiges tr\u00e4gerloses A-Linien-Hochzeitskleid mit einem geraden, drapierten Ausschnitt und einem verf\u00fchrerischen offenen R\u00fccken, der mit einer volumin\u00f6sen Schleife verziert ist. Das bodenlange Kleid aus Satin hat einen Maxischlupf und kann mit abnehmbaren Puff\u00e4rmeln erg\u00e4nzt werden.\" \/>\n<meta property=\"og:url\" content=\"https:\/\/www.koonings.com\/de\/product\/milla-nova-newtonsleeves\/\" \/>\n<meta property=\"og:site_name\" content=\"Koonings\" \/>\n<meta property=\"article:publisher\" content=\"https:\/\/www.facebook.com\/kooningstheweddingpalace\" \/>\n<meta property=\"og:image\" content=\"https:\/\/www.koonings.com\/wp-content\/uploads\/2024\/11\/40783_17e1095014b92c392d95d71cd72cb4adc43f5478e69ab8bd4c87bdaff7c46d08fb7f83db-scaled.jpeg\" \/>\n\t<meta property=\"og:image:width\" content=\"1808\" \/>\n\t<meta property=\"og:image:height\" content=\"2560\" \/>\n\t<meta property=\"og:image:type\" content=\"image\/jpeg\" \/>\n<meta name=\"twitter:card\" content=\"summary_large_image\" \/>\n<script type=\"application\/ld+json\" class=\"yoast-schema-graph\">{\"@context\":\"https:\\\/\\\/schema.org\",\"@graph\":[{\"@type\":\"WebPage\",\"@id\":\"https:\\\/\\\/www.koonings.com\\\/de\\\/product\\\/milla-nova-newtonsleeves\\\/\",\"url\":\"https:\\\/\\\/www.koonings.com\\\/de\\\/product\\\/milla-nova-newtonsleeves\\\/\",\"name\":\"Milla Nova Newton+sleeves | Koonings\",\"isPartOf\":{\"@id\":\"https:\\\/\\\/www.koonings.com\\\/de\\\/#website\"},\"primaryImageOfPage\":{\"@id\":\"https:\\\/\\\/www.koonings.com\\\/de\\\/product\\\/milla-nova-newtonsleeves\\\/#primaryimage\"},\"image\":{\"@id\":\"https:\\\/\\\/www.koonings.com\\\/de\\\/product\\\/milla-nova-newtonsleeves\\\/#primaryimage\"},\"thumbnailUrl\":\"https:\\\/\\\/www.koonings.com\\\/wp-content\\\/uploads\\\/2024\\\/11\\\/40783_17e1095014b92c392d95d71cd72cb4adc43f5478e69ab8bd4c87bdaff7c46d08fb7f83db-scaled.jpeg\",\"datePublished\":\"2026-04-28T16:22:10+00:00\",\"description\":\"Anmutiges tr\u00e4gerloses A-Linien-Hochzeitskleid mit einem geraden, drapierten Ausschnitt und einem verf\u00fchrerischen offenen R\u00fccken, der mit einer volumin\u00f6sen Schleife verziert ist. Das bodenlange Kleid aus Satin hat einen Maxischlupf und kann mit abnehmbaren Puff\u00e4rmeln erg\u00e4nzt werden.\",\"breadcrumb\":{\"@id\":\"https:\\\/\\\/www.koonings.com\\\/de\\\/product\\\/milla-nova-newtonsleeves\\\/#breadcrumb\"},\"inLanguage\":\"de\",\"potentialAction\":[{\"@type\":\"ReadAction\",\"target\":[\"https:\\\/\\\/www.koonings.com\\\/de\\\/product\\\/milla-nova-newtonsleeves\\\/\"]}]},{\"@type\":\"ImageObject\",\"inLanguage\":\"de\",\"@id\":\"https:\\\/\\\/www.koonings.com\\\/de\\\/product\\\/milla-nova-newtonsleeves\\\/#primaryimage\",\"url\":\"https:\\\/\\\/www.koonings.com\\\/wp-content\\\/uploads\\\/2024\\\/11\\\/40783_17e1095014b92c392d95d71cd72cb4adc43f5478e69ab8bd4c87bdaff7c46d08fb7f83db-scaled.jpeg\",\"contentUrl\":\"https:\\\/\\\/www.koonings.com\\\/wp-content\\\/uploads\\\/2024\\\/11\\\/40783_17e1095014b92c392d95d71cd72cb4adc43f5478e69ab8bd4c87bdaff7c46d08fb7f83db-scaled.jpeg\",\"width\":1808,\"height\":2560},{\"@type\":\"BreadcrumbList\",\"@id\":\"https:\\\/\\\/www.koonings.com\\\/de\\\/product\\\/milla-nova-newtonsleeves\\\/#breadcrumb\",\"itemListElement\":[{\"@type\":\"ListItem\",\"position\":1,\"name\":\"Home\",\"item\":\"https:\\\/\\\/www.koonings.com\\\/de\\\/\"},{\"@type\":\"ListItem\",\"position\":2,\"name\":\"Milla Nova Newton+sleeves\"}]},{\"@type\":\"WebSite\",\"@id\":\"https:\\\/\\\/www.koonings.com\\\/de\\\/#website\",\"url\":\"https:\\\/\\\/www.koonings.com\\\/de\\\/\",\"name\":\"Koonings\",\"description\":\"De grootste bruidsmodewinkel ter wereld\",\"publisher\":{\"@id\":\"https:\\\/\\\/www.koonings.com\\\/de\\\/#organization\"},\"potentialAction\":[{\"@type\":\"SearchAction\",\"target\":{\"@type\":\"EntryPoint\",\"urlTemplate\":\"https:\\\/\\\/www.koonings.com\\\/de\\\/?s={search_term_string}\"},\"query-input\":{\"@type\":\"PropertyValueSpecification\",\"valueRequired\":true,\"valueName\":\"search_term_string\"}}],\"inLanguage\":\"de\"},{\"@type\":\"Organization\",\"@id\":\"https:\\\/\\\/www.koonings.com\\\/de\\\/#organization\",\"name\":\"Koonings\",\"url\":\"https:\\\/\\\/www.koonings.com\\\/de\\\/\",\"logo\":{\"@type\":\"ImageObject\",\"inLanguage\":\"de\",\"@id\":\"https:\\\/\\\/www.koonings.com\\\/de\\\/#\\\/schema\\\/logo\\\/image\\\/\",\"url\":\"https:\\\/\\\/www.koonings.com\\\/wp-content\\\/uploads\\\/2024\\\/07\\\/logo.png\",\"contentUrl\":\"https:\\\/\\\/www.koonings.com\\\/wp-content\\\/uploads\\\/2024\\\/07\\\/logo.png\",\"width\":600,\"height\":428,\"caption\":\"Koonings\"},\"image\":{\"@id\":\"https:\\\/\\\/www.koonings.com\\\/de\\\/#\\\/schema\\\/logo\\\/image\\\/\"},\"sameAs\":[\"https:\\\/\\\/www.facebook.com\\\/kooningstheweddingpalace\",\"https:\\\/\\\/www.instagram.com\\\/kooningstheweddingpalace\",\"https:\\\/\\\/www.pinterest.com\\\/koonings\",\"https:\\\/\\\/www.youtube.com\\\/kooningstheweddingpalace\"]}]}<\/script>\n<!-- \/ Yoast SEO plugin. -->","yoast_head_json":{"title":"Milla Nova Newton+sleeves | Koonings","description":"Anmutiges tr\u00e4gerloses A-Linien-Hochzeitskleid mit einem geraden, drapierten Ausschnitt und einem verf\u00fchrerischen offenen R\u00fccken, der mit einer volumin\u00f6sen Schleife verziert ist. Das bodenlange Kleid aus Satin hat einen Maxischlupf und kann mit abnehmbaren Puff\u00e4rmeln erg\u00e4nzt werden.","robots":{"index":"index","follow":"follow","max-snippet":"max-snippet:-1","max-image-preview":"max-image-preview:large","max-video-preview":"max-video-preview:-1"},"canonical":"https:\/\/www.koonings.com\/de\/product\/milla-nova-newtonsleeves\/","og_locale":"de_DE","og_type":"article","og_title":"Milla Nova Newton+sleeves | Koonings","og_description":"Anmutiges tr\u00e4gerloses A-Linien-Hochzeitskleid mit einem geraden, drapierten Ausschnitt und einem verf\u00fchrerischen offenen R\u00fccken, der mit einer volumin\u00f6sen Schleife verziert ist. Das bodenlange Kleid aus Satin hat einen Maxischlupf und kann mit abnehmbaren Puff\u00e4rmeln erg\u00e4nzt werden.","og_url":"https:\/\/www.koonings.com\/de\/product\/milla-nova-newtonsleeves\/","og_site_name":"Koonings","article_publisher":"https:\/\/www.facebook.com\/kooningstheweddingpalace","og_image":[{"width":1808,"height":2560,"url":"https:\/\/www.koonings.com\/wp-content\/uploads\/2024\/11\/40783_17e1095014b92c392d95d71cd72cb4adc43f5478e69ab8bd4c87bdaff7c46d08fb7f83db-scaled.jpeg","type":"image\/jpeg"}],"twitter_card":"summary_large_image","schema":{"@context":"https:\/\/schema.org","@graph":[{"@type":"WebPage","@id":"https:\/\/www.koonings.com\/de\/product\/milla-nova-newtonsleeves\/","url":"https:\/\/www.koonings.com\/de\/product\/milla-nova-newtonsleeves\/","name":"Milla Nova Newton+sleeves | Koonings","isPartOf":{"@id":"https:\/\/www.koonings.com\/de\/#website"},"primaryImageOfPage":{"@id":"https:\/\/www.koonings.com\/de\/product\/milla-nova-newtonsleeves\/#primaryimage"},"image":{"@id":"https:\/\/www.koonings.com\/de\/product\/milla-nova-newtonsleeves\/#primaryimage"},"thumbnailUrl":"https:\/\/www.koonings.com\/wp-content\/uploads\/2024\/11\/40783_17e1095014b92c392d95d71cd72cb4adc43f5478e69ab8bd4c87bdaff7c46d08fb7f83db-scaled.jpeg","datePublished":"2026-04-28T16:22:10+00:00","description":"Anmutiges tr\u00e4gerloses A-Linien-Hochzeitskleid mit einem geraden, drapierten Ausschnitt und einem verf\u00fchrerischen offenen R\u00fccken, der mit einer volumin\u00f6sen Schleife verziert ist. Das bodenlange Kleid aus Satin hat einen Maxischlupf und kann mit abnehmbaren Puff\u00e4rmeln erg\u00e4nzt werden.","breadcrumb":{"@id":"https:\/\/www.koonings.com\/de\/product\/milla-nova-newtonsleeves\/#breadcrumb"},"inLanguage":"de","potentialAction":[{"@type":"ReadAction","target":["https:\/\/www.koonings.com\/de\/product\/milla-nova-newtonsleeves\/"]}]},{"@type":"ImageObject","inLanguage":"de","@id":"https:\/\/www.koonings.com\/de\/product\/milla-nova-newtonsleeves\/#primaryimage","url":"https:\/\/www.koonings.com\/wp-content\/uploads\/2024\/11\/40783_17e1095014b92c392d95d71cd72cb4adc43f5478e69ab8bd4c87bdaff7c46d08fb7f83db-scaled.jpeg","contentUrl":"https:\/\/www.koonings.com\/wp-content\/uploads\/2024\/11\/40783_17e1095014b92c392d95d71cd72cb4adc43f5478e69ab8bd4c87bdaff7c46d08fb7f83db-scaled.jpeg","width":1808,"height":2560},{"@type":"BreadcrumbList","@id":"https:\/\/www.koonings.com\/de\/product\/milla-nova-newtonsleeves\/#breadcrumb","itemListElement":[{"@type":"ListItem","position":1,"name":"Home","item":"https:\/\/www.koonings.com\/de\/"},{"@type":"ListItem","position":2,"name":"Milla Nova Newton+sleeves"}]},{"@type":"WebSite","@id":"https:\/\/www.koonings.com\/de\/#website","url":"https:\/\/www.koonings.com\/de\/","name":"Koonings","description":"De grootste bruidsmodewinkel ter wereld","publisher":{"@id":"https:\/\/www.koonings.com\/de\/#organization"},"potentialAction":[{"@type":"SearchAction","target":{"@type":"EntryPoint","urlTemplate":"https:\/\/www.koonings.com\/de\/?s={search_term_string}"},"query-input":{"@type":"PropertyValueSpecification","valueRequired":true,"valueName":"search_term_string"}}],"inLanguage":"de"},{"@type":"Organization","@id":"https:\/\/www.koonings.com\/de\/#organization","name":"Koonings","url":"https:\/\/www.koonings.com\/de\/","logo":{"@type":"ImageObject","inLanguage":"de","@id":"https:\/\/www.koonings.com\/de\/#\/schema\/logo\/image\/","url":"https:\/\/www.koonings.com\/wp-content\/uploads\/2024\/07\/logo.png","contentUrl":"https:\/\/www.koonings.com\/wp-content\/uploads\/2024\/07\/logo.png","width":600,"height":428,"caption":"Koonings"},"image":{"@id":"https:\/\/www.koonings.com\/de\/#\/schema\/logo\/image\/"},"sameAs":["https:\/\/www.facebook.com\/kooningstheweddingpalace","https:\/\/www.instagram.com\/kooningstheweddingpalace","https:\/\/www.pinterest.com\/koonings","https:\/\/www.youtube.com\/kooningstheweddingpalace"]}]}},"_links":{"self":[{"href":"https:\/\/www.koonings.com\/de\/wp-json\/wp\/v2\/product\/79740","targetHints":{"allow":["GET"]}}],"collection":[{"href":"https:\/\/www.koonings.com\/de\/wp-json\/wp\/v2\/product"}],"about":[{"href":"https:\/\/www.koonings.com\/de\/wp-json\/wp\/v2\/types\/product"}],"wp:featuredmedia":[{"embeddable":true,"href":"https:\/\/www.koonings.com\/de\/wp-json\/wp\/v2\/media\/71640"}],"wp:attachment":[{"href":"https:\/\/www.koonings.com\/de\/wp-json\/wp\/v2\/media?parent=79740"}],"wp:term":[{"taxonomy":"productdetails","embeddable":true,"href":"https:\/\/www.koonings.com\/de\/wp-json\/wp\/v2\/productdetails?post=79740"},{"taxonomy":"productneck","embeddable":true,"href":"https:\/\/www.koonings.com\/de\/wp-json\/wp\/v2\/productneck?post=79740"},{"taxonomy":"productcolor","embeddable":true,"href":"https:\/\/www.koonings.com\/de\/wp-json\/wp\/v2\/productcolor?post=79740"},{"taxonomy":"maat","embeddable":true,"href":"https:\/\/www.koonings.com\/de\/wp-json\/wp\/v2\/maat?post=79740"},{"taxonomy":"productsupplier","embeddable":true,"href":"https:\/\/www.koonings.com\/de\/wp-json\/wp\/v2\/productsupplier?post=79740"},{"taxonomy":"productsleeve","embeddable":true,"href":"https:\/\/www.koonings.com\/de\/wp-json\/wp\/v2\/productsleeve?post=79740"},{"taxonomy":"productcategory","embeddable":true,"href":"https:\/\/www.koonings.com\/de\/wp-json\/wp\/v2\/productcategory?post=79740"},{"taxonomy":"productsilhouette","embeddable":true,"href":"https:\/\/www.koonings.com\/de\/wp-json\/wp\/v2\/productsilhouette?post=79740"},{"taxonomy":"productstyle","embeddable":true,"href":"https:\/\/www.koonings.com\/de\/wp-json\/wp\/v2\/productstyle?post=79740"}],"curies":[{"name":"wp","href":"https:\/\/api.w.org\/{rel}","templated":true}]}}