{"id":79737,"date":"2025-12-15T00:36:18","date_gmt":"2025-12-14T23:36:18","guid":{"rendered":"https:\/\/www.koonings.com\/product\/milla-nova-ruzhena\/"},"modified":"2026-02-03T20:01:30","modified_gmt":"2026-02-03T19:01:30","slug":"milla-nova-ruzhena","status":"publish","type":"product","link":"https:\/\/www.koonings.com\/de\/product\/milla-nova-ruzhena\/","title":{"rendered":"Milla Nova Ruzhena"},"content":{"rendered":"<p>Dieses atemberaubende, mit Pailletten besetzte Hochzeitskleid kombiniert Chantilly-Spitze und R\u00fcschen. Es verf\u00fcgt \u00fcber ein tr\u00e4gerloses, herzf\u00f6rmiges Korsett mit durchsichtigen St\u00e4bchen, kombiniert mit einem Dutzend Meter asymmetrisch drapierter R\u00fcschen, die in eine Kaskade aus bodenhohen T\u00fcllschichten mit Pailletten \u00fcbergehen. Kann durch einen langen Ruzhena-Schleier im Vintage-Stil erg\u00e4nzt werden, der mit Paillettenapplikationen verziert ist.  <\/p>\n","protected":false},"featured_media":71674,"template":"","meta":{"_acf_changed":false,"ghostkit_customizer_options":"","ghostkit_custom_css":"","ghostkit_custom_js_head":"","ghostkit_custom_js_foot":"","ghostkit_typography":""},"productdetails":[376],"productneck":[354,355],"productcolor":[392],"maat":[],"productsupplier":[446],"productsleeve":[],"productcategory":[18],"productsilhouette":[384],"productstyle":[366],"class_list":["post-79737","product","type-product","status-publish","has-post-thumbnail","hentry","productdetails-376","productneck-354","productneck-355","productcolor-392","productsupplier-milla-nova","productcategory-trouwjurken","productsilhouette-384","productstyle-366"],"acf":[],"yoast_head":"<!-- This site is optimized with the Yoast SEO plugin v27.3 - https:\/\/yoast.com\/product\/yoast-seo-wordpress\/ -->\n<title>Milla Nova Ruzhena | Koonings<\/title>\n<meta name=\"description\" content=\"Dieses atemberaubende, mit Pailletten besetzte Hochzeitskleid kombiniert Chantilly-Spitze und R\u00fcschen. Es verf\u00fcgt \u00fcber ein tr\u00e4gerloses, herzf\u00f6rmiges Korsett mit durchsichtigen St\u00e4bchen, kombiniert mit einem Dutzend Meter asymmetrisch drapierter R\u00fcschen, die in eine Kaskade aus bodenhohen T\u00fcllschichten mit Pailletten \u00fcbergehen. Kann durch einen langen Ruzhena-Schleier im Vintage-Stil erg\u00e4nzt werden, der mit Paillettenapplikationen verziert ist.\" \/>\n<meta name=\"robots\" content=\"index, follow, max-snippet:-1, max-image-preview:large, max-video-preview:-1\" \/>\n<link rel=\"canonical\" href=\"https:\/\/www.koonings.com\/de\/product\/milla-nova-ruzhena\/\" \/>\n<meta property=\"og:locale\" content=\"de_DE\" \/>\n<meta property=\"og:type\" content=\"article\" \/>\n<meta property=\"og:title\" content=\"Milla Nova Ruzhena | Koonings\" \/>\n<meta property=\"og:description\" content=\"Dieses atemberaubende, mit Pailletten besetzte Hochzeitskleid kombiniert Chantilly-Spitze und R\u00fcschen. Es verf\u00fcgt \u00fcber ein tr\u00e4gerloses, herzf\u00f6rmiges Korsett mit durchsichtigen St\u00e4bchen, kombiniert mit einem Dutzend Meter asymmetrisch drapierter R\u00fcschen, die in eine Kaskade aus bodenhohen T\u00fcllschichten mit Pailletten \u00fcbergehen. Kann durch einen langen Ruzhena-Schleier im Vintage-Stil erg\u00e4nzt werden, der mit Paillettenapplikationen verziert ist.\" \/>\n<meta property=\"og:url\" content=\"https:\/\/www.koonings.com\/de\/product\/milla-nova-ruzhena\/\" \/>\n<meta property=\"og:site_name\" content=\"Koonings\" \/>\n<meta property=\"article:publisher\" content=\"https:\/\/www.facebook.com\/kooningstheweddingpalace\" \/>\n<meta property=\"article:modified_time\" content=\"2026-02-03T19:01:30+00:00\" \/>\n<meta property=\"og:image\" content=\"https:\/\/www.koonings.com\/wp-content\/uploads\/2024\/11\/40785_e72e723a17363cd1697e8f22712c899bd20bb1ad4e2f6babad355494bc5770019244caff-scaled.jpeg\" \/>\n\t<meta property=\"og:image:width\" content=\"1810\" \/>\n\t<meta property=\"og:image:height\" content=\"2560\" \/>\n\t<meta property=\"og:image:type\" content=\"image\/jpeg\" \/>\n<meta name=\"twitter:card\" content=\"summary_large_image\" \/>\n<script type=\"application\/ld+json\" class=\"yoast-schema-graph\">{\"@context\":\"https:\\\/\\\/schema.org\",\"@graph\":[{\"@type\":\"WebPage\",\"@id\":\"https:\\\/\\\/www.koonings.com\\\/de\\\/product\\\/milla-nova-ruzhena\\\/\",\"url\":\"https:\\\/\\\/www.koonings.com\\\/de\\\/product\\\/milla-nova-ruzhena\\\/\",\"name\":\"Milla Nova Ruzhena | Koonings\",\"isPartOf\":{\"@id\":\"https:\\\/\\\/www.koonings.com\\\/de\\\/#website\"},\"primaryImageOfPage\":{\"@id\":\"https:\\\/\\\/www.koonings.com\\\/de\\\/product\\\/milla-nova-ruzhena\\\/#primaryimage\"},\"image\":{\"@id\":\"https:\\\/\\\/www.koonings.com\\\/de\\\/product\\\/milla-nova-ruzhena\\\/#primaryimage\"},\"thumbnailUrl\":\"https:\\\/\\\/www.koonings.com\\\/wp-content\\\/uploads\\\/2024\\\/11\\\/40785_e72e723a17363cd1697e8f22712c899bd20bb1ad4e2f6babad355494bc5770019244caff-scaled.jpeg\",\"datePublished\":\"2025-12-14T23:36:18+00:00\",\"dateModified\":\"2026-02-03T19:01:30+00:00\",\"description\":\"Dieses atemberaubende, mit Pailletten besetzte Hochzeitskleid kombiniert Chantilly-Spitze und R\u00fcschen. Es verf\u00fcgt \u00fcber ein tr\u00e4gerloses, herzf\u00f6rmiges Korsett mit durchsichtigen St\u00e4bchen, kombiniert mit einem Dutzend Meter asymmetrisch drapierter R\u00fcschen, die in eine Kaskade aus bodenhohen T\u00fcllschichten mit Pailletten \u00fcbergehen. Kann durch einen langen Ruzhena-Schleier im Vintage-Stil erg\u00e4nzt werden, der mit Paillettenapplikationen verziert ist.\",\"breadcrumb\":{\"@id\":\"https:\\\/\\\/www.koonings.com\\\/de\\\/product\\\/milla-nova-ruzhena\\\/#breadcrumb\"},\"inLanguage\":\"de\",\"potentialAction\":[{\"@type\":\"ReadAction\",\"target\":[\"https:\\\/\\\/www.koonings.com\\\/de\\\/product\\\/milla-nova-ruzhena\\\/\"]}]},{\"@type\":\"ImageObject\",\"inLanguage\":\"de\",\"@id\":\"https:\\\/\\\/www.koonings.com\\\/de\\\/product\\\/milla-nova-ruzhena\\\/#primaryimage\",\"url\":\"https:\\\/\\\/www.koonings.com\\\/wp-content\\\/uploads\\\/2024\\\/11\\\/40785_e72e723a17363cd1697e8f22712c899bd20bb1ad4e2f6babad355494bc5770019244caff-scaled.jpeg\",\"contentUrl\":\"https:\\\/\\\/www.koonings.com\\\/wp-content\\\/uploads\\\/2024\\\/11\\\/40785_e72e723a17363cd1697e8f22712c899bd20bb1ad4e2f6babad355494bc5770019244caff-scaled.jpeg\",\"width\":1810,\"height\":2560},{\"@type\":\"BreadcrumbList\",\"@id\":\"https:\\\/\\\/www.koonings.com\\\/de\\\/product\\\/milla-nova-ruzhena\\\/#breadcrumb\",\"itemListElement\":[{\"@type\":\"ListItem\",\"position\":1,\"name\":\"Home\",\"item\":\"https:\\\/\\\/www.koonings.com\\\/de\\\/\"},{\"@type\":\"ListItem\",\"position\":2,\"name\":\"Milla Nova Ruzhena\"}]},{\"@type\":\"WebSite\",\"@id\":\"https:\\\/\\\/www.koonings.com\\\/de\\\/#website\",\"url\":\"https:\\\/\\\/www.koonings.com\\\/de\\\/\",\"name\":\"Koonings\",\"description\":\"De grootste bruidsmodewinkel ter wereld\",\"publisher\":{\"@id\":\"https:\\\/\\\/www.koonings.com\\\/de\\\/#organization\"},\"potentialAction\":[{\"@type\":\"SearchAction\",\"target\":{\"@type\":\"EntryPoint\",\"urlTemplate\":\"https:\\\/\\\/www.koonings.com\\\/de\\\/?s={search_term_string}\"},\"query-input\":{\"@type\":\"PropertyValueSpecification\",\"valueRequired\":true,\"valueName\":\"search_term_string\"}}],\"inLanguage\":\"de\"},{\"@type\":\"Organization\",\"@id\":\"https:\\\/\\\/www.koonings.com\\\/de\\\/#organization\",\"name\":\"Koonings\",\"url\":\"https:\\\/\\\/www.koonings.com\\\/de\\\/\",\"logo\":{\"@type\":\"ImageObject\",\"inLanguage\":\"de\",\"@id\":\"https:\\\/\\\/www.koonings.com\\\/de\\\/#\\\/schema\\\/logo\\\/image\\\/\",\"url\":\"https:\\\/\\\/www.koonings.com\\\/wp-content\\\/uploads\\\/2024\\\/07\\\/logo.png\",\"contentUrl\":\"https:\\\/\\\/www.koonings.com\\\/wp-content\\\/uploads\\\/2024\\\/07\\\/logo.png\",\"width\":600,\"height\":428,\"caption\":\"Koonings\"},\"image\":{\"@id\":\"https:\\\/\\\/www.koonings.com\\\/de\\\/#\\\/schema\\\/logo\\\/image\\\/\"},\"sameAs\":[\"https:\\\/\\\/www.facebook.com\\\/kooningstheweddingpalace\",\"https:\\\/\\\/www.instagram.com\\\/kooningstheweddingpalace\",\"https:\\\/\\\/www.pinterest.com\\\/koonings\",\"https:\\\/\\\/www.youtube.com\\\/kooningstheweddingpalace\"]}]}<\/script>\n<!-- \/ Yoast SEO plugin. -->","yoast_head_json":{"title":"Milla Nova Ruzhena | Koonings","description":"Dieses atemberaubende, mit Pailletten besetzte Hochzeitskleid kombiniert Chantilly-Spitze und R\u00fcschen. Es verf\u00fcgt \u00fcber ein tr\u00e4gerloses, herzf\u00f6rmiges Korsett mit durchsichtigen St\u00e4bchen, kombiniert mit einem Dutzend Meter asymmetrisch drapierter R\u00fcschen, die in eine Kaskade aus bodenhohen T\u00fcllschichten mit Pailletten \u00fcbergehen. Kann durch einen langen Ruzhena-Schleier im Vintage-Stil erg\u00e4nzt werden, der mit Paillettenapplikationen verziert ist.","robots":{"index":"index","follow":"follow","max-snippet":"max-snippet:-1","max-image-preview":"max-image-preview:large","max-video-preview":"max-video-preview:-1"},"canonical":"https:\/\/www.koonings.com\/de\/product\/milla-nova-ruzhena\/","og_locale":"de_DE","og_type":"article","og_title":"Milla Nova Ruzhena | Koonings","og_description":"Dieses atemberaubende, mit Pailletten besetzte Hochzeitskleid kombiniert Chantilly-Spitze und R\u00fcschen. Es verf\u00fcgt \u00fcber ein tr\u00e4gerloses, herzf\u00f6rmiges Korsett mit durchsichtigen St\u00e4bchen, kombiniert mit einem Dutzend Meter asymmetrisch drapierter R\u00fcschen, die in eine Kaskade aus bodenhohen T\u00fcllschichten mit Pailletten \u00fcbergehen. Kann durch einen langen Ruzhena-Schleier im Vintage-Stil erg\u00e4nzt werden, der mit Paillettenapplikationen verziert ist.","og_url":"https:\/\/www.koonings.com\/de\/product\/milla-nova-ruzhena\/","og_site_name":"Koonings","article_publisher":"https:\/\/www.facebook.com\/kooningstheweddingpalace","article_modified_time":"2026-02-03T19:01:30+00:00","og_image":[{"width":1810,"height":2560,"url":"https:\/\/www.koonings.com\/wp-content\/uploads\/2024\/11\/40785_e72e723a17363cd1697e8f22712c899bd20bb1ad4e2f6babad355494bc5770019244caff-scaled.jpeg","type":"image\/jpeg"}],"twitter_card":"summary_large_image","schema":{"@context":"https:\/\/schema.org","@graph":[{"@type":"WebPage","@id":"https:\/\/www.koonings.com\/de\/product\/milla-nova-ruzhena\/","url":"https:\/\/www.koonings.com\/de\/product\/milla-nova-ruzhena\/","name":"Milla Nova Ruzhena | Koonings","isPartOf":{"@id":"https:\/\/www.koonings.com\/de\/#website"},"primaryImageOfPage":{"@id":"https:\/\/www.koonings.com\/de\/product\/milla-nova-ruzhena\/#primaryimage"},"image":{"@id":"https:\/\/www.koonings.com\/de\/product\/milla-nova-ruzhena\/#primaryimage"},"thumbnailUrl":"https:\/\/www.koonings.com\/wp-content\/uploads\/2024\/11\/40785_e72e723a17363cd1697e8f22712c899bd20bb1ad4e2f6babad355494bc5770019244caff-scaled.jpeg","datePublished":"2025-12-14T23:36:18+00:00","dateModified":"2026-02-03T19:01:30+00:00","description":"Dieses atemberaubende, mit Pailletten besetzte Hochzeitskleid kombiniert Chantilly-Spitze und R\u00fcschen. Es verf\u00fcgt \u00fcber ein tr\u00e4gerloses, herzf\u00f6rmiges Korsett mit durchsichtigen St\u00e4bchen, kombiniert mit einem Dutzend Meter asymmetrisch drapierter R\u00fcschen, die in eine Kaskade aus bodenhohen T\u00fcllschichten mit Pailletten \u00fcbergehen. Kann durch einen langen Ruzhena-Schleier im Vintage-Stil erg\u00e4nzt werden, der mit Paillettenapplikationen verziert ist.","breadcrumb":{"@id":"https:\/\/www.koonings.com\/de\/product\/milla-nova-ruzhena\/#breadcrumb"},"inLanguage":"de","potentialAction":[{"@type":"ReadAction","target":["https:\/\/www.koonings.com\/de\/product\/milla-nova-ruzhena\/"]}]},{"@type":"ImageObject","inLanguage":"de","@id":"https:\/\/www.koonings.com\/de\/product\/milla-nova-ruzhena\/#primaryimage","url":"https:\/\/www.koonings.com\/wp-content\/uploads\/2024\/11\/40785_e72e723a17363cd1697e8f22712c899bd20bb1ad4e2f6babad355494bc5770019244caff-scaled.jpeg","contentUrl":"https:\/\/www.koonings.com\/wp-content\/uploads\/2024\/11\/40785_e72e723a17363cd1697e8f22712c899bd20bb1ad4e2f6babad355494bc5770019244caff-scaled.jpeg","width":1810,"height":2560},{"@type":"BreadcrumbList","@id":"https:\/\/www.koonings.com\/de\/product\/milla-nova-ruzhena\/#breadcrumb","itemListElement":[{"@type":"ListItem","position":1,"name":"Home","item":"https:\/\/www.koonings.com\/de\/"},{"@type":"ListItem","position":2,"name":"Milla Nova Ruzhena"}]},{"@type":"WebSite","@id":"https:\/\/www.koonings.com\/de\/#website","url":"https:\/\/www.koonings.com\/de\/","name":"Koonings","description":"De grootste bruidsmodewinkel ter wereld","publisher":{"@id":"https:\/\/www.koonings.com\/de\/#organization"},"potentialAction":[{"@type":"SearchAction","target":{"@type":"EntryPoint","urlTemplate":"https:\/\/www.koonings.com\/de\/?s={search_term_string}"},"query-input":{"@type":"PropertyValueSpecification","valueRequired":true,"valueName":"search_term_string"}}],"inLanguage":"de"},{"@type":"Organization","@id":"https:\/\/www.koonings.com\/de\/#organization","name":"Koonings","url":"https:\/\/www.koonings.com\/de\/","logo":{"@type":"ImageObject","inLanguage":"de","@id":"https:\/\/www.koonings.com\/de\/#\/schema\/logo\/image\/","url":"https:\/\/www.koonings.com\/wp-content\/uploads\/2024\/07\/logo.png","contentUrl":"https:\/\/www.koonings.com\/wp-content\/uploads\/2024\/07\/logo.png","width":600,"height":428,"caption":"Koonings"},"image":{"@id":"https:\/\/www.koonings.com\/de\/#\/schema\/logo\/image\/"},"sameAs":["https:\/\/www.facebook.com\/kooningstheweddingpalace","https:\/\/www.instagram.com\/kooningstheweddingpalace","https:\/\/www.pinterest.com\/koonings","https:\/\/www.youtube.com\/kooningstheweddingpalace"]}]}},"_links":{"self":[{"href":"https:\/\/www.koonings.com\/de\/wp-json\/wp\/v2\/product\/79737","targetHints":{"allow":["GET"]}}],"collection":[{"href":"https:\/\/www.koonings.com\/de\/wp-json\/wp\/v2\/product"}],"about":[{"href":"https:\/\/www.koonings.com\/de\/wp-json\/wp\/v2\/types\/product"}],"wp:featuredmedia":[{"embeddable":true,"href":"https:\/\/www.koonings.com\/de\/wp-json\/wp\/v2\/media\/71674"}],"wp:attachment":[{"href":"https:\/\/www.koonings.com\/de\/wp-json\/wp\/v2\/media?parent=79737"}],"wp:term":[{"taxonomy":"productdetails","embeddable":true,"href":"https:\/\/www.koonings.com\/de\/wp-json\/wp\/v2\/productdetails?post=79737"},{"taxonomy":"productneck","embeddable":true,"href":"https:\/\/www.koonings.com\/de\/wp-json\/wp\/v2\/productneck?post=79737"},{"taxonomy":"productcolor","embeddable":true,"href":"https:\/\/www.koonings.com\/de\/wp-json\/wp\/v2\/productcolor?post=79737"},{"taxonomy":"maat","embeddable":true,"href":"https:\/\/www.koonings.com\/de\/wp-json\/wp\/v2\/maat?post=79737"},{"taxonomy":"productsupplier","embeddable":true,"href":"https:\/\/www.koonings.com\/de\/wp-json\/wp\/v2\/productsupplier?post=79737"},{"taxonomy":"productsleeve","embeddable":true,"href":"https:\/\/www.koonings.com\/de\/wp-json\/wp\/v2\/productsleeve?post=79737"},{"taxonomy":"productcategory","embeddable":true,"href":"https:\/\/www.koonings.com\/de\/wp-json\/wp\/v2\/productcategory?post=79737"},{"taxonomy":"productsilhouette","embeddable":true,"href":"https:\/\/www.koonings.com\/de\/wp-json\/wp\/v2\/productsilhouette?post=79737"},{"taxonomy":"productstyle","embeddable":true,"href":"https:\/\/www.koonings.com\/de\/wp-json\/wp\/v2\/productstyle?post=79737"}],"curies":[{"name":"wp","href":"https:\/\/api.w.org\/{rel}","templated":true}]}}