{"id":79714,"date":"2026-05-06T15:22:29","date_gmt":"2026-05-06T13:22:29","guid":{"rendered":"https:\/\/www.koonings.com\/product\/milla-nova-mona\/"},"modified":"2026-02-16T14:53:06","modified_gmt":"2026-02-16T13:53:06","slug":"milla-nova-mona","status":"publish","type":"product","link":"https:\/\/www.koonings.com\/de\/product\/milla-nova-mona\/","title":{"rendered":"Milla Nova Mona"},"content":{"rendered":"<p>Wundersch\u00f6nes tr\u00e4gerloses Hochzeitskleid aus handgefaltetem T\u00fcll. Es besteht aus einem geometrischen Korsett mit St\u00e4bchen, einem durchsichtigen Rei\u00dfverschluss auf der R\u00fcckseite und einem luftigen T\u00fcllrock mit Midischleppe. Der Look wird durch ein au\u00dfergew\u00f6hnliches lang\u00e4rmeliges, mit Perlen verziertes Cape vervollst\u00e4ndigt.  <\/p>\n","protected":false},"featured_media":71792,"template":"","meta":{"_acf_changed":false,"ghostkit_customizer_options":"","ghostkit_custom_css":"","ghostkit_custom_js_head":"","ghostkit_custom_js_foot":"","ghostkit_typography":""},"productdetails":[381],"productneck":[354],"productcolor":[392],"maat":[],"productsupplier":[446],"productsleeve":[357,362],"productcategory":[18],"productsilhouette":[389],"productstyle":[365,366],"class_list":["post-79714","product","type-product","status-publish","has-post-thumbnail","hentry","productdetails-381","productneck-354","productcolor-392","productsupplier-milla-nova","productsleeve-357","productsleeve-362","productcategory-trouwjurken","productsilhouette-389","productstyle-365","productstyle-366"],"acf":[],"yoast_head":"<!-- This site is optimized with the Yoast SEO plugin v27.3 - https:\/\/yoast.com\/product\/yoast-seo-wordpress\/ -->\n<title>Milla Nova Mona | Koonings<\/title>\n<meta name=\"description\" content=\"Wundersch\u00f6nes tr\u00e4gerloses Hochzeitskleid aus handgefaltetem T\u00fcll. Es besteht aus einem geometrischen Korsett mit St\u00e4bchen, einem durchsichtigen Rei\u00dfverschluss auf der R\u00fcckseite und einem luftigen T\u00fcllrock mit Midischleppe. Der Look wird durch ein au\u00dfergew\u00f6hnliches lang\u00e4rmeliges, mit Perlen verziertes Cape vervollst\u00e4ndigt.\" \/>\n<meta name=\"robots\" content=\"index, follow, max-snippet:-1, max-image-preview:large, max-video-preview:-1\" \/>\n<link rel=\"canonical\" href=\"https:\/\/www.koonings.com\/de\/product\/milla-nova-mona\/\" \/>\n<meta property=\"og:locale\" content=\"de_DE\" \/>\n<meta property=\"og:type\" content=\"article\" \/>\n<meta property=\"og:title\" content=\"Milla Nova Mona | Koonings\" \/>\n<meta property=\"og:description\" content=\"Wundersch\u00f6nes tr\u00e4gerloses Hochzeitskleid aus handgefaltetem T\u00fcll. Es besteht aus einem geometrischen Korsett mit St\u00e4bchen, einem durchsichtigen Rei\u00dfverschluss auf der R\u00fcckseite und einem luftigen T\u00fcllrock mit Midischleppe. Der Look wird durch ein au\u00dfergew\u00f6hnliches lang\u00e4rmeliges, mit Perlen verziertes Cape vervollst\u00e4ndigt.\" \/>\n<meta property=\"og:url\" content=\"https:\/\/www.koonings.com\/de\/product\/milla-nova-mona\/\" \/>\n<meta property=\"og:site_name\" content=\"Koonings\" \/>\n<meta property=\"article:publisher\" content=\"https:\/\/www.facebook.com\/kooningstheweddingpalace\" \/>\n<meta property=\"og:image\" content=\"https:\/\/www.koonings.com\/wp-content\/uploads\/2024\/11\/40798_2d9d93b6d8c007f2ba3322f5092a2e45f8a0a4ad483da0024167eb814cdc4e4a75a391c1-scaled.jpeg\" \/>\n\t<meta property=\"og:image:width\" content=\"1809\" \/>\n\t<meta property=\"og:image:height\" content=\"2560\" \/>\n\t<meta property=\"og:image:type\" content=\"image\/jpeg\" \/>\n<meta name=\"twitter:card\" content=\"summary_large_image\" \/>\n<script type=\"application\/ld+json\" class=\"yoast-schema-graph\">{\"@context\":\"https:\\\/\\\/schema.org\",\"@graph\":[{\"@type\":\"WebPage\",\"@id\":\"https:\\\/\\\/www.koonings.com\\\/de\\\/product\\\/milla-nova-mona\\\/\",\"url\":\"https:\\\/\\\/www.koonings.com\\\/de\\\/product\\\/milla-nova-mona\\\/\",\"name\":\"Milla Nova Mona | Koonings\",\"isPartOf\":{\"@id\":\"https:\\\/\\\/www.koonings.com\\\/de\\\/#website\"},\"primaryImageOfPage\":{\"@id\":\"https:\\\/\\\/www.koonings.com\\\/de\\\/product\\\/milla-nova-mona\\\/#primaryimage\"},\"image\":{\"@id\":\"https:\\\/\\\/www.koonings.com\\\/de\\\/product\\\/milla-nova-mona\\\/#primaryimage\"},\"thumbnailUrl\":\"https:\\\/\\\/www.koonings.com\\\/wp-content\\\/uploads\\\/2024\\\/11\\\/40798_2d9d93b6d8c007f2ba3322f5092a2e45f8a0a4ad483da0024167eb814cdc4e4a75a391c1-scaled.jpeg\",\"datePublished\":\"2026-05-06T13:22:29+00:00\",\"description\":\"Wundersch\u00f6nes tr\u00e4gerloses Hochzeitskleid aus handgefaltetem T\u00fcll. Es besteht aus einem geometrischen Korsett mit St\u00e4bchen, einem durchsichtigen Rei\u00dfverschluss auf der R\u00fcckseite und einem luftigen T\u00fcllrock mit Midischleppe. Der Look wird durch ein au\u00dfergew\u00f6hnliches lang\u00e4rmeliges, mit Perlen verziertes Cape vervollst\u00e4ndigt.\",\"breadcrumb\":{\"@id\":\"https:\\\/\\\/www.koonings.com\\\/de\\\/product\\\/milla-nova-mona\\\/#breadcrumb\"},\"inLanguage\":\"de\",\"potentialAction\":[{\"@type\":\"ReadAction\",\"target\":[\"https:\\\/\\\/www.koonings.com\\\/de\\\/product\\\/milla-nova-mona\\\/\"]}]},{\"@type\":\"ImageObject\",\"inLanguage\":\"de\",\"@id\":\"https:\\\/\\\/www.koonings.com\\\/de\\\/product\\\/milla-nova-mona\\\/#primaryimage\",\"url\":\"https:\\\/\\\/www.koonings.com\\\/wp-content\\\/uploads\\\/2024\\\/11\\\/40798_2d9d93b6d8c007f2ba3322f5092a2e45f8a0a4ad483da0024167eb814cdc4e4a75a391c1-scaled.jpeg\",\"contentUrl\":\"https:\\\/\\\/www.koonings.com\\\/wp-content\\\/uploads\\\/2024\\\/11\\\/40798_2d9d93b6d8c007f2ba3322f5092a2e45f8a0a4ad483da0024167eb814cdc4e4a75a391c1-scaled.jpeg\",\"width\":1809,\"height\":2560},{\"@type\":\"BreadcrumbList\",\"@id\":\"https:\\\/\\\/www.koonings.com\\\/de\\\/product\\\/milla-nova-mona\\\/#breadcrumb\",\"itemListElement\":[{\"@type\":\"ListItem\",\"position\":1,\"name\":\"Home\",\"item\":\"https:\\\/\\\/www.koonings.com\\\/de\\\/\"},{\"@type\":\"ListItem\",\"position\":2,\"name\":\"Milla Nova Mona\"}]},{\"@type\":\"WebSite\",\"@id\":\"https:\\\/\\\/www.koonings.com\\\/de\\\/#website\",\"url\":\"https:\\\/\\\/www.koonings.com\\\/de\\\/\",\"name\":\"Koonings\",\"description\":\"De grootste bruidsmodewinkel ter wereld\",\"publisher\":{\"@id\":\"https:\\\/\\\/www.koonings.com\\\/de\\\/#organization\"},\"potentialAction\":[{\"@type\":\"SearchAction\",\"target\":{\"@type\":\"EntryPoint\",\"urlTemplate\":\"https:\\\/\\\/www.koonings.com\\\/de\\\/?s={search_term_string}\"},\"query-input\":{\"@type\":\"PropertyValueSpecification\",\"valueRequired\":true,\"valueName\":\"search_term_string\"}}],\"inLanguage\":\"de\"},{\"@type\":\"Organization\",\"@id\":\"https:\\\/\\\/www.koonings.com\\\/de\\\/#organization\",\"name\":\"Koonings\",\"url\":\"https:\\\/\\\/www.koonings.com\\\/de\\\/\",\"logo\":{\"@type\":\"ImageObject\",\"inLanguage\":\"de\",\"@id\":\"https:\\\/\\\/www.koonings.com\\\/de\\\/#\\\/schema\\\/logo\\\/image\\\/\",\"url\":\"https:\\\/\\\/www.koonings.com\\\/wp-content\\\/uploads\\\/2024\\\/07\\\/logo.png\",\"contentUrl\":\"https:\\\/\\\/www.koonings.com\\\/wp-content\\\/uploads\\\/2024\\\/07\\\/logo.png\",\"width\":600,\"height\":428,\"caption\":\"Koonings\"},\"image\":{\"@id\":\"https:\\\/\\\/www.koonings.com\\\/de\\\/#\\\/schema\\\/logo\\\/image\\\/\"},\"sameAs\":[\"https:\\\/\\\/www.facebook.com\\\/kooningstheweddingpalace\",\"https:\\\/\\\/www.instagram.com\\\/kooningstheweddingpalace\",\"https:\\\/\\\/www.pinterest.com\\\/koonings\",\"https:\\\/\\\/www.youtube.com\\\/kooningstheweddingpalace\"]}]}<\/script>\n<!-- \/ Yoast SEO plugin. -->","yoast_head_json":{"title":"Milla Nova Mona | Koonings","description":"Wundersch\u00f6nes tr\u00e4gerloses Hochzeitskleid aus handgefaltetem T\u00fcll. Es besteht aus einem geometrischen Korsett mit St\u00e4bchen, einem durchsichtigen Rei\u00dfverschluss auf der R\u00fcckseite und einem luftigen T\u00fcllrock mit Midischleppe. Der Look wird durch ein au\u00dfergew\u00f6hnliches lang\u00e4rmeliges, mit Perlen verziertes Cape vervollst\u00e4ndigt.","robots":{"index":"index","follow":"follow","max-snippet":"max-snippet:-1","max-image-preview":"max-image-preview:large","max-video-preview":"max-video-preview:-1"},"canonical":"https:\/\/www.koonings.com\/de\/product\/milla-nova-mona\/","og_locale":"de_DE","og_type":"article","og_title":"Milla Nova Mona | Koonings","og_description":"Wundersch\u00f6nes tr\u00e4gerloses Hochzeitskleid aus handgefaltetem T\u00fcll. Es besteht aus einem geometrischen Korsett mit St\u00e4bchen, einem durchsichtigen Rei\u00dfverschluss auf der R\u00fcckseite und einem luftigen T\u00fcllrock mit Midischleppe. Der Look wird durch ein au\u00dfergew\u00f6hnliches lang\u00e4rmeliges, mit Perlen verziertes Cape vervollst\u00e4ndigt.","og_url":"https:\/\/www.koonings.com\/de\/product\/milla-nova-mona\/","og_site_name":"Koonings","article_publisher":"https:\/\/www.facebook.com\/kooningstheweddingpalace","og_image":[{"width":1809,"height":2560,"url":"https:\/\/www.koonings.com\/wp-content\/uploads\/2024\/11\/40798_2d9d93b6d8c007f2ba3322f5092a2e45f8a0a4ad483da0024167eb814cdc4e4a75a391c1-scaled.jpeg","type":"image\/jpeg"}],"twitter_card":"summary_large_image","schema":{"@context":"https:\/\/schema.org","@graph":[{"@type":"WebPage","@id":"https:\/\/www.koonings.com\/de\/product\/milla-nova-mona\/","url":"https:\/\/www.koonings.com\/de\/product\/milla-nova-mona\/","name":"Milla Nova Mona | Koonings","isPartOf":{"@id":"https:\/\/www.koonings.com\/de\/#website"},"primaryImageOfPage":{"@id":"https:\/\/www.koonings.com\/de\/product\/milla-nova-mona\/#primaryimage"},"image":{"@id":"https:\/\/www.koonings.com\/de\/product\/milla-nova-mona\/#primaryimage"},"thumbnailUrl":"https:\/\/www.koonings.com\/wp-content\/uploads\/2024\/11\/40798_2d9d93b6d8c007f2ba3322f5092a2e45f8a0a4ad483da0024167eb814cdc4e4a75a391c1-scaled.jpeg","datePublished":"2026-05-06T13:22:29+00:00","description":"Wundersch\u00f6nes tr\u00e4gerloses Hochzeitskleid aus handgefaltetem T\u00fcll. Es besteht aus einem geometrischen Korsett mit St\u00e4bchen, einem durchsichtigen Rei\u00dfverschluss auf der R\u00fcckseite und einem luftigen T\u00fcllrock mit Midischleppe. Der Look wird durch ein au\u00dfergew\u00f6hnliches lang\u00e4rmeliges, mit Perlen verziertes Cape vervollst\u00e4ndigt.","breadcrumb":{"@id":"https:\/\/www.koonings.com\/de\/product\/milla-nova-mona\/#breadcrumb"},"inLanguage":"de","potentialAction":[{"@type":"ReadAction","target":["https:\/\/www.koonings.com\/de\/product\/milla-nova-mona\/"]}]},{"@type":"ImageObject","inLanguage":"de","@id":"https:\/\/www.koonings.com\/de\/product\/milla-nova-mona\/#primaryimage","url":"https:\/\/www.koonings.com\/wp-content\/uploads\/2024\/11\/40798_2d9d93b6d8c007f2ba3322f5092a2e45f8a0a4ad483da0024167eb814cdc4e4a75a391c1-scaled.jpeg","contentUrl":"https:\/\/www.koonings.com\/wp-content\/uploads\/2024\/11\/40798_2d9d93b6d8c007f2ba3322f5092a2e45f8a0a4ad483da0024167eb814cdc4e4a75a391c1-scaled.jpeg","width":1809,"height":2560},{"@type":"BreadcrumbList","@id":"https:\/\/www.koonings.com\/de\/product\/milla-nova-mona\/#breadcrumb","itemListElement":[{"@type":"ListItem","position":1,"name":"Home","item":"https:\/\/www.koonings.com\/de\/"},{"@type":"ListItem","position":2,"name":"Milla Nova Mona"}]},{"@type":"WebSite","@id":"https:\/\/www.koonings.com\/de\/#website","url":"https:\/\/www.koonings.com\/de\/","name":"Koonings","description":"De grootste bruidsmodewinkel ter wereld","publisher":{"@id":"https:\/\/www.koonings.com\/de\/#organization"},"potentialAction":[{"@type":"SearchAction","target":{"@type":"EntryPoint","urlTemplate":"https:\/\/www.koonings.com\/de\/?s={search_term_string}"},"query-input":{"@type":"PropertyValueSpecification","valueRequired":true,"valueName":"search_term_string"}}],"inLanguage":"de"},{"@type":"Organization","@id":"https:\/\/www.koonings.com\/de\/#organization","name":"Koonings","url":"https:\/\/www.koonings.com\/de\/","logo":{"@type":"ImageObject","inLanguage":"de","@id":"https:\/\/www.koonings.com\/de\/#\/schema\/logo\/image\/","url":"https:\/\/www.koonings.com\/wp-content\/uploads\/2024\/07\/logo.png","contentUrl":"https:\/\/www.koonings.com\/wp-content\/uploads\/2024\/07\/logo.png","width":600,"height":428,"caption":"Koonings"},"image":{"@id":"https:\/\/www.koonings.com\/de\/#\/schema\/logo\/image\/"},"sameAs":["https:\/\/www.facebook.com\/kooningstheweddingpalace","https:\/\/www.instagram.com\/kooningstheweddingpalace","https:\/\/www.pinterest.com\/koonings","https:\/\/www.youtube.com\/kooningstheweddingpalace"]}]}},"_links":{"self":[{"href":"https:\/\/www.koonings.com\/de\/wp-json\/wp\/v2\/product\/79714","targetHints":{"allow":["GET"]}}],"collection":[{"href":"https:\/\/www.koonings.com\/de\/wp-json\/wp\/v2\/product"}],"about":[{"href":"https:\/\/www.koonings.com\/de\/wp-json\/wp\/v2\/types\/product"}],"wp:featuredmedia":[{"embeddable":true,"href":"https:\/\/www.koonings.com\/de\/wp-json\/wp\/v2\/media\/71792"}],"wp:attachment":[{"href":"https:\/\/www.koonings.com\/de\/wp-json\/wp\/v2\/media?parent=79714"}],"wp:term":[{"taxonomy":"productdetails","embeddable":true,"href":"https:\/\/www.koonings.com\/de\/wp-json\/wp\/v2\/productdetails?post=79714"},{"taxonomy":"productneck","embeddable":true,"href":"https:\/\/www.koonings.com\/de\/wp-json\/wp\/v2\/productneck?post=79714"},{"taxonomy":"productcolor","embeddable":true,"href":"https:\/\/www.koonings.com\/de\/wp-json\/wp\/v2\/productcolor?post=79714"},{"taxonomy":"maat","embeddable":true,"href":"https:\/\/www.koonings.com\/de\/wp-json\/wp\/v2\/maat?post=79714"},{"taxonomy":"productsupplier","embeddable":true,"href":"https:\/\/www.koonings.com\/de\/wp-json\/wp\/v2\/productsupplier?post=79714"},{"taxonomy":"productsleeve","embeddable":true,"href":"https:\/\/www.koonings.com\/de\/wp-json\/wp\/v2\/productsleeve?post=79714"},{"taxonomy":"productcategory","embeddable":true,"href":"https:\/\/www.koonings.com\/de\/wp-json\/wp\/v2\/productcategory?post=79714"},{"taxonomy":"productsilhouette","embeddable":true,"href":"https:\/\/www.koonings.com\/de\/wp-json\/wp\/v2\/productsilhouette?post=79714"},{"taxonomy":"productstyle","embeddable":true,"href":"https:\/\/www.koonings.com\/de\/wp-json\/wp\/v2\/productstyle?post=79714"}],"curies":[{"name":"wp","href":"https:\/\/api.w.org\/{rel}","templated":true}]}}