{"id":79704,"date":"2026-04-14T16:24:13","date_gmt":"2026-04-14T14:24:13","guid":{"rendered":"https:\/\/www.koonings.com\/product\/milla-nova-catalina\/"},"modified":"2025-06-05T13:45:33","modified_gmt":"2025-06-05T11:45:33","slug":"milla-nova-catalina","status":"publish","type":"product","link":"https:\/\/www.koonings.com\/de\/product\/milla-nova-catalina\/","title":{"rendered":"Milla Nova Catalina"},"content":{"rendered":"<p>Gl\u00e4nzendes Hochzeitskleid in Trompetenform, das mit gro\u00dfen Pailletten und Perlen verziert ist.<br \/>\nMit einem herzf\u00f6rmigen Ausschnitt mit integrierten Cups an breiten Tr\u00e4gern, einem Korsett mit St\u00e4bchen und Rei\u00dfverschluss am offenen V-R\u00fccken und einer kurzen Schleppe. Es kann mit einem passenden lang\u00e4rmeligen Bolero kombiniert werden, der mit einem passenden Ornament aus Pailletten und Perlen sowie Strau\u00dfenfedern verziert ist.<br \/>\nAuff\u00e4lliger lang\u00e4rmeliger Bolero, der von Hand mit Perlen, Pailletten und Strau\u00dfenfedern verziert ist. Pailletten und Perlen sorgen f\u00fcr florale Verzierungen, w\u00e4hrend Federn sch\u00f6ne Akzente setzen und den Gesamtlook auf ein neues Niveau heben.  <\/p>\n","protected":false},"featured_media":71872,"template":"","meta":{"_acf_changed":false,"ghostkit_customizer_options":"","ghostkit_custom_css":"","ghostkit_custom_js_head":"","ghostkit_custom_js_foot":"","ghostkit_typography":""},"productdetails":[377,376],"productneck":[355],"productcolor":[393,392],"maat":[],"productsupplier":[446],"productsleeve":[359],"productcategory":[18],"productsilhouette":[390],"productstyle":[369,366],"class_list":["post-79704","product","type-product","status-publish","has-post-thumbnail","hentry","productdetails-377","productdetails-376","productneck-355","productcolor-393","productcolor-392","productsupplier-milla-nova","productsleeve-359","productcategory-trouwjurken","productsilhouette-390","productstyle-369","productstyle-366"],"acf":[],"yoast_head":"<!-- This site is optimized with the Yoast SEO plugin v27.3 - https:\/\/yoast.com\/product\/yoast-seo-wordpress\/ -->\n<title>Milla Nova Catalina | Koonings<\/title>\n<meta name=\"description\" content=\"Gl\u00e4nzendes Hochzeitskleid in Trompetenform, das mit gro\u00dfen Pailletten und Perlen verziert ist. Mit einem herzf\u00f6rmigen Ausschnitt mit integrierten Cups an breiten Tr\u00e4gern, einem Korsett mit St\u00e4bchen und Rei\u00dfverschluss am offenen V-R\u00fccken und einer kurzen Schleppe. Es kann mit einem passenden lang\u00e4rmeligen Bolero kombiniert werden, der mit einem passenden Ornament aus Pailletten und Perlen sowie Strau\u00dfenfedern verziert ist. Auff\u00e4lliger lang\u00e4rmeliger Bolero, der von Hand mit Perlen, Pailletten und Strau\u00dfenfedern verziert ist. Pailletten und Perlen sorgen f\u00fcr florale Verzierungen, w\u00e4hrend Federn sch\u00f6ne Akzente setzen und den Gesamtlook auf ein neues Niveau heben.\" \/>\n<meta name=\"robots\" content=\"index, follow, max-snippet:-1, max-image-preview:large, max-video-preview:-1\" \/>\n<link rel=\"canonical\" href=\"https:\/\/www.koonings.com\/de\/product\/milla-nova-catalina\/\" \/>\n<meta property=\"og:locale\" content=\"de_DE\" \/>\n<meta property=\"og:type\" content=\"article\" \/>\n<meta property=\"og:title\" content=\"Milla Nova Catalina | Koonings\" \/>\n<meta property=\"og:description\" content=\"Gl\u00e4nzendes Hochzeitskleid in Trompetenform, das mit gro\u00dfen Pailletten und Perlen verziert ist. Mit einem herzf\u00f6rmigen Ausschnitt mit integrierten Cups an breiten Tr\u00e4gern, einem Korsett mit St\u00e4bchen und Rei\u00dfverschluss am offenen V-R\u00fccken und einer kurzen Schleppe. Es kann mit einem passenden lang\u00e4rmeligen Bolero kombiniert werden, der mit einem passenden Ornament aus Pailletten und Perlen sowie Strau\u00dfenfedern verziert ist. Auff\u00e4lliger lang\u00e4rmeliger Bolero, der von Hand mit Perlen, Pailletten und Strau\u00dfenfedern verziert ist. Pailletten und Perlen sorgen f\u00fcr florale Verzierungen, w\u00e4hrend Federn sch\u00f6ne Akzente setzen und den Gesamtlook auf ein neues Niveau heben.\" \/>\n<meta property=\"og:url\" content=\"https:\/\/www.koonings.com\/de\/product\/milla-nova-catalina\/\" \/>\n<meta property=\"og:site_name\" content=\"Koonings\" \/>\n<meta property=\"article:publisher\" content=\"https:\/\/www.facebook.com\/kooningstheweddingpalace\" \/>\n<meta property=\"og:image\" content=\"https:\/\/www.koonings.com\/wp-content\/uploads\/2024\/11\/40844_f7d6ccc5c76ebd99b50d41d5c7e9d3bf3a36e44fc0c6933b8edb1dad9b82874fb4ab4365-scaled.jpeg\" \/>\n\t<meta property=\"og:image:width\" content=\"1743\" \/>\n\t<meta property=\"og:image:height\" content=\"2560\" \/>\n\t<meta property=\"og:image:type\" content=\"image\/jpeg\" \/>\n<meta name=\"twitter:card\" content=\"summary_large_image\" \/>\n<meta name=\"twitter:label1\" content=\"Gesch\u00e4tzte Lesezeit\" \/>\n\t<meta name=\"twitter:data1\" content=\"1\u00a0Minute\" \/>\n<script type=\"application\/ld+json\" class=\"yoast-schema-graph\">{\"@context\":\"https:\\\/\\\/schema.org\",\"@graph\":[{\"@type\":\"WebPage\",\"@id\":\"https:\\\/\\\/www.koonings.com\\\/de\\\/product\\\/milla-nova-catalina\\\/\",\"url\":\"https:\\\/\\\/www.koonings.com\\\/de\\\/product\\\/milla-nova-catalina\\\/\",\"name\":\"Milla Nova Catalina | Koonings\",\"isPartOf\":{\"@id\":\"https:\\\/\\\/www.koonings.com\\\/de\\\/#website\"},\"primaryImageOfPage\":{\"@id\":\"https:\\\/\\\/www.koonings.com\\\/de\\\/product\\\/milla-nova-catalina\\\/#primaryimage\"},\"image\":{\"@id\":\"https:\\\/\\\/www.koonings.com\\\/de\\\/product\\\/milla-nova-catalina\\\/#primaryimage\"},\"thumbnailUrl\":\"https:\\\/\\\/www.koonings.com\\\/wp-content\\\/uploads\\\/2024\\\/11\\\/40844_f7d6ccc5c76ebd99b50d41d5c7e9d3bf3a36e44fc0c6933b8edb1dad9b82874fb4ab4365-scaled.jpeg\",\"datePublished\":\"2026-04-14T14:24:13+00:00\",\"description\":\"Gl\u00e4nzendes Hochzeitskleid in Trompetenform, das mit gro\u00dfen Pailletten und Perlen verziert ist. Mit einem herzf\u00f6rmigen Ausschnitt mit integrierten Cups an breiten Tr\u00e4gern, einem Korsett mit St\u00e4bchen und Rei\u00dfverschluss am offenen V-R\u00fccken und einer kurzen Schleppe. Es kann mit einem passenden lang\u00e4rmeligen Bolero kombiniert werden, der mit einem passenden Ornament aus Pailletten und Perlen sowie Strau\u00dfenfedern verziert ist. Auff\u00e4lliger lang\u00e4rmeliger Bolero, der von Hand mit Perlen, Pailletten und Strau\u00dfenfedern verziert ist. Pailletten und Perlen sorgen f\u00fcr florale Verzierungen, w\u00e4hrend Federn sch\u00f6ne Akzente setzen und den Gesamtlook auf ein neues Niveau heben.\",\"breadcrumb\":{\"@id\":\"https:\\\/\\\/www.koonings.com\\\/de\\\/product\\\/milla-nova-catalina\\\/#breadcrumb\"},\"inLanguage\":\"de\",\"potentialAction\":[{\"@type\":\"ReadAction\",\"target\":[\"https:\\\/\\\/www.koonings.com\\\/de\\\/product\\\/milla-nova-catalina\\\/\"]}]},{\"@type\":\"ImageObject\",\"inLanguage\":\"de\",\"@id\":\"https:\\\/\\\/www.koonings.com\\\/de\\\/product\\\/milla-nova-catalina\\\/#primaryimage\",\"url\":\"https:\\\/\\\/www.koonings.com\\\/wp-content\\\/uploads\\\/2024\\\/11\\\/40844_f7d6ccc5c76ebd99b50d41d5c7e9d3bf3a36e44fc0c6933b8edb1dad9b82874fb4ab4365-scaled.jpeg\",\"contentUrl\":\"https:\\\/\\\/www.koonings.com\\\/wp-content\\\/uploads\\\/2024\\\/11\\\/40844_f7d6ccc5c76ebd99b50d41d5c7e9d3bf3a36e44fc0c6933b8edb1dad9b82874fb4ab4365-scaled.jpeg\",\"width\":1743,\"height\":2560},{\"@type\":\"BreadcrumbList\",\"@id\":\"https:\\\/\\\/www.koonings.com\\\/de\\\/product\\\/milla-nova-catalina\\\/#breadcrumb\",\"itemListElement\":[{\"@type\":\"ListItem\",\"position\":1,\"name\":\"Home\",\"item\":\"https:\\\/\\\/www.koonings.com\\\/de\\\/\"},{\"@type\":\"ListItem\",\"position\":2,\"name\":\"Milla Nova Catalina\"}]},{\"@type\":\"WebSite\",\"@id\":\"https:\\\/\\\/www.koonings.com\\\/de\\\/#website\",\"url\":\"https:\\\/\\\/www.koonings.com\\\/de\\\/\",\"name\":\"Koonings\",\"description\":\"De grootste bruidsmodewinkel ter wereld\",\"publisher\":{\"@id\":\"https:\\\/\\\/www.koonings.com\\\/de\\\/#organization\"},\"potentialAction\":[{\"@type\":\"SearchAction\",\"target\":{\"@type\":\"EntryPoint\",\"urlTemplate\":\"https:\\\/\\\/www.koonings.com\\\/de\\\/?s={search_term_string}\"},\"query-input\":{\"@type\":\"PropertyValueSpecification\",\"valueRequired\":true,\"valueName\":\"search_term_string\"}}],\"inLanguage\":\"de\"},{\"@type\":\"Organization\",\"@id\":\"https:\\\/\\\/www.koonings.com\\\/de\\\/#organization\",\"name\":\"Koonings\",\"url\":\"https:\\\/\\\/www.koonings.com\\\/de\\\/\",\"logo\":{\"@type\":\"ImageObject\",\"inLanguage\":\"de\",\"@id\":\"https:\\\/\\\/www.koonings.com\\\/de\\\/#\\\/schema\\\/logo\\\/image\\\/\",\"url\":\"https:\\\/\\\/www.koonings.com\\\/wp-content\\\/uploads\\\/2024\\\/07\\\/logo.png\",\"contentUrl\":\"https:\\\/\\\/www.koonings.com\\\/wp-content\\\/uploads\\\/2024\\\/07\\\/logo.png\",\"width\":600,\"height\":428,\"caption\":\"Koonings\"},\"image\":{\"@id\":\"https:\\\/\\\/www.koonings.com\\\/de\\\/#\\\/schema\\\/logo\\\/image\\\/\"},\"sameAs\":[\"https:\\\/\\\/www.facebook.com\\\/kooningstheweddingpalace\",\"https:\\\/\\\/www.instagram.com\\\/kooningstheweddingpalace\",\"https:\\\/\\\/www.pinterest.com\\\/koonings\",\"https:\\\/\\\/www.youtube.com\\\/kooningstheweddingpalace\"]}]}<\/script>\n<!-- \/ Yoast SEO plugin. -->","yoast_head_json":{"title":"Milla Nova Catalina | Koonings","description":"Gl\u00e4nzendes Hochzeitskleid in Trompetenform, das mit gro\u00dfen Pailletten und Perlen verziert ist. Mit einem herzf\u00f6rmigen Ausschnitt mit integrierten Cups an breiten Tr\u00e4gern, einem Korsett mit St\u00e4bchen und Rei\u00dfverschluss am offenen V-R\u00fccken und einer kurzen Schleppe. Es kann mit einem passenden lang\u00e4rmeligen Bolero kombiniert werden, der mit einem passenden Ornament aus Pailletten und Perlen sowie Strau\u00dfenfedern verziert ist. Auff\u00e4lliger lang\u00e4rmeliger Bolero, der von Hand mit Perlen, Pailletten und Strau\u00dfenfedern verziert ist. Pailletten und Perlen sorgen f\u00fcr florale Verzierungen, w\u00e4hrend Federn sch\u00f6ne Akzente setzen und den Gesamtlook auf ein neues Niveau heben.","robots":{"index":"index","follow":"follow","max-snippet":"max-snippet:-1","max-image-preview":"max-image-preview:large","max-video-preview":"max-video-preview:-1"},"canonical":"https:\/\/www.koonings.com\/de\/product\/milla-nova-catalina\/","og_locale":"de_DE","og_type":"article","og_title":"Milla Nova Catalina | Koonings","og_description":"Gl\u00e4nzendes Hochzeitskleid in Trompetenform, das mit gro\u00dfen Pailletten und Perlen verziert ist. Mit einem herzf\u00f6rmigen Ausschnitt mit integrierten Cups an breiten Tr\u00e4gern, einem Korsett mit St\u00e4bchen und Rei\u00dfverschluss am offenen V-R\u00fccken und einer kurzen Schleppe. Es kann mit einem passenden lang\u00e4rmeligen Bolero kombiniert werden, der mit einem passenden Ornament aus Pailletten und Perlen sowie Strau\u00dfenfedern verziert ist. Auff\u00e4lliger lang\u00e4rmeliger Bolero, der von Hand mit Perlen, Pailletten und Strau\u00dfenfedern verziert ist. Pailletten und Perlen sorgen f\u00fcr florale Verzierungen, w\u00e4hrend Federn sch\u00f6ne Akzente setzen und den Gesamtlook auf ein neues Niveau heben.","og_url":"https:\/\/www.koonings.com\/de\/product\/milla-nova-catalina\/","og_site_name":"Koonings","article_publisher":"https:\/\/www.facebook.com\/kooningstheweddingpalace","og_image":[{"width":1743,"height":2560,"url":"https:\/\/www.koonings.com\/wp-content\/uploads\/2024\/11\/40844_f7d6ccc5c76ebd99b50d41d5c7e9d3bf3a36e44fc0c6933b8edb1dad9b82874fb4ab4365-scaled.jpeg","type":"image\/jpeg"}],"twitter_card":"summary_large_image","twitter_misc":{"Gesch\u00e4tzte Lesezeit":"1\u00a0Minute"},"schema":{"@context":"https:\/\/schema.org","@graph":[{"@type":"WebPage","@id":"https:\/\/www.koonings.com\/de\/product\/milla-nova-catalina\/","url":"https:\/\/www.koonings.com\/de\/product\/milla-nova-catalina\/","name":"Milla Nova Catalina | Koonings","isPartOf":{"@id":"https:\/\/www.koonings.com\/de\/#website"},"primaryImageOfPage":{"@id":"https:\/\/www.koonings.com\/de\/product\/milla-nova-catalina\/#primaryimage"},"image":{"@id":"https:\/\/www.koonings.com\/de\/product\/milla-nova-catalina\/#primaryimage"},"thumbnailUrl":"https:\/\/www.koonings.com\/wp-content\/uploads\/2024\/11\/40844_f7d6ccc5c76ebd99b50d41d5c7e9d3bf3a36e44fc0c6933b8edb1dad9b82874fb4ab4365-scaled.jpeg","datePublished":"2026-04-14T14:24:13+00:00","description":"Gl\u00e4nzendes Hochzeitskleid in Trompetenform, das mit gro\u00dfen Pailletten und Perlen verziert ist. Mit einem herzf\u00f6rmigen Ausschnitt mit integrierten Cups an breiten Tr\u00e4gern, einem Korsett mit St\u00e4bchen und Rei\u00dfverschluss am offenen V-R\u00fccken und einer kurzen Schleppe. Es kann mit einem passenden lang\u00e4rmeligen Bolero kombiniert werden, der mit einem passenden Ornament aus Pailletten und Perlen sowie Strau\u00dfenfedern verziert ist. Auff\u00e4lliger lang\u00e4rmeliger Bolero, der von Hand mit Perlen, Pailletten und Strau\u00dfenfedern verziert ist. Pailletten und Perlen sorgen f\u00fcr florale Verzierungen, w\u00e4hrend Federn sch\u00f6ne Akzente setzen und den Gesamtlook auf ein neues Niveau heben.","breadcrumb":{"@id":"https:\/\/www.koonings.com\/de\/product\/milla-nova-catalina\/#breadcrumb"},"inLanguage":"de","potentialAction":[{"@type":"ReadAction","target":["https:\/\/www.koonings.com\/de\/product\/milla-nova-catalina\/"]}]},{"@type":"ImageObject","inLanguage":"de","@id":"https:\/\/www.koonings.com\/de\/product\/milla-nova-catalina\/#primaryimage","url":"https:\/\/www.koonings.com\/wp-content\/uploads\/2024\/11\/40844_f7d6ccc5c76ebd99b50d41d5c7e9d3bf3a36e44fc0c6933b8edb1dad9b82874fb4ab4365-scaled.jpeg","contentUrl":"https:\/\/www.koonings.com\/wp-content\/uploads\/2024\/11\/40844_f7d6ccc5c76ebd99b50d41d5c7e9d3bf3a36e44fc0c6933b8edb1dad9b82874fb4ab4365-scaled.jpeg","width":1743,"height":2560},{"@type":"BreadcrumbList","@id":"https:\/\/www.koonings.com\/de\/product\/milla-nova-catalina\/#breadcrumb","itemListElement":[{"@type":"ListItem","position":1,"name":"Home","item":"https:\/\/www.koonings.com\/de\/"},{"@type":"ListItem","position":2,"name":"Milla Nova Catalina"}]},{"@type":"WebSite","@id":"https:\/\/www.koonings.com\/de\/#website","url":"https:\/\/www.koonings.com\/de\/","name":"Koonings","description":"De grootste bruidsmodewinkel ter wereld","publisher":{"@id":"https:\/\/www.koonings.com\/de\/#organization"},"potentialAction":[{"@type":"SearchAction","target":{"@type":"EntryPoint","urlTemplate":"https:\/\/www.koonings.com\/de\/?s={search_term_string}"},"query-input":{"@type":"PropertyValueSpecification","valueRequired":true,"valueName":"search_term_string"}}],"inLanguage":"de"},{"@type":"Organization","@id":"https:\/\/www.koonings.com\/de\/#organization","name":"Koonings","url":"https:\/\/www.koonings.com\/de\/","logo":{"@type":"ImageObject","inLanguage":"de","@id":"https:\/\/www.koonings.com\/de\/#\/schema\/logo\/image\/","url":"https:\/\/www.koonings.com\/wp-content\/uploads\/2024\/07\/logo.png","contentUrl":"https:\/\/www.koonings.com\/wp-content\/uploads\/2024\/07\/logo.png","width":600,"height":428,"caption":"Koonings"},"image":{"@id":"https:\/\/www.koonings.com\/de\/#\/schema\/logo\/image\/"},"sameAs":["https:\/\/www.facebook.com\/kooningstheweddingpalace","https:\/\/www.instagram.com\/kooningstheweddingpalace","https:\/\/www.pinterest.com\/koonings","https:\/\/www.youtube.com\/kooningstheweddingpalace"]}]}},"_links":{"self":[{"href":"https:\/\/www.koonings.com\/de\/wp-json\/wp\/v2\/product\/79704","targetHints":{"allow":["GET"]}}],"collection":[{"href":"https:\/\/www.koonings.com\/de\/wp-json\/wp\/v2\/product"}],"about":[{"href":"https:\/\/www.koonings.com\/de\/wp-json\/wp\/v2\/types\/product"}],"wp:featuredmedia":[{"embeddable":true,"href":"https:\/\/www.koonings.com\/de\/wp-json\/wp\/v2\/media\/71872"}],"wp:attachment":[{"href":"https:\/\/www.koonings.com\/de\/wp-json\/wp\/v2\/media?parent=79704"}],"wp:term":[{"taxonomy":"productdetails","embeddable":true,"href":"https:\/\/www.koonings.com\/de\/wp-json\/wp\/v2\/productdetails?post=79704"},{"taxonomy":"productneck","embeddable":true,"href":"https:\/\/www.koonings.com\/de\/wp-json\/wp\/v2\/productneck?post=79704"},{"taxonomy":"productcolor","embeddable":true,"href":"https:\/\/www.koonings.com\/de\/wp-json\/wp\/v2\/productcolor?post=79704"},{"taxonomy":"maat","embeddable":true,"href":"https:\/\/www.koonings.com\/de\/wp-json\/wp\/v2\/maat?post=79704"},{"taxonomy":"productsupplier","embeddable":true,"href":"https:\/\/www.koonings.com\/de\/wp-json\/wp\/v2\/productsupplier?post=79704"},{"taxonomy":"productsleeve","embeddable":true,"href":"https:\/\/www.koonings.com\/de\/wp-json\/wp\/v2\/productsleeve?post=79704"},{"taxonomy":"productcategory","embeddable":true,"href":"https:\/\/www.koonings.com\/de\/wp-json\/wp\/v2\/productcategory?post=79704"},{"taxonomy":"productsilhouette","embeddable":true,"href":"https:\/\/www.koonings.com\/de\/wp-json\/wp\/v2\/productsilhouette?post=79704"},{"taxonomy":"productstyle","embeddable":true,"href":"https:\/\/www.koonings.com\/de\/wp-json\/wp\/v2\/productstyle?post=79704"}],"curies":[{"name":"wp","href":"https:\/\/api.w.org\/{rel}","templated":true}]}}