{"id":79695,"date":"2025-12-15T00:46:02","date_gmt":"2025-12-14T23:46:02","guid":{"rendered":"https:\/\/www.koonings.com\/product\/enzoani-portrait-fleur\/"},"modified":"2026-02-03T20:02:14","modified_gmt":"2026-02-03T19:02:14","slug":"enzoani-portrait-fleur","status":"publish","type":"product","link":"https:\/\/www.koonings.com\/de\/product\/enzoani-portrait-fleur\/","title":{"rendered":"Enzoani Portrait Fleur"},"content":{"rendered":"<p>Diese wundersch\u00f6ne und romantische A-Linie besteht aus mehreren Lagen von ma\u00dfstabsgetreu bestickter, glitzernder Blumenspitze und einem vollst\u00e4ndig gef\u00fctterten Mieder mit einer durchdacht gestalteten, niedrigeren Taille und einem hohen R\u00fccken, um den Oberk\u00f6rper zu verl\u00e4ngern und den vertr\u00e4umten, vollen Rock zu akzentuieren.<\/p>\n","protected":false},"featured_media":71965,"template":"","meta":{"_acf_changed":false,"ghostkit_customizer_options":"","ghostkit_custom_css":"","ghostkit_custom_js_head":"","ghostkit_custom_js_foot":"","ghostkit_typography":""},"productdetails":[376,381],"productneck":[355],"productcolor":[393,392],"maat":[375],"productsupplier":[460],"productsleeve":[359],"productcategory":[18],"productsilhouette":[384],"productstyle":[366],"class_list":["post-79695","product","type-product","status-publish","has-post-thumbnail","hentry","productdetails-376","productdetails-381","productneck-355","productcolor-393","productcolor-392","maat-375","productsupplier-enzoani-portrait","productsleeve-359","productcategory-trouwjurken","productsilhouette-384","productstyle-366"],"acf":[],"yoast_head":"<!-- This site is optimized with the Yoast SEO plugin v27.3 - https:\/\/yoast.com\/product\/yoast-seo-wordpress\/ -->\n<title>Enzoani Portrait Fleur | Koonings<\/title>\n<meta name=\"description\" content=\"Diese wundersch\u00f6ne und romantische A-Linie besteht aus mehreren Lagen von ma\u00dfstabsgetreu bestickter, glitzernder Blumenspitze und einem vollst\u00e4ndig gef\u00fctterten Mieder mit einer durchdacht gestalteten, niedrigeren Taille und einem hohen R\u00fccken, um den Oberk\u00f6rper zu verl\u00e4ngern und den vertr\u00e4umten, vollen Rock zu akzentuieren.\" \/>\n<meta name=\"robots\" content=\"index, follow, max-snippet:-1, max-image-preview:large, max-video-preview:-1\" \/>\n<link rel=\"canonical\" href=\"https:\/\/www.koonings.com\/de\/product\/enzoani-portrait-fleur\/\" \/>\n<meta property=\"og:locale\" content=\"de_DE\" \/>\n<meta property=\"og:type\" content=\"article\" \/>\n<meta property=\"og:title\" content=\"Enzoani Portrait Fleur | Koonings\" \/>\n<meta property=\"og:description\" content=\"Diese wundersch\u00f6ne und romantische A-Linie besteht aus mehreren Lagen von ma\u00dfstabsgetreu bestickter, glitzernder Blumenspitze und einem vollst\u00e4ndig gef\u00fctterten Mieder mit einer durchdacht gestalteten, niedrigeren Taille und einem hohen R\u00fccken, um den Oberk\u00f6rper zu verl\u00e4ngern und den vertr\u00e4umten, vollen Rock zu akzentuieren.\" \/>\n<meta property=\"og:url\" content=\"https:\/\/www.koonings.com\/de\/product\/enzoani-portrait-fleur\/\" \/>\n<meta property=\"og:site_name\" content=\"Koonings\" \/>\n<meta property=\"article:publisher\" content=\"https:\/\/www.facebook.com\/kooningstheweddingpalace\" \/>\n<meta property=\"article:modified_time\" content=\"2026-02-03T19:02:14+00:00\" \/>\n<meta property=\"og:image\" content=\"https:\/\/www.koonings.com\/wp-content\/uploads\/2024\/11\/49083_5723f6f3d1398e64b062f03470e8447c1fb0f8d2843ee1217b24a11507b7e7c5229e0bfb.jpeg\" \/>\n\t<meta property=\"og:image:width\" content=\"1064\" \/>\n\t<meta property=\"og:image:height\" content=\"1418\" \/>\n\t<meta property=\"og:image:type\" content=\"image\/jpeg\" \/>\n<meta name=\"twitter:card\" content=\"summary_large_image\" \/>\n<script type=\"application\/ld+json\" class=\"yoast-schema-graph\">{\"@context\":\"https:\\\/\\\/schema.org\",\"@graph\":[{\"@type\":\"WebPage\",\"@id\":\"https:\\\/\\\/www.koonings.com\\\/de\\\/product\\\/enzoani-portrait-fleur\\\/\",\"url\":\"https:\\\/\\\/www.koonings.com\\\/de\\\/product\\\/enzoani-portrait-fleur\\\/\",\"name\":\"Enzoani Portrait Fleur | Koonings\",\"isPartOf\":{\"@id\":\"https:\\\/\\\/www.koonings.com\\\/de\\\/#website\"},\"primaryImageOfPage\":{\"@id\":\"https:\\\/\\\/www.koonings.com\\\/de\\\/product\\\/enzoani-portrait-fleur\\\/#primaryimage\"},\"image\":{\"@id\":\"https:\\\/\\\/www.koonings.com\\\/de\\\/product\\\/enzoani-portrait-fleur\\\/#primaryimage\"},\"thumbnailUrl\":\"https:\\\/\\\/www.koonings.com\\\/wp-content\\\/uploads\\\/2024\\\/11\\\/49083_5723f6f3d1398e64b062f03470e8447c1fb0f8d2843ee1217b24a11507b7e7c5229e0bfb.jpeg\",\"datePublished\":\"2025-12-14T23:46:02+00:00\",\"dateModified\":\"2026-02-03T19:02:14+00:00\",\"description\":\"Diese wundersch\u00f6ne und romantische A-Linie besteht aus mehreren Lagen von ma\u00dfstabsgetreu bestickter, glitzernder Blumenspitze und einem vollst\u00e4ndig gef\u00fctterten Mieder mit einer durchdacht gestalteten, niedrigeren Taille und einem hohen R\u00fccken, um den Oberk\u00f6rper zu verl\u00e4ngern und den vertr\u00e4umten, vollen Rock zu akzentuieren.\",\"breadcrumb\":{\"@id\":\"https:\\\/\\\/www.koonings.com\\\/de\\\/product\\\/enzoani-portrait-fleur\\\/#breadcrumb\"},\"inLanguage\":\"de\",\"potentialAction\":[{\"@type\":\"ReadAction\",\"target\":[\"https:\\\/\\\/www.koonings.com\\\/de\\\/product\\\/enzoani-portrait-fleur\\\/\"]}]},{\"@type\":\"ImageObject\",\"inLanguage\":\"de\",\"@id\":\"https:\\\/\\\/www.koonings.com\\\/de\\\/product\\\/enzoani-portrait-fleur\\\/#primaryimage\",\"url\":\"https:\\\/\\\/www.koonings.com\\\/wp-content\\\/uploads\\\/2024\\\/11\\\/49083_5723f6f3d1398e64b062f03470e8447c1fb0f8d2843ee1217b24a11507b7e7c5229e0bfb.jpeg\",\"contentUrl\":\"https:\\\/\\\/www.koonings.com\\\/wp-content\\\/uploads\\\/2024\\\/11\\\/49083_5723f6f3d1398e64b062f03470e8447c1fb0f8d2843ee1217b24a11507b7e7c5229e0bfb.jpeg\",\"width\":1064,\"height\":1418},{\"@type\":\"BreadcrumbList\",\"@id\":\"https:\\\/\\\/www.koonings.com\\\/de\\\/product\\\/enzoani-portrait-fleur\\\/#breadcrumb\",\"itemListElement\":[{\"@type\":\"ListItem\",\"position\":1,\"name\":\"Home\",\"item\":\"https:\\\/\\\/www.koonings.com\\\/de\\\/\"},{\"@type\":\"ListItem\",\"position\":2,\"name\":\"Enzoani Portrait Fleur\"}]},{\"@type\":\"WebSite\",\"@id\":\"https:\\\/\\\/www.koonings.com\\\/de\\\/#website\",\"url\":\"https:\\\/\\\/www.koonings.com\\\/de\\\/\",\"name\":\"Koonings\",\"description\":\"De grootste bruidsmodewinkel ter wereld\",\"publisher\":{\"@id\":\"https:\\\/\\\/www.koonings.com\\\/de\\\/#organization\"},\"potentialAction\":[{\"@type\":\"SearchAction\",\"target\":{\"@type\":\"EntryPoint\",\"urlTemplate\":\"https:\\\/\\\/www.koonings.com\\\/de\\\/?s={search_term_string}\"},\"query-input\":{\"@type\":\"PropertyValueSpecification\",\"valueRequired\":true,\"valueName\":\"search_term_string\"}}],\"inLanguage\":\"de\"},{\"@type\":\"Organization\",\"@id\":\"https:\\\/\\\/www.koonings.com\\\/de\\\/#organization\",\"name\":\"Koonings\",\"url\":\"https:\\\/\\\/www.koonings.com\\\/de\\\/\",\"logo\":{\"@type\":\"ImageObject\",\"inLanguage\":\"de\",\"@id\":\"https:\\\/\\\/www.koonings.com\\\/de\\\/#\\\/schema\\\/logo\\\/image\\\/\",\"url\":\"https:\\\/\\\/www.koonings.com\\\/wp-content\\\/uploads\\\/2024\\\/07\\\/logo.png\",\"contentUrl\":\"https:\\\/\\\/www.koonings.com\\\/wp-content\\\/uploads\\\/2024\\\/07\\\/logo.png\",\"width\":600,\"height\":428,\"caption\":\"Koonings\"},\"image\":{\"@id\":\"https:\\\/\\\/www.koonings.com\\\/de\\\/#\\\/schema\\\/logo\\\/image\\\/\"},\"sameAs\":[\"https:\\\/\\\/www.facebook.com\\\/kooningstheweddingpalace\",\"https:\\\/\\\/www.instagram.com\\\/kooningstheweddingpalace\",\"https:\\\/\\\/www.pinterest.com\\\/koonings\",\"https:\\\/\\\/www.youtube.com\\\/kooningstheweddingpalace\"]}]}<\/script>\n<!-- \/ Yoast SEO plugin. -->","yoast_head_json":{"title":"Enzoani Portrait Fleur | Koonings","description":"Diese wundersch\u00f6ne und romantische A-Linie besteht aus mehreren Lagen von ma\u00dfstabsgetreu bestickter, glitzernder Blumenspitze und einem vollst\u00e4ndig gef\u00fctterten Mieder mit einer durchdacht gestalteten, niedrigeren Taille und einem hohen R\u00fccken, um den Oberk\u00f6rper zu verl\u00e4ngern und den vertr\u00e4umten, vollen Rock zu akzentuieren.","robots":{"index":"index","follow":"follow","max-snippet":"max-snippet:-1","max-image-preview":"max-image-preview:large","max-video-preview":"max-video-preview:-1"},"canonical":"https:\/\/www.koonings.com\/de\/product\/enzoani-portrait-fleur\/","og_locale":"de_DE","og_type":"article","og_title":"Enzoani Portrait Fleur | Koonings","og_description":"Diese wundersch\u00f6ne und romantische A-Linie besteht aus mehreren Lagen von ma\u00dfstabsgetreu bestickter, glitzernder Blumenspitze und einem vollst\u00e4ndig gef\u00fctterten Mieder mit einer durchdacht gestalteten, niedrigeren Taille und einem hohen R\u00fccken, um den Oberk\u00f6rper zu verl\u00e4ngern und den vertr\u00e4umten, vollen Rock zu akzentuieren.","og_url":"https:\/\/www.koonings.com\/de\/product\/enzoani-portrait-fleur\/","og_site_name":"Koonings","article_publisher":"https:\/\/www.facebook.com\/kooningstheweddingpalace","article_modified_time":"2026-02-03T19:02:14+00:00","og_image":[{"width":1064,"height":1418,"url":"https:\/\/www.koonings.com\/wp-content\/uploads\/2024\/11\/49083_5723f6f3d1398e64b062f03470e8447c1fb0f8d2843ee1217b24a11507b7e7c5229e0bfb.jpeg","type":"image\/jpeg"}],"twitter_card":"summary_large_image","schema":{"@context":"https:\/\/schema.org","@graph":[{"@type":"WebPage","@id":"https:\/\/www.koonings.com\/de\/product\/enzoani-portrait-fleur\/","url":"https:\/\/www.koonings.com\/de\/product\/enzoani-portrait-fleur\/","name":"Enzoani Portrait Fleur | Koonings","isPartOf":{"@id":"https:\/\/www.koonings.com\/de\/#website"},"primaryImageOfPage":{"@id":"https:\/\/www.koonings.com\/de\/product\/enzoani-portrait-fleur\/#primaryimage"},"image":{"@id":"https:\/\/www.koonings.com\/de\/product\/enzoani-portrait-fleur\/#primaryimage"},"thumbnailUrl":"https:\/\/www.koonings.com\/wp-content\/uploads\/2024\/11\/49083_5723f6f3d1398e64b062f03470e8447c1fb0f8d2843ee1217b24a11507b7e7c5229e0bfb.jpeg","datePublished":"2025-12-14T23:46:02+00:00","dateModified":"2026-02-03T19:02:14+00:00","description":"Diese wundersch\u00f6ne und romantische A-Linie besteht aus mehreren Lagen von ma\u00dfstabsgetreu bestickter, glitzernder Blumenspitze und einem vollst\u00e4ndig gef\u00fctterten Mieder mit einer durchdacht gestalteten, niedrigeren Taille und einem hohen R\u00fccken, um den Oberk\u00f6rper zu verl\u00e4ngern und den vertr\u00e4umten, vollen Rock zu akzentuieren.","breadcrumb":{"@id":"https:\/\/www.koonings.com\/de\/product\/enzoani-portrait-fleur\/#breadcrumb"},"inLanguage":"de","potentialAction":[{"@type":"ReadAction","target":["https:\/\/www.koonings.com\/de\/product\/enzoani-portrait-fleur\/"]}]},{"@type":"ImageObject","inLanguage":"de","@id":"https:\/\/www.koonings.com\/de\/product\/enzoani-portrait-fleur\/#primaryimage","url":"https:\/\/www.koonings.com\/wp-content\/uploads\/2024\/11\/49083_5723f6f3d1398e64b062f03470e8447c1fb0f8d2843ee1217b24a11507b7e7c5229e0bfb.jpeg","contentUrl":"https:\/\/www.koonings.com\/wp-content\/uploads\/2024\/11\/49083_5723f6f3d1398e64b062f03470e8447c1fb0f8d2843ee1217b24a11507b7e7c5229e0bfb.jpeg","width":1064,"height":1418},{"@type":"BreadcrumbList","@id":"https:\/\/www.koonings.com\/de\/product\/enzoani-portrait-fleur\/#breadcrumb","itemListElement":[{"@type":"ListItem","position":1,"name":"Home","item":"https:\/\/www.koonings.com\/de\/"},{"@type":"ListItem","position":2,"name":"Enzoani Portrait Fleur"}]},{"@type":"WebSite","@id":"https:\/\/www.koonings.com\/de\/#website","url":"https:\/\/www.koonings.com\/de\/","name":"Koonings","description":"De grootste bruidsmodewinkel ter wereld","publisher":{"@id":"https:\/\/www.koonings.com\/de\/#organization"},"potentialAction":[{"@type":"SearchAction","target":{"@type":"EntryPoint","urlTemplate":"https:\/\/www.koonings.com\/de\/?s={search_term_string}"},"query-input":{"@type":"PropertyValueSpecification","valueRequired":true,"valueName":"search_term_string"}}],"inLanguage":"de"},{"@type":"Organization","@id":"https:\/\/www.koonings.com\/de\/#organization","name":"Koonings","url":"https:\/\/www.koonings.com\/de\/","logo":{"@type":"ImageObject","inLanguage":"de","@id":"https:\/\/www.koonings.com\/de\/#\/schema\/logo\/image\/","url":"https:\/\/www.koonings.com\/wp-content\/uploads\/2024\/07\/logo.png","contentUrl":"https:\/\/www.koonings.com\/wp-content\/uploads\/2024\/07\/logo.png","width":600,"height":428,"caption":"Koonings"},"image":{"@id":"https:\/\/www.koonings.com\/de\/#\/schema\/logo\/image\/"},"sameAs":["https:\/\/www.facebook.com\/kooningstheweddingpalace","https:\/\/www.instagram.com\/kooningstheweddingpalace","https:\/\/www.pinterest.com\/koonings","https:\/\/www.youtube.com\/kooningstheweddingpalace"]}]}},"_links":{"self":[{"href":"https:\/\/www.koonings.com\/de\/wp-json\/wp\/v2\/product\/79695","targetHints":{"allow":["GET"]}}],"collection":[{"href":"https:\/\/www.koonings.com\/de\/wp-json\/wp\/v2\/product"}],"about":[{"href":"https:\/\/www.koonings.com\/de\/wp-json\/wp\/v2\/types\/product"}],"wp:featuredmedia":[{"embeddable":true,"href":"https:\/\/www.koonings.com\/de\/wp-json\/wp\/v2\/media\/71965"}],"wp:attachment":[{"href":"https:\/\/www.koonings.com\/de\/wp-json\/wp\/v2\/media?parent=79695"}],"wp:term":[{"taxonomy":"productdetails","embeddable":true,"href":"https:\/\/www.koonings.com\/de\/wp-json\/wp\/v2\/productdetails?post=79695"},{"taxonomy":"productneck","embeddable":true,"href":"https:\/\/www.koonings.com\/de\/wp-json\/wp\/v2\/productneck?post=79695"},{"taxonomy":"productcolor","embeddable":true,"href":"https:\/\/www.koonings.com\/de\/wp-json\/wp\/v2\/productcolor?post=79695"},{"taxonomy":"maat","embeddable":true,"href":"https:\/\/www.koonings.com\/de\/wp-json\/wp\/v2\/maat?post=79695"},{"taxonomy":"productsupplier","embeddable":true,"href":"https:\/\/www.koonings.com\/de\/wp-json\/wp\/v2\/productsupplier?post=79695"},{"taxonomy":"productsleeve","embeddable":true,"href":"https:\/\/www.koonings.com\/de\/wp-json\/wp\/v2\/productsleeve?post=79695"},{"taxonomy":"productcategory","embeddable":true,"href":"https:\/\/www.koonings.com\/de\/wp-json\/wp\/v2\/productcategory?post=79695"},{"taxonomy":"productsilhouette","embeddable":true,"href":"https:\/\/www.koonings.com\/de\/wp-json\/wp\/v2\/productsilhouette?post=79695"},{"taxonomy":"productstyle","embeddable":true,"href":"https:\/\/www.koonings.com\/de\/wp-json\/wp\/v2\/productstyle?post=79695"}],"curies":[{"name":"wp","href":"https:\/\/api.w.org\/{rel}","templated":true}]}}