{"id":79689,"date":"2026-04-21T18:06:36","date_gmt":"2026-04-21T16:06:36","guid":{"rendered":"https:\/\/www.koonings.com\/product\/randy-fenoli-celebration-carolyn\/"},"modified":"2026-02-16T14:53:26","modified_gmt":"2026-02-16T13:53:26","slug":"randy-fenoli-celebration-carolyn","status":"publish","type":"product","link":"https:\/\/www.koonings.com\/de\/product\/randy-fenoli-celebration-carolyn\/","title":{"rendered":"Randy Fenoli Feierlichkeit Carolyn"},"content":{"rendered":"<p>Sehr sch\u00f6nes und elegantes Prinzessinnen-Brautkleid aus der aktuellen Kollektion &#8220;Celebration&#8221; von Randy Fenoli. Das Hochzeitskleid Carolyn hier ist schulterfrei und aus sch\u00f6nster Spitze und zauberhaftem T\u00fcll gefertigt. Das Hochzeitskleid hat lange \u00c4rmel und auf die Spitze des Brautkleides sind feinste Perlen aufgen\u00e4ht. Probieren Sie das Kleid bei Koonings an.   <\/p>\n","protected":false},"featured_media":72004,"template":"","meta":{"_acf_changed":false,"ghostkit_customizer_options":"","ghostkit_custom_css":"","ghostkit_custom_js_head":"","ghostkit_custom_js_foot":"","ghostkit_typography":""},"productdetails":[],"productneck":[349],"productcolor":[392],"maat":[],"productsupplier":[488],"productsleeve":[362,363],"productcategory":[18],"productsilhouette":[388],"productstyle":[372],"class_list":["post-79689","product","type-product","status-publish","has-post-thumbnail","hentry","productneck-349","productcolor-392","productsupplier-randy-fenoli-celebration","productsleeve-362","productsleeve-363","productcategory-trouwjurken","productsilhouette-388","productstyle-372"],"acf":[],"yoast_head":"<!-- This site is optimized with the Yoast SEO plugin v27.3 - https:\/\/yoast.com\/product\/yoast-seo-wordpress\/ -->\n<title>Randy Fenoli Feierlichkeit Carolyn | Koonings<\/title>\n<meta name=\"description\" content=\"Sehr sch\u00f6nes und elegantes Prinzessinnen-Brautkleid aus der aktuellen Kollektion &quot;Celebration&quot; von Randy Fenoli. Das Hochzeitskleid Carolyn hier ist schulterfrei und aus sch\u00f6nster Spitze und zauberhaftem T\u00fcll gefertigt. Das Hochzeitskleid hat lange \u00c4rmel und auf die Spitze des Brautkleides sind feinste Perlen aufgen\u00e4ht. Probieren Sie das Kleid bei Koonings an.\" \/>\n<meta name=\"robots\" content=\"index, follow, max-snippet:-1, max-image-preview:large, max-video-preview:-1\" \/>\n<link rel=\"canonical\" href=\"https:\/\/www.koonings.com\/de\/product\/randy-fenoli-celebration-carolyn\/\" \/>\n<meta property=\"og:locale\" content=\"de_DE\" \/>\n<meta property=\"og:type\" content=\"article\" \/>\n<meta property=\"og:title\" content=\"Randy Fenoli Feierlichkeit Carolyn | Koonings\" \/>\n<meta property=\"og:description\" content=\"Sehr sch\u00f6nes und elegantes Prinzessinnen-Brautkleid aus der aktuellen Kollektion &quot;Celebration&quot; von Randy Fenoli. Das Hochzeitskleid Carolyn hier ist schulterfrei und aus sch\u00f6nster Spitze und zauberhaftem T\u00fcll gefertigt. Das Hochzeitskleid hat lange \u00c4rmel und auf die Spitze des Brautkleides sind feinste Perlen aufgen\u00e4ht. Probieren Sie das Kleid bei Koonings an.\" \/>\n<meta property=\"og:url\" content=\"https:\/\/www.koonings.com\/de\/product\/randy-fenoli-celebration-carolyn\/\" \/>\n<meta property=\"og:site_name\" content=\"Koonings\" \/>\n<meta property=\"article:publisher\" content=\"https:\/\/www.facebook.com\/kooningstheweddingpalace\" \/>\n<meta property=\"og:image\" content=\"https:\/\/www.koonings.com\/wp-content\/uploads\/2024\/11\/35597_e84de2e22c8617375e2d87a571c19ee3c7a11f993b3000a90a956d9985c2c7da3c80cecc.jpeg\" \/>\n\t<meta property=\"og:image:width\" content=\"1696\" \/>\n\t<meta property=\"og:image:height\" content=\"2398\" \/>\n\t<meta property=\"og:image:type\" content=\"image\/jpeg\" \/>\n<meta name=\"twitter:card\" content=\"summary_large_image\" \/>\n<script type=\"application\/ld+json\" class=\"yoast-schema-graph\">{\"@context\":\"https:\\\/\\\/schema.org\",\"@graph\":[{\"@type\":\"WebPage\",\"@id\":\"https:\\\/\\\/www.koonings.com\\\/de\\\/product\\\/randy-fenoli-celebration-carolyn\\\/\",\"url\":\"https:\\\/\\\/www.koonings.com\\\/de\\\/product\\\/randy-fenoli-celebration-carolyn\\\/\",\"name\":\"Randy Fenoli Feierlichkeit Carolyn | Koonings\",\"isPartOf\":{\"@id\":\"https:\\\/\\\/www.koonings.com\\\/de\\\/#website\"},\"primaryImageOfPage\":{\"@id\":\"https:\\\/\\\/www.koonings.com\\\/de\\\/product\\\/randy-fenoli-celebration-carolyn\\\/#primaryimage\"},\"image\":{\"@id\":\"https:\\\/\\\/www.koonings.com\\\/de\\\/product\\\/randy-fenoli-celebration-carolyn\\\/#primaryimage\"},\"thumbnailUrl\":\"https:\\\/\\\/www.koonings.com\\\/wp-content\\\/uploads\\\/2024\\\/11\\\/35597_e84de2e22c8617375e2d87a571c19ee3c7a11f993b3000a90a956d9985c2c7da3c80cecc.jpeg\",\"datePublished\":\"2026-04-21T16:06:36+00:00\",\"description\":\"Sehr sch\u00f6nes und elegantes Prinzessinnen-Brautkleid aus der aktuellen Kollektion \\\"Celebration\\\" von Randy Fenoli. Das Hochzeitskleid Carolyn hier ist schulterfrei und aus sch\u00f6nster Spitze und zauberhaftem T\u00fcll gefertigt. Das Hochzeitskleid hat lange \u00c4rmel und auf die Spitze des Brautkleides sind feinste Perlen aufgen\u00e4ht. Probieren Sie das Kleid bei Koonings an.\",\"breadcrumb\":{\"@id\":\"https:\\\/\\\/www.koonings.com\\\/de\\\/product\\\/randy-fenoli-celebration-carolyn\\\/#breadcrumb\"},\"inLanguage\":\"de\",\"potentialAction\":[{\"@type\":\"ReadAction\",\"target\":[\"https:\\\/\\\/www.koonings.com\\\/de\\\/product\\\/randy-fenoli-celebration-carolyn\\\/\"]}]},{\"@type\":\"ImageObject\",\"inLanguage\":\"de\",\"@id\":\"https:\\\/\\\/www.koonings.com\\\/de\\\/product\\\/randy-fenoli-celebration-carolyn\\\/#primaryimage\",\"url\":\"https:\\\/\\\/www.koonings.com\\\/wp-content\\\/uploads\\\/2024\\\/11\\\/35597_e84de2e22c8617375e2d87a571c19ee3c7a11f993b3000a90a956d9985c2c7da3c80cecc.jpeg\",\"contentUrl\":\"https:\\\/\\\/www.koonings.com\\\/wp-content\\\/uploads\\\/2024\\\/11\\\/35597_e84de2e22c8617375e2d87a571c19ee3c7a11f993b3000a90a956d9985c2c7da3c80cecc.jpeg\",\"width\":1696,\"height\":2398},{\"@type\":\"BreadcrumbList\",\"@id\":\"https:\\\/\\\/www.koonings.com\\\/de\\\/product\\\/randy-fenoli-celebration-carolyn\\\/#breadcrumb\",\"itemListElement\":[{\"@type\":\"ListItem\",\"position\":1,\"name\":\"Home\",\"item\":\"https:\\\/\\\/www.koonings.com\\\/de\\\/\"},{\"@type\":\"ListItem\",\"position\":2,\"name\":\"Randy Fenoli Feierlichkeit Carolyn\"}]},{\"@type\":\"WebSite\",\"@id\":\"https:\\\/\\\/www.koonings.com\\\/de\\\/#website\",\"url\":\"https:\\\/\\\/www.koonings.com\\\/de\\\/\",\"name\":\"Koonings\",\"description\":\"De grootste bruidsmodewinkel ter wereld\",\"publisher\":{\"@id\":\"https:\\\/\\\/www.koonings.com\\\/de\\\/#organization\"},\"potentialAction\":[{\"@type\":\"SearchAction\",\"target\":{\"@type\":\"EntryPoint\",\"urlTemplate\":\"https:\\\/\\\/www.koonings.com\\\/de\\\/?s={search_term_string}\"},\"query-input\":{\"@type\":\"PropertyValueSpecification\",\"valueRequired\":true,\"valueName\":\"search_term_string\"}}],\"inLanguage\":\"de\"},{\"@type\":\"Organization\",\"@id\":\"https:\\\/\\\/www.koonings.com\\\/de\\\/#organization\",\"name\":\"Koonings\",\"url\":\"https:\\\/\\\/www.koonings.com\\\/de\\\/\",\"logo\":{\"@type\":\"ImageObject\",\"inLanguage\":\"de\",\"@id\":\"https:\\\/\\\/www.koonings.com\\\/de\\\/#\\\/schema\\\/logo\\\/image\\\/\",\"url\":\"https:\\\/\\\/www.koonings.com\\\/wp-content\\\/uploads\\\/2024\\\/07\\\/logo.png\",\"contentUrl\":\"https:\\\/\\\/www.koonings.com\\\/wp-content\\\/uploads\\\/2024\\\/07\\\/logo.png\",\"width\":600,\"height\":428,\"caption\":\"Koonings\"},\"image\":{\"@id\":\"https:\\\/\\\/www.koonings.com\\\/de\\\/#\\\/schema\\\/logo\\\/image\\\/\"},\"sameAs\":[\"https:\\\/\\\/www.facebook.com\\\/kooningstheweddingpalace\",\"https:\\\/\\\/www.instagram.com\\\/kooningstheweddingpalace\",\"https:\\\/\\\/www.pinterest.com\\\/koonings\",\"https:\\\/\\\/www.youtube.com\\\/kooningstheweddingpalace\"]}]}<\/script>\n<!-- \/ Yoast SEO plugin. -->","yoast_head_json":{"title":"Randy Fenoli Feierlichkeit Carolyn | Koonings","description":"Sehr sch\u00f6nes und elegantes Prinzessinnen-Brautkleid aus der aktuellen Kollektion \"Celebration\" von Randy Fenoli. Das Hochzeitskleid Carolyn hier ist schulterfrei und aus sch\u00f6nster Spitze und zauberhaftem T\u00fcll gefertigt. Das Hochzeitskleid hat lange \u00c4rmel und auf die Spitze des Brautkleides sind feinste Perlen aufgen\u00e4ht. Probieren Sie das Kleid bei Koonings an.","robots":{"index":"index","follow":"follow","max-snippet":"max-snippet:-1","max-image-preview":"max-image-preview:large","max-video-preview":"max-video-preview:-1"},"canonical":"https:\/\/www.koonings.com\/de\/product\/randy-fenoli-celebration-carolyn\/","og_locale":"de_DE","og_type":"article","og_title":"Randy Fenoli Feierlichkeit Carolyn | Koonings","og_description":"Sehr sch\u00f6nes und elegantes Prinzessinnen-Brautkleid aus der aktuellen Kollektion \"Celebration\" von Randy Fenoli. Das Hochzeitskleid Carolyn hier ist schulterfrei und aus sch\u00f6nster Spitze und zauberhaftem T\u00fcll gefertigt. Das Hochzeitskleid hat lange \u00c4rmel und auf die Spitze des Brautkleides sind feinste Perlen aufgen\u00e4ht. Probieren Sie das Kleid bei Koonings an.","og_url":"https:\/\/www.koonings.com\/de\/product\/randy-fenoli-celebration-carolyn\/","og_site_name":"Koonings","article_publisher":"https:\/\/www.facebook.com\/kooningstheweddingpalace","og_image":[{"width":1696,"height":2398,"url":"https:\/\/www.koonings.com\/wp-content\/uploads\/2024\/11\/35597_e84de2e22c8617375e2d87a571c19ee3c7a11f993b3000a90a956d9985c2c7da3c80cecc.jpeg","type":"image\/jpeg"}],"twitter_card":"summary_large_image","schema":{"@context":"https:\/\/schema.org","@graph":[{"@type":"WebPage","@id":"https:\/\/www.koonings.com\/de\/product\/randy-fenoli-celebration-carolyn\/","url":"https:\/\/www.koonings.com\/de\/product\/randy-fenoli-celebration-carolyn\/","name":"Randy Fenoli Feierlichkeit Carolyn | Koonings","isPartOf":{"@id":"https:\/\/www.koonings.com\/de\/#website"},"primaryImageOfPage":{"@id":"https:\/\/www.koonings.com\/de\/product\/randy-fenoli-celebration-carolyn\/#primaryimage"},"image":{"@id":"https:\/\/www.koonings.com\/de\/product\/randy-fenoli-celebration-carolyn\/#primaryimage"},"thumbnailUrl":"https:\/\/www.koonings.com\/wp-content\/uploads\/2024\/11\/35597_e84de2e22c8617375e2d87a571c19ee3c7a11f993b3000a90a956d9985c2c7da3c80cecc.jpeg","datePublished":"2026-04-21T16:06:36+00:00","description":"Sehr sch\u00f6nes und elegantes Prinzessinnen-Brautkleid aus der aktuellen Kollektion \"Celebration\" von Randy Fenoli. Das Hochzeitskleid Carolyn hier ist schulterfrei und aus sch\u00f6nster Spitze und zauberhaftem T\u00fcll gefertigt. Das Hochzeitskleid hat lange \u00c4rmel und auf die Spitze des Brautkleides sind feinste Perlen aufgen\u00e4ht. Probieren Sie das Kleid bei Koonings an.","breadcrumb":{"@id":"https:\/\/www.koonings.com\/de\/product\/randy-fenoli-celebration-carolyn\/#breadcrumb"},"inLanguage":"de","potentialAction":[{"@type":"ReadAction","target":["https:\/\/www.koonings.com\/de\/product\/randy-fenoli-celebration-carolyn\/"]}]},{"@type":"ImageObject","inLanguage":"de","@id":"https:\/\/www.koonings.com\/de\/product\/randy-fenoli-celebration-carolyn\/#primaryimage","url":"https:\/\/www.koonings.com\/wp-content\/uploads\/2024\/11\/35597_e84de2e22c8617375e2d87a571c19ee3c7a11f993b3000a90a956d9985c2c7da3c80cecc.jpeg","contentUrl":"https:\/\/www.koonings.com\/wp-content\/uploads\/2024\/11\/35597_e84de2e22c8617375e2d87a571c19ee3c7a11f993b3000a90a956d9985c2c7da3c80cecc.jpeg","width":1696,"height":2398},{"@type":"BreadcrumbList","@id":"https:\/\/www.koonings.com\/de\/product\/randy-fenoli-celebration-carolyn\/#breadcrumb","itemListElement":[{"@type":"ListItem","position":1,"name":"Home","item":"https:\/\/www.koonings.com\/de\/"},{"@type":"ListItem","position":2,"name":"Randy Fenoli Feierlichkeit Carolyn"}]},{"@type":"WebSite","@id":"https:\/\/www.koonings.com\/de\/#website","url":"https:\/\/www.koonings.com\/de\/","name":"Koonings","description":"De grootste bruidsmodewinkel ter wereld","publisher":{"@id":"https:\/\/www.koonings.com\/de\/#organization"},"potentialAction":[{"@type":"SearchAction","target":{"@type":"EntryPoint","urlTemplate":"https:\/\/www.koonings.com\/de\/?s={search_term_string}"},"query-input":{"@type":"PropertyValueSpecification","valueRequired":true,"valueName":"search_term_string"}}],"inLanguage":"de"},{"@type":"Organization","@id":"https:\/\/www.koonings.com\/de\/#organization","name":"Koonings","url":"https:\/\/www.koonings.com\/de\/","logo":{"@type":"ImageObject","inLanguage":"de","@id":"https:\/\/www.koonings.com\/de\/#\/schema\/logo\/image\/","url":"https:\/\/www.koonings.com\/wp-content\/uploads\/2024\/07\/logo.png","contentUrl":"https:\/\/www.koonings.com\/wp-content\/uploads\/2024\/07\/logo.png","width":600,"height":428,"caption":"Koonings"},"image":{"@id":"https:\/\/www.koonings.com\/de\/#\/schema\/logo\/image\/"},"sameAs":["https:\/\/www.facebook.com\/kooningstheweddingpalace","https:\/\/www.instagram.com\/kooningstheweddingpalace","https:\/\/www.pinterest.com\/koonings","https:\/\/www.youtube.com\/kooningstheweddingpalace"]}]}},"_links":{"self":[{"href":"https:\/\/www.koonings.com\/de\/wp-json\/wp\/v2\/product\/79689","targetHints":{"allow":["GET"]}}],"collection":[{"href":"https:\/\/www.koonings.com\/de\/wp-json\/wp\/v2\/product"}],"about":[{"href":"https:\/\/www.koonings.com\/de\/wp-json\/wp\/v2\/types\/product"}],"wp:featuredmedia":[{"embeddable":true,"href":"https:\/\/www.koonings.com\/de\/wp-json\/wp\/v2\/media\/72004"}],"wp:attachment":[{"href":"https:\/\/www.koonings.com\/de\/wp-json\/wp\/v2\/media?parent=79689"}],"wp:term":[{"taxonomy":"productdetails","embeddable":true,"href":"https:\/\/www.koonings.com\/de\/wp-json\/wp\/v2\/productdetails?post=79689"},{"taxonomy":"productneck","embeddable":true,"href":"https:\/\/www.koonings.com\/de\/wp-json\/wp\/v2\/productneck?post=79689"},{"taxonomy":"productcolor","embeddable":true,"href":"https:\/\/www.koonings.com\/de\/wp-json\/wp\/v2\/productcolor?post=79689"},{"taxonomy":"maat","embeddable":true,"href":"https:\/\/www.koonings.com\/de\/wp-json\/wp\/v2\/maat?post=79689"},{"taxonomy":"productsupplier","embeddable":true,"href":"https:\/\/www.koonings.com\/de\/wp-json\/wp\/v2\/productsupplier?post=79689"},{"taxonomy":"productsleeve","embeddable":true,"href":"https:\/\/www.koonings.com\/de\/wp-json\/wp\/v2\/productsleeve?post=79689"},{"taxonomy":"productcategory","embeddable":true,"href":"https:\/\/www.koonings.com\/de\/wp-json\/wp\/v2\/productcategory?post=79689"},{"taxonomy":"productsilhouette","embeddable":true,"href":"https:\/\/www.koonings.com\/de\/wp-json\/wp\/v2\/productsilhouette?post=79689"},{"taxonomy":"productstyle","embeddable":true,"href":"https:\/\/www.koonings.com\/de\/wp-json\/wp\/v2\/productstyle?post=79689"}],"curies":[{"name":"wp","href":"https:\/\/api.w.org\/{rel}","templated":true}]}}