{"id":79685,"date":"2026-04-28T18:06:28","date_gmt":"2026-04-28T16:06:28","guid":{"rendered":"https:\/\/www.koonings.com\/product\/randy-fenoli-celebration-cherish\/"},"modified":"2026-02-16T14:53:29","modified_gmt":"2026-02-16T13:53:29","slug":"randy-fenoli-celebration-cherish","status":"publish","type":"product","link":"https:\/\/www.koonings.com\/de\/product\/randy-fenoli-celebration-cherish\/","title":{"rendered":"Randy Fenoli Feierlichkeit Cherish"},"content":{"rendered":"<p>Was f\u00fcr ein sch\u00f6nes Kleid von Randy Fenoli. Sie werden zu diesem Kleid Ja sagen! Ein wundersch\u00f6nes Mieder aus Spitze, das in einen Rock aus Cr\u00eape \u00fcbergeht. Machen Sie dieses Hochzeitskleid mit der auff\u00e4lligen Schleppe zu etwas ganz Besonderem!   <\/p>\n","protected":false},"featured_media":72017,"template":"","meta":{"_acf_changed":false,"ghostkit_customizer_options":"","ghostkit_custom_css":"","ghostkit_custom_js_head":"","ghostkit_custom_js_foot":"","ghostkit_typography":""},"productdetails":[376],"productneck":[355],"productcolor":[392],"maat":[],"productsupplier":[488],"productsleeve":[359],"productcategory":[18],"productsilhouette":[387,390,391],"productstyle":[366],"class_list":["post-79685","product","type-product","status-publish","has-post-thumbnail","hentry","productdetails-376","productneck-355","productcolor-392","productsupplier-randy-fenoli-celebration","productsleeve-359","productcategory-trouwjurken","productsilhouette-387","productsilhouette-390","productsilhouette-391","productstyle-366"],"acf":[],"yoast_head":"<!-- This site is optimized with the Yoast SEO plugin v27.3 - https:\/\/yoast.com\/product\/yoast-seo-wordpress\/ -->\n<title>Randy Fenoli Feierlichkeit Cherish | Koonings<\/title>\n<meta name=\"description\" content=\"Was f\u00fcr ein sch\u00f6nes Kleid von Randy Fenoli. Sie werden zu diesem Kleid Ja sagen! Ein wundersch\u00f6nes Mieder aus Spitze, das in einen Rock aus Cr\u00eape \u00fcbergeht. Machen Sie dieses Hochzeitskleid mit der auff\u00e4lligen Schleppe zu etwas ganz Besonderem!\" \/>\n<meta name=\"robots\" content=\"index, follow, max-snippet:-1, max-image-preview:large, max-video-preview:-1\" \/>\n<link rel=\"canonical\" href=\"https:\/\/www.koonings.com\/de\/product\/randy-fenoli-celebration-cherish\/\" \/>\n<meta property=\"og:locale\" content=\"de_DE\" \/>\n<meta property=\"og:type\" content=\"article\" \/>\n<meta property=\"og:title\" content=\"Randy Fenoli Feierlichkeit Cherish | Koonings\" \/>\n<meta property=\"og:description\" content=\"Was f\u00fcr ein sch\u00f6nes Kleid von Randy Fenoli. Sie werden zu diesem Kleid Ja sagen! Ein wundersch\u00f6nes Mieder aus Spitze, das in einen Rock aus Cr\u00eape \u00fcbergeht. Machen Sie dieses Hochzeitskleid mit der auff\u00e4lligen Schleppe zu etwas ganz Besonderem!\" \/>\n<meta property=\"og:url\" content=\"https:\/\/www.koonings.com\/de\/product\/randy-fenoli-celebration-cherish\/\" \/>\n<meta property=\"og:site_name\" content=\"Koonings\" \/>\n<meta property=\"article:publisher\" content=\"https:\/\/www.facebook.com\/kooningstheweddingpalace\" \/>\n<meta property=\"og:image\" content=\"https:\/\/www.koonings.com\/wp-content\/uploads\/2024\/11\/35599_40d204f3d0e86663425e3045b2c86e2e439f32020ecb2e50dbe6c2f6e1b5c37714807eea.jpeg\" \/>\n\t<meta property=\"og:image:width\" content=\"300\" \/>\n\t<meta property=\"og:image:height\" content=\"450\" \/>\n\t<meta property=\"og:image:type\" content=\"image\/jpeg\" \/>\n<meta name=\"twitter:card\" content=\"summary_large_image\" \/>\n<script type=\"application\/ld+json\" class=\"yoast-schema-graph\">{\"@context\":\"https:\\\/\\\/schema.org\",\"@graph\":[{\"@type\":\"WebPage\",\"@id\":\"https:\\\/\\\/www.koonings.com\\\/de\\\/product\\\/randy-fenoli-celebration-cherish\\\/\",\"url\":\"https:\\\/\\\/www.koonings.com\\\/de\\\/product\\\/randy-fenoli-celebration-cherish\\\/\",\"name\":\"Randy Fenoli Feierlichkeit Cherish | Koonings\",\"isPartOf\":{\"@id\":\"https:\\\/\\\/www.koonings.com\\\/de\\\/#website\"},\"primaryImageOfPage\":{\"@id\":\"https:\\\/\\\/www.koonings.com\\\/de\\\/product\\\/randy-fenoli-celebration-cherish\\\/#primaryimage\"},\"image\":{\"@id\":\"https:\\\/\\\/www.koonings.com\\\/de\\\/product\\\/randy-fenoli-celebration-cherish\\\/#primaryimage\"},\"thumbnailUrl\":\"https:\\\/\\\/www.koonings.com\\\/wp-content\\\/uploads\\\/2024\\\/11\\\/35599_40d204f3d0e86663425e3045b2c86e2e439f32020ecb2e50dbe6c2f6e1b5c37714807eea.jpeg\",\"datePublished\":\"2026-04-28T16:06:28+00:00\",\"description\":\"Was f\u00fcr ein sch\u00f6nes Kleid von Randy Fenoli. Sie werden zu diesem Kleid Ja sagen! Ein wundersch\u00f6nes Mieder aus Spitze, das in einen Rock aus Cr\u00eape \u00fcbergeht. Machen Sie dieses Hochzeitskleid mit der auff\u00e4lligen Schleppe zu etwas ganz Besonderem!\",\"breadcrumb\":{\"@id\":\"https:\\\/\\\/www.koonings.com\\\/de\\\/product\\\/randy-fenoli-celebration-cherish\\\/#breadcrumb\"},\"inLanguage\":\"de\",\"potentialAction\":[{\"@type\":\"ReadAction\",\"target\":[\"https:\\\/\\\/www.koonings.com\\\/de\\\/product\\\/randy-fenoli-celebration-cherish\\\/\"]}]},{\"@type\":\"ImageObject\",\"inLanguage\":\"de\",\"@id\":\"https:\\\/\\\/www.koonings.com\\\/de\\\/product\\\/randy-fenoli-celebration-cherish\\\/#primaryimage\",\"url\":\"https:\\\/\\\/www.koonings.com\\\/wp-content\\\/uploads\\\/2024\\\/11\\\/35599_40d204f3d0e86663425e3045b2c86e2e439f32020ecb2e50dbe6c2f6e1b5c37714807eea.jpeg\",\"contentUrl\":\"https:\\\/\\\/www.koonings.com\\\/wp-content\\\/uploads\\\/2024\\\/11\\\/35599_40d204f3d0e86663425e3045b2c86e2e439f32020ecb2e50dbe6c2f6e1b5c37714807eea.jpeg\",\"width\":300,\"height\":450},{\"@type\":\"BreadcrumbList\",\"@id\":\"https:\\\/\\\/www.koonings.com\\\/de\\\/product\\\/randy-fenoli-celebration-cherish\\\/#breadcrumb\",\"itemListElement\":[{\"@type\":\"ListItem\",\"position\":1,\"name\":\"Home\",\"item\":\"https:\\\/\\\/www.koonings.com\\\/de\\\/\"},{\"@type\":\"ListItem\",\"position\":2,\"name\":\"Randy Fenoli Feierlichkeit Cherish\"}]},{\"@type\":\"WebSite\",\"@id\":\"https:\\\/\\\/www.koonings.com\\\/de\\\/#website\",\"url\":\"https:\\\/\\\/www.koonings.com\\\/de\\\/\",\"name\":\"Koonings\",\"description\":\"De grootste bruidsmodewinkel ter wereld\",\"publisher\":{\"@id\":\"https:\\\/\\\/www.koonings.com\\\/de\\\/#organization\"},\"potentialAction\":[{\"@type\":\"SearchAction\",\"target\":{\"@type\":\"EntryPoint\",\"urlTemplate\":\"https:\\\/\\\/www.koonings.com\\\/de\\\/?s={search_term_string}\"},\"query-input\":{\"@type\":\"PropertyValueSpecification\",\"valueRequired\":true,\"valueName\":\"search_term_string\"}}],\"inLanguage\":\"de\"},{\"@type\":\"Organization\",\"@id\":\"https:\\\/\\\/www.koonings.com\\\/de\\\/#organization\",\"name\":\"Koonings\",\"url\":\"https:\\\/\\\/www.koonings.com\\\/de\\\/\",\"logo\":{\"@type\":\"ImageObject\",\"inLanguage\":\"de\",\"@id\":\"https:\\\/\\\/www.koonings.com\\\/de\\\/#\\\/schema\\\/logo\\\/image\\\/\",\"url\":\"https:\\\/\\\/www.koonings.com\\\/wp-content\\\/uploads\\\/2024\\\/07\\\/logo.png\",\"contentUrl\":\"https:\\\/\\\/www.koonings.com\\\/wp-content\\\/uploads\\\/2024\\\/07\\\/logo.png\",\"width\":600,\"height\":428,\"caption\":\"Koonings\"},\"image\":{\"@id\":\"https:\\\/\\\/www.koonings.com\\\/de\\\/#\\\/schema\\\/logo\\\/image\\\/\"},\"sameAs\":[\"https:\\\/\\\/www.facebook.com\\\/kooningstheweddingpalace\",\"https:\\\/\\\/www.instagram.com\\\/kooningstheweddingpalace\",\"https:\\\/\\\/www.pinterest.com\\\/koonings\",\"https:\\\/\\\/www.youtube.com\\\/kooningstheweddingpalace\"]}]}<\/script>\n<!-- \/ Yoast SEO plugin. -->","yoast_head_json":{"title":"Randy Fenoli Feierlichkeit Cherish | Koonings","description":"Was f\u00fcr ein sch\u00f6nes Kleid von Randy Fenoli. Sie werden zu diesem Kleid Ja sagen! Ein wundersch\u00f6nes Mieder aus Spitze, das in einen Rock aus Cr\u00eape \u00fcbergeht. Machen Sie dieses Hochzeitskleid mit der auff\u00e4lligen Schleppe zu etwas ganz Besonderem!","robots":{"index":"index","follow":"follow","max-snippet":"max-snippet:-1","max-image-preview":"max-image-preview:large","max-video-preview":"max-video-preview:-1"},"canonical":"https:\/\/www.koonings.com\/de\/product\/randy-fenoli-celebration-cherish\/","og_locale":"de_DE","og_type":"article","og_title":"Randy Fenoli Feierlichkeit Cherish | Koonings","og_description":"Was f\u00fcr ein sch\u00f6nes Kleid von Randy Fenoli. Sie werden zu diesem Kleid Ja sagen! Ein wundersch\u00f6nes Mieder aus Spitze, das in einen Rock aus Cr\u00eape \u00fcbergeht. Machen Sie dieses Hochzeitskleid mit der auff\u00e4lligen Schleppe zu etwas ganz Besonderem!","og_url":"https:\/\/www.koonings.com\/de\/product\/randy-fenoli-celebration-cherish\/","og_site_name":"Koonings","article_publisher":"https:\/\/www.facebook.com\/kooningstheweddingpalace","og_image":[{"width":300,"height":450,"url":"https:\/\/www.koonings.com\/wp-content\/uploads\/2024\/11\/35599_40d204f3d0e86663425e3045b2c86e2e439f32020ecb2e50dbe6c2f6e1b5c37714807eea.jpeg","type":"image\/jpeg"}],"twitter_card":"summary_large_image","schema":{"@context":"https:\/\/schema.org","@graph":[{"@type":"WebPage","@id":"https:\/\/www.koonings.com\/de\/product\/randy-fenoli-celebration-cherish\/","url":"https:\/\/www.koonings.com\/de\/product\/randy-fenoli-celebration-cherish\/","name":"Randy Fenoli Feierlichkeit Cherish | Koonings","isPartOf":{"@id":"https:\/\/www.koonings.com\/de\/#website"},"primaryImageOfPage":{"@id":"https:\/\/www.koonings.com\/de\/product\/randy-fenoli-celebration-cherish\/#primaryimage"},"image":{"@id":"https:\/\/www.koonings.com\/de\/product\/randy-fenoli-celebration-cherish\/#primaryimage"},"thumbnailUrl":"https:\/\/www.koonings.com\/wp-content\/uploads\/2024\/11\/35599_40d204f3d0e86663425e3045b2c86e2e439f32020ecb2e50dbe6c2f6e1b5c37714807eea.jpeg","datePublished":"2026-04-28T16:06:28+00:00","description":"Was f\u00fcr ein sch\u00f6nes Kleid von Randy Fenoli. Sie werden zu diesem Kleid Ja sagen! Ein wundersch\u00f6nes Mieder aus Spitze, das in einen Rock aus Cr\u00eape \u00fcbergeht. Machen Sie dieses Hochzeitskleid mit der auff\u00e4lligen Schleppe zu etwas ganz Besonderem!","breadcrumb":{"@id":"https:\/\/www.koonings.com\/de\/product\/randy-fenoli-celebration-cherish\/#breadcrumb"},"inLanguage":"de","potentialAction":[{"@type":"ReadAction","target":["https:\/\/www.koonings.com\/de\/product\/randy-fenoli-celebration-cherish\/"]}]},{"@type":"ImageObject","inLanguage":"de","@id":"https:\/\/www.koonings.com\/de\/product\/randy-fenoli-celebration-cherish\/#primaryimage","url":"https:\/\/www.koonings.com\/wp-content\/uploads\/2024\/11\/35599_40d204f3d0e86663425e3045b2c86e2e439f32020ecb2e50dbe6c2f6e1b5c37714807eea.jpeg","contentUrl":"https:\/\/www.koonings.com\/wp-content\/uploads\/2024\/11\/35599_40d204f3d0e86663425e3045b2c86e2e439f32020ecb2e50dbe6c2f6e1b5c37714807eea.jpeg","width":300,"height":450},{"@type":"BreadcrumbList","@id":"https:\/\/www.koonings.com\/de\/product\/randy-fenoli-celebration-cherish\/#breadcrumb","itemListElement":[{"@type":"ListItem","position":1,"name":"Home","item":"https:\/\/www.koonings.com\/de\/"},{"@type":"ListItem","position":2,"name":"Randy Fenoli Feierlichkeit Cherish"}]},{"@type":"WebSite","@id":"https:\/\/www.koonings.com\/de\/#website","url":"https:\/\/www.koonings.com\/de\/","name":"Koonings","description":"De grootste bruidsmodewinkel ter wereld","publisher":{"@id":"https:\/\/www.koonings.com\/de\/#organization"},"potentialAction":[{"@type":"SearchAction","target":{"@type":"EntryPoint","urlTemplate":"https:\/\/www.koonings.com\/de\/?s={search_term_string}"},"query-input":{"@type":"PropertyValueSpecification","valueRequired":true,"valueName":"search_term_string"}}],"inLanguage":"de"},{"@type":"Organization","@id":"https:\/\/www.koonings.com\/de\/#organization","name":"Koonings","url":"https:\/\/www.koonings.com\/de\/","logo":{"@type":"ImageObject","inLanguage":"de","@id":"https:\/\/www.koonings.com\/de\/#\/schema\/logo\/image\/","url":"https:\/\/www.koonings.com\/wp-content\/uploads\/2024\/07\/logo.png","contentUrl":"https:\/\/www.koonings.com\/wp-content\/uploads\/2024\/07\/logo.png","width":600,"height":428,"caption":"Koonings"},"image":{"@id":"https:\/\/www.koonings.com\/de\/#\/schema\/logo\/image\/"},"sameAs":["https:\/\/www.facebook.com\/kooningstheweddingpalace","https:\/\/www.instagram.com\/kooningstheweddingpalace","https:\/\/www.pinterest.com\/koonings","https:\/\/www.youtube.com\/kooningstheweddingpalace"]}]}},"_links":{"self":[{"href":"https:\/\/www.koonings.com\/de\/wp-json\/wp\/v2\/product\/79685","targetHints":{"allow":["GET"]}}],"collection":[{"href":"https:\/\/www.koonings.com\/de\/wp-json\/wp\/v2\/product"}],"about":[{"href":"https:\/\/www.koonings.com\/de\/wp-json\/wp\/v2\/types\/product"}],"wp:featuredmedia":[{"embeddable":true,"href":"https:\/\/www.koonings.com\/de\/wp-json\/wp\/v2\/media\/72017"}],"wp:attachment":[{"href":"https:\/\/www.koonings.com\/de\/wp-json\/wp\/v2\/media?parent=79685"}],"wp:term":[{"taxonomy":"productdetails","embeddable":true,"href":"https:\/\/www.koonings.com\/de\/wp-json\/wp\/v2\/productdetails?post=79685"},{"taxonomy":"productneck","embeddable":true,"href":"https:\/\/www.koonings.com\/de\/wp-json\/wp\/v2\/productneck?post=79685"},{"taxonomy":"productcolor","embeddable":true,"href":"https:\/\/www.koonings.com\/de\/wp-json\/wp\/v2\/productcolor?post=79685"},{"taxonomy":"maat","embeddable":true,"href":"https:\/\/www.koonings.com\/de\/wp-json\/wp\/v2\/maat?post=79685"},{"taxonomy":"productsupplier","embeddable":true,"href":"https:\/\/www.koonings.com\/de\/wp-json\/wp\/v2\/productsupplier?post=79685"},{"taxonomy":"productsleeve","embeddable":true,"href":"https:\/\/www.koonings.com\/de\/wp-json\/wp\/v2\/productsleeve?post=79685"},{"taxonomy":"productcategory","embeddable":true,"href":"https:\/\/www.koonings.com\/de\/wp-json\/wp\/v2\/productcategory?post=79685"},{"taxonomy":"productsilhouette","embeddable":true,"href":"https:\/\/www.koonings.com\/de\/wp-json\/wp\/v2\/productsilhouette?post=79685"},{"taxonomy":"productstyle","embeddable":true,"href":"https:\/\/www.koonings.com\/de\/wp-json\/wp\/v2\/productstyle?post=79685"}],"curies":[{"name":"wp","href":"https:\/\/api.w.org\/{rel}","templated":true}]}}