{"id":79680,"date":"2026-04-14T16:06:47","date_gmt":"2026-04-14T14:06:47","guid":{"rendered":"https:\/\/www.koonings.com\/product\/enzoani-portrait-athnas\/"},"modified":"2026-02-16T14:53:31","modified_gmt":"2026-02-16T13:53:31","slug":"enzoani-portrait-athnas","status":"publish","type":"product","link":"https:\/\/www.koonings.com\/de\/product\/enzoani-portrait-athnas\/","title":{"rendered":"Enzoani Portrait Ath\u00c3\u00a9na\u00c3\u00afs"},"content":{"rendered":"<p>Mit einem vollst\u00e4ndig gef\u00fctterten Mieder und einer hochwertigen Innenkonstruktion f\u00fcr zus\u00e4tzlichen Halt bietet diese Sch\u00f6nheit au\u00dferdem figurbetonte, florale Barockspitze, die leicht mit Mini-Pailletten bestickt ist, die dezent \u00fcber zarten Lagen aus weichem Tulle Fran\u00e7ais und franz\u00f6sischer Chantilly-Spitze funkeln. Die florale Barockspitze geht in eine dramatische, geschwungene Schleppe \u00fcber und vervollst\u00e4ndigt diesen atemberaubenden Look. Abgerundet wird der Look durch zarte, abnehmbare, drapierte \u00c4rmel aus weichem Tulle Fran\u00e7ais, die schulterfrei sind.  <\/p>\n","protected":false},"featured_media":72022,"template":"","meta":{"_acf_changed":false,"ghostkit_customizer_options":"","ghostkit_custom_css":"","ghostkit_custom_js_head":"","ghostkit_custom_js_foot":"","ghostkit_typography":""},"productdetails":[376,381],"productneck":[355],"productcolor":[393,392],"maat":[375],"productsupplier":[460],"productsleeve":[363],"productcategory":[18],"productsilhouette":[387],"productstyle":[366],"class_list":["post-79680","product","type-product","status-publish","has-post-thumbnail","hentry","productdetails-376","productdetails-381","productneck-355","productcolor-393","productcolor-392","maat-375","productsupplier-enzoani-portrait","productsleeve-363","productcategory-trouwjurken","productsilhouette-387","productstyle-366"],"acf":[],"yoast_head":"<!-- This site is optimized with the Yoast SEO plugin v27.3 - https:\/\/yoast.com\/product\/yoast-seo-wordpress\/ -->\n<title>Enzoani Portrait Ath\u00c3\u00a9na\u00c3\u00afs | Koonings<\/title>\n<meta name=\"description\" content=\"Mit einem vollst\u00e4ndig gef\u00fctterten Mieder und einer hochwertigen Innenkonstruktion f\u00fcr zus\u00e4tzlichen Halt bietet diese Sch\u00f6nheit au\u00dferdem figurbetonte, florale Barockspitze, die leicht mit Mini-Pailletten bestickt ist, die dezent \u00fcber zarten Lagen aus weichem Tulle Fran\u00e7ais und franz\u00f6sischer Chantilly-Spitze funkeln. Die florale Barockspitze geht in eine dramatische, geschwungene Schleppe \u00fcber und vervollst\u00e4ndigt diesen atemberaubenden Look. Abgerundet wird der Look durch zarte, abnehmbare, drapierte \u00c4rmel aus weichem Tulle Fran\u00e7ais, die schulterfrei sind.\" \/>\n<meta name=\"robots\" content=\"index, follow, max-snippet:-1, max-image-preview:large, max-video-preview:-1\" \/>\n<link rel=\"canonical\" href=\"https:\/\/www.koonings.com\/de\/product\/enzoani-portrait-athnas\/\" \/>\n<meta property=\"og:locale\" content=\"de_DE\" \/>\n<meta property=\"og:type\" content=\"article\" \/>\n<meta property=\"og:title\" content=\"Enzoani Portrait Ath\u00c3\u00a9na\u00c3\u00afs | Koonings\" \/>\n<meta property=\"og:description\" content=\"Mit einem vollst\u00e4ndig gef\u00fctterten Mieder und einer hochwertigen Innenkonstruktion f\u00fcr zus\u00e4tzlichen Halt bietet diese Sch\u00f6nheit au\u00dferdem figurbetonte, florale Barockspitze, die leicht mit Mini-Pailletten bestickt ist, die dezent \u00fcber zarten Lagen aus weichem Tulle Fran\u00e7ais und franz\u00f6sischer Chantilly-Spitze funkeln. Die florale Barockspitze geht in eine dramatische, geschwungene Schleppe \u00fcber und vervollst\u00e4ndigt diesen atemberaubenden Look. Abgerundet wird der Look durch zarte, abnehmbare, drapierte \u00c4rmel aus weichem Tulle Fran\u00e7ais, die schulterfrei sind.\" \/>\n<meta property=\"og:url\" content=\"https:\/\/www.koonings.com\/de\/product\/enzoani-portrait-athnas\/\" \/>\n<meta property=\"og:site_name\" content=\"Koonings\" \/>\n<meta property=\"article:publisher\" content=\"https:\/\/www.facebook.com\/kooningstheweddingpalace\" \/>\n<meta property=\"og:image\" content=\"https:\/\/www.koonings.com\/wp-content\/uploads\/2024\/11\/35624_899fe04981d286ccdcf7cadc06e5b97cfa252828f1389363320e5bf376f7888a888b6937.jpeg\" \/>\n\t<meta property=\"og:image:width\" content=\"1064\" \/>\n\t<meta property=\"og:image:height\" content=\"1418\" \/>\n\t<meta property=\"og:image:type\" content=\"image\/jpeg\" \/>\n<meta name=\"twitter:card\" content=\"summary_large_image\" \/>\n<script type=\"application\/ld+json\" class=\"yoast-schema-graph\">{\"@context\":\"https:\\\/\\\/schema.org\",\"@graph\":[{\"@type\":\"WebPage\",\"@id\":\"https:\\\/\\\/www.koonings.com\\\/de\\\/product\\\/enzoani-portrait-athnas\\\/\",\"url\":\"https:\\\/\\\/www.koonings.com\\\/de\\\/product\\\/enzoani-portrait-athnas\\\/\",\"name\":\"Enzoani Portrait Ath\u00c3\u00a9na\u00c3\u00afs | Koonings\",\"isPartOf\":{\"@id\":\"https:\\\/\\\/www.koonings.com\\\/de\\\/#website\"},\"primaryImageOfPage\":{\"@id\":\"https:\\\/\\\/www.koonings.com\\\/de\\\/product\\\/enzoani-portrait-athnas\\\/#primaryimage\"},\"image\":{\"@id\":\"https:\\\/\\\/www.koonings.com\\\/de\\\/product\\\/enzoani-portrait-athnas\\\/#primaryimage\"},\"thumbnailUrl\":\"https:\\\/\\\/www.koonings.com\\\/wp-content\\\/uploads\\\/2024\\\/11\\\/35624_899fe04981d286ccdcf7cadc06e5b97cfa252828f1389363320e5bf376f7888a888b6937.jpeg\",\"datePublished\":\"2026-04-14T14:06:47+00:00\",\"description\":\"Mit einem vollst\u00e4ndig gef\u00fctterten Mieder und einer hochwertigen Innenkonstruktion f\u00fcr zus\u00e4tzlichen Halt bietet diese Sch\u00f6nheit au\u00dferdem figurbetonte, florale Barockspitze, die leicht mit Mini-Pailletten bestickt ist, die dezent \u00fcber zarten Lagen aus weichem Tulle Fran\u00e7ais und franz\u00f6sischer Chantilly-Spitze funkeln. Die florale Barockspitze geht in eine dramatische, geschwungene Schleppe \u00fcber und vervollst\u00e4ndigt diesen atemberaubenden Look. Abgerundet wird der Look durch zarte, abnehmbare, drapierte \u00c4rmel aus weichem Tulle Fran\u00e7ais, die schulterfrei sind.\",\"breadcrumb\":{\"@id\":\"https:\\\/\\\/www.koonings.com\\\/de\\\/product\\\/enzoani-portrait-athnas\\\/#breadcrumb\"},\"inLanguage\":\"de\",\"potentialAction\":[{\"@type\":\"ReadAction\",\"target\":[\"https:\\\/\\\/www.koonings.com\\\/de\\\/product\\\/enzoani-portrait-athnas\\\/\"]}]},{\"@type\":\"ImageObject\",\"inLanguage\":\"de\",\"@id\":\"https:\\\/\\\/www.koonings.com\\\/de\\\/product\\\/enzoani-portrait-athnas\\\/#primaryimage\",\"url\":\"https:\\\/\\\/www.koonings.com\\\/wp-content\\\/uploads\\\/2024\\\/11\\\/35624_899fe04981d286ccdcf7cadc06e5b97cfa252828f1389363320e5bf376f7888a888b6937.jpeg\",\"contentUrl\":\"https:\\\/\\\/www.koonings.com\\\/wp-content\\\/uploads\\\/2024\\\/11\\\/35624_899fe04981d286ccdcf7cadc06e5b97cfa252828f1389363320e5bf376f7888a888b6937.jpeg\",\"width\":1064,\"height\":1418},{\"@type\":\"BreadcrumbList\",\"@id\":\"https:\\\/\\\/www.koonings.com\\\/de\\\/product\\\/enzoani-portrait-athnas\\\/#breadcrumb\",\"itemListElement\":[{\"@type\":\"ListItem\",\"position\":1,\"name\":\"Home\",\"item\":\"https:\\\/\\\/www.koonings.com\\\/de\\\/\"},{\"@type\":\"ListItem\",\"position\":2,\"name\":\"Enzoani Portrait Ath\u00c3\u00a9na\u00c3\u00afs\"}]},{\"@type\":\"WebSite\",\"@id\":\"https:\\\/\\\/www.koonings.com\\\/de\\\/#website\",\"url\":\"https:\\\/\\\/www.koonings.com\\\/de\\\/\",\"name\":\"Koonings\",\"description\":\"De grootste bruidsmodewinkel ter wereld\",\"publisher\":{\"@id\":\"https:\\\/\\\/www.koonings.com\\\/de\\\/#organization\"},\"potentialAction\":[{\"@type\":\"SearchAction\",\"target\":{\"@type\":\"EntryPoint\",\"urlTemplate\":\"https:\\\/\\\/www.koonings.com\\\/de\\\/?s={search_term_string}\"},\"query-input\":{\"@type\":\"PropertyValueSpecification\",\"valueRequired\":true,\"valueName\":\"search_term_string\"}}],\"inLanguage\":\"de\"},{\"@type\":\"Organization\",\"@id\":\"https:\\\/\\\/www.koonings.com\\\/de\\\/#organization\",\"name\":\"Koonings\",\"url\":\"https:\\\/\\\/www.koonings.com\\\/de\\\/\",\"logo\":{\"@type\":\"ImageObject\",\"inLanguage\":\"de\",\"@id\":\"https:\\\/\\\/www.koonings.com\\\/de\\\/#\\\/schema\\\/logo\\\/image\\\/\",\"url\":\"https:\\\/\\\/www.koonings.com\\\/wp-content\\\/uploads\\\/2024\\\/07\\\/logo.png\",\"contentUrl\":\"https:\\\/\\\/www.koonings.com\\\/wp-content\\\/uploads\\\/2024\\\/07\\\/logo.png\",\"width\":600,\"height\":428,\"caption\":\"Koonings\"},\"image\":{\"@id\":\"https:\\\/\\\/www.koonings.com\\\/de\\\/#\\\/schema\\\/logo\\\/image\\\/\"},\"sameAs\":[\"https:\\\/\\\/www.facebook.com\\\/kooningstheweddingpalace\",\"https:\\\/\\\/www.instagram.com\\\/kooningstheweddingpalace\",\"https:\\\/\\\/www.pinterest.com\\\/koonings\",\"https:\\\/\\\/www.youtube.com\\\/kooningstheweddingpalace\"]}]}<\/script>\n<!-- \/ Yoast SEO plugin. -->","yoast_head_json":{"title":"Enzoani Portrait Ath\u00c3\u00a9na\u00c3\u00afs | Koonings","description":"Mit einem vollst\u00e4ndig gef\u00fctterten Mieder und einer hochwertigen Innenkonstruktion f\u00fcr zus\u00e4tzlichen Halt bietet diese Sch\u00f6nheit au\u00dferdem figurbetonte, florale Barockspitze, die leicht mit Mini-Pailletten bestickt ist, die dezent \u00fcber zarten Lagen aus weichem Tulle Fran\u00e7ais und franz\u00f6sischer Chantilly-Spitze funkeln. Die florale Barockspitze geht in eine dramatische, geschwungene Schleppe \u00fcber und vervollst\u00e4ndigt diesen atemberaubenden Look. Abgerundet wird der Look durch zarte, abnehmbare, drapierte \u00c4rmel aus weichem Tulle Fran\u00e7ais, die schulterfrei sind.","robots":{"index":"index","follow":"follow","max-snippet":"max-snippet:-1","max-image-preview":"max-image-preview:large","max-video-preview":"max-video-preview:-1"},"canonical":"https:\/\/www.koonings.com\/de\/product\/enzoani-portrait-athnas\/","og_locale":"de_DE","og_type":"article","og_title":"Enzoani Portrait Ath\u00c3\u00a9na\u00c3\u00afs | Koonings","og_description":"Mit einem vollst\u00e4ndig gef\u00fctterten Mieder und einer hochwertigen Innenkonstruktion f\u00fcr zus\u00e4tzlichen Halt bietet diese Sch\u00f6nheit au\u00dferdem figurbetonte, florale Barockspitze, die leicht mit Mini-Pailletten bestickt ist, die dezent \u00fcber zarten Lagen aus weichem Tulle Fran\u00e7ais und franz\u00f6sischer Chantilly-Spitze funkeln. Die florale Barockspitze geht in eine dramatische, geschwungene Schleppe \u00fcber und vervollst\u00e4ndigt diesen atemberaubenden Look. Abgerundet wird der Look durch zarte, abnehmbare, drapierte \u00c4rmel aus weichem Tulle Fran\u00e7ais, die schulterfrei sind.","og_url":"https:\/\/www.koonings.com\/de\/product\/enzoani-portrait-athnas\/","og_site_name":"Koonings","article_publisher":"https:\/\/www.facebook.com\/kooningstheweddingpalace","og_image":[{"width":1064,"height":1418,"url":"https:\/\/www.koonings.com\/wp-content\/uploads\/2024\/11\/35624_899fe04981d286ccdcf7cadc06e5b97cfa252828f1389363320e5bf376f7888a888b6937.jpeg","type":"image\/jpeg"}],"twitter_card":"summary_large_image","schema":{"@context":"https:\/\/schema.org","@graph":[{"@type":"WebPage","@id":"https:\/\/www.koonings.com\/de\/product\/enzoani-portrait-athnas\/","url":"https:\/\/www.koonings.com\/de\/product\/enzoani-portrait-athnas\/","name":"Enzoani Portrait Ath\u00c3\u00a9na\u00c3\u00afs | Koonings","isPartOf":{"@id":"https:\/\/www.koonings.com\/de\/#website"},"primaryImageOfPage":{"@id":"https:\/\/www.koonings.com\/de\/product\/enzoani-portrait-athnas\/#primaryimage"},"image":{"@id":"https:\/\/www.koonings.com\/de\/product\/enzoani-portrait-athnas\/#primaryimage"},"thumbnailUrl":"https:\/\/www.koonings.com\/wp-content\/uploads\/2024\/11\/35624_899fe04981d286ccdcf7cadc06e5b97cfa252828f1389363320e5bf376f7888a888b6937.jpeg","datePublished":"2026-04-14T14:06:47+00:00","description":"Mit einem vollst\u00e4ndig gef\u00fctterten Mieder und einer hochwertigen Innenkonstruktion f\u00fcr zus\u00e4tzlichen Halt bietet diese Sch\u00f6nheit au\u00dferdem figurbetonte, florale Barockspitze, die leicht mit Mini-Pailletten bestickt ist, die dezent \u00fcber zarten Lagen aus weichem Tulle Fran\u00e7ais und franz\u00f6sischer Chantilly-Spitze funkeln. Die florale Barockspitze geht in eine dramatische, geschwungene Schleppe \u00fcber und vervollst\u00e4ndigt diesen atemberaubenden Look. Abgerundet wird der Look durch zarte, abnehmbare, drapierte \u00c4rmel aus weichem Tulle Fran\u00e7ais, die schulterfrei sind.","breadcrumb":{"@id":"https:\/\/www.koonings.com\/de\/product\/enzoani-portrait-athnas\/#breadcrumb"},"inLanguage":"de","potentialAction":[{"@type":"ReadAction","target":["https:\/\/www.koonings.com\/de\/product\/enzoani-portrait-athnas\/"]}]},{"@type":"ImageObject","inLanguage":"de","@id":"https:\/\/www.koonings.com\/de\/product\/enzoani-portrait-athnas\/#primaryimage","url":"https:\/\/www.koonings.com\/wp-content\/uploads\/2024\/11\/35624_899fe04981d286ccdcf7cadc06e5b97cfa252828f1389363320e5bf376f7888a888b6937.jpeg","contentUrl":"https:\/\/www.koonings.com\/wp-content\/uploads\/2024\/11\/35624_899fe04981d286ccdcf7cadc06e5b97cfa252828f1389363320e5bf376f7888a888b6937.jpeg","width":1064,"height":1418},{"@type":"BreadcrumbList","@id":"https:\/\/www.koonings.com\/de\/product\/enzoani-portrait-athnas\/#breadcrumb","itemListElement":[{"@type":"ListItem","position":1,"name":"Home","item":"https:\/\/www.koonings.com\/de\/"},{"@type":"ListItem","position":2,"name":"Enzoani Portrait Ath\u00c3\u00a9na\u00c3\u00afs"}]},{"@type":"WebSite","@id":"https:\/\/www.koonings.com\/de\/#website","url":"https:\/\/www.koonings.com\/de\/","name":"Koonings","description":"De grootste bruidsmodewinkel ter wereld","publisher":{"@id":"https:\/\/www.koonings.com\/de\/#organization"},"potentialAction":[{"@type":"SearchAction","target":{"@type":"EntryPoint","urlTemplate":"https:\/\/www.koonings.com\/de\/?s={search_term_string}"},"query-input":{"@type":"PropertyValueSpecification","valueRequired":true,"valueName":"search_term_string"}}],"inLanguage":"de"},{"@type":"Organization","@id":"https:\/\/www.koonings.com\/de\/#organization","name":"Koonings","url":"https:\/\/www.koonings.com\/de\/","logo":{"@type":"ImageObject","inLanguage":"de","@id":"https:\/\/www.koonings.com\/de\/#\/schema\/logo\/image\/","url":"https:\/\/www.koonings.com\/wp-content\/uploads\/2024\/07\/logo.png","contentUrl":"https:\/\/www.koonings.com\/wp-content\/uploads\/2024\/07\/logo.png","width":600,"height":428,"caption":"Koonings"},"image":{"@id":"https:\/\/www.koonings.com\/de\/#\/schema\/logo\/image\/"},"sameAs":["https:\/\/www.facebook.com\/kooningstheweddingpalace","https:\/\/www.instagram.com\/kooningstheweddingpalace","https:\/\/www.pinterest.com\/koonings","https:\/\/www.youtube.com\/kooningstheweddingpalace"]}]}},"_links":{"self":[{"href":"https:\/\/www.koonings.com\/de\/wp-json\/wp\/v2\/product\/79680","targetHints":{"allow":["GET"]}}],"collection":[{"href":"https:\/\/www.koonings.com\/de\/wp-json\/wp\/v2\/product"}],"about":[{"href":"https:\/\/www.koonings.com\/de\/wp-json\/wp\/v2\/types\/product"}],"wp:featuredmedia":[{"embeddable":true,"href":"https:\/\/www.koonings.com\/de\/wp-json\/wp\/v2\/media\/72022"}],"wp:attachment":[{"href":"https:\/\/www.koonings.com\/de\/wp-json\/wp\/v2\/media?parent=79680"}],"wp:term":[{"taxonomy":"productdetails","embeddable":true,"href":"https:\/\/www.koonings.com\/de\/wp-json\/wp\/v2\/productdetails?post=79680"},{"taxonomy":"productneck","embeddable":true,"href":"https:\/\/www.koonings.com\/de\/wp-json\/wp\/v2\/productneck?post=79680"},{"taxonomy":"productcolor","embeddable":true,"href":"https:\/\/www.koonings.com\/de\/wp-json\/wp\/v2\/productcolor?post=79680"},{"taxonomy":"maat","embeddable":true,"href":"https:\/\/www.koonings.com\/de\/wp-json\/wp\/v2\/maat?post=79680"},{"taxonomy":"productsupplier","embeddable":true,"href":"https:\/\/www.koonings.com\/de\/wp-json\/wp\/v2\/productsupplier?post=79680"},{"taxonomy":"productsleeve","embeddable":true,"href":"https:\/\/www.koonings.com\/de\/wp-json\/wp\/v2\/productsleeve?post=79680"},{"taxonomy":"productcategory","embeddable":true,"href":"https:\/\/www.koonings.com\/de\/wp-json\/wp\/v2\/productcategory?post=79680"},{"taxonomy":"productsilhouette","embeddable":true,"href":"https:\/\/www.koonings.com\/de\/wp-json\/wp\/v2\/productsilhouette?post=79680"},{"taxonomy":"productstyle","embeddable":true,"href":"https:\/\/www.koonings.com\/de\/wp-json\/wp\/v2\/productstyle?post=79680"}],"curies":[{"name":"wp","href":"https:\/\/api.w.org\/{rel}","templated":true}]}}