{"id":79661,"date":"2026-04-14T16:08:20","date_gmt":"2026-04-14T14:08:20","guid":{"rendered":"https:\/\/www.koonings.com\/product\/white-one-briden-glamour\/"},"modified":"2026-02-16T14:53:33","modified_gmt":"2026-02-16T13:53:33","slug":"white-one-briden-glamour","status":"publish","type":"product","link":"https:\/\/www.koonings.com\/de\/product\/white-one-briden-glamour\/","title":{"rendered":"Wei\u00df Eine Br\u00e4ute Glamour"},"content":{"rendered":"<p>Ein unglaublich sch\u00f6nes klassisches Hochzeitskleid. Ein herzf\u00f6rmiger Ausschnitt und etwas breitere Tr\u00e4ger f\u00fcr einen guten Halt, da der R\u00fccken sch\u00f6n niedrig ist. Der weiche Kreppstoff sorgt daf\u00fcr, dass sich das Kleid fantastisch anf\u00fchlt.  <\/p>\n","protected":false},"featured_media":72117,"template":"","meta":{"_acf_changed":false,"ghostkit_customizer_options":"","ghostkit_custom_css":"","ghostkit_custom_js_head":"","ghostkit_custom_js_foot":"","ghostkit_typography":""},"productdetails":[],"productneck":[355,356],"productcolor":[392],"maat":[],"productsupplier":[489],"productsleeve":[359],"productcategory":[18],"productsilhouette":[387,389],"productstyle":[369],"class_list":["post-79661","product","type-product","status-publish","has-post-thumbnail","hentry","productneck-355","productneck-356","productcolor-392","productsupplier-white-one-briden","productsleeve-359","productcategory-trouwjurken","productsilhouette-387","productsilhouette-389","productstyle-369"],"acf":[],"yoast_head":"<!-- This site is optimized with the Yoast SEO plugin v27.3 - https:\/\/yoast.com\/product\/yoast-seo-wordpress\/ -->\n<title>Wei\u00df Eine Br\u00e4ute Glamour | Koonings<\/title>\n<meta name=\"description\" content=\"Ein unglaublich sch\u00f6nes klassisches Hochzeitskleid. Ein herzf\u00f6rmiger Ausschnitt und etwas breitere Tr\u00e4ger f\u00fcr einen guten Halt, da der R\u00fccken sch\u00f6n niedrig ist. Der weiche Kreppstoff sorgt daf\u00fcr, dass sich das Kleid fantastisch anf\u00fchlt.\" \/>\n<meta name=\"robots\" content=\"index, follow, max-snippet:-1, max-image-preview:large, max-video-preview:-1\" \/>\n<link rel=\"canonical\" href=\"https:\/\/www.koonings.com\/de\/product\/white-one-briden-glamour\/\" \/>\n<meta property=\"og:locale\" content=\"de_DE\" \/>\n<meta property=\"og:type\" content=\"article\" \/>\n<meta property=\"og:title\" content=\"Wei\u00df Eine Br\u00e4ute Glamour | Koonings\" \/>\n<meta property=\"og:description\" content=\"Ein unglaublich sch\u00f6nes klassisches Hochzeitskleid. Ein herzf\u00f6rmiger Ausschnitt und etwas breitere Tr\u00e4ger f\u00fcr einen guten Halt, da der R\u00fccken sch\u00f6n niedrig ist. Der weiche Kreppstoff sorgt daf\u00fcr, dass sich das Kleid fantastisch anf\u00fchlt.\" \/>\n<meta property=\"og:url\" content=\"https:\/\/www.koonings.com\/de\/product\/white-one-briden-glamour\/\" \/>\n<meta property=\"og:site_name\" content=\"Koonings\" \/>\n<meta property=\"article:publisher\" content=\"https:\/\/www.facebook.com\/kooningstheweddingpalace\" \/>\n<meta property=\"og:image\" content=\"https:\/\/www.koonings.com\/wp-content\/uploads\/2024\/11\/37233_60ff8953cc87a11b9b77043cc05435fdfea6c7c60428c4d08ab3dac42216574d19df26a5-scaled.jpeg\" \/>\n\t<meta property=\"og:image:width\" content=\"1807\" \/>\n\t<meta property=\"og:image:height\" content=\"2560\" \/>\n\t<meta property=\"og:image:type\" content=\"image\/jpeg\" \/>\n<meta name=\"twitter:card\" content=\"summary_large_image\" \/>\n<script type=\"application\/ld+json\" class=\"yoast-schema-graph\">{\"@context\":\"https:\\\/\\\/schema.org\",\"@graph\":[{\"@type\":\"WebPage\",\"@id\":\"https:\\\/\\\/www.koonings.com\\\/de\\\/product\\\/white-one-briden-glamour\\\/\",\"url\":\"https:\\\/\\\/www.koonings.com\\\/de\\\/product\\\/white-one-briden-glamour\\\/\",\"name\":\"Wei\u00df Eine Br\u00e4ute Glamour | Koonings\",\"isPartOf\":{\"@id\":\"https:\\\/\\\/www.koonings.com\\\/de\\\/#website\"},\"primaryImageOfPage\":{\"@id\":\"https:\\\/\\\/www.koonings.com\\\/de\\\/product\\\/white-one-briden-glamour\\\/#primaryimage\"},\"image\":{\"@id\":\"https:\\\/\\\/www.koonings.com\\\/de\\\/product\\\/white-one-briden-glamour\\\/#primaryimage\"},\"thumbnailUrl\":\"https:\\\/\\\/www.koonings.com\\\/wp-content\\\/uploads\\\/2024\\\/11\\\/37233_60ff8953cc87a11b9b77043cc05435fdfea6c7c60428c4d08ab3dac42216574d19df26a5-scaled.jpeg\",\"datePublished\":\"2026-04-14T14:08:20+00:00\",\"description\":\"Ein unglaublich sch\u00f6nes klassisches Hochzeitskleid. Ein herzf\u00f6rmiger Ausschnitt und etwas breitere Tr\u00e4ger f\u00fcr einen guten Halt, da der R\u00fccken sch\u00f6n niedrig ist. Der weiche Kreppstoff sorgt daf\u00fcr, dass sich das Kleid fantastisch anf\u00fchlt.\",\"breadcrumb\":{\"@id\":\"https:\\\/\\\/www.koonings.com\\\/de\\\/product\\\/white-one-briden-glamour\\\/#breadcrumb\"},\"inLanguage\":\"de\",\"potentialAction\":[{\"@type\":\"ReadAction\",\"target\":[\"https:\\\/\\\/www.koonings.com\\\/de\\\/product\\\/white-one-briden-glamour\\\/\"]}]},{\"@type\":\"ImageObject\",\"inLanguage\":\"de\",\"@id\":\"https:\\\/\\\/www.koonings.com\\\/de\\\/product\\\/white-one-briden-glamour\\\/#primaryimage\",\"url\":\"https:\\\/\\\/www.koonings.com\\\/wp-content\\\/uploads\\\/2024\\\/11\\\/37233_60ff8953cc87a11b9b77043cc05435fdfea6c7c60428c4d08ab3dac42216574d19df26a5-scaled.jpeg\",\"contentUrl\":\"https:\\\/\\\/www.koonings.com\\\/wp-content\\\/uploads\\\/2024\\\/11\\\/37233_60ff8953cc87a11b9b77043cc05435fdfea6c7c60428c4d08ab3dac42216574d19df26a5-scaled.jpeg\",\"width\":1807,\"height\":2560},{\"@type\":\"BreadcrumbList\",\"@id\":\"https:\\\/\\\/www.koonings.com\\\/de\\\/product\\\/white-one-briden-glamour\\\/#breadcrumb\",\"itemListElement\":[{\"@type\":\"ListItem\",\"position\":1,\"name\":\"Home\",\"item\":\"https:\\\/\\\/www.koonings.com\\\/de\\\/\"},{\"@type\":\"ListItem\",\"position\":2,\"name\":\"Wei\u00df Eine Br\u00e4ute Glamour\"}]},{\"@type\":\"WebSite\",\"@id\":\"https:\\\/\\\/www.koonings.com\\\/de\\\/#website\",\"url\":\"https:\\\/\\\/www.koonings.com\\\/de\\\/\",\"name\":\"Koonings\",\"description\":\"De grootste bruidsmodewinkel ter wereld\",\"publisher\":{\"@id\":\"https:\\\/\\\/www.koonings.com\\\/de\\\/#organization\"},\"potentialAction\":[{\"@type\":\"SearchAction\",\"target\":{\"@type\":\"EntryPoint\",\"urlTemplate\":\"https:\\\/\\\/www.koonings.com\\\/de\\\/?s={search_term_string}\"},\"query-input\":{\"@type\":\"PropertyValueSpecification\",\"valueRequired\":true,\"valueName\":\"search_term_string\"}}],\"inLanguage\":\"de\"},{\"@type\":\"Organization\",\"@id\":\"https:\\\/\\\/www.koonings.com\\\/de\\\/#organization\",\"name\":\"Koonings\",\"url\":\"https:\\\/\\\/www.koonings.com\\\/de\\\/\",\"logo\":{\"@type\":\"ImageObject\",\"inLanguage\":\"de\",\"@id\":\"https:\\\/\\\/www.koonings.com\\\/de\\\/#\\\/schema\\\/logo\\\/image\\\/\",\"url\":\"https:\\\/\\\/www.koonings.com\\\/wp-content\\\/uploads\\\/2024\\\/07\\\/logo.png\",\"contentUrl\":\"https:\\\/\\\/www.koonings.com\\\/wp-content\\\/uploads\\\/2024\\\/07\\\/logo.png\",\"width\":600,\"height\":428,\"caption\":\"Koonings\"},\"image\":{\"@id\":\"https:\\\/\\\/www.koonings.com\\\/de\\\/#\\\/schema\\\/logo\\\/image\\\/\"},\"sameAs\":[\"https:\\\/\\\/www.facebook.com\\\/kooningstheweddingpalace\",\"https:\\\/\\\/www.instagram.com\\\/kooningstheweddingpalace\",\"https:\\\/\\\/www.pinterest.com\\\/koonings\",\"https:\\\/\\\/www.youtube.com\\\/kooningstheweddingpalace\"]}]}<\/script>\n<!-- \/ Yoast SEO plugin. -->","yoast_head_json":{"title":"Wei\u00df Eine Br\u00e4ute Glamour | Koonings","description":"Ein unglaublich sch\u00f6nes klassisches Hochzeitskleid. Ein herzf\u00f6rmiger Ausschnitt und etwas breitere Tr\u00e4ger f\u00fcr einen guten Halt, da der R\u00fccken sch\u00f6n niedrig ist. Der weiche Kreppstoff sorgt daf\u00fcr, dass sich das Kleid fantastisch anf\u00fchlt.","robots":{"index":"index","follow":"follow","max-snippet":"max-snippet:-1","max-image-preview":"max-image-preview:large","max-video-preview":"max-video-preview:-1"},"canonical":"https:\/\/www.koonings.com\/de\/product\/white-one-briden-glamour\/","og_locale":"de_DE","og_type":"article","og_title":"Wei\u00df Eine Br\u00e4ute Glamour | Koonings","og_description":"Ein unglaublich sch\u00f6nes klassisches Hochzeitskleid. Ein herzf\u00f6rmiger Ausschnitt und etwas breitere Tr\u00e4ger f\u00fcr einen guten Halt, da der R\u00fccken sch\u00f6n niedrig ist. Der weiche Kreppstoff sorgt daf\u00fcr, dass sich das Kleid fantastisch anf\u00fchlt.","og_url":"https:\/\/www.koonings.com\/de\/product\/white-one-briden-glamour\/","og_site_name":"Koonings","article_publisher":"https:\/\/www.facebook.com\/kooningstheweddingpalace","og_image":[{"width":1807,"height":2560,"url":"https:\/\/www.koonings.com\/wp-content\/uploads\/2024\/11\/37233_60ff8953cc87a11b9b77043cc05435fdfea6c7c60428c4d08ab3dac42216574d19df26a5-scaled.jpeg","type":"image\/jpeg"}],"twitter_card":"summary_large_image","schema":{"@context":"https:\/\/schema.org","@graph":[{"@type":"WebPage","@id":"https:\/\/www.koonings.com\/de\/product\/white-one-briden-glamour\/","url":"https:\/\/www.koonings.com\/de\/product\/white-one-briden-glamour\/","name":"Wei\u00df Eine Br\u00e4ute Glamour | Koonings","isPartOf":{"@id":"https:\/\/www.koonings.com\/de\/#website"},"primaryImageOfPage":{"@id":"https:\/\/www.koonings.com\/de\/product\/white-one-briden-glamour\/#primaryimage"},"image":{"@id":"https:\/\/www.koonings.com\/de\/product\/white-one-briden-glamour\/#primaryimage"},"thumbnailUrl":"https:\/\/www.koonings.com\/wp-content\/uploads\/2024\/11\/37233_60ff8953cc87a11b9b77043cc05435fdfea6c7c60428c4d08ab3dac42216574d19df26a5-scaled.jpeg","datePublished":"2026-04-14T14:08:20+00:00","description":"Ein unglaublich sch\u00f6nes klassisches Hochzeitskleid. Ein herzf\u00f6rmiger Ausschnitt und etwas breitere Tr\u00e4ger f\u00fcr einen guten Halt, da der R\u00fccken sch\u00f6n niedrig ist. Der weiche Kreppstoff sorgt daf\u00fcr, dass sich das Kleid fantastisch anf\u00fchlt.","breadcrumb":{"@id":"https:\/\/www.koonings.com\/de\/product\/white-one-briden-glamour\/#breadcrumb"},"inLanguage":"de","potentialAction":[{"@type":"ReadAction","target":["https:\/\/www.koonings.com\/de\/product\/white-one-briden-glamour\/"]}]},{"@type":"ImageObject","inLanguage":"de","@id":"https:\/\/www.koonings.com\/de\/product\/white-one-briden-glamour\/#primaryimage","url":"https:\/\/www.koonings.com\/wp-content\/uploads\/2024\/11\/37233_60ff8953cc87a11b9b77043cc05435fdfea6c7c60428c4d08ab3dac42216574d19df26a5-scaled.jpeg","contentUrl":"https:\/\/www.koonings.com\/wp-content\/uploads\/2024\/11\/37233_60ff8953cc87a11b9b77043cc05435fdfea6c7c60428c4d08ab3dac42216574d19df26a5-scaled.jpeg","width":1807,"height":2560},{"@type":"BreadcrumbList","@id":"https:\/\/www.koonings.com\/de\/product\/white-one-briden-glamour\/#breadcrumb","itemListElement":[{"@type":"ListItem","position":1,"name":"Home","item":"https:\/\/www.koonings.com\/de\/"},{"@type":"ListItem","position":2,"name":"Wei\u00df Eine Br\u00e4ute Glamour"}]},{"@type":"WebSite","@id":"https:\/\/www.koonings.com\/de\/#website","url":"https:\/\/www.koonings.com\/de\/","name":"Koonings","description":"De grootste bruidsmodewinkel ter wereld","publisher":{"@id":"https:\/\/www.koonings.com\/de\/#organization"},"potentialAction":[{"@type":"SearchAction","target":{"@type":"EntryPoint","urlTemplate":"https:\/\/www.koonings.com\/de\/?s={search_term_string}"},"query-input":{"@type":"PropertyValueSpecification","valueRequired":true,"valueName":"search_term_string"}}],"inLanguage":"de"},{"@type":"Organization","@id":"https:\/\/www.koonings.com\/de\/#organization","name":"Koonings","url":"https:\/\/www.koonings.com\/de\/","logo":{"@type":"ImageObject","inLanguage":"de","@id":"https:\/\/www.koonings.com\/de\/#\/schema\/logo\/image\/","url":"https:\/\/www.koonings.com\/wp-content\/uploads\/2024\/07\/logo.png","contentUrl":"https:\/\/www.koonings.com\/wp-content\/uploads\/2024\/07\/logo.png","width":600,"height":428,"caption":"Koonings"},"image":{"@id":"https:\/\/www.koonings.com\/de\/#\/schema\/logo\/image\/"},"sameAs":["https:\/\/www.facebook.com\/kooningstheweddingpalace","https:\/\/www.instagram.com\/kooningstheweddingpalace","https:\/\/www.pinterest.com\/koonings","https:\/\/www.youtube.com\/kooningstheweddingpalace"]}]}},"_links":{"self":[{"href":"https:\/\/www.koonings.com\/de\/wp-json\/wp\/v2\/product\/79661","targetHints":{"allow":["GET"]}}],"collection":[{"href":"https:\/\/www.koonings.com\/de\/wp-json\/wp\/v2\/product"}],"about":[{"href":"https:\/\/www.koonings.com\/de\/wp-json\/wp\/v2\/types\/product"}],"wp:featuredmedia":[{"embeddable":true,"href":"https:\/\/www.koonings.com\/de\/wp-json\/wp\/v2\/media\/72117"}],"wp:attachment":[{"href":"https:\/\/www.koonings.com\/de\/wp-json\/wp\/v2\/media?parent=79661"}],"wp:term":[{"taxonomy":"productdetails","embeddable":true,"href":"https:\/\/www.koonings.com\/de\/wp-json\/wp\/v2\/productdetails?post=79661"},{"taxonomy":"productneck","embeddable":true,"href":"https:\/\/www.koonings.com\/de\/wp-json\/wp\/v2\/productneck?post=79661"},{"taxonomy":"productcolor","embeddable":true,"href":"https:\/\/www.koonings.com\/de\/wp-json\/wp\/v2\/productcolor?post=79661"},{"taxonomy":"maat","embeddable":true,"href":"https:\/\/www.koonings.com\/de\/wp-json\/wp\/v2\/maat?post=79661"},{"taxonomy":"productsupplier","embeddable":true,"href":"https:\/\/www.koonings.com\/de\/wp-json\/wp\/v2\/productsupplier?post=79661"},{"taxonomy":"productsleeve","embeddable":true,"href":"https:\/\/www.koonings.com\/de\/wp-json\/wp\/v2\/productsleeve?post=79661"},{"taxonomy":"productcategory","embeddable":true,"href":"https:\/\/www.koonings.com\/de\/wp-json\/wp\/v2\/productcategory?post=79661"},{"taxonomy":"productsilhouette","embeddable":true,"href":"https:\/\/www.koonings.com\/de\/wp-json\/wp\/v2\/productsilhouette?post=79661"},{"taxonomy":"productstyle","embeddable":true,"href":"https:\/\/www.koonings.com\/de\/wp-json\/wp\/v2\/productstyle?post=79661"}],"curies":[{"name":"wp","href":"https:\/\/api.w.org\/{rel}","templated":true}]}}