{"id":79631,"date":"2026-05-06T15:06:19","date_gmt":"2026-05-06T13:06:19","guid":{"rendered":"https:\/\/www.koonings.com\/product\/eve-of-milady-4382\/"},"modified":"2026-02-16T14:53:55","modified_gmt":"2026-02-16T13:53:55","slug":"eve-of-milady-4382","status":"publish","type":"product","link":"https:\/\/www.koonings.com\/de\/product\/eve-of-milady-4382\/","title":{"rendered":"Vorabend von Milady 4382"},"content":{"rendered":"<p>F\u00fcr die Partynacht, ein Traumkleid mit einem raffinierten tiefen Ausschnitt. Wundersch\u00f6n kombiniert mit dem tiefen R\u00fccken und der langen Schleppe. F\u00fcr das perfekte Bild k\u00f6nnen Sie die atemberaubende extralange Schleppe zusammen mit dem schulterfreien \u00c4rmel w\u00e4hrend der Hochzeitszeremonie tragen.  <\/p>\n","protected":false},"featured_media":72293,"template":"","meta":{"_acf_changed":false,"ghostkit_customizer_options":"","ghostkit_custom_css":"","ghostkit_custom_js_head":"","ghostkit_custom_js_foot":"","ghostkit_typography":""},"productdetails":[379,376],"productneck":[354,355],"productcolor":[393,392],"maat":[],"productsupplier":[407],"productsleeve":[],"productcategory":[18],"productsilhouette":[387],"productstyle":[367,366],"class_list":["post-79631","product","type-product","status-publish","has-post-thumbnail","hentry","productdetails-379","productdetails-376","productneck-354","productneck-355","productcolor-393","productcolor-392","productsupplier-eve-of-milady","productcategory-trouwjurken","productsilhouette-387","productstyle-367","productstyle-366"],"acf":[],"yoast_head":"<!-- This site is optimized with the Yoast SEO plugin v27.3 - https:\/\/yoast.com\/product\/yoast-seo-wordpress\/ -->\n<title>Vorabend von Milady 4382 | Koonings<\/title>\n<meta name=\"description\" content=\"F\u00fcr die Partynacht, ein Traumkleid mit einem raffinierten tiefen Ausschnitt. Wundersch\u00f6n kombiniert mit dem tiefen R\u00fccken und der langen Schleppe. F\u00fcr das perfekte Bild k\u00f6nnen Sie die atemberaubende extralange Schleppe zusammen mit dem schulterfreien \u00c4rmel w\u00e4hrend der Hochzeitszeremonie tragen.\" \/>\n<meta name=\"robots\" content=\"index, follow, max-snippet:-1, max-image-preview:large, max-video-preview:-1\" \/>\n<link rel=\"canonical\" href=\"https:\/\/www.koonings.com\/de\/product\/eve-of-milady-4382\/\" \/>\n<meta property=\"og:locale\" content=\"de_DE\" \/>\n<meta property=\"og:type\" content=\"article\" \/>\n<meta property=\"og:title\" content=\"Vorabend von Milady 4382 | Koonings\" \/>\n<meta property=\"og:description\" content=\"F\u00fcr die Partynacht, ein Traumkleid mit einem raffinierten tiefen Ausschnitt. Wundersch\u00f6n kombiniert mit dem tiefen R\u00fccken und der langen Schleppe. F\u00fcr das perfekte Bild k\u00f6nnen Sie die atemberaubende extralange Schleppe zusammen mit dem schulterfreien \u00c4rmel w\u00e4hrend der Hochzeitszeremonie tragen.\" \/>\n<meta property=\"og:url\" content=\"https:\/\/www.koonings.com\/de\/product\/eve-of-milady-4382\/\" \/>\n<meta property=\"og:site_name\" content=\"Koonings\" \/>\n<meta property=\"article:publisher\" content=\"https:\/\/www.facebook.com\/kooningstheweddingpalace\" \/>\n<meta property=\"og:image\" content=\"https:\/\/www.koonings.com\/wp-content\/uploads\/2024\/11\/28723_7a2edbea8c979586ea9b5032d6ff3a432366941c1709b8d52cb031cd36b306382e3e2e69.jpeg\" \/>\n\t<meta property=\"og:image:width\" content=\"732\" \/>\n\t<meta property=\"og:image:height\" content=\"1036\" \/>\n\t<meta property=\"og:image:type\" content=\"image\/jpeg\" \/>\n<meta name=\"twitter:card\" content=\"summary_large_image\" \/>\n<script type=\"application\/ld+json\" class=\"yoast-schema-graph\">{\"@context\":\"https:\\\/\\\/schema.org\",\"@graph\":[{\"@type\":\"WebPage\",\"@id\":\"https:\\\/\\\/www.koonings.com\\\/de\\\/product\\\/eve-of-milady-4382\\\/\",\"url\":\"https:\\\/\\\/www.koonings.com\\\/de\\\/product\\\/eve-of-milady-4382\\\/\",\"name\":\"Vorabend von Milady 4382 | Koonings\",\"isPartOf\":{\"@id\":\"https:\\\/\\\/www.koonings.com\\\/de\\\/#website\"},\"primaryImageOfPage\":{\"@id\":\"https:\\\/\\\/www.koonings.com\\\/de\\\/product\\\/eve-of-milady-4382\\\/#primaryimage\"},\"image\":{\"@id\":\"https:\\\/\\\/www.koonings.com\\\/de\\\/product\\\/eve-of-milady-4382\\\/#primaryimage\"},\"thumbnailUrl\":\"https:\\\/\\\/www.koonings.com\\\/wp-content\\\/uploads\\\/2024\\\/11\\\/28723_7a2edbea8c979586ea9b5032d6ff3a432366941c1709b8d52cb031cd36b306382e3e2e69.jpeg\",\"datePublished\":\"2026-05-06T13:06:19+00:00\",\"description\":\"F\u00fcr die Partynacht, ein Traumkleid mit einem raffinierten tiefen Ausschnitt. Wundersch\u00f6n kombiniert mit dem tiefen R\u00fccken und der langen Schleppe. F\u00fcr das perfekte Bild k\u00f6nnen Sie die atemberaubende extralange Schleppe zusammen mit dem schulterfreien \u00c4rmel w\u00e4hrend der Hochzeitszeremonie tragen.\",\"breadcrumb\":{\"@id\":\"https:\\\/\\\/www.koonings.com\\\/de\\\/product\\\/eve-of-milady-4382\\\/#breadcrumb\"},\"inLanguage\":\"de\",\"potentialAction\":[{\"@type\":\"ReadAction\",\"target\":[\"https:\\\/\\\/www.koonings.com\\\/de\\\/product\\\/eve-of-milady-4382\\\/\"]}]},{\"@type\":\"ImageObject\",\"inLanguage\":\"de\",\"@id\":\"https:\\\/\\\/www.koonings.com\\\/de\\\/product\\\/eve-of-milady-4382\\\/#primaryimage\",\"url\":\"https:\\\/\\\/www.koonings.com\\\/wp-content\\\/uploads\\\/2024\\\/11\\\/28723_7a2edbea8c979586ea9b5032d6ff3a432366941c1709b8d52cb031cd36b306382e3e2e69.jpeg\",\"contentUrl\":\"https:\\\/\\\/www.koonings.com\\\/wp-content\\\/uploads\\\/2024\\\/11\\\/28723_7a2edbea8c979586ea9b5032d6ff3a432366941c1709b8d52cb031cd36b306382e3e2e69.jpeg\",\"width\":732,\"height\":1036},{\"@type\":\"BreadcrumbList\",\"@id\":\"https:\\\/\\\/www.koonings.com\\\/de\\\/product\\\/eve-of-milady-4382\\\/#breadcrumb\",\"itemListElement\":[{\"@type\":\"ListItem\",\"position\":1,\"name\":\"Home\",\"item\":\"https:\\\/\\\/www.koonings.com\\\/de\\\/\"},{\"@type\":\"ListItem\",\"position\":2,\"name\":\"Vorabend von Milady 4382\"}]},{\"@type\":\"WebSite\",\"@id\":\"https:\\\/\\\/www.koonings.com\\\/de\\\/#website\",\"url\":\"https:\\\/\\\/www.koonings.com\\\/de\\\/\",\"name\":\"Koonings\",\"description\":\"De grootste bruidsmodewinkel ter wereld\",\"publisher\":{\"@id\":\"https:\\\/\\\/www.koonings.com\\\/de\\\/#organization\"},\"potentialAction\":[{\"@type\":\"SearchAction\",\"target\":{\"@type\":\"EntryPoint\",\"urlTemplate\":\"https:\\\/\\\/www.koonings.com\\\/de\\\/?s={search_term_string}\"},\"query-input\":{\"@type\":\"PropertyValueSpecification\",\"valueRequired\":true,\"valueName\":\"search_term_string\"}}],\"inLanguage\":\"de\"},{\"@type\":\"Organization\",\"@id\":\"https:\\\/\\\/www.koonings.com\\\/de\\\/#organization\",\"name\":\"Koonings\",\"url\":\"https:\\\/\\\/www.koonings.com\\\/de\\\/\",\"logo\":{\"@type\":\"ImageObject\",\"inLanguage\":\"de\",\"@id\":\"https:\\\/\\\/www.koonings.com\\\/de\\\/#\\\/schema\\\/logo\\\/image\\\/\",\"url\":\"https:\\\/\\\/www.koonings.com\\\/wp-content\\\/uploads\\\/2024\\\/07\\\/logo.png\",\"contentUrl\":\"https:\\\/\\\/www.koonings.com\\\/wp-content\\\/uploads\\\/2024\\\/07\\\/logo.png\",\"width\":600,\"height\":428,\"caption\":\"Koonings\"},\"image\":{\"@id\":\"https:\\\/\\\/www.koonings.com\\\/de\\\/#\\\/schema\\\/logo\\\/image\\\/\"},\"sameAs\":[\"https:\\\/\\\/www.facebook.com\\\/kooningstheweddingpalace\",\"https:\\\/\\\/www.instagram.com\\\/kooningstheweddingpalace\",\"https:\\\/\\\/www.pinterest.com\\\/koonings\",\"https:\\\/\\\/www.youtube.com\\\/kooningstheweddingpalace\"]}]}<\/script>\n<!-- \/ Yoast SEO plugin. -->","yoast_head_json":{"title":"Vorabend von Milady 4382 | Koonings","description":"F\u00fcr die Partynacht, ein Traumkleid mit einem raffinierten tiefen Ausschnitt. Wundersch\u00f6n kombiniert mit dem tiefen R\u00fccken und der langen Schleppe. F\u00fcr das perfekte Bild k\u00f6nnen Sie die atemberaubende extralange Schleppe zusammen mit dem schulterfreien \u00c4rmel w\u00e4hrend der Hochzeitszeremonie tragen.","robots":{"index":"index","follow":"follow","max-snippet":"max-snippet:-1","max-image-preview":"max-image-preview:large","max-video-preview":"max-video-preview:-1"},"canonical":"https:\/\/www.koonings.com\/de\/product\/eve-of-milady-4382\/","og_locale":"de_DE","og_type":"article","og_title":"Vorabend von Milady 4382 | Koonings","og_description":"F\u00fcr die Partynacht, ein Traumkleid mit einem raffinierten tiefen Ausschnitt. Wundersch\u00f6n kombiniert mit dem tiefen R\u00fccken und der langen Schleppe. F\u00fcr das perfekte Bild k\u00f6nnen Sie die atemberaubende extralange Schleppe zusammen mit dem schulterfreien \u00c4rmel w\u00e4hrend der Hochzeitszeremonie tragen.","og_url":"https:\/\/www.koonings.com\/de\/product\/eve-of-milady-4382\/","og_site_name":"Koonings","article_publisher":"https:\/\/www.facebook.com\/kooningstheweddingpalace","og_image":[{"width":732,"height":1036,"url":"https:\/\/www.koonings.com\/wp-content\/uploads\/2024\/11\/28723_7a2edbea8c979586ea9b5032d6ff3a432366941c1709b8d52cb031cd36b306382e3e2e69.jpeg","type":"image\/jpeg"}],"twitter_card":"summary_large_image","schema":{"@context":"https:\/\/schema.org","@graph":[{"@type":"WebPage","@id":"https:\/\/www.koonings.com\/de\/product\/eve-of-milady-4382\/","url":"https:\/\/www.koonings.com\/de\/product\/eve-of-milady-4382\/","name":"Vorabend von Milady 4382 | Koonings","isPartOf":{"@id":"https:\/\/www.koonings.com\/de\/#website"},"primaryImageOfPage":{"@id":"https:\/\/www.koonings.com\/de\/product\/eve-of-milady-4382\/#primaryimage"},"image":{"@id":"https:\/\/www.koonings.com\/de\/product\/eve-of-milady-4382\/#primaryimage"},"thumbnailUrl":"https:\/\/www.koonings.com\/wp-content\/uploads\/2024\/11\/28723_7a2edbea8c979586ea9b5032d6ff3a432366941c1709b8d52cb031cd36b306382e3e2e69.jpeg","datePublished":"2026-05-06T13:06:19+00:00","description":"F\u00fcr die Partynacht, ein Traumkleid mit einem raffinierten tiefen Ausschnitt. Wundersch\u00f6n kombiniert mit dem tiefen R\u00fccken und der langen Schleppe. F\u00fcr das perfekte Bild k\u00f6nnen Sie die atemberaubende extralange Schleppe zusammen mit dem schulterfreien \u00c4rmel w\u00e4hrend der Hochzeitszeremonie tragen.","breadcrumb":{"@id":"https:\/\/www.koonings.com\/de\/product\/eve-of-milady-4382\/#breadcrumb"},"inLanguage":"de","potentialAction":[{"@type":"ReadAction","target":["https:\/\/www.koonings.com\/de\/product\/eve-of-milady-4382\/"]}]},{"@type":"ImageObject","inLanguage":"de","@id":"https:\/\/www.koonings.com\/de\/product\/eve-of-milady-4382\/#primaryimage","url":"https:\/\/www.koonings.com\/wp-content\/uploads\/2024\/11\/28723_7a2edbea8c979586ea9b5032d6ff3a432366941c1709b8d52cb031cd36b306382e3e2e69.jpeg","contentUrl":"https:\/\/www.koonings.com\/wp-content\/uploads\/2024\/11\/28723_7a2edbea8c979586ea9b5032d6ff3a432366941c1709b8d52cb031cd36b306382e3e2e69.jpeg","width":732,"height":1036},{"@type":"BreadcrumbList","@id":"https:\/\/www.koonings.com\/de\/product\/eve-of-milady-4382\/#breadcrumb","itemListElement":[{"@type":"ListItem","position":1,"name":"Home","item":"https:\/\/www.koonings.com\/de\/"},{"@type":"ListItem","position":2,"name":"Vorabend von Milady 4382"}]},{"@type":"WebSite","@id":"https:\/\/www.koonings.com\/de\/#website","url":"https:\/\/www.koonings.com\/de\/","name":"Koonings","description":"De grootste bruidsmodewinkel ter wereld","publisher":{"@id":"https:\/\/www.koonings.com\/de\/#organization"},"potentialAction":[{"@type":"SearchAction","target":{"@type":"EntryPoint","urlTemplate":"https:\/\/www.koonings.com\/de\/?s={search_term_string}"},"query-input":{"@type":"PropertyValueSpecification","valueRequired":true,"valueName":"search_term_string"}}],"inLanguage":"de"},{"@type":"Organization","@id":"https:\/\/www.koonings.com\/de\/#organization","name":"Koonings","url":"https:\/\/www.koonings.com\/de\/","logo":{"@type":"ImageObject","inLanguage":"de","@id":"https:\/\/www.koonings.com\/de\/#\/schema\/logo\/image\/","url":"https:\/\/www.koonings.com\/wp-content\/uploads\/2024\/07\/logo.png","contentUrl":"https:\/\/www.koonings.com\/wp-content\/uploads\/2024\/07\/logo.png","width":600,"height":428,"caption":"Koonings"},"image":{"@id":"https:\/\/www.koonings.com\/de\/#\/schema\/logo\/image\/"},"sameAs":["https:\/\/www.facebook.com\/kooningstheweddingpalace","https:\/\/www.instagram.com\/kooningstheweddingpalace","https:\/\/www.pinterest.com\/koonings","https:\/\/www.youtube.com\/kooningstheweddingpalace"]}]}},"_links":{"self":[{"href":"https:\/\/www.koonings.com\/de\/wp-json\/wp\/v2\/product\/79631","targetHints":{"allow":["GET"]}}],"collection":[{"href":"https:\/\/www.koonings.com\/de\/wp-json\/wp\/v2\/product"}],"about":[{"href":"https:\/\/www.koonings.com\/de\/wp-json\/wp\/v2\/types\/product"}],"wp:featuredmedia":[{"embeddable":true,"href":"https:\/\/www.koonings.com\/de\/wp-json\/wp\/v2\/media\/72293"}],"wp:attachment":[{"href":"https:\/\/www.koonings.com\/de\/wp-json\/wp\/v2\/media?parent=79631"}],"wp:term":[{"taxonomy":"productdetails","embeddable":true,"href":"https:\/\/www.koonings.com\/de\/wp-json\/wp\/v2\/productdetails?post=79631"},{"taxonomy":"productneck","embeddable":true,"href":"https:\/\/www.koonings.com\/de\/wp-json\/wp\/v2\/productneck?post=79631"},{"taxonomy":"productcolor","embeddable":true,"href":"https:\/\/www.koonings.com\/de\/wp-json\/wp\/v2\/productcolor?post=79631"},{"taxonomy":"maat","embeddable":true,"href":"https:\/\/www.koonings.com\/de\/wp-json\/wp\/v2\/maat?post=79631"},{"taxonomy":"productsupplier","embeddable":true,"href":"https:\/\/www.koonings.com\/de\/wp-json\/wp\/v2\/productsupplier?post=79631"},{"taxonomy":"productsleeve","embeddable":true,"href":"https:\/\/www.koonings.com\/de\/wp-json\/wp\/v2\/productsleeve?post=79631"},{"taxonomy":"productcategory","embeddable":true,"href":"https:\/\/www.koonings.com\/de\/wp-json\/wp\/v2\/productcategory?post=79631"},{"taxonomy":"productsilhouette","embeddable":true,"href":"https:\/\/www.koonings.com\/de\/wp-json\/wp\/v2\/productsilhouette?post=79631"},{"taxonomy":"productstyle","embeddable":true,"href":"https:\/\/www.koonings.com\/de\/wp-json\/wp\/v2\/productstyle?post=79631"}],"curies":[{"name":"wp","href":"https:\/\/api.w.org\/{rel}","templated":true}]}}