{"id":79622,"date":"2026-04-14T16:06:38","date_gmt":"2026-04-14T14:06:38","guid":{"rendered":"https:\/\/www.koonings.com\/product\/etoile-aurora\/"},"modified":"2026-02-16T14:54:00","modified_gmt":"2026-02-16T13:54:00","slug":"etoile-aurora","status":"publish","type":"product","link":"https:\/\/www.koonings.com\/de\/product\/etoile-aurora\/","title":{"rendered":"Etoile Aurora"},"content":{"rendered":"<p>Aurora ist ein dramatisches, elegantes Ballkleid mit abnehmbaren schulterfreien T\u00fcll\u00e4rmeln, paillettenbestickter floraler Spitze mit weichem Organza und T\u00fcll sowie einem vollst\u00e4ndig gef\u00fctterten Mieder mit abgesenkter Taille f\u00fcr einen wunderbar modernen und ultra-schmeichelhaften Look.<\/p>\n","protected":false},"featured_media":72323,"template":"","meta":{"_acf_changed":false,"ghostkit_customizer_options":"","ghostkit_custom_css":"","ghostkit_custom_js_head":"","ghostkit_custom_js_foot":"","ghostkit_typography":""},"productdetails":[379,376,381],"productneck":[355],"productcolor":[392],"maat":[],"productsupplier":[492],"productsleeve":[363],"productcategory":[18],"productsilhouette":[384],"productstyle":[366],"class_list":["post-79622","product","type-product","status-publish","has-post-thumbnail","hentry","productdetails-379","productdetails-376","productdetails-381","productneck-355","productcolor-392","productsupplier-etoile","productsleeve-363","productcategory-trouwjurken","productsilhouette-384","productstyle-366"],"acf":[],"yoast_head":"<!-- This site is optimized with the Yoast SEO plugin v27.3 - https:\/\/yoast.com\/product\/yoast-seo-wordpress\/ -->\n<title>Etoile Aurora | Koonings<\/title>\n<meta name=\"description\" content=\"Aurora ist ein dramatisches, elegantes Ballkleid mit abnehmbaren schulterfreien T\u00fcll\u00e4rmeln, paillettenbestickter floraler Spitze mit weichem Organza und T\u00fcll sowie einem vollst\u00e4ndig gef\u00fctterten Mieder mit abgesenkter Taille f\u00fcr einen wunderbar modernen und ultra-schmeichelhaften Look.\" \/>\n<meta name=\"robots\" content=\"index, follow, max-snippet:-1, max-image-preview:large, max-video-preview:-1\" \/>\n<link rel=\"canonical\" href=\"https:\/\/www.koonings.com\/de\/product\/etoile-aurora\/\" \/>\n<meta property=\"og:locale\" content=\"de_DE\" \/>\n<meta property=\"og:type\" content=\"article\" \/>\n<meta property=\"og:title\" content=\"Etoile Aurora | Koonings\" \/>\n<meta property=\"og:description\" content=\"Aurora ist ein dramatisches, elegantes Ballkleid mit abnehmbaren schulterfreien T\u00fcll\u00e4rmeln, paillettenbestickter floraler Spitze mit weichem Organza und T\u00fcll sowie einem vollst\u00e4ndig gef\u00fctterten Mieder mit abgesenkter Taille f\u00fcr einen wunderbar modernen und ultra-schmeichelhaften Look.\" \/>\n<meta property=\"og:url\" content=\"https:\/\/www.koonings.com\/de\/product\/etoile-aurora\/\" \/>\n<meta property=\"og:site_name\" content=\"Koonings\" \/>\n<meta property=\"article:publisher\" content=\"https:\/\/www.facebook.com\/kooningstheweddingpalace\" \/>\n<meta property=\"og:image\" content=\"https:\/\/www.koonings.com\/wp-content\/uploads\/2024\/11\/32317_b1d72353645bc30e9f7d90713139e16578255fb645da5cdefffa6b759397d467d5b05dbe.jpeg\" \/>\n\t<meta property=\"og:image:width\" content=\"1035\" \/>\n\t<meta property=\"og:image:height\" content=\"1380\" \/>\n\t<meta property=\"og:image:type\" content=\"image\/jpeg\" \/>\n<meta name=\"twitter:card\" content=\"summary_large_image\" \/>\n<script type=\"application\/ld+json\" class=\"yoast-schema-graph\">{\"@context\":\"https:\\\/\\\/schema.org\",\"@graph\":[{\"@type\":\"WebPage\",\"@id\":\"https:\\\/\\\/www.koonings.com\\\/de\\\/product\\\/etoile-aurora\\\/\",\"url\":\"https:\\\/\\\/www.koonings.com\\\/de\\\/product\\\/etoile-aurora\\\/\",\"name\":\"Etoile Aurora | Koonings\",\"isPartOf\":{\"@id\":\"https:\\\/\\\/www.koonings.com\\\/de\\\/#website\"},\"primaryImageOfPage\":{\"@id\":\"https:\\\/\\\/www.koonings.com\\\/de\\\/product\\\/etoile-aurora\\\/#primaryimage\"},\"image\":{\"@id\":\"https:\\\/\\\/www.koonings.com\\\/de\\\/product\\\/etoile-aurora\\\/#primaryimage\"},\"thumbnailUrl\":\"https:\\\/\\\/www.koonings.com\\\/wp-content\\\/uploads\\\/2024\\\/11\\\/32317_b1d72353645bc30e9f7d90713139e16578255fb645da5cdefffa6b759397d467d5b05dbe.jpeg\",\"datePublished\":\"2026-04-14T14:06:38+00:00\",\"description\":\"Aurora ist ein dramatisches, elegantes Ballkleid mit abnehmbaren schulterfreien T\u00fcll\u00e4rmeln, paillettenbestickter floraler Spitze mit weichem Organza und T\u00fcll sowie einem vollst\u00e4ndig gef\u00fctterten Mieder mit abgesenkter Taille f\u00fcr einen wunderbar modernen und ultra-schmeichelhaften Look.\",\"breadcrumb\":{\"@id\":\"https:\\\/\\\/www.koonings.com\\\/de\\\/product\\\/etoile-aurora\\\/#breadcrumb\"},\"inLanguage\":\"de\",\"potentialAction\":[{\"@type\":\"ReadAction\",\"target\":[\"https:\\\/\\\/www.koonings.com\\\/de\\\/product\\\/etoile-aurora\\\/\"]}]},{\"@type\":\"ImageObject\",\"inLanguage\":\"de\",\"@id\":\"https:\\\/\\\/www.koonings.com\\\/de\\\/product\\\/etoile-aurora\\\/#primaryimage\",\"url\":\"https:\\\/\\\/www.koonings.com\\\/wp-content\\\/uploads\\\/2024\\\/11\\\/32317_b1d72353645bc30e9f7d90713139e16578255fb645da5cdefffa6b759397d467d5b05dbe.jpeg\",\"contentUrl\":\"https:\\\/\\\/www.koonings.com\\\/wp-content\\\/uploads\\\/2024\\\/11\\\/32317_b1d72353645bc30e9f7d90713139e16578255fb645da5cdefffa6b759397d467d5b05dbe.jpeg\",\"width\":1035,\"height\":1380},{\"@type\":\"BreadcrumbList\",\"@id\":\"https:\\\/\\\/www.koonings.com\\\/de\\\/product\\\/etoile-aurora\\\/#breadcrumb\",\"itemListElement\":[{\"@type\":\"ListItem\",\"position\":1,\"name\":\"Home\",\"item\":\"https:\\\/\\\/www.koonings.com\\\/de\\\/\"},{\"@type\":\"ListItem\",\"position\":2,\"name\":\"Etoile Aurora\"}]},{\"@type\":\"WebSite\",\"@id\":\"https:\\\/\\\/www.koonings.com\\\/de\\\/#website\",\"url\":\"https:\\\/\\\/www.koonings.com\\\/de\\\/\",\"name\":\"Koonings\",\"description\":\"De grootste bruidsmodewinkel ter wereld\",\"publisher\":{\"@id\":\"https:\\\/\\\/www.koonings.com\\\/de\\\/#organization\"},\"potentialAction\":[{\"@type\":\"SearchAction\",\"target\":{\"@type\":\"EntryPoint\",\"urlTemplate\":\"https:\\\/\\\/www.koonings.com\\\/de\\\/?s={search_term_string}\"},\"query-input\":{\"@type\":\"PropertyValueSpecification\",\"valueRequired\":true,\"valueName\":\"search_term_string\"}}],\"inLanguage\":\"de\"},{\"@type\":\"Organization\",\"@id\":\"https:\\\/\\\/www.koonings.com\\\/de\\\/#organization\",\"name\":\"Koonings\",\"url\":\"https:\\\/\\\/www.koonings.com\\\/de\\\/\",\"logo\":{\"@type\":\"ImageObject\",\"inLanguage\":\"de\",\"@id\":\"https:\\\/\\\/www.koonings.com\\\/de\\\/#\\\/schema\\\/logo\\\/image\\\/\",\"url\":\"https:\\\/\\\/www.koonings.com\\\/wp-content\\\/uploads\\\/2024\\\/07\\\/logo.png\",\"contentUrl\":\"https:\\\/\\\/www.koonings.com\\\/wp-content\\\/uploads\\\/2024\\\/07\\\/logo.png\",\"width\":600,\"height\":428,\"caption\":\"Koonings\"},\"image\":{\"@id\":\"https:\\\/\\\/www.koonings.com\\\/de\\\/#\\\/schema\\\/logo\\\/image\\\/\"},\"sameAs\":[\"https:\\\/\\\/www.facebook.com\\\/kooningstheweddingpalace\",\"https:\\\/\\\/www.instagram.com\\\/kooningstheweddingpalace\",\"https:\\\/\\\/www.pinterest.com\\\/koonings\",\"https:\\\/\\\/www.youtube.com\\\/kooningstheweddingpalace\"]}]}<\/script>\n<!-- \/ Yoast SEO plugin. -->","yoast_head_json":{"title":"Etoile Aurora | Koonings","description":"Aurora ist ein dramatisches, elegantes Ballkleid mit abnehmbaren schulterfreien T\u00fcll\u00e4rmeln, paillettenbestickter floraler Spitze mit weichem Organza und T\u00fcll sowie einem vollst\u00e4ndig gef\u00fctterten Mieder mit abgesenkter Taille f\u00fcr einen wunderbar modernen und ultra-schmeichelhaften Look.","robots":{"index":"index","follow":"follow","max-snippet":"max-snippet:-1","max-image-preview":"max-image-preview:large","max-video-preview":"max-video-preview:-1"},"canonical":"https:\/\/www.koonings.com\/de\/product\/etoile-aurora\/","og_locale":"de_DE","og_type":"article","og_title":"Etoile Aurora | Koonings","og_description":"Aurora ist ein dramatisches, elegantes Ballkleid mit abnehmbaren schulterfreien T\u00fcll\u00e4rmeln, paillettenbestickter floraler Spitze mit weichem Organza und T\u00fcll sowie einem vollst\u00e4ndig gef\u00fctterten Mieder mit abgesenkter Taille f\u00fcr einen wunderbar modernen und ultra-schmeichelhaften Look.","og_url":"https:\/\/www.koonings.com\/de\/product\/etoile-aurora\/","og_site_name":"Koonings","article_publisher":"https:\/\/www.facebook.com\/kooningstheweddingpalace","og_image":[{"width":1035,"height":1380,"url":"https:\/\/www.koonings.com\/wp-content\/uploads\/2024\/11\/32317_b1d72353645bc30e9f7d90713139e16578255fb645da5cdefffa6b759397d467d5b05dbe.jpeg","type":"image\/jpeg"}],"twitter_card":"summary_large_image","schema":{"@context":"https:\/\/schema.org","@graph":[{"@type":"WebPage","@id":"https:\/\/www.koonings.com\/de\/product\/etoile-aurora\/","url":"https:\/\/www.koonings.com\/de\/product\/etoile-aurora\/","name":"Etoile Aurora | Koonings","isPartOf":{"@id":"https:\/\/www.koonings.com\/de\/#website"},"primaryImageOfPage":{"@id":"https:\/\/www.koonings.com\/de\/product\/etoile-aurora\/#primaryimage"},"image":{"@id":"https:\/\/www.koonings.com\/de\/product\/etoile-aurora\/#primaryimage"},"thumbnailUrl":"https:\/\/www.koonings.com\/wp-content\/uploads\/2024\/11\/32317_b1d72353645bc30e9f7d90713139e16578255fb645da5cdefffa6b759397d467d5b05dbe.jpeg","datePublished":"2026-04-14T14:06:38+00:00","description":"Aurora ist ein dramatisches, elegantes Ballkleid mit abnehmbaren schulterfreien T\u00fcll\u00e4rmeln, paillettenbestickter floraler Spitze mit weichem Organza und T\u00fcll sowie einem vollst\u00e4ndig gef\u00fctterten Mieder mit abgesenkter Taille f\u00fcr einen wunderbar modernen und ultra-schmeichelhaften Look.","breadcrumb":{"@id":"https:\/\/www.koonings.com\/de\/product\/etoile-aurora\/#breadcrumb"},"inLanguage":"de","potentialAction":[{"@type":"ReadAction","target":["https:\/\/www.koonings.com\/de\/product\/etoile-aurora\/"]}]},{"@type":"ImageObject","inLanguage":"de","@id":"https:\/\/www.koonings.com\/de\/product\/etoile-aurora\/#primaryimage","url":"https:\/\/www.koonings.com\/wp-content\/uploads\/2024\/11\/32317_b1d72353645bc30e9f7d90713139e16578255fb645da5cdefffa6b759397d467d5b05dbe.jpeg","contentUrl":"https:\/\/www.koonings.com\/wp-content\/uploads\/2024\/11\/32317_b1d72353645bc30e9f7d90713139e16578255fb645da5cdefffa6b759397d467d5b05dbe.jpeg","width":1035,"height":1380},{"@type":"BreadcrumbList","@id":"https:\/\/www.koonings.com\/de\/product\/etoile-aurora\/#breadcrumb","itemListElement":[{"@type":"ListItem","position":1,"name":"Home","item":"https:\/\/www.koonings.com\/de\/"},{"@type":"ListItem","position":2,"name":"Etoile Aurora"}]},{"@type":"WebSite","@id":"https:\/\/www.koonings.com\/de\/#website","url":"https:\/\/www.koonings.com\/de\/","name":"Koonings","description":"De grootste bruidsmodewinkel ter wereld","publisher":{"@id":"https:\/\/www.koonings.com\/de\/#organization"},"potentialAction":[{"@type":"SearchAction","target":{"@type":"EntryPoint","urlTemplate":"https:\/\/www.koonings.com\/de\/?s={search_term_string}"},"query-input":{"@type":"PropertyValueSpecification","valueRequired":true,"valueName":"search_term_string"}}],"inLanguage":"de"},{"@type":"Organization","@id":"https:\/\/www.koonings.com\/de\/#organization","name":"Koonings","url":"https:\/\/www.koonings.com\/de\/","logo":{"@type":"ImageObject","inLanguage":"de","@id":"https:\/\/www.koonings.com\/de\/#\/schema\/logo\/image\/","url":"https:\/\/www.koonings.com\/wp-content\/uploads\/2024\/07\/logo.png","contentUrl":"https:\/\/www.koonings.com\/wp-content\/uploads\/2024\/07\/logo.png","width":600,"height":428,"caption":"Koonings"},"image":{"@id":"https:\/\/www.koonings.com\/de\/#\/schema\/logo\/image\/"},"sameAs":["https:\/\/www.facebook.com\/kooningstheweddingpalace","https:\/\/www.instagram.com\/kooningstheweddingpalace","https:\/\/www.pinterest.com\/koonings","https:\/\/www.youtube.com\/kooningstheweddingpalace"]}]}},"_links":{"self":[{"href":"https:\/\/www.koonings.com\/de\/wp-json\/wp\/v2\/product\/79622","targetHints":{"allow":["GET"]}}],"collection":[{"href":"https:\/\/www.koonings.com\/de\/wp-json\/wp\/v2\/product"}],"about":[{"href":"https:\/\/www.koonings.com\/de\/wp-json\/wp\/v2\/types\/product"}],"wp:featuredmedia":[{"embeddable":true,"href":"https:\/\/www.koonings.com\/de\/wp-json\/wp\/v2\/media\/72323"}],"wp:attachment":[{"href":"https:\/\/www.koonings.com\/de\/wp-json\/wp\/v2\/media?parent=79622"}],"wp:term":[{"taxonomy":"productdetails","embeddable":true,"href":"https:\/\/www.koonings.com\/de\/wp-json\/wp\/v2\/productdetails?post=79622"},{"taxonomy":"productneck","embeddable":true,"href":"https:\/\/www.koonings.com\/de\/wp-json\/wp\/v2\/productneck?post=79622"},{"taxonomy":"productcolor","embeddable":true,"href":"https:\/\/www.koonings.com\/de\/wp-json\/wp\/v2\/productcolor?post=79622"},{"taxonomy":"maat","embeddable":true,"href":"https:\/\/www.koonings.com\/de\/wp-json\/wp\/v2\/maat?post=79622"},{"taxonomy":"productsupplier","embeddable":true,"href":"https:\/\/www.koonings.com\/de\/wp-json\/wp\/v2\/productsupplier?post=79622"},{"taxonomy":"productsleeve","embeddable":true,"href":"https:\/\/www.koonings.com\/de\/wp-json\/wp\/v2\/productsleeve?post=79622"},{"taxonomy":"productcategory","embeddable":true,"href":"https:\/\/www.koonings.com\/de\/wp-json\/wp\/v2\/productcategory?post=79622"},{"taxonomy":"productsilhouette","embeddable":true,"href":"https:\/\/www.koonings.com\/de\/wp-json\/wp\/v2\/productsilhouette?post=79622"},{"taxonomy":"productstyle","embeddable":true,"href":"https:\/\/www.koonings.com\/de\/wp-json\/wp\/v2\/productstyle?post=79622"}],"curies":[{"name":"wp","href":"https:\/\/api.w.org\/{rel}","templated":true}]}}