{"id":79620,"date":"2026-05-06T15:08:53","date_gmt":"2026-05-06T13:08:53","guid":{"rendered":"https:\/\/www.koonings.com\/product\/etoile-lea-3\/"},"modified":"2026-02-16T14:54:03","modified_gmt":"2026-02-16T13:54:03","slug":"etoile-lea-3","status":"publish","type":"product","link":"https:\/\/www.koonings.com\/de\/product\/etoile-lea-3\/","title":{"rendered":"Etoile Lea"},"content":{"rendered":"<p>Wie ein wahrgewordenes Brautm\u00e4rchen ist L\u00c9A perfekt gemacht. Diese A-Linien-Sch\u00f6nheit besticht durch glitzernde Blumen- und Chantilly-Spitze auf dem Mieder aus Illusionsspitze mit einer abgesenkten Taille f\u00fcr einen dramatischen Effekt auf dem vertr\u00e4umten Rockteil. Schimmernde, vollst\u00e4ndig mit Perlen besetzte Spitze befindet sich auf beiden T\u00fcllschichten mit einer zus\u00e4tzlichen oberen T\u00fcllschicht, so dass die Spitze in die untere Schicht tropft und ein \u00e4therisches Gef\u00fchl vermittelt. Dieser mehrdimensionale Look ist so aufwendig gearbeitet, dass all der Glitzer die Aufmerksamkeit auf sich zieht, wenn Sie vorbeigehen.   <\/p>\n","protected":false},"featured_media":72341,"template":"","meta":{"_acf_changed":false,"ghostkit_customizer_options":"","ghostkit_custom_css":"","ghostkit_custom_js_head":"","ghostkit_custom_js_foot":"","ghostkit_typography":""},"productdetails":[379,376,381],"productneck":[355],"productcolor":[393,392],"maat":[],"productsupplier":[492],"productsleeve":[359],"productcategory":[18],"productsilhouette":[384],"productstyle":[366],"class_list":["post-79620","product","type-product","status-publish","has-post-thumbnail","hentry","productdetails-379","productdetails-376","productdetails-381","productneck-355","productcolor-393","productcolor-392","productsupplier-etoile","productsleeve-359","productcategory-trouwjurken","productsilhouette-384","productstyle-366"],"acf":[],"yoast_head":"<!-- This site is optimized with the Yoast SEO plugin v27.3 - https:\/\/yoast.com\/product\/yoast-seo-wordpress\/ -->\n<title>Etoile Lea | Koonings<\/title>\n<meta name=\"description\" content=\"Wie ein wahrgewordenes Brautm\u00e4rchen ist L\u00c9A perfekt gemacht. Diese A-Linien-Sch\u00f6nheit besticht durch glitzernde Blumen- und Chantilly-Spitze auf dem Mieder aus Illusionsspitze mit einer abgesenkten Taille f\u00fcr einen dramatischen Effekt auf dem vertr\u00e4umten Rockteil. Schimmernde, vollst\u00e4ndig mit Perlen besetzte Spitze befindet sich auf beiden T\u00fcllschichten mit einer zus\u00e4tzlichen oberen T\u00fcllschicht, so dass die Spitze in die untere Schicht tropft und ein \u00e4therisches Gef\u00fchl vermittelt. Dieser mehrdimensionale Look ist so aufwendig gearbeitet, dass all der Glitzer die Aufmerksamkeit auf sich zieht, wenn Sie vorbeigehen.\" \/>\n<meta name=\"robots\" content=\"index, follow, max-snippet:-1, max-image-preview:large, max-video-preview:-1\" \/>\n<link rel=\"canonical\" href=\"https:\/\/www.koonings.com\/de\/product\/etoile-lea-3\/\" \/>\n<meta property=\"og:locale\" content=\"de_DE\" \/>\n<meta property=\"og:type\" content=\"article\" \/>\n<meta property=\"og:title\" content=\"Etoile Lea | Koonings\" \/>\n<meta property=\"og:description\" content=\"Wie ein wahrgewordenes Brautm\u00e4rchen ist L\u00c9A perfekt gemacht. Diese A-Linien-Sch\u00f6nheit besticht durch glitzernde Blumen- und Chantilly-Spitze auf dem Mieder aus Illusionsspitze mit einer abgesenkten Taille f\u00fcr einen dramatischen Effekt auf dem vertr\u00e4umten Rockteil. Schimmernde, vollst\u00e4ndig mit Perlen besetzte Spitze befindet sich auf beiden T\u00fcllschichten mit einer zus\u00e4tzlichen oberen T\u00fcllschicht, so dass die Spitze in die untere Schicht tropft und ein \u00e4therisches Gef\u00fchl vermittelt. Dieser mehrdimensionale Look ist so aufwendig gearbeitet, dass all der Glitzer die Aufmerksamkeit auf sich zieht, wenn Sie vorbeigehen.\" \/>\n<meta property=\"og:url\" content=\"https:\/\/www.koonings.com\/de\/product\/etoile-lea-3\/\" \/>\n<meta property=\"og:site_name\" content=\"Koonings\" \/>\n<meta property=\"article:publisher\" content=\"https:\/\/www.facebook.com\/kooningstheweddingpalace\" \/>\n<meta property=\"og:image\" content=\"https:\/\/www.koonings.com\/wp-content\/uploads\/2024\/11\/37797_a2020e9912cb3ae0b78729f677e3ec75531fd3be40e30526cc839a3d359b6edd58e7b6c7.jpeg\" \/>\n\t<meta property=\"og:image:width\" content=\"1035\" \/>\n\t<meta property=\"og:image:height\" content=\"1380\" \/>\n\t<meta property=\"og:image:type\" content=\"image\/jpeg\" \/>\n<meta name=\"twitter:card\" content=\"summary_large_image\" \/>\n<script type=\"application\/ld+json\" class=\"yoast-schema-graph\">{\"@context\":\"https:\\\/\\\/schema.org\",\"@graph\":[{\"@type\":\"WebPage\",\"@id\":\"https:\\\/\\\/www.koonings.com\\\/de\\\/product\\\/etoile-lea-3\\\/\",\"url\":\"https:\\\/\\\/www.koonings.com\\\/de\\\/product\\\/etoile-lea-3\\\/\",\"name\":\"Etoile Lea | Koonings\",\"isPartOf\":{\"@id\":\"https:\\\/\\\/www.koonings.com\\\/de\\\/#website\"},\"primaryImageOfPage\":{\"@id\":\"https:\\\/\\\/www.koonings.com\\\/de\\\/product\\\/etoile-lea-3\\\/#primaryimage\"},\"image\":{\"@id\":\"https:\\\/\\\/www.koonings.com\\\/de\\\/product\\\/etoile-lea-3\\\/#primaryimage\"},\"thumbnailUrl\":\"https:\\\/\\\/www.koonings.com\\\/wp-content\\\/uploads\\\/2024\\\/11\\\/37797_a2020e9912cb3ae0b78729f677e3ec75531fd3be40e30526cc839a3d359b6edd58e7b6c7.jpeg\",\"datePublished\":\"2026-05-06T13:08:53+00:00\",\"description\":\"Wie ein wahrgewordenes Brautm\u00e4rchen ist L\u00c9A perfekt gemacht. Diese A-Linien-Sch\u00f6nheit besticht durch glitzernde Blumen- und Chantilly-Spitze auf dem Mieder aus Illusionsspitze mit einer abgesenkten Taille f\u00fcr einen dramatischen Effekt auf dem vertr\u00e4umten Rockteil. Schimmernde, vollst\u00e4ndig mit Perlen besetzte Spitze befindet sich auf beiden T\u00fcllschichten mit einer zus\u00e4tzlichen oberen T\u00fcllschicht, so dass die Spitze in die untere Schicht tropft und ein \u00e4therisches Gef\u00fchl vermittelt. Dieser mehrdimensionale Look ist so aufwendig gearbeitet, dass all der Glitzer die Aufmerksamkeit auf sich zieht, wenn Sie vorbeigehen.\",\"breadcrumb\":{\"@id\":\"https:\\\/\\\/www.koonings.com\\\/de\\\/product\\\/etoile-lea-3\\\/#breadcrumb\"},\"inLanguage\":\"de\",\"potentialAction\":[{\"@type\":\"ReadAction\",\"target\":[\"https:\\\/\\\/www.koonings.com\\\/de\\\/product\\\/etoile-lea-3\\\/\"]}]},{\"@type\":\"ImageObject\",\"inLanguage\":\"de\",\"@id\":\"https:\\\/\\\/www.koonings.com\\\/de\\\/product\\\/etoile-lea-3\\\/#primaryimage\",\"url\":\"https:\\\/\\\/www.koonings.com\\\/wp-content\\\/uploads\\\/2024\\\/11\\\/37797_a2020e9912cb3ae0b78729f677e3ec75531fd3be40e30526cc839a3d359b6edd58e7b6c7.jpeg\",\"contentUrl\":\"https:\\\/\\\/www.koonings.com\\\/wp-content\\\/uploads\\\/2024\\\/11\\\/37797_a2020e9912cb3ae0b78729f677e3ec75531fd3be40e30526cc839a3d359b6edd58e7b6c7.jpeg\",\"width\":1035,\"height\":1380},{\"@type\":\"BreadcrumbList\",\"@id\":\"https:\\\/\\\/www.koonings.com\\\/de\\\/product\\\/etoile-lea-3\\\/#breadcrumb\",\"itemListElement\":[{\"@type\":\"ListItem\",\"position\":1,\"name\":\"Home\",\"item\":\"https:\\\/\\\/www.koonings.com\\\/de\\\/\"},{\"@type\":\"ListItem\",\"position\":2,\"name\":\"Etoile Lea\"}]},{\"@type\":\"WebSite\",\"@id\":\"https:\\\/\\\/www.koonings.com\\\/de\\\/#website\",\"url\":\"https:\\\/\\\/www.koonings.com\\\/de\\\/\",\"name\":\"Koonings\",\"description\":\"De grootste bruidsmodewinkel ter wereld\",\"publisher\":{\"@id\":\"https:\\\/\\\/www.koonings.com\\\/de\\\/#organization\"},\"potentialAction\":[{\"@type\":\"SearchAction\",\"target\":{\"@type\":\"EntryPoint\",\"urlTemplate\":\"https:\\\/\\\/www.koonings.com\\\/de\\\/?s={search_term_string}\"},\"query-input\":{\"@type\":\"PropertyValueSpecification\",\"valueRequired\":true,\"valueName\":\"search_term_string\"}}],\"inLanguage\":\"de\"},{\"@type\":\"Organization\",\"@id\":\"https:\\\/\\\/www.koonings.com\\\/de\\\/#organization\",\"name\":\"Koonings\",\"url\":\"https:\\\/\\\/www.koonings.com\\\/de\\\/\",\"logo\":{\"@type\":\"ImageObject\",\"inLanguage\":\"de\",\"@id\":\"https:\\\/\\\/www.koonings.com\\\/de\\\/#\\\/schema\\\/logo\\\/image\\\/\",\"url\":\"https:\\\/\\\/www.koonings.com\\\/wp-content\\\/uploads\\\/2024\\\/07\\\/logo.png\",\"contentUrl\":\"https:\\\/\\\/www.koonings.com\\\/wp-content\\\/uploads\\\/2024\\\/07\\\/logo.png\",\"width\":600,\"height\":428,\"caption\":\"Koonings\"},\"image\":{\"@id\":\"https:\\\/\\\/www.koonings.com\\\/de\\\/#\\\/schema\\\/logo\\\/image\\\/\"},\"sameAs\":[\"https:\\\/\\\/www.facebook.com\\\/kooningstheweddingpalace\",\"https:\\\/\\\/www.instagram.com\\\/kooningstheweddingpalace\",\"https:\\\/\\\/www.pinterest.com\\\/koonings\",\"https:\\\/\\\/www.youtube.com\\\/kooningstheweddingpalace\"]}]}<\/script>\n<!-- \/ Yoast SEO plugin. -->","yoast_head_json":{"title":"Etoile Lea | Koonings","description":"Wie ein wahrgewordenes Brautm\u00e4rchen ist L\u00c9A perfekt gemacht. Diese A-Linien-Sch\u00f6nheit besticht durch glitzernde Blumen- und Chantilly-Spitze auf dem Mieder aus Illusionsspitze mit einer abgesenkten Taille f\u00fcr einen dramatischen Effekt auf dem vertr\u00e4umten Rockteil. Schimmernde, vollst\u00e4ndig mit Perlen besetzte Spitze befindet sich auf beiden T\u00fcllschichten mit einer zus\u00e4tzlichen oberen T\u00fcllschicht, so dass die Spitze in die untere Schicht tropft und ein \u00e4therisches Gef\u00fchl vermittelt. Dieser mehrdimensionale Look ist so aufwendig gearbeitet, dass all der Glitzer die Aufmerksamkeit auf sich zieht, wenn Sie vorbeigehen.","robots":{"index":"index","follow":"follow","max-snippet":"max-snippet:-1","max-image-preview":"max-image-preview:large","max-video-preview":"max-video-preview:-1"},"canonical":"https:\/\/www.koonings.com\/de\/product\/etoile-lea-3\/","og_locale":"de_DE","og_type":"article","og_title":"Etoile Lea | Koonings","og_description":"Wie ein wahrgewordenes Brautm\u00e4rchen ist L\u00c9A perfekt gemacht. Diese A-Linien-Sch\u00f6nheit besticht durch glitzernde Blumen- und Chantilly-Spitze auf dem Mieder aus Illusionsspitze mit einer abgesenkten Taille f\u00fcr einen dramatischen Effekt auf dem vertr\u00e4umten Rockteil. Schimmernde, vollst\u00e4ndig mit Perlen besetzte Spitze befindet sich auf beiden T\u00fcllschichten mit einer zus\u00e4tzlichen oberen T\u00fcllschicht, so dass die Spitze in die untere Schicht tropft und ein \u00e4therisches Gef\u00fchl vermittelt. Dieser mehrdimensionale Look ist so aufwendig gearbeitet, dass all der Glitzer die Aufmerksamkeit auf sich zieht, wenn Sie vorbeigehen.","og_url":"https:\/\/www.koonings.com\/de\/product\/etoile-lea-3\/","og_site_name":"Koonings","article_publisher":"https:\/\/www.facebook.com\/kooningstheweddingpalace","og_image":[{"width":1035,"height":1380,"url":"https:\/\/www.koonings.com\/wp-content\/uploads\/2024\/11\/37797_a2020e9912cb3ae0b78729f677e3ec75531fd3be40e30526cc839a3d359b6edd58e7b6c7.jpeg","type":"image\/jpeg"}],"twitter_card":"summary_large_image","schema":{"@context":"https:\/\/schema.org","@graph":[{"@type":"WebPage","@id":"https:\/\/www.koonings.com\/de\/product\/etoile-lea-3\/","url":"https:\/\/www.koonings.com\/de\/product\/etoile-lea-3\/","name":"Etoile Lea | Koonings","isPartOf":{"@id":"https:\/\/www.koonings.com\/de\/#website"},"primaryImageOfPage":{"@id":"https:\/\/www.koonings.com\/de\/product\/etoile-lea-3\/#primaryimage"},"image":{"@id":"https:\/\/www.koonings.com\/de\/product\/etoile-lea-3\/#primaryimage"},"thumbnailUrl":"https:\/\/www.koonings.com\/wp-content\/uploads\/2024\/11\/37797_a2020e9912cb3ae0b78729f677e3ec75531fd3be40e30526cc839a3d359b6edd58e7b6c7.jpeg","datePublished":"2026-05-06T13:08:53+00:00","description":"Wie ein wahrgewordenes Brautm\u00e4rchen ist L\u00c9A perfekt gemacht. Diese A-Linien-Sch\u00f6nheit besticht durch glitzernde Blumen- und Chantilly-Spitze auf dem Mieder aus Illusionsspitze mit einer abgesenkten Taille f\u00fcr einen dramatischen Effekt auf dem vertr\u00e4umten Rockteil. Schimmernde, vollst\u00e4ndig mit Perlen besetzte Spitze befindet sich auf beiden T\u00fcllschichten mit einer zus\u00e4tzlichen oberen T\u00fcllschicht, so dass die Spitze in die untere Schicht tropft und ein \u00e4therisches Gef\u00fchl vermittelt. Dieser mehrdimensionale Look ist so aufwendig gearbeitet, dass all der Glitzer die Aufmerksamkeit auf sich zieht, wenn Sie vorbeigehen.","breadcrumb":{"@id":"https:\/\/www.koonings.com\/de\/product\/etoile-lea-3\/#breadcrumb"},"inLanguage":"de","potentialAction":[{"@type":"ReadAction","target":["https:\/\/www.koonings.com\/de\/product\/etoile-lea-3\/"]}]},{"@type":"ImageObject","inLanguage":"de","@id":"https:\/\/www.koonings.com\/de\/product\/etoile-lea-3\/#primaryimage","url":"https:\/\/www.koonings.com\/wp-content\/uploads\/2024\/11\/37797_a2020e9912cb3ae0b78729f677e3ec75531fd3be40e30526cc839a3d359b6edd58e7b6c7.jpeg","contentUrl":"https:\/\/www.koonings.com\/wp-content\/uploads\/2024\/11\/37797_a2020e9912cb3ae0b78729f677e3ec75531fd3be40e30526cc839a3d359b6edd58e7b6c7.jpeg","width":1035,"height":1380},{"@type":"BreadcrumbList","@id":"https:\/\/www.koonings.com\/de\/product\/etoile-lea-3\/#breadcrumb","itemListElement":[{"@type":"ListItem","position":1,"name":"Home","item":"https:\/\/www.koonings.com\/de\/"},{"@type":"ListItem","position":2,"name":"Etoile Lea"}]},{"@type":"WebSite","@id":"https:\/\/www.koonings.com\/de\/#website","url":"https:\/\/www.koonings.com\/de\/","name":"Koonings","description":"De grootste bruidsmodewinkel ter wereld","publisher":{"@id":"https:\/\/www.koonings.com\/de\/#organization"},"potentialAction":[{"@type":"SearchAction","target":{"@type":"EntryPoint","urlTemplate":"https:\/\/www.koonings.com\/de\/?s={search_term_string}"},"query-input":{"@type":"PropertyValueSpecification","valueRequired":true,"valueName":"search_term_string"}}],"inLanguage":"de"},{"@type":"Organization","@id":"https:\/\/www.koonings.com\/de\/#organization","name":"Koonings","url":"https:\/\/www.koonings.com\/de\/","logo":{"@type":"ImageObject","inLanguage":"de","@id":"https:\/\/www.koonings.com\/de\/#\/schema\/logo\/image\/","url":"https:\/\/www.koonings.com\/wp-content\/uploads\/2024\/07\/logo.png","contentUrl":"https:\/\/www.koonings.com\/wp-content\/uploads\/2024\/07\/logo.png","width":600,"height":428,"caption":"Koonings"},"image":{"@id":"https:\/\/www.koonings.com\/de\/#\/schema\/logo\/image\/"},"sameAs":["https:\/\/www.facebook.com\/kooningstheweddingpalace","https:\/\/www.instagram.com\/kooningstheweddingpalace","https:\/\/www.pinterest.com\/koonings","https:\/\/www.youtube.com\/kooningstheweddingpalace"]}]}},"_links":{"self":[{"href":"https:\/\/www.koonings.com\/de\/wp-json\/wp\/v2\/product\/79620","targetHints":{"allow":["GET"]}}],"collection":[{"href":"https:\/\/www.koonings.com\/de\/wp-json\/wp\/v2\/product"}],"about":[{"href":"https:\/\/www.koonings.com\/de\/wp-json\/wp\/v2\/types\/product"}],"wp:featuredmedia":[{"embeddable":true,"href":"https:\/\/www.koonings.com\/de\/wp-json\/wp\/v2\/media\/72341"}],"wp:attachment":[{"href":"https:\/\/www.koonings.com\/de\/wp-json\/wp\/v2\/media?parent=79620"}],"wp:term":[{"taxonomy":"productdetails","embeddable":true,"href":"https:\/\/www.koonings.com\/de\/wp-json\/wp\/v2\/productdetails?post=79620"},{"taxonomy":"productneck","embeddable":true,"href":"https:\/\/www.koonings.com\/de\/wp-json\/wp\/v2\/productneck?post=79620"},{"taxonomy":"productcolor","embeddable":true,"href":"https:\/\/www.koonings.com\/de\/wp-json\/wp\/v2\/productcolor?post=79620"},{"taxonomy":"maat","embeddable":true,"href":"https:\/\/www.koonings.com\/de\/wp-json\/wp\/v2\/maat?post=79620"},{"taxonomy":"productsupplier","embeddable":true,"href":"https:\/\/www.koonings.com\/de\/wp-json\/wp\/v2\/productsupplier?post=79620"},{"taxonomy":"productsleeve","embeddable":true,"href":"https:\/\/www.koonings.com\/de\/wp-json\/wp\/v2\/productsleeve?post=79620"},{"taxonomy":"productcategory","embeddable":true,"href":"https:\/\/www.koonings.com\/de\/wp-json\/wp\/v2\/productcategory?post=79620"},{"taxonomy":"productsilhouette","embeddable":true,"href":"https:\/\/www.koonings.com\/de\/wp-json\/wp\/v2\/productsilhouette?post=79620"},{"taxonomy":"productstyle","embeddable":true,"href":"https:\/\/www.koonings.com\/de\/wp-json\/wp\/v2\/productstyle?post=79620"}],"curies":[{"name":"wp","href":"https:\/\/api.w.org\/{rel}","templated":true}]}}