{"id":79598,"date":"2026-05-06T15:10:48","date_gmt":"2026-05-06T13:10:48","guid":{"rendered":"https:\/\/www.koonings.com\/product\/etoile-tori\/"},"modified":"2026-02-16T14:54:17","modified_gmt":"2026-02-16T13:54:17","slug":"etoile-tori","status":"publish","type":"product","link":"https:\/\/www.koonings.com\/de\/product\/etoile-tori\/","title":{"rendered":"Etoile Tori"},"content":{"rendered":"<p>So viel Romantik in einem einzigen Kleid! TORI l\u00e4sst uns mit ihrer glitzernden floralen Spitze an ihrem tief ausgeschnittenen Mieder mit herzf\u00f6rmigem Ausschnitt, der in einen traumhaften T\u00fcllrock \u00fcbergeht, ins Schw\u00e4rmen geraten. Der ausgestellte Korsettr\u00fccken und die weiche T\u00fcllschleppe lassen jeden einen zweiten Blick auf dieses wundersch\u00f6ne Kleid werfen!  <\/p>\n","protected":false},"featured_media":72428,"template":"","meta":{"_acf_changed":false,"ghostkit_customizer_options":"","ghostkit_custom_css":"","ghostkit_custom_js_head":"","ghostkit_custom_js_foot":"","ghostkit_typography":""},"productdetails":[376,381],"productneck":[354,355],"productcolor":[392],"maat":[],"productsupplier":[492],"productsleeve":[363],"productcategory":[18],"productsilhouette":[387,390],"productstyle":[366,370],"class_list":["post-79598","product","type-product","status-publish","has-post-thumbnail","hentry","productdetails-376","productdetails-381","productneck-354","productneck-355","productcolor-392","productsupplier-etoile","productsleeve-363","productcategory-trouwjurken","productsilhouette-387","productsilhouette-390","productstyle-366","productstyle-370"],"acf":[],"yoast_head":"<!-- This site is optimized with the Yoast SEO plugin v27.3 - https:\/\/yoast.com\/product\/yoast-seo-wordpress\/ -->\n<title>Etoile Tori | Koonings<\/title>\n<meta name=\"description\" content=\"So viel Romantik in einem einzigen Kleid! TORI l\u00e4sst uns mit ihrer glitzernden floralen Spitze an ihrem tief ausgeschnittenen Mieder mit herzf\u00f6rmigem Ausschnitt, der in einen traumhaften T\u00fcllrock \u00fcbergeht, ins Schw\u00e4rmen geraten. Der ausgestellte Korsettr\u00fccken und die weiche T\u00fcllschleppe lassen jeden einen zweiten Blick auf dieses wundersch\u00f6ne Kleid werfen!\" \/>\n<meta name=\"robots\" content=\"index, follow, max-snippet:-1, max-image-preview:large, max-video-preview:-1\" \/>\n<link rel=\"canonical\" href=\"https:\/\/www.koonings.com\/de\/product\/etoile-tori\/\" \/>\n<meta property=\"og:locale\" content=\"de_DE\" \/>\n<meta property=\"og:type\" content=\"article\" \/>\n<meta property=\"og:title\" content=\"Etoile Tori | Koonings\" \/>\n<meta property=\"og:description\" content=\"So viel Romantik in einem einzigen Kleid! TORI l\u00e4sst uns mit ihrer glitzernden floralen Spitze an ihrem tief ausgeschnittenen Mieder mit herzf\u00f6rmigem Ausschnitt, der in einen traumhaften T\u00fcllrock \u00fcbergeht, ins Schw\u00e4rmen geraten. Der ausgestellte Korsettr\u00fccken und die weiche T\u00fcllschleppe lassen jeden einen zweiten Blick auf dieses wundersch\u00f6ne Kleid werfen!\" \/>\n<meta property=\"og:url\" content=\"https:\/\/www.koonings.com\/de\/product\/etoile-tori\/\" \/>\n<meta property=\"og:site_name\" content=\"Koonings\" \/>\n<meta property=\"article:publisher\" content=\"https:\/\/www.facebook.com\/kooningstheweddingpalace\" \/>\n<meta property=\"og:image\" content=\"https:\/\/www.koonings.com\/wp-content\/uploads\/2024\/11\/38575_4b76c82af0c71304289cb7dab22c7b1870364887ca2f1b8fa3545b45ac7037baff5b3ffc.jpeg\" \/>\n\t<meta property=\"og:image:width\" content=\"1035\" \/>\n\t<meta property=\"og:image:height\" content=\"1380\" \/>\n\t<meta property=\"og:image:type\" content=\"image\/jpeg\" \/>\n<meta name=\"twitter:card\" content=\"summary_large_image\" \/>\n<script type=\"application\/ld+json\" class=\"yoast-schema-graph\">{\"@context\":\"https:\\\/\\\/schema.org\",\"@graph\":[{\"@type\":\"WebPage\",\"@id\":\"https:\\\/\\\/www.koonings.com\\\/de\\\/product\\\/etoile-tori\\\/\",\"url\":\"https:\\\/\\\/www.koonings.com\\\/de\\\/product\\\/etoile-tori\\\/\",\"name\":\"Etoile Tori | Koonings\",\"isPartOf\":{\"@id\":\"https:\\\/\\\/www.koonings.com\\\/de\\\/#website\"},\"primaryImageOfPage\":{\"@id\":\"https:\\\/\\\/www.koonings.com\\\/de\\\/product\\\/etoile-tori\\\/#primaryimage\"},\"image\":{\"@id\":\"https:\\\/\\\/www.koonings.com\\\/de\\\/product\\\/etoile-tori\\\/#primaryimage\"},\"thumbnailUrl\":\"https:\\\/\\\/www.koonings.com\\\/wp-content\\\/uploads\\\/2024\\\/11\\\/38575_4b76c82af0c71304289cb7dab22c7b1870364887ca2f1b8fa3545b45ac7037baff5b3ffc.jpeg\",\"datePublished\":\"2026-05-06T13:10:48+00:00\",\"description\":\"So viel Romantik in einem einzigen Kleid! TORI l\u00e4sst uns mit ihrer glitzernden floralen Spitze an ihrem tief ausgeschnittenen Mieder mit herzf\u00f6rmigem Ausschnitt, der in einen traumhaften T\u00fcllrock \u00fcbergeht, ins Schw\u00e4rmen geraten. Der ausgestellte Korsettr\u00fccken und die weiche T\u00fcllschleppe lassen jeden einen zweiten Blick auf dieses wundersch\u00f6ne Kleid werfen!\",\"breadcrumb\":{\"@id\":\"https:\\\/\\\/www.koonings.com\\\/de\\\/product\\\/etoile-tori\\\/#breadcrumb\"},\"inLanguage\":\"de\",\"potentialAction\":[{\"@type\":\"ReadAction\",\"target\":[\"https:\\\/\\\/www.koonings.com\\\/de\\\/product\\\/etoile-tori\\\/\"]}]},{\"@type\":\"ImageObject\",\"inLanguage\":\"de\",\"@id\":\"https:\\\/\\\/www.koonings.com\\\/de\\\/product\\\/etoile-tori\\\/#primaryimage\",\"url\":\"https:\\\/\\\/www.koonings.com\\\/wp-content\\\/uploads\\\/2024\\\/11\\\/38575_4b76c82af0c71304289cb7dab22c7b1870364887ca2f1b8fa3545b45ac7037baff5b3ffc.jpeg\",\"contentUrl\":\"https:\\\/\\\/www.koonings.com\\\/wp-content\\\/uploads\\\/2024\\\/11\\\/38575_4b76c82af0c71304289cb7dab22c7b1870364887ca2f1b8fa3545b45ac7037baff5b3ffc.jpeg\",\"width\":1035,\"height\":1380},{\"@type\":\"BreadcrumbList\",\"@id\":\"https:\\\/\\\/www.koonings.com\\\/de\\\/product\\\/etoile-tori\\\/#breadcrumb\",\"itemListElement\":[{\"@type\":\"ListItem\",\"position\":1,\"name\":\"Home\",\"item\":\"https:\\\/\\\/www.koonings.com\\\/de\\\/\"},{\"@type\":\"ListItem\",\"position\":2,\"name\":\"Etoile Tori\"}]},{\"@type\":\"WebSite\",\"@id\":\"https:\\\/\\\/www.koonings.com\\\/de\\\/#website\",\"url\":\"https:\\\/\\\/www.koonings.com\\\/de\\\/\",\"name\":\"Koonings\",\"description\":\"De grootste bruidsmodewinkel ter wereld\",\"publisher\":{\"@id\":\"https:\\\/\\\/www.koonings.com\\\/de\\\/#organization\"},\"potentialAction\":[{\"@type\":\"SearchAction\",\"target\":{\"@type\":\"EntryPoint\",\"urlTemplate\":\"https:\\\/\\\/www.koonings.com\\\/de\\\/?s={search_term_string}\"},\"query-input\":{\"@type\":\"PropertyValueSpecification\",\"valueRequired\":true,\"valueName\":\"search_term_string\"}}],\"inLanguage\":\"de\"},{\"@type\":\"Organization\",\"@id\":\"https:\\\/\\\/www.koonings.com\\\/de\\\/#organization\",\"name\":\"Koonings\",\"url\":\"https:\\\/\\\/www.koonings.com\\\/de\\\/\",\"logo\":{\"@type\":\"ImageObject\",\"inLanguage\":\"de\",\"@id\":\"https:\\\/\\\/www.koonings.com\\\/de\\\/#\\\/schema\\\/logo\\\/image\\\/\",\"url\":\"https:\\\/\\\/www.koonings.com\\\/wp-content\\\/uploads\\\/2024\\\/07\\\/logo.png\",\"contentUrl\":\"https:\\\/\\\/www.koonings.com\\\/wp-content\\\/uploads\\\/2024\\\/07\\\/logo.png\",\"width\":600,\"height\":428,\"caption\":\"Koonings\"},\"image\":{\"@id\":\"https:\\\/\\\/www.koonings.com\\\/de\\\/#\\\/schema\\\/logo\\\/image\\\/\"},\"sameAs\":[\"https:\\\/\\\/www.facebook.com\\\/kooningstheweddingpalace\",\"https:\\\/\\\/www.instagram.com\\\/kooningstheweddingpalace\",\"https:\\\/\\\/www.pinterest.com\\\/koonings\",\"https:\\\/\\\/www.youtube.com\\\/kooningstheweddingpalace\"]}]}<\/script>\n<!-- \/ Yoast SEO plugin. -->","yoast_head_json":{"title":"Etoile Tori | Koonings","description":"So viel Romantik in einem einzigen Kleid! TORI l\u00e4sst uns mit ihrer glitzernden floralen Spitze an ihrem tief ausgeschnittenen Mieder mit herzf\u00f6rmigem Ausschnitt, der in einen traumhaften T\u00fcllrock \u00fcbergeht, ins Schw\u00e4rmen geraten. Der ausgestellte Korsettr\u00fccken und die weiche T\u00fcllschleppe lassen jeden einen zweiten Blick auf dieses wundersch\u00f6ne Kleid werfen!","robots":{"index":"index","follow":"follow","max-snippet":"max-snippet:-1","max-image-preview":"max-image-preview:large","max-video-preview":"max-video-preview:-1"},"canonical":"https:\/\/www.koonings.com\/de\/product\/etoile-tori\/","og_locale":"de_DE","og_type":"article","og_title":"Etoile Tori | Koonings","og_description":"So viel Romantik in einem einzigen Kleid! TORI l\u00e4sst uns mit ihrer glitzernden floralen Spitze an ihrem tief ausgeschnittenen Mieder mit herzf\u00f6rmigem Ausschnitt, der in einen traumhaften T\u00fcllrock \u00fcbergeht, ins Schw\u00e4rmen geraten. Der ausgestellte Korsettr\u00fccken und die weiche T\u00fcllschleppe lassen jeden einen zweiten Blick auf dieses wundersch\u00f6ne Kleid werfen!","og_url":"https:\/\/www.koonings.com\/de\/product\/etoile-tori\/","og_site_name":"Koonings","article_publisher":"https:\/\/www.facebook.com\/kooningstheweddingpalace","og_image":[{"width":1035,"height":1380,"url":"https:\/\/www.koonings.com\/wp-content\/uploads\/2024\/11\/38575_4b76c82af0c71304289cb7dab22c7b1870364887ca2f1b8fa3545b45ac7037baff5b3ffc.jpeg","type":"image\/jpeg"}],"twitter_card":"summary_large_image","schema":{"@context":"https:\/\/schema.org","@graph":[{"@type":"WebPage","@id":"https:\/\/www.koonings.com\/de\/product\/etoile-tori\/","url":"https:\/\/www.koonings.com\/de\/product\/etoile-tori\/","name":"Etoile Tori | Koonings","isPartOf":{"@id":"https:\/\/www.koonings.com\/de\/#website"},"primaryImageOfPage":{"@id":"https:\/\/www.koonings.com\/de\/product\/etoile-tori\/#primaryimage"},"image":{"@id":"https:\/\/www.koonings.com\/de\/product\/etoile-tori\/#primaryimage"},"thumbnailUrl":"https:\/\/www.koonings.com\/wp-content\/uploads\/2024\/11\/38575_4b76c82af0c71304289cb7dab22c7b1870364887ca2f1b8fa3545b45ac7037baff5b3ffc.jpeg","datePublished":"2026-05-06T13:10:48+00:00","description":"So viel Romantik in einem einzigen Kleid! TORI l\u00e4sst uns mit ihrer glitzernden floralen Spitze an ihrem tief ausgeschnittenen Mieder mit herzf\u00f6rmigem Ausschnitt, der in einen traumhaften T\u00fcllrock \u00fcbergeht, ins Schw\u00e4rmen geraten. Der ausgestellte Korsettr\u00fccken und die weiche T\u00fcllschleppe lassen jeden einen zweiten Blick auf dieses wundersch\u00f6ne Kleid werfen!","breadcrumb":{"@id":"https:\/\/www.koonings.com\/de\/product\/etoile-tori\/#breadcrumb"},"inLanguage":"de","potentialAction":[{"@type":"ReadAction","target":["https:\/\/www.koonings.com\/de\/product\/etoile-tori\/"]}]},{"@type":"ImageObject","inLanguage":"de","@id":"https:\/\/www.koonings.com\/de\/product\/etoile-tori\/#primaryimage","url":"https:\/\/www.koonings.com\/wp-content\/uploads\/2024\/11\/38575_4b76c82af0c71304289cb7dab22c7b1870364887ca2f1b8fa3545b45ac7037baff5b3ffc.jpeg","contentUrl":"https:\/\/www.koonings.com\/wp-content\/uploads\/2024\/11\/38575_4b76c82af0c71304289cb7dab22c7b1870364887ca2f1b8fa3545b45ac7037baff5b3ffc.jpeg","width":1035,"height":1380},{"@type":"BreadcrumbList","@id":"https:\/\/www.koonings.com\/de\/product\/etoile-tori\/#breadcrumb","itemListElement":[{"@type":"ListItem","position":1,"name":"Home","item":"https:\/\/www.koonings.com\/de\/"},{"@type":"ListItem","position":2,"name":"Etoile Tori"}]},{"@type":"WebSite","@id":"https:\/\/www.koonings.com\/de\/#website","url":"https:\/\/www.koonings.com\/de\/","name":"Koonings","description":"De grootste bruidsmodewinkel ter wereld","publisher":{"@id":"https:\/\/www.koonings.com\/de\/#organization"},"potentialAction":[{"@type":"SearchAction","target":{"@type":"EntryPoint","urlTemplate":"https:\/\/www.koonings.com\/de\/?s={search_term_string}"},"query-input":{"@type":"PropertyValueSpecification","valueRequired":true,"valueName":"search_term_string"}}],"inLanguage":"de"},{"@type":"Organization","@id":"https:\/\/www.koonings.com\/de\/#organization","name":"Koonings","url":"https:\/\/www.koonings.com\/de\/","logo":{"@type":"ImageObject","inLanguage":"de","@id":"https:\/\/www.koonings.com\/de\/#\/schema\/logo\/image\/","url":"https:\/\/www.koonings.com\/wp-content\/uploads\/2024\/07\/logo.png","contentUrl":"https:\/\/www.koonings.com\/wp-content\/uploads\/2024\/07\/logo.png","width":600,"height":428,"caption":"Koonings"},"image":{"@id":"https:\/\/www.koonings.com\/de\/#\/schema\/logo\/image\/"},"sameAs":["https:\/\/www.facebook.com\/kooningstheweddingpalace","https:\/\/www.instagram.com\/kooningstheweddingpalace","https:\/\/www.pinterest.com\/koonings","https:\/\/www.youtube.com\/kooningstheweddingpalace"]}]}},"_links":{"self":[{"href":"https:\/\/www.koonings.com\/de\/wp-json\/wp\/v2\/product\/79598","targetHints":{"allow":["GET"]}}],"collection":[{"href":"https:\/\/www.koonings.com\/de\/wp-json\/wp\/v2\/product"}],"about":[{"href":"https:\/\/www.koonings.com\/de\/wp-json\/wp\/v2\/types\/product"}],"wp:featuredmedia":[{"embeddable":true,"href":"https:\/\/www.koonings.com\/de\/wp-json\/wp\/v2\/media\/72428"}],"wp:attachment":[{"href":"https:\/\/www.koonings.com\/de\/wp-json\/wp\/v2\/media?parent=79598"}],"wp:term":[{"taxonomy":"productdetails","embeddable":true,"href":"https:\/\/www.koonings.com\/de\/wp-json\/wp\/v2\/productdetails?post=79598"},{"taxonomy":"productneck","embeddable":true,"href":"https:\/\/www.koonings.com\/de\/wp-json\/wp\/v2\/productneck?post=79598"},{"taxonomy":"productcolor","embeddable":true,"href":"https:\/\/www.koonings.com\/de\/wp-json\/wp\/v2\/productcolor?post=79598"},{"taxonomy":"maat","embeddable":true,"href":"https:\/\/www.koonings.com\/de\/wp-json\/wp\/v2\/maat?post=79598"},{"taxonomy":"productsupplier","embeddable":true,"href":"https:\/\/www.koonings.com\/de\/wp-json\/wp\/v2\/productsupplier?post=79598"},{"taxonomy":"productsleeve","embeddable":true,"href":"https:\/\/www.koonings.com\/de\/wp-json\/wp\/v2\/productsleeve?post=79598"},{"taxonomy":"productcategory","embeddable":true,"href":"https:\/\/www.koonings.com\/de\/wp-json\/wp\/v2\/productcategory?post=79598"},{"taxonomy":"productsilhouette","embeddable":true,"href":"https:\/\/www.koonings.com\/de\/wp-json\/wp\/v2\/productsilhouette?post=79598"},{"taxonomy":"productstyle","embeddable":true,"href":"https:\/\/www.koonings.com\/de\/wp-json\/wp\/v2\/productstyle?post=79598"}],"curies":[{"name":"wp","href":"https:\/\/api.w.org\/{rel}","templated":true}]}}