{"id":79595,"date":"2026-04-14T16:12:21","date_gmt":"2026-04-14T14:12:21","guid":{"rendered":"https:\/\/www.koonings.com\/product\/etoile-whitley\/"},"modified":"2026-02-16T14:54:22","modified_gmt":"2026-02-16T13:54:22","slug":"etoile-whitley","status":"publish","type":"product","link":"https:\/\/www.koonings.com\/de\/product\/etoile-whitley\/","title":{"rendered":"Etoile Whitley"},"content":{"rendered":"<p>Holen Sie sich den Glamour in WHITLEY! Dieses atemberaubende Ballkleid ist perfekt f\u00fcr Br\u00e4ute, die alles haben wollen. Dieses Hochzeitskleid von Mikado zeichnet sich durch ein atemberaubendes Spitzenmieder mit floraler Spitze und Pailletten, zierlichen, perlenbesetzten Tr\u00e4gern und glitzerndem T\u00fcll sowie matter Spitze mit hell schimmernden Pailletten aus, die das Mieder auf der Vorderseite umrahmen und den offenen R\u00fccken formen. Die wundersch\u00f6ne, charakteristische Spitze setzt sich im engen Ballkleidrock mit sexy Schlitz und Taschen fort und sorgt f\u00fcr einen super-modernen Look.   <\/p>\n","protected":false},"featured_media":72470,"template":"","meta":{"_acf_changed":false,"ghostkit_customizer_options":"","ghostkit_custom_css":"","ghostkit_custom_js_head":"","ghostkit_custom_js_foot":"","ghostkit_typography":""},"productdetails":[377,376,378,381],"productneck":[355],"productcolor":[393,392],"maat":[],"productsupplier":[492],"productsleeve":[359],"productcategory":[18],"productsilhouette":[388],"productstyle":[372,366],"class_list":["post-79595","product","type-product","status-publish","has-post-thumbnail","hentry","productdetails-377","productdetails-376","productdetails-378","productdetails-381","productneck-355","productcolor-393","productcolor-392","productsupplier-etoile","productsleeve-359","productcategory-trouwjurken","productsilhouette-388","productstyle-372","productstyle-366"],"acf":[],"yoast_head":"<!-- This site is optimized with the Yoast SEO plugin v27.3 - https:\/\/yoast.com\/product\/yoast-seo-wordpress\/ -->\n<title>Etoile Whitley | Koonings<\/title>\n<meta name=\"description\" content=\"Holen Sie sich den Glamour in WHITLEY! Dieses atemberaubende Ballkleid ist perfekt f\u00fcr Br\u00e4ute, die alles haben wollen. Dieses Hochzeitskleid von Mikado zeichnet sich durch ein atemberaubendes Spitzenmieder mit floraler Spitze und Pailletten, zierlichen, perlenbesetzten Tr\u00e4gern und glitzerndem T\u00fcll sowie matter Spitze mit hell schimmernden Pailletten aus, die das Mieder auf der Vorderseite umrahmen und den offenen R\u00fccken formen. Die wundersch\u00f6ne, charakteristische Spitze setzt sich im engen Ballkleidrock mit sexy Schlitz und Taschen fort und sorgt f\u00fcr einen super-modernen Look.\" \/>\n<meta name=\"robots\" content=\"index, follow, max-snippet:-1, max-image-preview:large, max-video-preview:-1\" \/>\n<link rel=\"canonical\" href=\"https:\/\/www.koonings.com\/de\/product\/etoile-whitley\/\" \/>\n<meta property=\"og:locale\" content=\"de_DE\" \/>\n<meta property=\"og:type\" content=\"article\" \/>\n<meta property=\"og:title\" content=\"Etoile Whitley | Koonings\" \/>\n<meta property=\"og:description\" content=\"Holen Sie sich den Glamour in WHITLEY! Dieses atemberaubende Ballkleid ist perfekt f\u00fcr Br\u00e4ute, die alles haben wollen. Dieses Hochzeitskleid von Mikado zeichnet sich durch ein atemberaubendes Spitzenmieder mit floraler Spitze und Pailletten, zierlichen, perlenbesetzten Tr\u00e4gern und glitzerndem T\u00fcll sowie matter Spitze mit hell schimmernden Pailletten aus, die das Mieder auf der Vorderseite umrahmen und den offenen R\u00fccken formen. Die wundersch\u00f6ne, charakteristische Spitze setzt sich im engen Ballkleidrock mit sexy Schlitz und Taschen fort und sorgt f\u00fcr einen super-modernen Look.\" \/>\n<meta property=\"og:url\" content=\"https:\/\/www.koonings.com\/de\/product\/etoile-whitley\/\" \/>\n<meta property=\"og:site_name\" content=\"Koonings\" \/>\n<meta property=\"article:publisher\" content=\"https:\/\/www.facebook.com\/kooningstheweddingpalace\" \/>\n<meta property=\"og:image\" content=\"https:\/\/www.koonings.com\/wp-content\/uploads\/2024\/11\/38686_856f72fb624b01a41c951ceb17715d111e3a3b328308bae6ef57d910f9a7ebc3a0a87aea.jpeg\" \/>\n\t<meta property=\"og:image:width\" content=\"1035\" \/>\n\t<meta property=\"og:image:height\" content=\"1380\" \/>\n\t<meta property=\"og:image:type\" content=\"image\/jpeg\" \/>\n<meta name=\"twitter:card\" content=\"summary_large_image\" \/>\n<script type=\"application\/ld+json\" class=\"yoast-schema-graph\">{\"@context\":\"https:\\\/\\\/schema.org\",\"@graph\":[{\"@type\":\"WebPage\",\"@id\":\"https:\\\/\\\/www.koonings.com\\\/de\\\/product\\\/etoile-whitley\\\/\",\"url\":\"https:\\\/\\\/www.koonings.com\\\/de\\\/product\\\/etoile-whitley\\\/\",\"name\":\"Etoile Whitley | Koonings\",\"isPartOf\":{\"@id\":\"https:\\\/\\\/www.koonings.com\\\/de\\\/#website\"},\"primaryImageOfPage\":{\"@id\":\"https:\\\/\\\/www.koonings.com\\\/de\\\/product\\\/etoile-whitley\\\/#primaryimage\"},\"image\":{\"@id\":\"https:\\\/\\\/www.koonings.com\\\/de\\\/product\\\/etoile-whitley\\\/#primaryimage\"},\"thumbnailUrl\":\"https:\\\/\\\/www.koonings.com\\\/wp-content\\\/uploads\\\/2024\\\/11\\\/38686_856f72fb624b01a41c951ceb17715d111e3a3b328308bae6ef57d910f9a7ebc3a0a87aea.jpeg\",\"datePublished\":\"2026-04-14T14:12:21+00:00\",\"description\":\"Holen Sie sich den Glamour in WHITLEY! Dieses atemberaubende Ballkleid ist perfekt f\u00fcr Br\u00e4ute, die alles haben wollen. Dieses Hochzeitskleid von Mikado zeichnet sich durch ein atemberaubendes Spitzenmieder mit floraler Spitze und Pailletten, zierlichen, perlenbesetzten Tr\u00e4gern und glitzerndem T\u00fcll sowie matter Spitze mit hell schimmernden Pailletten aus, die das Mieder auf der Vorderseite umrahmen und den offenen R\u00fccken formen. Die wundersch\u00f6ne, charakteristische Spitze setzt sich im engen Ballkleidrock mit sexy Schlitz und Taschen fort und sorgt f\u00fcr einen super-modernen Look.\",\"breadcrumb\":{\"@id\":\"https:\\\/\\\/www.koonings.com\\\/de\\\/product\\\/etoile-whitley\\\/#breadcrumb\"},\"inLanguage\":\"de\",\"potentialAction\":[{\"@type\":\"ReadAction\",\"target\":[\"https:\\\/\\\/www.koonings.com\\\/de\\\/product\\\/etoile-whitley\\\/\"]}]},{\"@type\":\"ImageObject\",\"inLanguage\":\"de\",\"@id\":\"https:\\\/\\\/www.koonings.com\\\/de\\\/product\\\/etoile-whitley\\\/#primaryimage\",\"url\":\"https:\\\/\\\/www.koonings.com\\\/wp-content\\\/uploads\\\/2024\\\/11\\\/38686_856f72fb624b01a41c951ceb17715d111e3a3b328308bae6ef57d910f9a7ebc3a0a87aea.jpeg\",\"contentUrl\":\"https:\\\/\\\/www.koonings.com\\\/wp-content\\\/uploads\\\/2024\\\/11\\\/38686_856f72fb624b01a41c951ceb17715d111e3a3b328308bae6ef57d910f9a7ebc3a0a87aea.jpeg\",\"width\":1035,\"height\":1380},{\"@type\":\"BreadcrumbList\",\"@id\":\"https:\\\/\\\/www.koonings.com\\\/de\\\/product\\\/etoile-whitley\\\/#breadcrumb\",\"itemListElement\":[{\"@type\":\"ListItem\",\"position\":1,\"name\":\"Home\",\"item\":\"https:\\\/\\\/www.koonings.com\\\/de\\\/\"},{\"@type\":\"ListItem\",\"position\":2,\"name\":\"Etoile Whitley\"}]},{\"@type\":\"WebSite\",\"@id\":\"https:\\\/\\\/www.koonings.com\\\/de\\\/#website\",\"url\":\"https:\\\/\\\/www.koonings.com\\\/de\\\/\",\"name\":\"Koonings\",\"description\":\"De grootste bruidsmodewinkel ter wereld\",\"publisher\":{\"@id\":\"https:\\\/\\\/www.koonings.com\\\/de\\\/#organization\"},\"potentialAction\":[{\"@type\":\"SearchAction\",\"target\":{\"@type\":\"EntryPoint\",\"urlTemplate\":\"https:\\\/\\\/www.koonings.com\\\/de\\\/?s={search_term_string}\"},\"query-input\":{\"@type\":\"PropertyValueSpecification\",\"valueRequired\":true,\"valueName\":\"search_term_string\"}}],\"inLanguage\":\"de\"},{\"@type\":\"Organization\",\"@id\":\"https:\\\/\\\/www.koonings.com\\\/de\\\/#organization\",\"name\":\"Koonings\",\"url\":\"https:\\\/\\\/www.koonings.com\\\/de\\\/\",\"logo\":{\"@type\":\"ImageObject\",\"inLanguage\":\"de\",\"@id\":\"https:\\\/\\\/www.koonings.com\\\/de\\\/#\\\/schema\\\/logo\\\/image\\\/\",\"url\":\"https:\\\/\\\/www.koonings.com\\\/wp-content\\\/uploads\\\/2024\\\/07\\\/logo.png\",\"contentUrl\":\"https:\\\/\\\/www.koonings.com\\\/wp-content\\\/uploads\\\/2024\\\/07\\\/logo.png\",\"width\":600,\"height\":428,\"caption\":\"Koonings\"},\"image\":{\"@id\":\"https:\\\/\\\/www.koonings.com\\\/de\\\/#\\\/schema\\\/logo\\\/image\\\/\"},\"sameAs\":[\"https:\\\/\\\/www.facebook.com\\\/kooningstheweddingpalace\",\"https:\\\/\\\/www.instagram.com\\\/kooningstheweddingpalace\",\"https:\\\/\\\/www.pinterest.com\\\/koonings\",\"https:\\\/\\\/www.youtube.com\\\/kooningstheweddingpalace\"]}]}<\/script>\n<!-- \/ Yoast SEO plugin. -->","yoast_head_json":{"title":"Etoile Whitley | Koonings","description":"Holen Sie sich den Glamour in WHITLEY! Dieses atemberaubende Ballkleid ist perfekt f\u00fcr Br\u00e4ute, die alles haben wollen. Dieses Hochzeitskleid von Mikado zeichnet sich durch ein atemberaubendes Spitzenmieder mit floraler Spitze und Pailletten, zierlichen, perlenbesetzten Tr\u00e4gern und glitzerndem T\u00fcll sowie matter Spitze mit hell schimmernden Pailletten aus, die das Mieder auf der Vorderseite umrahmen und den offenen R\u00fccken formen. Die wundersch\u00f6ne, charakteristische Spitze setzt sich im engen Ballkleidrock mit sexy Schlitz und Taschen fort und sorgt f\u00fcr einen super-modernen Look.","robots":{"index":"index","follow":"follow","max-snippet":"max-snippet:-1","max-image-preview":"max-image-preview:large","max-video-preview":"max-video-preview:-1"},"canonical":"https:\/\/www.koonings.com\/de\/product\/etoile-whitley\/","og_locale":"de_DE","og_type":"article","og_title":"Etoile Whitley | Koonings","og_description":"Holen Sie sich den Glamour in WHITLEY! Dieses atemberaubende Ballkleid ist perfekt f\u00fcr Br\u00e4ute, die alles haben wollen. Dieses Hochzeitskleid von Mikado zeichnet sich durch ein atemberaubendes Spitzenmieder mit floraler Spitze und Pailletten, zierlichen, perlenbesetzten Tr\u00e4gern und glitzerndem T\u00fcll sowie matter Spitze mit hell schimmernden Pailletten aus, die das Mieder auf der Vorderseite umrahmen und den offenen R\u00fccken formen. Die wundersch\u00f6ne, charakteristische Spitze setzt sich im engen Ballkleidrock mit sexy Schlitz und Taschen fort und sorgt f\u00fcr einen super-modernen Look.","og_url":"https:\/\/www.koonings.com\/de\/product\/etoile-whitley\/","og_site_name":"Koonings","article_publisher":"https:\/\/www.facebook.com\/kooningstheweddingpalace","og_image":[{"width":1035,"height":1380,"url":"https:\/\/www.koonings.com\/wp-content\/uploads\/2024\/11\/38686_856f72fb624b01a41c951ceb17715d111e3a3b328308bae6ef57d910f9a7ebc3a0a87aea.jpeg","type":"image\/jpeg"}],"twitter_card":"summary_large_image","schema":{"@context":"https:\/\/schema.org","@graph":[{"@type":"WebPage","@id":"https:\/\/www.koonings.com\/de\/product\/etoile-whitley\/","url":"https:\/\/www.koonings.com\/de\/product\/etoile-whitley\/","name":"Etoile Whitley | Koonings","isPartOf":{"@id":"https:\/\/www.koonings.com\/de\/#website"},"primaryImageOfPage":{"@id":"https:\/\/www.koonings.com\/de\/product\/etoile-whitley\/#primaryimage"},"image":{"@id":"https:\/\/www.koonings.com\/de\/product\/etoile-whitley\/#primaryimage"},"thumbnailUrl":"https:\/\/www.koonings.com\/wp-content\/uploads\/2024\/11\/38686_856f72fb624b01a41c951ceb17715d111e3a3b328308bae6ef57d910f9a7ebc3a0a87aea.jpeg","datePublished":"2026-04-14T14:12:21+00:00","description":"Holen Sie sich den Glamour in WHITLEY! Dieses atemberaubende Ballkleid ist perfekt f\u00fcr Br\u00e4ute, die alles haben wollen. Dieses Hochzeitskleid von Mikado zeichnet sich durch ein atemberaubendes Spitzenmieder mit floraler Spitze und Pailletten, zierlichen, perlenbesetzten Tr\u00e4gern und glitzerndem T\u00fcll sowie matter Spitze mit hell schimmernden Pailletten aus, die das Mieder auf der Vorderseite umrahmen und den offenen R\u00fccken formen. Die wundersch\u00f6ne, charakteristische Spitze setzt sich im engen Ballkleidrock mit sexy Schlitz und Taschen fort und sorgt f\u00fcr einen super-modernen Look.","breadcrumb":{"@id":"https:\/\/www.koonings.com\/de\/product\/etoile-whitley\/#breadcrumb"},"inLanguage":"de","potentialAction":[{"@type":"ReadAction","target":["https:\/\/www.koonings.com\/de\/product\/etoile-whitley\/"]}]},{"@type":"ImageObject","inLanguage":"de","@id":"https:\/\/www.koonings.com\/de\/product\/etoile-whitley\/#primaryimage","url":"https:\/\/www.koonings.com\/wp-content\/uploads\/2024\/11\/38686_856f72fb624b01a41c951ceb17715d111e3a3b328308bae6ef57d910f9a7ebc3a0a87aea.jpeg","contentUrl":"https:\/\/www.koonings.com\/wp-content\/uploads\/2024\/11\/38686_856f72fb624b01a41c951ceb17715d111e3a3b328308bae6ef57d910f9a7ebc3a0a87aea.jpeg","width":1035,"height":1380},{"@type":"BreadcrumbList","@id":"https:\/\/www.koonings.com\/de\/product\/etoile-whitley\/#breadcrumb","itemListElement":[{"@type":"ListItem","position":1,"name":"Home","item":"https:\/\/www.koonings.com\/de\/"},{"@type":"ListItem","position":2,"name":"Etoile Whitley"}]},{"@type":"WebSite","@id":"https:\/\/www.koonings.com\/de\/#website","url":"https:\/\/www.koonings.com\/de\/","name":"Koonings","description":"De grootste bruidsmodewinkel ter wereld","publisher":{"@id":"https:\/\/www.koonings.com\/de\/#organization"},"potentialAction":[{"@type":"SearchAction","target":{"@type":"EntryPoint","urlTemplate":"https:\/\/www.koonings.com\/de\/?s={search_term_string}"},"query-input":{"@type":"PropertyValueSpecification","valueRequired":true,"valueName":"search_term_string"}}],"inLanguage":"de"},{"@type":"Organization","@id":"https:\/\/www.koonings.com\/de\/#organization","name":"Koonings","url":"https:\/\/www.koonings.com\/de\/","logo":{"@type":"ImageObject","inLanguage":"de","@id":"https:\/\/www.koonings.com\/de\/#\/schema\/logo\/image\/","url":"https:\/\/www.koonings.com\/wp-content\/uploads\/2024\/07\/logo.png","contentUrl":"https:\/\/www.koonings.com\/wp-content\/uploads\/2024\/07\/logo.png","width":600,"height":428,"caption":"Koonings"},"image":{"@id":"https:\/\/www.koonings.com\/de\/#\/schema\/logo\/image\/"},"sameAs":["https:\/\/www.facebook.com\/kooningstheweddingpalace","https:\/\/www.instagram.com\/kooningstheweddingpalace","https:\/\/www.pinterest.com\/koonings","https:\/\/www.youtube.com\/kooningstheweddingpalace"]}]}},"_links":{"self":[{"href":"https:\/\/www.koonings.com\/de\/wp-json\/wp\/v2\/product\/79595","targetHints":{"allow":["GET"]}}],"collection":[{"href":"https:\/\/www.koonings.com\/de\/wp-json\/wp\/v2\/product"}],"about":[{"href":"https:\/\/www.koonings.com\/de\/wp-json\/wp\/v2\/types\/product"}],"wp:featuredmedia":[{"embeddable":true,"href":"https:\/\/www.koonings.com\/de\/wp-json\/wp\/v2\/media\/72470"}],"wp:attachment":[{"href":"https:\/\/www.koonings.com\/de\/wp-json\/wp\/v2\/media?parent=79595"}],"wp:term":[{"taxonomy":"productdetails","embeddable":true,"href":"https:\/\/www.koonings.com\/de\/wp-json\/wp\/v2\/productdetails?post=79595"},{"taxonomy":"productneck","embeddable":true,"href":"https:\/\/www.koonings.com\/de\/wp-json\/wp\/v2\/productneck?post=79595"},{"taxonomy":"productcolor","embeddable":true,"href":"https:\/\/www.koonings.com\/de\/wp-json\/wp\/v2\/productcolor?post=79595"},{"taxonomy":"maat","embeddable":true,"href":"https:\/\/www.koonings.com\/de\/wp-json\/wp\/v2\/maat?post=79595"},{"taxonomy":"productsupplier","embeddable":true,"href":"https:\/\/www.koonings.com\/de\/wp-json\/wp\/v2\/productsupplier?post=79595"},{"taxonomy":"productsleeve","embeddable":true,"href":"https:\/\/www.koonings.com\/de\/wp-json\/wp\/v2\/productsleeve?post=79595"},{"taxonomy":"productcategory","embeddable":true,"href":"https:\/\/www.koonings.com\/de\/wp-json\/wp\/v2\/productcategory?post=79595"},{"taxonomy":"productsilhouette","embeddable":true,"href":"https:\/\/www.koonings.com\/de\/wp-json\/wp\/v2\/productsilhouette?post=79595"},{"taxonomy":"productstyle","embeddable":true,"href":"https:\/\/www.koonings.com\/de\/wp-json\/wp\/v2\/productstyle?post=79595"}],"curies":[{"name":"wp","href":"https:\/\/api.w.org\/{rel}","templated":true}]}}