{"id":79582,"date":"2026-04-14T16:12:27","date_gmt":"2026-04-14T14:12:27","guid":{"rendered":"https:\/\/www.koonings.com\/product\/etoile-schuyler\/"},"modified":"2026-02-16T14:54:28","modified_gmt":"2026-02-16T13:54:28","slug":"etoile-schuyler","status":"publish","type":"product","link":"https:\/\/www.koonings.com\/de\/product\/etoile-schuyler\/","title":{"rendered":"Etoile Schuyler"},"content":{"rendered":"<p>F\u00fcr einen verspielten und koketten Look an Ihrem Hochzeitstag pr\u00e4sentiert SCHUYLER ein wundersch\u00f6nes rundes Dekollet\u00e9 mit verschlungenen, perlenbesetzten Tr\u00e4gern am schimmernden Chantilly-Spitzenmieder mit gerafftem T\u00fcll und einer auff\u00e4lligen offenen Korsage am R\u00fccken. Seitliche Ausschnitte aus glitzernder Illusionsspitze betonen die Taille und geben den Blick auf den koketten Rock aus gerafftem T\u00fcll und Organza frei &#8211; perfekt, um an Ihrem besonderen Tag die Nacht durchzutanzen. <\/p>\n","protected":false},"featured_media":72550,"template":"","meta":{"_acf_changed":false,"ghostkit_customizer_options":"","ghostkit_custom_css":"","ghostkit_custom_js_head":"","ghostkit_custom_js_foot":"","ghostkit_typography":""},"productdetails":[376,381],"productneck":[353],"productcolor":[392],"maat":[],"productsupplier":[492],"productsleeve":[359],"productcategory":[18],"productsilhouette":[384],"productstyle":[366],"class_list":["post-79582","product","type-product","status-publish","has-post-thumbnail","hentry","productdetails-376","productdetails-381","productneck-353","productcolor-392","productsupplier-etoile","productsleeve-359","productcategory-trouwjurken","productsilhouette-384","productstyle-366"],"acf":[],"yoast_head":"<!-- This site is optimized with the Yoast SEO plugin v27.3 - https:\/\/yoast.com\/product\/yoast-seo-wordpress\/ -->\n<title>Etoile Schuyler | Koonings<\/title>\n<meta name=\"description\" content=\"F\u00fcr einen verspielten und koketten Look an Ihrem Hochzeitstag pr\u00e4sentiert SCHUYLER ein wundersch\u00f6nes rundes Dekollet\u00e9 mit verschlungenen, perlenbesetzten Tr\u00e4gern am schimmernden Chantilly-Spitzenmieder mit gerafftem T\u00fcll und einer auff\u00e4lligen offenen Korsage am R\u00fccken. Seitliche Ausschnitte aus glitzernder Illusionsspitze betonen die Taille und geben den Blick auf den koketten Rock aus gerafftem T\u00fcll und Organza frei - perfekt, um an Ihrem besonderen Tag die Nacht durchzutanzen.\" \/>\n<meta name=\"robots\" content=\"index, follow, max-snippet:-1, max-image-preview:large, max-video-preview:-1\" \/>\n<link rel=\"canonical\" href=\"https:\/\/www.koonings.com\/de\/product\/etoile-schuyler\/\" \/>\n<meta property=\"og:locale\" content=\"de_DE\" \/>\n<meta property=\"og:type\" content=\"article\" \/>\n<meta property=\"og:title\" content=\"Etoile Schuyler | Koonings\" \/>\n<meta property=\"og:description\" content=\"F\u00fcr einen verspielten und koketten Look an Ihrem Hochzeitstag pr\u00e4sentiert SCHUYLER ein wundersch\u00f6nes rundes Dekollet\u00e9 mit verschlungenen, perlenbesetzten Tr\u00e4gern am schimmernden Chantilly-Spitzenmieder mit gerafftem T\u00fcll und einer auff\u00e4lligen offenen Korsage am R\u00fccken. Seitliche Ausschnitte aus glitzernder Illusionsspitze betonen die Taille und geben den Blick auf den koketten Rock aus gerafftem T\u00fcll und Organza frei - perfekt, um an Ihrem besonderen Tag die Nacht durchzutanzen.\" \/>\n<meta property=\"og:url\" content=\"https:\/\/www.koonings.com\/de\/product\/etoile-schuyler\/\" \/>\n<meta property=\"og:site_name\" content=\"Koonings\" \/>\n<meta property=\"article:publisher\" content=\"https:\/\/www.facebook.com\/kooningstheweddingpalace\" \/>\n<meta property=\"og:image\" content=\"https:\/\/www.koonings.com\/wp-content\/uploads\/2024\/11\/38727_0c30f85af074e86c0f63db2d5bc762d804a2f22ff6604241b10124b2d14f1b041cd7d3ad.jpeg\" \/>\n\t<meta property=\"og:image:width\" content=\"1035\" \/>\n\t<meta property=\"og:image:height\" content=\"1380\" \/>\n\t<meta property=\"og:image:type\" content=\"image\/jpeg\" \/>\n<meta name=\"twitter:card\" content=\"summary_large_image\" \/>\n<script type=\"application\/ld+json\" class=\"yoast-schema-graph\">{\"@context\":\"https:\\\/\\\/schema.org\",\"@graph\":[{\"@type\":\"WebPage\",\"@id\":\"https:\\\/\\\/www.koonings.com\\\/de\\\/product\\\/etoile-schuyler\\\/\",\"url\":\"https:\\\/\\\/www.koonings.com\\\/de\\\/product\\\/etoile-schuyler\\\/\",\"name\":\"Etoile Schuyler | Koonings\",\"isPartOf\":{\"@id\":\"https:\\\/\\\/www.koonings.com\\\/de\\\/#website\"},\"primaryImageOfPage\":{\"@id\":\"https:\\\/\\\/www.koonings.com\\\/de\\\/product\\\/etoile-schuyler\\\/#primaryimage\"},\"image\":{\"@id\":\"https:\\\/\\\/www.koonings.com\\\/de\\\/product\\\/etoile-schuyler\\\/#primaryimage\"},\"thumbnailUrl\":\"https:\\\/\\\/www.koonings.com\\\/wp-content\\\/uploads\\\/2024\\\/11\\\/38727_0c30f85af074e86c0f63db2d5bc762d804a2f22ff6604241b10124b2d14f1b041cd7d3ad.jpeg\",\"datePublished\":\"2026-04-14T14:12:27+00:00\",\"description\":\"F\u00fcr einen verspielten und koketten Look an Ihrem Hochzeitstag pr\u00e4sentiert SCHUYLER ein wundersch\u00f6nes rundes Dekollet\u00e9 mit verschlungenen, perlenbesetzten Tr\u00e4gern am schimmernden Chantilly-Spitzenmieder mit gerafftem T\u00fcll und einer auff\u00e4lligen offenen Korsage am R\u00fccken. Seitliche Ausschnitte aus glitzernder Illusionsspitze betonen die Taille und geben den Blick auf den koketten Rock aus gerafftem T\u00fcll und Organza frei - perfekt, um an Ihrem besonderen Tag die Nacht durchzutanzen.\",\"breadcrumb\":{\"@id\":\"https:\\\/\\\/www.koonings.com\\\/de\\\/product\\\/etoile-schuyler\\\/#breadcrumb\"},\"inLanguage\":\"de\",\"potentialAction\":[{\"@type\":\"ReadAction\",\"target\":[\"https:\\\/\\\/www.koonings.com\\\/de\\\/product\\\/etoile-schuyler\\\/\"]}]},{\"@type\":\"ImageObject\",\"inLanguage\":\"de\",\"@id\":\"https:\\\/\\\/www.koonings.com\\\/de\\\/product\\\/etoile-schuyler\\\/#primaryimage\",\"url\":\"https:\\\/\\\/www.koonings.com\\\/wp-content\\\/uploads\\\/2024\\\/11\\\/38727_0c30f85af074e86c0f63db2d5bc762d804a2f22ff6604241b10124b2d14f1b041cd7d3ad.jpeg\",\"contentUrl\":\"https:\\\/\\\/www.koonings.com\\\/wp-content\\\/uploads\\\/2024\\\/11\\\/38727_0c30f85af074e86c0f63db2d5bc762d804a2f22ff6604241b10124b2d14f1b041cd7d3ad.jpeg\",\"width\":1035,\"height\":1380},{\"@type\":\"BreadcrumbList\",\"@id\":\"https:\\\/\\\/www.koonings.com\\\/de\\\/product\\\/etoile-schuyler\\\/#breadcrumb\",\"itemListElement\":[{\"@type\":\"ListItem\",\"position\":1,\"name\":\"Home\",\"item\":\"https:\\\/\\\/www.koonings.com\\\/de\\\/\"},{\"@type\":\"ListItem\",\"position\":2,\"name\":\"Etoile Schuyler\"}]},{\"@type\":\"WebSite\",\"@id\":\"https:\\\/\\\/www.koonings.com\\\/de\\\/#website\",\"url\":\"https:\\\/\\\/www.koonings.com\\\/de\\\/\",\"name\":\"Koonings\",\"description\":\"De grootste bruidsmodewinkel ter wereld\",\"publisher\":{\"@id\":\"https:\\\/\\\/www.koonings.com\\\/de\\\/#organization\"},\"potentialAction\":[{\"@type\":\"SearchAction\",\"target\":{\"@type\":\"EntryPoint\",\"urlTemplate\":\"https:\\\/\\\/www.koonings.com\\\/de\\\/?s={search_term_string}\"},\"query-input\":{\"@type\":\"PropertyValueSpecification\",\"valueRequired\":true,\"valueName\":\"search_term_string\"}}],\"inLanguage\":\"de\"},{\"@type\":\"Organization\",\"@id\":\"https:\\\/\\\/www.koonings.com\\\/de\\\/#organization\",\"name\":\"Koonings\",\"url\":\"https:\\\/\\\/www.koonings.com\\\/de\\\/\",\"logo\":{\"@type\":\"ImageObject\",\"inLanguage\":\"de\",\"@id\":\"https:\\\/\\\/www.koonings.com\\\/de\\\/#\\\/schema\\\/logo\\\/image\\\/\",\"url\":\"https:\\\/\\\/www.koonings.com\\\/wp-content\\\/uploads\\\/2024\\\/07\\\/logo.png\",\"contentUrl\":\"https:\\\/\\\/www.koonings.com\\\/wp-content\\\/uploads\\\/2024\\\/07\\\/logo.png\",\"width\":600,\"height\":428,\"caption\":\"Koonings\"},\"image\":{\"@id\":\"https:\\\/\\\/www.koonings.com\\\/de\\\/#\\\/schema\\\/logo\\\/image\\\/\"},\"sameAs\":[\"https:\\\/\\\/www.facebook.com\\\/kooningstheweddingpalace\",\"https:\\\/\\\/www.instagram.com\\\/kooningstheweddingpalace\",\"https:\\\/\\\/www.pinterest.com\\\/koonings\",\"https:\\\/\\\/www.youtube.com\\\/kooningstheweddingpalace\"]}]}<\/script>\n<!-- \/ Yoast SEO plugin. -->","yoast_head_json":{"title":"Etoile Schuyler | Koonings","description":"F\u00fcr einen verspielten und koketten Look an Ihrem Hochzeitstag pr\u00e4sentiert SCHUYLER ein wundersch\u00f6nes rundes Dekollet\u00e9 mit verschlungenen, perlenbesetzten Tr\u00e4gern am schimmernden Chantilly-Spitzenmieder mit gerafftem T\u00fcll und einer auff\u00e4lligen offenen Korsage am R\u00fccken. Seitliche Ausschnitte aus glitzernder Illusionsspitze betonen die Taille und geben den Blick auf den koketten Rock aus gerafftem T\u00fcll und Organza frei - perfekt, um an Ihrem besonderen Tag die Nacht durchzutanzen.","robots":{"index":"index","follow":"follow","max-snippet":"max-snippet:-1","max-image-preview":"max-image-preview:large","max-video-preview":"max-video-preview:-1"},"canonical":"https:\/\/www.koonings.com\/de\/product\/etoile-schuyler\/","og_locale":"de_DE","og_type":"article","og_title":"Etoile Schuyler | Koonings","og_description":"F\u00fcr einen verspielten und koketten Look an Ihrem Hochzeitstag pr\u00e4sentiert SCHUYLER ein wundersch\u00f6nes rundes Dekollet\u00e9 mit verschlungenen, perlenbesetzten Tr\u00e4gern am schimmernden Chantilly-Spitzenmieder mit gerafftem T\u00fcll und einer auff\u00e4lligen offenen Korsage am R\u00fccken. Seitliche Ausschnitte aus glitzernder Illusionsspitze betonen die Taille und geben den Blick auf den koketten Rock aus gerafftem T\u00fcll und Organza frei - perfekt, um an Ihrem besonderen Tag die Nacht durchzutanzen.","og_url":"https:\/\/www.koonings.com\/de\/product\/etoile-schuyler\/","og_site_name":"Koonings","article_publisher":"https:\/\/www.facebook.com\/kooningstheweddingpalace","og_image":[{"width":1035,"height":1380,"url":"https:\/\/www.koonings.com\/wp-content\/uploads\/2024\/11\/38727_0c30f85af074e86c0f63db2d5bc762d804a2f22ff6604241b10124b2d14f1b041cd7d3ad.jpeg","type":"image\/jpeg"}],"twitter_card":"summary_large_image","schema":{"@context":"https:\/\/schema.org","@graph":[{"@type":"WebPage","@id":"https:\/\/www.koonings.com\/de\/product\/etoile-schuyler\/","url":"https:\/\/www.koonings.com\/de\/product\/etoile-schuyler\/","name":"Etoile Schuyler | Koonings","isPartOf":{"@id":"https:\/\/www.koonings.com\/de\/#website"},"primaryImageOfPage":{"@id":"https:\/\/www.koonings.com\/de\/product\/etoile-schuyler\/#primaryimage"},"image":{"@id":"https:\/\/www.koonings.com\/de\/product\/etoile-schuyler\/#primaryimage"},"thumbnailUrl":"https:\/\/www.koonings.com\/wp-content\/uploads\/2024\/11\/38727_0c30f85af074e86c0f63db2d5bc762d804a2f22ff6604241b10124b2d14f1b041cd7d3ad.jpeg","datePublished":"2026-04-14T14:12:27+00:00","description":"F\u00fcr einen verspielten und koketten Look an Ihrem Hochzeitstag pr\u00e4sentiert SCHUYLER ein wundersch\u00f6nes rundes Dekollet\u00e9 mit verschlungenen, perlenbesetzten Tr\u00e4gern am schimmernden Chantilly-Spitzenmieder mit gerafftem T\u00fcll und einer auff\u00e4lligen offenen Korsage am R\u00fccken. Seitliche Ausschnitte aus glitzernder Illusionsspitze betonen die Taille und geben den Blick auf den koketten Rock aus gerafftem T\u00fcll und Organza frei - perfekt, um an Ihrem besonderen Tag die Nacht durchzutanzen.","breadcrumb":{"@id":"https:\/\/www.koonings.com\/de\/product\/etoile-schuyler\/#breadcrumb"},"inLanguage":"de","potentialAction":[{"@type":"ReadAction","target":["https:\/\/www.koonings.com\/de\/product\/etoile-schuyler\/"]}]},{"@type":"ImageObject","inLanguage":"de","@id":"https:\/\/www.koonings.com\/de\/product\/etoile-schuyler\/#primaryimage","url":"https:\/\/www.koonings.com\/wp-content\/uploads\/2024\/11\/38727_0c30f85af074e86c0f63db2d5bc762d804a2f22ff6604241b10124b2d14f1b041cd7d3ad.jpeg","contentUrl":"https:\/\/www.koonings.com\/wp-content\/uploads\/2024\/11\/38727_0c30f85af074e86c0f63db2d5bc762d804a2f22ff6604241b10124b2d14f1b041cd7d3ad.jpeg","width":1035,"height":1380},{"@type":"BreadcrumbList","@id":"https:\/\/www.koonings.com\/de\/product\/etoile-schuyler\/#breadcrumb","itemListElement":[{"@type":"ListItem","position":1,"name":"Home","item":"https:\/\/www.koonings.com\/de\/"},{"@type":"ListItem","position":2,"name":"Etoile Schuyler"}]},{"@type":"WebSite","@id":"https:\/\/www.koonings.com\/de\/#website","url":"https:\/\/www.koonings.com\/de\/","name":"Koonings","description":"De grootste bruidsmodewinkel ter wereld","publisher":{"@id":"https:\/\/www.koonings.com\/de\/#organization"},"potentialAction":[{"@type":"SearchAction","target":{"@type":"EntryPoint","urlTemplate":"https:\/\/www.koonings.com\/de\/?s={search_term_string}"},"query-input":{"@type":"PropertyValueSpecification","valueRequired":true,"valueName":"search_term_string"}}],"inLanguage":"de"},{"@type":"Organization","@id":"https:\/\/www.koonings.com\/de\/#organization","name":"Koonings","url":"https:\/\/www.koonings.com\/de\/","logo":{"@type":"ImageObject","inLanguage":"de","@id":"https:\/\/www.koonings.com\/de\/#\/schema\/logo\/image\/","url":"https:\/\/www.koonings.com\/wp-content\/uploads\/2024\/07\/logo.png","contentUrl":"https:\/\/www.koonings.com\/wp-content\/uploads\/2024\/07\/logo.png","width":600,"height":428,"caption":"Koonings"},"image":{"@id":"https:\/\/www.koonings.com\/de\/#\/schema\/logo\/image\/"},"sameAs":["https:\/\/www.facebook.com\/kooningstheweddingpalace","https:\/\/www.instagram.com\/kooningstheweddingpalace","https:\/\/www.pinterest.com\/koonings","https:\/\/www.youtube.com\/kooningstheweddingpalace"]}]}},"_links":{"self":[{"href":"https:\/\/www.koonings.com\/de\/wp-json\/wp\/v2\/product\/79582","targetHints":{"allow":["GET"]}}],"collection":[{"href":"https:\/\/www.koonings.com\/de\/wp-json\/wp\/v2\/product"}],"about":[{"href":"https:\/\/www.koonings.com\/de\/wp-json\/wp\/v2\/types\/product"}],"wp:featuredmedia":[{"embeddable":true,"href":"https:\/\/www.koonings.com\/de\/wp-json\/wp\/v2\/media\/72550"}],"wp:attachment":[{"href":"https:\/\/www.koonings.com\/de\/wp-json\/wp\/v2\/media?parent=79582"}],"wp:term":[{"taxonomy":"productdetails","embeddable":true,"href":"https:\/\/www.koonings.com\/de\/wp-json\/wp\/v2\/productdetails?post=79582"},{"taxonomy":"productneck","embeddable":true,"href":"https:\/\/www.koonings.com\/de\/wp-json\/wp\/v2\/productneck?post=79582"},{"taxonomy":"productcolor","embeddable":true,"href":"https:\/\/www.koonings.com\/de\/wp-json\/wp\/v2\/productcolor?post=79582"},{"taxonomy":"maat","embeddable":true,"href":"https:\/\/www.koonings.com\/de\/wp-json\/wp\/v2\/maat?post=79582"},{"taxonomy":"productsupplier","embeddable":true,"href":"https:\/\/www.koonings.com\/de\/wp-json\/wp\/v2\/productsupplier?post=79582"},{"taxonomy":"productsleeve","embeddable":true,"href":"https:\/\/www.koonings.com\/de\/wp-json\/wp\/v2\/productsleeve?post=79582"},{"taxonomy":"productcategory","embeddable":true,"href":"https:\/\/www.koonings.com\/de\/wp-json\/wp\/v2\/productcategory?post=79582"},{"taxonomy":"productsilhouette","embeddable":true,"href":"https:\/\/www.koonings.com\/de\/wp-json\/wp\/v2\/productsilhouette?post=79582"},{"taxonomy":"productstyle","embeddable":true,"href":"https:\/\/www.koonings.com\/de\/wp-json\/wp\/v2\/productstyle?post=79582"}],"curies":[{"name":"wp","href":"https:\/\/api.w.org\/{rel}","templated":true}]}}