{"id":79443,"date":"2025-12-15T00:20:08","date_gmt":"2025-12-14T23:20:08","guid":{"rendered":"https:\/\/www.koonings.com\/product\/ladybird-alzena-ly124am2\/"},"modified":"2026-02-03T19:54:46","modified_gmt":"2026-02-03T18:54:46","slug":"ladybird-alzena-ly124am2","status":"publish","type":"product","link":"https:\/\/www.koonings.com\/de\/product\/ladybird-alzena-ly124am2\/","title":{"rendered":"Marienk\u00e4fer Alzena LY124AM2"},"content":{"rendered":"<p>Hoch tailliertes Brautkleid in Passform und Flare von Ladybird. Dieses stilvolle Hochzeitskleid hat eine sch\u00f6ne, zusammenh\u00e4ngende Passform mit Spitzenausschnitten an der Taille. Der R\u00fccken ist hoch tailliert und mit Illusionsspitze und einer Reihe von Kn\u00f6pfen verziert. Au\u00dferdem hat dieses Hochzeitskleid eine wundersch\u00f6ne Schleppe in Form einer Blume.   <\/p>\n","protected":false},"featured_media":69641,"template":"","meta":{"_acf_changed":false,"ghostkit_customizer_options":"","ghostkit_custom_css":"","ghostkit_custom_js_head":"","ghostkit_custom_js_foot":"","ghostkit_typography":""},"productdetails":[379,376],"productneck":[350],"productcolor":[392],"maat":[],"productsupplier":[437],"productsleeve":[359],"productcategory":[18],"productsilhouette":[387],"productstyle":[366],"class_list":["post-79443","product","type-product","status-publish","has-post-thumbnail","hentry","productdetails-379","productdetails-376","productneck-350","productcolor-392","productsupplier-ladybird","productsleeve-359","productcategory-trouwjurken","productsilhouette-387","productstyle-366"],"acf":[],"yoast_head":"<!-- This site is optimized with the Yoast SEO plugin v27.3 - https:\/\/yoast.com\/product\/yoast-seo-wordpress\/ -->\n<title>Marienk\u00e4fer Alzena LY124AM2 | Koonings<\/title>\n<meta name=\"description\" content=\"Hoch tailliertes Brautkleid in Passform und Flare von Ladybird. Dieses stilvolle Hochzeitskleid hat eine sch\u00f6ne, zusammenh\u00e4ngende Passform mit Spitzenausschnitten an der Taille. Der R\u00fccken ist hoch tailliert und mit Illusionsspitze und einer Reihe von Kn\u00f6pfen verziert. Au\u00dferdem hat dieses Hochzeitskleid eine wundersch\u00f6ne Schleppe in Form einer Blume.\" \/>\n<meta name=\"robots\" content=\"index, follow, max-snippet:-1, max-image-preview:large, max-video-preview:-1\" \/>\n<link rel=\"canonical\" href=\"https:\/\/www.koonings.com\/de\/product\/ladybird-alzena-ly124am2\/\" \/>\n<meta property=\"og:locale\" content=\"de_DE\" \/>\n<meta property=\"og:type\" content=\"article\" \/>\n<meta property=\"og:title\" content=\"Marienk\u00e4fer Alzena LY124AM2 | Koonings\" \/>\n<meta property=\"og:description\" content=\"Hoch tailliertes Brautkleid in Passform und Flare von Ladybird. Dieses stilvolle Hochzeitskleid hat eine sch\u00f6ne, zusammenh\u00e4ngende Passform mit Spitzenausschnitten an der Taille. Der R\u00fccken ist hoch tailliert und mit Illusionsspitze und einer Reihe von Kn\u00f6pfen verziert. Au\u00dferdem hat dieses Hochzeitskleid eine wundersch\u00f6ne Schleppe in Form einer Blume.\" \/>\n<meta property=\"og:url\" content=\"https:\/\/www.koonings.com\/de\/product\/ladybird-alzena-ly124am2\/\" \/>\n<meta property=\"og:site_name\" content=\"Koonings\" \/>\n<meta property=\"article:publisher\" content=\"https:\/\/www.facebook.com\/kooningstheweddingpalace\" \/>\n<meta property=\"article:modified_time\" content=\"2026-02-03T18:54:46+00:00\" \/>\n<meta property=\"og:image\" content=\"https:\/\/www.koonings.com\/wp-content\/uploads\/2024\/11\/39162_bdc4c542c888b49e3d32e281003fd70ff93ddfc3a03925c56759b8ecfe10f625643b88e7-scaled.jpeg\" \/>\n\t<meta property=\"og:image:width\" content=\"1810\" \/>\n\t<meta property=\"og:image:height\" content=\"2560\" \/>\n\t<meta property=\"og:image:type\" content=\"image\/jpeg\" \/>\n<meta name=\"twitter:card\" content=\"summary_large_image\" \/>\n<script type=\"application\/ld+json\" class=\"yoast-schema-graph\">{\"@context\":\"https:\\\/\\\/schema.org\",\"@graph\":[{\"@type\":\"WebPage\",\"@id\":\"https:\\\/\\\/www.koonings.com\\\/de\\\/product\\\/ladybird-alzena-ly124am2\\\/\",\"url\":\"https:\\\/\\\/www.koonings.com\\\/de\\\/product\\\/ladybird-alzena-ly124am2\\\/\",\"name\":\"Marienk\u00e4fer Alzena LY124AM2 | Koonings\",\"isPartOf\":{\"@id\":\"https:\\\/\\\/www.koonings.com\\\/de\\\/#website\"},\"primaryImageOfPage\":{\"@id\":\"https:\\\/\\\/www.koonings.com\\\/de\\\/product\\\/ladybird-alzena-ly124am2\\\/#primaryimage\"},\"image\":{\"@id\":\"https:\\\/\\\/www.koonings.com\\\/de\\\/product\\\/ladybird-alzena-ly124am2\\\/#primaryimage\"},\"thumbnailUrl\":\"https:\\\/\\\/www.koonings.com\\\/wp-content\\\/uploads\\\/2024\\\/11\\\/39162_bdc4c542c888b49e3d32e281003fd70ff93ddfc3a03925c56759b8ecfe10f625643b88e7-scaled.jpeg\",\"datePublished\":\"2025-12-14T23:20:08+00:00\",\"dateModified\":\"2026-02-03T18:54:46+00:00\",\"description\":\"Hoch tailliertes Brautkleid in Passform und Flare von Ladybird. Dieses stilvolle Hochzeitskleid hat eine sch\u00f6ne, zusammenh\u00e4ngende Passform mit Spitzenausschnitten an der Taille. Der R\u00fccken ist hoch tailliert und mit Illusionsspitze und einer Reihe von Kn\u00f6pfen verziert. Au\u00dferdem hat dieses Hochzeitskleid eine wundersch\u00f6ne Schleppe in Form einer Blume.\",\"breadcrumb\":{\"@id\":\"https:\\\/\\\/www.koonings.com\\\/de\\\/product\\\/ladybird-alzena-ly124am2\\\/#breadcrumb\"},\"inLanguage\":\"de\",\"potentialAction\":[{\"@type\":\"ReadAction\",\"target\":[\"https:\\\/\\\/www.koonings.com\\\/de\\\/product\\\/ladybird-alzena-ly124am2\\\/\"]}]},{\"@type\":\"ImageObject\",\"inLanguage\":\"de\",\"@id\":\"https:\\\/\\\/www.koonings.com\\\/de\\\/product\\\/ladybird-alzena-ly124am2\\\/#primaryimage\",\"url\":\"https:\\\/\\\/www.koonings.com\\\/wp-content\\\/uploads\\\/2024\\\/11\\\/39162_bdc4c542c888b49e3d32e281003fd70ff93ddfc3a03925c56759b8ecfe10f625643b88e7-scaled.jpeg\",\"contentUrl\":\"https:\\\/\\\/www.koonings.com\\\/wp-content\\\/uploads\\\/2024\\\/11\\\/39162_bdc4c542c888b49e3d32e281003fd70ff93ddfc3a03925c56759b8ecfe10f625643b88e7-scaled.jpeg\",\"width\":1810,\"height\":2560},{\"@type\":\"BreadcrumbList\",\"@id\":\"https:\\\/\\\/www.koonings.com\\\/de\\\/product\\\/ladybird-alzena-ly124am2\\\/#breadcrumb\",\"itemListElement\":[{\"@type\":\"ListItem\",\"position\":1,\"name\":\"Home\",\"item\":\"https:\\\/\\\/www.koonings.com\\\/de\\\/\"},{\"@type\":\"ListItem\",\"position\":2,\"name\":\"Marienk\u00e4fer Alzena LY124AM2\"}]},{\"@type\":\"WebSite\",\"@id\":\"https:\\\/\\\/www.koonings.com\\\/de\\\/#website\",\"url\":\"https:\\\/\\\/www.koonings.com\\\/de\\\/\",\"name\":\"Koonings\",\"description\":\"De grootste bruidsmodewinkel ter wereld\",\"publisher\":{\"@id\":\"https:\\\/\\\/www.koonings.com\\\/de\\\/#organization\"},\"potentialAction\":[{\"@type\":\"SearchAction\",\"target\":{\"@type\":\"EntryPoint\",\"urlTemplate\":\"https:\\\/\\\/www.koonings.com\\\/de\\\/?s={search_term_string}\"},\"query-input\":{\"@type\":\"PropertyValueSpecification\",\"valueRequired\":true,\"valueName\":\"search_term_string\"}}],\"inLanguage\":\"de\"},{\"@type\":\"Organization\",\"@id\":\"https:\\\/\\\/www.koonings.com\\\/de\\\/#organization\",\"name\":\"Koonings\",\"url\":\"https:\\\/\\\/www.koonings.com\\\/de\\\/\",\"logo\":{\"@type\":\"ImageObject\",\"inLanguage\":\"de\",\"@id\":\"https:\\\/\\\/www.koonings.com\\\/de\\\/#\\\/schema\\\/logo\\\/image\\\/\",\"url\":\"https:\\\/\\\/www.koonings.com\\\/wp-content\\\/uploads\\\/2024\\\/07\\\/logo.png\",\"contentUrl\":\"https:\\\/\\\/www.koonings.com\\\/wp-content\\\/uploads\\\/2024\\\/07\\\/logo.png\",\"width\":600,\"height\":428,\"caption\":\"Koonings\"},\"image\":{\"@id\":\"https:\\\/\\\/www.koonings.com\\\/de\\\/#\\\/schema\\\/logo\\\/image\\\/\"},\"sameAs\":[\"https:\\\/\\\/www.facebook.com\\\/kooningstheweddingpalace\",\"https:\\\/\\\/www.instagram.com\\\/kooningstheweddingpalace\",\"https:\\\/\\\/www.pinterest.com\\\/koonings\",\"https:\\\/\\\/www.youtube.com\\\/kooningstheweddingpalace\"]}]}<\/script>\n<!-- \/ Yoast SEO plugin. -->","yoast_head_json":{"title":"Marienk\u00e4fer Alzena LY124AM2 | Koonings","description":"Hoch tailliertes Brautkleid in Passform und Flare von Ladybird. Dieses stilvolle Hochzeitskleid hat eine sch\u00f6ne, zusammenh\u00e4ngende Passform mit Spitzenausschnitten an der Taille. Der R\u00fccken ist hoch tailliert und mit Illusionsspitze und einer Reihe von Kn\u00f6pfen verziert. Au\u00dferdem hat dieses Hochzeitskleid eine wundersch\u00f6ne Schleppe in Form einer Blume.","robots":{"index":"index","follow":"follow","max-snippet":"max-snippet:-1","max-image-preview":"max-image-preview:large","max-video-preview":"max-video-preview:-1"},"canonical":"https:\/\/www.koonings.com\/de\/product\/ladybird-alzena-ly124am2\/","og_locale":"de_DE","og_type":"article","og_title":"Marienk\u00e4fer Alzena LY124AM2 | Koonings","og_description":"Hoch tailliertes Brautkleid in Passform und Flare von Ladybird. Dieses stilvolle Hochzeitskleid hat eine sch\u00f6ne, zusammenh\u00e4ngende Passform mit Spitzenausschnitten an der Taille. Der R\u00fccken ist hoch tailliert und mit Illusionsspitze und einer Reihe von Kn\u00f6pfen verziert. Au\u00dferdem hat dieses Hochzeitskleid eine wundersch\u00f6ne Schleppe in Form einer Blume.","og_url":"https:\/\/www.koonings.com\/de\/product\/ladybird-alzena-ly124am2\/","og_site_name":"Koonings","article_publisher":"https:\/\/www.facebook.com\/kooningstheweddingpalace","article_modified_time":"2026-02-03T18:54:46+00:00","og_image":[{"width":1810,"height":2560,"url":"https:\/\/www.koonings.com\/wp-content\/uploads\/2024\/11\/39162_bdc4c542c888b49e3d32e281003fd70ff93ddfc3a03925c56759b8ecfe10f625643b88e7-scaled.jpeg","type":"image\/jpeg"}],"twitter_card":"summary_large_image","schema":{"@context":"https:\/\/schema.org","@graph":[{"@type":"WebPage","@id":"https:\/\/www.koonings.com\/de\/product\/ladybird-alzena-ly124am2\/","url":"https:\/\/www.koonings.com\/de\/product\/ladybird-alzena-ly124am2\/","name":"Marienk\u00e4fer Alzena LY124AM2 | Koonings","isPartOf":{"@id":"https:\/\/www.koonings.com\/de\/#website"},"primaryImageOfPage":{"@id":"https:\/\/www.koonings.com\/de\/product\/ladybird-alzena-ly124am2\/#primaryimage"},"image":{"@id":"https:\/\/www.koonings.com\/de\/product\/ladybird-alzena-ly124am2\/#primaryimage"},"thumbnailUrl":"https:\/\/www.koonings.com\/wp-content\/uploads\/2024\/11\/39162_bdc4c542c888b49e3d32e281003fd70ff93ddfc3a03925c56759b8ecfe10f625643b88e7-scaled.jpeg","datePublished":"2025-12-14T23:20:08+00:00","dateModified":"2026-02-03T18:54:46+00:00","description":"Hoch tailliertes Brautkleid in Passform und Flare von Ladybird. Dieses stilvolle Hochzeitskleid hat eine sch\u00f6ne, zusammenh\u00e4ngende Passform mit Spitzenausschnitten an der Taille. Der R\u00fccken ist hoch tailliert und mit Illusionsspitze und einer Reihe von Kn\u00f6pfen verziert. Au\u00dferdem hat dieses Hochzeitskleid eine wundersch\u00f6ne Schleppe in Form einer Blume.","breadcrumb":{"@id":"https:\/\/www.koonings.com\/de\/product\/ladybird-alzena-ly124am2\/#breadcrumb"},"inLanguage":"de","potentialAction":[{"@type":"ReadAction","target":["https:\/\/www.koonings.com\/de\/product\/ladybird-alzena-ly124am2\/"]}]},{"@type":"ImageObject","inLanguage":"de","@id":"https:\/\/www.koonings.com\/de\/product\/ladybird-alzena-ly124am2\/#primaryimage","url":"https:\/\/www.koonings.com\/wp-content\/uploads\/2024\/11\/39162_bdc4c542c888b49e3d32e281003fd70ff93ddfc3a03925c56759b8ecfe10f625643b88e7-scaled.jpeg","contentUrl":"https:\/\/www.koonings.com\/wp-content\/uploads\/2024\/11\/39162_bdc4c542c888b49e3d32e281003fd70ff93ddfc3a03925c56759b8ecfe10f625643b88e7-scaled.jpeg","width":1810,"height":2560},{"@type":"BreadcrumbList","@id":"https:\/\/www.koonings.com\/de\/product\/ladybird-alzena-ly124am2\/#breadcrumb","itemListElement":[{"@type":"ListItem","position":1,"name":"Home","item":"https:\/\/www.koonings.com\/de\/"},{"@type":"ListItem","position":2,"name":"Marienk\u00e4fer Alzena LY124AM2"}]},{"@type":"WebSite","@id":"https:\/\/www.koonings.com\/de\/#website","url":"https:\/\/www.koonings.com\/de\/","name":"Koonings","description":"De grootste bruidsmodewinkel ter wereld","publisher":{"@id":"https:\/\/www.koonings.com\/de\/#organization"},"potentialAction":[{"@type":"SearchAction","target":{"@type":"EntryPoint","urlTemplate":"https:\/\/www.koonings.com\/de\/?s={search_term_string}"},"query-input":{"@type":"PropertyValueSpecification","valueRequired":true,"valueName":"search_term_string"}}],"inLanguage":"de"},{"@type":"Organization","@id":"https:\/\/www.koonings.com\/de\/#organization","name":"Koonings","url":"https:\/\/www.koonings.com\/de\/","logo":{"@type":"ImageObject","inLanguage":"de","@id":"https:\/\/www.koonings.com\/de\/#\/schema\/logo\/image\/","url":"https:\/\/www.koonings.com\/wp-content\/uploads\/2024\/07\/logo.png","contentUrl":"https:\/\/www.koonings.com\/wp-content\/uploads\/2024\/07\/logo.png","width":600,"height":428,"caption":"Koonings"},"image":{"@id":"https:\/\/www.koonings.com\/de\/#\/schema\/logo\/image\/"},"sameAs":["https:\/\/www.facebook.com\/kooningstheweddingpalace","https:\/\/www.instagram.com\/kooningstheweddingpalace","https:\/\/www.pinterest.com\/koonings","https:\/\/www.youtube.com\/kooningstheweddingpalace"]}]}},"_links":{"self":[{"href":"https:\/\/www.koonings.com\/de\/wp-json\/wp\/v2\/product\/79443","targetHints":{"allow":["GET"]}}],"collection":[{"href":"https:\/\/www.koonings.com\/de\/wp-json\/wp\/v2\/product"}],"about":[{"href":"https:\/\/www.koonings.com\/de\/wp-json\/wp\/v2\/types\/product"}],"wp:featuredmedia":[{"embeddable":true,"href":"https:\/\/www.koonings.com\/de\/wp-json\/wp\/v2\/media\/69641"}],"wp:attachment":[{"href":"https:\/\/www.koonings.com\/de\/wp-json\/wp\/v2\/media?parent=79443"}],"wp:term":[{"taxonomy":"productdetails","embeddable":true,"href":"https:\/\/www.koonings.com\/de\/wp-json\/wp\/v2\/productdetails?post=79443"},{"taxonomy":"productneck","embeddable":true,"href":"https:\/\/www.koonings.com\/de\/wp-json\/wp\/v2\/productneck?post=79443"},{"taxonomy":"productcolor","embeddable":true,"href":"https:\/\/www.koonings.com\/de\/wp-json\/wp\/v2\/productcolor?post=79443"},{"taxonomy":"maat","embeddable":true,"href":"https:\/\/www.koonings.com\/de\/wp-json\/wp\/v2\/maat?post=79443"},{"taxonomy":"productsupplier","embeddable":true,"href":"https:\/\/www.koonings.com\/de\/wp-json\/wp\/v2\/productsupplier?post=79443"},{"taxonomy":"productsleeve","embeddable":true,"href":"https:\/\/www.koonings.com\/de\/wp-json\/wp\/v2\/productsleeve?post=79443"},{"taxonomy":"productcategory","embeddable":true,"href":"https:\/\/www.koonings.com\/de\/wp-json\/wp\/v2\/productcategory?post=79443"},{"taxonomy":"productsilhouette","embeddable":true,"href":"https:\/\/www.koonings.com\/de\/wp-json\/wp\/v2\/productsilhouette?post=79443"},{"taxonomy":"productstyle","embeddable":true,"href":"https:\/\/www.koonings.com\/de\/wp-json\/wp\/v2\/productstyle?post=79443"}],"curies":[{"name":"wp","href":"https:\/\/api.w.org\/{rel}","templated":true}]}}